











{"id":114773,"date":"2026-02-05T13:52:53","date_gmt":"2026-02-05T13:52:53","guid":{"rendered":"https:\/\/ses-creative.com\/?post_type=product&#038;p=114773"},"modified":"2026-02-06T09:51:45","modified_gmt":"2026-02-06T09:51:45","slug":"easy-diamonds-armbaender","status":"publish","type":"product","link":"https:\/\/ses-creative.com\/de\/produkt\/easy-diamonds-armbaender\/","title":{"rendered":"Easy diamonds Armb\u00e4nder"},"content":{"rendered":"<p>Hobby Pink \u2013 Easy Diamonds Armb\u00e4nder: Gestalte deinen eigenen gl\u00e4nzenden Schmuck!<\/p>\n<p>Mit dem Easy Diamonds Armb\u00e4nder-Set von SES Creative kannst du Armb\u00e4nder mit wundersch\u00f6nen Anh\u00e4ngern gestalten, die du selbst verzierst. Dank des speziellen Easy Diamond-Pulvers und der Farbl\u00f6sungen erh\u00e4lt jedes Schmuckst\u00fcck einen funkelnden Diamanteffekt. Perfekt f\u00fcr Kinder ab 5 Jahren, die Kreativit\u00e4t und Glanz lieben.<\/p>\n<p>Was dieses Set so toll macht<\/p>\n<p>Enth\u00e4lt 9 Anh\u00e4nger zum Selbstverzieren<br \/>\nEasy Diamond-Pulver f\u00fcr einen funkelnden Effekt<br \/>\n3 Farbl\u00f6sungen zum Kombinieren<br \/>\nF\u00f6rdert Kreativit\u00e4t, Farbgef\u00fchl und Feinmotorik<br \/>\nStellen Sie Schmuck her, den Sie selbst tragen oder verschenken k\u00f6nnen<\/p>\n<p>Dekorieren und gestalten Sie Ihre Diamant-Anh\u00e4nger<\/p>\n<p>Mit diesem Set k\u00f6nnen Kinder ihre eigene Schmuckkollektion kreieren. Zuerst verzieren sie die Anh\u00e4nger mit Easy Diamond-Pulver und Farbl\u00f6sungen, dann f\u00e4deln sie sie auf die Armb\u00e4nder. So entsteht jedes Mal ein einzigartiges, glitzerndes Schmuckst\u00fcck, das perfekt zu ihrem Stil passt.<\/p>\n<p>Inhalt des Sets<\/p>\n<p>9 Anh\u00e4nger<br \/>\nEasy Diamond-Pulver<br \/>\n3 Farbl\u00f6sungen<\/p>\n<p>Warum SES Creative w\u00e4hlen?<\/p>\n<p>Bei SES Creative legen wir gro\u00dfen Wert auf Sicherheit. Deshalb werden die Produkte in unserem Werk in den Niederlanden nach den strengsten europ\u00e4ischen Sicherheitsnormen hergestellt und getestet. Spielzeug von SES Creative sorgt f\u00fcr Spa\u00df und soll Kindern ein Gef\u00fchl des Stolzes auf ihre Arbeit vermitteln, was ihre Kreativit\u00e4t und Entwicklung f\u00f6rdert.<\/p>\n<p>Beginnen Sie noch heute mit Ihrem funkelnden Schmuck<\/p>\n<p>Holen Sie sich das Easy Diamonds Armband-Set und lassen Sie Ihrer Kreativit\u00e4t freien Lauf. Entwerfen, verzieren und tragen Sie Schmuck, der so einzigartig ist wie Sie selbst!<\/p>\n","protected":false},"excerpt":{"rendered":"<p>Hobby Pink \u2013 Easy Diamonds Armb\u00e4nder: Gestalte deinen eigenen gl\u00e4nzenden Schmuck! Mit dem Easy Diamonds Armb\u00e4nder-Set von SES Creative kannst du Armb\u00e4nder mit wundersch\u00f6nen Anh\u00e4ngern gestalten, die du selbst verzierst. Dank des speziellen Easy Diamond-Pulvers und der Farbl\u00f6sungen erh\u00e4lt jedes Schmuckst\u00fcck einen funkelnden Diamanteffekt. Perfekt f\u00fcr Kinder ab 5 Jahren, die Kreativit\u00e4t und Glanz lieben. [&hellip;]<\/p>\n","protected":false},"featured_media":95420,"comment_status":"closed","ping_status":"closed","template":"","meta":{"_acf_changed":false},"product_brand":[],"product_cat":[115],"product_tag":[],"class_list":{"0":"post-114773","1":"product","2":"type-product","3":"status-publish","4":"has-post-thumbnail","6":"product_cat-basteln","7":"pa_leeftijd-filter-4-6-jahre","8":"pa_meest-populair-bij-maedchen","10":"first","11":"instock","12":"shipping-taxable","13":"product-type-simple"},"acf":[],"yoast_head":"<!-- This site is optimized with the Yoast SEO plugin v27.2 - https:\/\/yoast.com\/product\/yoast-seo-wordpress\/ -->\n<title>Easy diamonds Armb\u00e4nder - SES Creative<\/title>\n<meta name=\"robots\" content=\"index, follow, max-snippet:-1, max-image-preview:large, max-video-preview:-1\" \/>\n<link rel=\"canonical\" href=\"https:\/\/ses-creative.com\/de\/produkt\/easy-diamonds-armbaender\/\" \/>\n<meta property=\"og:locale\" content=\"de_DE\" \/>\n<meta property=\"og:type\" content=\"article\" \/>\n<meta property=\"og:title\" content=\"Easy diamonds Armb\u00e4nder - SES Creative\" \/>\n<meta property=\"og:description\" content=\"Hobby Pink \u2013 Easy Diamonds Armb\u00e4nder: Gestalte deinen eigenen gl\u00e4nzenden Schmuck! Mit dem Easy Diamonds Armb\u00e4nder-Set von SES Creative kannst du Armb\u00e4nder mit wundersch\u00f6nen Anh\u00e4ngern gestalten, die du selbst verzierst. Dank des speziellen Easy Diamond-Pulvers und der Farbl\u00f6sungen erh\u00e4lt jedes Schmuckst\u00fcck einen funkelnden Diamanteffekt. Perfekt f\u00fcr Kinder ab 5 Jahren, die Kreativit\u00e4t und Glanz lieben. [&hellip;]\" \/>\n<meta property=\"og:url\" content=\"https:\/\/ses-creative.com\/de\/produkt\/easy-diamonds-armbaender\/\" \/>\n<meta property=\"og:site_name\" content=\"SES Creative\" \/>\n<meta property=\"article:modified_time\" content=\"2026-02-06T09:51:45+00:00\" \/>\n<meta name=\"twitter:card\" content=\"summary_large_image\" \/>\n<meta name=\"twitter:label1\" content=\"Gesch\u00e4tzte Lesezeit\" \/>\n\t<meta name=\"twitter:data1\" content=\"1\u00a0Minute\" \/>\n<script type=\"application\/ld+json\" class=\"yoast-schema-graph\">{\"@context\":\"https:\/\/schema.org\",\"@graph\":[{\"@type\":\"WebPage\",\"@id\":\"https:\/\/ses-creative.com\/de\/produkt\/easy-diamonds-armbaender\/\",\"url\":\"https:\/\/ses-creative.com\/de\/produkt\/easy-diamonds-armbaender\/\",\"name\":\"Easy diamonds Armb\u00e4nder - SES Creative\",\"isPartOf\":{\"@id\":\"https:\/\/ses-creative.com\/#website\"},\"primaryImageOfPage\":{\"@id\":\"https:\/\/ses-creative.com\/de\/produkt\/easy-diamonds-armbaender\/#primaryimage\"},\"image\":{\"@id\":\"https:\/\/ses-creative.com\/de\/produkt\/easy-diamonds-armbaender\/#primaryimage\"},\"thumbnailUrl\":\"https:\/\/ses-creative.com\/wp-content\/uploads\/2026\/01\/146821.jpg\",\"datePublished\":\"2026-02-05T13:52:53+00:00\",\"dateModified\":\"2026-02-06T09:51:45+00:00\",\"breadcrumb\":{\"@id\":\"https:\/\/ses-creative.com\/de\/produkt\/easy-diamonds-armbaender\/#breadcrumb\"},\"inLanguage\":\"de\",\"potentialAction\":[{\"@type\":\"ReadAction\",\"target\":[\"https:\/\/ses-creative.com\/de\/produkt\/easy-diamonds-armbaender\/\"]}]},{\"@type\":\"ImageObject\",\"inLanguage\":\"de\",\"@id\":\"https:\/\/ses-creative.com\/de\/produkt\/easy-diamonds-armbaender\/#primaryimage\",\"url\":\"https:\/\/ses-creative.com\/wp-content\/uploads\/2026\/01\/146821.jpg\",\"contentUrl\":\"https:\/\/ses-creative.com\/wp-content\/uploads\/2026\/01\/146821.jpg\",\"width\":1000,\"height\":1000},{\"@type\":\"BreadcrumbList\",\"@id\":\"https:\/\/ses-creative.com\/de\/produkt\/easy-diamonds-armbaender\/#breadcrumb\",\"itemListElement\":[{\"@type\":\"ListItem\",\"position\":1,\"name\":\"Shop\",\"item\":\"https:\/\/ses-creative.com\/de\/shop\/\"},{\"@type\":\"ListItem\",\"position\":2,\"name\":\"Basteln\",\"item\":\"https:\/\/ses-creative.com\/de\/product-categorie\/basteln\/\"},{\"@type\":\"ListItem\",\"position\":3,\"name\":\"Easy diamonds Armb\u00e4nder\"}]},{\"@type\":\"WebSite\",\"@id\":\"https:\/\/ses-creative.com\/#website\",\"url\":\"https:\/\/ses-creative.com\/\",\"name\":\"SES Creative\",\"description\":\"\",\"publisher\":{\"@id\":\"https:\/\/ses-creative.com\/#organization\"},\"potentialAction\":[{\"@type\":\"SearchAction\",\"target\":{\"@type\":\"EntryPoint\",\"urlTemplate\":\"https:\/\/ses-creative.com\/?s={search_term_string}\"},\"query-input\":{\"@type\":\"PropertyValueSpecification\",\"valueRequired\":true,\"valueName\":\"search_term_string\"}}],\"inLanguage\":\"de\"},{\"@type\":\"Organization\",\"@id\":\"https:\/\/ses-creative.com\/#organization\",\"name\":\"SES Creative\",\"url\":\"https:\/\/ses-creative.com\/\",\"logo\":{\"@type\":\"ImageObject\",\"inLanguage\":\"de\",\"@id\":\"https:\/\/ses-creative.com\/#\/schema\/logo\/image\/\",\"url\":\"https:\/\/ses-creative.com\/wp-content\/uploads\/2025\/10\/ses-creative-logo.jpg\",\"contentUrl\":\"https:\/\/ses-creative.com\/wp-content\/uploads\/2025\/10\/ses-creative-logo.jpg\",\"width\":2037,\"height\":2037,\"caption\":\"SES Creative\"},\"image\":{\"@id\":\"https:\/\/ses-creative.com\/#\/schema\/logo\/image\/\"}}]}<\/script>\n<!-- \/ Yoast SEO plugin. -->","yoast_head_json":{"title":"Easy diamonds Armb\u00e4nder - SES Creative","robots":{"index":"index","follow":"follow","max-snippet":"max-snippet:-1","max-image-preview":"max-image-preview:large","max-video-preview":"max-video-preview:-1"},"canonical":"https:\/\/ses-creative.com\/de\/produkt\/easy-diamonds-armbaender\/","og_locale":"de_DE","og_type":"article","og_title":"Easy diamonds Armb\u00e4nder - SES Creative","og_description":"Hobby Pink \u2013 Easy Diamonds Armb\u00e4nder: Gestalte deinen eigenen gl\u00e4nzenden Schmuck! Mit dem Easy Diamonds Armb\u00e4nder-Set von SES Creative kannst du Armb\u00e4nder mit wundersch\u00f6nen Anh\u00e4ngern gestalten, die du selbst verzierst. Dank des speziellen Easy Diamond-Pulvers und der Farbl\u00f6sungen erh\u00e4lt jedes Schmuckst\u00fcck einen funkelnden Diamanteffekt. Perfekt f\u00fcr Kinder ab 5 Jahren, die Kreativit\u00e4t und Glanz lieben. [&hellip;]","og_url":"https:\/\/ses-creative.com\/de\/produkt\/easy-diamonds-armbaender\/","og_site_name":"SES Creative","article_modified_time":"2026-02-06T09:51:45+00:00","twitter_card":"summary_large_image","twitter_misc":{"Gesch\u00e4tzte Lesezeit":"1\u00a0Minute"},"schema":{"@context":"https:\/\/schema.org","@graph":[{"@type":"WebPage","@id":"https:\/\/ses-creative.com\/de\/produkt\/easy-diamonds-armbaender\/","url":"https:\/\/ses-creative.com\/de\/produkt\/easy-diamonds-armbaender\/","name":"Easy diamonds Armb\u00e4nder - SES Creative","isPartOf":{"@id":"https:\/\/ses-creative.com\/#website"},"primaryImageOfPage":{"@id":"https:\/\/ses-creative.com\/de\/produkt\/easy-diamonds-armbaender\/#primaryimage"},"image":{"@id":"https:\/\/ses-creative.com\/de\/produkt\/easy-diamonds-armbaender\/#primaryimage"},"thumbnailUrl":"https:\/\/ses-creative.com\/wp-content\/uploads\/2026\/01\/146821.jpg","datePublished":"2026-02-05T13:52:53+00:00","dateModified":"2026-02-06T09:51:45+00:00","breadcrumb":{"@id":"https:\/\/ses-creative.com\/de\/produkt\/easy-diamonds-armbaender\/#breadcrumb"},"inLanguage":"de","potentialAction":[{"@type":"ReadAction","target":["https:\/\/ses-creative.com\/de\/produkt\/easy-diamonds-armbaender\/"]}]},{"@type":"ImageObject","inLanguage":"de","@id":"https:\/\/ses-creative.com\/de\/produkt\/easy-diamonds-armbaender\/#primaryimage","url":"https:\/\/ses-creative.com\/wp-content\/uploads\/2026\/01\/146821.jpg","contentUrl":"https:\/\/ses-creative.com\/wp-content\/uploads\/2026\/01\/146821.jpg","width":1000,"height":1000},{"@type":"BreadcrumbList","@id":"https:\/\/ses-creative.com\/de\/produkt\/easy-diamonds-armbaender\/#breadcrumb","itemListElement":[{"@type":"ListItem","position":1,"name":"Shop","item":"https:\/\/ses-creative.com\/de\/shop\/"},{"@type":"ListItem","position":2,"name":"Basteln","item":"https:\/\/ses-creative.com\/de\/product-categorie\/basteln\/"},{"@type":"ListItem","position":3,"name":"Easy diamonds Armb\u00e4nder"}]},{"@type":"WebSite","@id":"https:\/\/ses-creative.com\/#website","url":"https:\/\/ses-creative.com\/","name":"SES Creative","description":"","publisher":{"@id":"https:\/\/ses-creative.com\/#organization"},"potentialAction":[{"@type":"SearchAction","target":{"@type":"EntryPoint","urlTemplate":"https:\/\/ses-creative.com\/?s={search_term_string}"},"query-input":{"@type":"PropertyValueSpecification","valueRequired":true,"valueName":"search_term_string"}}],"inLanguage":"de"},{"@type":"Organization","@id":"https:\/\/ses-creative.com\/#organization","name":"SES Creative","url":"https:\/\/ses-creative.com\/","logo":{"@type":"ImageObject","inLanguage":"de","@id":"https:\/\/ses-creative.com\/#\/schema\/logo\/image\/","url":"https:\/\/ses-creative.com\/wp-content\/uploads\/2025\/10\/ses-creative-logo.jpg","contentUrl":"https:\/\/ses-creative.com\/wp-content\/uploads\/2025\/10\/ses-creative-logo.jpg","width":2037,"height":2037,"caption":"SES Creative"},"image":{"@id":"https:\/\/ses-creative.com\/#\/schema\/logo\/image\/"}}]}},"_links":{"self":[{"href":"https:\/\/ses-creative.com\/de\/wp-json\/wp\/v2\/product\/114773","targetHints":{"allow":["GET"]}}],"collection":[{"href":"https:\/\/ses-creative.com\/de\/wp-json\/wp\/v2\/product"}],"about":[{"href":"https:\/\/ses-creative.com\/de\/wp-json\/wp\/v2\/types\/product"}],"replies":[{"embeddable":true,"href":"https:\/\/ses-creative.com\/de\/wp-json\/wp\/v2\/comments?post=114773"}],"wp:featuredmedia":[{"embeddable":true,"href":"https:\/\/ses-creative.com\/de\/wp-json\/wp\/v2\/media\/95420"}],"wp:attachment":[{"href":"https:\/\/ses-creative.com\/de\/wp-json\/wp\/v2\/media?parent=114773"}],"wp:term":[{"taxonomy":"product_brand","embeddable":true,"href":"https:\/\/ses-creative.com\/de\/wp-json\/wp\/v2\/product_brand?post=114773"},{"taxonomy":"product_cat","embeddable":true,"href":"https:\/\/ses-creative.com\/de\/wp-json\/wp\/v2\/product_cat?post=114773"},{"taxonomy":"product_tag","embeddable":true,"href":"https:\/\/ses-creative.com\/de\/wp-json\/wp\/v2\/product_tag?post=114773"}],"curies":[{"name":"wp","href":"https:\/\/api.w.org\/{rel}","templated":true}]}}