











{"id":114770,"date":"2026-02-05T13:52:53","date_gmt":"2026-02-05T13:52:53","guid":{"rendered":"https:\/\/ses-creative.com\/?post_type=product&#038;p=114770"},"modified":"2026-02-06T09:51:45","modified_gmt":"2026-02-06T09:51:45","slug":"ich-liebe-pferde-schmuckstudio","status":"publish","type":"product","link":"https:\/\/ses-creative.com\/de\/produkt\/ich-liebe-pferde-schmuckstudio\/","title":{"rendered":"Ich liebe Pferde &#8211; Schmuckstudio"},"content":{"rendered":"<p>Das I Love Horses Schmuckstudio von SES Creative erm\u00f6glicht Kindern ab 5 Jahren das Gestalten eigener, personalisierter Schmuckst\u00fccke. Enthalten sind ein unterteiltes Tablett in Kettenform, \u00fcber 500 farbige Perlen in diversen Formen und Ausf\u00fchrungen \u2013 darunter Buchstabenperlen, Perlen mit Perlmutt-Effekt und Facetten \u2013 sowie 2 Pferde-Charms und 6 Herz-Charms zum Dekorieren mit Stickern. Mit elastischen B\u00e4ndern, Nylonschnur und einer beigef\u00fcgten Nadel lassen sich passende Armb\u00e4nder und Ketten leicht auff\u00e4deln. Das Tablett hilft beim Sortieren, Organisieren und Gestalten der Schmuckst\u00fccke. Diese Aktivit\u00e4t f\u00f6rdert Feinmotorik, Pr\u00e4zision und Konzentration, w\u00e4hrend sie die Kreativit\u00e4t anregt. Alle Bestandteile sind hypoallergen, waschbar und kindersicher. Hergestellt in den Niederlanden, steht dieses kreative Set in \u00fcber 75 L\u00e4ndern f\u00fcr Qualit\u00e4t und ist 100 % CO\u2082-neutral. Ideal f\u00fcr Geburtstage, Bastelstunden oder Familienaktivit\u00e4ten \u2013 f\u00fcr viele Stunden freier, kreativer Schmuckgestaltung.<\/p>\n","protected":false},"excerpt":{"rendered":"<p>Das I Love Horses Schmuckstudio von SES Creative erm\u00f6glicht Kindern ab 5 Jahren das Gestalten eigener, personalisierter Schmuckst\u00fccke. Enthalten sind ein unterteiltes Tablett in Kettenform, \u00fcber 500 farbige Perlen in diversen Formen und Ausf\u00fchrungen \u2013 darunter Buchstabenperlen, Perlen mit Perlmutt-Effekt und Facetten \u2013 sowie 2 Pferde-Charms und 6 Herz-Charms zum Dekorieren mit Stickern. Mit elastischen [&hellip;]<\/p>\n","protected":false},"featured_media":103936,"comment_status":"closed","ping_status":"closed","template":"","meta":{"_acf_changed":false},"product_brand":[],"product_cat":[115],"product_tag":[],"class_list":{"0":"post-114770","1":"product","2":"type-product","3":"status-publish","4":"has-post-thumbnail","6":"product_cat-basteln","7":"pa_leeftijd-filter-4-6-jahre","8":"pa_meest-populair-bij-maedchen","10":"first","11":"instock","12":"shipping-taxable","13":"product-type-simple"},"acf":[],"yoast_head":"<!-- This site is optimized with the Yoast SEO plugin v27.2 - https:\/\/yoast.com\/product\/yoast-seo-wordpress\/ -->\n<title>Ich liebe Pferde - Schmuckstudio - SES Creative<\/title>\n<meta name=\"robots\" content=\"index, follow, max-snippet:-1, max-image-preview:large, max-video-preview:-1\" \/>\n<link rel=\"canonical\" href=\"https:\/\/ses-creative.com\/de\/produkt\/ich-liebe-pferde-schmuckstudio\/\" \/>\n<meta property=\"og:locale\" content=\"de_DE\" \/>\n<meta property=\"og:type\" content=\"article\" \/>\n<meta property=\"og:title\" content=\"Ich liebe Pferde - Schmuckstudio - SES Creative\" \/>\n<meta property=\"og:description\" content=\"Das I Love Horses Schmuckstudio von SES Creative erm\u00f6glicht Kindern ab 5 Jahren das Gestalten eigener, personalisierter Schmuckst\u00fccke. Enthalten sind ein unterteiltes Tablett in Kettenform, \u00fcber 500 farbige Perlen in diversen Formen und Ausf\u00fchrungen \u2013 darunter Buchstabenperlen, Perlen mit Perlmutt-Effekt und Facetten \u2013 sowie 2 Pferde-Charms und 6 Herz-Charms zum Dekorieren mit Stickern. Mit elastischen [&hellip;]\" \/>\n<meta property=\"og:url\" content=\"https:\/\/ses-creative.com\/de\/produkt\/ich-liebe-pferde-schmuckstudio\/\" \/>\n<meta property=\"og:site_name\" content=\"SES Creative\" \/>\n<meta property=\"article:modified_time\" content=\"2026-02-06T09:51:45+00:00\" \/>\n<meta name=\"twitter:card\" content=\"summary_large_image\" \/>\n<meta name=\"twitter:label1\" content=\"Gesch\u00e4tzte Lesezeit\" \/>\n\t<meta name=\"twitter:data1\" content=\"1\u00a0Minute\" \/>\n<script type=\"application\/ld+json\" class=\"yoast-schema-graph\">{\"@context\":\"https:\/\/schema.org\",\"@graph\":[{\"@type\":\"WebPage\",\"@id\":\"https:\/\/ses-creative.com\/de\/produkt\/ich-liebe-pferde-schmuckstudio\/\",\"url\":\"https:\/\/ses-creative.com\/de\/produkt\/ich-liebe-pferde-schmuckstudio\/\",\"name\":\"Ich liebe Pferde - Schmuckstudio - SES Creative\",\"isPartOf\":{\"@id\":\"https:\/\/ses-creative.com\/#website\"},\"primaryImageOfPage\":{\"@id\":\"https:\/\/ses-creative.com\/de\/produkt\/ich-liebe-pferde-schmuckstudio\/#primaryimage\"},\"image\":{\"@id\":\"https:\/\/ses-creative.com\/de\/produkt\/ich-liebe-pferde-schmuckstudio\/#primaryimage\"},\"thumbnailUrl\":\"https:\/\/ses-creative.com\/wp-content\/uploads\/2026\/01\/146501.jpg\",\"datePublished\":\"2026-02-05T13:52:53+00:00\",\"dateModified\":\"2026-02-06T09:51:45+00:00\",\"breadcrumb\":{\"@id\":\"https:\/\/ses-creative.com\/de\/produkt\/ich-liebe-pferde-schmuckstudio\/#breadcrumb\"},\"inLanguage\":\"de\",\"potentialAction\":[{\"@type\":\"ReadAction\",\"target\":[\"https:\/\/ses-creative.com\/de\/produkt\/ich-liebe-pferde-schmuckstudio\/\"]}]},{\"@type\":\"ImageObject\",\"inLanguage\":\"de\",\"@id\":\"https:\/\/ses-creative.com\/de\/produkt\/ich-liebe-pferde-schmuckstudio\/#primaryimage\",\"url\":\"https:\/\/ses-creative.com\/wp-content\/uploads\/2026\/01\/146501.jpg\",\"contentUrl\":\"https:\/\/ses-creative.com\/wp-content\/uploads\/2026\/01\/146501.jpg\",\"width\":1000,\"height\":1000},{\"@type\":\"BreadcrumbList\",\"@id\":\"https:\/\/ses-creative.com\/de\/produkt\/ich-liebe-pferde-schmuckstudio\/#breadcrumb\",\"itemListElement\":[{\"@type\":\"ListItem\",\"position\":1,\"name\":\"Shop\",\"item\":\"https:\/\/ses-creative.com\/de\/shop\/\"},{\"@type\":\"ListItem\",\"position\":2,\"name\":\"Basteln\",\"item\":\"https:\/\/ses-creative.com\/de\/product-categorie\/basteln\/\"},{\"@type\":\"ListItem\",\"position\":3,\"name\":\"Ich liebe Pferde &#8211; Schmuckstudio\"}]},{\"@type\":\"WebSite\",\"@id\":\"https:\/\/ses-creative.com\/#website\",\"url\":\"https:\/\/ses-creative.com\/\",\"name\":\"SES Creative\",\"description\":\"\",\"publisher\":{\"@id\":\"https:\/\/ses-creative.com\/#organization\"},\"potentialAction\":[{\"@type\":\"SearchAction\",\"target\":{\"@type\":\"EntryPoint\",\"urlTemplate\":\"https:\/\/ses-creative.com\/?s={search_term_string}\"},\"query-input\":{\"@type\":\"PropertyValueSpecification\",\"valueRequired\":true,\"valueName\":\"search_term_string\"}}],\"inLanguage\":\"de\"},{\"@type\":\"Organization\",\"@id\":\"https:\/\/ses-creative.com\/#organization\",\"name\":\"SES Creative\",\"url\":\"https:\/\/ses-creative.com\/\",\"logo\":{\"@type\":\"ImageObject\",\"inLanguage\":\"de\",\"@id\":\"https:\/\/ses-creative.com\/#\/schema\/logo\/image\/\",\"url\":\"https:\/\/ses-creative.com\/wp-content\/uploads\/2025\/10\/ses-creative-logo.jpg\",\"contentUrl\":\"https:\/\/ses-creative.com\/wp-content\/uploads\/2025\/10\/ses-creative-logo.jpg\",\"width\":2037,\"height\":2037,\"caption\":\"SES Creative\"},\"image\":{\"@id\":\"https:\/\/ses-creative.com\/#\/schema\/logo\/image\/\"}}]}<\/script>\n<!-- \/ Yoast SEO plugin. -->","yoast_head_json":{"title":"Ich liebe Pferde - Schmuckstudio - SES Creative","robots":{"index":"index","follow":"follow","max-snippet":"max-snippet:-1","max-image-preview":"max-image-preview:large","max-video-preview":"max-video-preview:-1"},"canonical":"https:\/\/ses-creative.com\/de\/produkt\/ich-liebe-pferde-schmuckstudio\/","og_locale":"de_DE","og_type":"article","og_title":"Ich liebe Pferde - Schmuckstudio - SES Creative","og_description":"Das I Love Horses Schmuckstudio von SES Creative erm\u00f6glicht Kindern ab 5 Jahren das Gestalten eigener, personalisierter Schmuckst\u00fccke. Enthalten sind ein unterteiltes Tablett in Kettenform, \u00fcber 500 farbige Perlen in diversen Formen und Ausf\u00fchrungen \u2013 darunter Buchstabenperlen, Perlen mit Perlmutt-Effekt und Facetten \u2013 sowie 2 Pferde-Charms und 6 Herz-Charms zum Dekorieren mit Stickern. Mit elastischen [&hellip;]","og_url":"https:\/\/ses-creative.com\/de\/produkt\/ich-liebe-pferde-schmuckstudio\/","og_site_name":"SES Creative","article_modified_time":"2026-02-06T09:51:45+00:00","twitter_card":"summary_large_image","twitter_misc":{"Gesch\u00e4tzte Lesezeit":"1\u00a0Minute"},"schema":{"@context":"https:\/\/schema.org","@graph":[{"@type":"WebPage","@id":"https:\/\/ses-creative.com\/de\/produkt\/ich-liebe-pferde-schmuckstudio\/","url":"https:\/\/ses-creative.com\/de\/produkt\/ich-liebe-pferde-schmuckstudio\/","name":"Ich liebe Pferde - Schmuckstudio - SES Creative","isPartOf":{"@id":"https:\/\/ses-creative.com\/#website"},"primaryImageOfPage":{"@id":"https:\/\/ses-creative.com\/de\/produkt\/ich-liebe-pferde-schmuckstudio\/#primaryimage"},"image":{"@id":"https:\/\/ses-creative.com\/de\/produkt\/ich-liebe-pferde-schmuckstudio\/#primaryimage"},"thumbnailUrl":"https:\/\/ses-creative.com\/wp-content\/uploads\/2026\/01\/146501.jpg","datePublished":"2026-02-05T13:52:53+00:00","dateModified":"2026-02-06T09:51:45+00:00","breadcrumb":{"@id":"https:\/\/ses-creative.com\/de\/produkt\/ich-liebe-pferde-schmuckstudio\/#breadcrumb"},"inLanguage":"de","potentialAction":[{"@type":"ReadAction","target":["https:\/\/ses-creative.com\/de\/produkt\/ich-liebe-pferde-schmuckstudio\/"]}]},{"@type":"ImageObject","inLanguage":"de","@id":"https:\/\/ses-creative.com\/de\/produkt\/ich-liebe-pferde-schmuckstudio\/#primaryimage","url":"https:\/\/ses-creative.com\/wp-content\/uploads\/2026\/01\/146501.jpg","contentUrl":"https:\/\/ses-creative.com\/wp-content\/uploads\/2026\/01\/146501.jpg","width":1000,"height":1000},{"@type":"BreadcrumbList","@id":"https:\/\/ses-creative.com\/de\/produkt\/ich-liebe-pferde-schmuckstudio\/#breadcrumb","itemListElement":[{"@type":"ListItem","position":1,"name":"Shop","item":"https:\/\/ses-creative.com\/de\/shop\/"},{"@type":"ListItem","position":2,"name":"Basteln","item":"https:\/\/ses-creative.com\/de\/product-categorie\/basteln\/"},{"@type":"ListItem","position":3,"name":"Ich liebe Pferde &#8211; Schmuckstudio"}]},{"@type":"WebSite","@id":"https:\/\/ses-creative.com\/#website","url":"https:\/\/ses-creative.com\/","name":"SES Creative","description":"","publisher":{"@id":"https:\/\/ses-creative.com\/#organization"},"potentialAction":[{"@type":"SearchAction","target":{"@type":"EntryPoint","urlTemplate":"https:\/\/ses-creative.com\/?s={search_term_string}"},"query-input":{"@type":"PropertyValueSpecification","valueRequired":true,"valueName":"search_term_string"}}],"inLanguage":"de"},{"@type":"Organization","@id":"https:\/\/ses-creative.com\/#organization","name":"SES Creative","url":"https:\/\/ses-creative.com\/","logo":{"@type":"ImageObject","inLanguage":"de","@id":"https:\/\/ses-creative.com\/#\/schema\/logo\/image\/","url":"https:\/\/ses-creative.com\/wp-content\/uploads\/2025\/10\/ses-creative-logo.jpg","contentUrl":"https:\/\/ses-creative.com\/wp-content\/uploads\/2025\/10\/ses-creative-logo.jpg","width":2037,"height":2037,"caption":"SES Creative"},"image":{"@id":"https:\/\/ses-creative.com\/#\/schema\/logo\/image\/"}}]}},"_links":{"self":[{"href":"https:\/\/ses-creative.com\/de\/wp-json\/wp\/v2\/product\/114770","targetHints":{"allow":["GET"]}}],"collection":[{"href":"https:\/\/ses-creative.com\/de\/wp-json\/wp\/v2\/product"}],"about":[{"href":"https:\/\/ses-creative.com\/de\/wp-json\/wp\/v2\/types\/product"}],"replies":[{"embeddable":true,"href":"https:\/\/ses-creative.com\/de\/wp-json\/wp\/v2\/comments?post=114770"}],"wp:featuredmedia":[{"embeddable":true,"href":"https:\/\/ses-creative.com\/de\/wp-json\/wp\/v2\/media\/103936"}],"wp:attachment":[{"href":"https:\/\/ses-creative.com\/de\/wp-json\/wp\/v2\/media?parent=114770"}],"wp:term":[{"taxonomy":"product_brand","embeddable":true,"href":"https:\/\/ses-creative.com\/de\/wp-json\/wp\/v2\/product_brand?post=114770"},{"taxonomy":"product_cat","embeddable":true,"href":"https:\/\/ses-creative.com\/de\/wp-json\/wp\/v2\/product_cat?post=114770"},{"taxonomy":"product_tag","embeddable":true,"href":"https:\/\/ses-creative.com\/de\/wp-json\/wp\/v2\/product_tag?post=114770"}],"curies":[{"name":"wp","href":"https:\/\/api.w.org\/{rel}","templated":true}]}}