











{"id":114768,"date":"2026-02-05T13:52:52","date_gmt":"2026-02-05T13:52:52","guid":{"rendered":"https:\/\/ses-creative.com\/?post_type=product&#038;p=114768"},"modified":"2026-02-06T09:51:45","modified_gmt":"2026-02-06T09:51:45","slug":"schmuckarmbaender","status":"publish","type":"product","link":"https:\/\/ses-creative.com\/de\/produkt\/schmuckarmbaender\/","title":{"rendered":"Schmuckarmb\u00e4nder"},"content":{"rendered":"<p>Mit dem Set \u201eBettelarmb\u00e4nder basteln\u201c von SES Creative k\u00f6nnen Kinder ihren eigenen farbenfrohen und einzigartigen Schmuck entwerfen. Mit drei Kunststoffarmb\u00e4ndern, 18 fr\u00f6hlichen Anh\u00e4ngern und Glitzerstickern k\u00f6nnen junge Designer endlos kombinieren und ihren eigenen Stil kreieren. Perfekt f\u00fcr Kinder ab 3 Jahren, die gerne basteln und sich f\u00fcr Mode interessieren.<\/p>\n<p>Was dieses Set so besonders macht<\/p>\n<p> 3 farbige Kunststoffarmb\u00e4nder \u2013 bereit zum Verzieren<\/p>\n<p> 18 Anh\u00e4nger + Glitzeraufkleber \u2013 f\u00fcr ein funkelndes Ergebnis<\/p>\n<p> Mix &#038; Match \u2013 unendliche Kombinationsm\u00f6glichkeiten<\/p>\n<p> Speziell f\u00fcr junge Kreative ab 3 Jahren<\/p>\n<p> F\u00f6rdert Kreativit\u00e4t und Feinmotorik<\/p>\n<p>Entwerfen Sie Ihren eigenen Schmuck<\/p>\n<p>Kinder w\u00e4hlen selbst, welche Anh\u00e4nger und Aufkleber sie zur Verzierung ihres Armbands verwenden m\u00f6chten. So entsteht immer ein einzigartiges Schmuckst\u00fcck, das ganz ihrem eigenen Stil entspricht. Perfekt zum t\u00e4glichen Tragen oder als Geschenk f\u00fcr einen Freund oder eine Freundin.<\/p>\n<p>Inhalt der Verpackung<\/p>\n<p>3 farbige Kunststoffarmb\u00e4nder<\/p>\n<p>18 Anh\u00e4nger<\/p>\n<p>Glitzeraufkleber<\/p>\n<p>Warum SES Creative w\u00e4hlen?<\/p>\n<p>SES Creative f\u00f6rdert kreatives Spielen und vermittelt Kindern beim Basteln neue F\u00e4higkeiten. Dieses Set verbindet Mode, Kreativit\u00e4t und motorische Entwicklung auf spielerische Weise.<\/p>\n<p>Bereit zum Gl\u00e4nzen?<\/p>\n<p>Bestellen Sie jetzt das SES Creative \u2013 Bettelarmb\u00e4nder basteln und schenken Sie Ihrem Kind stundenlangen Bastel- und Tragespa\u00df. Lassen Sie seine Pers\u00f6nlichkeit mit selbstgemachtem Schmuck strahlen!<\/p>\n","protected":false},"excerpt":{"rendered":"<p>Mit dem Set \u201eBettelarmb\u00e4nder basteln\u201c von SES Creative k\u00f6nnen Kinder ihren eigenen farbenfrohen und einzigartigen Schmuck entwerfen. Mit drei Kunststoffarmb\u00e4ndern, 18 fr\u00f6hlichen Anh\u00e4ngern und Glitzerstickern k\u00f6nnen junge Designer endlos kombinieren und ihren eigenen Stil kreieren. Perfekt f\u00fcr Kinder ab 3 Jahren, die gerne basteln und sich f\u00fcr Mode interessieren. Was dieses Set so besonders macht [&hellip;]<\/p>\n","protected":false},"featured_media":103896,"comment_status":"closed","ping_status":"closed","template":"","meta":{"_acf_changed":false},"product_brand":[],"product_cat":[115],"product_tag":[],"class_list":{"0":"post-114768","1":"product","2":"type-product","3":"status-publish","4":"has-post-thumbnail","6":"product_cat-basteln","7":"pa_leeftijd-filter-3-4-jahre","8":"pa_meest-populair-bij-jungen-maedchen","10":"first","11":"instock","12":"shipping-taxable","13":"product-type-simple"},"acf":[],"yoast_head":"<!-- This site is optimized with the Yoast SEO plugin v27.2 - https:\/\/yoast.com\/product\/yoast-seo-wordpress\/ -->\n<title>Schmuckarmb\u00e4nder - SES Creative<\/title>\n<meta name=\"robots\" content=\"index, follow, max-snippet:-1, max-image-preview:large, max-video-preview:-1\" \/>\n<link rel=\"canonical\" href=\"https:\/\/ses-creative.com\/de\/produkt\/schmuckarmbaender\/\" \/>\n<meta property=\"og:locale\" content=\"de_DE\" \/>\n<meta property=\"og:type\" content=\"article\" \/>\n<meta property=\"og:title\" content=\"Schmuckarmb\u00e4nder - SES Creative\" \/>\n<meta property=\"og:description\" content=\"Mit dem Set \u201eBettelarmb\u00e4nder basteln\u201c von SES Creative k\u00f6nnen Kinder ihren eigenen farbenfrohen und einzigartigen Schmuck entwerfen. Mit drei Kunststoffarmb\u00e4ndern, 18 fr\u00f6hlichen Anh\u00e4ngern und Glitzerstickern k\u00f6nnen junge Designer endlos kombinieren und ihren eigenen Stil kreieren. Perfekt f\u00fcr Kinder ab 3 Jahren, die gerne basteln und sich f\u00fcr Mode interessieren. Was dieses Set so besonders macht [&hellip;]\" \/>\n<meta property=\"og:url\" content=\"https:\/\/ses-creative.com\/de\/produkt\/schmuckarmbaender\/\" \/>\n<meta property=\"og:site_name\" content=\"SES Creative\" \/>\n<meta property=\"article:modified_time\" content=\"2026-02-06T09:51:45+00:00\" \/>\n<meta name=\"twitter:card\" content=\"summary_large_image\" \/>\n<meta name=\"twitter:label1\" content=\"Gesch\u00e4tzte Lesezeit\" \/>\n\t<meta name=\"twitter:data1\" content=\"1\u00a0Minute\" \/>\n<script type=\"application\/ld+json\" class=\"yoast-schema-graph\">{\"@context\":\"https:\/\/schema.org\",\"@graph\":[{\"@type\":\"WebPage\",\"@id\":\"https:\/\/ses-creative.com\/de\/produkt\/schmuckarmbaender\/\",\"url\":\"https:\/\/ses-creative.com\/de\/produkt\/schmuckarmbaender\/\",\"name\":\"Schmuckarmb\u00e4nder - SES Creative\",\"isPartOf\":{\"@id\":\"https:\/\/ses-creative.com\/#website\"},\"primaryImageOfPage\":{\"@id\":\"https:\/\/ses-creative.com\/de\/produkt\/schmuckarmbaender\/#primaryimage\"},\"image\":{\"@id\":\"https:\/\/ses-creative.com\/de\/produkt\/schmuckarmbaender\/#primaryimage\"},\"thumbnailUrl\":\"https:\/\/ses-creative.com\/wp-content\/uploads\/2026\/01\/146361.jpg\",\"datePublished\":\"2026-02-05T13:52:52+00:00\",\"dateModified\":\"2026-02-06T09:51:45+00:00\",\"breadcrumb\":{\"@id\":\"https:\/\/ses-creative.com\/de\/produkt\/schmuckarmbaender\/#breadcrumb\"},\"inLanguage\":\"de\",\"potentialAction\":[{\"@type\":\"ReadAction\",\"target\":[\"https:\/\/ses-creative.com\/de\/produkt\/schmuckarmbaender\/\"]}]},{\"@type\":\"ImageObject\",\"inLanguage\":\"de\",\"@id\":\"https:\/\/ses-creative.com\/de\/produkt\/schmuckarmbaender\/#primaryimage\",\"url\":\"https:\/\/ses-creative.com\/wp-content\/uploads\/2026\/01\/146361.jpg\",\"contentUrl\":\"https:\/\/ses-creative.com\/wp-content\/uploads\/2026\/01\/146361.jpg\",\"width\":1000,\"height\":1000},{\"@type\":\"BreadcrumbList\",\"@id\":\"https:\/\/ses-creative.com\/de\/produkt\/schmuckarmbaender\/#breadcrumb\",\"itemListElement\":[{\"@type\":\"ListItem\",\"position\":1,\"name\":\"Shop\",\"item\":\"https:\/\/ses-creative.com\/de\/shop\/\"},{\"@type\":\"ListItem\",\"position\":2,\"name\":\"Basteln\",\"item\":\"https:\/\/ses-creative.com\/de\/product-categorie\/basteln\/\"},{\"@type\":\"ListItem\",\"position\":3,\"name\":\"Schmuckarmb\u00e4nder\"}]},{\"@type\":\"WebSite\",\"@id\":\"https:\/\/ses-creative.com\/#website\",\"url\":\"https:\/\/ses-creative.com\/\",\"name\":\"SES Creative\",\"description\":\"\",\"publisher\":{\"@id\":\"https:\/\/ses-creative.com\/#organization\"},\"potentialAction\":[{\"@type\":\"SearchAction\",\"target\":{\"@type\":\"EntryPoint\",\"urlTemplate\":\"https:\/\/ses-creative.com\/?s={search_term_string}\"},\"query-input\":{\"@type\":\"PropertyValueSpecification\",\"valueRequired\":true,\"valueName\":\"search_term_string\"}}],\"inLanguage\":\"de\"},{\"@type\":\"Organization\",\"@id\":\"https:\/\/ses-creative.com\/#organization\",\"name\":\"SES Creative\",\"url\":\"https:\/\/ses-creative.com\/\",\"logo\":{\"@type\":\"ImageObject\",\"inLanguage\":\"de\",\"@id\":\"https:\/\/ses-creative.com\/#\/schema\/logo\/image\/\",\"url\":\"https:\/\/ses-creative.com\/wp-content\/uploads\/2025\/10\/ses-creative-logo.jpg\",\"contentUrl\":\"https:\/\/ses-creative.com\/wp-content\/uploads\/2025\/10\/ses-creative-logo.jpg\",\"width\":2037,\"height\":2037,\"caption\":\"SES Creative\"},\"image\":{\"@id\":\"https:\/\/ses-creative.com\/#\/schema\/logo\/image\/\"}}]}<\/script>\n<!-- \/ Yoast SEO plugin. -->","yoast_head_json":{"title":"Schmuckarmb\u00e4nder - SES Creative","robots":{"index":"index","follow":"follow","max-snippet":"max-snippet:-1","max-image-preview":"max-image-preview:large","max-video-preview":"max-video-preview:-1"},"canonical":"https:\/\/ses-creative.com\/de\/produkt\/schmuckarmbaender\/","og_locale":"de_DE","og_type":"article","og_title":"Schmuckarmb\u00e4nder - SES Creative","og_description":"Mit dem Set \u201eBettelarmb\u00e4nder basteln\u201c von SES Creative k\u00f6nnen Kinder ihren eigenen farbenfrohen und einzigartigen Schmuck entwerfen. Mit drei Kunststoffarmb\u00e4ndern, 18 fr\u00f6hlichen Anh\u00e4ngern und Glitzerstickern k\u00f6nnen junge Designer endlos kombinieren und ihren eigenen Stil kreieren. Perfekt f\u00fcr Kinder ab 3 Jahren, die gerne basteln und sich f\u00fcr Mode interessieren. Was dieses Set so besonders macht [&hellip;]","og_url":"https:\/\/ses-creative.com\/de\/produkt\/schmuckarmbaender\/","og_site_name":"SES Creative","article_modified_time":"2026-02-06T09:51:45+00:00","twitter_card":"summary_large_image","twitter_misc":{"Gesch\u00e4tzte Lesezeit":"1\u00a0Minute"},"schema":{"@context":"https:\/\/schema.org","@graph":[{"@type":"WebPage","@id":"https:\/\/ses-creative.com\/de\/produkt\/schmuckarmbaender\/","url":"https:\/\/ses-creative.com\/de\/produkt\/schmuckarmbaender\/","name":"Schmuckarmb\u00e4nder - SES Creative","isPartOf":{"@id":"https:\/\/ses-creative.com\/#website"},"primaryImageOfPage":{"@id":"https:\/\/ses-creative.com\/de\/produkt\/schmuckarmbaender\/#primaryimage"},"image":{"@id":"https:\/\/ses-creative.com\/de\/produkt\/schmuckarmbaender\/#primaryimage"},"thumbnailUrl":"https:\/\/ses-creative.com\/wp-content\/uploads\/2026\/01\/146361.jpg","datePublished":"2026-02-05T13:52:52+00:00","dateModified":"2026-02-06T09:51:45+00:00","breadcrumb":{"@id":"https:\/\/ses-creative.com\/de\/produkt\/schmuckarmbaender\/#breadcrumb"},"inLanguage":"de","potentialAction":[{"@type":"ReadAction","target":["https:\/\/ses-creative.com\/de\/produkt\/schmuckarmbaender\/"]}]},{"@type":"ImageObject","inLanguage":"de","@id":"https:\/\/ses-creative.com\/de\/produkt\/schmuckarmbaender\/#primaryimage","url":"https:\/\/ses-creative.com\/wp-content\/uploads\/2026\/01\/146361.jpg","contentUrl":"https:\/\/ses-creative.com\/wp-content\/uploads\/2026\/01\/146361.jpg","width":1000,"height":1000},{"@type":"BreadcrumbList","@id":"https:\/\/ses-creative.com\/de\/produkt\/schmuckarmbaender\/#breadcrumb","itemListElement":[{"@type":"ListItem","position":1,"name":"Shop","item":"https:\/\/ses-creative.com\/de\/shop\/"},{"@type":"ListItem","position":2,"name":"Basteln","item":"https:\/\/ses-creative.com\/de\/product-categorie\/basteln\/"},{"@type":"ListItem","position":3,"name":"Schmuckarmb\u00e4nder"}]},{"@type":"WebSite","@id":"https:\/\/ses-creative.com\/#website","url":"https:\/\/ses-creative.com\/","name":"SES Creative","description":"","publisher":{"@id":"https:\/\/ses-creative.com\/#organization"},"potentialAction":[{"@type":"SearchAction","target":{"@type":"EntryPoint","urlTemplate":"https:\/\/ses-creative.com\/?s={search_term_string}"},"query-input":{"@type":"PropertyValueSpecification","valueRequired":true,"valueName":"search_term_string"}}],"inLanguage":"de"},{"@type":"Organization","@id":"https:\/\/ses-creative.com\/#organization","name":"SES Creative","url":"https:\/\/ses-creative.com\/","logo":{"@type":"ImageObject","inLanguage":"de","@id":"https:\/\/ses-creative.com\/#\/schema\/logo\/image\/","url":"https:\/\/ses-creative.com\/wp-content\/uploads\/2025\/10\/ses-creative-logo.jpg","contentUrl":"https:\/\/ses-creative.com\/wp-content\/uploads\/2025\/10\/ses-creative-logo.jpg","width":2037,"height":2037,"caption":"SES Creative"},"image":{"@id":"https:\/\/ses-creative.com\/#\/schema\/logo\/image\/"}}]}},"_links":{"self":[{"href":"https:\/\/ses-creative.com\/de\/wp-json\/wp\/v2\/product\/114768","targetHints":{"allow":["GET"]}}],"collection":[{"href":"https:\/\/ses-creative.com\/de\/wp-json\/wp\/v2\/product"}],"about":[{"href":"https:\/\/ses-creative.com\/de\/wp-json\/wp\/v2\/types\/product"}],"replies":[{"embeddable":true,"href":"https:\/\/ses-creative.com\/de\/wp-json\/wp\/v2\/comments?post=114768"}],"wp:featuredmedia":[{"embeddable":true,"href":"https:\/\/ses-creative.com\/de\/wp-json\/wp\/v2\/media\/103896"}],"wp:attachment":[{"href":"https:\/\/ses-creative.com\/de\/wp-json\/wp\/v2\/media?parent=114768"}],"wp:term":[{"taxonomy":"product_brand","embeddable":true,"href":"https:\/\/ses-creative.com\/de\/wp-json\/wp\/v2\/product_brand?post=114768"},{"taxonomy":"product_cat","embeddable":true,"href":"https:\/\/ses-creative.com\/de\/wp-json\/wp\/v2\/product_cat?post=114768"},{"taxonomy":"product_tag","embeddable":true,"href":"https:\/\/ses-creative.com\/de\/wp-json\/wp\/v2\/product_tag?post=114768"}],"curies":[{"name":"wp","href":"https:\/\/api.w.org\/{rel}","templated":true}]}}