











{"id":114767,"date":"2026-02-05T13:52:52","date_gmt":"2026-02-05T13:52:52","guid":{"rendered":"https:\/\/ses-creative.com\/?post_type=product&#038;p=114767"},"modified":"2026-02-06T09:51:45","modified_gmt":"2026-02-06T09:51:45","slug":"pop-perlen","status":"publish","type":"product","link":"https:\/\/ses-creative.com\/de\/produkt\/pop-perlen\/","title":{"rendered":"Pop Perlen"},"content":{"rendered":"<p>Entdecken Sie die Welt des Schmuckbastelns mit dem Pop Beads Set von SES Creative! Mit 48 bunten Kunststoffperlen, die sich einfach zusammenstecken lassen, k\u00f6nnen Kinder im Handumdrehen ihre eigenen Halsketten, Armb\u00e4nder und andere trendige Accessoires basteln. Perfekt f\u00fcr junge Designer ab 3 Jahren, die Farben, Kreativit\u00e4t und Mode lieben.<\/p>\n<p>Was dieses Set so besonders macht<\/p>\n<p> 48 bunte Kunststoffperlen \u2013 mix &#038; match deine Lieblingsfarben<\/p>\n<p> Klicksystem ohne Faden \u2013 einfach und sicher zusammenstecken<\/p>\n<p> F\u00f6rdert Kreativit\u00e4t und Feinmotorik<\/p>\n<p> Speziell f\u00fcr Kinder ab 3 Jahren entwickelt<\/p>\n<p> Unendliche Kombinationsm\u00f6glichkeiten f\u00fcr Halsketten, Armb\u00e4nder und mehr<\/p>\n<p>Unendlicher Schmuck-Spa\u00df<\/p>\n<p>Dank des einfachen Klicksystems sind keine Schn\u00fcre oder Verschl\u00fcsse erforderlich. Kinder k\u00f6nnen sofort loslegen und ihrer Fantasie freien Lauf lassen. Heute ein fr\u00f6hliches Armband, morgen eine stilvolle Halskette \u2013 alles ist m\u00f6glich, alles ist erlaubt.<\/p>\n<p>Inhalt der Verpackung<\/p>\n<p>48 farbige Pop Beads-Perlen aus Kunststoff<\/p>\n<p>Warum SES Creative w\u00e4hlen?<\/p>\n<p>Mit SES Creative lernen Kinder spielerisch neue F\u00e4higkeiten. Dieses Pop Beads-Set f\u00f6rdert Kreativit\u00e4t, Modebewusstsein und Hand-Augen-Koordination, w\u00e4hrend sie etwas herstellen, das sie auch wirklich tragen k\u00f6nnen.<\/p>\n<p>Bereit zum Entwerfen?<\/p>\n<p>Bestellen Sie jetzt SES Creative \u2013 Pop Beads und schenken Sie Ihrem Kind stundenlangen kreativen Spielspa\u00df. Lassen Sie es mit seinem selbstgemachten Schmuck gl\u00e4nzen und entdecken Sie gemeinsam die Magie des eigenen Designs!<\/p>\n","protected":false},"excerpt":{"rendered":"<p>Entdecken Sie die Welt des Schmuckbastelns mit dem Pop Beads Set von SES Creative! Mit 48 bunten Kunststoffperlen, die sich einfach zusammenstecken lassen, k\u00f6nnen Kinder im Handumdrehen ihre eigenen Halsketten, Armb\u00e4nder und andere trendige Accessoires basteln. Perfekt f\u00fcr junge Designer ab 3 Jahren, die Farben, Kreativit\u00e4t und Mode lieben. Was dieses Set so besonders macht [&hellip;]<\/p>\n","protected":false},"featured_media":103876,"comment_status":"closed","ping_status":"closed","template":"","meta":{"_acf_changed":false},"product_brand":[],"product_cat":[115],"product_tag":[],"class_list":{"0":"post-114767","1":"product","2":"type-product","3":"status-publish","4":"has-post-thumbnail","6":"product_cat-basteln","7":"pa_leeftijd-filter-3-4-jahre","8":"pa_meest-populair-bij-jungen-maedchen","10":"first","11":"instock","12":"shipping-taxable","13":"product-type-simple"},"acf":[],"yoast_head":"<!-- This site is optimized with the Yoast SEO plugin v27.4 - https:\/\/yoast.com\/product\/yoast-seo-wordpress\/ -->\n<title>Pop Perlen - SES Creative<\/title>\n<meta name=\"robots\" content=\"index, follow, max-snippet:-1, max-image-preview:large, max-video-preview:-1\" \/>\n<link rel=\"canonical\" href=\"https:\/\/ses-creative.com\/de\/produkt\/pop-perlen\/\" \/>\n<meta property=\"og:locale\" content=\"de_DE\" \/>\n<meta property=\"og:type\" content=\"article\" \/>\n<meta property=\"og:title\" content=\"Pop Perlen - SES Creative\" \/>\n<meta property=\"og:description\" content=\"Entdecken Sie die Welt des Schmuckbastelns mit dem Pop Beads Set von SES Creative! Mit 48 bunten Kunststoffperlen, die sich einfach zusammenstecken lassen, k\u00f6nnen Kinder im Handumdrehen ihre eigenen Halsketten, Armb\u00e4nder und andere trendige Accessoires basteln. Perfekt f\u00fcr junge Designer ab 3 Jahren, die Farben, Kreativit\u00e4t und Mode lieben. Was dieses Set so besonders macht [&hellip;]\" \/>\n<meta property=\"og:url\" content=\"https:\/\/ses-creative.com\/de\/produkt\/pop-perlen\/\" \/>\n<meta property=\"og:site_name\" content=\"SES Creative\" \/>\n<meta property=\"article:modified_time\" content=\"2026-02-06T09:51:45+00:00\" \/>\n<meta name=\"twitter:card\" content=\"summary_large_image\" \/>\n<meta name=\"twitter:label1\" content=\"Gesch\u00e4tzte Lesezeit\" \/>\n\t<meta name=\"twitter:data1\" content=\"1\u00a0Minute\" \/>\n<script type=\"application\/ld+json\" class=\"yoast-schema-graph\">{\"@context\":\"https:\\\/\\\/schema.org\",\"@graph\":[{\"@type\":\"WebPage\",\"@id\":\"https:\\\/\\\/ses-creative.com\\\/de\\\/produkt\\\/pop-perlen\\\/\",\"url\":\"https:\\\/\\\/ses-creative.com\\\/de\\\/produkt\\\/pop-perlen\\\/\",\"name\":\"Pop Perlen - SES Creative\",\"isPartOf\":{\"@id\":\"https:\\\/\\\/ses-creative.com\\\/#website\"},\"primaryImageOfPage\":{\"@id\":\"https:\\\/\\\/ses-creative.com\\\/de\\\/produkt\\\/pop-perlen\\\/#primaryimage\"},\"image\":{\"@id\":\"https:\\\/\\\/ses-creative.com\\\/de\\\/produkt\\\/pop-perlen\\\/#primaryimage\"},\"thumbnailUrl\":\"https:\\\/\\\/ses-creative.com\\\/wp-content\\\/uploads\\\/2026\\\/01\\\/146351.jpg\",\"datePublished\":\"2026-02-05T13:52:52+00:00\",\"dateModified\":\"2026-02-06T09:51:45+00:00\",\"breadcrumb\":{\"@id\":\"https:\\\/\\\/ses-creative.com\\\/de\\\/produkt\\\/pop-perlen\\\/#breadcrumb\"},\"inLanguage\":\"de\",\"potentialAction\":[{\"@type\":\"ReadAction\",\"target\":[\"https:\\\/\\\/ses-creative.com\\\/de\\\/produkt\\\/pop-perlen\\\/\"]}]},{\"@type\":\"ImageObject\",\"inLanguage\":\"de\",\"@id\":\"https:\\\/\\\/ses-creative.com\\\/de\\\/produkt\\\/pop-perlen\\\/#primaryimage\",\"url\":\"https:\\\/\\\/ses-creative.com\\\/wp-content\\\/uploads\\\/2026\\\/01\\\/146351.jpg\",\"contentUrl\":\"https:\\\/\\\/ses-creative.com\\\/wp-content\\\/uploads\\\/2026\\\/01\\\/146351.jpg\",\"width\":1000,\"height\":1000},{\"@type\":\"BreadcrumbList\",\"@id\":\"https:\\\/\\\/ses-creative.com\\\/de\\\/produkt\\\/pop-perlen\\\/#breadcrumb\",\"itemListElement\":[{\"@type\":\"ListItem\",\"position\":1,\"name\":\"Shop\",\"item\":\"https:\\\/\\\/ses-creative.com\\\/de\\\/shop\\\/\"},{\"@type\":\"ListItem\",\"position\":2,\"name\":\"Basteln\",\"item\":\"https:\\\/\\\/ses-creative.com\\\/de\\\/product-categorie\\\/basteln\\\/\"},{\"@type\":\"ListItem\",\"position\":3,\"name\":\"Pop Perlen\"}]},{\"@type\":\"WebSite\",\"@id\":\"https:\\\/\\\/ses-creative.com\\\/#website\",\"url\":\"https:\\\/\\\/ses-creative.com\\\/\",\"name\":\"SES Creative\",\"description\":\"\",\"publisher\":{\"@id\":\"https:\\\/\\\/ses-creative.com\\\/#organization\"},\"potentialAction\":[{\"@type\":\"SearchAction\",\"target\":{\"@type\":\"EntryPoint\",\"urlTemplate\":\"https:\\\/\\\/ses-creative.com\\\/?s={search_term_string}\"},\"query-input\":{\"@type\":\"PropertyValueSpecification\",\"valueRequired\":true,\"valueName\":\"search_term_string\"}}],\"inLanguage\":\"de\"},{\"@type\":\"Organization\",\"@id\":\"https:\\\/\\\/ses-creative.com\\\/#organization\",\"name\":\"SES Creative\",\"url\":\"https:\\\/\\\/ses-creative.com\\\/\",\"logo\":{\"@type\":\"ImageObject\",\"inLanguage\":\"de\",\"@id\":\"https:\\\/\\\/ses-creative.com\\\/#\\\/schema\\\/logo\\\/image\\\/\",\"url\":\"https:\\\/\\\/ses-creative.com\\\/wp-content\\\/uploads\\\/2025\\\/10\\\/ses-creative-logo.jpg\",\"contentUrl\":\"https:\\\/\\\/ses-creative.com\\\/wp-content\\\/uploads\\\/2025\\\/10\\\/ses-creative-logo.jpg\",\"width\":2037,\"height\":2037,\"caption\":\"SES Creative\"},\"image\":{\"@id\":\"https:\\\/\\\/ses-creative.com\\\/#\\\/schema\\\/logo\\\/image\\\/\"}}]}<\/script>\n<!-- \/ Yoast SEO plugin. -->","yoast_head_json":{"title":"Pop Perlen - SES Creative","robots":{"index":"index","follow":"follow","max-snippet":"max-snippet:-1","max-image-preview":"max-image-preview:large","max-video-preview":"max-video-preview:-1"},"canonical":"https:\/\/ses-creative.com\/de\/produkt\/pop-perlen\/","og_locale":"de_DE","og_type":"article","og_title":"Pop Perlen - SES Creative","og_description":"Entdecken Sie die Welt des Schmuckbastelns mit dem Pop Beads Set von SES Creative! Mit 48 bunten Kunststoffperlen, die sich einfach zusammenstecken lassen, k\u00f6nnen Kinder im Handumdrehen ihre eigenen Halsketten, Armb\u00e4nder und andere trendige Accessoires basteln. Perfekt f\u00fcr junge Designer ab 3 Jahren, die Farben, Kreativit\u00e4t und Mode lieben. Was dieses Set so besonders macht [&hellip;]","og_url":"https:\/\/ses-creative.com\/de\/produkt\/pop-perlen\/","og_site_name":"SES Creative","article_modified_time":"2026-02-06T09:51:45+00:00","twitter_card":"summary_large_image","twitter_misc":{"Gesch\u00e4tzte Lesezeit":"1\u00a0Minute"},"schema":{"@context":"https:\/\/schema.org","@graph":[{"@type":"WebPage","@id":"https:\/\/ses-creative.com\/de\/produkt\/pop-perlen\/","url":"https:\/\/ses-creative.com\/de\/produkt\/pop-perlen\/","name":"Pop Perlen - SES Creative","isPartOf":{"@id":"https:\/\/ses-creative.com\/#website"},"primaryImageOfPage":{"@id":"https:\/\/ses-creative.com\/de\/produkt\/pop-perlen\/#primaryimage"},"image":{"@id":"https:\/\/ses-creative.com\/de\/produkt\/pop-perlen\/#primaryimage"},"thumbnailUrl":"https:\/\/ses-creative.com\/wp-content\/uploads\/2026\/01\/146351.jpg","datePublished":"2026-02-05T13:52:52+00:00","dateModified":"2026-02-06T09:51:45+00:00","breadcrumb":{"@id":"https:\/\/ses-creative.com\/de\/produkt\/pop-perlen\/#breadcrumb"},"inLanguage":"de","potentialAction":[{"@type":"ReadAction","target":["https:\/\/ses-creative.com\/de\/produkt\/pop-perlen\/"]}]},{"@type":"ImageObject","inLanguage":"de","@id":"https:\/\/ses-creative.com\/de\/produkt\/pop-perlen\/#primaryimage","url":"https:\/\/ses-creative.com\/wp-content\/uploads\/2026\/01\/146351.jpg","contentUrl":"https:\/\/ses-creative.com\/wp-content\/uploads\/2026\/01\/146351.jpg","width":1000,"height":1000},{"@type":"BreadcrumbList","@id":"https:\/\/ses-creative.com\/de\/produkt\/pop-perlen\/#breadcrumb","itemListElement":[{"@type":"ListItem","position":1,"name":"Shop","item":"https:\/\/ses-creative.com\/de\/shop\/"},{"@type":"ListItem","position":2,"name":"Basteln","item":"https:\/\/ses-creative.com\/de\/product-categorie\/basteln\/"},{"@type":"ListItem","position":3,"name":"Pop Perlen"}]},{"@type":"WebSite","@id":"https:\/\/ses-creative.com\/#website","url":"https:\/\/ses-creative.com\/","name":"SES Creative","description":"","publisher":{"@id":"https:\/\/ses-creative.com\/#organization"},"potentialAction":[{"@type":"SearchAction","target":{"@type":"EntryPoint","urlTemplate":"https:\/\/ses-creative.com\/?s={search_term_string}"},"query-input":{"@type":"PropertyValueSpecification","valueRequired":true,"valueName":"search_term_string"}}],"inLanguage":"de"},{"@type":"Organization","@id":"https:\/\/ses-creative.com\/#organization","name":"SES Creative","url":"https:\/\/ses-creative.com\/","logo":{"@type":"ImageObject","inLanguage":"de","@id":"https:\/\/ses-creative.com\/#\/schema\/logo\/image\/","url":"https:\/\/ses-creative.com\/wp-content\/uploads\/2025\/10\/ses-creative-logo.jpg","contentUrl":"https:\/\/ses-creative.com\/wp-content\/uploads\/2025\/10\/ses-creative-logo.jpg","width":2037,"height":2037,"caption":"SES Creative"},"image":{"@id":"https:\/\/ses-creative.com\/#\/schema\/logo\/image\/"}}]}},"_links":{"self":[{"href":"https:\/\/ses-creative.com\/de\/wp-json\/wp\/v2\/product\/114767","targetHints":{"allow":["GET"]}}],"collection":[{"href":"https:\/\/ses-creative.com\/de\/wp-json\/wp\/v2\/product"}],"about":[{"href":"https:\/\/ses-creative.com\/de\/wp-json\/wp\/v2\/types\/product"}],"replies":[{"embeddable":true,"href":"https:\/\/ses-creative.com\/de\/wp-json\/wp\/v2\/comments?post=114767"}],"wp:featuredmedia":[{"embeddable":true,"href":"https:\/\/ses-creative.com\/de\/wp-json\/wp\/v2\/media\/103876"}],"wp:attachment":[{"href":"https:\/\/ses-creative.com\/de\/wp-json\/wp\/v2\/media?parent=114767"}],"wp:term":[{"taxonomy":"product_brand","embeddable":true,"href":"https:\/\/ses-creative.com\/de\/wp-json\/wp\/v2\/product_brand?post=114767"},{"taxonomy":"product_cat","embeddable":true,"href":"https:\/\/ses-creative.com\/de\/wp-json\/wp\/v2\/product_cat?post=114767"},{"taxonomy":"product_tag","embeddable":true,"href":"https:\/\/ses-creative.com\/de\/wp-json\/wp\/v2\/product_tag?post=114767"}],"curies":[{"name":"wp","href":"https:\/\/api.w.org\/{rel}","templated":true}]}}