











{"id":114766,"date":"2026-02-05T13:52:52","date_gmt":"2026-02-05T13:52:52","guid":{"rendered":"https:\/\/ses-creative.com\/?post_type=product&#038;p=114766"},"modified":"2026-02-06T09:51:45","modified_gmt":"2026-02-06T09:51:45","slug":"ich-lerne-schneiden-schritt-fuer-schritt","status":"publish","type":"product","link":"https:\/\/ses-creative.com\/de\/produkt\/ich-lerne-schneiden-schritt-fuer-schritt\/","title":{"rendered":"Ich lerne schneiden Schritt f\u00fcr Schritt"},"content":{"rendered":"<p>Das Set Ich lerne schneiden Schritt f\u00fcr Schritt von SES Creative bietet Kindern ab 3 Jahren eine sichere und unterhaltsame Einf\u00fchrung ins Schneiden. Enthalten sind 30 farbige Motivkarten in drei Schwierigkeitsstufen sowie drei Scheren: eine Sicherheitsschere, eine Hobbyschere und eine Zick-Zack-Schere \u2013 alle speziell f\u00fcr Rechtsh\u00e4nder und kindersicher. Mit fr\u00f6hlichen Tierfiguren wie dem L\u00f6wen oder dem Igel entdecken Kinder spielerisch, wie man Formen, Linien und Muster ausschneidet. Durch die Verwendung der verschiedenen Scheren verbessern sie gezielt ihre Hand-Auge-Koordination und feinmotorischen F\u00e4higkeiten. Die Motive f\u00f6rdern zudem Konzentration, Kreativit\u00e4t und Bastelspa\u00df. Die Scheren sind ausschlie\u00dflich f\u00fcr Papier geeignet, schneiden keine Haare oder Stoffe und sorgen f\u00fcr sicheres Basteln ohne Risiko. Ein tolles Lernspiel und Bastelset \u2013 p\u00e4dagogisch sinnvoll und ideal als Geschenkidee Bastelset Kinder zur Vorbereitung auf Vorschule oder f\u00fcr kreative Nachmittage zu Hause<\/p>\n","protected":false},"excerpt":{"rendered":"<p>Das Set Ich lerne schneiden Schritt f\u00fcr Schritt von SES Creative bietet Kindern ab 3 Jahren eine sichere und unterhaltsame Einf\u00fchrung ins Schneiden. Enthalten sind 30 farbige Motivkarten in drei Schwierigkeitsstufen sowie drei Scheren: eine Sicherheitsschere, eine Hobbyschere und eine Zick-Zack-Schere \u2013 alle speziell f\u00fcr Rechtsh\u00e4nder und kindersicher. Mit fr\u00f6hlichen Tierfiguren wie dem L\u00f6wen oder [&hellip;]<\/p>\n","protected":false},"featured_media":103856,"comment_status":"closed","ping_status":"closed","template":"","meta":{"_acf_changed":false},"product_brand":[],"product_cat":[115],"product_tag":[],"class_list":{"0":"post-114766","1":"product","2":"type-product","3":"status-publish","4":"has-post-thumbnail","6":"product_cat-basteln","7":"pa_leeftijd-filter-3-4-jahre","8":"pa_meest-populair-bij-jungen-maedchen","10":"first","11":"instock","12":"shipping-taxable","13":"product-type-simple"},"acf":[],"yoast_head":"<!-- This site is optimized with the Yoast SEO plugin v27.2 - https:\/\/yoast.com\/product\/yoast-seo-wordpress\/ -->\n<title>Ich lerne schneiden Schritt f\u00fcr Schritt - SES Creative<\/title>\n<meta name=\"robots\" content=\"index, follow, max-snippet:-1, max-image-preview:large, max-video-preview:-1\" \/>\n<link rel=\"canonical\" href=\"https:\/\/ses-creative.com\/de\/produkt\/ich-lerne-schneiden-schritt-fuer-schritt\/\" \/>\n<meta property=\"og:locale\" content=\"de_DE\" \/>\n<meta property=\"og:type\" content=\"article\" \/>\n<meta property=\"og:title\" content=\"Ich lerne schneiden Schritt f\u00fcr Schritt - SES Creative\" \/>\n<meta property=\"og:description\" content=\"Das Set Ich lerne schneiden Schritt f\u00fcr Schritt von SES Creative bietet Kindern ab 3 Jahren eine sichere und unterhaltsame Einf\u00fchrung ins Schneiden. Enthalten sind 30 farbige Motivkarten in drei Schwierigkeitsstufen sowie drei Scheren: eine Sicherheitsschere, eine Hobbyschere und eine Zick-Zack-Schere \u2013 alle speziell f\u00fcr Rechtsh\u00e4nder und kindersicher. Mit fr\u00f6hlichen Tierfiguren wie dem L\u00f6wen oder [&hellip;]\" \/>\n<meta property=\"og:url\" content=\"https:\/\/ses-creative.com\/de\/produkt\/ich-lerne-schneiden-schritt-fuer-schritt\/\" \/>\n<meta property=\"og:site_name\" content=\"SES Creative\" \/>\n<meta property=\"article:modified_time\" content=\"2026-02-06T09:51:45+00:00\" \/>\n<meta name=\"twitter:card\" content=\"summary_large_image\" \/>\n<meta name=\"twitter:label1\" content=\"Gesch\u00e4tzte Lesezeit\" \/>\n\t<meta name=\"twitter:data1\" content=\"1\u00a0Minute\" \/>\n<script type=\"application\/ld+json\" class=\"yoast-schema-graph\">{\"@context\":\"https:\/\/schema.org\",\"@graph\":[{\"@type\":\"WebPage\",\"@id\":\"https:\/\/ses-creative.com\/de\/produkt\/ich-lerne-schneiden-schritt-fuer-schritt\/\",\"url\":\"https:\/\/ses-creative.com\/de\/produkt\/ich-lerne-schneiden-schritt-fuer-schritt\/\",\"name\":\"Ich lerne schneiden Schritt f\u00fcr Schritt - SES Creative\",\"isPartOf\":{\"@id\":\"https:\/\/ses-creative.com\/#website\"},\"primaryImageOfPage\":{\"@id\":\"https:\/\/ses-creative.com\/de\/produkt\/ich-lerne-schneiden-schritt-fuer-schritt\/#primaryimage\"},\"image\":{\"@id\":\"https:\/\/ses-creative.com\/de\/produkt\/ich-lerne-schneiden-schritt-fuer-schritt\/#primaryimage\"},\"thumbnailUrl\":\"https:\/\/ses-creative.com\/wp-content\/uploads\/2026\/01\/146341.jpg\",\"datePublished\":\"2026-02-05T13:52:52+00:00\",\"dateModified\":\"2026-02-06T09:51:45+00:00\",\"breadcrumb\":{\"@id\":\"https:\/\/ses-creative.com\/de\/produkt\/ich-lerne-schneiden-schritt-fuer-schritt\/#breadcrumb\"},\"inLanguage\":\"de\",\"potentialAction\":[{\"@type\":\"ReadAction\",\"target\":[\"https:\/\/ses-creative.com\/de\/produkt\/ich-lerne-schneiden-schritt-fuer-schritt\/\"]}]},{\"@type\":\"ImageObject\",\"inLanguage\":\"de\",\"@id\":\"https:\/\/ses-creative.com\/de\/produkt\/ich-lerne-schneiden-schritt-fuer-schritt\/#primaryimage\",\"url\":\"https:\/\/ses-creative.com\/wp-content\/uploads\/2026\/01\/146341.jpg\",\"contentUrl\":\"https:\/\/ses-creative.com\/wp-content\/uploads\/2026\/01\/146341.jpg\",\"width\":1000,\"height\":1000},{\"@type\":\"BreadcrumbList\",\"@id\":\"https:\/\/ses-creative.com\/de\/produkt\/ich-lerne-schneiden-schritt-fuer-schritt\/#breadcrumb\",\"itemListElement\":[{\"@type\":\"ListItem\",\"position\":1,\"name\":\"Shop\",\"item\":\"https:\/\/ses-creative.com\/de\/shop\/\"},{\"@type\":\"ListItem\",\"position\":2,\"name\":\"Basteln\",\"item\":\"https:\/\/ses-creative.com\/de\/product-categorie\/basteln\/\"},{\"@type\":\"ListItem\",\"position\":3,\"name\":\"Ich lerne schneiden Schritt f\u00fcr Schritt\"}]},{\"@type\":\"WebSite\",\"@id\":\"https:\/\/ses-creative.com\/#website\",\"url\":\"https:\/\/ses-creative.com\/\",\"name\":\"SES Creative\",\"description\":\"\",\"publisher\":{\"@id\":\"https:\/\/ses-creative.com\/#organization\"},\"potentialAction\":[{\"@type\":\"SearchAction\",\"target\":{\"@type\":\"EntryPoint\",\"urlTemplate\":\"https:\/\/ses-creative.com\/?s={search_term_string}\"},\"query-input\":{\"@type\":\"PropertyValueSpecification\",\"valueRequired\":true,\"valueName\":\"search_term_string\"}}],\"inLanguage\":\"de\"},{\"@type\":\"Organization\",\"@id\":\"https:\/\/ses-creative.com\/#organization\",\"name\":\"SES Creative\",\"url\":\"https:\/\/ses-creative.com\/\",\"logo\":{\"@type\":\"ImageObject\",\"inLanguage\":\"de\",\"@id\":\"https:\/\/ses-creative.com\/#\/schema\/logo\/image\/\",\"url\":\"https:\/\/ses-creative.com\/wp-content\/uploads\/2025\/10\/ses-creative-logo.jpg\",\"contentUrl\":\"https:\/\/ses-creative.com\/wp-content\/uploads\/2025\/10\/ses-creative-logo.jpg\",\"width\":2037,\"height\":2037,\"caption\":\"SES Creative\"},\"image\":{\"@id\":\"https:\/\/ses-creative.com\/#\/schema\/logo\/image\/\"}}]}<\/script>\n<!-- \/ Yoast SEO plugin. -->","yoast_head_json":{"title":"Ich lerne schneiden Schritt f\u00fcr Schritt - SES Creative","robots":{"index":"index","follow":"follow","max-snippet":"max-snippet:-1","max-image-preview":"max-image-preview:large","max-video-preview":"max-video-preview:-1"},"canonical":"https:\/\/ses-creative.com\/de\/produkt\/ich-lerne-schneiden-schritt-fuer-schritt\/","og_locale":"de_DE","og_type":"article","og_title":"Ich lerne schneiden Schritt f\u00fcr Schritt - SES Creative","og_description":"Das Set Ich lerne schneiden Schritt f\u00fcr Schritt von SES Creative bietet Kindern ab 3 Jahren eine sichere und unterhaltsame Einf\u00fchrung ins Schneiden. Enthalten sind 30 farbige Motivkarten in drei Schwierigkeitsstufen sowie drei Scheren: eine Sicherheitsschere, eine Hobbyschere und eine Zick-Zack-Schere \u2013 alle speziell f\u00fcr Rechtsh\u00e4nder und kindersicher. Mit fr\u00f6hlichen Tierfiguren wie dem L\u00f6wen oder [&hellip;]","og_url":"https:\/\/ses-creative.com\/de\/produkt\/ich-lerne-schneiden-schritt-fuer-schritt\/","og_site_name":"SES Creative","article_modified_time":"2026-02-06T09:51:45+00:00","twitter_card":"summary_large_image","twitter_misc":{"Gesch\u00e4tzte Lesezeit":"1\u00a0Minute"},"schema":{"@context":"https:\/\/schema.org","@graph":[{"@type":"WebPage","@id":"https:\/\/ses-creative.com\/de\/produkt\/ich-lerne-schneiden-schritt-fuer-schritt\/","url":"https:\/\/ses-creative.com\/de\/produkt\/ich-lerne-schneiden-schritt-fuer-schritt\/","name":"Ich lerne schneiden Schritt f\u00fcr Schritt - SES Creative","isPartOf":{"@id":"https:\/\/ses-creative.com\/#website"},"primaryImageOfPage":{"@id":"https:\/\/ses-creative.com\/de\/produkt\/ich-lerne-schneiden-schritt-fuer-schritt\/#primaryimage"},"image":{"@id":"https:\/\/ses-creative.com\/de\/produkt\/ich-lerne-schneiden-schritt-fuer-schritt\/#primaryimage"},"thumbnailUrl":"https:\/\/ses-creative.com\/wp-content\/uploads\/2026\/01\/146341.jpg","datePublished":"2026-02-05T13:52:52+00:00","dateModified":"2026-02-06T09:51:45+00:00","breadcrumb":{"@id":"https:\/\/ses-creative.com\/de\/produkt\/ich-lerne-schneiden-schritt-fuer-schritt\/#breadcrumb"},"inLanguage":"de","potentialAction":[{"@type":"ReadAction","target":["https:\/\/ses-creative.com\/de\/produkt\/ich-lerne-schneiden-schritt-fuer-schritt\/"]}]},{"@type":"ImageObject","inLanguage":"de","@id":"https:\/\/ses-creative.com\/de\/produkt\/ich-lerne-schneiden-schritt-fuer-schritt\/#primaryimage","url":"https:\/\/ses-creative.com\/wp-content\/uploads\/2026\/01\/146341.jpg","contentUrl":"https:\/\/ses-creative.com\/wp-content\/uploads\/2026\/01\/146341.jpg","width":1000,"height":1000},{"@type":"BreadcrumbList","@id":"https:\/\/ses-creative.com\/de\/produkt\/ich-lerne-schneiden-schritt-fuer-schritt\/#breadcrumb","itemListElement":[{"@type":"ListItem","position":1,"name":"Shop","item":"https:\/\/ses-creative.com\/de\/shop\/"},{"@type":"ListItem","position":2,"name":"Basteln","item":"https:\/\/ses-creative.com\/de\/product-categorie\/basteln\/"},{"@type":"ListItem","position":3,"name":"Ich lerne schneiden Schritt f\u00fcr Schritt"}]},{"@type":"WebSite","@id":"https:\/\/ses-creative.com\/#website","url":"https:\/\/ses-creative.com\/","name":"SES Creative","description":"","publisher":{"@id":"https:\/\/ses-creative.com\/#organization"},"potentialAction":[{"@type":"SearchAction","target":{"@type":"EntryPoint","urlTemplate":"https:\/\/ses-creative.com\/?s={search_term_string}"},"query-input":{"@type":"PropertyValueSpecification","valueRequired":true,"valueName":"search_term_string"}}],"inLanguage":"de"},{"@type":"Organization","@id":"https:\/\/ses-creative.com\/#organization","name":"SES Creative","url":"https:\/\/ses-creative.com\/","logo":{"@type":"ImageObject","inLanguage":"de","@id":"https:\/\/ses-creative.com\/#\/schema\/logo\/image\/","url":"https:\/\/ses-creative.com\/wp-content\/uploads\/2025\/10\/ses-creative-logo.jpg","contentUrl":"https:\/\/ses-creative.com\/wp-content\/uploads\/2025\/10\/ses-creative-logo.jpg","width":2037,"height":2037,"caption":"SES Creative"},"image":{"@id":"https:\/\/ses-creative.com\/#\/schema\/logo\/image\/"}}]}},"_links":{"self":[{"href":"https:\/\/ses-creative.com\/de\/wp-json\/wp\/v2\/product\/114766","targetHints":{"allow":["GET"]}}],"collection":[{"href":"https:\/\/ses-creative.com\/de\/wp-json\/wp\/v2\/product"}],"about":[{"href":"https:\/\/ses-creative.com\/de\/wp-json\/wp\/v2\/types\/product"}],"replies":[{"embeddable":true,"href":"https:\/\/ses-creative.com\/de\/wp-json\/wp\/v2\/comments?post=114766"}],"wp:featuredmedia":[{"embeddable":true,"href":"https:\/\/ses-creative.com\/de\/wp-json\/wp\/v2\/media\/103856"}],"wp:attachment":[{"href":"https:\/\/ses-creative.com\/de\/wp-json\/wp\/v2\/media?parent=114766"}],"wp:term":[{"taxonomy":"product_brand","embeddable":true,"href":"https:\/\/ses-creative.com\/de\/wp-json\/wp\/v2\/product_brand?post=114766"},{"taxonomy":"product_cat","embeddable":true,"href":"https:\/\/ses-creative.com\/de\/wp-json\/wp\/v2\/product_cat?post=114766"},{"taxonomy":"product_tag","embeddable":true,"href":"https:\/\/ses-creative.com\/de\/wp-json\/wp\/v2\/product_tag?post=114766"}],"curies":[{"name":"wp","href":"https:\/\/api.w.org\/{rel}","templated":true}]}}