











{"id":114765,"date":"2026-02-05T13:52:52","date_gmt":"2026-02-05T13:52:52","guid":{"rendered":"https:\/\/ses-creative.com\/?post_type=product&#038;p=114765"},"modified":"2026-02-06T09:51:45","modified_gmt":"2026-02-06T09:51:45","slug":"ich-lerne-kleben-und-formen-erkennen","status":"publish","type":"product","link":"https:\/\/ses-creative.com\/de\/produkt\/ich-lerne-kleben-und-formen-erkennen\/","title":{"rendered":"Ich lerne kleben und Formen erkennen"},"content":{"rendered":"<p>Entdecken Sie die Welt der Formen, Farben und Kreativit\u00e4t mit dem Set \u201eIch lerne kleben und Formen erkennen\u201c von SES Creative! Dieses farbenfrohe Bastelset macht das Lernen von Formen und Farben so viel Spa\u00df wie nie zuvor. Kinder kleben fr\u00f6hliche Aufkleber und farbiges Klebeband auf die mitgelieferten Bastelkarten und gestalten so ihre eigenen Kunstwerke.<\/p>\n<p>Was dieses Set so besonders macht<\/p>\n<p> Kombiniert Lernen und Basteln f\u00fcr stundenlangen Spielspa\u00df<\/p>\n<p> F\u00f6rdert auf spielerische Weise die Form- und Farberkennung<\/p>\n<p> F\u00f6rdert die Feinmotorik und das kreative Denken<\/p>\n<p> Inklusive buntem Klebeband und Aufklebern zum freien Gestalten<\/p>\n<p> Sicher und geeignet f\u00fcr Kinder ab 3 Jahren<\/p>\n<p>Kreatives Lernen durch Kleben und Entdecken<\/p>\n<p>Kinder w\u00e4hlen eine der 24 Bastelkarten aus und erg\u00e4nzen die Bilder mit Klebeband und Aufklebern. So \u00fcben sie spielerisch mit Formen, Farben und Mustern. Durch den kreativen Prozess entwickeln sie nicht nur ihre Feinmotorik, sondern auch ihre Konzentration und Ausdauer.<\/p>\n<p>Inhalt der Verpackung<\/p>\n<p>5 Rollen farbiges Klebeband<\/p>\n<p>Aufkleber<\/p>\n<p>24 Bastelkarten<\/p>\n<p>Warum SES Creative w\u00e4hlen?<\/p>\n<p>SES Creative stellt seit Jahren hochwertiges Spielzeug her, das Kreativit\u00e4t und Entwicklung f\u00f6rdert. Unsere Produkte werden in den Niederlanden entworfen und hergestellt, wobei Sicherheit, Nachhaltigkeit und endloser Spielspa\u00df im Vordergrund stehen.<\/p>\n<p>Bereit zum Kleben, Lernen und Gestalten?<\/p>\n<p>Bestellen Sie jetzt das SES Creative \u2013 Ich lerne kleben und Formen erkennen und lassen Sie Kinder auf spielerische Weise Formen, Farben und Muster entdecken, w\u00e4hrend sie wundersch\u00f6ne Kunstwerke schaffen!<\/p>\n","protected":false},"excerpt":{"rendered":"<p>Entdecken Sie die Welt der Formen, Farben und Kreativit\u00e4t mit dem Set \u201eIch lerne kleben und Formen erkennen\u201c von SES Creative! Dieses farbenfrohe Bastelset macht das Lernen von Formen und Farben so viel Spa\u00df wie nie zuvor. Kinder kleben fr\u00f6hliche Aufkleber und farbiges Klebeband auf die mitgelieferten Bastelkarten und gestalten so ihre eigenen Kunstwerke. Was [&hellip;]<\/p>\n","protected":false},"featured_media":103836,"comment_status":"closed","ping_status":"closed","template":"","meta":{"_acf_changed":false},"product_brand":[],"product_cat":[115],"product_tag":[],"class_list":{"0":"post-114765","1":"product","2":"type-product","3":"status-publish","4":"has-post-thumbnail","6":"product_cat-basteln","7":"pa_leeftijd-filter-3-4-jahre","8":"pa_meest-populair-bij-jungen-maedchen","10":"first","11":"instock","12":"shipping-taxable","13":"product-type-simple"},"acf":[],"yoast_head":"<!-- This site is optimized with the Yoast SEO plugin v27.2 - https:\/\/yoast.com\/product\/yoast-seo-wordpress\/ -->\n<title>Ich lerne kleben und Formen erkennen - SES Creative<\/title>\n<meta name=\"robots\" content=\"index, follow, max-snippet:-1, max-image-preview:large, max-video-preview:-1\" \/>\n<link rel=\"canonical\" href=\"https:\/\/ses-creative.com\/de\/produkt\/ich-lerne-kleben-und-formen-erkennen\/\" \/>\n<meta property=\"og:locale\" content=\"de_DE\" \/>\n<meta property=\"og:type\" content=\"article\" \/>\n<meta property=\"og:title\" content=\"Ich lerne kleben und Formen erkennen - SES Creative\" \/>\n<meta property=\"og:description\" content=\"Entdecken Sie die Welt der Formen, Farben und Kreativit\u00e4t mit dem Set \u201eIch lerne kleben und Formen erkennen\u201c von SES Creative! Dieses farbenfrohe Bastelset macht das Lernen von Formen und Farben so viel Spa\u00df wie nie zuvor. Kinder kleben fr\u00f6hliche Aufkleber und farbiges Klebeband auf die mitgelieferten Bastelkarten und gestalten so ihre eigenen Kunstwerke. Was [&hellip;]\" \/>\n<meta property=\"og:url\" content=\"https:\/\/ses-creative.com\/de\/produkt\/ich-lerne-kleben-und-formen-erkennen\/\" \/>\n<meta property=\"og:site_name\" content=\"SES Creative\" \/>\n<meta property=\"article:modified_time\" content=\"2026-02-06T09:51:45+00:00\" \/>\n<meta name=\"twitter:card\" content=\"summary_large_image\" \/>\n<meta name=\"twitter:label1\" content=\"Gesch\u00e4tzte Lesezeit\" \/>\n\t<meta name=\"twitter:data1\" content=\"1\u00a0Minute\" \/>\n<script type=\"application\/ld+json\" class=\"yoast-schema-graph\">{\"@context\":\"https:\/\/schema.org\",\"@graph\":[{\"@type\":\"WebPage\",\"@id\":\"https:\/\/ses-creative.com\/de\/produkt\/ich-lerne-kleben-und-formen-erkennen\/\",\"url\":\"https:\/\/ses-creative.com\/de\/produkt\/ich-lerne-kleben-und-formen-erkennen\/\",\"name\":\"Ich lerne kleben und Formen erkennen - SES Creative\",\"isPartOf\":{\"@id\":\"https:\/\/ses-creative.com\/#website\"},\"primaryImageOfPage\":{\"@id\":\"https:\/\/ses-creative.com\/de\/produkt\/ich-lerne-kleben-und-formen-erkennen\/#primaryimage\"},\"image\":{\"@id\":\"https:\/\/ses-creative.com\/de\/produkt\/ich-lerne-kleben-und-formen-erkennen\/#primaryimage\"},\"thumbnailUrl\":\"https:\/\/ses-creative.com\/wp-content\/uploads\/2026\/01\/146321.jpg\",\"datePublished\":\"2026-02-05T13:52:52+00:00\",\"dateModified\":\"2026-02-06T09:51:45+00:00\",\"breadcrumb\":{\"@id\":\"https:\/\/ses-creative.com\/de\/produkt\/ich-lerne-kleben-und-formen-erkennen\/#breadcrumb\"},\"inLanguage\":\"de\",\"potentialAction\":[{\"@type\":\"ReadAction\",\"target\":[\"https:\/\/ses-creative.com\/de\/produkt\/ich-lerne-kleben-und-formen-erkennen\/\"]}]},{\"@type\":\"ImageObject\",\"inLanguage\":\"de\",\"@id\":\"https:\/\/ses-creative.com\/de\/produkt\/ich-lerne-kleben-und-formen-erkennen\/#primaryimage\",\"url\":\"https:\/\/ses-creative.com\/wp-content\/uploads\/2026\/01\/146321.jpg\",\"contentUrl\":\"https:\/\/ses-creative.com\/wp-content\/uploads\/2026\/01\/146321.jpg\",\"width\":1000,\"height\":1000},{\"@type\":\"BreadcrumbList\",\"@id\":\"https:\/\/ses-creative.com\/de\/produkt\/ich-lerne-kleben-und-formen-erkennen\/#breadcrumb\",\"itemListElement\":[{\"@type\":\"ListItem\",\"position\":1,\"name\":\"Shop\",\"item\":\"https:\/\/ses-creative.com\/de\/shop\/\"},{\"@type\":\"ListItem\",\"position\":2,\"name\":\"Basteln\",\"item\":\"https:\/\/ses-creative.com\/de\/product-categorie\/basteln\/\"},{\"@type\":\"ListItem\",\"position\":3,\"name\":\"Ich lerne kleben und Formen erkennen\"}]},{\"@type\":\"WebSite\",\"@id\":\"https:\/\/ses-creative.com\/#website\",\"url\":\"https:\/\/ses-creative.com\/\",\"name\":\"SES Creative\",\"description\":\"\",\"publisher\":{\"@id\":\"https:\/\/ses-creative.com\/#organization\"},\"potentialAction\":[{\"@type\":\"SearchAction\",\"target\":{\"@type\":\"EntryPoint\",\"urlTemplate\":\"https:\/\/ses-creative.com\/?s={search_term_string}\"},\"query-input\":{\"@type\":\"PropertyValueSpecification\",\"valueRequired\":true,\"valueName\":\"search_term_string\"}}],\"inLanguage\":\"de\"},{\"@type\":\"Organization\",\"@id\":\"https:\/\/ses-creative.com\/#organization\",\"name\":\"SES Creative\",\"url\":\"https:\/\/ses-creative.com\/\",\"logo\":{\"@type\":\"ImageObject\",\"inLanguage\":\"de\",\"@id\":\"https:\/\/ses-creative.com\/#\/schema\/logo\/image\/\",\"url\":\"https:\/\/ses-creative.com\/wp-content\/uploads\/2025\/10\/ses-creative-logo.jpg\",\"contentUrl\":\"https:\/\/ses-creative.com\/wp-content\/uploads\/2025\/10\/ses-creative-logo.jpg\",\"width\":2037,\"height\":2037,\"caption\":\"SES Creative\"},\"image\":{\"@id\":\"https:\/\/ses-creative.com\/#\/schema\/logo\/image\/\"}}]}<\/script>\n<!-- \/ Yoast SEO plugin. -->","yoast_head_json":{"title":"Ich lerne kleben und Formen erkennen - SES Creative","robots":{"index":"index","follow":"follow","max-snippet":"max-snippet:-1","max-image-preview":"max-image-preview:large","max-video-preview":"max-video-preview:-1"},"canonical":"https:\/\/ses-creative.com\/de\/produkt\/ich-lerne-kleben-und-formen-erkennen\/","og_locale":"de_DE","og_type":"article","og_title":"Ich lerne kleben und Formen erkennen - SES Creative","og_description":"Entdecken Sie die Welt der Formen, Farben und Kreativit\u00e4t mit dem Set \u201eIch lerne kleben und Formen erkennen\u201c von SES Creative! Dieses farbenfrohe Bastelset macht das Lernen von Formen und Farben so viel Spa\u00df wie nie zuvor. Kinder kleben fr\u00f6hliche Aufkleber und farbiges Klebeband auf die mitgelieferten Bastelkarten und gestalten so ihre eigenen Kunstwerke. Was [&hellip;]","og_url":"https:\/\/ses-creative.com\/de\/produkt\/ich-lerne-kleben-und-formen-erkennen\/","og_site_name":"SES Creative","article_modified_time":"2026-02-06T09:51:45+00:00","twitter_card":"summary_large_image","twitter_misc":{"Gesch\u00e4tzte Lesezeit":"1\u00a0Minute"},"schema":{"@context":"https:\/\/schema.org","@graph":[{"@type":"WebPage","@id":"https:\/\/ses-creative.com\/de\/produkt\/ich-lerne-kleben-und-formen-erkennen\/","url":"https:\/\/ses-creative.com\/de\/produkt\/ich-lerne-kleben-und-formen-erkennen\/","name":"Ich lerne kleben und Formen erkennen - SES Creative","isPartOf":{"@id":"https:\/\/ses-creative.com\/#website"},"primaryImageOfPage":{"@id":"https:\/\/ses-creative.com\/de\/produkt\/ich-lerne-kleben-und-formen-erkennen\/#primaryimage"},"image":{"@id":"https:\/\/ses-creative.com\/de\/produkt\/ich-lerne-kleben-und-formen-erkennen\/#primaryimage"},"thumbnailUrl":"https:\/\/ses-creative.com\/wp-content\/uploads\/2026\/01\/146321.jpg","datePublished":"2026-02-05T13:52:52+00:00","dateModified":"2026-02-06T09:51:45+00:00","breadcrumb":{"@id":"https:\/\/ses-creative.com\/de\/produkt\/ich-lerne-kleben-und-formen-erkennen\/#breadcrumb"},"inLanguage":"de","potentialAction":[{"@type":"ReadAction","target":["https:\/\/ses-creative.com\/de\/produkt\/ich-lerne-kleben-und-formen-erkennen\/"]}]},{"@type":"ImageObject","inLanguage":"de","@id":"https:\/\/ses-creative.com\/de\/produkt\/ich-lerne-kleben-und-formen-erkennen\/#primaryimage","url":"https:\/\/ses-creative.com\/wp-content\/uploads\/2026\/01\/146321.jpg","contentUrl":"https:\/\/ses-creative.com\/wp-content\/uploads\/2026\/01\/146321.jpg","width":1000,"height":1000},{"@type":"BreadcrumbList","@id":"https:\/\/ses-creative.com\/de\/produkt\/ich-lerne-kleben-und-formen-erkennen\/#breadcrumb","itemListElement":[{"@type":"ListItem","position":1,"name":"Shop","item":"https:\/\/ses-creative.com\/de\/shop\/"},{"@type":"ListItem","position":2,"name":"Basteln","item":"https:\/\/ses-creative.com\/de\/product-categorie\/basteln\/"},{"@type":"ListItem","position":3,"name":"Ich lerne kleben und Formen erkennen"}]},{"@type":"WebSite","@id":"https:\/\/ses-creative.com\/#website","url":"https:\/\/ses-creative.com\/","name":"SES Creative","description":"","publisher":{"@id":"https:\/\/ses-creative.com\/#organization"},"potentialAction":[{"@type":"SearchAction","target":{"@type":"EntryPoint","urlTemplate":"https:\/\/ses-creative.com\/?s={search_term_string}"},"query-input":{"@type":"PropertyValueSpecification","valueRequired":true,"valueName":"search_term_string"}}],"inLanguage":"de"},{"@type":"Organization","@id":"https:\/\/ses-creative.com\/#organization","name":"SES Creative","url":"https:\/\/ses-creative.com\/","logo":{"@type":"ImageObject","inLanguage":"de","@id":"https:\/\/ses-creative.com\/#\/schema\/logo\/image\/","url":"https:\/\/ses-creative.com\/wp-content\/uploads\/2025\/10\/ses-creative-logo.jpg","contentUrl":"https:\/\/ses-creative.com\/wp-content\/uploads\/2025\/10\/ses-creative-logo.jpg","width":2037,"height":2037,"caption":"SES Creative"},"image":{"@id":"https:\/\/ses-creative.com\/#\/schema\/logo\/image\/"}}]}},"_links":{"self":[{"href":"https:\/\/ses-creative.com\/de\/wp-json\/wp\/v2\/product\/114765","targetHints":{"allow":["GET"]}}],"collection":[{"href":"https:\/\/ses-creative.com\/de\/wp-json\/wp\/v2\/product"}],"about":[{"href":"https:\/\/ses-creative.com\/de\/wp-json\/wp\/v2\/types\/product"}],"replies":[{"embeddable":true,"href":"https:\/\/ses-creative.com\/de\/wp-json\/wp\/v2\/comments?post=114765"}],"wp:featuredmedia":[{"embeddable":true,"href":"https:\/\/ses-creative.com\/de\/wp-json\/wp\/v2\/media\/103836"}],"wp:attachment":[{"href":"https:\/\/ses-creative.com\/de\/wp-json\/wp\/v2\/media?parent=114765"}],"wp:term":[{"taxonomy":"product_brand","embeddable":true,"href":"https:\/\/ses-creative.com\/de\/wp-json\/wp\/v2\/product_brand?post=114765"},{"taxonomy":"product_cat","embeddable":true,"href":"https:\/\/ses-creative.com\/de\/wp-json\/wp\/v2\/product_cat?post=114765"},{"taxonomy":"product_tag","embeddable":true,"href":"https:\/\/ses-creative.com\/de\/wp-json\/wp\/v2\/product_tag?post=114765"}],"curies":[{"name":"wp","href":"https:\/\/api.w.org\/{rel}","templated":true}]}}