











{"id":114764,"date":"2026-02-05T13:52:52","date_gmt":"2026-02-05T13:52:52","guid":{"rendered":"https:\/\/ses-creative.com\/?post_type=product&#038;p=114764"},"modified":"2026-02-06T09:51:44","modified_gmt":"2026-02-06T09:51:44","slug":"ich-lerne-schuhe-binden","status":"publish","type":"product","link":"https:\/\/ses-creative.com\/de\/produkt\/ich-lerne-schuhe-binden\/","title":{"rendered":"Ich lerne Schuhe binden"},"content":{"rendered":"<p>Das Lernset \u201eIch lerne meine Schuhe zu binden\u201c von SES Creative ist f\u00fcr Kinder von 3 bis 6 Jahren gedacht. Es enth\u00e4lt einen realistisch gestalteten Lernschuh mit einem langen Schn\u00fcrsenkel zum \u00dcben. Das Set f\u00f6rdert allt\u00e4gliche F\u00e4higkeiten wie Schleifenbinden durch strukturierte visuelle Anleitungen. Die Aktivit\u00e4t verbessert Feinmotorik, Konzentration und Selbstst\u00e4ndigkeit \u2013 ideal zur Vorbereitung auf die Schule. Das Spielzeug ist einfach, sicher, EU-konform und vermittelt praxisnahes Wissen in einer kindgerechten Umgebung.<\/p>\n","protected":false},"excerpt":{"rendered":"<p>Das Lernset \u201eIch lerne meine Schuhe zu binden\u201c von SES Creative ist f\u00fcr Kinder von 3 bis 6 Jahren gedacht. Es enth\u00e4lt einen realistisch gestalteten Lernschuh mit einem langen Schn\u00fcrsenkel zum \u00dcben. Das Set f\u00f6rdert allt\u00e4gliche F\u00e4higkeiten wie Schleifenbinden durch strukturierte visuelle Anleitungen. Die Aktivit\u00e4t verbessert Feinmotorik, Konzentration und Selbstst\u00e4ndigkeit \u2013 ideal zur Vorbereitung auf [&hellip;]<\/p>\n","protected":false},"featured_media":103816,"comment_status":"closed","ping_status":"closed","template":"","meta":{"_acf_changed":false},"product_brand":[],"product_cat":[115],"product_tag":[],"class_list":{"0":"post-114764","1":"product","2":"type-product","3":"status-publish","4":"has-post-thumbnail","6":"product_cat-basteln","7":"pa_leeftijd-filter-3-4-jahre","8":"pa_meest-populair-bij-jungen-maedchen","10":"first","11":"instock","12":"shipping-taxable","13":"product-type-simple"},"acf":[],"yoast_head":"<!-- This site is optimized with the Yoast SEO plugin v27.2 - https:\/\/yoast.com\/product\/yoast-seo-wordpress\/ -->\n<title>Ich lerne Schuhe binden - SES Creative<\/title>\n<meta name=\"robots\" content=\"index, follow, max-snippet:-1, max-image-preview:large, max-video-preview:-1\" \/>\n<link rel=\"canonical\" href=\"https:\/\/ses-creative.com\/de\/produkt\/ich-lerne-schuhe-binden\/\" \/>\n<meta property=\"og:locale\" content=\"de_DE\" \/>\n<meta property=\"og:type\" content=\"article\" \/>\n<meta property=\"og:title\" content=\"Ich lerne Schuhe binden - SES Creative\" \/>\n<meta property=\"og:description\" content=\"Das Lernset \u201eIch lerne meine Schuhe zu binden\u201c von SES Creative ist f\u00fcr Kinder von 3 bis 6 Jahren gedacht. Es enth\u00e4lt einen realistisch gestalteten Lernschuh mit einem langen Schn\u00fcrsenkel zum \u00dcben. Das Set f\u00f6rdert allt\u00e4gliche F\u00e4higkeiten wie Schleifenbinden durch strukturierte visuelle Anleitungen. Die Aktivit\u00e4t verbessert Feinmotorik, Konzentration und Selbstst\u00e4ndigkeit \u2013 ideal zur Vorbereitung auf [&hellip;]\" \/>\n<meta property=\"og:url\" content=\"https:\/\/ses-creative.com\/de\/produkt\/ich-lerne-schuhe-binden\/\" \/>\n<meta property=\"og:site_name\" content=\"SES Creative\" \/>\n<meta property=\"article:modified_time\" content=\"2026-02-06T09:51:44+00:00\" \/>\n<meta name=\"twitter:card\" content=\"summary_large_image\" \/>\n<script type=\"application\/ld+json\" class=\"yoast-schema-graph\">{\"@context\":\"https:\/\/schema.org\",\"@graph\":[{\"@type\":\"WebPage\",\"@id\":\"https:\/\/ses-creative.com\/de\/produkt\/ich-lerne-schuhe-binden\/\",\"url\":\"https:\/\/ses-creative.com\/de\/produkt\/ich-lerne-schuhe-binden\/\",\"name\":\"Ich lerne Schuhe binden - SES Creative\",\"isPartOf\":{\"@id\":\"https:\/\/ses-creative.com\/#website\"},\"primaryImageOfPage\":{\"@id\":\"https:\/\/ses-creative.com\/de\/produkt\/ich-lerne-schuhe-binden\/#primaryimage\"},\"image\":{\"@id\":\"https:\/\/ses-creative.com\/de\/produkt\/ich-lerne-schuhe-binden\/#primaryimage\"},\"thumbnailUrl\":\"https:\/\/ses-creative.com\/wp-content\/uploads\/2026\/01\/146291.jpg\",\"datePublished\":\"2026-02-05T13:52:52+00:00\",\"dateModified\":\"2026-02-06T09:51:44+00:00\",\"breadcrumb\":{\"@id\":\"https:\/\/ses-creative.com\/de\/produkt\/ich-lerne-schuhe-binden\/#breadcrumb\"},\"inLanguage\":\"de\",\"potentialAction\":[{\"@type\":\"ReadAction\",\"target\":[\"https:\/\/ses-creative.com\/de\/produkt\/ich-lerne-schuhe-binden\/\"]}]},{\"@type\":\"ImageObject\",\"inLanguage\":\"de\",\"@id\":\"https:\/\/ses-creative.com\/de\/produkt\/ich-lerne-schuhe-binden\/#primaryimage\",\"url\":\"https:\/\/ses-creative.com\/wp-content\/uploads\/2026\/01\/146291.jpg\",\"contentUrl\":\"https:\/\/ses-creative.com\/wp-content\/uploads\/2026\/01\/146291.jpg\",\"width\":1000,\"height\":1000},{\"@type\":\"BreadcrumbList\",\"@id\":\"https:\/\/ses-creative.com\/de\/produkt\/ich-lerne-schuhe-binden\/#breadcrumb\",\"itemListElement\":[{\"@type\":\"ListItem\",\"position\":1,\"name\":\"Shop\",\"item\":\"https:\/\/ses-creative.com\/de\/shop\/\"},{\"@type\":\"ListItem\",\"position\":2,\"name\":\"Basteln\",\"item\":\"https:\/\/ses-creative.com\/de\/product-categorie\/basteln\/\"},{\"@type\":\"ListItem\",\"position\":3,\"name\":\"Ich lerne Schuhe binden\"}]},{\"@type\":\"WebSite\",\"@id\":\"https:\/\/ses-creative.com\/#website\",\"url\":\"https:\/\/ses-creative.com\/\",\"name\":\"SES Creative\",\"description\":\"\",\"publisher\":{\"@id\":\"https:\/\/ses-creative.com\/#organization\"},\"potentialAction\":[{\"@type\":\"SearchAction\",\"target\":{\"@type\":\"EntryPoint\",\"urlTemplate\":\"https:\/\/ses-creative.com\/?s={search_term_string}\"},\"query-input\":{\"@type\":\"PropertyValueSpecification\",\"valueRequired\":true,\"valueName\":\"search_term_string\"}}],\"inLanguage\":\"de\"},{\"@type\":\"Organization\",\"@id\":\"https:\/\/ses-creative.com\/#organization\",\"name\":\"SES Creative\",\"url\":\"https:\/\/ses-creative.com\/\",\"logo\":{\"@type\":\"ImageObject\",\"inLanguage\":\"de\",\"@id\":\"https:\/\/ses-creative.com\/#\/schema\/logo\/image\/\",\"url\":\"https:\/\/ses-creative.com\/wp-content\/uploads\/2025\/10\/ses-creative-logo.jpg\",\"contentUrl\":\"https:\/\/ses-creative.com\/wp-content\/uploads\/2025\/10\/ses-creative-logo.jpg\",\"width\":2037,\"height\":2037,\"caption\":\"SES Creative\"},\"image\":{\"@id\":\"https:\/\/ses-creative.com\/#\/schema\/logo\/image\/\"}}]}<\/script>\n<!-- \/ Yoast SEO plugin. -->","yoast_head_json":{"title":"Ich lerne Schuhe binden - SES Creative","robots":{"index":"index","follow":"follow","max-snippet":"max-snippet:-1","max-image-preview":"max-image-preview:large","max-video-preview":"max-video-preview:-1"},"canonical":"https:\/\/ses-creative.com\/de\/produkt\/ich-lerne-schuhe-binden\/","og_locale":"de_DE","og_type":"article","og_title":"Ich lerne Schuhe binden - SES Creative","og_description":"Das Lernset \u201eIch lerne meine Schuhe zu binden\u201c von SES Creative ist f\u00fcr Kinder von 3 bis 6 Jahren gedacht. Es enth\u00e4lt einen realistisch gestalteten Lernschuh mit einem langen Schn\u00fcrsenkel zum \u00dcben. Das Set f\u00f6rdert allt\u00e4gliche F\u00e4higkeiten wie Schleifenbinden durch strukturierte visuelle Anleitungen. Die Aktivit\u00e4t verbessert Feinmotorik, Konzentration und Selbstst\u00e4ndigkeit \u2013 ideal zur Vorbereitung auf [&hellip;]","og_url":"https:\/\/ses-creative.com\/de\/produkt\/ich-lerne-schuhe-binden\/","og_site_name":"SES Creative","article_modified_time":"2026-02-06T09:51:44+00:00","twitter_card":"summary_large_image","schema":{"@context":"https:\/\/schema.org","@graph":[{"@type":"WebPage","@id":"https:\/\/ses-creative.com\/de\/produkt\/ich-lerne-schuhe-binden\/","url":"https:\/\/ses-creative.com\/de\/produkt\/ich-lerne-schuhe-binden\/","name":"Ich lerne Schuhe binden - SES Creative","isPartOf":{"@id":"https:\/\/ses-creative.com\/#website"},"primaryImageOfPage":{"@id":"https:\/\/ses-creative.com\/de\/produkt\/ich-lerne-schuhe-binden\/#primaryimage"},"image":{"@id":"https:\/\/ses-creative.com\/de\/produkt\/ich-lerne-schuhe-binden\/#primaryimage"},"thumbnailUrl":"https:\/\/ses-creative.com\/wp-content\/uploads\/2026\/01\/146291.jpg","datePublished":"2026-02-05T13:52:52+00:00","dateModified":"2026-02-06T09:51:44+00:00","breadcrumb":{"@id":"https:\/\/ses-creative.com\/de\/produkt\/ich-lerne-schuhe-binden\/#breadcrumb"},"inLanguage":"de","potentialAction":[{"@type":"ReadAction","target":["https:\/\/ses-creative.com\/de\/produkt\/ich-lerne-schuhe-binden\/"]}]},{"@type":"ImageObject","inLanguage":"de","@id":"https:\/\/ses-creative.com\/de\/produkt\/ich-lerne-schuhe-binden\/#primaryimage","url":"https:\/\/ses-creative.com\/wp-content\/uploads\/2026\/01\/146291.jpg","contentUrl":"https:\/\/ses-creative.com\/wp-content\/uploads\/2026\/01\/146291.jpg","width":1000,"height":1000},{"@type":"BreadcrumbList","@id":"https:\/\/ses-creative.com\/de\/produkt\/ich-lerne-schuhe-binden\/#breadcrumb","itemListElement":[{"@type":"ListItem","position":1,"name":"Shop","item":"https:\/\/ses-creative.com\/de\/shop\/"},{"@type":"ListItem","position":2,"name":"Basteln","item":"https:\/\/ses-creative.com\/de\/product-categorie\/basteln\/"},{"@type":"ListItem","position":3,"name":"Ich lerne Schuhe binden"}]},{"@type":"WebSite","@id":"https:\/\/ses-creative.com\/#website","url":"https:\/\/ses-creative.com\/","name":"SES Creative","description":"","publisher":{"@id":"https:\/\/ses-creative.com\/#organization"},"potentialAction":[{"@type":"SearchAction","target":{"@type":"EntryPoint","urlTemplate":"https:\/\/ses-creative.com\/?s={search_term_string}"},"query-input":{"@type":"PropertyValueSpecification","valueRequired":true,"valueName":"search_term_string"}}],"inLanguage":"de"},{"@type":"Organization","@id":"https:\/\/ses-creative.com\/#organization","name":"SES Creative","url":"https:\/\/ses-creative.com\/","logo":{"@type":"ImageObject","inLanguage":"de","@id":"https:\/\/ses-creative.com\/#\/schema\/logo\/image\/","url":"https:\/\/ses-creative.com\/wp-content\/uploads\/2025\/10\/ses-creative-logo.jpg","contentUrl":"https:\/\/ses-creative.com\/wp-content\/uploads\/2025\/10\/ses-creative-logo.jpg","width":2037,"height":2037,"caption":"SES Creative"},"image":{"@id":"https:\/\/ses-creative.com\/#\/schema\/logo\/image\/"}}]}},"_links":{"self":[{"href":"https:\/\/ses-creative.com\/de\/wp-json\/wp\/v2\/product\/114764","targetHints":{"allow":["GET"]}}],"collection":[{"href":"https:\/\/ses-creative.com\/de\/wp-json\/wp\/v2\/product"}],"about":[{"href":"https:\/\/ses-creative.com\/de\/wp-json\/wp\/v2\/types\/product"}],"replies":[{"embeddable":true,"href":"https:\/\/ses-creative.com\/de\/wp-json\/wp\/v2\/comments?post=114764"}],"wp:featuredmedia":[{"embeddable":true,"href":"https:\/\/ses-creative.com\/de\/wp-json\/wp\/v2\/media\/103816"}],"wp:attachment":[{"href":"https:\/\/ses-creative.com\/de\/wp-json\/wp\/v2\/media?parent=114764"}],"wp:term":[{"taxonomy":"product_brand","embeddable":true,"href":"https:\/\/ses-creative.com\/de\/wp-json\/wp\/v2\/product_brand?post=114764"},{"taxonomy":"product_cat","embeddable":true,"href":"https:\/\/ses-creative.com\/de\/wp-json\/wp\/v2\/product_cat?post=114764"},{"taxonomy":"product_tag","embeddable":true,"href":"https:\/\/ses-creative.com\/de\/wp-json\/wp\/v2\/product_tag?post=114764"}],"curies":[{"name":"wp","href":"https:\/\/api.w.org\/{rel}","templated":true}]}}