











{"id":114762,"date":"2026-02-05T13:52:52","date_gmt":"2026-02-05T13:52:52","guid":{"rendered":"https:\/\/ses-creative.com\/?post_type=product&#038;p=114762"},"modified":"2026-02-06T09:51:44","modified_gmt":"2026-02-06T09:51:44","slug":"sticker-stamper-fantasietiere","status":"publish","type":"product","link":"https:\/\/ses-creative.com\/de\/produkt\/sticker-stamper-fantasietiere\/","title":{"rendered":"Sticker stamper &#8211; Fantasietiere"},"content":{"rendered":"<p>Sticker-Stamper \u2013 Fantasietiere<\/p>\n<p>Mit dem Sticker-Stamper \u2013 Fantasietiere gestalten Kinder ab 3 Jahren im Handumdrehen magische Kunstwerke. Einfach das Stempelger\u00e4t auf die Karte setzen, Knopf dr\u00fccken und der fantasievolle Sticker sitzt sofort an der richtigen Stelle. So macht Stickerkleben noch mehr Spa\u00df und geht ganz leicht.<\/p>\n<p>Warum dieses Set gro\u00dfartig ist<\/p>\n<p>Kombiniert Stempeln und Stickerkleben in einem praktischen Werkzeug.<\/p>\n<p>160 Sticker in 10 einzigartigen Fantasietiermotiven f\u00fcr endlosen Spa\u00df.<\/p>\n<p>Sechs Karten im Fantasiethema, die immer ein sch\u00f6nes Ergebnis liefern.<\/p>\n<p>Kompakt und ideal f\u00fcr unterwegs oder als kreatives Geschenk.<\/p>\n<p>Kinderfreundlich und einfach: dr\u00fccken, kleben, fertig.<\/p>\n<p>Magie mit einem Druck<br \/>\nDer Sticker-Stamper \u2013 Fantasietiere bringt eine Prise Fantasie in jedes Bastelerlebnis. Kinder m\u00fcssen keine einzelnen Sticker suchen oder abziehen: ein Knopfdruck und das Kunstwerk erh\u00e4lt sofort eine besondere Note. Perfekt, um Karten, Kalender oder andere Kreationen zu Hause oder unterwegs schnell zu verzieren.<\/p>\n<p>Inhalt des Sets<\/p>\n<p>Sticker-Stempelmaschine mit 160 Fantasie-Stickern<\/p>\n<p>6 fr\u00f6hliche Karten im Fantasiethema<\/p>\n<p>Warum SES Creative w\u00e4hlen<br \/>\nBei SES Creative steht Sicherheit an erster Stelle. Deshalb werden die Produkte in unserer Fabrik in den Niederlanden hergestellt und nach den strengsten europ\u00e4ischen Sicherheitsnormen gepr\u00fcft. SES Creative Spielzeug sorgt f\u00fcr Spa\u00df und ist so gestaltet, dass Kinder stolz auf ihre Werke sein k\u00f6nnen, was Kreativit\u00e4t und Entwicklung f\u00f6rdert.<\/p>\n<p>Lassen Sie Ihre Fantasiewelt mit dem Sticker-Stamper lebendig werden!<\/p>\n","protected":false},"excerpt":{"rendered":"<p>Sticker-Stamper \u2013 Fantasietiere Mit dem Sticker-Stamper \u2013 Fantasietiere gestalten Kinder ab 3 Jahren im Handumdrehen magische Kunstwerke. Einfach das Stempelger\u00e4t auf die Karte setzen, Knopf dr\u00fccken und der fantasievolle Sticker sitzt sofort an der richtigen Stelle. So macht Stickerkleben noch mehr Spa\u00df und geht ganz leicht. Warum dieses Set gro\u00dfartig ist Kombiniert Stempeln und Stickerkleben [&hellip;]<\/p>\n","protected":false},"featured_media":107543,"comment_status":"closed","ping_status":"closed","template":"","meta":{"_acf_changed":false},"product_brand":[],"product_cat":[115],"product_tag":[],"class_list":{"0":"post-114762","1":"product","2":"type-product","3":"status-publish","4":"has-post-thumbnail","6":"product_cat-basteln","7":"pa_leeftijd-filter-3-4-jahre","8":"pa_meest-populair-bij-jungen-maedchen","10":"first","11":"instock","12":"shipping-taxable","13":"product-type-simple"},"acf":[],"yoast_head":"<!-- This site is optimized with the Yoast SEO plugin v27.4 - https:\/\/yoast.com\/product\/yoast-seo-wordpress\/ -->\n<title>Sticker stamper - Fantasietiere - SES Creative<\/title>\n<meta name=\"robots\" content=\"index, follow, max-snippet:-1, max-image-preview:large, max-video-preview:-1\" \/>\n<link rel=\"canonical\" href=\"https:\/\/ses-creative.com\/de\/produkt\/sticker-stamper-fantasietiere\/\" \/>\n<meta property=\"og:locale\" content=\"de_DE\" \/>\n<meta property=\"og:type\" content=\"article\" \/>\n<meta property=\"og:title\" content=\"Sticker stamper - Fantasietiere - SES Creative\" \/>\n<meta property=\"og:description\" content=\"Sticker-Stamper \u2013 Fantasietiere Mit dem Sticker-Stamper \u2013 Fantasietiere gestalten Kinder ab 3 Jahren im Handumdrehen magische Kunstwerke. Einfach das Stempelger\u00e4t auf die Karte setzen, Knopf dr\u00fccken und der fantasievolle Sticker sitzt sofort an der richtigen Stelle. So macht Stickerkleben noch mehr Spa\u00df und geht ganz leicht. Warum dieses Set gro\u00dfartig ist Kombiniert Stempeln und Stickerkleben [&hellip;]\" \/>\n<meta property=\"og:url\" content=\"https:\/\/ses-creative.com\/de\/produkt\/sticker-stamper-fantasietiere\/\" \/>\n<meta property=\"og:site_name\" content=\"SES Creative\" \/>\n<meta property=\"article:modified_time\" content=\"2026-02-06T09:51:44+00:00\" \/>\n<meta name=\"twitter:card\" content=\"summary_large_image\" \/>\n<meta name=\"twitter:label1\" content=\"Gesch\u00e4tzte Lesezeit\" \/>\n\t<meta name=\"twitter:data1\" content=\"1\u00a0Minute\" \/>\n<script type=\"application\/ld+json\" class=\"yoast-schema-graph\">{\"@context\":\"https:\\\/\\\/schema.org\",\"@graph\":[{\"@type\":\"WebPage\",\"@id\":\"https:\\\/\\\/ses-creative.com\\\/de\\\/produkt\\\/sticker-stamper-fantasietiere\\\/\",\"url\":\"https:\\\/\\\/ses-creative.com\\\/de\\\/produkt\\\/sticker-stamper-fantasietiere\\\/\",\"name\":\"Sticker stamper - Fantasietiere - SES Creative\",\"isPartOf\":{\"@id\":\"https:\\\/\\\/ses-creative.com\\\/#website\"},\"primaryImageOfPage\":{\"@id\":\"https:\\\/\\\/ses-creative.com\\\/de\\\/produkt\\\/sticker-stamper-fantasietiere\\\/#primaryimage\"},\"image\":{\"@id\":\"https:\\\/\\\/ses-creative.com\\\/de\\\/produkt\\\/sticker-stamper-fantasietiere\\\/#primaryimage\"},\"thumbnailUrl\":\"https:\\\/\\\/ses-creative.com\\\/wp-content\\\/uploads\\\/2026\\\/01\\\/146071-1.jpg\",\"datePublished\":\"2026-02-05T13:52:52+00:00\",\"dateModified\":\"2026-02-06T09:51:44+00:00\",\"breadcrumb\":{\"@id\":\"https:\\\/\\\/ses-creative.com\\\/de\\\/produkt\\\/sticker-stamper-fantasietiere\\\/#breadcrumb\"},\"inLanguage\":\"de\",\"potentialAction\":[{\"@type\":\"ReadAction\",\"target\":[\"https:\\\/\\\/ses-creative.com\\\/de\\\/produkt\\\/sticker-stamper-fantasietiere\\\/\"]}]},{\"@type\":\"ImageObject\",\"inLanguage\":\"de\",\"@id\":\"https:\\\/\\\/ses-creative.com\\\/de\\\/produkt\\\/sticker-stamper-fantasietiere\\\/#primaryimage\",\"url\":\"https:\\\/\\\/ses-creative.com\\\/wp-content\\\/uploads\\\/2026\\\/01\\\/146071-1.jpg\",\"contentUrl\":\"https:\\\/\\\/ses-creative.com\\\/wp-content\\\/uploads\\\/2026\\\/01\\\/146071-1.jpg\",\"width\":1000,\"height\":1000},{\"@type\":\"BreadcrumbList\",\"@id\":\"https:\\\/\\\/ses-creative.com\\\/de\\\/produkt\\\/sticker-stamper-fantasietiere\\\/#breadcrumb\",\"itemListElement\":[{\"@type\":\"ListItem\",\"position\":1,\"name\":\"Shop\",\"item\":\"https:\\\/\\\/ses-creative.com\\\/de\\\/shop\\\/\"},{\"@type\":\"ListItem\",\"position\":2,\"name\":\"Basteln\",\"item\":\"https:\\\/\\\/ses-creative.com\\\/de\\\/product-categorie\\\/basteln\\\/\"},{\"@type\":\"ListItem\",\"position\":3,\"name\":\"Sticker stamper &#8211; Fantasietiere\"}]},{\"@type\":\"WebSite\",\"@id\":\"https:\\\/\\\/ses-creative.com\\\/#website\",\"url\":\"https:\\\/\\\/ses-creative.com\\\/\",\"name\":\"SES Creative\",\"description\":\"\",\"publisher\":{\"@id\":\"https:\\\/\\\/ses-creative.com\\\/#organization\"},\"potentialAction\":[{\"@type\":\"SearchAction\",\"target\":{\"@type\":\"EntryPoint\",\"urlTemplate\":\"https:\\\/\\\/ses-creative.com\\\/?s={search_term_string}\"},\"query-input\":{\"@type\":\"PropertyValueSpecification\",\"valueRequired\":true,\"valueName\":\"search_term_string\"}}],\"inLanguage\":\"de\"},{\"@type\":\"Organization\",\"@id\":\"https:\\\/\\\/ses-creative.com\\\/#organization\",\"name\":\"SES Creative\",\"url\":\"https:\\\/\\\/ses-creative.com\\\/\",\"logo\":{\"@type\":\"ImageObject\",\"inLanguage\":\"de\",\"@id\":\"https:\\\/\\\/ses-creative.com\\\/#\\\/schema\\\/logo\\\/image\\\/\",\"url\":\"https:\\\/\\\/ses-creative.com\\\/wp-content\\\/uploads\\\/2025\\\/10\\\/ses-creative-logo.jpg\",\"contentUrl\":\"https:\\\/\\\/ses-creative.com\\\/wp-content\\\/uploads\\\/2025\\\/10\\\/ses-creative-logo.jpg\",\"width\":2037,\"height\":2037,\"caption\":\"SES Creative\"},\"image\":{\"@id\":\"https:\\\/\\\/ses-creative.com\\\/#\\\/schema\\\/logo\\\/image\\\/\"}}]}<\/script>\n<!-- \/ Yoast SEO plugin. -->","yoast_head_json":{"title":"Sticker stamper - Fantasietiere - SES Creative","robots":{"index":"index","follow":"follow","max-snippet":"max-snippet:-1","max-image-preview":"max-image-preview:large","max-video-preview":"max-video-preview:-1"},"canonical":"https:\/\/ses-creative.com\/de\/produkt\/sticker-stamper-fantasietiere\/","og_locale":"de_DE","og_type":"article","og_title":"Sticker stamper - Fantasietiere - SES Creative","og_description":"Sticker-Stamper \u2013 Fantasietiere Mit dem Sticker-Stamper \u2013 Fantasietiere gestalten Kinder ab 3 Jahren im Handumdrehen magische Kunstwerke. Einfach das Stempelger\u00e4t auf die Karte setzen, Knopf dr\u00fccken und der fantasievolle Sticker sitzt sofort an der richtigen Stelle. So macht Stickerkleben noch mehr Spa\u00df und geht ganz leicht. Warum dieses Set gro\u00dfartig ist Kombiniert Stempeln und Stickerkleben [&hellip;]","og_url":"https:\/\/ses-creative.com\/de\/produkt\/sticker-stamper-fantasietiere\/","og_site_name":"SES Creative","article_modified_time":"2026-02-06T09:51:44+00:00","twitter_card":"summary_large_image","twitter_misc":{"Gesch\u00e4tzte Lesezeit":"1\u00a0Minute"},"schema":{"@context":"https:\/\/schema.org","@graph":[{"@type":"WebPage","@id":"https:\/\/ses-creative.com\/de\/produkt\/sticker-stamper-fantasietiere\/","url":"https:\/\/ses-creative.com\/de\/produkt\/sticker-stamper-fantasietiere\/","name":"Sticker stamper - Fantasietiere - SES Creative","isPartOf":{"@id":"https:\/\/ses-creative.com\/#website"},"primaryImageOfPage":{"@id":"https:\/\/ses-creative.com\/de\/produkt\/sticker-stamper-fantasietiere\/#primaryimage"},"image":{"@id":"https:\/\/ses-creative.com\/de\/produkt\/sticker-stamper-fantasietiere\/#primaryimage"},"thumbnailUrl":"https:\/\/ses-creative.com\/wp-content\/uploads\/2026\/01\/146071-1.jpg","datePublished":"2026-02-05T13:52:52+00:00","dateModified":"2026-02-06T09:51:44+00:00","breadcrumb":{"@id":"https:\/\/ses-creative.com\/de\/produkt\/sticker-stamper-fantasietiere\/#breadcrumb"},"inLanguage":"de","potentialAction":[{"@type":"ReadAction","target":["https:\/\/ses-creative.com\/de\/produkt\/sticker-stamper-fantasietiere\/"]}]},{"@type":"ImageObject","inLanguage":"de","@id":"https:\/\/ses-creative.com\/de\/produkt\/sticker-stamper-fantasietiere\/#primaryimage","url":"https:\/\/ses-creative.com\/wp-content\/uploads\/2026\/01\/146071-1.jpg","contentUrl":"https:\/\/ses-creative.com\/wp-content\/uploads\/2026\/01\/146071-1.jpg","width":1000,"height":1000},{"@type":"BreadcrumbList","@id":"https:\/\/ses-creative.com\/de\/produkt\/sticker-stamper-fantasietiere\/#breadcrumb","itemListElement":[{"@type":"ListItem","position":1,"name":"Shop","item":"https:\/\/ses-creative.com\/de\/shop\/"},{"@type":"ListItem","position":2,"name":"Basteln","item":"https:\/\/ses-creative.com\/de\/product-categorie\/basteln\/"},{"@type":"ListItem","position":3,"name":"Sticker stamper &#8211; Fantasietiere"}]},{"@type":"WebSite","@id":"https:\/\/ses-creative.com\/#website","url":"https:\/\/ses-creative.com\/","name":"SES Creative","description":"","publisher":{"@id":"https:\/\/ses-creative.com\/#organization"},"potentialAction":[{"@type":"SearchAction","target":{"@type":"EntryPoint","urlTemplate":"https:\/\/ses-creative.com\/?s={search_term_string}"},"query-input":{"@type":"PropertyValueSpecification","valueRequired":true,"valueName":"search_term_string"}}],"inLanguage":"de"},{"@type":"Organization","@id":"https:\/\/ses-creative.com\/#organization","name":"SES Creative","url":"https:\/\/ses-creative.com\/","logo":{"@type":"ImageObject","inLanguage":"de","@id":"https:\/\/ses-creative.com\/#\/schema\/logo\/image\/","url":"https:\/\/ses-creative.com\/wp-content\/uploads\/2025\/10\/ses-creative-logo.jpg","contentUrl":"https:\/\/ses-creative.com\/wp-content\/uploads\/2025\/10\/ses-creative-logo.jpg","width":2037,"height":2037,"caption":"SES Creative"},"image":{"@id":"https:\/\/ses-creative.com\/#\/schema\/logo\/image\/"}}]}},"_links":{"self":[{"href":"https:\/\/ses-creative.com\/de\/wp-json\/wp\/v2\/product\/114762","targetHints":{"allow":["GET"]}}],"collection":[{"href":"https:\/\/ses-creative.com\/de\/wp-json\/wp\/v2\/product"}],"about":[{"href":"https:\/\/ses-creative.com\/de\/wp-json\/wp\/v2\/types\/product"}],"replies":[{"embeddable":true,"href":"https:\/\/ses-creative.com\/de\/wp-json\/wp\/v2\/comments?post=114762"}],"wp:featuredmedia":[{"embeddable":true,"href":"https:\/\/ses-creative.com\/de\/wp-json\/wp\/v2\/media\/107543"}],"wp:attachment":[{"href":"https:\/\/ses-creative.com\/de\/wp-json\/wp\/v2\/media?parent=114762"}],"wp:term":[{"taxonomy":"product_brand","embeddable":true,"href":"https:\/\/ses-creative.com\/de\/wp-json\/wp\/v2\/product_brand?post=114762"},{"taxonomy":"product_cat","embeddable":true,"href":"https:\/\/ses-creative.com\/de\/wp-json\/wp\/v2\/product_cat?post=114762"},{"taxonomy":"product_tag","embeddable":true,"href":"https:\/\/ses-creative.com\/de\/wp-json\/wp\/v2\/product_tag?post=114762"}],"curies":[{"name":"wp","href":"https:\/\/api.w.org\/{rel}","templated":true}]}}