











{"id":114760,"date":"2026-02-05T13:52:52","date_gmt":"2026-02-05T13:52:52","guid":{"rendered":"https:\/\/ses-creative.com\/?post_type=product&#038;p=114760"},"modified":"2026-02-06T09:51:44","modified_gmt":"2026-02-06T09:51:44","slug":"dot-markers-aktivitaetskarten","status":"publish","type":"product","link":"https:\/\/ses-creative.com\/de\/produkt\/dot-markers-aktivitaetskarten\/","title":{"rendered":"Dot Markers &#8211; Aktivit\u00e4tskarten"},"content":{"rendered":"<p>Gestalten Sie fr\u00f6hliche, farbenfrohe Kunstwerke mit SES Creative Dot Markers! Dank der 3 extra gro\u00dfen Punktstifte und 6 Malvorlagen erleben Kinder endlosen Punktspa\u00df. Ideal f\u00fcr kleine H\u00e4nde und vollst\u00e4ndig abwaschbar f\u00fcr unbeschwertes kreatives Spielen.<\/p>\n<p>Was dieses Set so toll macht<\/p>\n<p> 3 XXL-Punktstifte in leuchtendem Gelb, Orange und Blau f\u00fcr gro\u00dfe, deutliche Punkte<\/p>\n<p> Perfekte Gr\u00f6\u00dfe f\u00fcr kleine H\u00e4nde: leicht zu halten und zu verwenden<\/p>\n<p> F\u00f6rdert Kreativit\u00e4t, Feinmotorik und Mustererkennung<\/p>\n<p> Abwaschbare Tinte f\u00fcr unbeschwertes und kleckerfreies Spielen<\/p>\n<p> 6 fr\u00f6hliche Malvorlagen zum Ausmalen oder kreativen Ausf\u00fcllen<\/p>\n<p>Ausmalen, ausf\u00fcllen, zeigen!<\/p>\n<p>Mit diesem Set k\u00f6nnen Kinder im Handumdrehen farbenfrohe Kunstwerke schaffen. Sie k\u00f6nnen die Malvorlagen mit Mustern ausf\u00fcllen oder frei experimentieren \u2013 beides f\u00fchrt zu sofortigen Ergebnissen und einem Gef\u00fchl des Stolzes. Ideal f\u00fcr selbstst\u00e4ndiges Spielen, kreative Nachmittage oder gemeinsames Basteln.<\/p>\n<p>Inhalt des Sets<\/p>\n<p>3 XXL-Punktstifte: gelb, orange, blau<\/p>\n<p>6 Malvorlagen mit fr\u00f6hlichen Motiven<\/p>\n<p>Warum SES Creative w\u00e4hlen?<\/p>\n<p>Bei SES Creative entwickeln wir Spielzeug, das Kindern beim Wachsen hilft. Unsere Produkte f\u00f6rdern Kreativit\u00e4t, Selbstvertrauen und Entwicklung \u2013 immer sicher, verantwortungsbewusst und unterhaltsam. Seit mehr als 50 Jahren stellen wir nachhaltiges Spielzeug her, das mit Stolz in den Niederlanden entworfen und produziert wird.<\/p>\n<p>Los geht&#8217;s!<\/p>\n<p>Bestellen Sie jetzt die SES Creative Dot Markers mit 6 Malvorlagen und lassen Sie Kinder ihre eigene Welt voller Punkte und Farben erschaffen!<\/p>\n","protected":false},"excerpt":{"rendered":"<p>Gestalten Sie fr\u00f6hliche, farbenfrohe Kunstwerke mit SES Creative Dot Markers! Dank der 3 extra gro\u00dfen Punktstifte und 6 Malvorlagen erleben Kinder endlosen Punktspa\u00df. Ideal f\u00fcr kleine H\u00e4nde und vollst\u00e4ndig abwaschbar f\u00fcr unbeschwertes kreatives Spielen. Was dieses Set so toll macht 3 XXL-Punktstifte in leuchtendem Gelb, Orange und Blau f\u00fcr gro\u00dfe, deutliche Punkte Perfekte Gr\u00f6\u00dfe f\u00fcr [&hellip;]<\/p>\n","protected":false},"featured_media":103736,"comment_status":"closed","ping_status":"closed","template":"","meta":{"_acf_changed":false},"product_brand":[],"product_cat":[115],"product_tag":[],"class_list":{"0":"post-114760","1":"product","2":"type-product","3":"status-publish","4":"has-post-thumbnail","6":"product_cat-basteln","7":"pa_leeftijd-filter-3-4-jahre","8":"pa_meest-populair-bij-jungen-maedchen","10":"first","11":"instock","12":"shipping-taxable","13":"product-type-simple"},"acf":[],"yoast_head":"<!-- This site is optimized with the Yoast SEO plugin v27.5 - https:\/\/yoast.com\/product\/yoast-seo-wordpress\/ -->\n<title>Dot Markers - Aktivit\u00e4tskarten - SES Creative<\/title>\n<meta name=\"robots\" content=\"index, follow, max-snippet:-1, max-image-preview:large, max-video-preview:-1\" \/>\n<link rel=\"canonical\" href=\"https:\/\/ses-creative.com\/de\/produkt\/dot-markers-aktivitaetskarten\/\" \/>\n<meta property=\"og:locale\" content=\"de_DE\" \/>\n<meta property=\"og:type\" content=\"article\" \/>\n<meta property=\"og:title\" content=\"Dot Markers - Aktivit\u00e4tskarten - SES Creative\" \/>\n<meta property=\"og:description\" content=\"Gestalten Sie fr\u00f6hliche, farbenfrohe Kunstwerke mit SES Creative Dot Markers! Dank der 3 extra gro\u00dfen Punktstifte und 6 Malvorlagen erleben Kinder endlosen Punktspa\u00df. Ideal f\u00fcr kleine H\u00e4nde und vollst\u00e4ndig abwaschbar f\u00fcr unbeschwertes kreatives Spielen. Was dieses Set so toll macht 3 XXL-Punktstifte in leuchtendem Gelb, Orange und Blau f\u00fcr gro\u00dfe, deutliche Punkte Perfekte Gr\u00f6\u00dfe f\u00fcr [&hellip;]\" \/>\n<meta property=\"og:url\" content=\"https:\/\/ses-creative.com\/de\/produkt\/dot-markers-aktivitaetskarten\/\" \/>\n<meta property=\"og:site_name\" content=\"SES Creative\" \/>\n<meta property=\"article:modified_time\" content=\"2026-02-06T09:51:44+00:00\" \/>\n<meta name=\"twitter:card\" content=\"summary_large_image\" \/>\n<meta name=\"twitter:label1\" content=\"Gesch\u00e4tzte Lesezeit\" \/>\n\t<meta name=\"twitter:data1\" content=\"1\u00a0Minute\" \/>\n<script type=\"application\/ld+json\" class=\"yoast-schema-graph\">{\"@context\":\"https:\\\/\\\/schema.org\",\"@graph\":[{\"@type\":\"WebPage\",\"@id\":\"https:\\\/\\\/ses-creative.com\\\/de\\\/produkt\\\/dot-markers-aktivitaetskarten\\\/\",\"url\":\"https:\\\/\\\/ses-creative.com\\\/de\\\/produkt\\\/dot-markers-aktivitaetskarten\\\/\",\"name\":\"Dot Markers - Aktivit\u00e4tskarten - SES Creative\",\"isPartOf\":{\"@id\":\"https:\\\/\\\/ses-creative.com\\\/#website\"},\"primaryImageOfPage\":{\"@id\":\"https:\\\/\\\/ses-creative.com\\\/de\\\/produkt\\\/dot-markers-aktivitaetskarten\\\/#primaryimage\"},\"image\":{\"@id\":\"https:\\\/\\\/ses-creative.com\\\/de\\\/produkt\\\/dot-markers-aktivitaetskarten\\\/#primaryimage\"},\"thumbnailUrl\":\"https:\\\/\\\/ses-creative.com\\\/wp-content\\\/uploads\\\/2026\\\/01\\\/146021.jpg\",\"datePublished\":\"2026-02-05T13:52:52+00:00\",\"dateModified\":\"2026-02-06T09:51:44+00:00\",\"breadcrumb\":{\"@id\":\"https:\\\/\\\/ses-creative.com\\\/de\\\/produkt\\\/dot-markers-aktivitaetskarten\\\/#breadcrumb\"},\"inLanguage\":\"de\",\"potentialAction\":[{\"@type\":\"ReadAction\",\"target\":[\"https:\\\/\\\/ses-creative.com\\\/de\\\/produkt\\\/dot-markers-aktivitaetskarten\\\/\"]}]},{\"@type\":\"ImageObject\",\"inLanguage\":\"de\",\"@id\":\"https:\\\/\\\/ses-creative.com\\\/de\\\/produkt\\\/dot-markers-aktivitaetskarten\\\/#primaryimage\",\"url\":\"https:\\\/\\\/ses-creative.com\\\/wp-content\\\/uploads\\\/2026\\\/01\\\/146021.jpg\",\"contentUrl\":\"https:\\\/\\\/ses-creative.com\\\/wp-content\\\/uploads\\\/2026\\\/01\\\/146021.jpg\",\"width\":1000,\"height\":1000},{\"@type\":\"BreadcrumbList\",\"@id\":\"https:\\\/\\\/ses-creative.com\\\/de\\\/produkt\\\/dot-markers-aktivitaetskarten\\\/#breadcrumb\",\"itemListElement\":[{\"@type\":\"ListItem\",\"position\":1,\"name\":\"Shop\",\"item\":\"https:\\\/\\\/ses-creative.com\\\/de\\\/shop\\\/\"},{\"@type\":\"ListItem\",\"position\":2,\"name\":\"Basteln\",\"item\":\"https:\\\/\\\/ses-creative.com\\\/de\\\/product-categorie\\\/basteln\\\/\"},{\"@type\":\"ListItem\",\"position\":3,\"name\":\"Dot Markers &#8211; Aktivit\u00e4tskarten\"}]},{\"@type\":\"WebSite\",\"@id\":\"https:\\\/\\\/ses-creative.com\\\/#website\",\"url\":\"https:\\\/\\\/ses-creative.com\\\/\",\"name\":\"SES Creative\",\"description\":\"\",\"publisher\":{\"@id\":\"https:\\\/\\\/ses-creative.com\\\/#organization\"},\"potentialAction\":[{\"@type\":\"SearchAction\",\"target\":{\"@type\":\"EntryPoint\",\"urlTemplate\":\"https:\\\/\\\/ses-creative.com\\\/?s={search_term_string}\"},\"query-input\":{\"@type\":\"PropertyValueSpecification\",\"valueRequired\":true,\"valueName\":\"search_term_string\"}}],\"inLanguage\":\"de\"},{\"@type\":\"Organization\",\"@id\":\"https:\\\/\\\/ses-creative.com\\\/#organization\",\"name\":\"SES Creative\",\"url\":\"https:\\\/\\\/ses-creative.com\\\/\",\"logo\":{\"@type\":\"ImageObject\",\"inLanguage\":\"de\",\"@id\":\"https:\\\/\\\/ses-creative.com\\\/#\\\/schema\\\/logo\\\/image\\\/\",\"url\":\"https:\\\/\\\/ses-creative.com\\\/wp-content\\\/uploads\\\/2025\\\/10\\\/ses-creative-logo.jpg\",\"contentUrl\":\"https:\\\/\\\/ses-creative.com\\\/wp-content\\\/uploads\\\/2025\\\/10\\\/ses-creative-logo.jpg\",\"width\":2037,\"height\":2037,\"caption\":\"SES Creative\"},\"image\":{\"@id\":\"https:\\\/\\\/ses-creative.com\\\/#\\\/schema\\\/logo\\\/image\\\/\"}}]}<\/script>\n<!-- \/ Yoast SEO plugin. -->","yoast_head_json":{"title":"Dot Markers - Aktivit\u00e4tskarten - SES Creative","robots":{"index":"index","follow":"follow","max-snippet":"max-snippet:-1","max-image-preview":"max-image-preview:large","max-video-preview":"max-video-preview:-1"},"canonical":"https:\/\/ses-creative.com\/de\/produkt\/dot-markers-aktivitaetskarten\/","og_locale":"de_DE","og_type":"article","og_title":"Dot Markers - Aktivit\u00e4tskarten - SES Creative","og_description":"Gestalten Sie fr\u00f6hliche, farbenfrohe Kunstwerke mit SES Creative Dot Markers! Dank der 3 extra gro\u00dfen Punktstifte und 6 Malvorlagen erleben Kinder endlosen Punktspa\u00df. Ideal f\u00fcr kleine H\u00e4nde und vollst\u00e4ndig abwaschbar f\u00fcr unbeschwertes kreatives Spielen. Was dieses Set so toll macht 3 XXL-Punktstifte in leuchtendem Gelb, Orange und Blau f\u00fcr gro\u00dfe, deutliche Punkte Perfekte Gr\u00f6\u00dfe f\u00fcr [&hellip;]","og_url":"https:\/\/ses-creative.com\/de\/produkt\/dot-markers-aktivitaetskarten\/","og_site_name":"SES Creative","article_modified_time":"2026-02-06T09:51:44+00:00","twitter_card":"summary_large_image","twitter_misc":{"Gesch\u00e4tzte Lesezeit":"1\u00a0Minute"},"schema":{"@context":"https:\/\/schema.org","@graph":[{"@type":"WebPage","@id":"https:\/\/ses-creative.com\/de\/produkt\/dot-markers-aktivitaetskarten\/","url":"https:\/\/ses-creative.com\/de\/produkt\/dot-markers-aktivitaetskarten\/","name":"Dot Markers - Aktivit\u00e4tskarten - SES Creative","isPartOf":{"@id":"https:\/\/ses-creative.com\/#website"},"primaryImageOfPage":{"@id":"https:\/\/ses-creative.com\/de\/produkt\/dot-markers-aktivitaetskarten\/#primaryimage"},"image":{"@id":"https:\/\/ses-creative.com\/de\/produkt\/dot-markers-aktivitaetskarten\/#primaryimage"},"thumbnailUrl":"https:\/\/ses-creative.com\/wp-content\/uploads\/2026\/01\/146021.jpg","datePublished":"2026-02-05T13:52:52+00:00","dateModified":"2026-02-06T09:51:44+00:00","breadcrumb":{"@id":"https:\/\/ses-creative.com\/de\/produkt\/dot-markers-aktivitaetskarten\/#breadcrumb"},"inLanguage":"de","potentialAction":[{"@type":"ReadAction","target":["https:\/\/ses-creative.com\/de\/produkt\/dot-markers-aktivitaetskarten\/"]}]},{"@type":"ImageObject","inLanguage":"de","@id":"https:\/\/ses-creative.com\/de\/produkt\/dot-markers-aktivitaetskarten\/#primaryimage","url":"https:\/\/ses-creative.com\/wp-content\/uploads\/2026\/01\/146021.jpg","contentUrl":"https:\/\/ses-creative.com\/wp-content\/uploads\/2026\/01\/146021.jpg","width":1000,"height":1000},{"@type":"BreadcrumbList","@id":"https:\/\/ses-creative.com\/de\/produkt\/dot-markers-aktivitaetskarten\/#breadcrumb","itemListElement":[{"@type":"ListItem","position":1,"name":"Shop","item":"https:\/\/ses-creative.com\/de\/shop\/"},{"@type":"ListItem","position":2,"name":"Basteln","item":"https:\/\/ses-creative.com\/de\/product-categorie\/basteln\/"},{"@type":"ListItem","position":3,"name":"Dot Markers &#8211; Aktivit\u00e4tskarten"}]},{"@type":"WebSite","@id":"https:\/\/ses-creative.com\/#website","url":"https:\/\/ses-creative.com\/","name":"SES Creative","description":"","publisher":{"@id":"https:\/\/ses-creative.com\/#organization"},"potentialAction":[{"@type":"SearchAction","target":{"@type":"EntryPoint","urlTemplate":"https:\/\/ses-creative.com\/?s={search_term_string}"},"query-input":{"@type":"PropertyValueSpecification","valueRequired":true,"valueName":"search_term_string"}}],"inLanguage":"de"},{"@type":"Organization","@id":"https:\/\/ses-creative.com\/#organization","name":"SES Creative","url":"https:\/\/ses-creative.com\/","logo":{"@type":"ImageObject","inLanguage":"de","@id":"https:\/\/ses-creative.com\/#\/schema\/logo\/image\/","url":"https:\/\/ses-creative.com\/wp-content\/uploads\/2025\/10\/ses-creative-logo.jpg","contentUrl":"https:\/\/ses-creative.com\/wp-content\/uploads\/2025\/10\/ses-creative-logo.jpg","width":2037,"height":2037,"caption":"SES Creative"},"image":{"@id":"https:\/\/ses-creative.com\/#\/schema\/logo\/image\/"}}]}},"_links":{"self":[{"href":"https:\/\/ses-creative.com\/de\/wp-json\/wp\/v2\/product\/114760","targetHints":{"allow":["GET"]}}],"collection":[{"href":"https:\/\/ses-creative.com\/de\/wp-json\/wp\/v2\/product"}],"about":[{"href":"https:\/\/ses-creative.com\/de\/wp-json\/wp\/v2\/types\/product"}],"replies":[{"embeddable":true,"href":"https:\/\/ses-creative.com\/de\/wp-json\/wp\/v2\/comments?post=114760"}],"wp:featuredmedia":[{"embeddable":true,"href":"https:\/\/ses-creative.com\/de\/wp-json\/wp\/v2\/media\/103736"}],"wp:attachment":[{"href":"https:\/\/ses-creative.com\/de\/wp-json\/wp\/v2\/media?parent=114760"}],"wp:term":[{"taxonomy":"product_brand","embeddable":true,"href":"https:\/\/ses-creative.com\/de\/wp-json\/wp\/v2\/product_brand?post=114760"},{"taxonomy":"product_cat","embeddable":true,"href":"https:\/\/ses-creative.com\/de\/wp-json\/wp\/v2\/product_cat?post=114760"},{"taxonomy":"product_tag","embeddable":true,"href":"https:\/\/ses-creative.com\/de\/wp-json\/wp\/v2\/product_tag?post=114760"}],"curies":[{"name":"wp","href":"https:\/\/api.w.org\/{rel}","templated":true}]}}