











{"id":114759,"date":"2026-02-05T13:52:52","date_gmt":"2026-02-05T13:52:52","guid":{"rendered":"https:\/\/ses-creative.com\/?post_type=product&#038;p=114759"},"modified":"2026-02-06T09:51:44","modified_gmt":"2026-02-06T09:51:44","slug":"dot-markers-4-farben-xxl","status":"publish","type":"product","link":"https:\/\/ses-creative.com\/de\/produkt\/dot-markers-4-farben-xxl\/","title":{"rendered":"Dot Markers &#8211; 4 Farben XXL"},"content":{"rendered":"<p>Schaffe gro\u00dfartige Kunstwerke mit Dot Markers XXL! Die extra dicken Stifte liegen gut in kleinen H\u00e4nden und machen perfekte Punkte \u2013 ideal f\u00fcr Muster, das Ausf\u00fcllen von Buchstaben und fr\u00f6hliche Kunstwerke.<\/p>\n<p>Was dieses Set so toll macht<br \/>\n 4 XXL-Punktstifte: gro\u00dfe, klare Punkte in einem Zug<\/p>\n<p> Easy Grip: speziell f\u00fcr kleine H\u00e4nde<\/p>\n<p> Abwaschbare Tinte: sorgenfrei kreativ sein<\/p>\n<p> F\u00f6rdert Kreativit\u00e4t, Feinmotorik und Kontrolle<\/p>\n<p> Sofortiges Ergebnis: motiviert zum Experimentieren und Wiederholen<\/p>\n<p>Tippen, spielen, gl\u00e4nzen<br \/>\nVon fr\u00f6hlichen Polka-Punkten bis hin zu verspielten Mustern: Kinder sehen sofort den Effekt und bleiben dadurch l\u00e4nger konzentriert und begeistert.<\/p>\n<p>Inhalt des Sets<br \/>\n4 XXL-Punktmarker: gelb, orange, blau, gr\u00fcn<\/p>\n<p>Warum SES Creative<br \/>\nBei SES Creative entwickeln wir Spielzeug, das Kindern beim Wachsen hilft. Unsere Produkte f\u00f6rdern Kreativit\u00e4t, Selbstvertrauen und Entwicklung \u2013 immer sicher, verantwortungsbewusst und unterhaltsam. Seit mehr als 50 Jahren stellen wir nachhaltiges Spielzeug her, das mit Stolz in den Niederlanden entworfen und produziert wird.<\/p>\n<p>Los geht&#8217;s!<br \/>\nBestellen Sie jetzt die Dot Markers XXL und verleihen Sie jedem Bild einen spielerischen Dot-Boost!<\/p>\n","protected":false},"excerpt":{"rendered":"<p>Schaffe gro\u00dfartige Kunstwerke mit Dot Markers XXL! Die extra dicken Stifte liegen gut in kleinen H\u00e4nden und machen perfekte Punkte \u2013 ideal f\u00fcr Muster, das Ausf\u00fcllen von Buchstaben und fr\u00f6hliche Kunstwerke. Was dieses Set so toll macht 4 XXL-Punktstifte: gro\u00dfe, klare Punkte in einem Zug Easy Grip: speziell f\u00fcr kleine H\u00e4nde Abwaschbare Tinte: sorgenfrei kreativ [&hellip;]<\/p>\n","protected":false},"featured_media":103716,"comment_status":"closed","ping_status":"closed","template":"","meta":{"_acf_changed":false},"product_brand":[],"product_cat":[115],"product_tag":[],"class_list":{"0":"post-114759","1":"product","2":"type-product","3":"status-publish","4":"has-post-thumbnail","6":"product_cat-basteln","7":"pa_leeftijd-filter-3-4-jahre","8":"pa_meest-populair-bij-jungen-maedchen","10":"first","11":"instock","12":"shipping-taxable","13":"product-type-simple"},"acf":[],"yoast_head":"<!-- This site is optimized with the Yoast SEO plugin v27.2 - https:\/\/yoast.com\/product\/yoast-seo-wordpress\/ -->\n<title>Dot Markers - 4 Farben XXL - SES Creative<\/title>\n<meta name=\"robots\" content=\"index, follow, max-snippet:-1, max-image-preview:large, max-video-preview:-1\" \/>\n<link rel=\"canonical\" href=\"https:\/\/ses-creative.com\/de\/produkt\/dot-markers-4-farben-xxl\/\" \/>\n<meta property=\"og:locale\" content=\"de_DE\" \/>\n<meta property=\"og:type\" content=\"article\" \/>\n<meta property=\"og:title\" content=\"Dot Markers - 4 Farben XXL - SES Creative\" \/>\n<meta property=\"og:description\" content=\"Schaffe gro\u00dfartige Kunstwerke mit Dot Markers XXL! Die extra dicken Stifte liegen gut in kleinen H\u00e4nden und machen perfekte Punkte \u2013 ideal f\u00fcr Muster, das Ausf\u00fcllen von Buchstaben und fr\u00f6hliche Kunstwerke. Was dieses Set so toll macht 4 XXL-Punktstifte: gro\u00dfe, klare Punkte in einem Zug Easy Grip: speziell f\u00fcr kleine H\u00e4nde Abwaschbare Tinte: sorgenfrei kreativ [&hellip;]\" \/>\n<meta property=\"og:url\" content=\"https:\/\/ses-creative.com\/de\/produkt\/dot-markers-4-farben-xxl\/\" \/>\n<meta property=\"og:site_name\" content=\"SES Creative\" \/>\n<meta property=\"article:modified_time\" content=\"2026-02-06T09:51:44+00:00\" \/>\n<meta name=\"twitter:card\" content=\"summary_large_image\" \/>\n<meta name=\"twitter:label1\" content=\"Gesch\u00e4tzte Lesezeit\" \/>\n\t<meta name=\"twitter:data1\" content=\"1\u00a0Minute\" \/>\n<script type=\"application\/ld+json\" class=\"yoast-schema-graph\">{\"@context\":\"https:\/\/schema.org\",\"@graph\":[{\"@type\":\"WebPage\",\"@id\":\"https:\/\/ses-creative.com\/de\/produkt\/dot-markers-4-farben-xxl\/\",\"url\":\"https:\/\/ses-creative.com\/de\/produkt\/dot-markers-4-farben-xxl\/\",\"name\":\"Dot Markers - 4 Farben XXL - SES Creative\",\"isPartOf\":{\"@id\":\"https:\/\/ses-creative.com\/#website\"},\"primaryImageOfPage\":{\"@id\":\"https:\/\/ses-creative.com\/de\/produkt\/dot-markers-4-farben-xxl\/#primaryimage\"},\"image\":{\"@id\":\"https:\/\/ses-creative.com\/de\/produkt\/dot-markers-4-farben-xxl\/#primaryimage\"},\"thumbnailUrl\":\"https:\/\/ses-creative.com\/wp-content\/uploads\/2026\/01\/146001.jpg\",\"datePublished\":\"2026-02-05T13:52:52+00:00\",\"dateModified\":\"2026-02-06T09:51:44+00:00\",\"breadcrumb\":{\"@id\":\"https:\/\/ses-creative.com\/de\/produkt\/dot-markers-4-farben-xxl\/#breadcrumb\"},\"inLanguage\":\"de\",\"potentialAction\":[{\"@type\":\"ReadAction\",\"target\":[\"https:\/\/ses-creative.com\/de\/produkt\/dot-markers-4-farben-xxl\/\"]}]},{\"@type\":\"ImageObject\",\"inLanguage\":\"de\",\"@id\":\"https:\/\/ses-creative.com\/de\/produkt\/dot-markers-4-farben-xxl\/#primaryimage\",\"url\":\"https:\/\/ses-creative.com\/wp-content\/uploads\/2026\/01\/146001.jpg\",\"contentUrl\":\"https:\/\/ses-creative.com\/wp-content\/uploads\/2026\/01\/146001.jpg\",\"width\":1000,\"height\":1000},{\"@type\":\"BreadcrumbList\",\"@id\":\"https:\/\/ses-creative.com\/de\/produkt\/dot-markers-4-farben-xxl\/#breadcrumb\",\"itemListElement\":[{\"@type\":\"ListItem\",\"position\":1,\"name\":\"Shop\",\"item\":\"https:\/\/ses-creative.com\/de\/shop\/\"},{\"@type\":\"ListItem\",\"position\":2,\"name\":\"Basteln\",\"item\":\"https:\/\/ses-creative.com\/de\/product-categorie\/basteln\/\"},{\"@type\":\"ListItem\",\"position\":3,\"name\":\"Dot Markers &#8211; 4 Farben XXL\"}]},{\"@type\":\"WebSite\",\"@id\":\"https:\/\/ses-creative.com\/#website\",\"url\":\"https:\/\/ses-creative.com\/\",\"name\":\"SES Creative\",\"description\":\"\",\"publisher\":{\"@id\":\"https:\/\/ses-creative.com\/#organization\"},\"potentialAction\":[{\"@type\":\"SearchAction\",\"target\":{\"@type\":\"EntryPoint\",\"urlTemplate\":\"https:\/\/ses-creative.com\/?s={search_term_string}\"},\"query-input\":{\"@type\":\"PropertyValueSpecification\",\"valueRequired\":true,\"valueName\":\"search_term_string\"}}],\"inLanguage\":\"de\"},{\"@type\":\"Organization\",\"@id\":\"https:\/\/ses-creative.com\/#organization\",\"name\":\"SES Creative\",\"url\":\"https:\/\/ses-creative.com\/\",\"logo\":{\"@type\":\"ImageObject\",\"inLanguage\":\"de\",\"@id\":\"https:\/\/ses-creative.com\/#\/schema\/logo\/image\/\",\"url\":\"https:\/\/ses-creative.com\/wp-content\/uploads\/2025\/10\/ses-creative-logo.jpg\",\"contentUrl\":\"https:\/\/ses-creative.com\/wp-content\/uploads\/2025\/10\/ses-creative-logo.jpg\",\"width\":2037,\"height\":2037,\"caption\":\"SES Creative\"},\"image\":{\"@id\":\"https:\/\/ses-creative.com\/#\/schema\/logo\/image\/\"}}]}<\/script>\n<!-- \/ Yoast SEO plugin. -->","yoast_head_json":{"title":"Dot Markers - 4 Farben XXL - SES Creative","robots":{"index":"index","follow":"follow","max-snippet":"max-snippet:-1","max-image-preview":"max-image-preview:large","max-video-preview":"max-video-preview:-1"},"canonical":"https:\/\/ses-creative.com\/de\/produkt\/dot-markers-4-farben-xxl\/","og_locale":"de_DE","og_type":"article","og_title":"Dot Markers - 4 Farben XXL - SES Creative","og_description":"Schaffe gro\u00dfartige Kunstwerke mit Dot Markers XXL! Die extra dicken Stifte liegen gut in kleinen H\u00e4nden und machen perfekte Punkte \u2013 ideal f\u00fcr Muster, das Ausf\u00fcllen von Buchstaben und fr\u00f6hliche Kunstwerke. Was dieses Set so toll macht 4 XXL-Punktstifte: gro\u00dfe, klare Punkte in einem Zug Easy Grip: speziell f\u00fcr kleine H\u00e4nde Abwaschbare Tinte: sorgenfrei kreativ [&hellip;]","og_url":"https:\/\/ses-creative.com\/de\/produkt\/dot-markers-4-farben-xxl\/","og_site_name":"SES Creative","article_modified_time":"2026-02-06T09:51:44+00:00","twitter_card":"summary_large_image","twitter_misc":{"Gesch\u00e4tzte Lesezeit":"1\u00a0Minute"},"schema":{"@context":"https:\/\/schema.org","@graph":[{"@type":"WebPage","@id":"https:\/\/ses-creative.com\/de\/produkt\/dot-markers-4-farben-xxl\/","url":"https:\/\/ses-creative.com\/de\/produkt\/dot-markers-4-farben-xxl\/","name":"Dot Markers - 4 Farben XXL - SES Creative","isPartOf":{"@id":"https:\/\/ses-creative.com\/#website"},"primaryImageOfPage":{"@id":"https:\/\/ses-creative.com\/de\/produkt\/dot-markers-4-farben-xxl\/#primaryimage"},"image":{"@id":"https:\/\/ses-creative.com\/de\/produkt\/dot-markers-4-farben-xxl\/#primaryimage"},"thumbnailUrl":"https:\/\/ses-creative.com\/wp-content\/uploads\/2026\/01\/146001.jpg","datePublished":"2026-02-05T13:52:52+00:00","dateModified":"2026-02-06T09:51:44+00:00","breadcrumb":{"@id":"https:\/\/ses-creative.com\/de\/produkt\/dot-markers-4-farben-xxl\/#breadcrumb"},"inLanguage":"de","potentialAction":[{"@type":"ReadAction","target":["https:\/\/ses-creative.com\/de\/produkt\/dot-markers-4-farben-xxl\/"]}]},{"@type":"ImageObject","inLanguage":"de","@id":"https:\/\/ses-creative.com\/de\/produkt\/dot-markers-4-farben-xxl\/#primaryimage","url":"https:\/\/ses-creative.com\/wp-content\/uploads\/2026\/01\/146001.jpg","contentUrl":"https:\/\/ses-creative.com\/wp-content\/uploads\/2026\/01\/146001.jpg","width":1000,"height":1000},{"@type":"BreadcrumbList","@id":"https:\/\/ses-creative.com\/de\/produkt\/dot-markers-4-farben-xxl\/#breadcrumb","itemListElement":[{"@type":"ListItem","position":1,"name":"Shop","item":"https:\/\/ses-creative.com\/de\/shop\/"},{"@type":"ListItem","position":2,"name":"Basteln","item":"https:\/\/ses-creative.com\/de\/product-categorie\/basteln\/"},{"@type":"ListItem","position":3,"name":"Dot Markers &#8211; 4 Farben XXL"}]},{"@type":"WebSite","@id":"https:\/\/ses-creative.com\/#website","url":"https:\/\/ses-creative.com\/","name":"SES Creative","description":"","publisher":{"@id":"https:\/\/ses-creative.com\/#organization"},"potentialAction":[{"@type":"SearchAction","target":{"@type":"EntryPoint","urlTemplate":"https:\/\/ses-creative.com\/?s={search_term_string}"},"query-input":{"@type":"PropertyValueSpecification","valueRequired":true,"valueName":"search_term_string"}}],"inLanguage":"de"},{"@type":"Organization","@id":"https:\/\/ses-creative.com\/#organization","name":"SES Creative","url":"https:\/\/ses-creative.com\/","logo":{"@type":"ImageObject","inLanguage":"de","@id":"https:\/\/ses-creative.com\/#\/schema\/logo\/image\/","url":"https:\/\/ses-creative.com\/wp-content\/uploads\/2025\/10\/ses-creative-logo.jpg","contentUrl":"https:\/\/ses-creative.com\/wp-content\/uploads\/2025\/10\/ses-creative-logo.jpg","width":2037,"height":2037,"caption":"SES Creative"},"image":{"@id":"https:\/\/ses-creative.com\/#\/schema\/logo\/image\/"}}]}},"_links":{"self":[{"href":"https:\/\/ses-creative.com\/de\/wp-json\/wp\/v2\/product\/114759","targetHints":{"allow":["GET"]}}],"collection":[{"href":"https:\/\/ses-creative.com\/de\/wp-json\/wp\/v2\/product"}],"about":[{"href":"https:\/\/ses-creative.com\/de\/wp-json\/wp\/v2\/types\/product"}],"replies":[{"embeddable":true,"href":"https:\/\/ses-creative.com\/de\/wp-json\/wp\/v2\/comments?post=114759"}],"wp:featuredmedia":[{"embeddable":true,"href":"https:\/\/ses-creative.com\/de\/wp-json\/wp\/v2\/media\/103716"}],"wp:attachment":[{"href":"https:\/\/ses-creative.com\/de\/wp-json\/wp\/v2\/media?parent=114759"}],"wp:term":[{"taxonomy":"product_brand","embeddable":true,"href":"https:\/\/ses-creative.com\/de\/wp-json\/wp\/v2\/product_brand?post=114759"},{"taxonomy":"product_cat","embeddable":true,"href":"https:\/\/ses-creative.com\/de\/wp-json\/wp\/v2\/product_cat?post=114759"},{"taxonomy":"product_tag","embeddable":true,"href":"https:\/\/ses-creative.com\/de\/wp-json\/wp\/v2\/product_tag?post=114759"}],"curies":[{"name":"wp","href":"https:\/\/api.w.org\/{rel}","templated":true}]}}