











{"id":114758,"date":"2026-02-05T13:52:51","date_gmt":"2026-02-05T13:52:51","guid":{"rendered":"https:\/\/ses-creative.com\/?post_type=product&#038;p=114758"},"modified":"2026-02-06T09:51:44","modified_gmt":"2026-02-06T09:51:44","slug":"bastelschuerze","status":"publish","type":"product","link":"https:\/\/ses-creative.com\/de\/produkt\/bastelschuerze\/","title":{"rendered":"Bastelsch\u00fcrze"},"content":{"rendered":"<p>Sch\u00fctzen Sie Ihre Kleidung beim Basteln mit der Bastelsch\u00fcrze!<br \/>\nBasteln macht Spa\u00df! Egal, ob Sie malen, ausmalen oder kleben, mit dieser praktischen Bastelsch\u00fcrze bleiben Ihre Kleider sauber und trocken. Die Sch\u00fcrze besteht aus robustem, wasserdichtem Material, das keine Farbe oder Kleber durchl\u00e4sst, sodass Sie sich ganz austoben k\u00f6nnen, ohne sich um Flecken sorgen zu m\u00fcssen.<br \/>\nWas dieses Set so toll macht<br \/>\n&#8211;    Einheitsgr\u00f6\u00dfe (3-8 Jahre)<br \/>\n&#8211;    L\u00e4sst nichts durch: wasserdicht und sch\u00fctzend<br \/>\n&#8211;    Leicht zu reinigen<br \/>\n&#8211;    Perfekt f\u00fcr alle kreativen Aktivit\u00e4ten<br \/>\n&#8211;    Keine Verschmutzungen an den \u00c4rmeln, passt sich dank des elastischen Bandes gut an die Handgelenke an<br \/>\nLassen Sie Ihrer Kreativit\u00e4t mit der Sch\u00fcrze freien Lauf<br \/>\nMit dieser Sch\u00fcrze k\u00f6nnen Kinder ihrer Kreativit\u00e4t freien Lauf lassen, ohne dass Eltern sich um Flecken auf der Kleidung sorgen m\u00fcssen. Ideal f\u00fcr alle Bastelprojekte, ob gro\u00df oder klein!<br \/>\nPackungsinhalt:<br \/>\n&#8211;    1 Sch\u00fcrze mit Passform f\u00fcr Kinder von 3 bis 8 Jahren<br \/>\nWarum SES Creative w\u00e4hlen?<br \/>\nBei SES Creative legen wir gro\u00dfen Wert auf Sicherheit. Deshalb werden die Produkte in der Fabrik in den Niederlanden nach den strengsten europ\u00e4ischen Sicherheitsnormen hergestellt und getestet. Spielzeug von SES Creative sorgt f\u00fcr Spa\u00df und soll Kindern erm\u00f6glichen, stolz auf ihre Arbeit zu sein, was ihre Kreativit\u00e4t und Entwicklung f\u00f6rdert.<br \/>\nHolen Sie sich noch heute die Bastelsch\u00fcrze!<br \/>\nGeben Sie Ihren Kindern mit der Schmierlatz-Sch\u00fcrze die Freiheit, unbeschwert zu basteln. Sch\u00fctzen Sie ihre Kleidung und lassen Sie sie ihre kreativen Abenteuer in vollen Z\u00fcgen genie\u00dfen!<\/p>\n","protected":false},"excerpt":{"rendered":"<p>Sch\u00fctzen Sie Ihre Kleidung beim Basteln mit der Bastelsch\u00fcrze! Basteln macht Spa\u00df! Egal, ob Sie malen, ausmalen oder kleben, mit dieser praktischen Bastelsch\u00fcrze bleiben Ihre Kleider sauber und trocken. Die Sch\u00fcrze besteht aus robustem, wasserdichtem Material, das keine Farbe oder Kleber durchl\u00e4sst, sodass Sie sich ganz austoben k\u00f6nnen, ohne sich um Flecken sorgen zu m\u00fcssen. [&hellip;]<\/p>\n","protected":false},"featured_media":103696,"comment_status":"closed","ping_status":"closed","template":"","meta":{"_acf_changed":false},"product_brand":[],"product_cat":[115],"product_tag":[],"class_list":{"0":"post-114758","1":"product","2":"type-product","3":"status-publish","4":"has-post-thumbnail","6":"product_cat-basteln","7":"pa_leeftijd-filter-3-4-jahre","8":"pa_meest-populair-bij-jungen-maedchen","10":"first","11":"instock","12":"shipping-taxable","13":"product-type-simple"},"acf":[],"yoast_head":"<!-- This site is optimized with the Yoast SEO plugin v27.2 - https:\/\/yoast.com\/product\/yoast-seo-wordpress\/ -->\n<title>Bastelsch\u00fcrze - SES Creative<\/title>\n<meta name=\"robots\" content=\"index, follow, max-snippet:-1, max-image-preview:large, max-video-preview:-1\" \/>\n<link rel=\"canonical\" href=\"https:\/\/ses-creative.com\/de\/produkt\/bastelschuerze\/\" \/>\n<meta property=\"og:locale\" content=\"de_DE\" \/>\n<meta property=\"og:type\" content=\"article\" \/>\n<meta property=\"og:title\" content=\"Bastelsch\u00fcrze - SES Creative\" \/>\n<meta property=\"og:description\" content=\"Sch\u00fctzen Sie Ihre Kleidung beim Basteln mit der Bastelsch\u00fcrze! Basteln macht Spa\u00df! Egal, ob Sie malen, ausmalen oder kleben, mit dieser praktischen Bastelsch\u00fcrze bleiben Ihre Kleider sauber und trocken. Die Sch\u00fcrze besteht aus robustem, wasserdichtem Material, das keine Farbe oder Kleber durchl\u00e4sst, sodass Sie sich ganz austoben k\u00f6nnen, ohne sich um Flecken sorgen zu m\u00fcssen. [&hellip;]\" \/>\n<meta property=\"og:url\" content=\"https:\/\/ses-creative.com\/de\/produkt\/bastelschuerze\/\" \/>\n<meta property=\"og:site_name\" content=\"SES Creative\" \/>\n<meta property=\"article:modified_time\" content=\"2026-02-06T09:51:44+00:00\" \/>\n<meta name=\"twitter:card\" content=\"summary_large_image\" \/>\n<meta name=\"twitter:label1\" content=\"Gesch\u00e4tzte Lesezeit\" \/>\n\t<meta name=\"twitter:data1\" content=\"1\u00a0Minute\" \/>\n<script type=\"application\/ld+json\" class=\"yoast-schema-graph\">{\"@context\":\"https:\/\/schema.org\",\"@graph\":[{\"@type\":\"WebPage\",\"@id\":\"https:\/\/ses-creative.com\/de\/produkt\/bastelschuerze\/\",\"url\":\"https:\/\/ses-creative.com\/de\/produkt\/bastelschuerze\/\",\"name\":\"Bastelsch\u00fcrze - SES Creative\",\"isPartOf\":{\"@id\":\"https:\/\/ses-creative.com\/#website\"},\"primaryImageOfPage\":{\"@id\":\"https:\/\/ses-creative.com\/de\/produkt\/bastelschuerze\/#primaryimage\"},\"image\":{\"@id\":\"https:\/\/ses-creative.com\/de\/produkt\/bastelschuerze\/#primaryimage\"},\"thumbnailUrl\":\"https:\/\/ses-creative.com\/wp-content\/uploads\/2026\/01\/145711.jpg\",\"datePublished\":\"2026-02-05T13:52:51+00:00\",\"dateModified\":\"2026-02-06T09:51:44+00:00\",\"breadcrumb\":{\"@id\":\"https:\/\/ses-creative.com\/de\/produkt\/bastelschuerze\/#breadcrumb\"},\"inLanguage\":\"de\",\"potentialAction\":[{\"@type\":\"ReadAction\",\"target\":[\"https:\/\/ses-creative.com\/de\/produkt\/bastelschuerze\/\"]}]},{\"@type\":\"ImageObject\",\"inLanguage\":\"de\",\"@id\":\"https:\/\/ses-creative.com\/de\/produkt\/bastelschuerze\/#primaryimage\",\"url\":\"https:\/\/ses-creative.com\/wp-content\/uploads\/2026\/01\/145711.jpg\",\"contentUrl\":\"https:\/\/ses-creative.com\/wp-content\/uploads\/2026\/01\/145711.jpg\",\"width\":1000,\"height\":1000},{\"@type\":\"BreadcrumbList\",\"@id\":\"https:\/\/ses-creative.com\/de\/produkt\/bastelschuerze\/#breadcrumb\",\"itemListElement\":[{\"@type\":\"ListItem\",\"position\":1,\"name\":\"Shop\",\"item\":\"https:\/\/ses-creative.com\/de\/shop\/\"},{\"@type\":\"ListItem\",\"position\":2,\"name\":\"Basteln\",\"item\":\"https:\/\/ses-creative.com\/de\/product-categorie\/basteln\/\"},{\"@type\":\"ListItem\",\"position\":3,\"name\":\"Bastelsch\u00fcrze\"}]},{\"@type\":\"WebSite\",\"@id\":\"https:\/\/ses-creative.com\/#website\",\"url\":\"https:\/\/ses-creative.com\/\",\"name\":\"SES Creative\",\"description\":\"\",\"publisher\":{\"@id\":\"https:\/\/ses-creative.com\/#organization\"},\"potentialAction\":[{\"@type\":\"SearchAction\",\"target\":{\"@type\":\"EntryPoint\",\"urlTemplate\":\"https:\/\/ses-creative.com\/?s={search_term_string}\"},\"query-input\":{\"@type\":\"PropertyValueSpecification\",\"valueRequired\":true,\"valueName\":\"search_term_string\"}}],\"inLanguage\":\"de\"},{\"@type\":\"Organization\",\"@id\":\"https:\/\/ses-creative.com\/#organization\",\"name\":\"SES Creative\",\"url\":\"https:\/\/ses-creative.com\/\",\"logo\":{\"@type\":\"ImageObject\",\"inLanguage\":\"de\",\"@id\":\"https:\/\/ses-creative.com\/#\/schema\/logo\/image\/\",\"url\":\"https:\/\/ses-creative.com\/wp-content\/uploads\/2025\/10\/ses-creative-logo.jpg\",\"contentUrl\":\"https:\/\/ses-creative.com\/wp-content\/uploads\/2025\/10\/ses-creative-logo.jpg\",\"width\":2037,\"height\":2037,\"caption\":\"SES Creative\"},\"image\":{\"@id\":\"https:\/\/ses-creative.com\/#\/schema\/logo\/image\/\"}}]}<\/script>\n<!-- \/ Yoast SEO plugin. -->","yoast_head_json":{"title":"Bastelsch\u00fcrze - SES Creative","robots":{"index":"index","follow":"follow","max-snippet":"max-snippet:-1","max-image-preview":"max-image-preview:large","max-video-preview":"max-video-preview:-1"},"canonical":"https:\/\/ses-creative.com\/de\/produkt\/bastelschuerze\/","og_locale":"de_DE","og_type":"article","og_title":"Bastelsch\u00fcrze - SES Creative","og_description":"Sch\u00fctzen Sie Ihre Kleidung beim Basteln mit der Bastelsch\u00fcrze! Basteln macht Spa\u00df! Egal, ob Sie malen, ausmalen oder kleben, mit dieser praktischen Bastelsch\u00fcrze bleiben Ihre Kleider sauber und trocken. Die Sch\u00fcrze besteht aus robustem, wasserdichtem Material, das keine Farbe oder Kleber durchl\u00e4sst, sodass Sie sich ganz austoben k\u00f6nnen, ohne sich um Flecken sorgen zu m\u00fcssen. [&hellip;]","og_url":"https:\/\/ses-creative.com\/de\/produkt\/bastelschuerze\/","og_site_name":"SES Creative","article_modified_time":"2026-02-06T09:51:44+00:00","twitter_card":"summary_large_image","twitter_misc":{"Gesch\u00e4tzte Lesezeit":"1\u00a0Minute"},"schema":{"@context":"https:\/\/schema.org","@graph":[{"@type":"WebPage","@id":"https:\/\/ses-creative.com\/de\/produkt\/bastelschuerze\/","url":"https:\/\/ses-creative.com\/de\/produkt\/bastelschuerze\/","name":"Bastelsch\u00fcrze - SES Creative","isPartOf":{"@id":"https:\/\/ses-creative.com\/#website"},"primaryImageOfPage":{"@id":"https:\/\/ses-creative.com\/de\/produkt\/bastelschuerze\/#primaryimage"},"image":{"@id":"https:\/\/ses-creative.com\/de\/produkt\/bastelschuerze\/#primaryimage"},"thumbnailUrl":"https:\/\/ses-creative.com\/wp-content\/uploads\/2026\/01\/145711.jpg","datePublished":"2026-02-05T13:52:51+00:00","dateModified":"2026-02-06T09:51:44+00:00","breadcrumb":{"@id":"https:\/\/ses-creative.com\/de\/produkt\/bastelschuerze\/#breadcrumb"},"inLanguage":"de","potentialAction":[{"@type":"ReadAction","target":["https:\/\/ses-creative.com\/de\/produkt\/bastelschuerze\/"]}]},{"@type":"ImageObject","inLanguage":"de","@id":"https:\/\/ses-creative.com\/de\/produkt\/bastelschuerze\/#primaryimage","url":"https:\/\/ses-creative.com\/wp-content\/uploads\/2026\/01\/145711.jpg","contentUrl":"https:\/\/ses-creative.com\/wp-content\/uploads\/2026\/01\/145711.jpg","width":1000,"height":1000},{"@type":"BreadcrumbList","@id":"https:\/\/ses-creative.com\/de\/produkt\/bastelschuerze\/#breadcrumb","itemListElement":[{"@type":"ListItem","position":1,"name":"Shop","item":"https:\/\/ses-creative.com\/de\/shop\/"},{"@type":"ListItem","position":2,"name":"Basteln","item":"https:\/\/ses-creative.com\/de\/product-categorie\/basteln\/"},{"@type":"ListItem","position":3,"name":"Bastelsch\u00fcrze"}]},{"@type":"WebSite","@id":"https:\/\/ses-creative.com\/#website","url":"https:\/\/ses-creative.com\/","name":"SES Creative","description":"","publisher":{"@id":"https:\/\/ses-creative.com\/#organization"},"potentialAction":[{"@type":"SearchAction","target":{"@type":"EntryPoint","urlTemplate":"https:\/\/ses-creative.com\/?s={search_term_string}"},"query-input":{"@type":"PropertyValueSpecification","valueRequired":true,"valueName":"search_term_string"}}],"inLanguage":"de"},{"@type":"Organization","@id":"https:\/\/ses-creative.com\/#organization","name":"SES Creative","url":"https:\/\/ses-creative.com\/","logo":{"@type":"ImageObject","inLanguage":"de","@id":"https:\/\/ses-creative.com\/#\/schema\/logo\/image\/","url":"https:\/\/ses-creative.com\/wp-content\/uploads\/2025\/10\/ses-creative-logo.jpg","contentUrl":"https:\/\/ses-creative.com\/wp-content\/uploads\/2025\/10\/ses-creative-logo.jpg","width":2037,"height":2037,"caption":"SES Creative"},"image":{"@id":"https:\/\/ses-creative.com\/#\/schema\/logo\/image\/"}}]}},"_links":{"self":[{"href":"https:\/\/ses-creative.com\/de\/wp-json\/wp\/v2\/product\/114758","targetHints":{"allow":["GET"]}}],"collection":[{"href":"https:\/\/ses-creative.com\/de\/wp-json\/wp\/v2\/product"}],"about":[{"href":"https:\/\/ses-creative.com\/de\/wp-json\/wp\/v2\/types\/product"}],"replies":[{"embeddable":true,"href":"https:\/\/ses-creative.com\/de\/wp-json\/wp\/v2\/comments?post=114758"}],"wp:featuredmedia":[{"embeddable":true,"href":"https:\/\/ses-creative.com\/de\/wp-json\/wp\/v2\/media\/103696"}],"wp:attachment":[{"href":"https:\/\/ses-creative.com\/de\/wp-json\/wp\/v2\/media?parent=114758"}],"wp:term":[{"taxonomy":"product_brand","embeddable":true,"href":"https:\/\/ses-creative.com\/de\/wp-json\/wp\/v2\/product_brand?post=114758"},{"taxonomy":"product_cat","embeddable":true,"href":"https:\/\/ses-creative.com\/de\/wp-json\/wp\/v2\/product_cat?post=114758"},{"taxonomy":"product_tag","embeddable":true,"href":"https:\/\/ses-creative.com\/de\/wp-json\/wp\/v2\/product_tag?post=114758"}],"curies":[{"name":"wp","href":"https:\/\/api.w.org\/{rel}","templated":true}]}}