











{"id":114756,"date":"2026-02-05T13:52:51","date_gmt":"2026-02-05T13:52:51","guid":{"rendered":"https:\/\/ses-creative.com\/?post_type=product&#038;p=114756"},"modified":"2026-02-06T09:51:44","modified_gmt":"2026-02-06T09:51:44","slug":"sophie-la-girafe-badewannen-malstifte-mit-formen","status":"publish","type":"product","link":"https:\/\/ses-creative.com\/de\/produkt\/sophie-la-girafe-badewannen-malstifte-mit-formen\/","title":{"rendered":"Sophie la girafe &#8211; Badewannen-Malstifte mit Formen"},"content":{"rendered":"<p>Mit diesem Set aus Baby-Badestiften und Sophie die Giraffe-Figuren wird die Badezeit zu einem kreativen und lustigen Moment. Mit den 6 abwaschbaren Badekreiden k\u00f6nnen Kinder auf den Fliesen oder in der Badewanne malen und ihrer Fantasie freien Lauf lassen. Die leuchtenden Farben und die leichte Reinigung sorgen f\u00fcr einen sorgenfreien Gebrauch.<\/p>\n<p>Die 5 enthaltenen Schaumstofffiguren schwimmen auf dem Wasser und haften an feuchten Oberfl\u00e4chen, sodass die Kinder mit Sophie die Giraffe und ihren Freunden Geschichten erfinden k\u00f6nnen. Dieses Zubeh\u00f6r macht das Baden interaktiver und fesselt die Aufmerksamkeit der Kleinsten.<\/p>\n<p>Die Stifte sind f\u00fcr Kinder ungef\u00e4hrlich und wurden speziell f\u00fcr eine einfache Handhabung und intuitive Bedienung entwickelt. Die Tinte der Kreiden verschwindet schnell unter Wasser und sorgt so f\u00fcr eine einfache und schnelle Reinigung.<\/p>\n<p>Dieses kreative Badespiel ist ideal f\u00fcr Kinder ab 2 Jahren. Es f\u00f6rdert die Feinmotorik und die sensorischen F\u00e4higkeiten der Kinder und hilft ihnen dabei, Farben zu entdecken. Eine tolle Geschenkidee, um das Baden attraktiver und p\u00e4dagogisch wertvoller zu gestalten und gleichzeitig die Selbstst\u00e4ndigkeit der Kleinen zu f\u00f6rdern.<\/p>\n","protected":false},"excerpt":{"rendered":"<p>Mit diesem Set aus Baby-Badestiften und Sophie die Giraffe-Figuren wird die Badezeit zu einem kreativen und lustigen Moment. Mit den 6 abwaschbaren Badekreiden k\u00f6nnen Kinder auf den Fliesen oder in der Badewanne malen und ihrer Fantasie freien Lauf lassen. Die leuchtenden Farben und die leichte Reinigung sorgen f\u00fcr einen sorgenfreien Gebrauch. Die 5 enthaltenen Schaumstofffiguren [&hellip;]<\/p>\n","protected":false},"featured_media":103656,"comment_status":"closed","ping_status":"closed","template":"","meta":{"_acf_changed":false},"product_brand":[],"product_cat":[116],"product_tag":[],"class_list":{"0":"post-114756","1":"product","2":"type-product","3":"status-publish","4":"has-post-thumbnail","6":"product_cat-baby-kleinkind","7":"pa_collecties-sophie-la-girafe","8":"pa_leeftijd-filter-0-2-jahre","9":"pa_meest-populair-bij-jungen-maedchen","11":"first","12":"instock","13":"shipping-taxable","14":"product-type-simple"},"acf":[],"yoast_head":"<!-- This site is optimized with the Yoast SEO plugin v27.2 - https:\/\/yoast.com\/product\/yoast-seo-wordpress\/ -->\n<title>Sophie la girafe - Badewannen-Malstifte mit Formen - SES Creative<\/title>\n<meta name=\"robots\" content=\"index, follow, max-snippet:-1, max-image-preview:large, max-video-preview:-1\" \/>\n<link rel=\"canonical\" href=\"https:\/\/ses-creative.com\/de\/produkt\/sophie-la-girafe-badewannen-malstifte-mit-formen\/\" \/>\n<meta property=\"og:locale\" content=\"de_DE\" \/>\n<meta property=\"og:type\" content=\"article\" \/>\n<meta property=\"og:title\" content=\"Sophie la girafe - Badewannen-Malstifte mit Formen - SES Creative\" \/>\n<meta property=\"og:description\" content=\"Mit diesem Set aus Baby-Badestiften und Sophie die Giraffe-Figuren wird die Badezeit zu einem kreativen und lustigen Moment. Mit den 6 abwaschbaren Badekreiden k\u00f6nnen Kinder auf den Fliesen oder in der Badewanne malen und ihrer Fantasie freien Lauf lassen. Die leuchtenden Farben und die leichte Reinigung sorgen f\u00fcr einen sorgenfreien Gebrauch. Die 5 enthaltenen Schaumstofffiguren [&hellip;]\" \/>\n<meta property=\"og:url\" content=\"https:\/\/ses-creative.com\/de\/produkt\/sophie-la-girafe-badewannen-malstifte-mit-formen\/\" \/>\n<meta property=\"og:site_name\" content=\"SES Creative\" \/>\n<meta property=\"article:modified_time\" content=\"2026-02-06T09:51:44+00:00\" \/>\n<meta name=\"twitter:card\" content=\"summary_large_image\" \/>\n<meta name=\"twitter:label1\" content=\"Gesch\u00e4tzte Lesezeit\" \/>\n\t<meta name=\"twitter:data1\" content=\"1\u00a0Minute\" \/>\n<script type=\"application\/ld+json\" class=\"yoast-schema-graph\">{\"@context\":\"https:\/\/schema.org\",\"@graph\":[{\"@type\":\"WebPage\",\"@id\":\"https:\/\/ses-creative.com\/de\/produkt\/sophie-la-girafe-badewannen-malstifte-mit-formen\/\",\"url\":\"https:\/\/ses-creative.com\/de\/produkt\/sophie-la-girafe-badewannen-malstifte-mit-formen\/\",\"name\":\"Sophie la girafe - Badewannen-Malstifte mit Formen - SES Creative\",\"isPartOf\":{\"@id\":\"https:\/\/ses-creative.com\/#website\"},\"primaryImageOfPage\":{\"@id\":\"https:\/\/ses-creative.com\/de\/produkt\/sophie-la-girafe-badewannen-malstifte-mit-formen\/#primaryimage\"},\"image\":{\"@id\":\"https:\/\/ses-creative.com\/de\/produkt\/sophie-la-girafe-badewannen-malstifte-mit-formen\/#primaryimage\"},\"thumbnailUrl\":\"https:\/\/ses-creative.com\/wp-content\/uploads\/2026\/01\/144981.jpg\",\"datePublished\":\"2026-02-05T13:52:51+00:00\",\"dateModified\":\"2026-02-06T09:51:44+00:00\",\"breadcrumb\":{\"@id\":\"https:\/\/ses-creative.com\/de\/produkt\/sophie-la-girafe-badewannen-malstifte-mit-formen\/#breadcrumb\"},\"inLanguage\":\"de\",\"potentialAction\":[{\"@type\":\"ReadAction\",\"target\":[\"https:\/\/ses-creative.com\/de\/produkt\/sophie-la-girafe-badewannen-malstifte-mit-formen\/\"]}]},{\"@type\":\"ImageObject\",\"inLanguage\":\"de\",\"@id\":\"https:\/\/ses-creative.com\/de\/produkt\/sophie-la-girafe-badewannen-malstifte-mit-formen\/#primaryimage\",\"url\":\"https:\/\/ses-creative.com\/wp-content\/uploads\/2026\/01\/144981.jpg\",\"contentUrl\":\"https:\/\/ses-creative.com\/wp-content\/uploads\/2026\/01\/144981.jpg\",\"width\":1000,\"height\":1000},{\"@type\":\"BreadcrumbList\",\"@id\":\"https:\/\/ses-creative.com\/de\/produkt\/sophie-la-girafe-badewannen-malstifte-mit-formen\/#breadcrumb\",\"itemListElement\":[{\"@type\":\"ListItem\",\"position\":1,\"name\":\"Shop\",\"item\":\"https:\/\/ses-creative.com\/de\/shop\/\"},{\"@type\":\"ListItem\",\"position\":2,\"name\":\"Baby &amp; Kleinkind\",\"item\":\"https:\/\/ses-creative.com\/de\/product-categorie\/baby-kleinkind\/\"},{\"@type\":\"ListItem\",\"position\":3,\"name\":\"Sophie la girafe &#8211; Badewannen-Malstifte mit Formen\"}]},{\"@type\":\"WebSite\",\"@id\":\"https:\/\/ses-creative.com\/#website\",\"url\":\"https:\/\/ses-creative.com\/\",\"name\":\"SES Creative\",\"description\":\"\",\"publisher\":{\"@id\":\"https:\/\/ses-creative.com\/#organization\"},\"potentialAction\":[{\"@type\":\"SearchAction\",\"target\":{\"@type\":\"EntryPoint\",\"urlTemplate\":\"https:\/\/ses-creative.com\/?s={search_term_string}\"},\"query-input\":{\"@type\":\"PropertyValueSpecification\",\"valueRequired\":true,\"valueName\":\"search_term_string\"}}],\"inLanguage\":\"de\"},{\"@type\":\"Organization\",\"@id\":\"https:\/\/ses-creative.com\/#organization\",\"name\":\"SES Creative\",\"url\":\"https:\/\/ses-creative.com\/\",\"logo\":{\"@type\":\"ImageObject\",\"inLanguage\":\"de\",\"@id\":\"https:\/\/ses-creative.com\/#\/schema\/logo\/image\/\",\"url\":\"https:\/\/ses-creative.com\/wp-content\/uploads\/2025\/10\/ses-creative-logo.jpg\",\"contentUrl\":\"https:\/\/ses-creative.com\/wp-content\/uploads\/2025\/10\/ses-creative-logo.jpg\",\"width\":2037,\"height\":2037,\"caption\":\"SES Creative\"},\"image\":{\"@id\":\"https:\/\/ses-creative.com\/#\/schema\/logo\/image\/\"}}]}<\/script>\n<!-- \/ Yoast SEO plugin. -->","yoast_head_json":{"title":"Sophie la girafe - Badewannen-Malstifte mit Formen - SES Creative","robots":{"index":"index","follow":"follow","max-snippet":"max-snippet:-1","max-image-preview":"max-image-preview:large","max-video-preview":"max-video-preview:-1"},"canonical":"https:\/\/ses-creative.com\/de\/produkt\/sophie-la-girafe-badewannen-malstifte-mit-formen\/","og_locale":"de_DE","og_type":"article","og_title":"Sophie la girafe - Badewannen-Malstifte mit Formen - SES Creative","og_description":"Mit diesem Set aus Baby-Badestiften und Sophie die Giraffe-Figuren wird die Badezeit zu einem kreativen und lustigen Moment. Mit den 6 abwaschbaren Badekreiden k\u00f6nnen Kinder auf den Fliesen oder in der Badewanne malen und ihrer Fantasie freien Lauf lassen. Die leuchtenden Farben und die leichte Reinigung sorgen f\u00fcr einen sorgenfreien Gebrauch. Die 5 enthaltenen Schaumstofffiguren [&hellip;]","og_url":"https:\/\/ses-creative.com\/de\/produkt\/sophie-la-girafe-badewannen-malstifte-mit-formen\/","og_site_name":"SES Creative","article_modified_time":"2026-02-06T09:51:44+00:00","twitter_card":"summary_large_image","twitter_misc":{"Gesch\u00e4tzte Lesezeit":"1\u00a0Minute"},"schema":{"@context":"https:\/\/schema.org","@graph":[{"@type":"WebPage","@id":"https:\/\/ses-creative.com\/de\/produkt\/sophie-la-girafe-badewannen-malstifte-mit-formen\/","url":"https:\/\/ses-creative.com\/de\/produkt\/sophie-la-girafe-badewannen-malstifte-mit-formen\/","name":"Sophie la girafe - Badewannen-Malstifte mit Formen - SES Creative","isPartOf":{"@id":"https:\/\/ses-creative.com\/#website"},"primaryImageOfPage":{"@id":"https:\/\/ses-creative.com\/de\/produkt\/sophie-la-girafe-badewannen-malstifte-mit-formen\/#primaryimage"},"image":{"@id":"https:\/\/ses-creative.com\/de\/produkt\/sophie-la-girafe-badewannen-malstifte-mit-formen\/#primaryimage"},"thumbnailUrl":"https:\/\/ses-creative.com\/wp-content\/uploads\/2026\/01\/144981.jpg","datePublished":"2026-02-05T13:52:51+00:00","dateModified":"2026-02-06T09:51:44+00:00","breadcrumb":{"@id":"https:\/\/ses-creative.com\/de\/produkt\/sophie-la-girafe-badewannen-malstifte-mit-formen\/#breadcrumb"},"inLanguage":"de","potentialAction":[{"@type":"ReadAction","target":["https:\/\/ses-creative.com\/de\/produkt\/sophie-la-girafe-badewannen-malstifte-mit-formen\/"]}]},{"@type":"ImageObject","inLanguage":"de","@id":"https:\/\/ses-creative.com\/de\/produkt\/sophie-la-girafe-badewannen-malstifte-mit-formen\/#primaryimage","url":"https:\/\/ses-creative.com\/wp-content\/uploads\/2026\/01\/144981.jpg","contentUrl":"https:\/\/ses-creative.com\/wp-content\/uploads\/2026\/01\/144981.jpg","width":1000,"height":1000},{"@type":"BreadcrumbList","@id":"https:\/\/ses-creative.com\/de\/produkt\/sophie-la-girafe-badewannen-malstifte-mit-formen\/#breadcrumb","itemListElement":[{"@type":"ListItem","position":1,"name":"Shop","item":"https:\/\/ses-creative.com\/de\/shop\/"},{"@type":"ListItem","position":2,"name":"Baby &amp; Kleinkind","item":"https:\/\/ses-creative.com\/de\/product-categorie\/baby-kleinkind\/"},{"@type":"ListItem","position":3,"name":"Sophie la girafe &#8211; Badewannen-Malstifte mit Formen"}]},{"@type":"WebSite","@id":"https:\/\/ses-creative.com\/#website","url":"https:\/\/ses-creative.com\/","name":"SES Creative","description":"","publisher":{"@id":"https:\/\/ses-creative.com\/#organization"},"potentialAction":[{"@type":"SearchAction","target":{"@type":"EntryPoint","urlTemplate":"https:\/\/ses-creative.com\/?s={search_term_string}"},"query-input":{"@type":"PropertyValueSpecification","valueRequired":true,"valueName":"search_term_string"}}],"inLanguage":"de"},{"@type":"Organization","@id":"https:\/\/ses-creative.com\/#organization","name":"SES Creative","url":"https:\/\/ses-creative.com\/","logo":{"@type":"ImageObject","inLanguage":"de","@id":"https:\/\/ses-creative.com\/#\/schema\/logo\/image\/","url":"https:\/\/ses-creative.com\/wp-content\/uploads\/2025\/10\/ses-creative-logo.jpg","contentUrl":"https:\/\/ses-creative.com\/wp-content\/uploads\/2025\/10\/ses-creative-logo.jpg","width":2037,"height":2037,"caption":"SES Creative"},"image":{"@id":"https:\/\/ses-creative.com\/#\/schema\/logo\/image\/"}}]}},"_links":{"self":[{"href":"https:\/\/ses-creative.com\/de\/wp-json\/wp\/v2\/product\/114756","targetHints":{"allow":["GET"]}}],"collection":[{"href":"https:\/\/ses-creative.com\/de\/wp-json\/wp\/v2\/product"}],"about":[{"href":"https:\/\/ses-creative.com\/de\/wp-json\/wp\/v2\/types\/product"}],"replies":[{"embeddable":true,"href":"https:\/\/ses-creative.com\/de\/wp-json\/wp\/v2\/comments?post=114756"}],"wp:featuredmedia":[{"embeddable":true,"href":"https:\/\/ses-creative.com\/de\/wp-json\/wp\/v2\/media\/103656"}],"wp:attachment":[{"href":"https:\/\/ses-creative.com\/de\/wp-json\/wp\/v2\/media?parent=114756"}],"wp:term":[{"taxonomy":"product_brand","embeddable":true,"href":"https:\/\/ses-creative.com\/de\/wp-json\/wp\/v2\/product_brand?post=114756"},{"taxonomy":"product_cat","embeddable":true,"href":"https:\/\/ses-creative.com\/de\/wp-json\/wp\/v2\/product_cat?post=114756"},{"taxonomy":"product_tag","embeddable":true,"href":"https:\/\/ses-creative.com\/de\/wp-json\/wp\/v2\/product_tag?post=114756"}],"curies":[{"name":"wp","href":"https:\/\/api.w.org\/{rel}","templated":true}]}}