











{"id":114755,"date":"2026-02-05T13:52:51","date_gmt":"2026-02-05T13:52:51","guid":{"rendered":"https:\/\/ses-creative.com\/?post_type=product&#038;p=114755"},"modified":"2026-02-06T09:51:44","modified_gmt":"2026-02-06T09:51:44","slug":"sophie-la-girafe-ausmalen-und-fingermalerei","status":"publish","type":"product","link":"https:\/\/ses-creative.com\/de\/produkt\/sophie-la-girafe-ausmalen-und-fingermalerei\/","title":{"rendered":"Sophie la girafe &#8211; Ausmalen und Fingermalerei"},"content":{"rendered":"<p>Das Sophie die Giraffe Mal- und Zeichen-Set ist eine perfekte Aktivit\u00e4t, um die Kreativit\u00e4t von Kleinkindern zu wecken. Dieses 2-in-1-Set erm\u00f6glicht es Kindern, mit ihren Fingern zu malen und mit abwaschbaren Filzstiften zu kolorieren. Es enth\u00e4lt 3 T\u00f6pfe mit Baby-Fingerfarben (gelb, rot und blau) sowie 5 Filzstifte, die speziell f\u00fcr kleine H\u00e4nde entwickelt wurden.<\/p>\n<p>Die Farben sind hypoallergen, glutenfrei und lassen sich leicht mischen, um neue Farben zu erhalten. Mit den 10 enthaltenen Karten k\u00f6nnen die Kinder mit verschiedenen Texturen experimentieren und ihre ersten Kreationen zum Leben erwecken. Die abwaschbaren Babyfilzstifte erm\u00f6glichen es, den Zeichnungen Details hinzuzuf\u00fcgen, w\u00e4hrend sie gleichzeitig eine einfache Reinigung auf Haut und Stoffen gew\u00e4hrleisten.<\/p>\n<p>Dieses Mal- und Zeichen-Set regt die Feinmotorik an und hilft bei der Farberkennung. Es f\u00f6rdert den k\u00fcnstlerischen Ausdruck und erm\u00f6glicht Kindern, ihre Ideen frei zu erkunden. Es ist ideal f\u00fcr Kinder ab 1 Jahr und bietet eine sichere und spielerische Erfahrung.<\/p>\n<p>Perfekt als Geschenk geeignet, ist dieses Kinder-Kreativset eine sch\u00f6ne Einf\u00fchrung in die bildenden K\u00fcnste. Ein Set, das sich f\u00fcr die ersten Mal- und Ausmalversuche eignet und von der ber\u00fchmten Welt von Sophie die Giraffe inspiriert ist.<\/p>\n","protected":false},"excerpt":{"rendered":"<p>Das Sophie die Giraffe Mal- und Zeichen-Set ist eine perfekte Aktivit\u00e4t, um die Kreativit\u00e4t von Kleinkindern zu wecken. Dieses 2-in-1-Set erm\u00f6glicht es Kindern, mit ihren Fingern zu malen und mit abwaschbaren Filzstiften zu kolorieren. Es enth\u00e4lt 3 T\u00f6pfe mit Baby-Fingerfarben (gelb, rot und blau) sowie 5 Filzstifte, die speziell f\u00fcr kleine H\u00e4nde entwickelt wurden. Die [&hellip;]<\/p>\n","protected":false},"featured_media":103636,"comment_status":"closed","ping_status":"closed","template":"","meta":{"_acf_changed":false},"product_brand":[],"product_cat":[116],"product_tag":[],"class_list":{"0":"post-114755","1":"product","2":"type-product","3":"status-publish","4":"has-post-thumbnail","6":"product_cat-baby-kleinkind","7":"pa_collecties-sophie-la-girafe","8":"pa_leeftijd-filter-0-2-jahre","9":"pa_meest-populair-bij-jungen-maedchen","11":"first","12":"instock","13":"shipping-taxable","14":"product-type-simple"},"acf":[],"yoast_head":"<!-- This site is optimized with the Yoast SEO plugin v27.2 - https:\/\/yoast.com\/product\/yoast-seo-wordpress\/ -->\n<title>Sophie la girafe - Ausmalen und Fingermalerei - SES Creative<\/title>\n<meta name=\"robots\" content=\"index, follow, max-snippet:-1, max-image-preview:large, max-video-preview:-1\" \/>\n<link rel=\"canonical\" href=\"https:\/\/ses-creative.com\/de\/produkt\/sophie-la-girafe-ausmalen-und-fingermalerei\/\" \/>\n<meta property=\"og:locale\" content=\"de_DE\" \/>\n<meta property=\"og:type\" content=\"article\" \/>\n<meta property=\"og:title\" content=\"Sophie la girafe - Ausmalen und Fingermalerei - SES Creative\" \/>\n<meta property=\"og:description\" content=\"Das Sophie die Giraffe Mal- und Zeichen-Set ist eine perfekte Aktivit\u00e4t, um die Kreativit\u00e4t von Kleinkindern zu wecken. Dieses 2-in-1-Set erm\u00f6glicht es Kindern, mit ihren Fingern zu malen und mit abwaschbaren Filzstiften zu kolorieren. Es enth\u00e4lt 3 T\u00f6pfe mit Baby-Fingerfarben (gelb, rot und blau) sowie 5 Filzstifte, die speziell f\u00fcr kleine H\u00e4nde entwickelt wurden. Die [&hellip;]\" \/>\n<meta property=\"og:url\" content=\"https:\/\/ses-creative.com\/de\/produkt\/sophie-la-girafe-ausmalen-und-fingermalerei\/\" \/>\n<meta property=\"og:site_name\" content=\"SES Creative\" \/>\n<meta property=\"article:modified_time\" content=\"2026-02-06T09:51:44+00:00\" \/>\n<meta name=\"twitter:card\" content=\"summary_large_image\" \/>\n<meta name=\"twitter:label1\" content=\"Gesch\u00e4tzte Lesezeit\" \/>\n\t<meta name=\"twitter:data1\" content=\"1\u00a0Minute\" \/>\n<script type=\"application\/ld+json\" class=\"yoast-schema-graph\">{\"@context\":\"https:\/\/schema.org\",\"@graph\":[{\"@type\":\"WebPage\",\"@id\":\"https:\/\/ses-creative.com\/de\/produkt\/sophie-la-girafe-ausmalen-und-fingermalerei\/\",\"url\":\"https:\/\/ses-creative.com\/de\/produkt\/sophie-la-girafe-ausmalen-und-fingermalerei\/\",\"name\":\"Sophie la girafe - Ausmalen und Fingermalerei - SES Creative\",\"isPartOf\":{\"@id\":\"https:\/\/ses-creative.com\/#website\"},\"primaryImageOfPage\":{\"@id\":\"https:\/\/ses-creative.com\/de\/produkt\/sophie-la-girafe-ausmalen-und-fingermalerei\/#primaryimage\"},\"image\":{\"@id\":\"https:\/\/ses-creative.com\/de\/produkt\/sophie-la-girafe-ausmalen-und-fingermalerei\/#primaryimage\"},\"thumbnailUrl\":\"https:\/\/ses-creative.com\/wp-content\/uploads\/2026\/01\/144971.jpg\",\"datePublished\":\"2026-02-05T13:52:51+00:00\",\"dateModified\":\"2026-02-06T09:51:44+00:00\",\"breadcrumb\":{\"@id\":\"https:\/\/ses-creative.com\/de\/produkt\/sophie-la-girafe-ausmalen-und-fingermalerei\/#breadcrumb\"},\"inLanguage\":\"de\",\"potentialAction\":[{\"@type\":\"ReadAction\",\"target\":[\"https:\/\/ses-creative.com\/de\/produkt\/sophie-la-girafe-ausmalen-und-fingermalerei\/\"]}]},{\"@type\":\"ImageObject\",\"inLanguage\":\"de\",\"@id\":\"https:\/\/ses-creative.com\/de\/produkt\/sophie-la-girafe-ausmalen-und-fingermalerei\/#primaryimage\",\"url\":\"https:\/\/ses-creative.com\/wp-content\/uploads\/2026\/01\/144971.jpg\",\"contentUrl\":\"https:\/\/ses-creative.com\/wp-content\/uploads\/2026\/01\/144971.jpg\",\"width\":1000,\"height\":1000},{\"@type\":\"BreadcrumbList\",\"@id\":\"https:\/\/ses-creative.com\/de\/produkt\/sophie-la-girafe-ausmalen-und-fingermalerei\/#breadcrumb\",\"itemListElement\":[{\"@type\":\"ListItem\",\"position\":1,\"name\":\"Shop\",\"item\":\"https:\/\/ses-creative.com\/de\/shop\/\"},{\"@type\":\"ListItem\",\"position\":2,\"name\":\"Baby &amp; Kleinkind\",\"item\":\"https:\/\/ses-creative.com\/de\/product-categorie\/baby-kleinkind\/\"},{\"@type\":\"ListItem\",\"position\":3,\"name\":\"Sophie la girafe &#8211; Ausmalen und Fingermalerei\"}]},{\"@type\":\"WebSite\",\"@id\":\"https:\/\/ses-creative.com\/#website\",\"url\":\"https:\/\/ses-creative.com\/\",\"name\":\"SES Creative\",\"description\":\"\",\"publisher\":{\"@id\":\"https:\/\/ses-creative.com\/#organization\"},\"potentialAction\":[{\"@type\":\"SearchAction\",\"target\":{\"@type\":\"EntryPoint\",\"urlTemplate\":\"https:\/\/ses-creative.com\/?s={search_term_string}\"},\"query-input\":{\"@type\":\"PropertyValueSpecification\",\"valueRequired\":true,\"valueName\":\"search_term_string\"}}],\"inLanguage\":\"de\"},{\"@type\":\"Organization\",\"@id\":\"https:\/\/ses-creative.com\/#organization\",\"name\":\"SES Creative\",\"url\":\"https:\/\/ses-creative.com\/\",\"logo\":{\"@type\":\"ImageObject\",\"inLanguage\":\"de\",\"@id\":\"https:\/\/ses-creative.com\/#\/schema\/logo\/image\/\",\"url\":\"https:\/\/ses-creative.com\/wp-content\/uploads\/2025\/10\/ses-creative-logo.jpg\",\"contentUrl\":\"https:\/\/ses-creative.com\/wp-content\/uploads\/2025\/10\/ses-creative-logo.jpg\",\"width\":2037,\"height\":2037,\"caption\":\"SES Creative\"},\"image\":{\"@id\":\"https:\/\/ses-creative.com\/#\/schema\/logo\/image\/\"}}]}<\/script>\n<!-- \/ Yoast SEO plugin. -->","yoast_head_json":{"title":"Sophie la girafe - Ausmalen und Fingermalerei - SES Creative","robots":{"index":"index","follow":"follow","max-snippet":"max-snippet:-1","max-image-preview":"max-image-preview:large","max-video-preview":"max-video-preview:-1"},"canonical":"https:\/\/ses-creative.com\/de\/produkt\/sophie-la-girafe-ausmalen-und-fingermalerei\/","og_locale":"de_DE","og_type":"article","og_title":"Sophie la girafe - Ausmalen und Fingermalerei - SES Creative","og_description":"Das Sophie die Giraffe Mal- und Zeichen-Set ist eine perfekte Aktivit\u00e4t, um die Kreativit\u00e4t von Kleinkindern zu wecken. Dieses 2-in-1-Set erm\u00f6glicht es Kindern, mit ihren Fingern zu malen und mit abwaschbaren Filzstiften zu kolorieren. Es enth\u00e4lt 3 T\u00f6pfe mit Baby-Fingerfarben (gelb, rot und blau) sowie 5 Filzstifte, die speziell f\u00fcr kleine H\u00e4nde entwickelt wurden. Die [&hellip;]","og_url":"https:\/\/ses-creative.com\/de\/produkt\/sophie-la-girafe-ausmalen-und-fingermalerei\/","og_site_name":"SES Creative","article_modified_time":"2026-02-06T09:51:44+00:00","twitter_card":"summary_large_image","twitter_misc":{"Gesch\u00e4tzte Lesezeit":"1\u00a0Minute"},"schema":{"@context":"https:\/\/schema.org","@graph":[{"@type":"WebPage","@id":"https:\/\/ses-creative.com\/de\/produkt\/sophie-la-girafe-ausmalen-und-fingermalerei\/","url":"https:\/\/ses-creative.com\/de\/produkt\/sophie-la-girafe-ausmalen-und-fingermalerei\/","name":"Sophie la girafe - Ausmalen und Fingermalerei - SES Creative","isPartOf":{"@id":"https:\/\/ses-creative.com\/#website"},"primaryImageOfPage":{"@id":"https:\/\/ses-creative.com\/de\/produkt\/sophie-la-girafe-ausmalen-und-fingermalerei\/#primaryimage"},"image":{"@id":"https:\/\/ses-creative.com\/de\/produkt\/sophie-la-girafe-ausmalen-und-fingermalerei\/#primaryimage"},"thumbnailUrl":"https:\/\/ses-creative.com\/wp-content\/uploads\/2026\/01\/144971.jpg","datePublished":"2026-02-05T13:52:51+00:00","dateModified":"2026-02-06T09:51:44+00:00","breadcrumb":{"@id":"https:\/\/ses-creative.com\/de\/produkt\/sophie-la-girafe-ausmalen-und-fingermalerei\/#breadcrumb"},"inLanguage":"de","potentialAction":[{"@type":"ReadAction","target":["https:\/\/ses-creative.com\/de\/produkt\/sophie-la-girafe-ausmalen-und-fingermalerei\/"]}]},{"@type":"ImageObject","inLanguage":"de","@id":"https:\/\/ses-creative.com\/de\/produkt\/sophie-la-girafe-ausmalen-und-fingermalerei\/#primaryimage","url":"https:\/\/ses-creative.com\/wp-content\/uploads\/2026\/01\/144971.jpg","contentUrl":"https:\/\/ses-creative.com\/wp-content\/uploads\/2026\/01\/144971.jpg","width":1000,"height":1000},{"@type":"BreadcrumbList","@id":"https:\/\/ses-creative.com\/de\/produkt\/sophie-la-girafe-ausmalen-und-fingermalerei\/#breadcrumb","itemListElement":[{"@type":"ListItem","position":1,"name":"Shop","item":"https:\/\/ses-creative.com\/de\/shop\/"},{"@type":"ListItem","position":2,"name":"Baby &amp; Kleinkind","item":"https:\/\/ses-creative.com\/de\/product-categorie\/baby-kleinkind\/"},{"@type":"ListItem","position":3,"name":"Sophie la girafe &#8211; Ausmalen und Fingermalerei"}]},{"@type":"WebSite","@id":"https:\/\/ses-creative.com\/#website","url":"https:\/\/ses-creative.com\/","name":"SES Creative","description":"","publisher":{"@id":"https:\/\/ses-creative.com\/#organization"},"potentialAction":[{"@type":"SearchAction","target":{"@type":"EntryPoint","urlTemplate":"https:\/\/ses-creative.com\/?s={search_term_string}"},"query-input":{"@type":"PropertyValueSpecification","valueRequired":true,"valueName":"search_term_string"}}],"inLanguage":"de"},{"@type":"Organization","@id":"https:\/\/ses-creative.com\/#organization","name":"SES Creative","url":"https:\/\/ses-creative.com\/","logo":{"@type":"ImageObject","inLanguage":"de","@id":"https:\/\/ses-creative.com\/#\/schema\/logo\/image\/","url":"https:\/\/ses-creative.com\/wp-content\/uploads\/2025\/10\/ses-creative-logo.jpg","contentUrl":"https:\/\/ses-creative.com\/wp-content\/uploads\/2025\/10\/ses-creative-logo.jpg","width":2037,"height":2037,"caption":"SES Creative"},"image":{"@id":"https:\/\/ses-creative.com\/#\/schema\/logo\/image\/"}}]}},"_links":{"self":[{"href":"https:\/\/ses-creative.com\/de\/wp-json\/wp\/v2\/product\/114755","targetHints":{"allow":["GET"]}}],"collection":[{"href":"https:\/\/ses-creative.com\/de\/wp-json\/wp\/v2\/product"}],"about":[{"href":"https:\/\/ses-creative.com\/de\/wp-json\/wp\/v2\/types\/product"}],"replies":[{"embeddable":true,"href":"https:\/\/ses-creative.com\/de\/wp-json\/wp\/v2\/comments?post=114755"}],"wp:featuredmedia":[{"embeddable":true,"href":"https:\/\/ses-creative.com\/de\/wp-json\/wp\/v2\/media\/103636"}],"wp:attachment":[{"href":"https:\/\/ses-creative.com\/de\/wp-json\/wp\/v2\/media?parent=114755"}],"wp:term":[{"taxonomy":"product_brand","embeddable":true,"href":"https:\/\/ses-creative.com\/de\/wp-json\/wp\/v2\/product_brand?post=114755"},{"taxonomy":"product_cat","embeddable":true,"href":"https:\/\/ses-creative.com\/de\/wp-json\/wp\/v2\/product_cat?post=114755"},{"taxonomy":"product_tag","embeddable":true,"href":"https:\/\/ses-creative.com\/de\/wp-json\/wp\/v2\/product_tag?post=114755"}],"curies":[{"name":"wp","href":"https:\/\/api.w.org\/{rel}","templated":true}]}}