











{"id":114754,"date":"2026-02-05T13:52:51","date_gmt":"2026-02-05T13:52:51","guid":{"rendered":"https:\/\/ses-creative.com\/?post_type=product&#038;p=114754"},"modified":"2026-02-06T09:51:44","modified_gmt":"2026-02-06T09:51:44","slug":"sophie-la-girafe-fingerfarbenset","status":"publish","type":"product","link":"https:\/\/ses-creative.com\/de\/produkt\/sophie-la-girafe-fingerfarbenset\/","title":{"rendered":"Sophie la girafe &#8211; Fingerfarbenset"},"content":{"rendered":"<p>Wecken Sie die Kreativit\u00e4t Ihres Kindes mit dem Sophie die Giraffe Fingermalset von SES Creative! Dieses Komplettset wurde speziell f\u00fcr Kleinkinder ab 1 Jahr entwickelt und verwandelt jede Spielsitzung in ein einzigartiges Sinnes- und Kunsterlebnis. Mit den 4 Farbt\u00f6pfen in leuchtenden Farben, der weichen, leicht aufzutragenden Textur und den 8 lustigen Schablonen kann sich Ihr Kind beim freien Gestalten vergn\u00fcgen und gleichzeitig seine Feinmotorik und Hand-Augen-Koordination entwickeln.<\/p>\n<p>Und weil zum Lernen auch das Entdecken geh\u00f6rt, enth\u00e4lt dieses Set eine praktische beflockte Sch\u00fcrze, damit kleine K\u00fcnstler sich ohne Angst vor Flecken austoben k\u00f6nnen. Eltern werden auch die abwaschbare Formel zu sch\u00e4tzen wissen, die einfach mit Wasser gereinigt werden kann, sowie die hypoallergene und glutenfreie Zusammensetzung, die eine sichere Aktivit\u00e4t garantiert.<\/p>\n<p>Ideal zum Geburtstag, zu Weihnachten oder einfach zur F\u00f6rderung der k\u00fcnstlerischen Entwicklung ist dieses Set ein spielerisches und p\u00e4dagogisches Geschenk, das Ihr Kind bei seinen ersten kreativen Entdeckungen begleiten wird. In den Niederlanden hergestellt und 100 % CO\u2082-neutral, vereint es Sicherheit, Qualit\u00e4t und \u00f6kologisches Engagement. Machen Sie kleinen angehenden Kreativen mit diesem Sophie die Giraffe-Set eine Freude!<\/p>\n","protected":false},"excerpt":{"rendered":"<p>Wecken Sie die Kreativit\u00e4t Ihres Kindes mit dem Sophie die Giraffe Fingermalset von SES Creative! Dieses Komplettset wurde speziell f\u00fcr Kleinkinder ab 1 Jahr entwickelt und verwandelt jede Spielsitzung in ein einzigartiges Sinnes- und Kunsterlebnis. Mit den 4 Farbt\u00f6pfen in leuchtenden Farben, der weichen, leicht aufzutragenden Textur und den 8 lustigen Schablonen kann sich Ihr [&hellip;]<\/p>\n","protected":false},"featured_media":103616,"comment_status":"closed","ping_status":"closed","template":"","meta":{"_acf_changed":false},"product_brand":[],"product_cat":[116],"product_tag":[],"class_list":{"0":"post-114754","1":"product","2":"type-product","3":"status-publish","4":"has-post-thumbnail","6":"product_cat-baby-kleinkind","7":"pa_collecties-sophie-la-girafe","8":"pa_leeftijd-filter-0-2-jahre","9":"pa_meest-populair-bij-jungen-maedchen","11":"first","12":"instock","13":"shipping-taxable","14":"product-type-simple"},"acf":[],"yoast_head":"<!-- This site is optimized with the Yoast SEO plugin v27.2 - https:\/\/yoast.com\/product\/yoast-seo-wordpress\/ -->\n<title>Sophie la girafe - Fingerfarbenset - SES Creative<\/title>\n<meta name=\"robots\" content=\"index, follow, max-snippet:-1, max-image-preview:large, max-video-preview:-1\" \/>\n<link rel=\"canonical\" href=\"https:\/\/ses-creative.com\/de\/produkt\/sophie-la-girafe-fingerfarbenset\/\" \/>\n<meta property=\"og:locale\" content=\"de_DE\" \/>\n<meta property=\"og:type\" content=\"article\" \/>\n<meta property=\"og:title\" content=\"Sophie la girafe - Fingerfarbenset - SES Creative\" \/>\n<meta property=\"og:description\" content=\"Wecken Sie die Kreativit\u00e4t Ihres Kindes mit dem Sophie die Giraffe Fingermalset von SES Creative! Dieses Komplettset wurde speziell f\u00fcr Kleinkinder ab 1 Jahr entwickelt und verwandelt jede Spielsitzung in ein einzigartiges Sinnes- und Kunsterlebnis. Mit den 4 Farbt\u00f6pfen in leuchtenden Farben, der weichen, leicht aufzutragenden Textur und den 8 lustigen Schablonen kann sich Ihr [&hellip;]\" \/>\n<meta property=\"og:url\" content=\"https:\/\/ses-creative.com\/de\/produkt\/sophie-la-girafe-fingerfarbenset\/\" \/>\n<meta property=\"og:site_name\" content=\"SES Creative\" \/>\n<meta property=\"article:modified_time\" content=\"2026-02-06T09:51:44+00:00\" \/>\n<meta name=\"twitter:card\" content=\"summary_large_image\" \/>\n<meta name=\"twitter:label1\" content=\"Gesch\u00e4tzte Lesezeit\" \/>\n\t<meta name=\"twitter:data1\" content=\"1\u00a0Minute\" \/>\n<script type=\"application\/ld+json\" class=\"yoast-schema-graph\">{\"@context\":\"https:\/\/schema.org\",\"@graph\":[{\"@type\":\"WebPage\",\"@id\":\"https:\/\/ses-creative.com\/de\/produkt\/sophie-la-girafe-fingerfarbenset\/\",\"url\":\"https:\/\/ses-creative.com\/de\/produkt\/sophie-la-girafe-fingerfarbenset\/\",\"name\":\"Sophie la girafe - Fingerfarbenset - SES Creative\",\"isPartOf\":{\"@id\":\"https:\/\/ses-creative.com\/#website\"},\"primaryImageOfPage\":{\"@id\":\"https:\/\/ses-creative.com\/de\/produkt\/sophie-la-girafe-fingerfarbenset\/#primaryimage\"},\"image\":{\"@id\":\"https:\/\/ses-creative.com\/de\/produkt\/sophie-la-girafe-fingerfarbenset\/#primaryimage\"},\"thumbnailUrl\":\"https:\/\/ses-creative.com\/wp-content\/uploads\/2026\/01\/144941.jpg\",\"datePublished\":\"2026-02-05T13:52:51+00:00\",\"dateModified\":\"2026-02-06T09:51:44+00:00\",\"breadcrumb\":{\"@id\":\"https:\/\/ses-creative.com\/de\/produkt\/sophie-la-girafe-fingerfarbenset\/#breadcrumb\"},\"inLanguage\":\"de\",\"potentialAction\":[{\"@type\":\"ReadAction\",\"target\":[\"https:\/\/ses-creative.com\/de\/produkt\/sophie-la-girafe-fingerfarbenset\/\"]}]},{\"@type\":\"ImageObject\",\"inLanguage\":\"de\",\"@id\":\"https:\/\/ses-creative.com\/de\/produkt\/sophie-la-girafe-fingerfarbenset\/#primaryimage\",\"url\":\"https:\/\/ses-creative.com\/wp-content\/uploads\/2026\/01\/144941.jpg\",\"contentUrl\":\"https:\/\/ses-creative.com\/wp-content\/uploads\/2026\/01\/144941.jpg\",\"width\":1000,\"height\":1000},{\"@type\":\"BreadcrumbList\",\"@id\":\"https:\/\/ses-creative.com\/de\/produkt\/sophie-la-girafe-fingerfarbenset\/#breadcrumb\",\"itemListElement\":[{\"@type\":\"ListItem\",\"position\":1,\"name\":\"Shop\",\"item\":\"https:\/\/ses-creative.com\/de\/shop\/\"},{\"@type\":\"ListItem\",\"position\":2,\"name\":\"Baby &amp; Kleinkind\",\"item\":\"https:\/\/ses-creative.com\/de\/product-categorie\/baby-kleinkind\/\"},{\"@type\":\"ListItem\",\"position\":3,\"name\":\"Sophie la girafe &#8211; Fingerfarbenset\"}]},{\"@type\":\"WebSite\",\"@id\":\"https:\/\/ses-creative.com\/#website\",\"url\":\"https:\/\/ses-creative.com\/\",\"name\":\"SES Creative\",\"description\":\"\",\"publisher\":{\"@id\":\"https:\/\/ses-creative.com\/#organization\"},\"potentialAction\":[{\"@type\":\"SearchAction\",\"target\":{\"@type\":\"EntryPoint\",\"urlTemplate\":\"https:\/\/ses-creative.com\/?s={search_term_string}\"},\"query-input\":{\"@type\":\"PropertyValueSpecification\",\"valueRequired\":true,\"valueName\":\"search_term_string\"}}],\"inLanguage\":\"de\"},{\"@type\":\"Organization\",\"@id\":\"https:\/\/ses-creative.com\/#organization\",\"name\":\"SES Creative\",\"url\":\"https:\/\/ses-creative.com\/\",\"logo\":{\"@type\":\"ImageObject\",\"inLanguage\":\"de\",\"@id\":\"https:\/\/ses-creative.com\/#\/schema\/logo\/image\/\",\"url\":\"https:\/\/ses-creative.com\/wp-content\/uploads\/2025\/10\/ses-creative-logo.jpg\",\"contentUrl\":\"https:\/\/ses-creative.com\/wp-content\/uploads\/2025\/10\/ses-creative-logo.jpg\",\"width\":2037,\"height\":2037,\"caption\":\"SES Creative\"},\"image\":{\"@id\":\"https:\/\/ses-creative.com\/#\/schema\/logo\/image\/\"}}]}<\/script>\n<!-- \/ Yoast SEO plugin. -->","yoast_head_json":{"title":"Sophie la girafe - Fingerfarbenset - SES Creative","robots":{"index":"index","follow":"follow","max-snippet":"max-snippet:-1","max-image-preview":"max-image-preview:large","max-video-preview":"max-video-preview:-1"},"canonical":"https:\/\/ses-creative.com\/de\/produkt\/sophie-la-girafe-fingerfarbenset\/","og_locale":"de_DE","og_type":"article","og_title":"Sophie la girafe - Fingerfarbenset - SES Creative","og_description":"Wecken Sie die Kreativit\u00e4t Ihres Kindes mit dem Sophie die Giraffe Fingermalset von SES Creative! Dieses Komplettset wurde speziell f\u00fcr Kleinkinder ab 1 Jahr entwickelt und verwandelt jede Spielsitzung in ein einzigartiges Sinnes- und Kunsterlebnis. Mit den 4 Farbt\u00f6pfen in leuchtenden Farben, der weichen, leicht aufzutragenden Textur und den 8 lustigen Schablonen kann sich Ihr [&hellip;]","og_url":"https:\/\/ses-creative.com\/de\/produkt\/sophie-la-girafe-fingerfarbenset\/","og_site_name":"SES Creative","article_modified_time":"2026-02-06T09:51:44+00:00","twitter_card":"summary_large_image","twitter_misc":{"Gesch\u00e4tzte Lesezeit":"1\u00a0Minute"},"schema":{"@context":"https:\/\/schema.org","@graph":[{"@type":"WebPage","@id":"https:\/\/ses-creative.com\/de\/produkt\/sophie-la-girafe-fingerfarbenset\/","url":"https:\/\/ses-creative.com\/de\/produkt\/sophie-la-girafe-fingerfarbenset\/","name":"Sophie la girafe - Fingerfarbenset - SES Creative","isPartOf":{"@id":"https:\/\/ses-creative.com\/#website"},"primaryImageOfPage":{"@id":"https:\/\/ses-creative.com\/de\/produkt\/sophie-la-girafe-fingerfarbenset\/#primaryimage"},"image":{"@id":"https:\/\/ses-creative.com\/de\/produkt\/sophie-la-girafe-fingerfarbenset\/#primaryimage"},"thumbnailUrl":"https:\/\/ses-creative.com\/wp-content\/uploads\/2026\/01\/144941.jpg","datePublished":"2026-02-05T13:52:51+00:00","dateModified":"2026-02-06T09:51:44+00:00","breadcrumb":{"@id":"https:\/\/ses-creative.com\/de\/produkt\/sophie-la-girafe-fingerfarbenset\/#breadcrumb"},"inLanguage":"de","potentialAction":[{"@type":"ReadAction","target":["https:\/\/ses-creative.com\/de\/produkt\/sophie-la-girafe-fingerfarbenset\/"]}]},{"@type":"ImageObject","inLanguage":"de","@id":"https:\/\/ses-creative.com\/de\/produkt\/sophie-la-girafe-fingerfarbenset\/#primaryimage","url":"https:\/\/ses-creative.com\/wp-content\/uploads\/2026\/01\/144941.jpg","contentUrl":"https:\/\/ses-creative.com\/wp-content\/uploads\/2026\/01\/144941.jpg","width":1000,"height":1000},{"@type":"BreadcrumbList","@id":"https:\/\/ses-creative.com\/de\/produkt\/sophie-la-girafe-fingerfarbenset\/#breadcrumb","itemListElement":[{"@type":"ListItem","position":1,"name":"Shop","item":"https:\/\/ses-creative.com\/de\/shop\/"},{"@type":"ListItem","position":2,"name":"Baby &amp; Kleinkind","item":"https:\/\/ses-creative.com\/de\/product-categorie\/baby-kleinkind\/"},{"@type":"ListItem","position":3,"name":"Sophie la girafe &#8211; Fingerfarbenset"}]},{"@type":"WebSite","@id":"https:\/\/ses-creative.com\/#website","url":"https:\/\/ses-creative.com\/","name":"SES Creative","description":"","publisher":{"@id":"https:\/\/ses-creative.com\/#organization"},"potentialAction":[{"@type":"SearchAction","target":{"@type":"EntryPoint","urlTemplate":"https:\/\/ses-creative.com\/?s={search_term_string}"},"query-input":{"@type":"PropertyValueSpecification","valueRequired":true,"valueName":"search_term_string"}}],"inLanguage":"de"},{"@type":"Organization","@id":"https:\/\/ses-creative.com\/#organization","name":"SES Creative","url":"https:\/\/ses-creative.com\/","logo":{"@type":"ImageObject","inLanguage":"de","@id":"https:\/\/ses-creative.com\/#\/schema\/logo\/image\/","url":"https:\/\/ses-creative.com\/wp-content\/uploads\/2025\/10\/ses-creative-logo.jpg","contentUrl":"https:\/\/ses-creative.com\/wp-content\/uploads\/2025\/10\/ses-creative-logo.jpg","width":2037,"height":2037,"caption":"SES Creative"},"image":{"@id":"https:\/\/ses-creative.com\/#\/schema\/logo\/image\/"}}]}},"_links":{"self":[{"href":"https:\/\/ses-creative.com\/de\/wp-json\/wp\/v2\/product\/114754","targetHints":{"allow":["GET"]}}],"collection":[{"href":"https:\/\/ses-creative.com\/de\/wp-json\/wp\/v2\/product"}],"about":[{"href":"https:\/\/ses-creative.com\/de\/wp-json\/wp\/v2\/types\/product"}],"replies":[{"embeddable":true,"href":"https:\/\/ses-creative.com\/de\/wp-json\/wp\/v2\/comments?post=114754"}],"wp:featuredmedia":[{"embeddable":true,"href":"https:\/\/ses-creative.com\/de\/wp-json\/wp\/v2\/media\/103616"}],"wp:attachment":[{"href":"https:\/\/ses-creative.com\/de\/wp-json\/wp\/v2\/media?parent=114754"}],"wp:term":[{"taxonomy":"product_brand","embeddable":true,"href":"https:\/\/ses-creative.com\/de\/wp-json\/wp\/v2\/product_brand?post=114754"},{"taxonomy":"product_cat","embeddable":true,"href":"https:\/\/ses-creative.com\/de\/wp-json\/wp\/v2\/product_cat?post=114754"},{"taxonomy":"product_tag","embeddable":true,"href":"https:\/\/ses-creative.com\/de\/wp-json\/wp\/v2\/product_tag?post=114754"}],"curies":[{"name":"wp","href":"https:\/\/api.w.org\/{rel}","templated":true}]}}