











{"id":114753,"date":"2026-02-05T13:52:51","date_gmt":"2026-02-05T13:52:51","guid":{"rendered":"https:\/\/ses-creative.com\/?post_type=product&#038;p=114753"},"modified":"2026-02-06T09:51:44","modified_gmt":"2026-02-06T09:51:44","slug":"sophie-la-girafe-babymarker","status":"publish","type":"product","link":"https:\/\/ses-creative.com\/de\/produkt\/sophie-la-girafe-babymarker\/","title":{"rendered":"Sophie la girafe &#8211; Babymarker"},"content":{"rendered":"<p>Dieses Set aus abwaschbaren Babyfilzstiften ist ideal f\u00fcr Kleinkinder, die das Zeichnen und Malen entdecken. Es wurde f\u00fcr eine einfache Handhabung konzipiert und erm\u00f6glicht Kindern ab 1 Jahr, sich mit leuchtenden Farben zu besch\u00e4ftigen und gleichzeitig ihre Feinmotorik zu entwickeln. Diese Filzstifte eignen sich f\u00fcr junge K\u00fcnstler, die ihre Kreativit\u00e4t in aller Sicherheit ausleben m\u00f6chten.<\/p>\n<p>Jeder Kinderfarbstift hat eine starke, runde Spitze, die speziell entwickelt wurde, um zu verhindern, dass sie unter Druck eingedr\u00fcckt wird. Die Sicherheitskappe verhindert ein Ersticken und garantiert so eine kindgerechte Verwendung. Die intensiven Farben regen die Fantasie an und machen jede Zeichnung einzigartig.<\/p>\n<p>Die in diesen auswaschbaren Babyfilzstiften verwendete Tinte ist ungiftig und l\u00e4sst sich von der Haut und den meisten Textilien leicht abwaschen. So k\u00f6nnen Eltern ihre Kinder frei malen lassen, ohne Angst vor Flecken haben zu m\u00fcssen.<\/p>\n<p>Dieses Sophie die Giraffe Zeichen-Set ist perfekt, um die Kreativit\u00e4t schon im fr\u00fchen Alter zu f\u00f6rdern. Eine ausgezeichnete Wahl, um Kinder an kleinkindgerechte Bastelaktivit\u00e4ten heranzuf\u00fchren und ihnen kreatives Babymaterial zu schenken, das auf ihre Bed\u00fcrfnisse zugeschnitten ist. Eine ideale Geschenkidee f\u00fcr einen Geburtstag oder eine Bildungsaktivit\u00e4t.<\/p>\n","protected":false},"excerpt":{"rendered":"<p>Dieses Set aus abwaschbaren Babyfilzstiften ist ideal f\u00fcr Kleinkinder, die das Zeichnen und Malen entdecken. Es wurde f\u00fcr eine einfache Handhabung konzipiert und erm\u00f6glicht Kindern ab 1 Jahr, sich mit leuchtenden Farben zu besch\u00e4ftigen und gleichzeitig ihre Feinmotorik zu entwickeln. Diese Filzstifte eignen sich f\u00fcr junge K\u00fcnstler, die ihre Kreativit\u00e4t in aller Sicherheit ausleben m\u00f6chten. [&hellip;]<\/p>\n","protected":false},"featured_media":103596,"comment_status":"closed","ping_status":"closed","template":"","meta":{"_acf_changed":false},"product_brand":[],"product_cat":[116],"product_tag":[],"class_list":{"0":"post-114753","1":"product","2":"type-product","3":"status-publish","4":"has-post-thumbnail","6":"product_cat-baby-kleinkind","7":"pa_collecties-sophie-la-girafe","8":"pa_leeftijd-filter-0-2-jahre","9":"pa_meest-populair-bij-jungen-maedchen","11":"first","12":"instock","13":"shipping-taxable","14":"product-type-simple"},"acf":[],"yoast_head":"<!-- This site is optimized with the Yoast SEO plugin v27.2 - https:\/\/yoast.com\/product\/yoast-seo-wordpress\/ -->\n<title>Sophie la girafe - Babymarker - SES Creative<\/title>\n<meta name=\"robots\" content=\"index, follow, max-snippet:-1, max-image-preview:large, max-video-preview:-1\" \/>\n<link rel=\"canonical\" href=\"https:\/\/ses-creative.com\/de\/produkt\/sophie-la-girafe-babymarker\/\" \/>\n<meta property=\"og:locale\" content=\"de_DE\" \/>\n<meta property=\"og:type\" content=\"article\" \/>\n<meta property=\"og:title\" content=\"Sophie la girafe - Babymarker - SES Creative\" \/>\n<meta property=\"og:description\" content=\"Dieses Set aus abwaschbaren Babyfilzstiften ist ideal f\u00fcr Kleinkinder, die das Zeichnen und Malen entdecken. Es wurde f\u00fcr eine einfache Handhabung konzipiert und erm\u00f6glicht Kindern ab 1 Jahr, sich mit leuchtenden Farben zu besch\u00e4ftigen und gleichzeitig ihre Feinmotorik zu entwickeln. Diese Filzstifte eignen sich f\u00fcr junge K\u00fcnstler, die ihre Kreativit\u00e4t in aller Sicherheit ausleben m\u00f6chten. [&hellip;]\" \/>\n<meta property=\"og:url\" content=\"https:\/\/ses-creative.com\/de\/produkt\/sophie-la-girafe-babymarker\/\" \/>\n<meta property=\"og:site_name\" content=\"SES Creative\" \/>\n<meta property=\"article:modified_time\" content=\"2026-02-06T09:51:44+00:00\" \/>\n<meta name=\"twitter:card\" content=\"summary_large_image\" \/>\n<meta name=\"twitter:label1\" content=\"Gesch\u00e4tzte Lesezeit\" \/>\n\t<meta name=\"twitter:data1\" content=\"1\u00a0Minute\" \/>\n<script type=\"application\/ld+json\" class=\"yoast-schema-graph\">{\"@context\":\"https:\/\/schema.org\",\"@graph\":[{\"@type\":\"WebPage\",\"@id\":\"https:\/\/ses-creative.com\/de\/produkt\/sophie-la-girafe-babymarker\/\",\"url\":\"https:\/\/ses-creative.com\/de\/produkt\/sophie-la-girafe-babymarker\/\",\"name\":\"Sophie la girafe - Babymarker - SES Creative\",\"isPartOf\":{\"@id\":\"https:\/\/ses-creative.com\/#website\"},\"primaryImageOfPage\":{\"@id\":\"https:\/\/ses-creative.com\/de\/produkt\/sophie-la-girafe-babymarker\/#primaryimage\"},\"image\":{\"@id\":\"https:\/\/ses-creative.com\/de\/produkt\/sophie-la-girafe-babymarker\/#primaryimage\"},\"thumbnailUrl\":\"https:\/\/ses-creative.com\/wp-content\/uploads\/2026\/01\/144911.jpg\",\"datePublished\":\"2026-02-05T13:52:51+00:00\",\"dateModified\":\"2026-02-06T09:51:44+00:00\",\"breadcrumb\":{\"@id\":\"https:\/\/ses-creative.com\/de\/produkt\/sophie-la-girafe-babymarker\/#breadcrumb\"},\"inLanguage\":\"de\",\"potentialAction\":[{\"@type\":\"ReadAction\",\"target\":[\"https:\/\/ses-creative.com\/de\/produkt\/sophie-la-girafe-babymarker\/\"]}]},{\"@type\":\"ImageObject\",\"inLanguage\":\"de\",\"@id\":\"https:\/\/ses-creative.com\/de\/produkt\/sophie-la-girafe-babymarker\/#primaryimage\",\"url\":\"https:\/\/ses-creative.com\/wp-content\/uploads\/2026\/01\/144911.jpg\",\"contentUrl\":\"https:\/\/ses-creative.com\/wp-content\/uploads\/2026\/01\/144911.jpg\",\"width\":1000,\"height\":1000},{\"@type\":\"BreadcrumbList\",\"@id\":\"https:\/\/ses-creative.com\/de\/produkt\/sophie-la-girafe-babymarker\/#breadcrumb\",\"itemListElement\":[{\"@type\":\"ListItem\",\"position\":1,\"name\":\"Shop\",\"item\":\"https:\/\/ses-creative.com\/de\/shop\/\"},{\"@type\":\"ListItem\",\"position\":2,\"name\":\"Baby &amp; Kleinkind\",\"item\":\"https:\/\/ses-creative.com\/de\/product-categorie\/baby-kleinkind\/\"},{\"@type\":\"ListItem\",\"position\":3,\"name\":\"Sophie la girafe &#8211; Babymarker\"}]},{\"@type\":\"WebSite\",\"@id\":\"https:\/\/ses-creative.com\/#website\",\"url\":\"https:\/\/ses-creative.com\/\",\"name\":\"SES Creative\",\"description\":\"\",\"publisher\":{\"@id\":\"https:\/\/ses-creative.com\/#organization\"},\"potentialAction\":[{\"@type\":\"SearchAction\",\"target\":{\"@type\":\"EntryPoint\",\"urlTemplate\":\"https:\/\/ses-creative.com\/?s={search_term_string}\"},\"query-input\":{\"@type\":\"PropertyValueSpecification\",\"valueRequired\":true,\"valueName\":\"search_term_string\"}}],\"inLanguage\":\"de\"},{\"@type\":\"Organization\",\"@id\":\"https:\/\/ses-creative.com\/#organization\",\"name\":\"SES Creative\",\"url\":\"https:\/\/ses-creative.com\/\",\"logo\":{\"@type\":\"ImageObject\",\"inLanguage\":\"de\",\"@id\":\"https:\/\/ses-creative.com\/#\/schema\/logo\/image\/\",\"url\":\"https:\/\/ses-creative.com\/wp-content\/uploads\/2025\/10\/ses-creative-logo.jpg\",\"contentUrl\":\"https:\/\/ses-creative.com\/wp-content\/uploads\/2025\/10\/ses-creative-logo.jpg\",\"width\":2037,\"height\":2037,\"caption\":\"SES Creative\"},\"image\":{\"@id\":\"https:\/\/ses-creative.com\/#\/schema\/logo\/image\/\"}}]}<\/script>\n<!-- \/ Yoast SEO plugin. -->","yoast_head_json":{"title":"Sophie la girafe - Babymarker - SES Creative","robots":{"index":"index","follow":"follow","max-snippet":"max-snippet:-1","max-image-preview":"max-image-preview:large","max-video-preview":"max-video-preview:-1"},"canonical":"https:\/\/ses-creative.com\/de\/produkt\/sophie-la-girafe-babymarker\/","og_locale":"de_DE","og_type":"article","og_title":"Sophie la girafe - Babymarker - SES Creative","og_description":"Dieses Set aus abwaschbaren Babyfilzstiften ist ideal f\u00fcr Kleinkinder, die das Zeichnen und Malen entdecken. Es wurde f\u00fcr eine einfache Handhabung konzipiert und erm\u00f6glicht Kindern ab 1 Jahr, sich mit leuchtenden Farben zu besch\u00e4ftigen und gleichzeitig ihre Feinmotorik zu entwickeln. Diese Filzstifte eignen sich f\u00fcr junge K\u00fcnstler, die ihre Kreativit\u00e4t in aller Sicherheit ausleben m\u00f6chten. [&hellip;]","og_url":"https:\/\/ses-creative.com\/de\/produkt\/sophie-la-girafe-babymarker\/","og_site_name":"SES Creative","article_modified_time":"2026-02-06T09:51:44+00:00","twitter_card":"summary_large_image","twitter_misc":{"Gesch\u00e4tzte Lesezeit":"1\u00a0Minute"},"schema":{"@context":"https:\/\/schema.org","@graph":[{"@type":"WebPage","@id":"https:\/\/ses-creative.com\/de\/produkt\/sophie-la-girafe-babymarker\/","url":"https:\/\/ses-creative.com\/de\/produkt\/sophie-la-girafe-babymarker\/","name":"Sophie la girafe - Babymarker - SES Creative","isPartOf":{"@id":"https:\/\/ses-creative.com\/#website"},"primaryImageOfPage":{"@id":"https:\/\/ses-creative.com\/de\/produkt\/sophie-la-girafe-babymarker\/#primaryimage"},"image":{"@id":"https:\/\/ses-creative.com\/de\/produkt\/sophie-la-girafe-babymarker\/#primaryimage"},"thumbnailUrl":"https:\/\/ses-creative.com\/wp-content\/uploads\/2026\/01\/144911.jpg","datePublished":"2026-02-05T13:52:51+00:00","dateModified":"2026-02-06T09:51:44+00:00","breadcrumb":{"@id":"https:\/\/ses-creative.com\/de\/produkt\/sophie-la-girafe-babymarker\/#breadcrumb"},"inLanguage":"de","potentialAction":[{"@type":"ReadAction","target":["https:\/\/ses-creative.com\/de\/produkt\/sophie-la-girafe-babymarker\/"]}]},{"@type":"ImageObject","inLanguage":"de","@id":"https:\/\/ses-creative.com\/de\/produkt\/sophie-la-girafe-babymarker\/#primaryimage","url":"https:\/\/ses-creative.com\/wp-content\/uploads\/2026\/01\/144911.jpg","contentUrl":"https:\/\/ses-creative.com\/wp-content\/uploads\/2026\/01\/144911.jpg","width":1000,"height":1000},{"@type":"BreadcrumbList","@id":"https:\/\/ses-creative.com\/de\/produkt\/sophie-la-girafe-babymarker\/#breadcrumb","itemListElement":[{"@type":"ListItem","position":1,"name":"Shop","item":"https:\/\/ses-creative.com\/de\/shop\/"},{"@type":"ListItem","position":2,"name":"Baby &amp; Kleinkind","item":"https:\/\/ses-creative.com\/de\/product-categorie\/baby-kleinkind\/"},{"@type":"ListItem","position":3,"name":"Sophie la girafe &#8211; Babymarker"}]},{"@type":"WebSite","@id":"https:\/\/ses-creative.com\/#website","url":"https:\/\/ses-creative.com\/","name":"SES Creative","description":"","publisher":{"@id":"https:\/\/ses-creative.com\/#organization"},"potentialAction":[{"@type":"SearchAction","target":{"@type":"EntryPoint","urlTemplate":"https:\/\/ses-creative.com\/?s={search_term_string}"},"query-input":{"@type":"PropertyValueSpecification","valueRequired":true,"valueName":"search_term_string"}}],"inLanguage":"de"},{"@type":"Organization","@id":"https:\/\/ses-creative.com\/#organization","name":"SES Creative","url":"https:\/\/ses-creative.com\/","logo":{"@type":"ImageObject","inLanguage":"de","@id":"https:\/\/ses-creative.com\/#\/schema\/logo\/image\/","url":"https:\/\/ses-creative.com\/wp-content\/uploads\/2025\/10\/ses-creative-logo.jpg","contentUrl":"https:\/\/ses-creative.com\/wp-content\/uploads\/2025\/10\/ses-creative-logo.jpg","width":2037,"height":2037,"caption":"SES Creative"},"image":{"@id":"https:\/\/ses-creative.com\/#\/schema\/logo\/image\/"}}]}},"_links":{"self":[{"href":"https:\/\/ses-creative.com\/de\/wp-json\/wp\/v2\/product\/114753","targetHints":{"allow":["GET"]}}],"collection":[{"href":"https:\/\/ses-creative.com\/de\/wp-json\/wp\/v2\/product"}],"about":[{"href":"https:\/\/ses-creative.com\/de\/wp-json\/wp\/v2\/types\/product"}],"replies":[{"embeddable":true,"href":"https:\/\/ses-creative.com\/de\/wp-json\/wp\/v2\/comments?post=114753"}],"wp:featuredmedia":[{"embeddable":true,"href":"https:\/\/ses-creative.com\/de\/wp-json\/wp\/v2\/media\/103596"}],"wp:attachment":[{"href":"https:\/\/ses-creative.com\/de\/wp-json\/wp\/v2\/media?parent=114753"}],"wp:term":[{"taxonomy":"product_brand","embeddable":true,"href":"https:\/\/ses-creative.com\/de\/wp-json\/wp\/v2\/product_brand?post=114753"},{"taxonomy":"product_cat","embeddable":true,"href":"https:\/\/ses-creative.com\/de\/wp-json\/wp\/v2\/product_cat?post=114753"},{"taxonomy":"product_tag","embeddable":true,"href":"https:\/\/ses-creative.com\/de\/wp-json\/wp\/v2\/product_tag?post=114753"}],"curies":[{"name":"wp","href":"https:\/\/api.w.org\/{rel}","templated":true}]}}