











{"id":114752,"date":"2026-02-05T13:52:51","date_gmt":"2026-02-05T13:52:51","guid":{"rendered":"https:\/\/ses-creative.com\/?post_type=product&#038;p=114752"},"modified":"2026-02-06T09:51:44","modified_gmt":"2026-02-06T09:51:44","slug":"sophie-la-girafe-malen-mit-wasser","status":"publish","type":"product","link":"https:\/\/ses-creative.com\/de\/produkt\/sophie-la-girafe-malen-mit-wasser\/","title":{"rendered":"Sophie la girafe &#8211; Malen mit Wasser"},"content":{"rendered":"<p>Bieten Sie Ihrem Kind ein magisches Ausmalen ohne Sch\u00e4den mit Sophie der Giraffe! Dieses spielerische Lernspiel enth\u00e4lt 4 wiederverwendbare Karten und einen sicheren Pinsel. Streichen Sie mit einem feuchten Pinsel \u00fcber die Karten, um die Zeichnungen wie von Zauberhand erscheinen zu sehen. Nach dem Trocknen verschwindet die Bemalung und erm\u00f6glicht so eine unendliche Verwendung. Dieses Set ist ideal f\u00fcr Kleinkinder ab 1 Jahr und f\u00f6rdert auf einfache Weise die Kreativit\u00e4t und die sensorische Entwicklung. Der ergonomisch geformte Pinsel ist f\u00fcr kleine H\u00e4nde konzipiert und verf\u00fcgt \u00fcber fest angebrachte Borsten f\u00fcr eine sichere Anwendung. Mit diesem magischen Baby-Malset entdecken die Kleinen Farben und entwickeln ihre Feinmotorik, w\u00e4hrend sie Spa\u00df haben. Eine perfekte Aktivit\u00e4t f\u00fcr gemeinsame Momente zwischen Eltern und Kindern. Ohne Flecken oder Schmutz garantiert dieses unbesch\u00e4digte Lernspiel stundenlangen, sauberen Spielspa\u00df. Mit seinen fr\u00f6hlichen Karten mit dem Konterfei von Sophie der Giraffe fesselt es die Aufmerksamkeit der Kleinsten. Machen Sie ein originelles Geschenk, das die Fantasie und die Sinneswahrnehmung Ihres Kindes anregt und ihm bei jedem Gebrauch Freude bereitet!<\/p>\n","protected":false},"excerpt":{"rendered":"<p>Bieten Sie Ihrem Kind ein magisches Ausmalen ohne Sch\u00e4den mit Sophie der Giraffe! Dieses spielerische Lernspiel enth\u00e4lt 4 wiederverwendbare Karten und einen sicheren Pinsel. Streichen Sie mit einem feuchten Pinsel \u00fcber die Karten, um die Zeichnungen wie von Zauberhand erscheinen zu sehen. Nach dem Trocknen verschwindet die Bemalung und erm\u00f6glicht so eine unendliche Verwendung. Dieses [&hellip;]<\/p>\n","protected":false},"featured_media":103576,"comment_status":"closed","ping_status":"closed","template":"","meta":{"_acf_changed":false},"product_brand":[],"product_cat":[116],"product_tag":[],"class_list":{"0":"post-114752","1":"product","2":"type-product","3":"status-publish","4":"has-post-thumbnail","6":"product_cat-baby-kleinkind","7":"pa_collecties-sophie-la-girafe","8":"pa_leeftijd-filter-0-2-jahre","9":"pa_meest-populair-bij-jungen-maedchen","11":"first","12":"instock","13":"shipping-taxable","14":"product-type-simple"},"acf":[],"yoast_head":"<!-- This site is optimized with the Yoast SEO plugin v27.2 - https:\/\/yoast.com\/product\/yoast-seo-wordpress\/ -->\n<title>Sophie la girafe - Malen mit Wasser - SES Creative<\/title>\n<meta name=\"robots\" content=\"index, follow, max-snippet:-1, max-image-preview:large, max-video-preview:-1\" \/>\n<link rel=\"canonical\" href=\"https:\/\/ses-creative.com\/de\/produkt\/sophie-la-girafe-malen-mit-wasser\/\" \/>\n<meta property=\"og:locale\" content=\"de_DE\" \/>\n<meta property=\"og:type\" content=\"article\" \/>\n<meta property=\"og:title\" content=\"Sophie la girafe - Malen mit Wasser - SES Creative\" \/>\n<meta property=\"og:description\" content=\"Bieten Sie Ihrem Kind ein magisches Ausmalen ohne Sch\u00e4den mit Sophie der Giraffe! Dieses spielerische Lernspiel enth\u00e4lt 4 wiederverwendbare Karten und einen sicheren Pinsel. Streichen Sie mit einem feuchten Pinsel \u00fcber die Karten, um die Zeichnungen wie von Zauberhand erscheinen zu sehen. Nach dem Trocknen verschwindet die Bemalung und erm\u00f6glicht so eine unendliche Verwendung. Dieses [&hellip;]\" \/>\n<meta property=\"og:url\" content=\"https:\/\/ses-creative.com\/de\/produkt\/sophie-la-girafe-malen-mit-wasser\/\" \/>\n<meta property=\"og:site_name\" content=\"SES Creative\" \/>\n<meta property=\"article:modified_time\" content=\"2026-02-06T09:51:44+00:00\" \/>\n<meta name=\"twitter:card\" content=\"summary_large_image\" \/>\n<meta name=\"twitter:label1\" content=\"Gesch\u00e4tzte Lesezeit\" \/>\n\t<meta name=\"twitter:data1\" content=\"1\u00a0Minute\" \/>\n<script type=\"application\/ld+json\" class=\"yoast-schema-graph\">{\"@context\":\"https:\/\/schema.org\",\"@graph\":[{\"@type\":\"WebPage\",\"@id\":\"https:\/\/ses-creative.com\/de\/produkt\/sophie-la-girafe-malen-mit-wasser\/\",\"url\":\"https:\/\/ses-creative.com\/de\/produkt\/sophie-la-girafe-malen-mit-wasser\/\",\"name\":\"Sophie la girafe - Malen mit Wasser - SES Creative\",\"isPartOf\":{\"@id\":\"https:\/\/ses-creative.com\/#website\"},\"primaryImageOfPage\":{\"@id\":\"https:\/\/ses-creative.com\/de\/produkt\/sophie-la-girafe-malen-mit-wasser\/#primaryimage\"},\"image\":{\"@id\":\"https:\/\/ses-creative.com\/de\/produkt\/sophie-la-girafe-malen-mit-wasser\/#primaryimage\"},\"thumbnailUrl\":\"https:\/\/ses-creative.com\/wp-content\/uploads\/2026\/01\/144901.jpg\",\"datePublished\":\"2026-02-05T13:52:51+00:00\",\"dateModified\":\"2026-02-06T09:51:44+00:00\",\"breadcrumb\":{\"@id\":\"https:\/\/ses-creative.com\/de\/produkt\/sophie-la-girafe-malen-mit-wasser\/#breadcrumb\"},\"inLanguage\":\"de\",\"potentialAction\":[{\"@type\":\"ReadAction\",\"target\":[\"https:\/\/ses-creative.com\/de\/produkt\/sophie-la-girafe-malen-mit-wasser\/\"]}]},{\"@type\":\"ImageObject\",\"inLanguage\":\"de\",\"@id\":\"https:\/\/ses-creative.com\/de\/produkt\/sophie-la-girafe-malen-mit-wasser\/#primaryimage\",\"url\":\"https:\/\/ses-creative.com\/wp-content\/uploads\/2026\/01\/144901.jpg\",\"contentUrl\":\"https:\/\/ses-creative.com\/wp-content\/uploads\/2026\/01\/144901.jpg\",\"width\":1000,\"height\":1000},{\"@type\":\"BreadcrumbList\",\"@id\":\"https:\/\/ses-creative.com\/de\/produkt\/sophie-la-girafe-malen-mit-wasser\/#breadcrumb\",\"itemListElement\":[{\"@type\":\"ListItem\",\"position\":1,\"name\":\"Shop\",\"item\":\"https:\/\/ses-creative.com\/de\/shop\/\"},{\"@type\":\"ListItem\",\"position\":2,\"name\":\"Baby &amp; Kleinkind\",\"item\":\"https:\/\/ses-creative.com\/de\/product-categorie\/baby-kleinkind\/\"},{\"@type\":\"ListItem\",\"position\":3,\"name\":\"Sophie la girafe &#8211; Malen mit Wasser\"}]},{\"@type\":\"WebSite\",\"@id\":\"https:\/\/ses-creative.com\/#website\",\"url\":\"https:\/\/ses-creative.com\/\",\"name\":\"SES Creative\",\"description\":\"\",\"publisher\":{\"@id\":\"https:\/\/ses-creative.com\/#organization\"},\"potentialAction\":[{\"@type\":\"SearchAction\",\"target\":{\"@type\":\"EntryPoint\",\"urlTemplate\":\"https:\/\/ses-creative.com\/?s={search_term_string}\"},\"query-input\":{\"@type\":\"PropertyValueSpecification\",\"valueRequired\":true,\"valueName\":\"search_term_string\"}}],\"inLanguage\":\"de\"},{\"@type\":\"Organization\",\"@id\":\"https:\/\/ses-creative.com\/#organization\",\"name\":\"SES Creative\",\"url\":\"https:\/\/ses-creative.com\/\",\"logo\":{\"@type\":\"ImageObject\",\"inLanguage\":\"de\",\"@id\":\"https:\/\/ses-creative.com\/#\/schema\/logo\/image\/\",\"url\":\"https:\/\/ses-creative.com\/wp-content\/uploads\/2025\/10\/ses-creative-logo.jpg\",\"contentUrl\":\"https:\/\/ses-creative.com\/wp-content\/uploads\/2025\/10\/ses-creative-logo.jpg\",\"width\":2037,\"height\":2037,\"caption\":\"SES Creative\"},\"image\":{\"@id\":\"https:\/\/ses-creative.com\/#\/schema\/logo\/image\/\"}}]}<\/script>\n<!-- \/ Yoast SEO plugin. -->","yoast_head_json":{"title":"Sophie la girafe - Malen mit Wasser - SES Creative","robots":{"index":"index","follow":"follow","max-snippet":"max-snippet:-1","max-image-preview":"max-image-preview:large","max-video-preview":"max-video-preview:-1"},"canonical":"https:\/\/ses-creative.com\/de\/produkt\/sophie-la-girafe-malen-mit-wasser\/","og_locale":"de_DE","og_type":"article","og_title":"Sophie la girafe - Malen mit Wasser - SES Creative","og_description":"Bieten Sie Ihrem Kind ein magisches Ausmalen ohne Sch\u00e4den mit Sophie der Giraffe! Dieses spielerische Lernspiel enth\u00e4lt 4 wiederverwendbare Karten und einen sicheren Pinsel. Streichen Sie mit einem feuchten Pinsel \u00fcber die Karten, um die Zeichnungen wie von Zauberhand erscheinen zu sehen. Nach dem Trocknen verschwindet die Bemalung und erm\u00f6glicht so eine unendliche Verwendung. Dieses [&hellip;]","og_url":"https:\/\/ses-creative.com\/de\/produkt\/sophie-la-girafe-malen-mit-wasser\/","og_site_name":"SES Creative","article_modified_time":"2026-02-06T09:51:44+00:00","twitter_card":"summary_large_image","twitter_misc":{"Gesch\u00e4tzte Lesezeit":"1\u00a0Minute"},"schema":{"@context":"https:\/\/schema.org","@graph":[{"@type":"WebPage","@id":"https:\/\/ses-creative.com\/de\/produkt\/sophie-la-girafe-malen-mit-wasser\/","url":"https:\/\/ses-creative.com\/de\/produkt\/sophie-la-girafe-malen-mit-wasser\/","name":"Sophie la girafe - Malen mit Wasser - SES Creative","isPartOf":{"@id":"https:\/\/ses-creative.com\/#website"},"primaryImageOfPage":{"@id":"https:\/\/ses-creative.com\/de\/produkt\/sophie-la-girafe-malen-mit-wasser\/#primaryimage"},"image":{"@id":"https:\/\/ses-creative.com\/de\/produkt\/sophie-la-girafe-malen-mit-wasser\/#primaryimage"},"thumbnailUrl":"https:\/\/ses-creative.com\/wp-content\/uploads\/2026\/01\/144901.jpg","datePublished":"2026-02-05T13:52:51+00:00","dateModified":"2026-02-06T09:51:44+00:00","breadcrumb":{"@id":"https:\/\/ses-creative.com\/de\/produkt\/sophie-la-girafe-malen-mit-wasser\/#breadcrumb"},"inLanguage":"de","potentialAction":[{"@type":"ReadAction","target":["https:\/\/ses-creative.com\/de\/produkt\/sophie-la-girafe-malen-mit-wasser\/"]}]},{"@type":"ImageObject","inLanguage":"de","@id":"https:\/\/ses-creative.com\/de\/produkt\/sophie-la-girafe-malen-mit-wasser\/#primaryimage","url":"https:\/\/ses-creative.com\/wp-content\/uploads\/2026\/01\/144901.jpg","contentUrl":"https:\/\/ses-creative.com\/wp-content\/uploads\/2026\/01\/144901.jpg","width":1000,"height":1000},{"@type":"BreadcrumbList","@id":"https:\/\/ses-creative.com\/de\/produkt\/sophie-la-girafe-malen-mit-wasser\/#breadcrumb","itemListElement":[{"@type":"ListItem","position":1,"name":"Shop","item":"https:\/\/ses-creative.com\/de\/shop\/"},{"@type":"ListItem","position":2,"name":"Baby &amp; Kleinkind","item":"https:\/\/ses-creative.com\/de\/product-categorie\/baby-kleinkind\/"},{"@type":"ListItem","position":3,"name":"Sophie la girafe &#8211; Malen mit Wasser"}]},{"@type":"WebSite","@id":"https:\/\/ses-creative.com\/#website","url":"https:\/\/ses-creative.com\/","name":"SES Creative","description":"","publisher":{"@id":"https:\/\/ses-creative.com\/#organization"},"potentialAction":[{"@type":"SearchAction","target":{"@type":"EntryPoint","urlTemplate":"https:\/\/ses-creative.com\/?s={search_term_string}"},"query-input":{"@type":"PropertyValueSpecification","valueRequired":true,"valueName":"search_term_string"}}],"inLanguage":"de"},{"@type":"Organization","@id":"https:\/\/ses-creative.com\/#organization","name":"SES Creative","url":"https:\/\/ses-creative.com\/","logo":{"@type":"ImageObject","inLanguage":"de","@id":"https:\/\/ses-creative.com\/#\/schema\/logo\/image\/","url":"https:\/\/ses-creative.com\/wp-content\/uploads\/2025\/10\/ses-creative-logo.jpg","contentUrl":"https:\/\/ses-creative.com\/wp-content\/uploads\/2025\/10\/ses-creative-logo.jpg","width":2037,"height":2037,"caption":"SES Creative"},"image":{"@id":"https:\/\/ses-creative.com\/#\/schema\/logo\/image\/"}}]}},"_links":{"self":[{"href":"https:\/\/ses-creative.com\/de\/wp-json\/wp\/v2\/product\/114752","targetHints":{"allow":["GET"]}}],"collection":[{"href":"https:\/\/ses-creative.com\/de\/wp-json\/wp\/v2\/product"}],"about":[{"href":"https:\/\/ses-creative.com\/de\/wp-json\/wp\/v2\/types\/product"}],"replies":[{"embeddable":true,"href":"https:\/\/ses-creative.com\/de\/wp-json\/wp\/v2\/comments?post=114752"}],"wp:featuredmedia":[{"embeddable":true,"href":"https:\/\/ses-creative.com\/de\/wp-json\/wp\/v2\/media\/103576"}],"wp:attachment":[{"href":"https:\/\/ses-creative.com\/de\/wp-json\/wp\/v2\/media?parent=114752"}],"wp:term":[{"taxonomy":"product_brand","embeddable":true,"href":"https:\/\/ses-creative.com\/de\/wp-json\/wp\/v2\/product_brand?post=114752"},{"taxonomy":"product_cat","embeddable":true,"href":"https:\/\/ses-creative.com\/de\/wp-json\/wp\/v2\/product_cat?post=114752"},{"taxonomy":"product_tag","embeddable":true,"href":"https:\/\/ses-creative.com\/de\/wp-json\/wp\/v2\/product_tag?post=114752"}],"curies":[{"name":"wp","href":"https:\/\/api.w.org\/{rel}","templated":true}]}}