











{"id":114750,"date":"2026-02-05T13:52:51","date_gmt":"2026-02-05T13:52:51","guid":{"rendered":"https:\/\/ses-creative.com\/?post_type=product&#038;p=114750"},"modified":"2026-02-06T09:51:44","modified_gmt":"2026-02-06T09:51:44","slug":"meine-ersten-wachsmalstifte","status":"publish","type":"product","link":"https:\/\/ses-creative.com\/de\/produkt\/meine-ersten-wachsmalstifte\/","title":{"rendered":"Meine ersten Wachsmalstifte"},"content":{"rendered":"<p>Meine ersten Kreiden: Farben f\u00fcr die Kleinsten!<br \/>\nMit dem Set \u201eMeine ersten Kreiden\u201d von SES Creative k\u00f6nnen schon die Kleinsten mit dem Malen beginnen. Dieses Set enth\u00e4lt acht fr\u00f6hliche Farben, mit denen Ihr Kind die sch\u00f6nsten Kunstwerke schaffen kann. Die Kreiden wurden speziell f\u00fcr kleine H\u00e4nde entwickelt, sind leicht zu halten und sicher in der Anwendung. Lassen Sie Ihr Kleinkind entdecken, wie viel Spa\u00df und Kreativit\u00e4t das Malen machen kann!<br \/>\nWas dieses Set so toll macht<br \/>\n&#8211;    F\u00f6rdert die Kreativit\u00e4t und Feinmotorik, perfekt zum Zeichnenlernen<br \/>\n&#8211;    Geeignet f\u00fcr Kinder ab 1 Jahr<br \/>\n&#8211;    Leicht zu greifen, perfekt f\u00fcr kleine H\u00e4nde<br \/>\n&#8211;    Kennenlernen von Farben und Zeichnen mit den fr\u00f6hlichen Farbstiften<br \/>\n&#8211;    Die Kreide l\u00e4sst sich gut auswaschen, sowohl aus Kleidung als auch von der Haut<br \/>\nSicheres Malen und Lernen<br \/>\nDiese Kreiden sind perfekt f\u00fcr Kinder ab 1 Jahr und absolut sicher. Sie sind schwer zu zerbrechen, sodass sie beim Spielen einiges aushalten. Au\u00dferdem sind sie gut auswaschbar, sodass Flecken auf Kleidung oder M\u00f6beln leicht zu entfernen sind. Mit diesen starken Kreiden k\u00f6nnen die Kleinen stundenlang ihrer Kreativit\u00e4t freien Lauf lassen, ohne dass die Kreiden schnell verbraucht sind oder zerbrechen. Die Kreiden f\u00f6rdern die Entwicklung der Feinmotorik und regen zum kreativen Denken an. Dieses Set ist die perfekte Wahl f\u00fcr Kleinkinder, die gerne mit Farben auf Entdeckungsreise gehen!<br \/>\nInhalt des Sets<br \/>\n&#8211;    8 Kreiden in den Farben Blau, Gelb, Orange, Rot, Violett, Gr\u00fcn, Dunkelblau und Braun<br \/>\nWarum SES Creative w\u00e4hlen?<br \/>\nBei SES Creative legen wir gro\u00dfen Wert auf Sicherheit. Deshalb werden die Produkte in der Fabrik in den Niederlanden nach den strengsten europ\u00e4ischen Sicherheitsstandards hergestellt und getestet. Spielzeug von SES Creative sorgt f\u00fcr Spa\u00df und soll Kindern erm\u00f6glichen, stolz auf ihre Arbeit zu sein, was ihre Kreativit\u00e4t und Entwicklung f\u00f6rdert.<br \/>\nNimm ein Kreidestift und fang an zu malen!<br \/>\nSind Sie bereit, Ihrem Kind das kreative Zeichnen n\u00e4herzubringen? Holen Sie sich die SES Creative Meine ersten Kreiden und genie\u00dfen Sie stundenlangen Malspa\u00df. Dieses Set ist ideal f\u00fcr kleine Nachwuchsk\u00fcnstler und sorgt f\u00fcr fr\u00f6hliche Momente voller Farbe! <\/p>\n","protected":false},"excerpt":{"rendered":"<p>Meine ersten Kreiden: Farben f\u00fcr die Kleinsten! Mit dem Set \u201eMeine ersten Kreiden\u201d von SES Creative k\u00f6nnen schon die Kleinsten mit dem Malen beginnen. Dieses Set enth\u00e4lt acht fr\u00f6hliche Farben, mit denen Ihr Kind die sch\u00f6nsten Kunstwerke schaffen kann. Die Kreiden wurden speziell f\u00fcr kleine H\u00e4nde entwickelt, sind leicht zu halten und sicher in der [&hellip;]<\/p>\n","protected":false},"featured_media":103536,"comment_status":"closed","ping_status":"closed","template":"","meta":{"_acf_changed":false},"product_brand":[],"product_cat":[116],"product_tag":[],"class_list":{"0":"post-114750","1":"product","2":"type-product","3":"status-publish","4":"has-post-thumbnail","6":"product_cat-baby-kleinkind","7":"pa_leeftijd-filter-0-2-jahre","8":"pa_meest-populair-bij-jungen-maedchen","10":"first","11":"instock","12":"shipping-taxable","13":"product-type-simple"},"acf":[],"yoast_head":"<!-- This site is optimized with the Yoast SEO plugin v27.2 - https:\/\/yoast.com\/product\/yoast-seo-wordpress\/ -->\n<title>Meine ersten Wachsmalstifte - SES Creative<\/title>\n<meta name=\"robots\" content=\"index, follow, max-snippet:-1, max-image-preview:large, max-video-preview:-1\" \/>\n<link rel=\"canonical\" href=\"https:\/\/ses-creative.com\/de\/produkt\/meine-ersten-wachsmalstifte\/\" \/>\n<meta property=\"og:locale\" content=\"de_DE\" \/>\n<meta property=\"og:type\" content=\"article\" \/>\n<meta property=\"og:title\" content=\"Meine ersten Wachsmalstifte - SES Creative\" \/>\n<meta property=\"og:description\" content=\"Meine ersten Kreiden: Farben f\u00fcr die Kleinsten! Mit dem Set \u201eMeine ersten Kreiden\u201d von SES Creative k\u00f6nnen schon die Kleinsten mit dem Malen beginnen. Dieses Set enth\u00e4lt acht fr\u00f6hliche Farben, mit denen Ihr Kind die sch\u00f6nsten Kunstwerke schaffen kann. Die Kreiden wurden speziell f\u00fcr kleine H\u00e4nde entwickelt, sind leicht zu halten und sicher in der [&hellip;]\" \/>\n<meta property=\"og:url\" content=\"https:\/\/ses-creative.com\/de\/produkt\/meine-ersten-wachsmalstifte\/\" \/>\n<meta property=\"og:site_name\" content=\"SES Creative\" \/>\n<meta property=\"article:modified_time\" content=\"2026-02-06T09:51:44+00:00\" \/>\n<meta name=\"twitter:card\" content=\"summary_large_image\" \/>\n<meta name=\"twitter:label1\" content=\"Gesch\u00e4tzte Lesezeit\" \/>\n\t<meta name=\"twitter:data1\" content=\"2\u00a0Minuten\" \/>\n<script type=\"application\/ld+json\" class=\"yoast-schema-graph\">{\"@context\":\"https:\/\/schema.org\",\"@graph\":[{\"@type\":\"WebPage\",\"@id\":\"https:\/\/ses-creative.com\/de\/produkt\/meine-ersten-wachsmalstifte\/\",\"url\":\"https:\/\/ses-creative.com\/de\/produkt\/meine-ersten-wachsmalstifte\/\",\"name\":\"Meine ersten Wachsmalstifte - SES Creative\",\"isPartOf\":{\"@id\":\"https:\/\/ses-creative.com\/#website\"},\"primaryImageOfPage\":{\"@id\":\"https:\/\/ses-creative.com\/de\/produkt\/meine-ersten-wachsmalstifte\/#primaryimage\"},\"image\":{\"@id\":\"https:\/\/ses-creative.com\/de\/produkt\/meine-ersten-wachsmalstifte\/#primaryimage\"},\"thumbnailUrl\":\"https:\/\/ses-creative.com\/wp-content\/uploads\/2026\/01\/144881.jpg\",\"datePublished\":\"2026-02-05T13:52:51+00:00\",\"dateModified\":\"2026-02-06T09:51:44+00:00\",\"breadcrumb\":{\"@id\":\"https:\/\/ses-creative.com\/de\/produkt\/meine-ersten-wachsmalstifte\/#breadcrumb\"},\"inLanguage\":\"de\",\"potentialAction\":[{\"@type\":\"ReadAction\",\"target\":[\"https:\/\/ses-creative.com\/de\/produkt\/meine-ersten-wachsmalstifte\/\"]}]},{\"@type\":\"ImageObject\",\"inLanguage\":\"de\",\"@id\":\"https:\/\/ses-creative.com\/de\/produkt\/meine-ersten-wachsmalstifte\/#primaryimage\",\"url\":\"https:\/\/ses-creative.com\/wp-content\/uploads\/2026\/01\/144881.jpg\",\"contentUrl\":\"https:\/\/ses-creative.com\/wp-content\/uploads\/2026\/01\/144881.jpg\",\"width\":1000,\"height\":1000},{\"@type\":\"BreadcrumbList\",\"@id\":\"https:\/\/ses-creative.com\/de\/produkt\/meine-ersten-wachsmalstifte\/#breadcrumb\",\"itemListElement\":[{\"@type\":\"ListItem\",\"position\":1,\"name\":\"Shop\",\"item\":\"https:\/\/ses-creative.com\/de\/shop\/\"},{\"@type\":\"ListItem\",\"position\":2,\"name\":\"Baby &amp; Kleinkind\",\"item\":\"https:\/\/ses-creative.com\/de\/product-categorie\/baby-kleinkind\/\"},{\"@type\":\"ListItem\",\"position\":3,\"name\":\"Meine ersten Wachsmalstifte\"}]},{\"@type\":\"WebSite\",\"@id\":\"https:\/\/ses-creative.com\/#website\",\"url\":\"https:\/\/ses-creative.com\/\",\"name\":\"SES Creative\",\"description\":\"\",\"publisher\":{\"@id\":\"https:\/\/ses-creative.com\/#organization\"},\"potentialAction\":[{\"@type\":\"SearchAction\",\"target\":{\"@type\":\"EntryPoint\",\"urlTemplate\":\"https:\/\/ses-creative.com\/?s={search_term_string}\"},\"query-input\":{\"@type\":\"PropertyValueSpecification\",\"valueRequired\":true,\"valueName\":\"search_term_string\"}}],\"inLanguage\":\"de\"},{\"@type\":\"Organization\",\"@id\":\"https:\/\/ses-creative.com\/#organization\",\"name\":\"SES Creative\",\"url\":\"https:\/\/ses-creative.com\/\",\"logo\":{\"@type\":\"ImageObject\",\"inLanguage\":\"de\",\"@id\":\"https:\/\/ses-creative.com\/#\/schema\/logo\/image\/\",\"url\":\"https:\/\/ses-creative.com\/wp-content\/uploads\/2025\/10\/ses-creative-logo.jpg\",\"contentUrl\":\"https:\/\/ses-creative.com\/wp-content\/uploads\/2025\/10\/ses-creative-logo.jpg\",\"width\":2037,\"height\":2037,\"caption\":\"SES Creative\"},\"image\":{\"@id\":\"https:\/\/ses-creative.com\/#\/schema\/logo\/image\/\"}}]}<\/script>\n<!-- \/ Yoast SEO plugin. -->","yoast_head_json":{"title":"Meine ersten Wachsmalstifte - SES Creative","robots":{"index":"index","follow":"follow","max-snippet":"max-snippet:-1","max-image-preview":"max-image-preview:large","max-video-preview":"max-video-preview:-1"},"canonical":"https:\/\/ses-creative.com\/de\/produkt\/meine-ersten-wachsmalstifte\/","og_locale":"de_DE","og_type":"article","og_title":"Meine ersten Wachsmalstifte - SES Creative","og_description":"Meine ersten Kreiden: Farben f\u00fcr die Kleinsten! Mit dem Set \u201eMeine ersten Kreiden\u201d von SES Creative k\u00f6nnen schon die Kleinsten mit dem Malen beginnen. Dieses Set enth\u00e4lt acht fr\u00f6hliche Farben, mit denen Ihr Kind die sch\u00f6nsten Kunstwerke schaffen kann. Die Kreiden wurden speziell f\u00fcr kleine H\u00e4nde entwickelt, sind leicht zu halten und sicher in der [&hellip;]","og_url":"https:\/\/ses-creative.com\/de\/produkt\/meine-ersten-wachsmalstifte\/","og_site_name":"SES Creative","article_modified_time":"2026-02-06T09:51:44+00:00","twitter_card":"summary_large_image","twitter_misc":{"Gesch\u00e4tzte Lesezeit":"2\u00a0Minuten"},"schema":{"@context":"https:\/\/schema.org","@graph":[{"@type":"WebPage","@id":"https:\/\/ses-creative.com\/de\/produkt\/meine-ersten-wachsmalstifte\/","url":"https:\/\/ses-creative.com\/de\/produkt\/meine-ersten-wachsmalstifte\/","name":"Meine ersten Wachsmalstifte - SES Creative","isPartOf":{"@id":"https:\/\/ses-creative.com\/#website"},"primaryImageOfPage":{"@id":"https:\/\/ses-creative.com\/de\/produkt\/meine-ersten-wachsmalstifte\/#primaryimage"},"image":{"@id":"https:\/\/ses-creative.com\/de\/produkt\/meine-ersten-wachsmalstifte\/#primaryimage"},"thumbnailUrl":"https:\/\/ses-creative.com\/wp-content\/uploads\/2026\/01\/144881.jpg","datePublished":"2026-02-05T13:52:51+00:00","dateModified":"2026-02-06T09:51:44+00:00","breadcrumb":{"@id":"https:\/\/ses-creative.com\/de\/produkt\/meine-ersten-wachsmalstifte\/#breadcrumb"},"inLanguage":"de","potentialAction":[{"@type":"ReadAction","target":["https:\/\/ses-creative.com\/de\/produkt\/meine-ersten-wachsmalstifte\/"]}]},{"@type":"ImageObject","inLanguage":"de","@id":"https:\/\/ses-creative.com\/de\/produkt\/meine-ersten-wachsmalstifte\/#primaryimage","url":"https:\/\/ses-creative.com\/wp-content\/uploads\/2026\/01\/144881.jpg","contentUrl":"https:\/\/ses-creative.com\/wp-content\/uploads\/2026\/01\/144881.jpg","width":1000,"height":1000},{"@type":"BreadcrumbList","@id":"https:\/\/ses-creative.com\/de\/produkt\/meine-ersten-wachsmalstifte\/#breadcrumb","itemListElement":[{"@type":"ListItem","position":1,"name":"Shop","item":"https:\/\/ses-creative.com\/de\/shop\/"},{"@type":"ListItem","position":2,"name":"Baby &amp; Kleinkind","item":"https:\/\/ses-creative.com\/de\/product-categorie\/baby-kleinkind\/"},{"@type":"ListItem","position":3,"name":"Meine ersten Wachsmalstifte"}]},{"@type":"WebSite","@id":"https:\/\/ses-creative.com\/#website","url":"https:\/\/ses-creative.com\/","name":"SES Creative","description":"","publisher":{"@id":"https:\/\/ses-creative.com\/#organization"},"potentialAction":[{"@type":"SearchAction","target":{"@type":"EntryPoint","urlTemplate":"https:\/\/ses-creative.com\/?s={search_term_string}"},"query-input":{"@type":"PropertyValueSpecification","valueRequired":true,"valueName":"search_term_string"}}],"inLanguage":"de"},{"@type":"Organization","@id":"https:\/\/ses-creative.com\/#organization","name":"SES Creative","url":"https:\/\/ses-creative.com\/","logo":{"@type":"ImageObject","inLanguage":"de","@id":"https:\/\/ses-creative.com\/#\/schema\/logo\/image\/","url":"https:\/\/ses-creative.com\/wp-content\/uploads\/2025\/10\/ses-creative-logo.jpg","contentUrl":"https:\/\/ses-creative.com\/wp-content\/uploads\/2025\/10\/ses-creative-logo.jpg","width":2037,"height":2037,"caption":"SES Creative"},"image":{"@id":"https:\/\/ses-creative.com\/#\/schema\/logo\/image\/"}}]}},"_links":{"self":[{"href":"https:\/\/ses-creative.com\/de\/wp-json\/wp\/v2\/product\/114750","targetHints":{"allow":["GET"]}}],"collection":[{"href":"https:\/\/ses-creative.com\/de\/wp-json\/wp\/v2\/product"}],"about":[{"href":"https:\/\/ses-creative.com\/de\/wp-json\/wp\/v2\/types\/product"}],"replies":[{"embeddable":true,"href":"https:\/\/ses-creative.com\/de\/wp-json\/wp\/v2\/comments?post=114750"}],"wp:featuredmedia":[{"embeddable":true,"href":"https:\/\/ses-creative.com\/de\/wp-json\/wp\/v2\/media\/103536"}],"wp:attachment":[{"href":"https:\/\/ses-creative.com\/de\/wp-json\/wp\/v2\/media?parent=114750"}],"wp:term":[{"taxonomy":"product_brand","embeddable":true,"href":"https:\/\/ses-creative.com\/de\/wp-json\/wp\/v2\/product_brand?post=114750"},{"taxonomy":"product_cat","embeddable":true,"href":"https:\/\/ses-creative.com\/de\/wp-json\/wp\/v2\/product_cat?post=114750"},{"taxonomy":"product_tag","embeddable":true,"href":"https:\/\/ses-creative.com\/de\/wp-json\/wp\/v2\/product_tag?post=114750"}],"curies":[{"name":"wp","href":"https:\/\/api.w.org\/{rel}","templated":true}]}}