











{"id":114749,"date":"2026-02-05T13:52:51","date_gmt":"2026-02-05T13:52:51","guid":{"rendered":"https:\/\/ses-creative.com\/?post_type=product&#038;p=114749"},"modified":"2026-02-06T09:51:44","modified_gmt":"2026-02-06T09:51:44","slug":"my-first-holztiere-perlen-auffaedeln","status":"publish","type":"product","link":"https:\/\/ses-creative.com\/de\/produkt\/my-first-holztiere-perlen-auffaedeln\/","title":{"rendered":"My first ? Holztiere-Perlen auff\u00e4deln"},"content":{"rendered":"<p>F\u00e4deln und spielen mit niedlichen Holztieren!<br \/>\nMit My First \u2013 Holztiere auff\u00e4deln k\u00f6nnen kleine Kinder auf spielerische und lehrreiche Weise das Auff\u00e4deln von Perlen kennenlernen. Dieses Set enth\u00e4lt eine Schnur mit Holzaufstecker und Tierperlen, die speziell f\u00fcr kleine H\u00e4nde entwickelt wurden. Ideal f\u00fcr Kleinkinder ab 1 Jahr, f\u00f6rdert dieses Set die Kreativit\u00e4t, Feinmotorik und Hand-Augen-Koordination.<br \/>\nWas dieses Set so toll macht<br \/>\n&#8211;    Geeignet f\u00fcr kleine Kinder ab 1 Jahr<br \/>\n&#8211;    Das Auff\u00e4deln der Perlen f\u00f6rdert die Feinmotorik<br \/>\n&#8211;    Sicher und einfach zu verwenden. Das Ende der Schnur ist aus Holz, sodass sich die Perlen leicht auff\u00e4deln lassen.<br \/>\n&#8211;    Enth\u00e4lt niedliche Tierperlen f\u00fcr zus\u00e4tzlichen Spielspa\u00df<br \/>\n&#8211;    Verschiedene Vorlagen zum Nachmachen<br \/>\nLernen und Spielen mit Tierperlen<br \/>\nDieses Set ist perfekt f\u00fcr kleine Kinder, die gerne mit ihren H\u00e4nden besch\u00e4ftigt sind und spielerisch lernen m\u00f6chten. Durch das Auff\u00e4deln der fr\u00f6hlichen Tierperlen auf die Schnur entwickeln Kinder ihre Feinmotorik und Hand-Augen-Koordination. Die Perlen sind gro\u00df genug, damit kleine H\u00e4nde sie leicht greifen und damit spielen k\u00f6nnen.<br \/>\nOb zu Hause oder in der Schule, dieses Set bietet zahlreiche M\u00f6glichkeiten f\u00fcr kreatives und lehrreiches Spielen. Es ist der perfekte Einstieg in das Auff\u00e4deln von Perlen f\u00fcr kleine Kinder, bei dem sie in einer sicheren und spielerischen Umgebung lernen und entdecken k\u00f6nnen.<br \/>\nInhalt des Sets<br \/>\n&#8211;    F\u00e4delschnur mit Holzaufstecker<br \/>\n&#8211;    Tierperlen<br \/>\nWarum SES Creative w\u00e4hlen?<br \/>\nBei SES Creative legen wir gro\u00dfen Wert auf Sicherheit. Deshalb werden die Produkte in der Fabrik in den Niederlanden nach den strengsten europ\u00e4ischen Sicherheitsstandards hergestellt und getestet. Spielzeug von SES Creative sorgt f\u00fcr Spa\u00df und soll Kindern erm\u00f6glichen, stolz auf ihre Arbeit zu sein, was ihre Kreativit\u00e4t und Entwicklung f\u00f6rdert.<br \/>\nBeginnen Sie noch heute mit dem F\u00e4deln und Entdecken!<br \/>\nProbieren Sie das My First Holztiere-Aufreihset aus und sehen Sie, wie viel Spa\u00df das Aufreihen macht und wie einfach es ist!<\/p>\n","protected":false},"excerpt":{"rendered":"<p>F\u00e4deln und spielen mit niedlichen Holztieren! Mit My First \u2013 Holztiere auff\u00e4deln k\u00f6nnen kleine Kinder auf spielerische und lehrreiche Weise das Auff\u00e4deln von Perlen kennenlernen. Dieses Set enth\u00e4lt eine Schnur mit Holzaufstecker und Tierperlen, die speziell f\u00fcr kleine H\u00e4nde entwickelt wurden. Ideal f\u00fcr Kleinkinder ab 1 Jahr, f\u00f6rdert dieses Set die Kreativit\u00e4t, Feinmotorik und Hand-Augen-Koordination. [&hellip;]<\/p>\n","protected":false},"featured_media":103516,"comment_status":"closed","ping_status":"closed","template":"","meta":{"_acf_changed":false},"product_brand":[],"product_cat":[116],"product_tag":[],"class_list":{"0":"post-114749","1":"product","2":"type-product","3":"status-publish","4":"has-post-thumbnail","6":"product_cat-baby-kleinkind","7":"pa_leeftijd-filter-0-2-jahre","8":"pa_meest-populair-bij-jungen-maedchen","10":"first","11":"instock","12":"shipping-taxable","13":"product-type-simple"},"acf":[],"yoast_head":"<!-- This site is optimized with the Yoast SEO plugin v27.2 - https:\/\/yoast.com\/product\/yoast-seo-wordpress\/ -->\n<title>My first ? Holztiere-Perlen auff\u00e4deln - SES Creative<\/title>\n<meta name=\"robots\" content=\"index, follow, max-snippet:-1, max-image-preview:large, max-video-preview:-1\" \/>\n<link rel=\"canonical\" href=\"https:\/\/ses-creative.com\/de\/produkt\/my-first-holztiere-perlen-auffaedeln\/\" \/>\n<meta property=\"og:locale\" content=\"de_DE\" \/>\n<meta property=\"og:type\" content=\"article\" \/>\n<meta property=\"og:title\" content=\"My first ? Holztiere-Perlen auff\u00e4deln - SES Creative\" \/>\n<meta property=\"og:description\" content=\"F\u00e4deln und spielen mit niedlichen Holztieren! Mit My First \u2013 Holztiere auff\u00e4deln k\u00f6nnen kleine Kinder auf spielerische und lehrreiche Weise das Auff\u00e4deln von Perlen kennenlernen. Dieses Set enth\u00e4lt eine Schnur mit Holzaufstecker und Tierperlen, die speziell f\u00fcr kleine H\u00e4nde entwickelt wurden. Ideal f\u00fcr Kleinkinder ab 1 Jahr, f\u00f6rdert dieses Set die Kreativit\u00e4t, Feinmotorik und Hand-Augen-Koordination. [&hellip;]\" \/>\n<meta property=\"og:url\" content=\"https:\/\/ses-creative.com\/de\/produkt\/my-first-holztiere-perlen-auffaedeln\/\" \/>\n<meta property=\"og:site_name\" content=\"SES Creative\" \/>\n<meta property=\"article:modified_time\" content=\"2026-02-06T09:51:44+00:00\" \/>\n<meta name=\"twitter:card\" content=\"summary_large_image\" \/>\n<meta name=\"twitter:label1\" content=\"Gesch\u00e4tzte Lesezeit\" \/>\n\t<meta name=\"twitter:data1\" content=\"2\u00a0Minuten\" \/>\n<script type=\"application\/ld+json\" class=\"yoast-schema-graph\">{\"@context\":\"https:\/\/schema.org\",\"@graph\":[{\"@type\":\"WebPage\",\"@id\":\"https:\/\/ses-creative.com\/de\/produkt\/my-first-holztiere-perlen-auffaedeln\/\",\"url\":\"https:\/\/ses-creative.com\/de\/produkt\/my-first-holztiere-perlen-auffaedeln\/\",\"name\":\"My first ? Holztiere-Perlen auff\u00e4deln - SES Creative\",\"isPartOf\":{\"@id\":\"https:\/\/ses-creative.com\/#website\"},\"primaryImageOfPage\":{\"@id\":\"https:\/\/ses-creative.com\/de\/produkt\/my-first-holztiere-perlen-auffaedeln\/#primaryimage\"},\"image\":{\"@id\":\"https:\/\/ses-creative.com\/de\/produkt\/my-first-holztiere-perlen-auffaedeln\/#primaryimage\"},\"thumbnailUrl\":\"https:\/\/ses-creative.com\/wp-content\/uploads\/2026\/01\/144871.jpg\",\"datePublished\":\"2026-02-05T13:52:51+00:00\",\"dateModified\":\"2026-02-06T09:51:44+00:00\",\"breadcrumb\":{\"@id\":\"https:\/\/ses-creative.com\/de\/produkt\/my-first-holztiere-perlen-auffaedeln\/#breadcrumb\"},\"inLanguage\":\"de\",\"potentialAction\":[{\"@type\":\"ReadAction\",\"target\":[\"https:\/\/ses-creative.com\/de\/produkt\/my-first-holztiere-perlen-auffaedeln\/\"]}]},{\"@type\":\"ImageObject\",\"inLanguage\":\"de\",\"@id\":\"https:\/\/ses-creative.com\/de\/produkt\/my-first-holztiere-perlen-auffaedeln\/#primaryimage\",\"url\":\"https:\/\/ses-creative.com\/wp-content\/uploads\/2026\/01\/144871.jpg\",\"contentUrl\":\"https:\/\/ses-creative.com\/wp-content\/uploads\/2026\/01\/144871.jpg\",\"width\":1000,\"height\":1000},{\"@type\":\"BreadcrumbList\",\"@id\":\"https:\/\/ses-creative.com\/de\/produkt\/my-first-holztiere-perlen-auffaedeln\/#breadcrumb\",\"itemListElement\":[{\"@type\":\"ListItem\",\"position\":1,\"name\":\"Shop\",\"item\":\"https:\/\/ses-creative.com\/de\/shop\/\"},{\"@type\":\"ListItem\",\"position\":2,\"name\":\"Baby &amp; Kleinkind\",\"item\":\"https:\/\/ses-creative.com\/de\/product-categorie\/baby-kleinkind\/\"},{\"@type\":\"ListItem\",\"position\":3,\"name\":\"My first ? Holztiere-Perlen auff\u00e4deln\"}]},{\"@type\":\"WebSite\",\"@id\":\"https:\/\/ses-creative.com\/#website\",\"url\":\"https:\/\/ses-creative.com\/\",\"name\":\"SES Creative\",\"description\":\"\",\"publisher\":{\"@id\":\"https:\/\/ses-creative.com\/#organization\"},\"potentialAction\":[{\"@type\":\"SearchAction\",\"target\":{\"@type\":\"EntryPoint\",\"urlTemplate\":\"https:\/\/ses-creative.com\/?s={search_term_string}\"},\"query-input\":{\"@type\":\"PropertyValueSpecification\",\"valueRequired\":true,\"valueName\":\"search_term_string\"}}],\"inLanguage\":\"de\"},{\"@type\":\"Organization\",\"@id\":\"https:\/\/ses-creative.com\/#organization\",\"name\":\"SES Creative\",\"url\":\"https:\/\/ses-creative.com\/\",\"logo\":{\"@type\":\"ImageObject\",\"inLanguage\":\"de\",\"@id\":\"https:\/\/ses-creative.com\/#\/schema\/logo\/image\/\",\"url\":\"https:\/\/ses-creative.com\/wp-content\/uploads\/2025\/10\/ses-creative-logo.jpg\",\"contentUrl\":\"https:\/\/ses-creative.com\/wp-content\/uploads\/2025\/10\/ses-creative-logo.jpg\",\"width\":2037,\"height\":2037,\"caption\":\"SES Creative\"},\"image\":{\"@id\":\"https:\/\/ses-creative.com\/#\/schema\/logo\/image\/\"}}]}<\/script>\n<!-- \/ Yoast SEO plugin. -->","yoast_head_json":{"title":"My first ? Holztiere-Perlen auff\u00e4deln - SES Creative","robots":{"index":"index","follow":"follow","max-snippet":"max-snippet:-1","max-image-preview":"max-image-preview:large","max-video-preview":"max-video-preview:-1"},"canonical":"https:\/\/ses-creative.com\/de\/produkt\/my-first-holztiere-perlen-auffaedeln\/","og_locale":"de_DE","og_type":"article","og_title":"My first ? Holztiere-Perlen auff\u00e4deln - SES Creative","og_description":"F\u00e4deln und spielen mit niedlichen Holztieren! Mit My First \u2013 Holztiere auff\u00e4deln k\u00f6nnen kleine Kinder auf spielerische und lehrreiche Weise das Auff\u00e4deln von Perlen kennenlernen. Dieses Set enth\u00e4lt eine Schnur mit Holzaufstecker und Tierperlen, die speziell f\u00fcr kleine H\u00e4nde entwickelt wurden. Ideal f\u00fcr Kleinkinder ab 1 Jahr, f\u00f6rdert dieses Set die Kreativit\u00e4t, Feinmotorik und Hand-Augen-Koordination. [&hellip;]","og_url":"https:\/\/ses-creative.com\/de\/produkt\/my-first-holztiere-perlen-auffaedeln\/","og_site_name":"SES Creative","article_modified_time":"2026-02-06T09:51:44+00:00","twitter_card":"summary_large_image","twitter_misc":{"Gesch\u00e4tzte Lesezeit":"2\u00a0Minuten"},"schema":{"@context":"https:\/\/schema.org","@graph":[{"@type":"WebPage","@id":"https:\/\/ses-creative.com\/de\/produkt\/my-first-holztiere-perlen-auffaedeln\/","url":"https:\/\/ses-creative.com\/de\/produkt\/my-first-holztiere-perlen-auffaedeln\/","name":"My first ? Holztiere-Perlen auff\u00e4deln - SES Creative","isPartOf":{"@id":"https:\/\/ses-creative.com\/#website"},"primaryImageOfPage":{"@id":"https:\/\/ses-creative.com\/de\/produkt\/my-first-holztiere-perlen-auffaedeln\/#primaryimage"},"image":{"@id":"https:\/\/ses-creative.com\/de\/produkt\/my-first-holztiere-perlen-auffaedeln\/#primaryimage"},"thumbnailUrl":"https:\/\/ses-creative.com\/wp-content\/uploads\/2026\/01\/144871.jpg","datePublished":"2026-02-05T13:52:51+00:00","dateModified":"2026-02-06T09:51:44+00:00","breadcrumb":{"@id":"https:\/\/ses-creative.com\/de\/produkt\/my-first-holztiere-perlen-auffaedeln\/#breadcrumb"},"inLanguage":"de","potentialAction":[{"@type":"ReadAction","target":["https:\/\/ses-creative.com\/de\/produkt\/my-first-holztiere-perlen-auffaedeln\/"]}]},{"@type":"ImageObject","inLanguage":"de","@id":"https:\/\/ses-creative.com\/de\/produkt\/my-first-holztiere-perlen-auffaedeln\/#primaryimage","url":"https:\/\/ses-creative.com\/wp-content\/uploads\/2026\/01\/144871.jpg","contentUrl":"https:\/\/ses-creative.com\/wp-content\/uploads\/2026\/01\/144871.jpg","width":1000,"height":1000},{"@type":"BreadcrumbList","@id":"https:\/\/ses-creative.com\/de\/produkt\/my-first-holztiere-perlen-auffaedeln\/#breadcrumb","itemListElement":[{"@type":"ListItem","position":1,"name":"Shop","item":"https:\/\/ses-creative.com\/de\/shop\/"},{"@type":"ListItem","position":2,"name":"Baby &amp; Kleinkind","item":"https:\/\/ses-creative.com\/de\/product-categorie\/baby-kleinkind\/"},{"@type":"ListItem","position":3,"name":"My first ? Holztiere-Perlen auff\u00e4deln"}]},{"@type":"WebSite","@id":"https:\/\/ses-creative.com\/#website","url":"https:\/\/ses-creative.com\/","name":"SES Creative","description":"","publisher":{"@id":"https:\/\/ses-creative.com\/#organization"},"potentialAction":[{"@type":"SearchAction","target":{"@type":"EntryPoint","urlTemplate":"https:\/\/ses-creative.com\/?s={search_term_string}"},"query-input":{"@type":"PropertyValueSpecification","valueRequired":true,"valueName":"search_term_string"}}],"inLanguage":"de"},{"@type":"Organization","@id":"https:\/\/ses-creative.com\/#organization","name":"SES Creative","url":"https:\/\/ses-creative.com\/","logo":{"@type":"ImageObject","inLanguage":"de","@id":"https:\/\/ses-creative.com\/#\/schema\/logo\/image\/","url":"https:\/\/ses-creative.com\/wp-content\/uploads\/2025\/10\/ses-creative-logo.jpg","contentUrl":"https:\/\/ses-creative.com\/wp-content\/uploads\/2025\/10\/ses-creative-logo.jpg","width":2037,"height":2037,"caption":"SES Creative"},"image":{"@id":"https:\/\/ses-creative.com\/#\/schema\/logo\/image\/"}}]}},"_links":{"self":[{"href":"https:\/\/ses-creative.com\/de\/wp-json\/wp\/v2\/product\/114749","targetHints":{"allow":["GET"]}}],"collection":[{"href":"https:\/\/ses-creative.com\/de\/wp-json\/wp\/v2\/product"}],"about":[{"href":"https:\/\/ses-creative.com\/de\/wp-json\/wp\/v2\/types\/product"}],"replies":[{"embeddable":true,"href":"https:\/\/ses-creative.com\/de\/wp-json\/wp\/v2\/comments?post=114749"}],"wp:featuredmedia":[{"embeddable":true,"href":"https:\/\/ses-creative.com\/de\/wp-json\/wp\/v2\/media\/103516"}],"wp:attachment":[{"href":"https:\/\/ses-creative.com\/de\/wp-json\/wp\/v2\/media?parent=114749"}],"wp:term":[{"taxonomy":"product_brand","embeddable":true,"href":"https:\/\/ses-creative.com\/de\/wp-json\/wp\/v2\/product_brand?post=114749"},{"taxonomy":"product_cat","embeddable":true,"href":"https:\/\/ses-creative.com\/de\/wp-json\/wp\/v2\/product_cat?post=114749"},{"taxonomy":"product_tag","embeddable":true,"href":"https:\/\/ses-creative.com\/de\/wp-json\/wp\/v2\/product_tag?post=114749"}],"curies":[{"name":"wp","href":"https:\/\/api.w.org\/{rel}","templated":true}]}}