











{"id":114748,"date":"2026-02-05T13:52:50","date_gmt":"2026-02-05T13:52:50","guid":{"rendered":"https:\/\/ses-creative.com\/?post_type=product&#038;p=114748"},"modified":"2026-02-06T09:51:44","modified_gmt":"2026-02-06T09:51:44","slug":"my-first-haemmerchen-tick-fantasie","status":"publish","type":"product","link":"https:\/\/ses-creative.com\/de\/produkt\/my-first-haemmerchen-tick-fantasie\/","title":{"rendered":"My first ? H\u00e4mmerchen Tick Fantasie"},"content":{"rendered":"<p>Das SES Creative My First Tap Tap Fantasie-Spiel wurde f\u00fcr Kinder ab 12 Monaten entwickelt und f\u00f6rdert Feinmotorik, Koordination und Kreativit\u00e4t. Es enth\u00e4lt ein Steckbrett, einen nagelfreien Holzhammer, bunte Formen, Fantasie-Sticker und Motivkarten. Dieses Baby-Lernspiel bietet eine sichere und intuitive kreative Aktivit\u00e4t. Kinder k\u00f6nnen frei gestalten oder Vorlagen folgen, wodurch ihre Selbstst\u00e4ndigkeit gest\u00e4rkt wird. Unbegrenzt wiederverwendbar, unterst\u00fctzt das sensorische Spielzeug pr\u00e4zise Handbewegungen. Alle Teile sind kindgerecht, sicher und f\u00fcr kleine H\u00e4nde geeignet. Hergestellt in den Niederlanden von SES Creative, ist dieses Tap Tap-Spiel CO\u2082-neutral, waschbar und hypoallergen. Eine ideale Geschenkidee, um die motorische Entwicklung ab 1 Jahr spielerisch zu f\u00f6rdern.<\/p>\n","protected":false},"excerpt":{"rendered":"<p>Das SES Creative My First Tap Tap Fantasie-Spiel wurde f\u00fcr Kinder ab 12 Monaten entwickelt und f\u00f6rdert Feinmotorik, Koordination und Kreativit\u00e4t. Es enth\u00e4lt ein Steckbrett, einen nagelfreien Holzhammer, bunte Formen, Fantasie-Sticker und Motivkarten. Dieses Baby-Lernspiel bietet eine sichere und intuitive kreative Aktivit\u00e4t. Kinder k\u00f6nnen frei gestalten oder Vorlagen folgen, wodurch ihre Selbstst\u00e4ndigkeit gest\u00e4rkt wird. Unbegrenzt [&hellip;]<\/p>\n","protected":false},"featured_media":103496,"comment_status":"closed","ping_status":"closed","template":"","meta":{"_acf_changed":false},"product_brand":[],"product_cat":[116],"product_tag":[],"class_list":{"0":"post-114748","1":"product","2":"type-product","3":"status-publish","4":"has-post-thumbnail","6":"product_cat-baby-kleinkind","7":"pa_leeftijd-filter-0-2-jahre","8":"pa_meest-populair-bij-jungen-maedchen","10":"first","11":"instock","12":"shipping-taxable","13":"product-type-simple"},"acf":[],"yoast_head":"<!-- This site is optimized with the Yoast SEO plugin v27.2 - https:\/\/yoast.com\/product\/yoast-seo-wordpress\/ -->\n<title>My first ? H\u00e4mmerchen Tick Fantasie - SES Creative<\/title>\n<meta name=\"robots\" content=\"index, follow, max-snippet:-1, max-image-preview:large, max-video-preview:-1\" \/>\n<link rel=\"canonical\" href=\"https:\/\/ses-creative.com\/de\/produkt\/my-first-haemmerchen-tick-fantasie\/\" \/>\n<meta property=\"og:locale\" content=\"de_DE\" \/>\n<meta property=\"og:type\" content=\"article\" \/>\n<meta property=\"og:title\" content=\"My first ? H\u00e4mmerchen Tick Fantasie - SES Creative\" \/>\n<meta property=\"og:description\" content=\"Das SES Creative My First Tap Tap Fantasie-Spiel wurde f\u00fcr Kinder ab 12 Monaten entwickelt und f\u00f6rdert Feinmotorik, Koordination und Kreativit\u00e4t. Es enth\u00e4lt ein Steckbrett, einen nagelfreien Holzhammer, bunte Formen, Fantasie-Sticker und Motivkarten. Dieses Baby-Lernspiel bietet eine sichere und intuitive kreative Aktivit\u00e4t. Kinder k\u00f6nnen frei gestalten oder Vorlagen folgen, wodurch ihre Selbstst\u00e4ndigkeit gest\u00e4rkt wird. Unbegrenzt [&hellip;]\" \/>\n<meta property=\"og:url\" content=\"https:\/\/ses-creative.com\/de\/produkt\/my-first-haemmerchen-tick-fantasie\/\" \/>\n<meta property=\"og:site_name\" content=\"SES Creative\" \/>\n<meta property=\"article:modified_time\" content=\"2026-02-06T09:51:44+00:00\" \/>\n<meta name=\"twitter:card\" content=\"summary_large_image\" \/>\n<meta name=\"twitter:label1\" content=\"Gesch\u00e4tzte Lesezeit\" \/>\n\t<meta name=\"twitter:data1\" content=\"1\u00a0Minute\" \/>\n<script type=\"application\/ld+json\" class=\"yoast-schema-graph\">{\"@context\":\"https:\/\/schema.org\",\"@graph\":[{\"@type\":\"WebPage\",\"@id\":\"https:\/\/ses-creative.com\/de\/produkt\/my-first-haemmerchen-tick-fantasie\/\",\"url\":\"https:\/\/ses-creative.com\/de\/produkt\/my-first-haemmerchen-tick-fantasie\/\",\"name\":\"My first ? H\u00e4mmerchen Tick Fantasie - SES Creative\",\"isPartOf\":{\"@id\":\"https:\/\/ses-creative.com\/#website\"},\"primaryImageOfPage\":{\"@id\":\"https:\/\/ses-creative.com\/de\/produkt\/my-first-haemmerchen-tick-fantasie\/#primaryimage\"},\"image\":{\"@id\":\"https:\/\/ses-creative.com\/de\/produkt\/my-first-haemmerchen-tick-fantasie\/#primaryimage\"},\"thumbnailUrl\":\"https:\/\/ses-creative.com\/wp-content\/uploads\/2026\/01\/144861.jpg\",\"datePublished\":\"2026-02-05T13:52:50+00:00\",\"dateModified\":\"2026-02-06T09:51:44+00:00\",\"breadcrumb\":{\"@id\":\"https:\/\/ses-creative.com\/de\/produkt\/my-first-haemmerchen-tick-fantasie\/#breadcrumb\"},\"inLanguage\":\"de\",\"potentialAction\":[{\"@type\":\"ReadAction\",\"target\":[\"https:\/\/ses-creative.com\/de\/produkt\/my-first-haemmerchen-tick-fantasie\/\"]}]},{\"@type\":\"ImageObject\",\"inLanguage\":\"de\",\"@id\":\"https:\/\/ses-creative.com\/de\/produkt\/my-first-haemmerchen-tick-fantasie\/#primaryimage\",\"url\":\"https:\/\/ses-creative.com\/wp-content\/uploads\/2026\/01\/144861.jpg\",\"contentUrl\":\"https:\/\/ses-creative.com\/wp-content\/uploads\/2026\/01\/144861.jpg\",\"width\":1000,\"height\":1000},{\"@type\":\"BreadcrumbList\",\"@id\":\"https:\/\/ses-creative.com\/de\/produkt\/my-first-haemmerchen-tick-fantasie\/#breadcrumb\",\"itemListElement\":[{\"@type\":\"ListItem\",\"position\":1,\"name\":\"Shop\",\"item\":\"https:\/\/ses-creative.com\/de\/shop\/\"},{\"@type\":\"ListItem\",\"position\":2,\"name\":\"Baby &amp; Kleinkind\",\"item\":\"https:\/\/ses-creative.com\/de\/product-categorie\/baby-kleinkind\/\"},{\"@type\":\"ListItem\",\"position\":3,\"name\":\"My first ? H\u00e4mmerchen Tick Fantasie\"}]},{\"@type\":\"WebSite\",\"@id\":\"https:\/\/ses-creative.com\/#website\",\"url\":\"https:\/\/ses-creative.com\/\",\"name\":\"SES Creative\",\"description\":\"\",\"publisher\":{\"@id\":\"https:\/\/ses-creative.com\/#organization\"},\"potentialAction\":[{\"@type\":\"SearchAction\",\"target\":{\"@type\":\"EntryPoint\",\"urlTemplate\":\"https:\/\/ses-creative.com\/?s={search_term_string}\"},\"query-input\":{\"@type\":\"PropertyValueSpecification\",\"valueRequired\":true,\"valueName\":\"search_term_string\"}}],\"inLanguage\":\"de\"},{\"@type\":\"Organization\",\"@id\":\"https:\/\/ses-creative.com\/#organization\",\"name\":\"SES Creative\",\"url\":\"https:\/\/ses-creative.com\/\",\"logo\":{\"@type\":\"ImageObject\",\"inLanguage\":\"de\",\"@id\":\"https:\/\/ses-creative.com\/#\/schema\/logo\/image\/\",\"url\":\"https:\/\/ses-creative.com\/wp-content\/uploads\/2025\/10\/ses-creative-logo.jpg\",\"contentUrl\":\"https:\/\/ses-creative.com\/wp-content\/uploads\/2025\/10\/ses-creative-logo.jpg\",\"width\":2037,\"height\":2037,\"caption\":\"SES Creative\"},\"image\":{\"@id\":\"https:\/\/ses-creative.com\/#\/schema\/logo\/image\/\"}}]}<\/script>\n<!-- \/ Yoast SEO plugin. -->","yoast_head_json":{"title":"My first ? H\u00e4mmerchen Tick Fantasie - SES Creative","robots":{"index":"index","follow":"follow","max-snippet":"max-snippet:-1","max-image-preview":"max-image-preview:large","max-video-preview":"max-video-preview:-1"},"canonical":"https:\/\/ses-creative.com\/de\/produkt\/my-first-haemmerchen-tick-fantasie\/","og_locale":"de_DE","og_type":"article","og_title":"My first ? H\u00e4mmerchen Tick Fantasie - SES Creative","og_description":"Das SES Creative My First Tap Tap Fantasie-Spiel wurde f\u00fcr Kinder ab 12 Monaten entwickelt und f\u00f6rdert Feinmotorik, Koordination und Kreativit\u00e4t. Es enth\u00e4lt ein Steckbrett, einen nagelfreien Holzhammer, bunte Formen, Fantasie-Sticker und Motivkarten. Dieses Baby-Lernspiel bietet eine sichere und intuitive kreative Aktivit\u00e4t. Kinder k\u00f6nnen frei gestalten oder Vorlagen folgen, wodurch ihre Selbstst\u00e4ndigkeit gest\u00e4rkt wird. Unbegrenzt [&hellip;]","og_url":"https:\/\/ses-creative.com\/de\/produkt\/my-first-haemmerchen-tick-fantasie\/","og_site_name":"SES Creative","article_modified_time":"2026-02-06T09:51:44+00:00","twitter_card":"summary_large_image","twitter_misc":{"Gesch\u00e4tzte Lesezeit":"1\u00a0Minute"},"schema":{"@context":"https:\/\/schema.org","@graph":[{"@type":"WebPage","@id":"https:\/\/ses-creative.com\/de\/produkt\/my-first-haemmerchen-tick-fantasie\/","url":"https:\/\/ses-creative.com\/de\/produkt\/my-first-haemmerchen-tick-fantasie\/","name":"My first ? H\u00e4mmerchen Tick Fantasie - SES Creative","isPartOf":{"@id":"https:\/\/ses-creative.com\/#website"},"primaryImageOfPage":{"@id":"https:\/\/ses-creative.com\/de\/produkt\/my-first-haemmerchen-tick-fantasie\/#primaryimage"},"image":{"@id":"https:\/\/ses-creative.com\/de\/produkt\/my-first-haemmerchen-tick-fantasie\/#primaryimage"},"thumbnailUrl":"https:\/\/ses-creative.com\/wp-content\/uploads\/2026\/01\/144861.jpg","datePublished":"2026-02-05T13:52:50+00:00","dateModified":"2026-02-06T09:51:44+00:00","breadcrumb":{"@id":"https:\/\/ses-creative.com\/de\/produkt\/my-first-haemmerchen-tick-fantasie\/#breadcrumb"},"inLanguage":"de","potentialAction":[{"@type":"ReadAction","target":["https:\/\/ses-creative.com\/de\/produkt\/my-first-haemmerchen-tick-fantasie\/"]}]},{"@type":"ImageObject","inLanguage":"de","@id":"https:\/\/ses-creative.com\/de\/produkt\/my-first-haemmerchen-tick-fantasie\/#primaryimage","url":"https:\/\/ses-creative.com\/wp-content\/uploads\/2026\/01\/144861.jpg","contentUrl":"https:\/\/ses-creative.com\/wp-content\/uploads\/2026\/01\/144861.jpg","width":1000,"height":1000},{"@type":"BreadcrumbList","@id":"https:\/\/ses-creative.com\/de\/produkt\/my-first-haemmerchen-tick-fantasie\/#breadcrumb","itemListElement":[{"@type":"ListItem","position":1,"name":"Shop","item":"https:\/\/ses-creative.com\/de\/shop\/"},{"@type":"ListItem","position":2,"name":"Baby &amp; Kleinkind","item":"https:\/\/ses-creative.com\/de\/product-categorie\/baby-kleinkind\/"},{"@type":"ListItem","position":3,"name":"My first ? H\u00e4mmerchen Tick Fantasie"}]},{"@type":"WebSite","@id":"https:\/\/ses-creative.com\/#website","url":"https:\/\/ses-creative.com\/","name":"SES Creative","description":"","publisher":{"@id":"https:\/\/ses-creative.com\/#organization"},"potentialAction":[{"@type":"SearchAction","target":{"@type":"EntryPoint","urlTemplate":"https:\/\/ses-creative.com\/?s={search_term_string}"},"query-input":{"@type":"PropertyValueSpecification","valueRequired":true,"valueName":"search_term_string"}}],"inLanguage":"de"},{"@type":"Organization","@id":"https:\/\/ses-creative.com\/#organization","name":"SES Creative","url":"https:\/\/ses-creative.com\/","logo":{"@type":"ImageObject","inLanguage":"de","@id":"https:\/\/ses-creative.com\/#\/schema\/logo\/image\/","url":"https:\/\/ses-creative.com\/wp-content\/uploads\/2025\/10\/ses-creative-logo.jpg","contentUrl":"https:\/\/ses-creative.com\/wp-content\/uploads\/2025\/10\/ses-creative-logo.jpg","width":2037,"height":2037,"caption":"SES Creative"},"image":{"@id":"https:\/\/ses-creative.com\/#\/schema\/logo\/image\/"}}]}},"_links":{"self":[{"href":"https:\/\/ses-creative.com\/de\/wp-json\/wp\/v2\/product\/114748","targetHints":{"allow":["GET"]}}],"collection":[{"href":"https:\/\/ses-creative.com\/de\/wp-json\/wp\/v2\/product"}],"about":[{"href":"https:\/\/ses-creative.com\/de\/wp-json\/wp\/v2\/types\/product"}],"replies":[{"embeddable":true,"href":"https:\/\/ses-creative.com\/de\/wp-json\/wp\/v2\/comments?post=114748"}],"wp:featuredmedia":[{"embeddable":true,"href":"https:\/\/ses-creative.com\/de\/wp-json\/wp\/v2\/media\/103496"}],"wp:attachment":[{"href":"https:\/\/ses-creative.com\/de\/wp-json\/wp\/v2\/media?parent=114748"}],"wp:term":[{"taxonomy":"product_brand","embeddable":true,"href":"https:\/\/ses-creative.com\/de\/wp-json\/wp\/v2\/product_brand?post=114748"},{"taxonomy":"product_cat","embeddable":true,"href":"https:\/\/ses-creative.com\/de\/wp-json\/wp\/v2\/product_cat?post=114748"},{"taxonomy":"product_tag","embeddable":true,"href":"https:\/\/ses-creative.com\/de\/wp-json\/wp\/v2\/product_tag?post=114748"}],"curies":[{"name":"wp","href":"https:\/\/api.w.org\/{rel}","templated":true}]}}