











{"id":114747,"date":"2026-02-05T13:52:50","date_gmt":"2026-02-05T13:52:50","guid":{"rendered":"https:\/\/ses-creative.com\/?post_type=product&#038;p=114747"},"modified":"2026-02-06T09:51:43","modified_gmt":"2026-02-06T09:51:43","slug":"my-first-tierprint-sticker","status":"publish","type":"product","link":"https:\/\/ses-creative.com\/de\/produkt\/my-first-tierprint-sticker\/","title":{"rendered":"My first &#8211; Tierprint Sticker"},"content":{"rendered":"<p>Erstellen Sie wundersch\u00f6ne Kunstwerke mit Tiermotiv-Aufklebern!<br \/>\nWas f\u00fcr ein Tierchaos! Finde die verschiedenen Farben und Muster der Tiere und klebe die Sticker an die richtige Stelle. Dieses Set ist perfekt f\u00fcr die Kleinsten, um auf spielerische Weise Muster zu entdecken und etwas \u00fcber Tiere zu lernen. Lass dein Kleinkind mit diesen lustigen Stickern die sch\u00f6nsten Tierkunstwerke schaffen!<br \/>\nWas dieses Set so toll macht<br \/>\n&#8211;    Ordnen Sie die Muster den richtigen Tieren zu und kleben Sie die Aufkleber an die richtige Stelle<br \/>\n&#8211;    F\u00fchren Sie Ihr Kind mit den fr\u00f6hlichen Tierkarten in das Erkennen von Tieren und Mustern ein<br \/>\n&#8211;    Es f\u00f6rdert die Feinmotorik und Kreativit\u00e4t<br \/>\n&#8211;    Sicher und kinderfreundlich<br \/>\n&#8211;    Geeignet f\u00fcr Kinder ab 1 Jahr<br \/>\nKleben und entdecken mit Tiermotiven<br \/>\nMit diesem Set k\u00f6nnen Kinder auf unterhaltsame und interaktive Weise Formen und Muster kennenlernen. Die bunten Aufkleber und Karten machen das Spielen und Lernen einfach und lustig. Eine gro\u00dfartige M\u00f6glichkeit, die Feinmotorik und Kreativit\u00e4t kleiner Kinder zu f\u00f6rdern.<br \/>\nDieses Set ist ideal f\u00fcr Eltern, die ihren Kindern eine lehrreiche und kreative Aktivit\u00e4t bieten m\u00f6chten. Es bietet eine sichere und unterhaltsame M\u00f6glichkeit, mit Stickern zu spielen und Muster zu entdecken.<br \/>\nInhalt des Sets<br \/>\n&#8211;    8 Tierkarten<br \/>\n&#8211;    Aufkleber mit verschiedenen Motiven<br \/>\nWarum SES Creative w\u00e4hlen?<br \/>\nBei SES Creative legen wir gro\u00dfen Wert auf Sicherheit. Deshalb werden die Produkte in unserem Werk in den Niederlanden nach den strengsten europ\u00e4ischen Sicherheitsstandards hergestellt und getestet. Spielzeug von SES Creative sorgt f\u00fcr Spa\u00df und soll Kindern ein Gef\u00fchl der Stolz auf ihre Arbeit vermitteln, was ihre Kreativit\u00e4t und Entwicklung f\u00f6rdert.<br \/>\nBeginnen Sie noch heute mit dem Kleben<br \/>\nEntdecken Sie den Spa\u00df an Tiermotiv-Aufklebern und lassen Sie Ihr Kind die sch\u00f6nsten Kunstwerke gestalten. Perfekt f\u00fcr die Entwicklung Ihres Kindes!<\/p>\n","protected":false},"excerpt":{"rendered":"<p>Erstellen Sie wundersch\u00f6ne Kunstwerke mit Tiermotiv-Aufklebern! Was f\u00fcr ein Tierchaos! Finde die verschiedenen Farben und Muster der Tiere und klebe die Sticker an die richtige Stelle. Dieses Set ist perfekt f\u00fcr die Kleinsten, um auf spielerische Weise Muster zu entdecken und etwas \u00fcber Tiere zu lernen. Lass dein Kleinkind mit diesen lustigen Stickern die sch\u00f6nsten [&hellip;]<\/p>\n","protected":false},"featured_media":103476,"comment_status":"closed","ping_status":"closed","template":"","meta":{"_acf_changed":false},"product_brand":[],"product_cat":[116],"product_tag":[],"class_list":{"0":"post-114747","1":"product","2":"type-product","3":"status-publish","4":"has-post-thumbnail","6":"product_cat-baby-kleinkind","7":"pa_leeftijd-filter-0-2-jahre","8":"pa_meest-populair-bij-jungen-maedchen","10":"first","11":"instock","12":"shipping-taxable","13":"product-type-simple"},"acf":[],"yoast_head":"<!-- This site is optimized with the Yoast SEO plugin v27.2 - https:\/\/yoast.com\/product\/yoast-seo-wordpress\/ -->\n<title>My first - Tierprint Sticker - SES Creative<\/title>\n<meta name=\"robots\" content=\"index, follow, max-snippet:-1, max-image-preview:large, max-video-preview:-1\" \/>\n<link rel=\"canonical\" href=\"https:\/\/ses-creative.com\/de\/produkt\/my-first-tierprint-sticker\/\" \/>\n<meta property=\"og:locale\" content=\"de_DE\" \/>\n<meta property=\"og:type\" content=\"article\" \/>\n<meta property=\"og:title\" content=\"My first - Tierprint Sticker - SES Creative\" \/>\n<meta property=\"og:description\" content=\"Erstellen Sie wundersch\u00f6ne Kunstwerke mit Tiermotiv-Aufklebern! Was f\u00fcr ein Tierchaos! Finde die verschiedenen Farben und Muster der Tiere und klebe die Sticker an die richtige Stelle. Dieses Set ist perfekt f\u00fcr die Kleinsten, um auf spielerische Weise Muster zu entdecken und etwas \u00fcber Tiere zu lernen. Lass dein Kleinkind mit diesen lustigen Stickern die sch\u00f6nsten [&hellip;]\" \/>\n<meta property=\"og:url\" content=\"https:\/\/ses-creative.com\/de\/produkt\/my-first-tierprint-sticker\/\" \/>\n<meta property=\"og:site_name\" content=\"SES Creative\" \/>\n<meta property=\"article:modified_time\" content=\"2026-02-06T09:51:43+00:00\" \/>\n<meta name=\"twitter:card\" content=\"summary_large_image\" \/>\n<meta name=\"twitter:label1\" content=\"Gesch\u00e4tzte Lesezeit\" \/>\n\t<meta name=\"twitter:data1\" content=\"2\u00a0Minuten\" \/>\n<script type=\"application\/ld+json\" class=\"yoast-schema-graph\">{\"@context\":\"https:\/\/schema.org\",\"@graph\":[{\"@type\":\"WebPage\",\"@id\":\"https:\/\/ses-creative.com\/de\/produkt\/my-first-tierprint-sticker\/\",\"url\":\"https:\/\/ses-creative.com\/de\/produkt\/my-first-tierprint-sticker\/\",\"name\":\"My first - Tierprint Sticker - SES Creative\",\"isPartOf\":{\"@id\":\"https:\/\/ses-creative.com\/#website\"},\"primaryImageOfPage\":{\"@id\":\"https:\/\/ses-creative.com\/de\/produkt\/my-first-tierprint-sticker\/#primaryimage\"},\"image\":{\"@id\":\"https:\/\/ses-creative.com\/de\/produkt\/my-first-tierprint-sticker\/#primaryimage\"},\"thumbnailUrl\":\"https:\/\/ses-creative.com\/wp-content\/uploads\/2026\/01\/144851.jpg\",\"datePublished\":\"2026-02-05T13:52:50+00:00\",\"dateModified\":\"2026-02-06T09:51:43+00:00\",\"breadcrumb\":{\"@id\":\"https:\/\/ses-creative.com\/de\/produkt\/my-first-tierprint-sticker\/#breadcrumb\"},\"inLanguage\":\"de\",\"potentialAction\":[{\"@type\":\"ReadAction\",\"target\":[\"https:\/\/ses-creative.com\/de\/produkt\/my-first-tierprint-sticker\/\"]}]},{\"@type\":\"ImageObject\",\"inLanguage\":\"de\",\"@id\":\"https:\/\/ses-creative.com\/de\/produkt\/my-first-tierprint-sticker\/#primaryimage\",\"url\":\"https:\/\/ses-creative.com\/wp-content\/uploads\/2026\/01\/144851.jpg\",\"contentUrl\":\"https:\/\/ses-creative.com\/wp-content\/uploads\/2026\/01\/144851.jpg\",\"width\":1000,\"height\":1000},{\"@type\":\"BreadcrumbList\",\"@id\":\"https:\/\/ses-creative.com\/de\/produkt\/my-first-tierprint-sticker\/#breadcrumb\",\"itemListElement\":[{\"@type\":\"ListItem\",\"position\":1,\"name\":\"Shop\",\"item\":\"https:\/\/ses-creative.com\/de\/shop\/\"},{\"@type\":\"ListItem\",\"position\":2,\"name\":\"Baby &amp; Kleinkind\",\"item\":\"https:\/\/ses-creative.com\/de\/product-categorie\/baby-kleinkind\/\"},{\"@type\":\"ListItem\",\"position\":3,\"name\":\"My first &#8211; Tierprint Sticker\"}]},{\"@type\":\"WebSite\",\"@id\":\"https:\/\/ses-creative.com\/#website\",\"url\":\"https:\/\/ses-creative.com\/\",\"name\":\"SES Creative\",\"description\":\"\",\"publisher\":{\"@id\":\"https:\/\/ses-creative.com\/#organization\"},\"potentialAction\":[{\"@type\":\"SearchAction\",\"target\":{\"@type\":\"EntryPoint\",\"urlTemplate\":\"https:\/\/ses-creative.com\/?s={search_term_string}\"},\"query-input\":{\"@type\":\"PropertyValueSpecification\",\"valueRequired\":true,\"valueName\":\"search_term_string\"}}],\"inLanguage\":\"de\"},{\"@type\":\"Organization\",\"@id\":\"https:\/\/ses-creative.com\/#organization\",\"name\":\"SES Creative\",\"url\":\"https:\/\/ses-creative.com\/\",\"logo\":{\"@type\":\"ImageObject\",\"inLanguage\":\"de\",\"@id\":\"https:\/\/ses-creative.com\/#\/schema\/logo\/image\/\",\"url\":\"https:\/\/ses-creative.com\/wp-content\/uploads\/2025\/10\/ses-creative-logo.jpg\",\"contentUrl\":\"https:\/\/ses-creative.com\/wp-content\/uploads\/2025\/10\/ses-creative-logo.jpg\",\"width\":2037,\"height\":2037,\"caption\":\"SES Creative\"},\"image\":{\"@id\":\"https:\/\/ses-creative.com\/#\/schema\/logo\/image\/\"}}]}<\/script>\n<!-- \/ Yoast SEO plugin. -->","yoast_head_json":{"title":"My first - Tierprint Sticker - SES Creative","robots":{"index":"index","follow":"follow","max-snippet":"max-snippet:-1","max-image-preview":"max-image-preview:large","max-video-preview":"max-video-preview:-1"},"canonical":"https:\/\/ses-creative.com\/de\/produkt\/my-first-tierprint-sticker\/","og_locale":"de_DE","og_type":"article","og_title":"My first - Tierprint Sticker - SES Creative","og_description":"Erstellen Sie wundersch\u00f6ne Kunstwerke mit Tiermotiv-Aufklebern! Was f\u00fcr ein Tierchaos! Finde die verschiedenen Farben und Muster der Tiere und klebe die Sticker an die richtige Stelle. Dieses Set ist perfekt f\u00fcr die Kleinsten, um auf spielerische Weise Muster zu entdecken und etwas \u00fcber Tiere zu lernen. Lass dein Kleinkind mit diesen lustigen Stickern die sch\u00f6nsten [&hellip;]","og_url":"https:\/\/ses-creative.com\/de\/produkt\/my-first-tierprint-sticker\/","og_site_name":"SES Creative","article_modified_time":"2026-02-06T09:51:43+00:00","twitter_card":"summary_large_image","twitter_misc":{"Gesch\u00e4tzte Lesezeit":"2\u00a0Minuten"},"schema":{"@context":"https:\/\/schema.org","@graph":[{"@type":"WebPage","@id":"https:\/\/ses-creative.com\/de\/produkt\/my-first-tierprint-sticker\/","url":"https:\/\/ses-creative.com\/de\/produkt\/my-first-tierprint-sticker\/","name":"My first - Tierprint Sticker - SES Creative","isPartOf":{"@id":"https:\/\/ses-creative.com\/#website"},"primaryImageOfPage":{"@id":"https:\/\/ses-creative.com\/de\/produkt\/my-first-tierprint-sticker\/#primaryimage"},"image":{"@id":"https:\/\/ses-creative.com\/de\/produkt\/my-first-tierprint-sticker\/#primaryimage"},"thumbnailUrl":"https:\/\/ses-creative.com\/wp-content\/uploads\/2026\/01\/144851.jpg","datePublished":"2026-02-05T13:52:50+00:00","dateModified":"2026-02-06T09:51:43+00:00","breadcrumb":{"@id":"https:\/\/ses-creative.com\/de\/produkt\/my-first-tierprint-sticker\/#breadcrumb"},"inLanguage":"de","potentialAction":[{"@type":"ReadAction","target":["https:\/\/ses-creative.com\/de\/produkt\/my-first-tierprint-sticker\/"]}]},{"@type":"ImageObject","inLanguage":"de","@id":"https:\/\/ses-creative.com\/de\/produkt\/my-first-tierprint-sticker\/#primaryimage","url":"https:\/\/ses-creative.com\/wp-content\/uploads\/2026\/01\/144851.jpg","contentUrl":"https:\/\/ses-creative.com\/wp-content\/uploads\/2026\/01\/144851.jpg","width":1000,"height":1000},{"@type":"BreadcrumbList","@id":"https:\/\/ses-creative.com\/de\/produkt\/my-first-tierprint-sticker\/#breadcrumb","itemListElement":[{"@type":"ListItem","position":1,"name":"Shop","item":"https:\/\/ses-creative.com\/de\/shop\/"},{"@type":"ListItem","position":2,"name":"Baby &amp; Kleinkind","item":"https:\/\/ses-creative.com\/de\/product-categorie\/baby-kleinkind\/"},{"@type":"ListItem","position":3,"name":"My first &#8211; Tierprint Sticker"}]},{"@type":"WebSite","@id":"https:\/\/ses-creative.com\/#website","url":"https:\/\/ses-creative.com\/","name":"SES Creative","description":"","publisher":{"@id":"https:\/\/ses-creative.com\/#organization"},"potentialAction":[{"@type":"SearchAction","target":{"@type":"EntryPoint","urlTemplate":"https:\/\/ses-creative.com\/?s={search_term_string}"},"query-input":{"@type":"PropertyValueSpecification","valueRequired":true,"valueName":"search_term_string"}}],"inLanguage":"de"},{"@type":"Organization","@id":"https:\/\/ses-creative.com\/#organization","name":"SES Creative","url":"https:\/\/ses-creative.com\/","logo":{"@type":"ImageObject","inLanguage":"de","@id":"https:\/\/ses-creative.com\/#\/schema\/logo\/image\/","url":"https:\/\/ses-creative.com\/wp-content\/uploads\/2025\/10\/ses-creative-logo.jpg","contentUrl":"https:\/\/ses-creative.com\/wp-content\/uploads\/2025\/10\/ses-creative-logo.jpg","width":2037,"height":2037,"caption":"SES Creative"},"image":{"@id":"https:\/\/ses-creative.com\/#\/schema\/logo\/image\/"}}]}},"_links":{"self":[{"href":"https:\/\/ses-creative.com\/de\/wp-json\/wp\/v2\/product\/114747","targetHints":{"allow":["GET"]}}],"collection":[{"href":"https:\/\/ses-creative.com\/de\/wp-json\/wp\/v2\/product"}],"about":[{"href":"https:\/\/ses-creative.com\/de\/wp-json\/wp\/v2\/types\/product"}],"replies":[{"embeddable":true,"href":"https:\/\/ses-creative.com\/de\/wp-json\/wp\/v2\/comments?post=114747"}],"wp:featuredmedia":[{"embeddable":true,"href":"https:\/\/ses-creative.com\/de\/wp-json\/wp\/v2\/media\/103476"}],"wp:attachment":[{"href":"https:\/\/ses-creative.com\/de\/wp-json\/wp\/v2\/media?parent=114747"}],"wp:term":[{"taxonomy":"product_brand","embeddable":true,"href":"https:\/\/ses-creative.com\/de\/wp-json\/wp\/v2\/product_brand?post=114747"},{"taxonomy":"product_cat","embeddable":true,"href":"https:\/\/ses-creative.com\/de\/wp-json\/wp\/v2\/product_cat?post=114747"},{"taxonomy":"product_tag","embeddable":true,"href":"https:\/\/ses-creative.com\/de\/wp-json\/wp\/v2\/product_tag?post=114747"}],"curies":[{"name":"wp","href":"https:\/\/api.w.org\/{rel}","templated":true}]}}