











{"id":114745,"date":"2026-02-05T13:52:50","date_gmt":"2026-02-05T13:52:50","guid":{"rendered":"https:\/\/ses-creative.com\/?post_type=product&#038;p=114745"},"modified":"2026-02-06T09:51:43","modified_gmt":"2026-02-06T09:51:43","slug":"my-first-sensory-mosaik-karten","status":"publish","type":"product","link":"https:\/\/ses-creative.com\/de\/produkt\/my-first-sensory-mosaik-karten\/","title":{"rendered":"My first &#8211; Sensory Mosaik Karten"},"content":{"rendered":"<p>Entdecken Sie die Magie der Farben und Formen mit den Sensorischen Mosaikkarten!<br \/>\nTauchen Sie ein in eine Welt voller Farben und Texturen mit den My First \u2013 Sensorischen Mosaikkarten. Dieses spielerische und lehrreiche Mosaikspiel wurde speziell f\u00fcr Kleinkinder ab 1 Jahr entwickelt. Mit weichen, sicheren und leicht zu greifenden Mosaiksteinen k\u00f6nnen die Kleinsten ihre ersten Kunstwerke schaffen. Die verschiedenen Strukturen und leuchtenden Farben sorgen f\u00fcr ein einzigartiges sensorisches Erlebnis, das ihre Sinne anregt und ihre Feinmotorik f\u00f6rdert.<br \/>\nWas dieses Set so gro\u00dfartig macht<br \/>\n&#8211;    Geeignet ab 1 Jahr. Perfekt f\u00fcr kleine H\u00e4nde und junge Entdecker<br \/>\n&#8211;    Regt die Sinne und die Motorik an<br \/>\n&#8211;    Sicher und kinderfreundlich \u2013 Hergestellt aus weichen, robusten Materialien ohne scharfe Kanten<br \/>\n&#8211;    Lernen durch Spielen. F\u00f6rdert die Erkennung von Farben, Formen und Strukturen, Kreativit\u00e4t und Konzentration<br \/>\n&#8211;    Verschiedene fr\u00f6hliche Tierplaketten<br \/>\nSpielen, lernen und entwickeln<br \/>\nDie Entdeckung der Welt beginnt mit F\u00fchlen, Sehen und Experimentieren. Dieses sensorische Mosaikspielzeug hilft kleinen Kindern, Formen und Farben zu erkennen, w\u00e4hrend sie die Steine an der richtigen Stelle beim richtigen Tier platzieren. Die verspielten Designs auf den Tierkarten regen zum Kombinieren an und f\u00f6rdern das logische Denken. Jede Karte ist ein Abenteuer f\u00fcr sich! Kinder nehmen die Mosaiksteine in die Hand und f\u00fchlen die verschiedenen Strukturen. Ordnen Sie den Filz, das Fell und den Schaumstoff den richtigen Tieren auf den Bildkarten zu. Das f\u00f6rdert die Hand-Augen-Koordination, die Konzentration und den Tastsinn \u2013 wichtige F\u00e4higkeiten, die Kindern in ihrer Entwicklung helfen.<br \/>\nInhalt des Sets<br \/>\n&#8211;    6 Mosaikkarten mit Tieren<br \/>\n&#8211;    8 Schaumstoff-Mosaikformen mit Struktur<br \/>\n&#8211;    8 Filz-Mosaikformen<br \/>\n&#8211;    8 Fell-Mosaikformen<br \/>\nWarum SES Creative w\u00e4hlen?<br \/>\nBei SES Creative legen wir gro\u00dfen Wert auf Sicherheit. Deshalb werden die Produkte in unserer Fabrik in den Niederlanden nach den strengsten europ\u00e4ischen Sicherheitsnormen hergestellt und getestet. Spielzeug von SES Creative sorgt f\u00fcr Spa\u00df und soll Kindern ein Gef\u00fchl des Stolzes auf ihre Arbeit vermitteln, was ihre Kreativit\u00e4t und Entwicklung f\u00f6rdert.<br \/>\nBereit f\u00fcr Mosaik-Spa\u00df?<br \/>\nLassen Sie Ihr Kind mit den My First &#8211; Sensory Mosaik-Karten experimentieren, entdecken und Spa\u00df haben. Ein kreativer Start f\u00fcr gro\u00dfe Abenteuer!<\/p>\n","protected":false},"excerpt":{"rendered":"<p>Entdecken Sie die Magie der Farben und Formen mit den Sensorischen Mosaikkarten! Tauchen Sie ein in eine Welt voller Farben und Texturen mit den My First \u2013 Sensorischen Mosaikkarten. Dieses spielerische und lehrreiche Mosaikspiel wurde speziell f\u00fcr Kleinkinder ab 1 Jahr entwickelt. Mit weichen, sicheren und leicht zu greifenden Mosaiksteinen k\u00f6nnen die Kleinsten ihre ersten [&hellip;]<\/p>\n","protected":false},"featured_media":103436,"comment_status":"closed","ping_status":"closed","template":"","meta":{"_acf_changed":false},"product_brand":[],"product_cat":[116],"product_tag":[],"class_list":{"0":"post-114745","1":"product","2":"type-product","3":"status-publish","4":"has-post-thumbnail","6":"product_cat-baby-kleinkind","7":"pa_leeftijd-filter-0-2-jahre","8":"pa_meest-populair-bij-jungen-maedchen","10":"first","11":"instock","12":"shipping-taxable","13":"product-type-simple"},"acf":[],"yoast_head":"<!-- This site is optimized with the Yoast SEO plugin v27.2 - https:\/\/yoast.com\/product\/yoast-seo-wordpress\/ -->\n<title>My first - Sensory Mosaik Karten - SES Creative<\/title>\n<meta name=\"robots\" content=\"index, follow, max-snippet:-1, max-image-preview:large, max-video-preview:-1\" \/>\n<link rel=\"canonical\" href=\"https:\/\/ses-creative.com\/de\/produkt\/my-first-sensory-mosaik-karten\/\" \/>\n<meta property=\"og:locale\" content=\"de_DE\" \/>\n<meta property=\"og:type\" content=\"article\" \/>\n<meta property=\"og:title\" content=\"My first - Sensory Mosaik Karten - SES Creative\" \/>\n<meta property=\"og:description\" content=\"Entdecken Sie die Magie der Farben und Formen mit den Sensorischen Mosaikkarten! Tauchen Sie ein in eine Welt voller Farben und Texturen mit den My First \u2013 Sensorischen Mosaikkarten. Dieses spielerische und lehrreiche Mosaikspiel wurde speziell f\u00fcr Kleinkinder ab 1 Jahr entwickelt. Mit weichen, sicheren und leicht zu greifenden Mosaiksteinen k\u00f6nnen die Kleinsten ihre ersten [&hellip;]\" \/>\n<meta property=\"og:url\" content=\"https:\/\/ses-creative.com\/de\/produkt\/my-first-sensory-mosaik-karten\/\" \/>\n<meta property=\"og:site_name\" content=\"SES Creative\" \/>\n<meta property=\"article:modified_time\" content=\"2026-02-06T09:51:43+00:00\" \/>\n<meta name=\"twitter:card\" content=\"summary_large_image\" \/>\n<meta name=\"twitter:label1\" content=\"Gesch\u00e4tzte Lesezeit\" \/>\n\t<meta name=\"twitter:data1\" content=\"2\u00a0Minuten\" \/>\n<script type=\"application\/ld+json\" class=\"yoast-schema-graph\">{\"@context\":\"https:\/\/schema.org\",\"@graph\":[{\"@type\":\"WebPage\",\"@id\":\"https:\/\/ses-creative.com\/de\/produkt\/my-first-sensory-mosaik-karten\/\",\"url\":\"https:\/\/ses-creative.com\/de\/produkt\/my-first-sensory-mosaik-karten\/\",\"name\":\"My first - Sensory Mosaik Karten - SES Creative\",\"isPartOf\":{\"@id\":\"https:\/\/ses-creative.com\/#website\"},\"primaryImageOfPage\":{\"@id\":\"https:\/\/ses-creative.com\/de\/produkt\/my-first-sensory-mosaik-karten\/#primaryimage\"},\"image\":{\"@id\":\"https:\/\/ses-creative.com\/de\/produkt\/my-first-sensory-mosaik-karten\/#primaryimage\"},\"thumbnailUrl\":\"https:\/\/ses-creative.com\/wp-content\/uploads\/2026\/01\/144831.jpg\",\"datePublished\":\"2026-02-05T13:52:50+00:00\",\"dateModified\":\"2026-02-06T09:51:43+00:00\",\"breadcrumb\":{\"@id\":\"https:\/\/ses-creative.com\/de\/produkt\/my-first-sensory-mosaik-karten\/#breadcrumb\"},\"inLanguage\":\"de\",\"potentialAction\":[{\"@type\":\"ReadAction\",\"target\":[\"https:\/\/ses-creative.com\/de\/produkt\/my-first-sensory-mosaik-karten\/\"]}]},{\"@type\":\"ImageObject\",\"inLanguage\":\"de\",\"@id\":\"https:\/\/ses-creative.com\/de\/produkt\/my-first-sensory-mosaik-karten\/#primaryimage\",\"url\":\"https:\/\/ses-creative.com\/wp-content\/uploads\/2026\/01\/144831.jpg\",\"contentUrl\":\"https:\/\/ses-creative.com\/wp-content\/uploads\/2026\/01\/144831.jpg\",\"width\":1000,\"height\":1000},{\"@type\":\"BreadcrumbList\",\"@id\":\"https:\/\/ses-creative.com\/de\/produkt\/my-first-sensory-mosaik-karten\/#breadcrumb\",\"itemListElement\":[{\"@type\":\"ListItem\",\"position\":1,\"name\":\"Shop\",\"item\":\"https:\/\/ses-creative.com\/de\/shop\/\"},{\"@type\":\"ListItem\",\"position\":2,\"name\":\"Baby &amp; Kleinkind\",\"item\":\"https:\/\/ses-creative.com\/de\/product-categorie\/baby-kleinkind\/\"},{\"@type\":\"ListItem\",\"position\":3,\"name\":\"My first &#8211; Sensory Mosaik Karten\"}]},{\"@type\":\"WebSite\",\"@id\":\"https:\/\/ses-creative.com\/#website\",\"url\":\"https:\/\/ses-creative.com\/\",\"name\":\"SES Creative\",\"description\":\"\",\"publisher\":{\"@id\":\"https:\/\/ses-creative.com\/#organization\"},\"potentialAction\":[{\"@type\":\"SearchAction\",\"target\":{\"@type\":\"EntryPoint\",\"urlTemplate\":\"https:\/\/ses-creative.com\/?s={search_term_string}\"},\"query-input\":{\"@type\":\"PropertyValueSpecification\",\"valueRequired\":true,\"valueName\":\"search_term_string\"}}],\"inLanguage\":\"de\"},{\"@type\":\"Organization\",\"@id\":\"https:\/\/ses-creative.com\/#organization\",\"name\":\"SES Creative\",\"url\":\"https:\/\/ses-creative.com\/\",\"logo\":{\"@type\":\"ImageObject\",\"inLanguage\":\"de\",\"@id\":\"https:\/\/ses-creative.com\/#\/schema\/logo\/image\/\",\"url\":\"https:\/\/ses-creative.com\/wp-content\/uploads\/2025\/10\/ses-creative-logo.jpg\",\"contentUrl\":\"https:\/\/ses-creative.com\/wp-content\/uploads\/2025\/10\/ses-creative-logo.jpg\",\"width\":2037,\"height\":2037,\"caption\":\"SES Creative\"},\"image\":{\"@id\":\"https:\/\/ses-creative.com\/#\/schema\/logo\/image\/\"}}]}<\/script>\n<!-- \/ Yoast SEO plugin. -->","yoast_head_json":{"title":"My first - Sensory Mosaik Karten - SES Creative","robots":{"index":"index","follow":"follow","max-snippet":"max-snippet:-1","max-image-preview":"max-image-preview:large","max-video-preview":"max-video-preview:-1"},"canonical":"https:\/\/ses-creative.com\/de\/produkt\/my-first-sensory-mosaik-karten\/","og_locale":"de_DE","og_type":"article","og_title":"My first - Sensory Mosaik Karten - SES Creative","og_description":"Entdecken Sie die Magie der Farben und Formen mit den Sensorischen Mosaikkarten! Tauchen Sie ein in eine Welt voller Farben und Texturen mit den My First \u2013 Sensorischen Mosaikkarten. Dieses spielerische und lehrreiche Mosaikspiel wurde speziell f\u00fcr Kleinkinder ab 1 Jahr entwickelt. Mit weichen, sicheren und leicht zu greifenden Mosaiksteinen k\u00f6nnen die Kleinsten ihre ersten [&hellip;]","og_url":"https:\/\/ses-creative.com\/de\/produkt\/my-first-sensory-mosaik-karten\/","og_site_name":"SES Creative","article_modified_time":"2026-02-06T09:51:43+00:00","twitter_card":"summary_large_image","twitter_misc":{"Gesch\u00e4tzte Lesezeit":"2\u00a0Minuten"},"schema":{"@context":"https:\/\/schema.org","@graph":[{"@type":"WebPage","@id":"https:\/\/ses-creative.com\/de\/produkt\/my-first-sensory-mosaik-karten\/","url":"https:\/\/ses-creative.com\/de\/produkt\/my-first-sensory-mosaik-karten\/","name":"My first - Sensory Mosaik Karten - SES Creative","isPartOf":{"@id":"https:\/\/ses-creative.com\/#website"},"primaryImageOfPage":{"@id":"https:\/\/ses-creative.com\/de\/produkt\/my-first-sensory-mosaik-karten\/#primaryimage"},"image":{"@id":"https:\/\/ses-creative.com\/de\/produkt\/my-first-sensory-mosaik-karten\/#primaryimage"},"thumbnailUrl":"https:\/\/ses-creative.com\/wp-content\/uploads\/2026\/01\/144831.jpg","datePublished":"2026-02-05T13:52:50+00:00","dateModified":"2026-02-06T09:51:43+00:00","breadcrumb":{"@id":"https:\/\/ses-creative.com\/de\/produkt\/my-first-sensory-mosaik-karten\/#breadcrumb"},"inLanguage":"de","potentialAction":[{"@type":"ReadAction","target":["https:\/\/ses-creative.com\/de\/produkt\/my-first-sensory-mosaik-karten\/"]}]},{"@type":"ImageObject","inLanguage":"de","@id":"https:\/\/ses-creative.com\/de\/produkt\/my-first-sensory-mosaik-karten\/#primaryimage","url":"https:\/\/ses-creative.com\/wp-content\/uploads\/2026\/01\/144831.jpg","contentUrl":"https:\/\/ses-creative.com\/wp-content\/uploads\/2026\/01\/144831.jpg","width":1000,"height":1000},{"@type":"BreadcrumbList","@id":"https:\/\/ses-creative.com\/de\/produkt\/my-first-sensory-mosaik-karten\/#breadcrumb","itemListElement":[{"@type":"ListItem","position":1,"name":"Shop","item":"https:\/\/ses-creative.com\/de\/shop\/"},{"@type":"ListItem","position":2,"name":"Baby &amp; Kleinkind","item":"https:\/\/ses-creative.com\/de\/product-categorie\/baby-kleinkind\/"},{"@type":"ListItem","position":3,"name":"My first &#8211; Sensory Mosaik Karten"}]},{"@type":"WebSite","@id":"https:\/\/ses-creative.com\/#website","url":"https:\/\/ses-creative.com\/","name":"SES Creative","description":"","publisher":{"@id":"https:\/\/ses-creative.com\/#organization"},"potentialAction":[{"@type":"SearchAction","target":{"@type":"EntryPoint","urlTemplate":"https:\/\/ses-creative.com\/?s={search_term_string}"},"query-input":{"@type":"PropertyValueSpecification","valueRequired":true,"valueName":"search_term_string"}}],"inLanguage":"de"},{"@type":"Organization","@id":"https:\/\/ses-creative.com\/#organization","name":"SES Creative","url":"https:\/\/ses-creative.com\/","logo":{"@type":"ImageObject","inLanguage":"de","@id":"https:\/\/ses-creative.com\/#\/schema\/logo\/image\/","url":"https:\/\/ses-creative.com\/wp-content\/uploads\/2025\/10\/ses-creative-logo.jpg","contentUrl":"https:\/\/ses-creative.com\/wp-content\/uploads\/2025\/10\/ses-creative-logo.jpg","width":2037,"height":2037,"caption":"SES Creative"},"image":{"@id":"https:\/\/ses-creative.com\/#\/schema\/logo\/image\/"}}]}},"_links":{"self":[{"href":"https:\/\/ses-creative.com\/de\/wp-json\/wp\/v2\/product\/114745","targetHints":{"allow":["GET"]}}],"collection":[{"href":"https:\/\/ses-creative.com\/de\/wp-json\/wp\/v2\/product"}],"about":[{"href":"https:\/\/ses-creative.com\/de\/wp-json\/wp\/v2\/types\/product"}],"replies":[{"embeddable":true,"href":"https:\/\/ses-creative.com\/de\/wp-json\/wp\/v2\/comments?post=114745"}],"wp:featuredmedia":[{"embeddable":true,"href":"https:\/\/ses-creative.com\/de\/wp-json\/wp\/v2\/media\/103436"}],"wp:attachment":[{"href":"https:\/\/ses-creative.com\/de\/wp-json\/wp\/v2\/media?parent=114745"}],"wp:term":[{"taxonomy":"product_brand","embeddable":true,"href":"https:\/\/ses-creative.com\/de\/wp-json\/wp\/v2\/product_brand?post=114745"},{"taxonomy":"product_cat","embeddable":true,"href":"https:\/\/ses-creative.com\/de\/wp-json\/wp\/v2\/product_cat?post=114745"},{"taxonomy":"product_tag","embeddable":true,"href":"https:\/\/ses-creative.com\/de\/wp-json\/wp\/v2\/product_tag?post=114745"}],"curies":[{"name":"wp","href":"https:\/\/api.w.org\/{rel}","templated":true}]}}