











{"id":114743,"date":"2026-02-05T13:52:50","date_gmt":"2026-02-05T13:52:50","guid":{"rendered":"https:\/\/ses-creative.com\/?post_type=product&#038;p=114743"},"modified":"2026-02-06T09:51:43","modified_gmt":"2026-02-06T09:51:43","slug":"my-first-zaubertafel-4-farben","status":"publish","type":"product","link":"https:\/\/ses-creative.com\/de\/produkt\/my-first-zaubertafel-4-farben\/","title":{"rendered":"My first &#8211; Zaubertafel 4 Farben"},"content":{"rendered":"<p>My First \u2013 Magnetische Maltafel 4 Farben<\/p>\n<p>Speziell f\u00fcr die allerersten Malerfahrungen! Mit dieser magnetischen Maltafel entdecken Kinder ab 12 Monaten die Magie des Malens in vier fr\u00f6hlichen Farben. Gestalte immer wieder neue Kunstwerke, l\u00f6sche sie einfach mit dem Schieber und beginne sofort von vorn.<\/p>\n<p>Warum dieses Set gro\u00dfartig ist<\/p>\n<p>Perfekt f\u00fcr Kleinkinder: sicheres Design ohne Kleinteile oder scharfe Kanten.<\/p>\n<p>Entdecke und kombiniere 4 Farben f\u00fcr endlosen Malspa\u00df.<\/p>\n<p>Kein Papier, keine Stifte, kein Durcheinander: malen, l\u00f6schen und neu anfangen.<\/p>\n<p>F\u00f6rdert Feinmotorik, Hand-Auge-Koordination und Kreativit\u00e4t.<\/p>\n<p>Kompakt, leicht und mit Griff: ideal f\u00fcr zu Hause und unterwegs.<\/p>\n<p>Malspa\u00df \u00fcberall<br \/>\nMit My First \u2013 Magnetische Maltafel 4 Farben k\u00f6nnen kleine Kinder \u00fcberall kreativ sein. Zu Hause am Tisch, unterwegs im Auto oder im Urlaub: die Tafel ist immer bereit f\u00fcr ein neues Bild. Das Malen und Stempeln ist einfach und macht Spa\u00df, und das Ergebnis verschwindet mit einem Wisch, sodass immer Platz f\u00fcr die n\u00e4chste Idee ist.<\/p>\n<p>Inhalt des Sets<\/p>\n<p>Magnetische Maltafel (4-farbig)<\/p>\n<p>Stift<\/p>\n<p>Zwei Formstempel<\/p>\n<p>Warum SES Creative w\u00e4hlen<br \/>\nBei SES Creative steht Sicherheit an erster Stelle. Deshalb werden die Produkte in unserer Fabrik in den Niederlanden hergestellt und nach den strengsten europ\u00e4ischen Sicherheitsnormen gepr\u00fcft. SES Creative Spielzeug macht Spa\u00df und ist so gestaltet, dass Kinder stolz auf ihre Werke sein k\u00f6nnen, was Kreativit\u00e4t und Entwicklung f\u00f6rdert.<\/p>\n<p>Geben Sie kleinen K\u00fcnstlern einen tollen Start mit endlosem Malspa\u00df!<\/p>\n","protected":false},"excerpt":{"rendered":"<p>My First \u2013 Magnetische Maltafel 4 Farben Speziell f\u00fcr die allerersten Malerfahrungen! Mit dieser magnetischen Maltafel entdecken Kinder ab 12 Monaten die Magie des Malens in vier fr\u00f6hlichen Farben. Gestalte immer wieder neue Kunstwerke, l\u00f6sche sie einfach mit dem Schieber und beginne sofort von vorn. Warum dieses Set gro\u00dfartig ist Perfekt f\u00fcr Kleinkinder: sicheres Design [&hellip;]<\/p>\n","protected":false},"featured_media":107533,"comment_status":"closed","ping_status":"closed","template":"","meta":{"_acf_changed":false},"product_brand":[],"product_cat":[116],"product_tag":[],"class_list":{"0":"post-114743","1":"product","2":"type-product","3":"status-publish","4":"has-post-thumbnail","6":"product_cat-baby-kleinkind","7":"pa_leeftijd-filter-0-2-jahre","8":"pa_meest-populair-bij-jungen-maedchen","10":"first","11":"instock","12":"shipping-taxable","13":"product-type-simple"},"acf":[],"yoast_head":"<!-- This site is optimized with the Yoast SEO plugin v27.2 - https:\/\/yoast.com\/product\/yoast-seo-wordpress\/ -->\n<title>My first - Zaubertafel 4 Farben - SES Creative<\/title>\n<meta name=\"robots\" content=\"index, follow, max-snippet:-1, max-image-preview:large, max-video-preview:-1\" \/>\n<link rel=\"canonical\" href=\"https:\/\/ses-creative.com\/de\/produkt\/my-first-zaubertafel-4-farben\/\" \/>\n<meta property=\"og:locale\" content=\"de_DE\" \/>\n<meta property=\"og:type\" content=\"article\" \/>\n<meta property=\"og:title\" content=\"My first - Zaubertafel 4 Farben - SES Creative\" \/>\n<meta property=\"og:description\" content=\"My First \u2013 Magnetische Maltafel 4 Farben Speziell f\u00fcr die allerersten Malerfahrungen! Mit dieser magnetischen Maltafel entdecken Kinder ab 12 Monaten die Magie des Malens in vier fr\u00f6hlichen Farben. Gestalte immer wieder neue Kunstwerke, l\u00f6sche sie einfach mit dem Schieber und beginne sofort von vorn. Warum dieses Set gro\u00dfartig ist Perfekt f\u00fcr Kleinkinder: sicheres Design [&hellip;]\" \/>\n<meta property=\"og:url\" content=\"https:\/\/ses-creative.com\/de\/produkt\/my-first-zaubertafel-4-farben\/\" \/>\n<meta property=\"og:site_name\" content=\"SES Creative\" \/>\n<meta property=\"article:modified_time\" content=\"2026-02-06T09:51:43+00:00\" \/>\n<meta name=\"twitter:card\" content=\"summary_large_image\" \/>\n<meta name=\"twitter:label1\" content=\"Gesch\u00e4tzte Lesezeit\" \/>\n\t<meta name=\"twitter:data1\" content=\"1\u00a0Minute\" \/>\n<script type=\"application\/ld+json\" class=\"yoast-schema-graph\">{\"@context\":\"https:\/\/schema.org\",\"@graph\":[{\"@type\":\"WebPage\",\"@id\":\"https:\/\/ses-creative.com\/de\/produkt\/my-first-zaubertafel-4-farben\/\",\"url\":\"https:\/\/ses-creative.com\/de\/produkt\/my-first-zaubertafel-4-farben\/\",\"name\":\"My first - Zaubertafel 4 Farben - SES Creative\",\"isPartOf\":{\"@id\":\"https:\/\/ses-creative.com\/#website\"},\"primaryImageOfPage\":{\"@id\":\"https:\/\/ses-creative.com\/de\/produkt\/my-first-zaubertafel-4-farben\/#primaryimage\"},\"image\":{\"@id\":\"https:\/\/ses-creative.com\/de\/produkt\/my-first-zaubertafel-4-farben\/#primaryimage\"},\"thumbnailUrl\":\"https:\/\/ses-creative.com\/wp-content\/uploads\/2026\/01\/144791-1.jpg\",\"datePublished\":\"2026-02-05T13:52:50+00:00\",\"dateModified\":\"2026-02-06T09:51:43+00:00\",\"breadcrumb\":{\"@id\":\"https:\/\/ses-creative.com\/de\/produkt\/my-first-zaubertafel-4-farben\/#breadcrumb\"},\"inLanguage\":\"de\",\"potentialAction\":[{\"@type\":\"ReadAction\",\"target\":[\"https:\/\/ses-creative.com\/de\/produkt\/my-first-zaubertafel-4-farben\/\"]}]},{\"@type\":\"ImageObject\",\"inLanguage\":\"de\",\"@id\":\"https:\/\/ses-creative.com\/de\/produkt\/my-first-zaubertafel-4-farben\/#primaryimage\",\"url\":\"https:\/\/ses-creative.com\/wp-content\/uploads\/2026\/01\/144791-1.jpg\",\"contentUrl\":\"https:\/\/ses-creative.com\/wp-content\/uploads\/2026\/01\/144791-1.jpg\",\"width\":1000,\"height\":1000},{\"@type\":\"BreadcrumbList\",\"@id\":\"https:\/\/ses-creative.com\/de\/produkt\/my-first-zaubertafel-4-farben\/#breadcrumb\",\"itemListElement\":[{\"@type\":\"ListItem\",\"position\":1,\"name\":\"Shop\",\"item\":\"https:\/\/ses-creative.com\/de\/shop\/\"},{\"@type\":\"ListItem\",\"position\":2,\"name\":\"Baby &amp; Kleinkind\",\"item\":\"https:\/\/ses-creative.com\/de\/product-categorie\/baby-kleinkind\/\"},{\"@type\":\"ListItem\",\"position\":3,\"name\":\"My first &#8211; Zaubertafel 4 Farben\"}]},{\"@type\":\"WebSite\",\"@id\":\"https:\/\/ses-creative.com\/#website\",\"url\":\"https:\/\/ses-creative.com\/\",\"name\":\"SES Creative\",\"description\":\"\",\"publisher\":{\"@id\":\"https:\/\/ses-creative.com\/#organization\"},\"potentialAction\":[{\"@type\":\"SearchAction\",\"target\":{\"@type\":\"EntryPoint\",\"urlTemplate\":\"https:\/\/ses-creative.com\/?s={search_term_string}\"},\"query-input\":{\"@type\":\"PropertyValueSpecification\",\"valueRequired\":true,\"valueName\":\"search_term_string\"}}],\"inLanguage\":\"de\"},{\"@type\":\"Organization\",\"@id\":\"https:\/\/ses-creative.com\/#organization\",\"name\":\"SES Creative\",\"url\":\"https:\/\/ses-creative.com\/\",\"logo\":{\"@type\":\"ImageObject\",\"inLanguage\":\"de\",\"@id\":\"https:\/\/ses-creative.com\/#\/schema\/logo\/image\/\",\"url\":\"https:\/\/ses-creative.com\/wp-content\/uploads\/2025\/10\/ses-creative-logo.jpg\",\"contentUrl\":\"https:\/\/ses-creative.com\/wp-content\/uploads\/2025\/10\/ses-creative-logo.jpg\",\"width\":2037,\"height\":2037,\"caption\":\"SES Creative\"},\"image\":{\"@id\":\"https:\/\/ses-creative.com\/#\/schema\/logo\/image\/\"}}]}<\/script>\n<!-- \/ Yoast SEO plugin. -->","yoast_head_json":{"title":"My first - Zaubertafel 4 Farben - SES Creative","robots":{"index":"index","follow":"follow","max-snippet":"max-snippet:-1","max-image-preview":"max-image-preview:large","max-video-preview":"max-video-preview:-1"},"canonical":"https:\/\/ses-creative.com\/de\/produkt\/my-first-zaubertafel-4-farben\/","og_locale":"de_DE","og_type":"article","og_title":"My first - Zaubertafel 4 Farben - SES Creative","og_description":"My First \u2013 Magnetische Maltafel 4 Farben Speziell f\u00fcr die allerersten Malerfahrungen! Mit dieser magnetischen Maltafel entdecken Kinder ab 12 Monaten die Magie des Malens in vier fr\u00f6hlichen Farben. Gestalte immer wieder neue Kunstwerke, l\u00f6sche sie einfach mit dem Schieber und beginne sofort von vorn. Warum dieses Set gro\u00dfartig ist Perfekt f\u00fcr Kleinkinder: sicheres Design [&hellip;]","og_url":"https:\/\/ses-creative.com\/de\/produkt\/my-first-zaubertafel-4-farben\/","og_site_name":"SES Creative","article_modified_time":"2026-02-06T09:51:43+00:00","twitter_card":"summary_large_image","twitter_misc":{"Gesch\u00e4tzte Lesezeit":"1\u00a0Minute"},"schema":{"@context":"https:\/\/schema.org","@graph":[{"@type":"WebPage","@id":"https:\/\/ses-creative.com\/de\/produkt\/my-first-zaubertafel-4-farben\/","url":"https:\/\/ses-creative.com\/de\/produkt\/my-first-zaubertafel-4-farben\/","name":"My first - Zaubertafel 4 Farben - SES Creative","isPartOf":{"@id":"https:\/\/ses-creative.com\/#website"},"primaryImageOfPage":{"@id":"https:\/\/ses-creative.com\/de\/produkt\/my-first-zaubertafel-4-farben\/#primaryimage"},"image":{"@id":"https:\/\/ses-creative.com\/de\/produkt\/my-first-zaubertafel-4-farben\/#primaryimage"},"thumbnailUrl":"https:\/\/ses-creative.com\/wp-content\/uploads\/2026\/01\/144791-1.jpg","datePublished":"2026-02-05T13:52:50+00:00","dateModified":"2026-02-06T09:51:43+00:00","breadcrumb":{"@id":"https:\/\/ses-creative.com\/de\/produkt\/my-first-zaubertafel-4-farben\/#breadcrumb"},"inLanguage":"de","potentialAction":[{"@type":"ReadAction","target":["https:\/\/ses-creative.com\/de\/produkt\/my-first-zaubertafel-4-farben\/"]}]},{"@type":"ImageObject","inLanguage":"de","@id":"https:\/\/ses-creative.com\/de\/produkt\/my-first-zaubertafel-4-farben\/#primaryimage","url":"https:\/\/ses-creative.com\/wp-content\/uploads\/2026\/01\/144791-1.jpg","contentUrl":"https:\/\/ses-creative.com\/wp-content\/uploads\/2026\/01\/144791-1.jpg","width":1000,"height":1000},{"@type":"BreadcrumbList","@id":"https:\/\/ses-creative.com\/de\/produkt\/my-first-zaubertafel-4-farben\/#breadcrumb","itemListElement":[{"@type":"ListItem","position":1,"name":"Shop","item":"https:\/\/ses-creative.com\/de\/shop\/"},{"@type":"ListItem","position":2,"name":"Baby &amp; Kleinkind","item":"https:\/\/ses-creative.com\/de\/product-categorie\/baby-kleinkind\/"},{"@type":"ListItem","position":3,"name":"My first &#8211; Zaubertafel 4 Farben"}]},{"@type":"WebSite","@id":"https:\/\/ses-creative.com\/#website","url":"https:\/\/ses-creative.com\/","name":"SES Creative","description":"","publisher":{"@id":"https:\/\/ses-creative.com\/#organization"},"potentialAction":[{"@type":"SearchAction","target":{"@type":"EntryPoint","urlTemplate":"https:\/\/ses-creative.com\/?s={search_term_string}"},"query-input":{"@type":"PropertyValueSpecification","valueRequired":true,"valueName":"search_term_string"}}],"inLanguage":"de"},{"@type":"Organization","@id":"https:\/\/ses-creative.com\/#organization","name":"SES Creative","url":"https:\/\/ses-creative.com\/","logo":{"@type":"ImageObject","inLanguage":"de","@id":"https:\/\/ses-creative.com\/#\/schema\/logo\/image\/","url":"https:\/\/ses-creative.com\/wp-content\/uploads\/2025\/10\/ses-creative-logo.jpg","contentUrl":"https:\/\/ses-creative.com\/wp-content\/uploads\/2025\/10\/ses-creative-logo.jpg","width":2037,"height":2037,"caption":"SES Creative"},"image":{"@id":"https:\/\/ses-creative.com\/#\/schema\/logo\/image\/"}}]}},"_links":{"self":[{"href":"https:\/\/ses-creative.com\/de\/wp-json\/wp\/v2\/product\/114743","targetHints":{"allow":["GET"]}}],"collection":[{"href":"https:\/\/ses-creative.com\/de\/wp-json\/wp\/v2\/product"}],"about":[{"href":"https:\/\/ses-creative.com\/de\/wp-json\/wp\/v2\/types\/product"}],"replies":[{"embeddable":true,"href":"https:\/\/ses-creative.com\/de\/wp-json\/wp\/v2\/comments?post=114743"}],"wp:featuredmedia":[{"embeddable":true,"href":"https:\/\/ses-creative.com\/de\/wp-json\/wp\/v2\/media\/107533"}],"wp:attachment":[{"href":"https:\/\/ses-creative.com\/de\/wp-json\/wp\/v2\/media?parent=114743"}],"wp:term":[{"taxonomy":"product_brand","embeddable":true,"href":"https:\/\/ses-creative.com\/de\/wp-json\/wp\/v2\/product_brand?post=114743"},{"taxonomy":"product_cat","embeddable":true,"href":"https:\/\/ses-creative.com\/de\/wp-json\/wp\/v2\/product_cat?post=114743"},{"taxonomy":"product_tag","embeddable":true,"href":"https:\/\/ses-creative.com\/de\/wp-json\/wp\/v2\/product_tag?post=114743"}],"curies":[{"name":"wp","href":"https:\/\/api.w.org\/{rel}","templated":true}]}}