











{"id":114742,"date":"2026-02-05T13:52:50","date_gmt":"2026-02-05T13:52:50","guid":{"rendered":"https:\/\/ses-creative.com\/?post_type=product&#038;p=114742"},"modified":"2026-02-06T09:51:43","modified_gmt":"2026-02-06T09:51:43","slug":"my-first-glitzer-sticker","status":"publish","type":"product","link":"https:\/\/ses-creative.com\/de\/produkt\/my-first-glitzer-sticker\/","title":{"rendered":"My first &#8211; Glitzer Sticker"},"content":{"rendered":"<p>My First \u2013 Glitzer-Sticker<\/p>\n<p>Mit diesem fr\u00f6hlichen Set entdecken Kinder ab 1 Jahr, wie viel Spa\u00df Kleben machen kann. Die gro\u00dfen, sicheren Glitzer-Sticker sind leicht zu greifen und auf die bunten Illustrationen zu platzieren. So dekorieren sie die Karten ganz allein und gestalten einzigartige, funkelnde Kunstwerke.<\/p>\n<p>Warum dieses Set gro\u00dfartig ist<\/p>\n<p>Gro\u00dfe Glitzer-Sticker, sicher f\u00fcr die Kleinsten.<\/p>\n<p>Acht fr\u00f6hlich illustrierte Karten mit verschiedenen Motiven.<\/p>\n<p>Wundersch\u00f6ne Dekorationen mit schimmernden Stickern selbst gestalten.<\/p>\n<p>Kleben Sie die Aufkleber auf die Karten.<br \/>\nF\u00f6rdert Kreativit\u00e4t und Farberkennung.<\/p>\n<p>Klebspa\u00df f\u00fcr kleine H\u00e4nde<br \/>\nMit My First \u2013 Glitzer-Sticker genie\u00dfen Kleinkinder endlosen Klebespa\u00df. Sie lernen Formen und Farben zu erkennen, w\u00e4hrend sie die Karten verzieren. Das einfache, farbenfrohe Material macht jeden Moment spa\u00dfig und lehrreich \u2013 zu Hause oder als ruhiges Spiel unterwegs.<\/p>\n<p>Inhalt des Sets<\/p>\n<p>8 fr\u00f6hliche Collagekarten<\/p>\n<p>60 runde Glitzer-Sticker<\/p>\n<p>Warum SES Creative w\u00e4hlen<br \/>\nBei SES Creative ist Sicherheit sehr wichtig. Deshalb werden die Produkte in unserer Fabrik in den Niederlanden hergestellt und nach den strengsten europ\u00e4ischen Sicherheitsnormen gepr\u00fcft. SES Creative Spielzeug sorgt f\u00fcr Spa\u00df und ist so gestaltet, dass Kinder stolz auf ihre Werke sein k\u00f6nnen, was Kreativit\u00e4t und Entwicklung f\u00f6rdert.<\/p>\n<p>Lassen Sie kleine K\u00fcnstler mit ihren ersten Glitzerkreationen strahlen!<\/p>\n","protected":false},"excerpt":{"rendered":"<p>My First \u2013 Glitzer-Sticker Mit diesem fr\u00f6hlichen Set entdecken Kinder ab 1 Jahr, wie viel Spa\u00df Kleben machen kann. Die gro\u00dfen, sicheren Glitzer-Sticker sind leicht zu greifen und auf die bunten Illustrationen zu platzieren. So dekorieren sie die Karten ganz allein und gestalten einzigartige, funkelnde Kunstwerke. Warum dieses Set gro\u00dfartig ist Gro\u00dfe Glitzer-Sticker, sicher f\u00fcr [&hellip;]<\/p>\n","protected":false},"featured_media":107528,"comment_status":"closed","ping_status":"closed","template":"","meta":{"_acf_changed":false},"product_brand":[],"product_cat":[116],"product_tag":[],"class_list":{"0":"post-114742","1":"product","2":"type-product","3":"status-publish","4":"has-post-thumbnail","6":"product_cat-baby-kleinkind","7":"pa_leeftijd-filter-0-2-jahre","8":"pa_meest-populair-bij-jungen-maedchen","10":"first","11":"instock","12":"shipping-taxable","13":"product-type-simple"},"acf":[],"yoast_head":"<!-- This site is optimized with the Yoast SEO plugin v27.2 - https:\/\/yoast.com\/product\/yoast-seo-wordpress\/ -->\n<title>My first - Glitzer Sticker - SES Creative<\/title>\n<meta name=\"robots\" content=\"index, follow, max-snippet:-1, max-image-preview:large, max-video-preview:-1\" \/>\n<link rel=\"canonical\" href=\"https:\/\/ses-creative.com\/de\/produkt\/my-first-glitzer-sticker\/\" \/>\n<meta property=\"og:locale\" content=\"de_DE\" \/>\n<meta property=\"og:type\" content=\"article\" \/>\n<meta property=\"og:title\" content=\"My first - Glitzer Sticker - SES Creative\" \/>\n<meta property=\"og:description\" content=\"My First \u2013 Glitzer-Sticker Mit diesem fr\u00f6hlichen Set entdecken Kinder ab 1 Jahr, wie viel Spa\u00df Kleben machen kann. Die gro\u00dfen, sicheren Glitzer-Sticker sind leicht zu greifen und auf die bunten Illustrationen zu platzieren. So dekorieren sie die Karten ganz allein und gestalten einzigartige, funkelnde Kunstwerke. Warum dieses Set gro\u00dfartig ist Gro\u00dfe Glitzer-Sticker, sicher f\u00fcr [&hellip;]\" \/>\n<meta property=\"og:url\" content=\"https:\/\/ses-creative.com\/de\/produkt\/my-first-glitzer-sticker\/\" \/>\n<meta property=\"og:site_name\" content=\"SES Creative\" \/>\n<meta property=\"article:modified_time\" content=\"2026-02-06T09:51:43+00:00\" \/>\n<meta name=\"twitter:card\" content=\"summary_large_image\" \/>\n<meta name=\"twitter:label1\" content=\"Gesch\u00e4tzte Lesezeit\" \/>\n\t<meta name=\"twitter:data1\" content=\"1\u00a0Minute\" \/>\n<script type=\"application\/ld+json\" class=\"yoast-schema-graph\">{\"@context\":\"https:\/\/schema.org\",\"@graph\":[{\"@type\":\"WebPage\",\"@id\":\"https:\/\/ses-creative.com\/de\/produkt\/my-first-glitzer-sticker\/\",\"url\":\"https:\/\/ses-creative.com\/de\/produkt\/my-first-glitzer-sticker\/\",\"name\":\"My first - Glitzer Sticker - SES Creative\",\"isPartOf\":{\"@id\":\"https:\/\/ses-creative.com\/#website\"},\"primaryImageOfPage\":{\"@id\":\"https:\/\/ses-creative.com\/de\/produkt\/my-first-glitzer-sticker\/#primaryimage\"},\"image\":{\"@id\":\"https:\/\/ses-creative.com\/de\/produkt\/my-first-glitzer-sticker\/#primaryimage\"},\"thumbnailUrl\":\"https:\/\/ses-creative.com\/wp-content\/uploads\/2026\/01\/144771-1.jpg\",\"datePublished\":\"2026-02-05T13:52:50+00:00\",\"dateModified\":\"2026-02-06T09:51:43+00:00\",\"breadcrumb\":{\"@id\":\"https:\/\/ses-creative.com\/de\/produkt\/my-first-glitzer-sticker\/#breadcrumb\"},\"inLanguage\":\"de\",\"potentialAction\":[{\"@type\":\"ReadAction\",\"target\":[\"https:\/\/ses-creative.com\/de\/produkt\/my-first-glitzer-sticker\/\"]}]},{\"@type\":\"ImageObject\",\"inLanguage\":\"de\",\"@id\":\"https:\/\/ses-creative.com\/de\/produkt\/my-first-glitzer-sticker\/#primaryimage\",\"url\":\"https:\/\/ses-creative.com\/wp-content\/uploads\/2026\/01\/144771-1.jpg\",\"contentUrl\":\"https:\/\/ses-creative.com\/wp-content\/uploads\/2026\/01\/144771-1.jpg\",\"width\":1000,\"height\":1000},{\"@type\":\"BreadcrumbList\",\"@id\":\"https:\/\/ses-creative.com\/de\/produkt\/my-first-glitzer-sticker\/#breadcrumb\",\"itemListElement\":[{\"@type\":\"ListItem\",\"position\":1,\"name\":\"Shop\",\"item\":\"https:\/\/ses-creative.com\/de\/shop\/\"},{\"@type\":\"ListItem\",\"position\":2,\"name\":\"Baby &amp; Kleinkind\",\"item\":\"https:\/\/ses-creative.com\/de\/product-categorie\/baby-kleinkind\/\"},{\"@type\":\"ListItem\",\"position\":3,\"name\":\"My first &#8211; Glitzer Sticker\"}]},{\"@type\":\"WebSite\",\"@id\":\"https:\/\/ses-creative.com\/#website\",\"url\":\"https:\/\/ses-creative.com\/\",\"name\":\"SES Creative\",\"description\":\"\",\"publisher\":{\"@id\":\"https:\/\/ses-creative.com\/#organization\"},\"potentialAction\":[{\"@type\":\"SearchAction\",\"target\":{\"@type\":\"EntryPoint\",\"urlTemplate\":\"https:\/\/ses-creative.com\/?s={search_term_string}\"},\"query-input\":{\"@type\":\"PropertyValueSpecification\",\"valueRequired\":true,\"valueName\":\"search_term_string\"}}],\"inLanguage\":\"de\"},{\"@type\":\"Organization\",\"@id\":\"https:\/\/ses-creative.com\/#organization\",\"name\":\"SES Creative\",\"url\":\"https:\/\/ses-creative.com\/\",\"logo\":{\"@type\":\"ImageObject\",\"inLanguage\":\"de\",\"@id\":\"https:\/\/ses-creative.com\/#\/schema\/logo\/image\/\",\"url\":\"https:\/\/ses-creative.com\/wp-content\/uploads\/2025\/10\/ses-creative-logo.jpg\",\"contentUrl\":\"https:\/\/ses-creative.com\/wp-content\/uploads\/2025\/10\/ses-creative-logo.jpg\",\"width\":2037,\"height\":2037,\"caption\":\"SES Creative\"},\"image\":{\"@id\":\"https:\/\/ses-creative.com\/#\/schema\/logo\/image\/\"}}]}<\/script>\n<!-- \/ Yoast SEO plugin. -->","yoast_head_json":{"title":"My first - Glitzer Sticker - SES Creative","robots":{"index":"index","follow":"follow","max-snippet":"max-snippet:-1","max-image-preview":"max-image-preview:large","max-video-preview":"max-video-preview:-1"},"canonical":"https:\/\/ses-creative.com\/de\/produkt\/my-first-glitzer-sticker\/","og_locale":"de_DE","og_type":"article","og_title":"My first - Glitzer Sticker - SES Creative","og_description":"My First \u2013 Glitzer-Sticker Mit diesem fr\u00f6hlichen Set entdecken Kinder ab 1 Jahr, wie viel Spa\u00df Kleben machen kann. Die gro\u00dfen, sicheren Glitzer-Sticker sind leicht zu greifen und auf die bunten Illustrationen zu platzieren. So dekorieren sie die Karten ganz allein und gestalten einzigartige, funkelnde Kunstwerke. Warum dieses Set gro\u00dfartig ist Gro\u00dfe Glitzer-Sticker, sicher f\u00fcr [&hellip;]","og_url":"https:\/\/ses-creative.com\/de\/produkt\/my-first-glitzer-sticker\/","og_site_name":"SES Creative","article_modified_time":"2026-02-06T09:51:43+00:00","twitter_card":"summary_large_image","twitter_misc":{"Gesch\u00e4tzte Lesezeit":"1\u00a0Minute"},"schema":{"@context":"https:\/\/schema.org","@graph":[{"@type":"WebPage","@id":"https:\/\/ses-creative.com\/de\/produkt\/my-first-glitzer-sticker\/","url":"https:\/\/ses-creative.com\/de\/produkt\/my-first-glitzer-sticker\/","name":"My first - Glitzer Sticker - SES Creative","isPartOf":{"@id":"https:\/\/ses-creative.com\/#website"},"primaryImageOfPage":{"@id":"https:\/\/ses-creative.com\/de\/produkt\/my-first-glitzer-sticker\/#primaryimage"},"image":{"@id":"https:\/\/ses-creative.com\/de\/produkt\/my-first-glitzer-sticker\/#primaryimage"},"thumbnailUrl":"https:\/\/ses-creative.com\/wp-content\/uploads\/2026\/01\/144771-1.jpg","datePublished":"2026-02-05T13:52:50+00:00","dateModified":"2026-02-06T09:51:43+00:00","breadcrumb":{"@id":"https:\/\/ses-creative.com\/de\/produkt\/my-first-glitzer-sticker\/#breadcrumb"},"inLanguage":"de","potentialAction":[{"@type":"ReadAction","target":["https:\/\/ses-creative.com\/de\/produkt\/my-first-glitzer-sticker\/"]}]},{"@type":"ImageObject","inLanguage":"de","@id":"https:\/\/ses-creative.com\/de\/produkt\/my-first-glitzer-sticker\/#primaryimage","url":"https:\/\/ses-creative.com\/wp-content\/uploads\/2026\/01\/144771-1.jpg","contentUrl":"https:\/\/ses-creative.com\/wp-content\/uploads\/2026\/01\/144771-1.jpg","width":1000,"height":1000},{"@type":"BreadcrumbList","@id":"https:\/\/ses-creative.com\/de\/produkt\/my-first-glitzer-sticker\/#breadcrumb","itemListElement":[{"@type":"ListItem","position":1,"name":"Shop","item":"https:\/\/ses-creative.com\/de\/shop\/"},{"@type":"ListItem","position":2,"name":"Baby &amp; Kleinkind","item":"https:\/\/ses-creative.com\/de\/product-categorie\/baby-kleinkind\/"},{"@type":"ListItem","position":3,"name":"My first &#8211; Glitzer Sticker"}]},{"@type":"WebSite","@id":"https:\/\/ses-creative.com\/#website","url":"https:\/\/ses-creative.com\/","name":"SES Creative","description":"","publisher":{"@id":"https:\/\/ses-creative.com\/#organization"},"potentialAction":[{"@type":"SearchAction","target":{"@type":"EntryPoint","urlTemplate":"https:\/\/ses-creative.com\/?s={search_term_string}"},"query-input":{"@type":"PropertyValueSpecification","valueRequired":true,"valueName":"search_term_string"}}],"inLanguage":"de"},{"@type":"Organization","@id":"https:\/\/ses-creative.com\/#organization","name":"SES Creative","url":"https:\/\/ses-creative.com\/","logo":{"@type":"ImageObject","inLanguage":"de","@id":"https:\/\/ses-creative.com\/#\/schema\/logo\/image\/","url":"https:\/\/ses-creative.com\/wp-content\/uploads\/2025\/10\/ses-creative-logo.jpg","contentUrl":"https:\/\/ses-creative.com\/wp-content\/uploads\/2025\/10\/ses-creative-logo.jpg","width":2037,"height":2037,"caption":"SES Creative"},"image":{"@id":"https:\/\/ses-creative.com\/#\/schema\/logo\/image\/"}}]}},"_links":{"self":[{"href":"https:\/\/ses-creative.com\/de\/wp-json\/wp\/v2\/product\/114742","targetHints":{"allow":["GET"]}}],"collection":[{"href":"https:\/\/ses-creative.com\/de\/wp-json\/wp\/v2\/product"}],"about":[{"href":"https:\/\/ses-creative.com\/de\/wp-json\/wp\/v2\/types\/product"}],"replies":[{"embeddable":true,"href":"https:\/\/ses-creative.com\/de\/wp-json\/wp\/v2\/comments?post=114742"}],"wp:featuredmedia":[{"embeddable":true,"href":"https:\/\/ses-creative.com\/de\/wp-json\/wp\/v2\/media\/107528"}],"wp:attachment":[{"href":"https:\/\/ses-creative.com\/de\/wp-json\/wp\/v2\/media?parent=114742"}],"wp:term":[{"taxonomy":"product_brand","embeddable":true,"href":"https:\/\/ses-creative.com\/de\/wp-json\/wp\/v2\/product_brand?post=114742"},{"taxonomy":"product_cat","embeddable":true,"href":"https:\/\/ses-creative.com\/de\/wp-json\/wp\/v2\/product_cat?post=114742"},{"taxonomy":"product_tag","embeddable":true,"href":"https:\/\/ses-creative.com\/de\/wp-json\/wp\/v2\/product_tag?post=114742"}],"curies":[{"name":"wp","href":"https:\/\/api.w.org\/{rel}","templated":true}]}}