











{"id":114741,"date":"2026-02-05T13:52:50","date_gmt":"2026-02-05T13:52:50","guid":{"rendered":"https:\/\/ses-creative.com\/?post_type=product&#038;p=114741"},"modified":"2026-02-06T09:51:43","modified_gmt":"2026-02-06T09:51:43","slug":"mein-erstes-poster-mit-aufklebern-haus","status":"publish","type":"product","link":"https:\/\/ses-creative.com\/de\/produkt\/mein-erstes-poster-mit-aufklebern-haus\/","title":{"rendered":"Mein erstes Poster mit Aufklebern &#8211; Haus"},"content":{"rendered":"<p>Verwandeln Sie die Fantasie Ihres Kindes in ein Meisterwerk mit Mein erstes Poster mit Stickern!<br \/>\nDieses lustige Poster-Set ist perfekt f\u00fcr kleine Kinder, die gerne basteln und dekorieren. Mit einem fr\u00f6hlichen Posterhaus und vielen Stickern kann das Haus Ihrer Tr\u00e4ume eingerichtet werden. M\u00f6bel, Pflanzen, Haustiere und vieles mehr! Sind Sie bereit f\u00fcr Ihr erstes Poster? Es ist die ultimative M\u00f6glichkeit, die Kreativit\u00e4t Ihres Kleinkindes zum Strahlen zu bringen und endlosen Spa\u00df zu haben.<br \/>\nWas dieses Set so toll macht<br \/>\n&#8211;    Nicht weniger als 100 Sticker mit M\u00f6beln, Tieren, Dekorationen und mehr<br \/>\n&#8211;    Das Einrichten und Dekorieren des Hauses f\u00f6rdert die Kreativit\u00e4t und Fantasie<br \/>\n&#8211;    Die Aufkleber lassen sich leicht anbringen und sorgen f\u00fcr eine fr\u00f6hliche Atmosph\u00e4re auf dem Poster<br \/>\n&#8211;    Die Aufkleber sind aus Papier und somit absolut sicher<br \/>\n&#8211;    Geeignet f\u00fcr Kinder ab 1 Jahr<br \/>\nLassen Sie Ihr Traumhaus zum Leben erwecken<br \/>\nDiese Aktivit\u00e4t macht nicht nur Spa\u00df, sondern f\u00f6rdert auch wichtige Entwicklungsf\u00e4higkeiten wie Hand-Augen-Koordination, Feinmotorik und kreatives Denken. Perfekt f\u00fcr regnerische Bastelnachmittage, ruhige Spielzeiten oder zum Teilen mit Freunden. Mein erstes Poster mit Aufklebern erm\u00f6glicht es Kindern, ihren einzigartigen Stil zum Ausdruck zu bringen. Dieses Set ist eine gro\u00dfartige M\u00f6glichkeit, k\u00fcnstlerisches Selbstvertrauen und Kreativit\u00e4t zu f\u00f6rdern.<br \/>\nInhalt des Sets<br \/>\n&#8211;    Gro\u00dfes Poster mit einem Haus<br \/>\n&#8211;    100 Aufkleber zum Dekorieren des Hauses<br \/>\nWarum SES Creative w\u00e4hlen?<br \/>\nBei SES Creative legen wir gro\u00dfen Wert auf Sicherheit. Deshalb werden die Produkte in der Fabrik in den Niederlanden nach den strengsten europ\u00e4ischen Sicherheitsstandards hergestellt und getestet. Spielzeug von SES Creative sorgt f\u00fcr Spa\u00df und zielt darauf ab, dass Kinder stolz auf ihre Arbeit sein k\u00f6nnen, was ihre Kreativit\u00e4t und Entwicklung f\u00f6rdert.<br \/>\nLassen Sie Ihr Kind mit \u201eMein erstes Poster mit Aufklebern\u201d in die Welt der Aufkleber und Fantasie eintauchen.<br \/>\nEs ist eine spannende, bildschirmfreie Aktivit\u00e4t, die stundenlangen Spa\u00df und Kreativit\u00e4t bietet. Sehen Sie zu, wie ihre Ideen zum Leben erweckt werden und sich in ein pers\u00f6nliches Kunstwerk verwandeln, das sie stolz pr\u00e4sentieren k\u00f6nnen!<\/p>\n","protected":false},"excerpt":{"rendered":"<p>Verwandeln Sie die Fantasie Ihres Kindes in ein Meisterwerk mit Mein erstes Poster mit Stickern! Dieses lustige Poster-Set ist perfekt f\u00fcr kleine Kinder, die gerne basteln und dekorieren. Mit einem fr\u00f6hlichen Posterhaus und vielen Stickern kann das Haus Ihrer Tr\u00e4ume eingerichtet werden. M\u00f6bel, Pflanzen, Haustiere und vieles mehr! Sind Sie bereit f\u00fcr Ihr erstes Poster? [&hellip;]<\/p>\n","protected":false},"featured_media":103356,"comment_status":"closed","ping_status":"closed","template":"","meta":{"_acf_changed":false},"product_brand":[],"product_cat":[116],"product_tag":[],"class_list":{"0":"post-114741","1":"product","2":"type-product","3":"status-publish","4":"has-post-thumbnail","6":"product_cat-baby-kleinkind","7":"pa_leeftijd-filter-0-2-jahre","8":"pa_meest-populair-bij-jungen-maedchen","10":"first","11":"instock","12":"shipping-taxable","13":"product-type-simple"},"acf":[],"yoast_head":"<!-- This site is optimized with the Yoast SEO plugin v27.2 - https:\/\/yoast.com\/product\/yoast-seo-wordpress\/ -->\n<title>Mein erstes Poster mit Aufklebern - Haus - SES Creative<\/title>\n<meta name=\"robots\" content=\"index, follow, max-snippet:-1, max-image-preview:large, max-video-preview:-1\" \/>\n<link rel=\"canonical\" href=\"https:\/\/ses-creative.com\/de\/produkt\/mein-erstes-poster-mit-aufklebern-haus\/\" \/>\n<meta property=\"og:locale\" content=\"de_DE\" \/>\n<meta property=\"og:type\" content=\"article\" \/>\n<meta property=\"og:title\" content=\"Mein erstes Poster mit Aufklebern - Haus - SES Creative\" \/>\n<meta property=\"og:description\" content=\"Verwandeln Sie die Fantasie Ihres Kindes in ein Meisterwerk mit Mein erstes Poster mit Stickern! Dieses lustige Poster-Set ist perfekt f\u00fcr kleine Kinder, die gerne basteln und dekorieren. Mit einem fr\u00f6hlichen Posterhaus und vielen Stickern kann das Haus Ihrer Tr\u00e4ume eingerichtet werden. M\u00f6bel, Pflanzen, Haustiere und vieles mehr! Sind Sie bereit f\u00fcr Ihr erstes Poster? [&hellip;]\" \/>\n<meta property=\"og:url\" content=\"https:\/\/ses-creative.com\/de\/produkt\/mein-erstes-poster-mit-aufklebern-haus\/\" \/>\n<meta property=\"og:site_name\" content=\"SES Creative\" \/>\n<meta property=\"article:modified_time\" content=\"2026-02-06T09:51:43+00:00\" \/>\n<meta name=\"twitter:card\" content=\"summary_large_image\" \/>\n<meta name=\"twitter:label1\" content=\"Gesch\u00e4tzte Lesezeit\" \/>\n\t<meta name=\"twitter:data1\" content=\"2\u00a0Minuten\" \/>\n<script type=\"application\/ld+json\" class=\"yoast-schema-graph\">{\"@context\":\"https:\/\/schema.org\",\"@graph\":[{\"@type\":\"WebPage\",\"@id\":\"https:\/\/ses-creative.com\/de\/produkt\/mein-erstes-poster-mit-aufklebern-haus\/\",\"url\":\"https:\/\/ses-creative.com\/de\/produkt\/mein-erstes-poster-mit-aufklebern-haus\/\",\"name\":\"Mein erstes Poster mit Aufklebern - Haus - SES Creative\",\"isPartOf\":{\"@id\":\"https:\/\/ses-creative.com\/#website\"},\"primaryImageOfPage\":{\"@id\":\"https:\/\/ses-creative.com\/de\/produkt\/mein-erstes-poster-mit-aufklebern-haus\/#primaryimage\"},\"image\":{\"@id\":\"https:\/\/ses-creative.com\/de\/produkt\/mein-erstes-poster-mit-aufklebern-haus\/#primaryimage\"},\"thumbnailUrl\":\"https:\/\/ses-creative.com\/wp-content\/uploads\/2026\/01\/144761.jpg\",\"datePublished\":\"2026-02-05T13:52:50+00:00\",\"dateModified\":\"2026-02-06T09:51:43+00:00\",\"breadcrumb\":{\"@id\":\"https:\/\/ses-creative.com\/de\/produkt\/mein-erstes-poster-mit-aufklebern-haus\/#breadcrumb\"},\"inLanguage\":\"de\",\"potentialAction\":[{\"@type\":\"ReadAction\",\"target\":[\"https:\/\/ses-creative.com\/de\/produkt\/mein-erstes-poster-mit-aufklebern-haus\/\"]}]},{\"@type\":\"ImageObject\",\"inLanguage\":\"de\",\"@id\":\"https:\/\/ses-creative.com\/de\/produkt\/mein-erstes-poster-mit-aufklebern-haus\/#primaryimage\",\"url\":\"https:\/\/ses-creative.com\/wp-content\/uploads\/2026\/01\/144761.jpg\",\"contentUrl\":\"https:\/\/ses-creative.com\/wp-content\/uploads\/2026\/01\/144761.jpg\",\"width\":1000,\"height\":1000},{\"@type\":\"BreadcrumbList\",\"@id\":\"https:\/\/ses-creative.com\/de\/produkt\/mein-erstes-poster-mit-aufklebern-haus\/#breadcrumb\",\"itemListElement\":[{\"@type\":\"ListItem\",\"position\":1,\"name\":\"Shop\",\"item\":\"https:\/\/ses-creative.com\/de\/shop\/\"},{\"@type\":\"ListItem\",\"position\":2,\"name\":\"Baby &amp; Kleinkind\",\"item\":\"https:\/\/ses-creative.com\/de\/product-categorie\/baby-kleinkind\/\"},{\"@type\":\"ListItem\",\"position\":3,\"name\":\"Mein erstes Poster mit Aufklebern &#8211; Haus\"}]},{\"@type\":\"WebSite\",\"@id\":\"https:\/\/ses-creative.com\/#website\",\"url\":\"https:\/\/ses-creative.com\/\",\"name\":\"SES Creative\",\"description\":\"\",\"publisher\":{\"@id\":\"https:\/\/ses-creative.com\/#organization\"},\"potentialAction\":[{\"@type\":\"SearchAction\",\"target\":{\"@type\":\"EntryPoint\",\"urlTemplate\":\"https:\/\/ses-creative.com\/?s={search_term_string}\"},\"query-input\":{\"@type\":\"PropertyValueSpecification\",\"valueRequired\":true,\"valueName\":\"search_term_string\"}}],\"inLanguage\":\"de\"},{\"@type\":\"Organization\",\"@id\":\"https:\/\/ses-creative.com\/#organization\",\"name\":\"SES Creative\",\"url\":\"https:\/\/ses-creative.com\/\",\"logo\":{\"@type\":\"ImageObject\",\"inLanguage\":\"de\",\"@id\":\"https:\/\/ses-creative.com\/#\/schema\/logo\/image\/\",\"url\":\"https:\/\/ses-creative.com\/wp-content\/uploads\/2025\/10\/ses-creative-logo.jpg\",\"contentUrl\":\"https:\/\/ses-creative.com\/wp-content\/uploads\/2025\/10\/ses-creative-logo.jpg\",\"width\":2037,\"height\":2037,\"caption\":\"SES Creative\"},\"image\":{\"@id\":\"https:\/\/ses-creative.com\/#\/schema\/logo\/image\/\"}}]}<\/script>\n<!-- \/ Yoast SEO plugin. -->","yoast_head_json":{"title":"Mein erstes Poster mit Aufklebern - Haus - SES Creative","robots":{"index":"index","follow":"follow","max-snippet":"max-snippet:-1","max-image-preview":"max-image-preview:large","max-video-preview":"max-video-preview:-1"},"canonical":"https:\/\/ses-creative.com\/de\/produkt\/mein-erstes-poster-mit-aufklebern-haus\/","og_locale":"de_DE","og_type":"article","og_title":"Mein erstes Poster mit Aufklebern - Haus - SES Creative","og_description":"Verwandeln Sie die Fantasie Ihres Kindes in ein Meisterwerk mit Mein erstes Poster mit Stickern! Dieses lustige Poster-Set ist perfekt f\u00fcr kleine Kinder, die gerne basteln und dekorieren. Mit einem fr\u00f6hlichen Posterhaus und vielen Stickern kann das Haus Ihrer Tr\u00e4ume eingerichtet werden. M\u00f6bel, Pflanzen, Haustiere und vieles mehr! Sind Sie bereit f\u00fcr Ihr erstes Poster? [&hellip;]","og_url":"https:\/\/ses-creative.com\/de\/produkt\/mein-erstes-poster-mit-aufklebern-haus\/","og_site_name":"SES Creative","article_modified_time":"2026-02-06T09:51:43+00:00","twitter_card":"summary_large_image","twitter_misc":{"Gesch\u00e4tzte Lesezeit":"2\u00a0Minuten"},"schema":{"@context":"https:\/\/schema.org","@graph":[{"@type":"WebPage","@id":"https:\/\/ses-creative.com\/de\/produkt\/mein-erstes-poster-mit-aufklebern-haus\/","url":"https:\/\/ses-creative.com\/de\/produkt\/mein-erstes-poster-mit-aufklebern-haus\/","name":"Mein erstes Poster mit Aufklebern - Haus - SES Creative","isPartOf":{"@id":"https:\/\/ses-creative.com\/#website"},"primaryImageOfPage":{"@id":"https:\/\/ses-creative.com\/de\/produkt\/mein-erstes-poster-mit-aufklebern-haus\/#primaryimage"},"image":{"@id":"https:\/\/ses-creative.com\/de\/produkt\/mein-erstes-poster-mit-aufklebern-haus\/#primaryimage"},"thumbnailUrl":"https:\/\/ses-creative.com\/wp-content\/uploads\/2026\/01\/144761.jpg","datePublished":"2026-02-05T13:52:50+00:00","dateModified":"2026-02-06T09:51:43+00:00","breadcrumb":{"@id":"https:\/\/ses-creative.com\/de\/produkt\/mein-erstes-poster-mit-aufklebern-haus\/#breadcrumb"},"inLanguage":"de","potentialAction":[{"@type":"ReadAction","target":["https:\/\/ses-creative.com\/de\/produkt\/mein-erstes-poster-mit-aufklebern-haus\/"]}]},{"@type":"ImageObject","inLanguage":"de","@id":"https:\/\/ses-creative.com\/de\/produkt\/mein-erstes-poster-mit-aufklebern-haus\/#primaryimage","url":"https:\/\/ses-creative.com\/wp-content\/uploads\/2026\/01\/144761.jpg","contentUrl":"https:\/\/ses-creative.com\/wp-content\/uploads\/2026\/01\/144761.jpg","width":1000,"height":1000},{"@type":"BreadcrumbList","@id":"https:\/\/ses-creative.com\/de\/produkt\/mein-erstes-poster-mit-aufklebern-haus\/#breadcrumb","itemListElement":[{"@type":"ListItem","position":1,"name":"Shop","item":"https:\/\/ses-creative.com\/de\/shop\/"},{"@type":"ListItem","position":2,"name":"Baby &amp; Kleinkind","item":"https:\/\/ses-creative.com\/de\/product-categorie\/baby-kleinkind\/"},{"@type":"ListItem","position":3,"name":"Mein erstes Poster mit Aufklebern &#8211; Haus"}]},{"@type":"WebSite","@id":"https:\/\/ses-creative.com\/#website","url":"https:\/\/ses-creative.com\/","name":"SES Creative","description":"","publisher":{"@id":"https:\/\/ses-creative.com\/#organization"},"potentialAction":[{"@type":"SearchAction","target":{"@type":"EntryPoint","urlTemplate":"https:\/\/ses-creative.com\/?s={search_term_string}"},"query-input":{"@type":"PropertyValueSpecification","valueRequired":true,"valueName":"search_term_string"}}],"inLanguage":"de"},{"@type":"Organization","@id":"https:\/\/ses-creative.com\/#organization","name":"SES Creative","url":"https:\/\/ses-creative.com\/","logo":{"@type":"ImageObject","inLanguage":"de","@id":"https:\/\/ses-creative.com\/#\/schema\/logo\/image\/","url":"https:\/\/ses-creative.com\/wp-content\/uploads\/2025\/10\/ses-creative-logo.jpg","contentUrl":"https:\/\/ses-creative.com\/wp-content\/uploads\/2025\/10\/ses-creative-logo.jpg","width":2037,"height":2037,"caption":"SES Creative"},"image":{"@id":"https:\/\/ses-creative.com\/#\/schema\/logo\/image\/"}}]}},"_links":{"self":[{"href":"https:\/\/ses-creative.com\/de\/wp-json\/wp\/v2\/product\/114741","targetHints":{"allow":["GET"]}}],"collection":[{"href":"https:\/\/ses-creative.com\/de\/wp-json\/wp\/v2\/product"}],"about":[{"href":"https:\/\/ses-creative.com\/de\/wp-json\/wp\/v2\/types\/product"}],"replies":[{"embeddable":true,"href":"https:\/\/ses-creative.com\/de\/wp-json\/wp\/v2\/comments?post=114741"}],"wp:featuredmedia":[{"embeddable":true,"href":"https:\/\/ses-creative.com\/de\/wp-json\/wp\/v2\/media\/103356"}],"wp:attachment":[{"href":"https:\/\/ses-creative.com\/de\/wp-json\/wp\/v2\/media?parent=114741"}],"wp:term":[{"taxonomy":"product_brand","embeddable":true,"href":"https:\/\/ses-creative.com\/de\/wp-json\/wp\/v2\/product_brand?post=114741"},{"taxonomy":"product_cat","embeddable":true,"href":"https:\/\/ses-creative.com\/de\/wp-json\/wp\/v2\/product_cat?post=114741"},{"taxonomy":"product_tag","embeddable":true,"href":"https:\/\/ses-creative.com\/de\/wp-json\/wp\/v2\/product_tag?post=114741"}],"curies":[{"name":"wp","href":"https:\/\/api.w.org\/{rel}","templated":true}]}}