











{"id":114739,"date":"2026-02-05T13:52:49","date_gmt":"2026-02-05T13:52:49","guid":{"rendered":"https:\/\/ses-creative.com\/?post_type=product&#038;p=114739"},"modified":"2026-02-06T09:51:43","modified_gmt":"2026-02-06T09:51:43","slug":"my-first-zerreissen-und-kleben","status":"publish","type":"product","link":"https:\/\/ses-creative.com\/de\/produkt\/my-first-zerreissen-und-kleben\/","title":{"rendered":"My first &#8211; Zerrei\u00dfen und Kleben"},"content":{"rendered":"<p>Lassen Sie Ihren kleinen K\u00fcnstler mit \u201eMy First \u2013 Scheuren en Plakken\u201c (Mein Erstes \u2013 Rei\u00dfen und Kleben) in eine Welt voller kreativer Freude eintauchen!<br \/>\nDieses tolle Set ist der perfekte Einstieg in die Welt des Collagenbastelns und wurde speziell f\u00fcr kleine H\u00e4nde entwickelt. Mit farbenfrohen und fr\u00f6hlich bedruckten B\u00f6gen und sicherem Fingerkleber k\u00f6nnen Kleinkinder ihre Kreativit\u00e4t und Fantasie entdecken, w\u00e4hrend sie bunte Collagen basteln. Das Beste daran? Es wird kein Pinsel ben\u00f6tigt \u2013 einfach den Kleber mit den Fingern auftragen und schon kann das lustige und taktile Bastelerlebnis beginnen.<br \/>\nWas dieses Set so toll macht<br \/>\n&#8211;    Mit Rei\u00dfen und Kleben lustige Kunstwerke erstellen. Einfach f\u00fcr die Kleinsten<br \/>\n&#8211;    F\u00f6rdert die Kreativit\u00e4t und Fantasie<br \/>\n&#8211;    Entwicklung der motorischen F\u00e4higkeiten<br \/>\n&#8211;    Geeignet f\u00fcr Kinder ab 1 Jahr<br \/>\n&#8211;    Fr\u00f6hliche Tierkarten, um die sch\u00f6nsten Collagen zu gestalten<br \/>\nKleben oder rei\u00dfen, alles ist m\u00f6glich!<br \/>\nDas Set enth\u00e4lt alles, was Ihr Kind braucht, um sein k\u00fcnstlerisches Abenteuer zu beginnen. Vom Zerrei\u00dfen bunter Formen \u00fcber das Kleben fantasievoller Muster bis hin zum Erstellen von Collagen \u2013 diese Aktivit\u00e4t f\u00f6rdert die Hand-Augen-Koordination und die Feinmotorik und bietet gleichzeitig endlosen Spa\u00df. Egal, welches Tier oder Kunstwerk sie gestalten, es ist eine unterhaltsame M\u00f6glichkeit, die Kreativit\u00e4t und das Selbstvertrauen Ihres Kindes zu f\u00f6rdern. Es eignet sich perfekt zum selbstst\u00e4ndigen Spielen oder als gemeinsame Aktivit\u00e4t mit Eltern, Geschwistern oder Freunden.<br \/>\nInhalt des Sets<br \/>\n&#8211;    10 gro\u00dfe bedruckte Tierkarten zum Aufkleben f\u00fcr Collagen;<br \/>\n&#8211;    4 B\u00f6gen mit verschiedenen Motiven zum Abrei\u00dfen und Aufkleben;<br \/>\n&#8211;    Fingerleim (45 ml)<br \/>\nWarum SES Creative w\u00e4hlen?<br \/>\nBei SES Creative legen wir gro\u00dfen Wert auf Sicherheit. Deshalb werden die Produkte in unserem Werk in den Niederlanden nach den strengsten europ\u00e4ischen Sicherheitsnormen hergestellt und getestet. Spielzeug von SES Creative sorgt f\u00fcr Spa\u00df und soll Kindern ein Gef\u00fchl des Stolzes auf ihre Arbeit vermitteln, was ihre Kreativit\u00e4t und Entwicklung f\u00f6rdert.<br \/>\nBeginnen Sie jetzt mit dem Collagen basteln!<br \/>\nMit bunten B\u00f6gen und benutzerfreundlichem Kleber wird dieses Set garantiert ein L\u00e4cheln und Freude bei kleinen Bastlern \u00fcberall hervorrufen. Lasst das Collagen-Abenteuer beginnen!<\/p>\n","protected":false},"excerpt":{"rendered":"<p>Lassen Sie Ihren kleinen K\u00fcnstler mit \u201eMy First \u2013 Scheuren en Plakken\u201c (Mein Erstes \u2013 Rei\u00dfen und Kleben) in eine Welt voller kreativer Freude eintauchen! Dieses tolle Set ist der perfekte Einstieg in die Welt des Collagenbastelns und wurde speziell f\u00fcr kleine H\u00e4nde entwickelt. Mit farbenfrohen und fr\u00f6hlich bedruckten B\u00f6gen und sicherem Fingerkleber k\u00f6nnen Kleinkinder [&hellip;]<\/p>\n","protected":false},"featured_media":103316,"comment_status":"closed","ping_status":"closed","template":"","meta":{"_acf_changed":false},"product_brand":[],"product_cat":[116],"product_tag":[],"class_list":{"0":"post-114739","1":"product","2":"type-product","3":"status-publish","4":"has-post-thumbnail","6":"product_cat-baby-kleinkind","7":"pa_leeftijd-filter-0-2-jahre","8":"pa_meest-populair-bij-jungen-maedchen","10":"first","11":"instock","12":"shipping-taxable","13":"product-type-simple"},"acf":[],"yoast_head":"<!-- This site is optimized with the Yoast SEO plugin v27.2 - https:\/\/yoast.com\/product\/yoast-seo-wordpress\/ -->\n<title>My first - Zerrei\u00dfen und Kleben - SES Creative<\/title>\n<meta name=\"robots\" content=\"index, follow, max-snippet:-1, max-image-preview:large, max-video-preview:-1\" \/>\n<link rel=\"canonical\" href=\"https:\/\/ses-creative.com\/de\/produkt\/my-first-zerreissen-und-kleben\/\" \/>\n<meta property=\"og:locale\" content=\"de_DE\" \/>\n<meta property=\"og:type\" content=\"article\" \/>\n<meta property=\"og:title\" content=\"My first - Zerrei\u00dfen und Kleben - SES Creative\" \/>\n<meta property=\"og:description\" content=\"Lassen Sie Ihren kleinen K\u00fcnstler mit \u201eMy First \u2013 Scheuren en Plakken\u201c (Mein Erstes \u2013 Rei\u00dfen und Kleben) in eine Welt voller kreativer Freude eintauchen! Dieses tolle Set ist der perfekte Einstieg in die Welt des Collagenbastelns und wurde speziell f\u00fcr kleine H\u00e4nde entwickelt. Mit farbenfrohen und fr\u00f6hlich bedruckten B\u00f6gen und sicherem Fingerkleber k\u00f6nnen Kleinkinder [&hellip;]\" \/>\n<meta property=\"og:url\" content=\"https:\/\/ses-creative.com\/de\/produkt\/my-first-zerreissen-und-kleben\/\" \/>\n<meta property=\"og:site_name\" content=\"SES Creative\" \/>\n<meta property=\"article:modified_time\" content=\"2026-02-06T09:51:43+00:00\" \/>\n<meta name=\"twitter:card\" content=\"summary_large_image\" \/>\n<meta name=\"twitter:label1\" content=\"Gesch\u00e4tzte Lesezeit\" \/>\n\t<meta name=\"twitter:data1\" content=\"2\u00a0Minuten\" \/>\n<script type=\"application\/ld+json\" class=\"yoast-schema-graph\">{\"@context\":\"https:\/\/schema.org\",\"@graph\":[{\"@type\":\"WebPage\",\"@id\":\"https:\/\/ses-creative.com\/de\/produkt\/my-first-zerreissen-und-kleben\/\",\"url\":\"https:\/\/ses-creative.com\/de\/produkt\/my-first-zerreissen-und-kleben\/\",\"name\":\"My first - Zerrei\u00dfen und Kleben - SES Creative\",\"isPartOf\":{\"@id\":\"https:\/\/ses-creative.com\/#website\"},\"primaryImageOfPage\":{\"@id\":\"https:\/\/ses-creative.com\/de\/produkt\/my-first-zerreissen-und-kleben\/#primaryimage\"},\"image\":{\"@id\":\"https:\/\/ses-creative.com\/de\/produkt\/my-first-zerreissen-und-kleben\/#primaryimage\"},\"thumbnailUrl\":\"https:\/\/ses-creative.com\/wp-content\/uploads\/2026\/01\/144741.jpg\",\"datePublished\":\"2026-02-05T13:52:49+00:00\",\"dateModified\":\"2026-02-06T09:51:43+00:00\",\"breadcrumb\":{\"@id\":\"https:\/\/ses-creative.com\/de\/produkt\/my-first-zerreissen-und-kleben\/#breadcrumb\"},\"inLanguage\":\"de\",\"potentialAction\":[{\"@type\":\"ReadAction\",\"target\":[\"https:\/\/ses-creative.com\/de\/produkt\/my-first-zerreissen-und-kleben\/\"]}]},{\"@type\":\"ImageObject\",\"inLanguage\":\"de\",\"@id\":\"https:\/\/ses-creative.com\/de\/produkt\/my-first-zerreissen-und-kleben\/#primaryimage\",\"url\":\"https:\/\/ses-creative.com\/wp-content\/uploads\/2026\/01\/144741.jpg\",\"contentUrl\":\"https:\/\/ses-creative.com\/wp-content\/uploads\/2026\/01\/144741.jpg\",\"width\":1000,\"height\":1000},{\"@type\":\"BreadcrumbList\",\"@id\":\"https:\/\/ses-creative.com\/de\/produkt\/my-first-zerreissen-und-kleben\/#breadcrumb\",\"itemListElement\":[{\"@type\":\"ListItem\",\"position\":1,\"name\":\"Shop\",\"item\":\"https:\/\/ses-creative.com\/de\/shop\/\"},{\"@type\":\"ListItem\",\"position\":2,\"name\":\"Baby &amp; Kleinkind\",\"item\":\"https:\/\/ses-creative.com\/de\/product-categorie\/baby-kleinkind\/\"},{\"@type\":\"ListItem\",\"position\":3,\"name\":\"My first &#8211; Zerrei\u00dfen und Kleben\"}]},{\"@type\":\"WebSite\",\"@id\":\"https:\/\/ses-creative.com\/#website\",\"url\":\"https:\/\/ses-creative.com\/\",\"name\":\"SES Creative\",\"description\":\"\",\"publisher\":{\"@id\":\"https:\/\/ses-creative.com\/#organization\"},\"potentialAction\":[{\"@type\":\"SearchAction\",\"target\":{\"@type\":\"EntryPoint\",\"urlTemplate\":\"https:\/\/ses-creative.com\/?s={search_term_string}\"},\"query-input\":{\"@type\":\"PropertyValueSpecification\",\"valueRequired\":true,\"valueName\":\"search_term_string\"}}],\"inLanguage\":\"de\"},{\"@type\":\"Organization\",\"@id\":\"https:\/\/ses-creative.com\/#organization\",\"name\":\"SES Creative\",\"url\":\"https:\/\/ses-creative.com\/\",\"logo\":{\"@type\":\"ImageObject\",\"inLanguage\":\"de\",\"@id\":\"https:\/\/ses-creative.com\/#\/schema\/logo\/image\/\",\"url\":\"https:\/\/ses-creative.com\/wp-content\/uploads\/2025\/10\/ses-creative-logo.jpg\",\"contentUrl\":\"https:\/\/ses-creative.com\/wp-content\/uploads\/2025\/10\/ses-creative-logo.jpg\",\"width\":2037,\"height\":2037,\"caption\":\"SES Creative\"},\"image\":{\"@id\":\"https:\/\/ses-creative.com\/#\/schema\/logo\/image\/\"}}]}<\/script>\n<!-- \/ Yoast SEO plugin. -->","yoast_head_json":{"title":"My first - Zerrei\u00dfen und Kleben - SES Creative","robots":{"index":"index","follow":"follow","max-snippet":"max-snippet:-1","max-image-preview":"max-image-preview:large","max-video-preview":"max-video-preview:-1"},"canonical":"https:\/\/ses-creative.com\/de\/produkt\/my-first-zerreissen-und-kleben\/","og_locale":"de_DE","og_type":"article","og_title":"My first - Zerrei\u00dfen und Kleben - SES Creative","og_description":"Lassen Sie Ihren kleinen K\u00fcnstler mit \u201eMy First \u2013 Scheuren en Plakken\u201c (Mein Erstes \u2013 Rei\u00dfen und Kleben) in eine Welt voller kreativer Freude eintauchen! Dieses tolle Set ist der perfekte Einstieg in die Welt des Collagenbastelns und wurde speziell f\u00fcr kleine H\u00e4nde entwickelt. Mit farbenfrohen und fr\u00f6hlich bedruckten B\u00f6gen und sicherem Fingerkleber k\u00f6nnen Kleinkinder [&hellip;]","og_url":"https:\/\/ses-creative.com\/de\/produkt\/my-first-zerreissen-und-kleben\/","og_site_name":"SES Creative","article_modified_time":"2026-02-06T09:51:43+00:00","twitter_card":"summary_large_image","twitter_misc":{"Gesch\u00e4tzte Lesezeit":"2\u00a0Minuten"},"schema":{"@context":"https:\/\/schema.org","@graph":[{"@type":"WebPage","@id":"https:\/\/ses-creative.com\/de\/produkt\/my-first-zerreissen-und-kleben\/","url":"https:\/\/ses-creative.com\/de\/produkt\/my-first-zerreissen-und-kleben\/","name":"My first - Zerrei\u00dfen und Kleben - SES Creative","isPartOf":{"@id":"https:\/\/ses-creative.com\/#website"},"primaryImageOfPage":{"@id":"https:\/\/ses-creative.com\/de\/produkt\/my-first-zerreissen-und-kleben\/#primaryimage"},"image":{"@id":"https:\/\/ses-creative.com\/de\/produkt\/my-first-zerreissen-und-kleben\/#primaryimage"},"thumbnailUrl":"https:\/\/ses-creative.com\/wp-content\/uploads\/2026\/01\/144741.jpg","datePublished":"2026-02-05T13:52:49+00:00","dateModified":"2026-02-06T09:51:43+00:00","breadcrumb":{"@id":"https:\/\/ses-creative.com\/de\/produkt\/my-first-zerreissen-und-kleben\/#breadcrumb"},"inLanguage":"de","potentialAction":[{"@type":"ReadAction","target":["https:\/\/ses-creative.com\/de\/produkt\/my-first-zerreissen-und-kleben\/"]}]},{"@type":"ImageObject","inLanguage":"de","@id":"https:\/\/ses-creative.com\/de\/produkt\/my-first-zerreissen-und-kleben\/#primaryimage","url":"https:\/\/ses-creative.com\/wp-content\/uploads\/2026\/01\/144741.jpg","contentUrl":"https:\/\/ses-creative.com\/wp-content\/uploads\/2026\/01\/144741.jpg","width":1000,"height":1000},{"@type":"BreadcrumbList","@id":"https:\/\/ses-creative.com\/de\/produkt\/my-first-zerreissen-und-kleben\/#breadcrumb","itemListElement":[{"@type":"ListItem","position":1,"name":"Shop","item":"https:\/\/ses-creative.com\/de\/shop\/"},{"@type":"ListItem","position":2,"name":"Baby &amp; Kleinkind","item":"https:\/\/ses-creative.com\/de\/product-categorie\/baby-kleinkind\/"},{"@type":"ListItem","position":3,"name":"My first &#8211; Zerrei\u00dfen und Kleben"}]},{"@type":"WebSite","@id":"https:\/\/ses-creative.com\/#website","url":"https:\/\/ses-creative.com\/","name":"SES Creative","description":"","publisher":{"@id":"https:\/\/ses-creative.com\/#organization"},"potentialAction":[{"@type":"SearchAction","target":{"@type":"EntryPoint","urlTemplate":"https:\/\/ses-creative.com\/?s={search_term_string}"},"query-input":{"@type":"PropertyValueSpecification","valueRequired":true,"valueName":"search_term_string"}}],"inLanguage":"de"},{"@type":"Organization","@id":"https:\/\/ses-creative.com\/#organization","name":"SES Creative","url":"https:\/\/ses-creative.com\/","logo":{"@type":"ImageObject","inLanguage":"de","@id":"https:\/\/ses-creative.com\/#\/schema\/logo\/image\/","url":"https:\/\/ses-creative.com\/wp-content\/uploads\/2025\/10\/ses-creative-logo.jpg","contentUrl":"https:\/\/ses-creative.com\/wp-content\/uploads\/2025\/10\/ses-creative-logo.jpg","width":2037,"height":2037,"caption":"SES Creative"},"image":{"@id":"https:\/\/ses-creative.com\/#\/schema\/logo\/image\/"}}]}},"_links":{"self":[{"href":"https:\/\/ses-creative.com\/de\/wp-json\/wp\/v2\/product\/114739","targetHints":{"allow":["GET"]}}],"collection":[{"href":"https:\/\/ses-creative.com\/de\/wp-json\/wp\/v2\/product"}],"about":[{"href":"https:\/\/ses-creative.com\/de\/wp-json\/wp\/v2\/types\/product"}],"replies":[{"embeddable":true,"href":"https:\/\/ses-creative.com\/de\/wp-json\/wp\/v2\/comments?post=114739"}],"wp:featuredmedia":[{"embeddable":true,"href":"https:\/\/ses-creative.com\/de\/wp-json\/wp\/v2\/media\/103316"}],"wp:attachment":[{"href":"https:\/\/ses-creative.com\/de\/wp-json\/wp\/v2\/media?parent=114739"}],"wp:term":[{"taxonomy":"product_brand","embeddable":true,"href":"https:\/\/ses-creative.com\/de\/wp-json\/wp\/v2\/product_brand?post=114739"},{"taxonomy":"product_cat","embeddable":true,"href":"https:\/\/ses-creative.com\/de\/wp-json\/wp\/v2\/product_cat?post=114739"},{"taxonomy":"product_tag","embeddable":true,"href":"https:\/\/ses-creative.com\/de\/wp-json\/wp\/v2\/product_tag?post=114739"}],"curies":[{"name":"wp","href":"https:\/\/api.w.org\/{rel}","templated":true}]}}