











{"id":114738,"date":"2026-02-05T13:52:49","date_gmt":"2026-02-05T13:52:49","guid":{"rendered":"https:\/\/ses-creative.com\/?post_type=product&#038;p=114738"},"modified":"2026-02-06T09:51:43","modified_gmt":"2026-02-06T09:51:43","slug":"malen-mit-wasser-dinos","status":"publish","type":"product","link":"https:\/\/ses-creative.com\/de\/produkt\/malen-mit-wasser-dinos\/","title":{"rendered":"Malen mit Wasser &#8211; Dinos"},"content":{"rendered":"<p>Magisches Malen mit Wasser und Dinosauriern!<br \/>\nMagie mit Wasser und Farbe, ohne Kleckern! Mit diesem lustigen Set k\u00f6nnen Kinder die sch\u00f6nsten Dinosaurier zum Leben erwecken, indem sie einfach Wasser verwenden. Die Karten \u00e4ndern ihre Farbe, sobald sie nass werden, was Kinder immer wieder \u00fcberrascht. Das ist Wasserzauber! Ideal f\u00fcr Kleinkinder, die gerne kreativ sind und Dinosaurier lieben, aber noch zu jung f\u00fcr Farbe oder Stifte sind.<br \/>\nWas dieses Set so toll macht<br \/>\n&#8211;    Keine Unordnung \u2013 Sie brauchen nur Wasser<br \/>\n&#8211;    Die Karten sind wiederverwendbar. Nach dem Trocknen k\u00f6nnen Sie sie immer wieder verwenden<br \/>\n&#8211;    Sicher und f\u00fcr Kinder ab 1 Jahr geeignet<br \/>\n&#8211;    F\u00f6rdert die Kreativit\u00e4t und die Feinmotorik<br \/>\n&#8211;    Perfekt f\u00fcr die ersten Erfahrungen mit Farben und Malen und zum Entdecken der Welt der Dinosaurier<br \/>\nEntdecken und mit Wasser malen<br \/>\nDieses Set ist ideal f\u00fcr Eltern, die ihren Kindern das Malen n\u00e4herbringen m\u00f6chten, ohne sich um Unordnung sorgen zu m\u00fcssen. Die Karten sind wiederverwendbar und sicher f\u00fcr die Kleinsten, sodass es eine unbeschwerte und unterhaltsame Aktivit\u00e4t f\u00fcr die ganze Familie ist. Tauchen Sie den Pinsel in Wasser und streichen Sie \u00fcber die Karten, um die wundersch\u00f6nen Dinosaurier zum Vorschein zu bringen. Die Karten k\u00f6nnen wiederverwendet werden, sobald sie trocken sind, was f\u00fcr endlosen Spielspa\u00df sorgt.<br \/>\nInhalt des Sets<br \/>\n&#8211;    4 Dino-Malvorlagen<br \/>\n&#8211;    Sicherer Pinsel<br \/>\nWarum SES Creative w\u00e4hlen?<br \/>\nBei SES Creative legen wir gro\u00dfen Wert auf Sicherheit. Deshalb werden die Produkte in unserer Fabrik in den Niederlanden nach den strengsten europ\u00e4ischen Sicherheitsstandards hergestellt und getestet. Spielzeug von SES Creative sorgt f\u00fcr Spa\u00df und soll Kindern ein Gef\u00fchl der Stolz auf ihre Arbeit vermitteln, was ihre Kreativit\u00e4t und Entwicklung f\u00f6rdert.<br \/>\nBeginnen Sie noch heute mit dem Malen<br \/>\nEntdecken Sie die Magie des Malens mit Wasser und lassen Sie Ihr Kind die sch\u00f6nsten Dinosaurier kreieren. Perfekt f\u00fcr stundenlangen kreativen Spielspa\u00df ohne Kleckern!<\/p>\n","protected":false},"excerpt":{"rendered":"<p>Magisches Malen mit Wasser und Dinosauriern! Magie mit Wasser und Farbe, ohne Kleckern! Mit diesem lustigen Set k\u00f6nnen Kinder die sch\u00f6nsten Dinosaurier zum Leben erwecken, indem sie einfach Wasser verwenden. Die Karten \u00e4ndern ihre Farbe, sobald sie nass werden, was Kinder immer wieder \u00fcberrascht. Das ist Wasserzauber! Ideal f\u00fcr Kleinkinder, die gerne kreativ sind und [&hellip;]<\/p>\n","protected":false},"featured_media":103296,"comment_status":"closed","ping_status":"closed","template":"","meta":{"_acf_changed":false},"product_brand":[],"product_cat":[116],"product_tag":[],"class_list":{"0":"post-114738","1":"product","2":"type-product","3":"status-publish","4":"has-post-thumbnail","6":"product_cat-baby-kleinkind","7":"pa_leeftijd-filter-0-2-jahre","8":"pa_meest-populair-bij-jungen-maedchen","10":"first","11":"instock","12":"shipping-taxable","13":"product-type-simple"},"acf":[],"yoast_head":"<!-- This site is optimized with the Yoast SEO plugin v27.2 - https:\/\/yoast.com\/product\/yoast-seo-wordpress\/ -->\n<title>Malen mit Wasser - Dinos - SES Creative<\/title>\n<meta name=\"robots\" content=\"index, follow, max-snippet:-1, max-image-preview:large, max-video-preview:-1\" \/>\n<link rel=\"canonical\" href=\"https:\/\/ses-creative.com\/de\/produkt\/malen-mit-wasser-dinos\/\" \/>\n<meta property=\"og:locale\" content=\"de_DE\" \/>\n<meta property=\"og:type\" content=\"article\" \/>\n<meta property=\"og:title\" content=\"Malen mit Wasser - Dinos - SES Creative\" \/>\n<meta property=\"og:description\" content=\"Magisches Malen mit Wasser und Dinosauriern! Magie mit Wasser und Farbe, ohne Kleckern! Mit diesem lustigen Set k\u00f6nnen Kinder die sch\u00f6nsten Dinosaurier zum Leben erwecken, indem sie einfach Wasser verwenden. Die Karten \u00e4ndern ihre Farbe, sobald sie nass werden, was Kinder immer wieder \u00fcberrascht. Das ist Wasserzauber! Ideal f\u00fcr Kleinkinder, die gerne kreativ sind und [&hellip;]\" \/>\n<meta property=\"og:url\" content=\"https:\/\/ses-creative.com\/de\/produkt\/malen-mit-wasser-dinos\/\" \/>\n<meta property=\"og:site_name\" content=\"SES Creative\" \/>\n<meta property=\"article:modified_time\" content=\"2026-02-06T09:51:43+00:00\" \/>\n<meta name=\"twitter:card\" content=\"summary_large_image\" \/>\n<meta name=\"twitter:label1\" content=\"Gesch\u00e4tzte Lesezeit\" \/>\n\t<meta name=\"twitter:data1\" content=\"2\u00a0Minuten\" \/>\n<script type=\"application\/ld+json\" class=\"yoast-schema-graph\">{\"@context\":\"https:\/\/schema.org\",\"@graph\":[{\"@type\":\"WebPage\",\"@id\":\"https:\/\/ses-creative.com\/de\/produkt\/malen-mit-wasser-dinos\/\",\"url\":\"https:\/\/ses-creative.com\/de\/produkt\/malen-mit-wasser-dinos\/\",\"name\":\"Malen mit Wasser - Dinos - SES Creative\",\"isPartOf\":{\"@id\":\"https:\/\/ses-creative.com\/#website\"},\"primaryImageOfPage\":{\"@id\":\"https:\/\/ses-creative.com\/de\/produkt\/malen-mit-wasser-dinos\/#primaryimage\"},\"image\":{\"@id\":\"https:\/\/ses-creative.com\/de\/produkt\/malen-mit-wasser-dinos\/#primaryimage\"},\"thumbnailUrl\":\"https:\/\/ses-creative.com\/wp-content\/uploads\/2026\/01\/144651.jpg\",\"datePublished\":\"2026-02-05T13:52:49+00:00\",\"dateModified\":\"2026-02-06T09:51:43+00:00\",\"breadcrumb\":{\"@id\":\"https:\/\/ses-creative.com\/de\/produkt\/malen-mit-wasser-dinos\/#breadcrumb\"},\"inLanguage\":\"de\",\"potentialAction\":[{\"@type\":\"ReadAction\",\"target\":[\"https:\/\/ses-creative.com\/de\/produkt\/malen-mit-wasser-dinos\/\"]}]},{\"@type\":\"ImageObject\",\"inLanguage\":\"de\",\"@id\":\"https:\/\/ses-creative.com\/de\/produkt\/malen-mit-wasser-dinos\/#primaryimage\",\"url\":\"https:\/\/ses-creative.com\/wp-content\/uploads\/2026\/01\/144651.jpg\",\"contentUrl\":\"https:\/\/ses-creative.com\/wp-content\/uploads\/2026\/01\/144651.jpg\",\"width\":1000,\"height\":1000},{\"@type\":\"BreadcrumbList\",\"@id\":\"https:\/\/ses-creative.com\/de\/produkt\/malen-mit-wasser-dinos\/#breadcrumb\",\"itemListElement\":[{\"@type\":\"ListItem\",\"position\":1,\"name\":\"Shop\",\"item\":\"https:\/\/ses-creative.com\/de\/shop\/\"},{\"@type\":\"ListItem\",\"position\":2,\"name\":\"Baby &amp; Kleinkind\",\"item\":\"https:\/\/ses-creative.com\/de\/product-categorie\/baby-kleinkind\/\"},{\"@type\":\"ListItem\",\"position\":3,\"name\":\"Malen mit Wasser &#8211; Dinos\"}]},{\"@type\":\"WebSite\",\"@id\":\"https:\/\/ses-creative.com\/#website\",\"url\":\"https:\/\/ses-creative.com\/\",\"name\":\"SES Creative\",\"description\":\"\",\"publisher\":{\"@id\":\"https:\/\/ses-creative.com\/#organization\"},\"potentialAction\":[{\"@type\":\"SearchAction\",\"target\":{\"@type\":\"EntryPoint\",\"urlTemplate\":\"https:\/\/ses-creative.com\/?s={search_term_string}\"},\"query-input\":{\"@type\":\"PropertyValueSpecification\",\"valueRequired\":true,\"valueName\":\"search_term_string\"}}],\"inLanguage\":\"de\"},{\"@type\":\"Organization\",\"@id\":\"https:\/\/ses-creative.com\/#organization\",\"name\":\"SES Creative\",\"url\":\"https:\/\/ses-creative.com\/\",\"logo\":{\"@type\":\"ImageObject\",\"inLanguage\":\"de\",\"@id\":\"https:\/\/ses-creative.com\/#\/schema\/logo\/image\/\",\"url\":\"https:\/\/ses-creative.com\/wp-content\/uploads\/2025\/10\/ses-creative-logo.jpg\",\"contentUrl\":\"https:\/\/ses-creative.com\/wp-content\/uploads\/2025\/10\/ses-creative-logo.jpg\",\"width\":2037,\"height\":2037,\"caption\":\"SES Creative\"},\"image\":{\"@id\":\"https:\/\/ses-creative.com\/#\/schema\/logo\/image\/\"}}]}<\/script>\n<!-- \/ Yoast SEO plugin. -->","yoast_head_json":{"title":"Malen mit Wasser - Dinos - SES Creative","robots":{"index":"index","follow":"follow","max-snippet":"max-snippet:-1","max-image-preview":"max-image-preview:large","max-video-preview":"max-video-preview:-1"},"canonical":"https:\/\/ses-creative.com\/de\/produkt\/malen-mit-wasser-dinos\/","og_locale":"de_DE","og_type":"article","og_title":"Malen mit Wasser - Dinos - SES Creative","og_description":"Magisches Malen mit Wasser und Dinosauriern! Magie mit Wasser und Farbe, ohne Kleckern! Mit diesem lustigen Set k\u00f6nnen Kinder die sch\u00f6nsten Dinosaurier zum Leben erwecken, indem sie einfach Wasser verwenden. Die Karten \u00e4ndern ihre Farbe, sobald sie nass werden, was Kinder immer wieder \u00fcberrascht. Das ist Wasserzauber! Ideal f\u00fcr Kleinkinder, die gerne kreativ sind und [&hellip;]","og_url":"https:\/\/ses-creative.com\/de\/produkt\/malen-mit-wasser-dinos\/","og_site_name":"SES Creative","article_modified_time":"2026-02-06T09:51:43+00:00","twitter_card":"summary_large_image","twitter_misc":{"Gesch\u00e4tzte Lesezeit":"2\u00a0Minuten"},"schema":{"@context":"https:\/\/schema.org","@graph":[{"@type":"WebPage","@id":"https:\/\/ses-creative.com\/de\/produkt\/malen-mit-wasser-dinos\/","url":"https:\/\/ses-creative.com\/de\/produkt\/malen-mit-wasser-dinos\/","name":"Malen mit Wasser - Dinos - SES Creative","isPartOf":{"@id":"https:\/\/ses-creative.com\/#website"},"primaryImageOfPage":{"@id":"https:\/\/ses-creative.com\/de\/produkt\/malen-mit-wasser-dinos\/#primaryimage"},"image":{"@id":"https:\/\/ses-creative.com\/de\/produkt\/malen-mit-wasser-dinos\/#primaryimage"},"thumbnailUrl":"https:\/\/ses-creative.com\/wp-content\/uploads\/2026\/01\/144651.jpg","datePublished":"2026-02-05T13:52:49+00:00","dateModified":"2026-02-06T09:51:43+00:00","breadcrumb":{"@id":"https:\/\/ses-creative.com\/de\/produkt\/malen-mit-wasser-dinos\/#breadcrumb"},"inLanguage":"de","potentialAction":[{"@type":"ReadAction","target":["https:\/\/ses-creative.com\/de\/produkt\/malen-mit-wasser-dinos\/"]}]},{"@type":"ImageObject","inLanguage":"de","@id":"https:\/\/ses-creative.com\/de\/produkt\/malen-mit-wasser-dinos\/#primaryimage","url":"https:\/\/ses-creative.com\/wp-content\/uploads\/2026\/01\/144651.jpg","contentUrl":"https:\/\/ses-creative.com\/wp-content\/uploads\/2026\/01\/144651.jpg","width":1000,"height":1000},{"@type":"BreadcrumbList","@id":"https:\/\/ses-creative.com\/de\/produkt\/malen-mit-wasser-dinos\/#breadcrumb","itemListElement":[{"@type":"ListItem","position":1,"name":"Shop","item":"https:\/\/ses-creative.com\/de\/shop\/"},{"@type":"ListItem","position":2,"name":"Baby &amp; Kleinkind","item":"https:\/\/ses-creative.com\/de\/product-categorie\/baby-kleinkind\/"},{"@type":"ListItem","position":3,"name":"Malen mit Wasser &#8211; Dinos"}]},{"@type":"WebSite","@id":"https:\/\/ses-creative.com\/#website","url":"https:\/\/ses-creative.com\/","name":"SES Creative","description":"","publisher":{"@id":"https:\/\/ses-creative.com\/#organization"},"potentialAction":[{"@type":"SearchAction","target":{"@type":"EntryPoint","urlTemplate":"https:\/\/ses-creative.com\/?s={search_term_string}"},"query-input":{"@type":"PropertyValueSpecification","valueRequired":true,"valueName":"search_term_string"}}],"inLanguage":"de"},{"@type":"Organization","@id":"https:\/\/ses-creative.com\/#organization","name":"SES Creative","url":"https:\/\/ses-creative.com\/","logo":{"@type":"ImageObject","inLanguage":"de","@id":"https:\/\/ses-creative.com\/#\/schema\/logo\/image\/","url":"https:\/\/ses-creative.com\/wp-content\/uploads\/2025\/10\/ses-creative-logo.jpg","contentUrl":"https:\/\/ses-creative.com\/wp-content\/uploads\/2025\/10\/ses-creative-logo.jpg","width":2037,"height":2037,"caption":"SES Creative"},"image":{"@id":"https:\/\/ses-creative.com\/#\/schema\/logo\/image\/"}}]}},"_links":{"self":[{"href":"https:\/\/ses-creative.com\/de\/wp-json\/wp\/v2\/product\/114738","targetHints":{"allow":["GET"]}}],"collection":[{"href":"https:\/\/ses-creative.com\/de\/wp-json\/wp\/v2\/product"}],"about":[{"href":"https:\/\/ses-creative.com\/de\/wp-json\/wp\/v2\/types\/product"}],"replies":[{"embeddable":true,"href":"https:\/\/ses-creative.com\/de\/wp-json\/wp\/v2\/comments?post=114738"}],"wp:featuredmedia":[{"embeddable":true,"href":"https:\/\/ses-creative.com\/de\/wp-json\/wp\/v2\/media\/103296"}],"wp:attachment":[{"href":"https:\/\/ses-creative.com\/de\/wp-json\/wp\/v2\/media?parent=114738"}],"wp:term":[{"taxonomy":"product_brand","embeddable":true,"href":"https:\/\/ses-creative.com\/de\/wp-json\/wp\/v2\/product_brand?post=114738"},{"taxonomy":"product_cat","embeddable":true,"href":"https:\/\/ses-creative.com\/de\/wp-json\/wp\/v2\/product_cat?post=114738"},{"taxonomy":"product_tag","embeddable":true,"href":"https:\/\/ses-creative.com\/de\/wp-json\/wp\/v2\/product_tag?post=114738"}],"curies":[{"name":"wp","href":"https:\/\/api.w.org\/{rel}","templated":true}]}}