











{"id":114737,"date":"2026-02-05T13:52:49","date_gmt":"2026-02-05T13:52:49","guid":{"rendered":"https:\/\/ses-creative.com\/?post_type=product&#038;p=114737"},"modified":"2026-02-06T09:51:43","modified_gmt":"2026-02-06T09:51:43","slug":"malen-mit-wasser-tierisches-vergnuegen","status":"publish","type":"product","link":"https:\/\/ses-creative.com\/de\/produkt\/malen-mit-wasser-tierisches-vergnuegen\/","title":{"rendered":"Malen mit Wasser &#8211; Tierisches Vergn\u00fcgen"},"content":{"rendered":"<p>Entdecke versteckte Tiere mit diesem magischen Megaset zum Malen mit Wasser!<br \/>\nMach dich bereit f\u00fcr ein magisches Abenteuer mit diesem Megaset mit versteckten Tieren! Dieses Set enth\u00e4lt nicht weniger als 8 Karten, auf denen Tiere versteckt sind, die du mit Wasser zum Vorschein zaubern kannst. Tauche den speziellen Pinsel in Wasser und beobachte, wie die Farben und versteckten Tiere auf den Karten erscheinen. Ganz ohne Kleckern. Das ist Wassermagie! Ideal f\u00fcr Kleinkinder, die gerne kreativ sind, aber noch zu jung f\u00fcr Farbe oder Stifte sind.<br \/>\nWas dieses Set so toll macht<br \/>\n&#8211;    In diesem Set sind die Tiere versteckt, sodass es eine Entdeckungsreise ist, was zum Vorschein kommt. Au\u00dferdem haben die Tiere mehr Details, was besonders viel Spa\u00df macht!<br \/>\n&#8211;    Keine Kleckerei, Sie brauchen nur Wasser<br \/>\n&#8211;    Die Karten sind wiederverwendbar. Nach dem Trocknen k\u00f6nnen Sie sie immer wieder verwenden<br \/>\n&#8211;    Extra gro\u00dfes Set mit nicht weniger als 8 Farbkarten<br \/>\n&#8211;    F\u00f6rdert Kreativit\u00e4t und Feinmotorik<br \/>\nWarum dies perfekt f\u00fcr Sie ist<br \/>\nDieses Set ist ideal f\u00fcr Eltern, die ihren Kindern eine unbeschwerte und kreative Besch\u00e4ftigung bieten m\u00f6chten. Es bietet eine unterhaltsame M\u00f6glichkeit zum Spielen und Lernen und f\u00f6rdert gleichzeitig die Neugier und Fantasie Ihres Kindes. Mit diesem Set k\u00f6nnen Kinder auf magische Weise Tiere auf den Karten entdecken. Die versteckten Tiere werden zum Leben erweckt, sobald Sie die Karten mit dem Pinsel befeuchten. Eine gro\u00dfartige M\u00f6glichkeit, die Kreativit\u00e4t zu f\u00f6rdern, ohne Unordnung zu verursachen, und mit den vielen Karten besonders langen Spielspa\u00df zu garantieren.<br \/>\nInhalt des Sets<br \/>\n&#8211;    8 Tier-Malvorlagen<br \/>\n&#8211;    Sicherer Pinsel<br \/>\nWarum SES Creative w\u00e4hlen?<br \/>\nBei SES Creative legen wir gro\u00dfen Wert auf Sicherheit. Deshalb werden die Produkte in der Fabrik in den Niederlanden nach den strengsten europ\u00e4ischen Sicherheitsstandards hergestellt und getestet. Spielzeug von SES Creative sorgt f\u00fcr Spa\u00df und soll Kindern erm\u00f6glichen, stolz auf ihre Arbeit zu sein, was ihre Kreativit\u00e4t und Entwicklung f\u00f6rdert.<br \/>\nEntdecken Sie noch heute versteckte Tiere<br \/>\nEntdecken Sie den Spa\u00df am Malen mit Wasser und zaubern Sie mit diesem magischen Mega-Set versteckte Tiere hervor. Perfekt f\u00fcr stundenlangen Spielspa\u00df!<\/p>\n","protected":false},"excerpt":{"rendered":"<p>Entdecke versteckte Tiere mit diesem magischen Megaset zum Malen mit Wasser! Mach dich bereit f\u00fcr ein magisches Abenteuer mit diesem Megaset mit versteckten Tieren! Dieses Set enth\u00e4lt nicht weniger als 8 Karten, auf denen Tiere versteckt sind, die du mit Wasser zum Vorschein zaubern kannst. Tauche den speziellen Pinsel in Wasser und beobachte, wie die [&hellip;]<\/p>\n","protected":false},"featured_media":103276,"comment_status":"closed","ping_status":"closed","template":"","meta":{"_acf_changed":false},"product_brand":[],"product_cat":[116],"product_tag":[],"class_list":{"0":"post-114737","1":"product","2":"type-product","3":"status-publish","4":"has-post-thumbnail","6":"product_cat-baby-kleinkind","7":"pa_leeftijd-filter-0-2-jahre","8":"pa_meest-populair-bij-jungen-maedchen","10":"first","11":"instock","12":"shipping-taxable","13":"product-type-simple"},"acf":[],"yoast_head":"<!-- This site is optimized with the Yoast SEO plugin v27.2 - https:\/\/yoast.com\/product\/yoast-seo-wordpress\/ -->\n<title>Malen mit Wasser - Tierisches Vergn\u00fcgen - SES Creative<\/title>\n<meta name=\"robots\" content=\"index, follow, max-snippet:-1, max-image-preview:large, max-video-preview:-1\" \/>\n<link rel=\"canonical\" href=\"https:\/\/ses-creative.com\/de\/produkt\/malen-mit-wasser-tierisches-vergnuegen\/\" \/>\n<meta property=\"og:locale\" content=\"de_DE\" \/>\n<meta property=\"og:type\" content=\"article\" \/>\n<meta property=\"og:title\" content=\"Malen mit Wasser - Tierisches Vergn\u00fcgen - SES Creative\" \/>\n<meta property=\"og:description\" content=\"Entdecke versteckte Tiere mit diesem magischen Megaset zum Malen mit Wasser! Mach dich bereit f\u00fcr ein magisches Abenteuer mit diesem Megaset mit versteckten Tieren! Dieses Set enth\u00e4lt nicht weniger als 8 Karten, auf denen Tiere versteckt sind, die du mit Wasser zum Vorschein zaubern kannst. Tauche den speziellen Pinsel in Wasser und beobachte, wie die [&hellip;]\" \/>\n<meta property=\"og:url\" content=\"https:\/\/ses-creative.com\/de\/produkt\/malen-mit-wasser-tierisches-vergnuegen\/\" \/>\n<meta property=\"og:site_name\" content=\"SES Creative\" \/>\n<meta property=\"article:modified_time\" content=\"2026-02-06T09:51:43+00:00\" \/>\n<meta name=\"twitter:card\" content=\"summary_large_image\" \/>\n<meta name=\"twitter:label1\" content=\"Gesch\u00e4tzte Lesezeit\" \/>\n\t<meta name=\"twitter:data1\" content=\"2\u00a0Minuten\" \/>\n<script type=\"application\/ld+json\" class=\"yoast-schema-graph\">{\"@context\":\"https:\/\/schema.org\",\"@graph\":[{\"@type\":\"WebPage\",\"@id\":\"https:\/\/ses-creative.com\/de\/produkt\/malen-mit-wasser-tierisches-vergnuegen\/\",\"url\":\"https:\/\/ses-creative.com\/de\/produkt\/malen-mit-wasser-tierisches-vergnuegen\/\",\"name\":\"Malen mit Wasser - Tierisches Vergn\u00fcgen - SES Creative\",\"isPartOf\":{\"@id\":\"https:\/\/ses-creative.com\/#website\"},\"primaryImageOfPage\":{\"@id\":\"https:\/\/ses-creative.com\/de\/produkt\/malen-mit-wasser-tierisches-vergnuegen\/#primaryimage\"},\"image\":{\"@id\":\"https:\/\/ses-creative.com\/de\/produkt\/malen-mit-wasser-tierisches-vergnuegen\/#primaryimage\"},\"thumbnailUrl\":\"https:\/\/ses-creative.com\/wp-content\/uploads\/2026\/01\/144591.jpg\",\"datePublished\":\"2026-02-05T13:52:49+00:00\",\"dateModified\":\"2026-02-06T09:51:43+00:00\",\"breadcrumb\":{\"@id\":\"https:\/\/ses-creative.com\/de\/produkt\/malen-mit-wasser-tierisches-vergnuegen\/#breadcrumb\"},\"inLanguage\":\"de\",\"potentialAction\":[{\"@type\":\"ReadAction\",\"target\":[\"https:\/\/ses-creative.com\/de\/produkt\/malen-mit-wasser-tierisches-vergnuegen\/\"]}]},{\"@type\":\"ImageObject\",\"inLanguage\":\"de\",\"@id\":\"https:\/\/ses-creative.com\/de\/produkt\/malen-mit-wasser-tierisches-vergnuegen\/#primaryimage\",\"url\":\"https:\/\/ses-creative.com\/wp-content\/uploads\/2026\/01\/144591.jpg\",\"contentUrl\":\"https:\/\/ses-creative.com\/wp-content\/uploads\/2026\/01\/144591.jpg\",\"width\":1000,\"height\":1000},{\"@type\":\"BreadcrumbList\",\"@id\":\"https:\/\/ses-creative.com\/de\/produkt\/malen-mit-wasser-tierisches-vergnuegen\/#breadcrumb\",\"itemListElement\":[{\"@type\":\"ListItem\",\"position\":1,\"name\":\"Shop\",\"item\":\"https:\/\/ses-creative.com\/de\/shop\/\"},{\"@type\":\"ListItem\",\"position\":2,\"name\":\"Baby &amp; Kleinkind\",\"item\":\"https:\/\/ses-creative.com\/de\/product-categorie\/baby-kleinkind\/\"},{\"@type\":\"ListItem\",\"position\":3,\"name\":\"Malen mit Wasser &#8211; Tierisches Vergn\u00fcgen\"}]},{\"@type\":\"WebSite\",\"@id\":\"https:\/\/ses-creative.com\/#website\",\"url\":\"https:\/\/ses-creative.com\/\",\"name\":\"SES Creative\",\"description\":\"\",\"publisher\":{\"@id\":\"https:\/\/ses-creative.com\/#organization\"},\"potentialAction\":[{\"@type\":\"SearchAction\",\"target\":{\"@type\":\"EntryPoint\",\"urlTemplate\":\"https:\/\/ses-creative.com\/?s={search_term_string}\"},\"query-input\":{\"@type\":\"PropertyValueSpecification\",\"valueRequired\":true,\"valueName\":\"search_term_string\"}}],\"inLanguage\":\"de\"},{\"@type\":\"Organization\",\"@id\":\"https:\/\/ses-creative.com\/#organization\",\"name\":\"SES Creative\",\"url\":\"https:\/\/ses-creative.com\/\",\"logo\":{\"@type\":\"ImageObject\",\"inLanguage\":\"de\",\"@id\":\"https:\/\/ses-creative.com\/#\/schema\/logo\/image\/\",\"url\":\"https:\/\/ses-creative.com\/wp-content\/uploads\/2025\/10\/ses-creative-logo.jpg\",\"contentUrl\":\"https:\/\/ses-creative.com\/wp-content\/uploads\/2025\/10\/ses-creative-logo.jpg\",\"width\":2037,\"height\":2037,\"caption\":\"SES Creative\"},\"image\":{\"@id\":\"https:\/\/ses-creative.com\/#\/schema\/logo\/image\/\"}}]}<\/script>\n<!-- \/ Yoast SEO plugin. -->","yoast_head_json":{"title":"Malen mit Wasser - Tierisches Vergn\u00fcgen - SES Creative","robots":{"index":"index","follow":"follow","max-snippet":"max-snippet:-1","max-image-preview":"max-image-preview:large","max-video-preview":"max-video-preview:-1"},"canonical":"https:\/\/ses-creative.com\/de\/produkt\/malen-mit-wasser-tierisches-vergnuegen\/","og_locale":"de_DE","og_type":"article","og_title":"Malen mit Wasser - Tierisches Vergn\u00fcgen - SES Creative","og_description":"Entdecke versteckte Tiere mit diesem magischen Megaset zum Malen mit Wasser! Mach dich bereit f\u00fcr ein magisches Abenteuer mit diesem Megaset mit versteckten Tieren! Dieses Set enth\u00e4lt nicht weniger als 8 Karten, auf denen Tiere versteckt sind, die du mit Wasser zum Vorschein zaubern kannst. Tauche den speziellen Pinsel in Wasser und beobachte, wie die [&hellip;]","og_url":"https:\/\/ses-creative.com\/de\/produkt\/malen-mit-wasser-tierisches-vergnuegen\/","og_site_name":"SES Creative","article_modified_time":"2026-02-06T09:51:43+00:00","twitter_card":"summary_large_image","twitter_misc":{"Gesch\u00e4tzte Lesezeit":"2\u00a0Minuten"},"schema":{"@context":"https:\/\/schema.org","@graph":[{"@type":"WebPage","@id":"https:\/\/ses-creative.com\/de\/produkt\/malen-mit-wasser-tierisches-vergnuegen\/","url":"https:\/\/ses-creative.com\/de\/produkt\/malen-mit-wasser-tierisches-vergnuegen\/","name":"Malen mit Wasser - Tierisches Vergn\u00fcgen - SES Creative","isPartOf":{"@id":"https:\/\/ses-creative.com\/#website"},"primaryImageOfPage":{"@id":"https:\/\/ses-creative.com\/de\/produkt\/malen-mit-wasser-tierisches-vergnuegen\/#primaryimage"},"image":{"@id":"https:\/\/ses-creative.com\/de\/produkt\/malen-mit-wasser-tierisches-vergnuegen\/#primaryimage"},"thumbnailUrl":"https:\/\/ses-creative.com\/wp-content\/uploads\/2026\/01\/144591.jpg","datePublished":"2026-02-05T13:52:49+00:00","dateModified":"2026-02-06T09:51:43+00:00","breadcrumb":{"@id":"https:\/\/ses-creative.com\/de\/produkt\/malen-mit-wasser-tierisches-vergnuegen\/#breadcrumb"},"inLanguage":"de","potentialAction":[{"@type":"ReadAction","target":["https:\/\/ses-creative.com\/de\/produkt\/malen-mit-wasser-tierisches-vergnuegen\/"]}]},{"@type":"ImageObject","inLanguage":"de","@id":"https:\/\/ses-creative.com\/de\/produkt\/malen-mit-wasser-tierisches-vergnuegen\/#primaryimage","url":"https:\/\/ses-creative.com\/wp-content\/uploads\/2026\/01\/144591.jpg","contentUrl":"https:\/\/ses-creative.com\/wp-content\/uploads\/2026\/01\/144591.jpg","width":1000,"height":1000},{"@type":"BreadcrumbList","@id":"https:\/\/ses-creative.com\/de\/produkt\/malen-mit-wasser-tierisches-vergnuegen\/#breadcrumb","itemListElement":[{"@type":"ListItem","position":1,"name":"Shop","item":"https:\/\/ses-creative.com\/de\/shop\/"},{"@type":"ListItem","position":2,"name":"Baby &amp; Kleinkind","item":"https:\/\/ses-creative.com\/de\/product-categorie\/baby-kleinkind\/"},{"@type":"ListItem","position":3,"name":"Malen mit Wasser &#8211; Tierisches Vergn\u00fcgen"}]},{"@type":"WebSite","@id":"https:\/\/ses-creative.com\/#website","url":"https:\/\/ses-creative.com\/","name":"SES Creative","description":"","publisher":{"@id":"https:\/\/ses-creative.com\/#organization"},"potentialAction":[{"@type":"SearchAction","target":{"@type":"EntryPoint","urlTemplate":"https:\/\/ses-creative.com\/?s={search_term_string}"},"query-input":{"@type":"PropertyValueSpecification","valueRequired":true,"valueName":"search_term_string"}}],"inLanguage":"de"},{"@type":"Organization","@id":"https:\/\/ses-creative.com\/#organization","name":"SES Creative","url":"https:\/\/ses-creative.com\/","logo":{"@type":"ImageObject","inLanguage":"de","@id":"https:\/\/ses-creative.com\/#\/schema\/logo\/image\/","url":"https:\/\/ses-creative.com\/wp-content\/uploads\/2025\/10\/ses-creative-logo.jpg","contentUrl":"https:\/\/ses-creative.com\/wp-content\/uploads\/2025\/10\/ses-creative-logo.jpg","width":2037,"height":2037,"caption":"SES Creative"},"image":{"@id":"https:\/\/ses-creative.com\/#\/schema\/logo\/image\/"}}]}},"_links":{"self":[{"href":"https:\/\/ses-creative.com\/de\/wp-json\/wp\/v2\/product\/114737","targetHints":{"allow":["GET"]}}],"collection":[{"href":"https:\/\/ses-creative.com\/de\/wp-json\/wp\/v2\/product"}],"about":[{"href":"https:\/\/ses-creative.com\/de\/wp-json\/wp\/v2\/types\/product"}],"replies":[{"embeddable":true,"href":"https:\/\/ses-creative.com\/de\/wp-json\/wp\/v2\/comments?post=114737"}],"wp:featuredmedia":[{"embeddable":true,"href":"https:\/\/ses-creative.com\/de\/wp-json\/wp\/v2\/media\/103276"}],"wp:attachment":[{"href":"https:\/\/ses-creative.com\/de\/wp-json\/wp\/v2\/media?parent=114737"}],"wp:term":[{"taxonomy":"product_brand","embeddable":true,"href":"https:\/\/ses-creative.com\/de\/wp-json\/wp\/v2\/product_brand?post=114737"},{"taxonomy":"product_cat","embeddable":true,"href":"https:\/\/ses-creative.com\/de\/wp-json\/wp\/v2\/product_cat?post=114737"},{"taxonomy":"product_tag","embeddable":true,"href":"https:\/\/ses-creative.com\/de\/wp-json\/wp\/v2\/product_tag?post=114737"}],"curies":[{"name":"wp","href":"https:\/\/api.w.org\/{rel}","templated":true}]}}