











{"id":114735,"date":"2026-02-05T13:52:49","date_gmt":"2026-02-05T13:52:49","guid":{"rendered":"https:\/\/ses-creative.com\/?post_type=product&#038;p=114735"},"modified":"2026-02-06T09:51:43","modified_gmt":"2026-02-06T09:51:43","slug":"malen-mit-wasser-bauernhoftiere","status":"publish","type":"product","link":"https:\/\/ses-creative.com\/de\/produkt\/malen-mit-wasser-bauernhoftiere\/","title":{"rendered":"Malen mit Wasser &#8211; Bauernhoftiere"},"content":{"rendered":"<p>Malen mit Wasser \u2013 Bauernhoftiere: Magisches Malen ohne Kleckern!<br \/>\nEntdecken Sie die Magie des Malens mit Wasser mit dem SES Creative Mein erstes Malen mit Wasser \u2013 Bauernhoftiere-Set. Magie mit Wasser und Farben, aber ohne Kleckern! Verwenden Sie den speziellen Pinsel, tauchen Sie ihn in Wasser und sehen Sie, wie die Bauernhoftiere auf den Karten erscheinen. Das ist Wasser-Magie! Ideal f\u00fcr Kleinkinder, die gerne kreativ sind, aber noch zu jung f\u00fcr Farben oder Stifte sind.<br \/>\nWas dieses Set so toll macht<br \/>\n&#8211;    Keine Unordnung \u2013 Sie brauchen nur Wasser<br \/>\n&#8211;    Die Karten sind wiederverwendbar. Nach dem Trocknen k\u00f6nnen Sie sie immer wieder verwenden<br \/>\n&#8211;    Sicher und f\u00fcr Kinder ab 1 Jahr geeignet<br \/>\n&#8211;    F\u00f6rdert die Kreativit\u00e4t und die Feinmotorik<br \/>\n&#8211;    Perfekt f\u00fcr die erste Begegnung mit Farben und dem Bauernhof<br \/>\nMagisches Malen ohne Kleckern<br \/>\nDie fr\u00f6hlich bedruckten Karten sorgen f\u00fcr viel Spa\u00df und f\u00f6rdern die Kreativit\u00e4t und Feinmotorik. Au\u00dferdem sind sie eine gro\u00dfartige M\u00f6glichkeit, Kinder zu besch\u00e4ftigen, ohne sich um Kleckereien oder Flecken sorgen zu m\u00fcssen. Kinder k\u00f6nnen die Malvorlagen ganz einfach zum Leben erwecken, indem sie mit einem nassen Pinsel \u00fcber die Karten streichen. Die Farben erscheinen wie durch Zauberei, was f\u00fcr die Kleinen ein lustiges und \u00fcberraschendes Erlebnis ist. Der Pinsel wurde speziell entwickelt, damit die Haare nicht ausfallen, und die Karten sind nach dem Trocknen wiederverwendbar.<br \/>\nInhalt des Sets<br \/>\n&#8211;    4 Malvorlagen zum Thema Bauernhoftiere<br \/>\n&#8211;    Sicherer Pinsel<br \/>\nWarum SES Creative w\u00e4hlen?<br \/>\nBei SES Creative legen wir gro\u00dfen Wert auf Sicherheit. Deshalb werden die Produkte in der Fabrik in den Niederlanden nach den strengsten europ\u00e4ischen Sicherheitsstandards hergestellt und getestet. Spielzeug von SES Creative sorgt f\u00fcr Spa\u00df und soll Kindern erm\u00f6glichen, stolz auf ihre Arbeit zu sein, was ihre Kreativit\u00e4t und Entwicklung f\u00f6rdert.<br \/>\nEntdecken Sie die Magie der Wasserfarben!<br \/>\nBereit f\u00fcr ein magisches Farbabenteuer? Holen Sie sich das SES Creative Wasserfarben-Set \u201eBauernhoftiere\u201d und beginnen Sie mit dem Malen ohne Kleckern. Worauf warten Sie noch? Entdecken Sie die Wunder der Wasserfarben und sehen Sie, wie die Bauernhoftiere zum Leben erweckt werden!<\/p>\n","protected":false},"excerpt":{"rendered":"<p>Malen mit Wasser \u2013 Bauernhoftiere: Magisches Malen ohne Kleckern! Entdecken Sie die Magie des Malens mit Wasser mit dem SES Creative Mein erstes Malen mit Wasser \u2013 Bauernhoftiere-Set. Magie mit Wasser und Farben, aber ohne Kleckern! Verwenden Sie den speziellen Pinsel, tauchen Sie ihn in Wasser und sehen Sie, wie die Bauernhoftiere auf den Karten [&hellip;]<\/p>\n","protected":false},"featured_media":103236,"comment_status":"closed","ping_status":"closed","template":"","meta":{"_acf_changed":false},"product_brand":[],"product_cat":[116],"product_tag":[],"class_list":{"0":"post-114735","1":"product","2":"type-product","3":"status-publish","4":"has-post-thumbnail","6":"product_cat-baby-kleinkind","7":"pa_leeftijd-filter-0-2-jahre","8":"pa_meest-populair-bij-jungen-maedchen","10":"first","11":"instock","12":"shipping-taxable","13":"product-type-simple"},"acf":[],"yoast_head":"<!-- This site is optimized with the Yoast SEO plugin v27.2 - https:\/\/yoast.com\/product\/yoast-seo-wordpress\/ -->\n<title>Malen mit Wasser - Bauernhoftiere - SES Creative<\/title>\n<meta name=\"robots\" content=\"index, follow, max-snippet:-1, max-image-preview:large, max-video-preview:-1\" \/>\n<link rel=\"canonical\" href=\"https:\/\/ses-creative.com\/de\/produkt\/malen-mit-wasser-bauernhoftiere\/\" \/>\n<meta property=\"og:locale\" content=\"de_DE\" \/>\n<meta property=\"og:type\" content=\"article\" \/>\n<meta property=\"og:title\" content=\"Malen mit Wasser - Bauernhoftiere - SES Creative\" \/>\n<meta property=\"og:description\" content=\"Malen mit Wasser \u2013 Bauernhoftiere: Magisches Malen ohne Kleckern! Entdecken Sie die Magie des Malens mit Wasser mit dem SES Creative Mein erstes Malen mit Wasser \u2013 Bauernhoftiere-Set. Magie mit Wasser und Farben, aber ohne Kleckern! Verwenden Sie den speziellen Pinsel, tauchen Sie ihn in Wasser und sehen Sie, wie die Bauernhoftiere auf den Karten [&hellip;]\" \/>\n<meta property=\"og:url\" content=\"https:\/\/ses-creative.com\/de\/produkt\/malen-mit-wasser-bauernhoftiere\/\" \/>\n<meta property=\"og:site_name\" content=\"SES Creative\" \/>\n<meta property=\"article:modified_time\" content=\"2026-02-06T09:51:43+00:00\" \/>\n<meta name=\"twitter:card\" content=\"summary_large_image\" \/>\n<meta name=\"twitter:label1\" content=\"Gesch\u00e4tzte Lesezeit\" \/>\n\t<meta name=\"twitter:data1\" content=\"2\u00a0Minuten\" \/>\n<script type=\"application\/ld+json\" class=\"yoast-schema-graph\">{\"@context\":\"https:\/\/schema.org\",\"@graph\":[{\"@type\":\"WebPage\",\"@id\":\"https:\/\/ses-creative.com\/de\/produkt\/malen-mit-wasser-bauernhoftiere\/\",\"url\":\"https:\/\/ses-creative.com\/de\/produkt\/malen-mit-wasser-bauernhoftiere\/\",\"name\":\"Malen mit Wasser - Bauernhoftiere - SES Creative\",\"isPartOf\":{\"@id\":\"https:\/\/ses-creative.com\/#website\"},\"primaryImageOfPage\":{\"@id\":\"https:\/\/ses-creative.com\/de\/produkt\/malen-mit-wasser-bauernhoftiere\/#primaryimage\"},\"image\":{\"@id\":\"https:\/\/ses-creative.com\/de\/produkt\/malen-mit-wasser-bauernhoftiere\/#primaryimage\"},\"thumbnailUrl\":\"https:\/\/ses-creative.com\/wp-content\/uploads\/2026\/01\/144551.jpg\",\"datePublished\":\"2026-02-05T13:52:49+00:00\",\"dateModified\":\"2026-02-06T09:51:43+00:00\",\"breadcrumb\":{\"@id\":\"https:\/\/ses-creative.com\/de\/produkt\/malen-mit-wasser-bauernhoftiere\/#breadcrumb\"},\"inLanguage\":\"de\",\"potentialAction\":[{\"@type\":\"ReadAction\",\"target\":[\"https:\/\/ses-creative.com\/de\/produkt\/malen-mit-wasser-bauernhoftiere\/\"]}]},{\"@type\":\"ImageObject\",\"inLanguage\":\"de\",\"@id\":\"https:\/\/ses-creative.com\/de\/produkt\/malen-mit-wasser-bauernhoftiere\/#primaryimage\",\"url\":\"https:\/\/ses-creative.com\/wp-content\/uploads\/2026\/01\/144551.jpg\",\"contentUrl\":\"https:\/\/ses-creative.com\/wp-content\/uploads\/2026\/01\/144551.jpg\",\"width\":1000,\"height\":1000},{\"@type\":\"BreadcrumbList\",\"@id\":\"https:\/\/ses-creative.com\/de\/produkt\/malen-mit-wasser-bauernhoftiere\/#breadcrumb\",\"itemListElement\":[{\"@type\":\"ListItem\",\"position\":1,\"name\":\"Shop\",\"item\":\"https:\/\/ses-creative.com\/de\/shop\/\"},{\"@type\":\"ListItem\",\"position\":2,\"name\":\"Baby &amp; Kleinkind\",\"item\":\"https:\/\/ses-creative.com\/de\/product-categorie\/baby-kleinkind\/\"},{\"@type\":\"ListItem\",\"position\":3,\"name\":\"Malen mit Wasser &#8211; Bauernhoftiere\"}]},{\"@type\":\"WebSite\",\"@id\":\"https:\/\/ses-creative.com\/#website\",\"url\":\"https:\/\/ses-creative.com\/\",\"name\":\"SES Creative\",\"description\":\"\",\"publisher\":{\"@id\":\"https:\/\/ses-creative.com\/#organization\"},\"potentialAction\":[{\"@type\":\"SearchAction\",\"target\":{\"@type\":\"EntryPoint\",\"urlTemplate\":\"https:\/\/ses-creative.com\/?s={search_term_string}\"},\"query-input\":{\"@type\":\"PropertyValueSpecification\",\"valueRequired\":true,\"valueName\":\"search_term_string\"}}],\"inLanguage\":\"de\"},{\"@type\":\"Organization\",\"@id\":\"https:\/\/ses-creative.com\/#organization\",\"name\":\"SES Creative\",\"url\":\"https:\/\/ses-creative.com\/\",\"logo\":{\"@type\":\"ImageObject\",\"inLanguage\":\"de\",\"@id\":\"https:\/\/ses-creative.com\/#\/schema\/logo\/image\/\",\"url\":\"https:\/\/ses-creative.com\/wp-content\/uploads\/2025\/10\/ses-creative-logo.jpg\",\"contentUrl\":\"https:\/\/ses-creative.com\/wp-content\/uploads\/2025\/10\/ses-creative-logo.jpg\",\"width\":2037,\"height\":2037,\"caption\":\"SES Creative\"},\"image\":{\"@id\":\"https:\/\/ses-creative.com\/#\/schema\/logo\/image\/\"}}]}<\/script>\n<!-- \/ Yoast SEO plugin. -->","yoast_head_json":{"title":"Malen mit Wasser - Bauernhoftiere - SES Creative","robots":{"index":"index","follow":"follow","max-snippet":"max-snippet:-1","max-image-preview":"max-image-preview:large","max-video-preview":"max-video-preview:-1"},"canonical":"https:\/\/ses-creative.com\/de\/produkt\/malen-mit-wasser-bauernhoftiere\/","og_locale":"de_DE","og_type":"article","og_title":"Malen mit Wasser - Bauernhoftiere - SES Creative","og_description":"Malen mit Wasser \u2013 Bauernhoftiere: Magisches Malen ohne Kleckern! Entdecken Sie die Magie des Malens mit Wasser mit dem SES Creative Mein erstes Malen mit Wasser \u2013 Bauernhoftiere-Set. Magie mit Wasser und Farben, aber ohne Kleckern! Verwenden Sie den speziellen Pinsel, tauchen Sie ihn in Wasser und sehen Sie, wie die Bauernhoftiere auf den Karten [&hellip;]","og_url":"https:\/\/ses-creative.com\/de\/produkt\/malen-mit-wasser-bauernhoftiere\/","og_site_name":"SES Creative","article_modified_time":"2026-02-06T09:51:43+00:00","twitter_card":"summary_large_image","twitter_misc":{"Gesch\u00e4tzte Lesezeit":"2\u00a0Minuten"},"schema":{"@context":"https:\/\/schema.org","@graph":[{"@type":"WebPage","@id":"https:\/\/ses-creative.com\/de\/produkt\/malen-mit-wasser-bauernhoftiere\/","url":"https:\/\/ses-creative.com\/de\/produkt\/malen-mit-wasser-bauernhoftiere\/","name":"Malen mit Wasser - Bauernhoftiere - SES Creative","isPartOf":{"@id":"https:\/\/ses-creative.com\/#website"},"primaryImageOfPage":{"@id":"https:\/\/ses-creative.com\/de\/produkt\/malen-mit-wasser-bauernhoftiere\/#primaryimage"},"image":{"@id":"https:\/\/ses-creative.com\/de\/produkt\/malen-mit-wasser-bauernhoftiere\/#primaryimage"},"thumbnailUrl":"https:\/\/ses-creative.com\/wp-content\/uploads\/2026\/01\/144551.jpg","datePublished":"2026-02-05T13:52:49+00:00","dateModified":"2026-02-06T09:51:43+00:00","breadcrumb":{"@id":"https:\/\/ses-creative.com\/de\/produkt\/malen-mit-wasser-bauernhoftiere\/#breadcrumb"},"inLanguage":"de","potentialAction":[{"@type":"ReadAction","target":["https:\/\/ses-creative.com\/de\/produkt\/malen-mit-wasser-bauernhoftiere\/"]}]},{"@type":"ImageObject","inLanguage":"de","@id":"https:\/\/ses-creative.com\/de\/produkt\/malen-mit-wasser-bauernhoftiere\/#primaryimage","url":"https:\/\/ses-creative.com\/wp-content\/uploads\/2026\/01\/144551.jpg","contentUrl":"https:\/\/ses-creative.com\/wp-content\/uploads\/2026\/01\/144551.jpg","width":1000,"height":1000},{"@type":"BreadcrumbList","@id":"https:\/\/ses-creative.com\/de\/produkt\/malen-mit-wasser-bauernhoftiere\/#breadcrumb","itemListElement":[{"@type":"ListItem","position":1,"name":"Shop","item":"https:\/\/ses-creative.com\/de\/shop\/"},{"@type":"ListItem","position":2,"name":"Baby &amp; Kleinkind","item":"https:\/\/ses-creative.com\/de\/product-categorie\/baby-kleinkind\/"},{"@type":"ListItem","position":3,"name":"Malen mit Wasser &#8211; Bauernhoftiere"}]},{"@type":"WebSite","@id":"https:\/\/ses-creative.com\/#website","url":"https:\/\/ses-creative.com\/","name":"SES Creative","description":"","publisher":{"@id":"https:\/\/ses-creative.com\/#organization"},"potentialAction":[{"@type":"SearchAction","target":{"@type":"EntryPoint","urlTemplate":"https:\/\/ses-creative.com\/?s={search_term_string}"},"query-input":{"@type":"PropertyValueSpecification","valueRequired":true,"valueName":"search_term_string"}}],"inLanguage":"de"},{"@type":"Organization","@id":"https:\/\/ses-creative.com\/#organization","name":"SES Creative","url":"https:\/\/ses-creative.com\/","logo":{"@type":"ImageObject","inLanguage":"de","@id":"https:\/\/ses-creative.com\/#\/schema\/logo\/image\/","url":"https:\/\/ses-creative.com\/wp-content\/uploads\/2025\/10\/ses-creative-logo.jpg","contentUrl":"https:\/\/ses-creative.com\/wp-content\/uploads\/2025\/10\/ses-creative-logo.jpg","width":2037,"height":2037,"caption":"SES Creative"},"image":{"@id":"https:\/\/ses-creative.com\/#\/schema\/logo\/image\/"}}]}},"_links":{"self":[{"href":"https:\/\/ses-creative.com\/de\/wp-json\/wp\/v2\/product\/114735","targetHints":{"allow":["GET"]}}],"collection":[{"href":"https:\/\/ses-creative.com\/de\/wp-json\/wp\/v2\/product"}],"about":[{"href":"https:\/\/ses-creative.com\/de\/wp-json\/wp\/v2\/types\/product"}],"replies":[{"embeddable":true,"href":"https:\/\/ses-creative.com\/de\/wp-json\/wp\/v2\/comments?post=114735"}],"wp:featuredmedia":[{"embeddable":true,"href":"https:\/\/ses-creative.com\/de\/wp-json\/wp\/v2\/media\/103236"}],"wp:attachment":[{"href":"https:\/\/ses-creative.com\/de\/wp-json\/wp\/v2\/media?parent=114735"}],"wp:term":[{"taxonomy":"product_brand","embeddable":true,"href":"https:\/\/ses-creative.com\/de\/wp-json\/wp\/v2\/product_brand?post=114735"},{"taxonomy":"product_cat","embeddable":true,"href":"https:\/\/ses-creative.com\/de\/wp-json\/wp\/v2\/product_cat?post=114735"},{"taxonomy":"product_tag","embeddable":true,"href":"https:\/\/ses-creative.com\/de\/wp-json\/wp\/v2\/product_tag?post=114735"}],"curies":[{"name":"wp","href":"https:\/\/api.w.org\/{rel}","templated":true}]}}