











{"id":114734,"date":"2026-02-05T13:52:49","date_gmt":"2026-02-05T13:52:49","guid":{"rendered":"https:\/\/ses-creative.com\/?post_type=product&#038;p=114734"},"modified":"2026-02-06T09:51:43","modified_gmt":"2026-02-06T09:51:43","slug":"malen-mit-wasser-fantasietiere","status":"publish","type":"product","link":"https:\/\/ses-creative.com\/de\/produkt\/malen-mit-wasser-fantasietiere\/","title":{"rendered":"Malen mit Wasser &#8211; Fantasietiere"},"content":{"rendered":"<p>Dieses &#8218;My First&#8216;-Set wurde f\u00fcr Kinder von 1 bis 4 Jahren entwickelt und erm\u00f6glicht kreatives Malen ganz ohne Flecken. Einfach den beiliegenden Pinsel anfeuchten und \u00fcber eine der vier magischen Karten streichen \u2013 die Farben erscheinen wie von Zauberhand. Nach dem Trocknen wird das Bild wieder wei\u00df und kann beliebig oft neu bemalt werden. Es wird keine Farbe oder Tinte ben\u00f6tigt \u2013 Wasser allein gen\u00fcgt. Der speziell entwickelte Pinsel ist kindgerecht mit festen Borsten, die nicht herausfallen. Diese Aktivit\u00e4t f\u00f6rdert die Feinmotorik, Hand-Auge-Koordination und erste k\u00fcnstlerische Ausdrucksversuche. Das Fantasietier-Thema (Einhorn, Wal, Schmetterling usw.) macht das kreative Lernen spannend und unterhaltsam. Entwickelt in den Niederlanden von SES Creative, ist dieses sichere Lernspiel ideal f\u00fcr den Alltag zu Hause oder in Gruppen. Es unterst\u00fctzt Selbstst\u00e4ndigkeit und Konzentration \u2013 ohne Schmutz, ohne Risiko. Eine perfekte Einf\u00fchrung in die Welt des Malens f\u00fcr die Kleinsten.<\/p>\n","protected":false},"excerpt":{"rendered":"<p>Dieses &#8218;My First&#8216;-Set wurde f\u00fcr Kinder von 1 bis 4 Jahren entwickelt und erm\u00f6glicht kreatives Malen ganz ohne Flecken. Einfach den beiliegenden Pinsel anfeuchten und \u00fcber eine der vier magischen Karten streichen \u2013 die Farben erscheinen wie von Zauberhand. Nach dem Trocknen wird das Bild wieder wei\u00df und kann beliebig oft neu bemalt werden. Es [&hellip;]<\/p>\n","protected":false},"featured_media":103216,"comment_status":"closed","ping_status":"closed","template":"","meta":{"_acf_changed":false},"product_brand":[],"product_cat":[116],"product_tag":[],"class_list":{"0":"post-114734","1":"product","2":"type-product","3":"status-publish","4":"has-post-thumbnail","6":"product_cat-baby-kleinkind","7":"pa_leeftijd-filter-0-2-jahre","8":"pa_meest-populair-bij-jungen-maedchen","10":"first","11":"instock","12":"shipping-taxable","13":"product-type-simple"},"acf":[],"yoast_head":"<!-- This site is optimized with the Yoast SEO plugin v27.2 - https:\/\/yoast.com\/product\/yoast-seo-wordpress\/ -->\n<title>Malen mit Wasser - Fantasietiere - SES Creative<\/title>\n<meta name=\"robots\" content=\"index, follow, max-snippet:-1, max-image-preview:large, max-video-preview:-1\" \/>\n<link rel=\"canonical\" href=\"https:\/\/ses-creative.com\/de\/produkt\/malen-mit-wasser-fantasietiere\/\" \/>\n<meta property=\"og:locale\" content=\"de_DE\" \/>\n<meta property=\"og:type\" content=\"article\" \/>\n<meta property=\"og:title\" content=\"Malen mit Wasser - Fantasietiere - SES Creative\" \/>\n<meta property=\"og:description\" content=\"Dieses &#8218;My First&#8216;-Set wurde f\u00fcr Kinder von 1 bis 4 Jahren entwickelt und erm\u00f6glicht kreatives Malen ganz ohne Flecken. Einfach den beiliegenden Pinsel anfeuchten und \u00fcber eine der vier magischen Karten streichen \u2013 die Farben erscheinen wie von Zauberhand. Nach dem Trocknen wird das Bild wieder wei\u00df und kann beliebig oft neu bemalt werden. Es [&hellip;]\" \/>\n<meta property=\"og:url\" content=\"https:\/\/ses-creative.com\/de\/produkt\/malen-mit-wasser-fantasietiere\/\" \/>\n<meta property=\"og:site_name\" content=\"SES Creative\" \/>\n<meta property=\"article:modified_time\" content=\"2026-02-06T09:51:43+00:00\" \/>\n<meta name=\"twitter:card\" content=\"summary_large_image\" \/>\n<meta name=\"twitter:label1\" content=\"Gesch\u00e4tzte Lesezeit\" \/>\n\t<meta name=\"twitter:data1\" content=\"1\u00a0Minute\" \/>\n<script type=\"application\/ld+json\" class=\"yoast-schema-graph\">{\"@context\":\"https:\/\/schema.org\",\"@graph\":[{\"@type\":\"WebPage\",\"@id\":\"https:\/\/ses-creative.com\/de\/produkt\/malen-mit-wasser-fantasietiere\/\",\"url\":\"https:\/\/ses-creative.com\/de\/produkt\/malen-mit-wasser-fantasietiere\/\",\"name\":\"Malen mit Wasser - Fantasietiere - SES Creative\",\"isPartOf\":{\"@id\":\"https:\/\/ses-creative.com\/#website\"},\"primaryImageOfPage\":{\"@id\":\"https:\/\/ses-creative.com\/de\/produkt\/malen-mit-wasser-fantasietiere\/#primaryimage\"},\"image\":{\"@id\":\"https:\/\/ses-creative.com\/de\/produkt\/malen-mit-wasser-fantasietiere\/#primaryimage\"},\"thumbnailUrl\":\"https:\/\/ses-creative.com\/wp-content\/uploads\/2026\/01\/144541.jpg\",\"datePublished\":\"2026-02-05T13:52:49+00:00\",\"dateModified\":\"2026-02-06T09:51:43+00:00\",\"breadcrumb\":{\"@id\":\"https:\/\/ses-creative.com\/de\/produkt\/malen-mit-wasser-fantasietiere\/#breadcrumb\"},\"inLanguage\":\"de\",\"potentialAction\":[{\"@type\":\"ReadAction\",\"target\":[\"https:\/\/ses-creative.com\/de\/produkt\/malen-mit-wasser-fantasietiere\/\"]}]},{\"@type\":\"ImageObject\",\"inLanguage\":\"de\",\"@id\":\"https:\/\/ses-creative.com\/de\/produkt\/malen-mit-wasser-fantasietiere\/#primaryimage\",\"url\":\"https:\/\/ses-creative.com\/wp-content\/uploads\/2026\/01\/144541.jpg\",\"contentUrl\":\"https:\/\/ses-creative.com\/wp-content\/uploads\/2026\/01\/144541.jpg\",\"width\":1000,\"height\":1000},{\"@type\":\"BreadcrumbList\",\"@id\":\"https:\/\/ses-creative.com\/de\/produkt\/malen-mit-wasser-fantasietiere\/#breadcrumb\",\"itemListElement\":[{\"@type\":\"ListItem\",\"position\":1,\"name\":\"Shop\",\"item\":\"https:\/\/ses-creative.com\/de\/shop\/\"},{\"@type\":\"ListItem\",\"position\":2,\"name\":\"Baby &amp; Kleinkind\",\"item\":\"https:\/\/ses-creative.com\/de\/product-categorie\/baby-kleinkind\/\"},{\"@type\":\"ListItem\",\"position\":3,\"name\":\"Malen mit Wasser &#8211; Fantasietiere\"}]},{\"@type\":\"WebSite\",\"@id\":\"https:\/\/ses-creative.com\/#website\",\"url\":\"https:\/\/ses-creative.com\/\",\"name\":\"SES Creative\",\"description\":\"\",\"publisher\":{\"@id\":\"https:\/\/ses-creative.com\/#organization\"},\"potentialAction\":[{\"@type\":\"SearchAction\",\"target\":{\"@type\":\"EntryPoint\",\"urlTemplate\":\"https:\/\/ses-creative.com\/?s={search_term_string}\"},\"query-input\":{\"@type\":\"PropertyValueSpecification\",\"valueRequired\":true,\"valueName\":\"search_term_string\"}}],\"inLanguage\":\"de\"},{\"@type\":\"Organization\",\"@id\":\"https:\/\/ses-creative.com\/#organization\",\"name\":\"SES Creative\",\"url\":\"https:\/\/ses-creative.com\/\",\"logo\":{\"@type\":\"ImageObject\",\"inLanguage\":\"de\",\"@id\":\"https:\/\/ses-creative.com\/#\/schema\/logo\/image\/\",\"url\":\"https:\/\/ses-creative.com\/wp-content\/uploads\/2025\/10\/ses-creative-logo.jpg\",\"contentUrl\":\"https:\/\/ses-creative.com\/wp-content\/uploads\/2025\/10\/ses-creative-logo.jpg\",\"width\":2037,\"height\":2037,\"caption\":\"SES Creative\"},\"image\":{\"@id\":\"https:\/\/ses-creative.com\/#\/schema\/logo\/image\/\"}}]}<\/script>\n<!-- \/ Yoast SEO plugin. -->","yoast_head_json":{"title":"Malen mit Wasser - Fantasietiere - SES Creative","robots":{"index":"index","follow":"follow","max-snippet":"max-snippet:-1","max-image-preview":"max-image-preview:large","max-video-preview":"max-video-preview:-1"},"canonical":"https:\/\/ses-creative.com\/de\/produkt\/malen-mit-wasser-fantasietiere\/","og_locale":"de_DE","og_type":"article","og_title":"Malen mit Wasser - Fantasietiere - SES Creative","og_description":"Dieses &#8218;My First&#8216;-Set wurde f\u00fcr Kinder von 1 bis 4 Jahren entwickelt und erm\u00f6glicht kreatives Malen ganz ohne Flecken. Einfach den beiliegenden Pinsel anfeuchten und \u00fcber eine der vier magischen Karten streichen \u2013 die Farben erscheinen wie von Zauberhand. Nach dem Trocknen wird das Bild wieder wei\u00df und kann beliebig oft neu bemalt werden. Es [&hellip;]","og_url":"https:\/\/ses-creative.com\/de\/produkt\/malen-mit-wasser-fantasietiere\/","og_site_name":"SES Creative","article_modified_time":"2026-02-06T09:51:43+00:00","twitter_card":"summary_large_image","twitter_misc":{"Gesch\u00e4tzte Lesezeit":"1\u00a0Minute"},"schema":{"@context":"https:\/\/schema.org","@graph":[{"@type":"WebPage","@id":"https:\/\/ses-creative.com\/de\/produkt\/malen-mit-wasser-fantasietiere\/","url":"https:\/\/ses-creative.com\/de\/produkt\/malen-mit-wasser-fantasietiere\/","name":"Malen mit Wasser - Fantasietiere - SES Creative","isPartOf":{"@id":"https:\/\/ses-creative.com\/#website"},"primaryImageOfPage":{"@id":"https:\/\/ses-creative.com\/de\/produkt\/malen-mit-wasser-fantasietiere\/#primaryimage"},"image":{"@id":"https:\/\/ses-creative.com\/de\/produkt\/malen-mit-wasser-fantasietiere\/#primaryimage"},"thumbnailUrl":"https:\/\/ses-creative.com\/wp-content\/uploads\/2026\/01\/144541.jpg","datePublished":"2026-02-05T13:52:49+00:00","dateModified":"2026-02-06T09:51:43+00:00","breadcrumb":{"@id":"https:\/\/ses-creative.com\/de\/produkt\/malen-mit-wasser-fantasietiere\/#breadcrumb"},"inLanguage":"de","potentialAction":[{"@type":"ReadAction","target":["https:\/\/ses-creative.com\/de\/produkt\/malen-mit-wasser-fantasietiere\/"]}]},{"@type":"ImageObject","inLanguage":"de","@id":"https:\/\/ses-creative.com\/de\/produkt\/malen-mit-wasser-fantasietiere\/#primaryimage","url":"https:\/\/ses-creative.com\/wp-content\/uploads\/2026\/01\/144541.jpg","contentUrl":"https:\/\/ses-creative.com\/wp-content\/uploads\/2026\/01\/144541.jpg","width":1000,"height":1000},{"@type":"BreadcrumbList","@id":"https:\/\/ses-creative.com\/de\/produkt\/malen-mit-wasser-fantasietiere\/#breadcrumb","itemListElement":[{"@type":"ListItem","position":1,"name":"Shop","item":"https:\/\/ses-creative.com\/de\/shop\/"},{"@type":"ListItem","position":2,"name":"Baby &amp; Kleinkind","item":"https:\/\/ses-creative.com\/de\/product-categorie\/baby-kleinkind\/"},{"@type":"ListItem","position":3,"name":"Malen mit Wasser &#8211; Fantasietiere"}]},{"@type":"WebSite","@id":"https:\/\/ses-creative.com\/#website","url":"https:\/\/ses-creative.com\/","name":"SES Creative","description":"","publisher":{"@id":"https:\/\/ses-creative.com\/#organization"},"potentialAction":[{"@type":"SearchAction","target":{"@type":"EntryPoint","urlTemplate":"https:\/\/ses-creative.com\/?s={search_term_string}"},"query-input":{"@type":"PropertyValueSpecification","valueRequired":true,"valueName":"search_term_string"}}],"inLanguage":"de"},{"@type":"Organization","@id":"https:\/\/ses-creative.com\/#organization","name":"SES Creative","url":"https:\/\/ses-creative.com\/","logo":{"@type":"ImageObject","inLanguage":"de","@id":"https:\/\/ses-creative.com\/#\/schema\/logo\/image\/","url":"https:\/\/ses-creative.com\/wp-content\/uploads\/2025\/10\/ses-creative-logo.jpg","contentUrl":"https:\/\/ses-creative.com\/wp-content\/uploads\/2025\/10\/ses-creative-logo.jpg","width":2037,"height":2037,"caption":"SES Creative"},"image":{"@id":"https:\/\/ses-creative.com\/#\/schema\/logo\/image\/"}}]}},"_links":{"self":[{"href":"https:\/\/ses-creative.com\/de\/wp-json\/wp\/v2\/product\/114734","targetHints":{"allow":["GET"]}}],"collection":[{"href":"https:\/\/ses-creative.com\/de\/wp-json\/wp\/v2\/product"}],"about":[{"href":"https:\/\/ses-creative.com\/de\/wp-json\/wp\/v2\/types\/product"}],"replies":[{"embeddable":true,"href":"https:\/\/ses-creative.com\/de\/wp-json\/wp\/v2\/comments?post=114734"}],"wp:featuredmedia":[{"embeddable":true,"href":"https:\/\/ses-creative.com\/de\/wp-json\/wp\/v2\/media\/103216"}],"wp:attachment":[{"href":"https:\/\/ses-creative.com\/de\/wp-json\/wp\/v2\/media?parent=114734"}],"wp:term":[{"taxonomy":"product_brand","embeddable":true,"href":"https:\/\/ses-creative.com\/de\/wp-json\/wp\/v2\/product_brand?post=114734"},{"taxonomy":"product_cat","embeddable":true,"href":"https:\/\/ses-creative.com\/de\/wp-json\/wp\/v2\/product_cat?post=114734"},{"taxonomy":"product_tag","embeddable":true,"href":"https:\/\/ses-creative.com\/de\/wp-json\/wp\/v2\/product_tag?post=114734"}],"curies":[{"name":"wp","href":"https:\/\/api.w.org\/{rel}","templated":true}]}}