











{"id":114733,"date":"2026-02-05T13:52:49","date_gmt":"2026-02-05T13:52:49","guid":{"rendered":"https:\/\/ses-creative.com\/?post_type=product&#038;p=114733"},"modified":"2026-02-06T09:51:43","modified_gmt":"2026-02-06T09:51:43","slug":"my-first-mein-erstes-fingerfarbenset-mit-bastelschuerze","status":"publish","type":"product","link":"https:\/\/ses-creative.com\/de\/produkt\/my-first-mein-erstes-fingerfarbenset-mit-bastelschuerze\/","title":{"rendered":"My first &#8211; Mein erstes Fingerfarbenset mit Bastelsch\u00fcrze"},"content":{"rendered":"<p>Mein erstes Fingerfarben-Set mit Malsch\u00fcrze: Sicheres und kreatives Malen f\u00fcr die Kleinsten!<br \/>\nEntdecken Sie das Fingermalen mit dem Set \u201eMein erstes Fingermal-Set mit Malsch\u00fcrze\u201c von SES Creative. Dieses Komplettset wurde speziell f\u00fcr Kleinkinder ab 1 Jahr entwickelt, eignet sich aber auch f\u00fcr Kinder ab 2, 3, 4 Jahren oder \u00e4lter, um ihre ersten Schritte in der Welt des kreativen Malens zu machen. Mit einer praktischen Malsch\u00fcrze und abwaschbarer Farbe k\u00f6nnen die Kleinsten unbeschwert spielen und entdecken!<br \/>\nWas dieses Set so toll macht<br \/>\n&#8211;    Die Fingerfarben lassen sich gut auswaschen, sowohl aus Kleidung als auch von der Haut<br \/>\n&#8211;    Die Fingerfarben sind sicher und glutenfrei und f\u00fcr Kinder ab 1 Jahr geeignet<br \/>\n&#8211;    Einfach und macht Spa\u00df. F\u00f6rdert positive erste Erfahrungen mit Basteln<br \/>\n&#8211;    F\u00f6rdert die Entwicklung von Kreativit\u00e4t und motorischen F\u00e4higkeiten<br \/>\n&#8211; Komplettes Set f\u00fcr unendlichen Spielspa\u00df<br \/>\nSicheres und unterhaltsames Fingermalen<br \/>\nMit diesem Komplettset k\u00f6nnen kleine Kinder ihrer Kreativit\u00e4t freien Lauf lassen und gleichzeitig ihre Feinmotorik entwickeln. Die abwaschbare und hautfreundliche Fingerfarbe sorgt daf\u00fcr, dass das Malvergn\u00fcgen sicher und sorgenfrei bleibt. Au\u00dferdem sch\u00fctzt die Sch\u00fcrze die Kleidung, sodass Kinder ohne Bedenken nach Herzenslust malen k\u00f6nnen!<br \/>\nInhalt des Sets<br \/>\n&#8211;    Fingerfarben in den Farben Rot, Blau, Gelb und Gr\u00fcn<br \/>\n&#8211;    Sch\u00fcrze<br \/>\n&#8211;    2 Meter Zeichenpapier<br \/>\nWarum SES Creative w\u00e4hlen?<br \/>\nBei SES Creative legen wir gro\u00dfen Wert auf Sicherheit. Deshalb werden die Produkte in unserer Fabrik in den Niederlanden nach den strengsten europ\u00e4ischen Sicherheitsnormen hergestellt und getestet. Spielzeug von SES Creative macht Spa\u00df und soll Kindern ein Gef\u00fchl des Stolzes auf ihre Arbeit vermitteln, was ihre Kreativit\u00e4t und Entwicklung f\u00f6rdert.<br \/>\nBereit zum Malen?<br \/>\nHolen Sie sich das My First Malset mit Malsch\u00fcrze von SES Creative und lassen Sie Ihr Kind unbeschwert kreativen Spielspa\u00df genie\u00dfen. Worauf warten Sie noch? Entdecken Sie noch heute die Welt der Fingerfarben!<\/p>\n","protected":false},"excerpt":{"rendered":"<p>Mein erstes Fingerfarben-Set mit Malsch\u00fcrze: Sicheres und kreatives Malen f\u00fcr die Kleinsten! Entdecken Sie das Fingermalen mit dem Set \u201eMein erstes Fingermal-Set mit Malsch\u00fcrze\u201c von SES Creative. Dieses Komplettset wurde speziell f\u00fcr Kleinkinder ab 1 Jahr entwickelt, eignet sich aber auch f\u00fcr Kinder ab 2, 3, 4 Jahren oder \u00e4lter, um ihre ersten Schritte in [&hellip;]<\/p>\n","protected":false},"featured_media":103196,"comment_status":"closed","ping_status":"closed","template":"","meta":{"_acf_changed":false},"product_brand":[],"product_cat":[116],"product_tag":[],"class_list":{"0":"post-114733","1":"product","2":"type-product","3":"status-publish","4":"has-post-thumbnail","6":"product_cat-baby-kleinkind","7":"pa_leeftijd-filter-0-2-jahre","8":"pa_meest-populair-bij-jungen-maedchen","10":"first","11":"instock","12":"shipping-taxable","13":"product-type-simple"},"acf":[],"yoast_head":"<!-- This site is optimized with the Yoast SEO plugin v27.2 - https:\/\/yoast.com\/product\/yoast-seo-wordpress\/ -->\n<title>My first - Mein erstes Fingerfarbenset mit Bastelsch\u00fcrze - SES Creative<\/title>\n<meta name=\"robots\" content=\"index, follow, max-snippet:-1, max-image-preview:large, max-video-preview:-1\" \/>\n<link rel=\"canonical\" href=\"https:\/\/ses-creative.com\/de\/produkt\/my-first-mein-erstes-fingerfarbenset-mit-bastelschuerze\/\" \/>\n<meta property=\"og:locale\" content=\"de_DE\" \/>\n<meta property=\"og:type\" content=\"article\" \/>\n<meta property=\"og:title\" content=\"My first - Mein erstes Fingerfarbenset mit Bastelsch\u00fcrze - SES Creative\" \/>\n<meta property=\"og:description\" content=\"Mein erstes Fingerfarben-Set mit Malsch\u00fcrze: Sicheres und kreatives Malen f\u00fcr die Kleinsten! Entdecken Sie das Fingermalen mit dem Set \u201eMein erstes Fingermal-Set mit Malsch\u00fcrze\u201c von SES Creative. Dieses Komplettset wurde speziell f\u00fcr Kleinkinder ab 1 Jahr entwickelt, eignet sich aber auch f\u00fcr Kinder ab 2, 3, 4 Jahren oder \u00e4lter, um ihre ersten Schritte in [&hellip;]\" \/>\n<meta property=\"og:url\" content=\"https:\/\/ses-creative.com\/de\/produkt\/my-first-mein-erstes-fingerfarbenset-mit-bastelschuerze\/\" \/>\n<meta property=\"og:site_name\" content=\"SES Creative\" \/>\n<meta property=\"article:modified_time\" content=\"2026-02-06T09:51:43+00:00\" \/>\n<meta name=\"twitter:card\" content=\"summary_large_image\" \/>\n<meta name=\"twitter:label1\" content=\"Gesch\u00e4tzte Lesezeit\" \/>\n\t<meta name=\"twitter:data1\" content=\"2\u00a0Minuten\" \/>\n<script type=\"application\/ld+json\" class=\"yoast-schema-graph\">{\"@context\":\"https:\/\/schema.org\",\"@graph\":[{\"@type\":\"WebPage\",\"@id\":\"https:\/\/ses-creative.com\/de\/produkt\/my-first-mein-erstes-fingerfarbenset-mit-bastelschuerze\/\",\"url\":\"https:\/\/ses-creative.com\/de\/produkt\/my-first-mein-erstes-fingerfarbenset-mit-bastelschuerze\/\",\"name\":\"My first - Mein erstes Fingerfarbenset mit Bastelsch\u00fcrze - SES Creative\",\"isPartOf\":{\"@id\":\"https:\/\/ses-creative.com\/#website\"},\"primaryImageOfPage\":{\"@id\":\"https:\/\/ses-creative.com\/de\/produkt\/my-first-mein-erstes-fingerfarbenset-mit-bastelschuerze\/#primaryimage\"},\"image\":{\"@id\":\"https:\/\/ses-creative.com\/de\/produkt\/my-first-mein-erstes-fingerfarbenset-mit-bastelschuerze\/#primaryimage\"},\"thumbnailUrl\":\"https:\/\/ses-creative.com\/wp-content\/uploads\/2026\/01\/144491.jpg\",\"datePublished\":\"2026-02-05T13:52:49+00:00\",\"dateModified\":\"2026-02-06T09:51:43+00:00\",\"breadcrumb\":{\"@id\":\"https:\/\/ses-creative.com\/de\/produkt\/my-first-mein-erstes-fingerfarbenset-mit-bastelschuerze\/#breadcrumb\"},\"inLanguage\":\"de\",\"potentialAction\":[{\"@type\":\"ReadAction\",\"target\":[\"https:\/\/ses-creative.com\/de\/produkt\/my-first-mein-erstes-fingerfarbenset-mit-bastelschuerze\/\"]}]},{\"@type\":\"ImageObject\",\"inLanguage\":\"de\",\"@id\":\"https:\/\/ses-creative.com\/de\/produkt\/my-first-mein-erstes-fingerfarbenset-mit-bastelschuerze\/#primaryimage\",\"url\":\"https:\/\/ses-creative.com\/wp-content\/uploads\/2026\/01\/144491.jpg\",\"contentUrl\":\"https:\/\/ses-creative.com\/wp-content\/uploads\/2026\/01\/144491.jpg\",\"width\":1000,\"height\":1000},{\"@type\":\"BreadcrumbList\",\"@id\":\"https:\/\/ses-creative.com\/de\/produkt\/my-first-mein-erstes-fingerfarbenset-mit-bastelschuerze\/#breadcrumb\",\"itemListElement\":[{\"@type\":\"ListItem\",\"position\":1,\"name\":\"Shop\",\"item\":\"https:\/\/ses-creative.com\/de\/shop\/\"},{\"@type\":\"ListItem\",\"position\":2,\"name\":\"Baby &amp; Kleinkind\",\"item\":\"https:\/\/ses-creative.com\/de\/product-categorie\/baby-kleinkind\/\"},{\"@type\":\"ListItem\",\"position\":3,\"name\":\"My first &#8211; Mein erstes Fingerfarbenset mit Bastelsch\u00fcrze\"}]},{\"@type\":\"WebSite\",\"@id\":\"https:\/\/ses-creative.com\/#website\",\"url\":\"https:\/\/ses-creative.com\/\",\"name\":\"SES Creative\",\"description\":\"\",\"publisher\":{\"@id\":\"https:\/\/ses-creative.com\/#organization\"},\"potentialAction\":[{\"@type\":\"SearchAction\",\"target\":{\"@type\":\"EntryPoint\",\"urlTemplate\":\"https:\/\/ses-creative.com\/?s={search_term_string}\"},\"query-input\":{\"@type\":\"PropertyValueSpecification\",\"valueRequired\":true,\"valueName\":\"search_term_string\"}}],\"inLanguage\":\"de\"},{\"@type\":\"Organization\",\"@id\":\"https:\/\/ses-creative.com\/#organization\",\"name\":\"SES Creative\",\"url\":\"https:\/\/ses-creative.com\/\",\"logo\":{\"@type\":\"ImageObject\",\"inLanguage\":\"de\",\"@id\":\"https:\/\/ses-creative.com\/#\/schema\/logo\/image\/\",\"url\":\"https:\/\/ses-creative.com\/wp-content\/uploads\/2025\/10\/ses-creative-logo.jpg\",\"contentUrl\":\"https:\/\/ses-creative.com\/wp-content\/uploads\/2025\/10\/ses-creative-logo.jpg\",\"width\":2037,\"height\":2037,\"caption\":\"SES Creative\"},\"image\":{\"@id\":\"https:\/\/ses-creative.com\/#\/schema\/logo\/image\/\"}}]}<\/script>\n<!-- \/ Yoast SEO plugin. -->","yoast_head_json":{"title":"My first - Mein erstes Fingerfarbenset mit Bastelsch\u00fcrze - SES Creative","robots":{"index":"index","follow":"follow","max-snippet":"max-snippet:-1","max-image-preview":"max-image-preview:large","max-video-preview":"max-video-preview:-1"},"canonical":"https:\/\/ses-creative.com\/de\/produkt\/my-first-mein-erstes-fingerfarbenset-mit-bastelschuerze\/","og_locale":"de_DE","og_type":"article","og_title":"My first - Mein erstes Fingerfarbenset mit Bastelsch\u00fcrze - SES Creative","og_description":"Mein erstes Fingerfarben-Set mit Malsch\u00fcrze: Sicheres und kreatives Malen f\u00fcr die Kleinsten! Entdecken Sie das Fingermalen mit dem Set \u201eMein erstes Fingermal-Set mit Malsch\u00fcrze\u201c von SES Creative. Dieses Komplettset wurde speziell f\u00fcr Kleinkinder ab 1 Jahr entwickelt, eignet sich aber auch f\u00fcr Kinder ab 2, 3, 4 Jahren oder \u00e4lter, um ihre ersten Schritte in [&hellip;]","og_url":"https:\/\/ses-creative.com\/de\/produkt\/my-first-mein-erstes-fingerfarbenset-mit-bastelschuerze\/","og_site_name":"SES Creative","article_modified_time":"2026-02-06T09:51:43+00:00","twitter_card":"summary_large_image","twitter_misc":{"Gesch\u00e4tzte Lesezeit":"2\u00a0Minuten"},"schema":{"@context":"https:\/\/schema.org","@graph":[{"@type":"WebPage","@id":"https:\/\/ses-creative.com\/de\/produkt\/my-first-mein-erstes-fingerfarbenset-mit-bastelschuerze\/","url":"https:\/\/ses-creative.com\/de\/produkt\/my-first-mein-erstes-fingerfarbenset-mit-bastelschuerze\/","name":"My first - Mein erstes Fingerfarbenset mit Bastelsch\u00fcrze - SES Creative","isPartOf":{"@id":"https:\/\/ses-creative.com\/#website"},"primaryImageOfPage":{"@id":"https:\/\/ses-creative.com\/de\/produkt\/my-first-mein-erstes-fingerfarbenset-mit-bastelschuerze\/#primaryimage"},"image":{"@id":"https:\/\/ses-creative.com\/de\/produkt\/my-first-mein-erstes-fingerfarbenset-mit-bastelschuerze\/#primaryimage"},"thumbnailUrl":"https:\/\/ses-creative.com\/wp-content\/uploads\/2026\/01\/144491.jpg","datePublished":"2026-02-05T13:52:49+00:00","dateModified":"2026-02-06T09:51:43+00:00","breadcrumb":{"@id":"https:\/\/ses-creative.com\/de\/produkt\/my-first-mein-erstes-fingerfarbenset-mit-bastelschuerze\/#breadcrumb"},"inLanguage":"de","potentialAction":[{"@type":"ReadAction","target":["https:\/\/ses-creative.com\/de\/produkt\/my-first-mein-erstes-fingerfarbenset-mit-bastelschuerze\/"]}]},{"@type":"ImageObject","inLanguage":"de","@id":"https:\/\/ses-creative.com\/de\/produkt\/my-first-mein-erstes-fingerfarbenset-mit-bastelschuerze\/#primaryimage","url":"https:\/\/ses-creative.com\/wp-content\/uploads\/2026\/01\/144491.jpg","contentUrl":"https:\/\/ses-creative.com\/wp-content\/uploads\/2026\/01\/144491.jpg","width":1000,"height":1000},{"@type":"BreadcrumbList","@id":"https:\/\/ses-creative.com\/de\/produkt\/my-first-mein-erstes-fingerfarbenset-mit-bastelschuerze\/#breadcrumb","itemListElement":[{"@type":"ListItem","position":1,"name":"Shop","item":"https:\/\/ses-creative.com\/de\/shop\/"},{"@type":"ListItem","position":2,"name":"Baby &amp; Kleinkind","item":"https:\/\/ses-creative.com\/de\/product-categorie\/baby-kleinkind\/"},{"@type":"ListItem","position":3,"name":"My first &#8211; Mein erstes Fingerfarbenset mit Bastelsch\u00fcrze"}]},{"@type":"WebSite","@id":"https:\/\/ses-creative.com\/#website","url":"https:\/\/ses-creative.com\/","name":"SES Creative","description":"","publisher":{"@id":"https:\/\/ses-creative.com\/#organization"},"potentialAction":[{"@type":"SearchAction","target":{"@type":"EntryPoint","urlTemplate":"https:\/\/ses-creative.com\/?s={search_term_string}"},"query-input":{"@type":"PropertyValueSpecification","valueRequired":true,"valueName":"search_term_string"}}],"inLanguage":"de"},{"@type":"Organization","@id":"https:\/\/ses-creative.com\/#organization","name":"SES Creative","url":"https:\/\/ses-creative.com\/","logo":{"@type":"ImageObject","inLanguage":"de","@id":"https:\/\/ses-creative.com\/#\/schema\/logo\/image\/","url":"https:\/\/ses-creative.com\/wp-content\/uploads\/2025\/10\/ses-creative-logo.jpg","contentUrl":"https:\/\/ses-creative.com\/wp-content\/uploads\/2025\/10\/ses-creative-logo.jpg","width":2037,"height":2037,"caption":"SES Creative"},"image":{"@id":"https:\/\/ses-creative.com\/#\/schema\/logo\/image\/"}}]}},"_links":{"self":[{"href":"https:\/\/ses-creative.com\/de\/wp-json\/wp\/v2\/product\/114733","targetHints":{"allow":["GET"]}}],"collection":[{"href":"https:\/\/ses-creative.com\/de\/wp-json\/wp\/v2\/product"}],"about":[{"href":"https:\/\/ses-creative.com\/de\/wp-json\/wp\/v2\/types\/product"}],"replies":[{"embeddable":true,"href":"https:\/\/ses-creative.com\/de\/wp-json\/wp\/v2\/comments?post=114733"}],"wp:featuredmedia":[{"embeddable":true,"href":"https:\/\/ses-creative.com\/de\/wp-json\/wp\/v2\/media\/103196"}],"wp:attachment":[{"href":"https:\/\/ses-creative.com\/de\/wp-json\/wp\/v2\/media?parent=114733"}],"wp:term":[{"taxonomy":"product_brand","embeddable":true,"href":"https:\/\/ses-creative.com\/de\/wp-json\/wp\/v2\/product_brand?post=114733"},{"taxonomy":"product_cat","embeddable":true,"href":"https:\/\/ses-creative.com\/de\/wp-json\/wp\/v2\/product_cat?post=114733"},{"taxonomy":"product_tag","embeddable":true,"href":"https:\/\/ses-creative.com\/de\/wp-json\/wp\/v2\/product_tag?post=114733"}],"curies":[{"name":"wp","href":"https:\/\/api.w.org\/{rel}","templated":true}]}}