











{"id":114732,"date":"2026-02-05T13:52:49","date_gmt":"2026-02-05T13:52:49","guid":{"rendered":"https:\/\/ses-creative.com\/?post_type=product&#038;p=114732"},"modified":"2026-02-06T09:51:43","modified_gmt":"2026-02-06T09:51:43","slug":"my-first-fingerabdruck-fantasie-figuren","status":"publish","type":"product","link":"https:\/\/ses-creative.com\/de\/produkt\/my-first-fingerabdruck-fantasie-figuren\/","title":{"rendered":"My first &#8211; Fingerabdruck Fantasie Figuren"},"content":{"rendered":"<p>Tauchen Sie ein in eine Welt voller Wunder und Kreativit\u00e4t mit My First \u2013 Fingerabdruck-Farbe Fantasiefiguren!<br \/>\nDieses fr\u00f6hliche Set ist perfekt f\u00fcr Kleinkinder, die bereit sind, ihrer Fantasie freien Lauf zu lassen und die Magie der Kunst zu entdecken. Mit 10 fr\u00f6hlich bedruckten Karten mit Fantasiethemen k\u00f6nnen Kinder Einh\u00f6rner, magische Schmetterlinge und andere bezaubernde Wesen zum Leben erwecken. Jede Karte wurde entworfen, um Freude zu bereiten und Geschichten zu inspirieren, w\u00e4hrend junge K\u00fcnstler ihre pers\u00f6nliche Note hinzuf\u00fcgen.<br \/>\nWas dieses Set so gro\u00dfartig macht<br \/>\n&#8211;    Fr\u00f6hliches Fantasiethema, darunter Prinzessinnen-, Einhorn- und Delfinkarten<br \/>\n&#8211;    Die Fingerfarben lassen sich gut auswaschen, sowohl von Kleidung als auch von der Haut<br \/>\n&#8211;    Die Fingerfarben sind sicher und glutenfrei und f\u00fcr Kinder ab 1 Jahr geeignet<br \/>\n&#8211;    Einfach und macht Spa\u00df. F\u00f6rdert positive erste Erfahrungen mit Basteln<br \/>\n&#8211;    F\u00f6rdert die Entwicklung von Kreativit\u00e4t und motorischen F\u00e4higkeiten<br \/>\nWarum dieses Set perfekt f\u00fcr Sie ist<br \/>\nFingerfarben machen nicht nur Spa\u00df, sondern helfen auch bei der Entwicklung der Feinmotorik und der Hand-Augen-Koordination. W\u00e4hrend Kinder Farben mischen und einzigartige Designs kreieren, lernen sie spielerisch wichtige F\u00e4higkeiten. Die glutenfreien, abwaschbaren Farben sind hautfreundlich und leicht zu reinigen, was sowohl Kindern als auch Eltern unbeschwerten Spa\u00df garantiert.<br \/>\nDieses Set ist perfekt f\u00fcr kleine H\u00e4nde und f\u00f6rdert die praktische Kreativit\u00e4t, w\u00e4hrend Kinder Farben erkennen und entdecken lernen. Es eignet sich ideal f\u00fcr Einzel- oder Gruppenspiele und ist eine wunderbare M\u00f6glichkeit, die Fantasie und das Geschichtenerz\u00e4hlen bei kleinen Kindern anzuregen.<br \/>\nInhalt des Sets<br \/>\n&#8211;    10 fr\u00f6hliche Karten mit Fantasiethemen<br \/>\n&#8211;    3 Farben Fingerfarbe: Rosa, Lila, Gelb<br \/>\nWarum SES Creative w\u00e4hlen?<br \/>\nBei SES Creative legen wir gro\u00dfen Wert auf Sicherheit. Deshalb werden die Produkte in der Fabrik in den Niederlanden nach den strengsten europ\u00e4ischen Sicherheitsstandards hergestellt und getestet. Spielzeug von SES Creative sorgt f\u00fcr Spa\u00df und soll Kindern erm\u00f6glichen, stolz auf ihre Arbeit zu sein, was ihre Kreativit\u00e4t und Entwicklung f\u00f6rdert.<br \/>\nBeginnen Sie noch heute mit dem Fingerfarbenmalen!<br \/>\nHolen Sie sich My First \u2013 Fingerabdruckfarbe Fantasiefiguren nach Hause und sehen Sie, wie die Kreativit\u00e4t Ihres Kindes zum Leben erwacht. Es ist die perfekte Aktivit\u00e4t, um Neugier, Lachen und k\u00fcnstlerische Entdeckungsfreude zu wecken. <\/p>\n","protected":false},"excerpt":{"rendered":"<p>Tauchen Sie ein in eine Welt voller Wunder und Kreativit\u00e4t mit My First \u2013 Fingerabdruck-Farbe Fantasiefiguren! Dieses fr\u00f6hliche Set ist perfekt f\u00fcr Kleinkinder, die bereit sind, ihrer Fantasie freien Lauf zu lassen und die Magie der Kunst zu entdecken. Mit 10 fr\u00f6hlich bedruckten Karten mit Fantasiethemen k\u00f6nnen Kinder Einh\u00f6rner, magische Schmetterlinge und andere bezaubernde Wesen [&hellip;]<\/p>\n","protected":false},"featured_media":103176,"comment_status":"closed","ping_status":"closed","template":"","meta":{"_acf_changed":false},"product_brand":[],"product_cat":[116],"product_tag":[],"class_list":{"0":"post-114732","1":"product","2":"type-product","3":"status-publish","4":"has-post-thumbnail","6":"product_cat-baby-kleinkind","7":"pa_leeftijd-filter-0-2-jahre","8":"pa_meest-populair-bij-jungen-maedchen","10":"first","11":"instock","12":"shipping-taxable","13":"product-type-simple"},"acf":[],"yoast_head":"<!-- This site is optimized with the Yoast SEO plugin v27.2 - https:\/\/yoast.com\/product\/yoast-seo-wordpress\/ -->\n<title>My first - Fingerabdruck Fantasie Figuren - SES Creative<\/title>\n<meta name=\"robots\" content=\"index, follow, max-snippet:-1, max-image-preview:large, max-video-preview:-1\" \/>\n<link rel=\"canonical\" href=\"https:\/\/ses-creative.com\/de\/produkt\/my-first-fingerabdruck-fantasie-figuren\/\" \/>\n<meta property=\"og:locale\" content=\"de_DE\" \/>\n<meta property=\"og:type\" content=\"article\" \/>\n<meta property=\"og:title\" content=\"My first - Fingerabdruck Fantasie Figuren - SES Creative\" \/>\n<meta property=\"og:description\" content=\"Tauchen Sie ein in eine Welt voller Wunder und Kreativit\u00e4t mit My First \u2013 Fingerabdruck-Farbe Fantasiefiguren! Dieses fr\u00f6hliche Set ist perfekt f\u00fcr Kleinkinder, die bereit sind, ihrer Fantasie freien Lauf zu lassen und die Magie der Kunst zu entdecken. Mit 10 fr\u00f6hlich bedruckten Karten mit Fantasiethemen k\u00f6nnen Kinder Einh\u00f6rner, magische Schmetterlinge und andere bezaubernde Wesen [&hellip;]\" \/>\n<meta property=\"og:url\" content=\"https:\/\/ses-creative.com\/de\/produkt\/my-first-fingerabdruck-fantasie-figuren\/\" \/>\n<meta property=\"og:site_name\" content=\"SES Creative\" \/>\n<meta property=\"article:modified_time\" content=\"2026-02-06T09:51:43+00:00\" \/>\n<meta name=\"twitter:card\" content=\"summary_large_image\" \/>\n<meta name=\"twitter:label1\" content=\"Gesch\u00e4tzte Lesezeit\" \/>\n\t<meta name=\"twitter:data1\" content=\"2\u00a0Minuten\" \/>\n<script type=\"application\/ld+json\" class=\"yoast-schema-graph\">{\"@context\":\"https:\/\/schema.org\",\"@graph\":[{\"@type\":\"WebPage\",\"@id\":\"https:\/\/ses-creative.com\/de\/produkt\/my-first-fingerabdruck-fantasie-figuren\/\",\"url\":\"https:\/\/ses-creative.com\/de\/produkt\/my-first-fingerabdruck-fantasie-figuren\/\",\"name\":\"My first - Fingerabdruck Fantasie Figuren - SES Creative\",\"isPartOf\":{\"@id\":\"https:\/\/ses-creative.com\/#website\"},\"primaryImageOfPage\":{\"@id\":\"https:\/\/ses-creative.com\/de\/produkt\/my-first-fingerabdruck-fantasie-figuren\/#primaryimage\"},\"image\":{\"@id\":\"https:\/\/ses-creative.com\/de\/produkt\/my-first-fingerabdruck-fantasie-figuren\/#primaryimage\"},\"thumbnailUrl\":\"https:\/\/ses-creative.com\/wp-content\/uploads\/2026\/01\/144461.jpg\",\"datePublished\":\"2026-02-05T13:52:49+00:00\",\"dateModified\":\"2026-02-06T09:51:43+00:00\",\"breadcrumb\":{\"@id\":\"https:\/\/ses-creative.com\/de\/produkt\/my-first-fingerabdruck-fantasie-figuren\/#breadcrumb\"},\"inLanguage\":\"de\",\"potentialAction\":[{\"@type\":\"ReadAction\",\"target\":[\"https:\/\/ses-creative.com\/de\/produkt\/my-first-fingerabdruck-fantasie-figuren\/\"]}]},{\"@type\":\"ImageObject\",\"inLanguage\":\"de\",\"@id\":\"https:\/\/ses-creative.com\/de\/produkt\/my-first-fingerabdruck-fantasie-figuren\/#primaryimage\",\"url\":\"https:\/\/ses-creative.com\/wp-content\/uploads\/2026\/01\/144461.jpg\",\"contentUrl\":\"https:\/\/ses-creative.com\/wp-content\/uploads\/2026\/01\/144461.jpg\",\"width\":1000,\"height\":1000},{\"@type\":\"BreadcrumbList\",\"@id\":\"https:\/\/ses-creative.com\/de\/produkt\/my-first-fingerabdruck-fantasie-figuren\/#breadcrumb\",\"itemListElement\":[{\"@type\":\"ListItem\",\"position\":1,\"name\":\"Shop\",\"item\":\"https:\/\/ses-creative.com\/de\/shop\/\"},{\"@type\":\"ListItem\",\"position\":2,\"name\":\"Baby &amp; Kleinkind\",\"item\":\"https:\/\/ses-creative.com\/de\/product-categorie\/baby-kleinkind\/\"},{\"@type\":\"ListItem\",\"position\":3,\"name\":\"My first &#8211; Fingerabdruck Fantasie Figuren\"}]},{\"@type\":\"WebSite\",\"@id\":\"https:\/\/ses-creative.com\/#website\",\"url\":\"https:\/\/ses-creative.com\/\",\"name\":\"SES Creative\",\"description\":\"\",\"publisher\":{\"@id\":\"https:\/\/ses-creative.com\/#organization\"},\"potentialAction\":[{\"@type\":\"SearchAction\",\"target\":{\"@type\":\"EntryPoint\",\"urlTemplate\":\"https:\/\/ses-creative.com\/?s={search_term_string}\"},\"query-input\":{\"@type\":\"PropertyValueSpecification\",\"valueRequired\":true,\"valueName\":\"search_term_string\"}}],\"inLanguage\":\"de\"},{\"@type\":\"Organization\",\"@id\":\"https:\/\/ses-creative.com\/#organization\",\"name\":\"SES Creative\",\"url\":\"https:\/\/ses-creative.com\/\",\"logo\":{\"@type\":\"ImageObject\",\"inLanguage\":\"de\",\"@id\":\"https:\/\/ses-creative.com\/#\/schema\/logo\/image\/\",\"url\":\"https:\/\/ses-creative.com\/wp-content\/uploads\/2025\/10\/ses-creative-logo.jpg\",\"contentUrl\":\"https:\/\/ses-creative.com\/wp-content\/uploads\/2025\/10\/ses-creative-logo.jpg\",\"width\":2037,\"height\":2037,\"caption\":\"SES Creative\"},\"image\":{\"@id\":\"https:\/\/ses-creative.com\/#\/schema\/logo\/image\/\"}}]}<\/script>\n<!-- \/ Yoast SEO plugin. -->","yoast_head_json":{"title":"My first - Fingerabdruck Fantasie Figuren - SES Creative","robots":{"index":"index","follow":"follow","max-snippet":"max-snippet:-1","max-image-preview":"max-image-preview:large","max-video-preview":"max-video-preview:-1"},"canonical":"https:\/\/ses-creative.com\/de\/produkt\/my-first-fingerabdruck-fantasie-figuren\/","og_locale":"de_DE","og_type":"article","og_title":"My first - Fingerabdruck Fantasie Figuren - SES Creative","og_description":"Tauchen Sie ein in eine Welt voller Wunder und Kreativit\u00e4t mit My First \u2013 Fingerabdruck-Farbe Fantasiefiguren! Dieses fr\u00f6hliche Set ist perfekt f\u00fcr Kleinkinder, die bereit sind, ihrer Fantasie freien Lauf zu lassen und die Magie der Kunst zu entdecken. Mit 10 fr\u00f6hlich bedruckten Karten mit Fantasiethemen k\u00f6nnen Kinder Einh\u00f6rner, magische Schmetterlinge und andere bezaubernde Wesen [&hellip;]","og_url":"https:\/\/ses-creative.com\/de\/produkt\/my-first-fingerabdruck-fantasie-figuren\/","og_site_name":"SES Creative","article_modified_time":"2026-02-06T09:51:43+00:00","twitter_card":"summary_large_image","twitter_misc":{"Gesch\u00e4tzte Lesezeit":"2\u00a0Minuten"},"schema":{"@context":"https:\/\/schema.org","@graph":[{"@type":"WebPage","@id":"https:\/\/ses-creative.com\/de\/produkt\/my-first-fingerabdruck-fantasie-figuren\/","url":"https:\/\/ses-creative.com\/de\/produkt\/my-first-fingerabdruck-fantasie-figuren\/","name":"My first - Fingerabdruck Fantasie Figuren - SES Creative","isPartOf":{"@id":"https:\/\/ses-creative.com\/#website"},"primaryImageOfPage":{"@id":"https:\/\/ses-creative.com\/de\/produkt\/my-first-fingerabdruck-fantasie-figuren\/#primaryimage"},"image":{"@id":"https:\/\/ses-creative.com\/de\/produkt\/my-first-fingerabdruck-fantasie-figuren\/#primaryimage"},"thumbnailUrl":"https:\/\/ses-creative.com\/wp-content\/uploads\/2026\/01\/144461.jpg","datePublished":"2026-02-05T13:52:49+00:00","dateModified":"2026-02-06T09:51:43+00:00","breadcrumb":{"@id":"https:\/\/ses-creative.com\/de\/produkt\/my-first-fingerabdruck-fantasie-figuren\/#breadcrumb"},"inLanguage":"de","potentialAction":[{"@type":"ReadAction","target":["https:\/\/ses-creative.com\/de\/produkt\/my-first-fingerabdruck-fantasie-figuren\/"]}]},{"@type":"ImageObject","inLanguage":"de","@id":"https:\/\/ses-creative.com\/de\/produkt\/my-first-fingerabdruck-fantasie-figuren\/#primaryimage","url":"https:\/\/ses-creative.com\/wp-content\/uploads\/2026\/01\/144461.jpg","contentUrl":"https:\/\/ses-creative.com\/wp-content\/uploads\/2026\/01\/144461.jpg","width":1000,"height":1000},{"@type":"BreadcrumbList","@id":"https:\/\/ses-creative.com\/de\/produkt\/my-first-fingerabdruck-fantasie-figuren\/#breadcrumb","itemListElement":[{"@type":"ListItem","position":1,"name":"Shop","item":"https:\/\/ses-creative.com\/de\/shop\/"},{"@type":"ListItem","position":2,"name":"Baby &amp; Kleinkind","item":"https:\/\/ses-creative.com\/de\/product-categorie\/baby-kleinkind\/"},{"@type":"ListItem","position":3,"name":"My first &#8211; Fingerabdruck Fantasie Figuren"}]},{"@type":"WebSite","@id":"https:\/\/ses-creative.com\/#website","url":"https:\/\/ses-creative.com\/","name":"SES Creative","description":"","publisher":{"@id":"https:\/\/ses-creative.com\/#organization"},"potentialAction":[{"@type":"SearchAction","target":{"@type":"EntryPoint","urlTemplate":"https:\/\/ses-creative.com\/?s={search_term_string}"},"query-input":{"@type":"PropertyValueSpecification","valueRequired":true,"valueName":"search_term_string"}}],"inLanguage":"de"},{"@type":"Organization","@id":"https:\/\/ses-creative.com\/#organization","name":"SES Creative","url":"https:\/\/ses-creative.com\/","logo":{"@type":"ImageObject","inLanguage":"de","@id":"https:\/\/ses-creative.com\/#\/schema\/logo\/image\/","url":"https:\/\/ses-creative.com\/wp-content\/uploads\/2025\/10\/ses-creative-logo.jpg","contentUrl":"https:\/\/ses-creative.com\/wp-content\/uploads\/2025\/10\/ses-creative-logo.jpg","width":2037,"height":2037,"caption":"SES Creative"},"image":{"@id":"https:\/\/ses-creative.com\/#\/schema\/logo\/image\/"}}]}},"_links":{"self":[{"href":"https:\/\/ses-creative.com\/de\/wp-json\/wp\/v2\/product\/114732","targetHints":{"allow":["GET"]}}],"collection":[{"href":"https:\/\/ses-creative.com\/de\/wp-json\/wp\/v2\/product"}],"about":[{"href":"https:\/\/ses-creative.com\/de\/wp-json\/wp\/v2\/types\/product"}],"replies":[{"embeddable":true,"href":"https:\/\/ses-creative.com\/de\/wp-json\/wp\/v2\/comments?post=114732"}],"wp:featuredmedia":[{"embeddable":true,"href":"https:\/\/ses-creative.com\/de\/wp-json\/wp\/v2\/media\/103176"}],"wp:attachment":[{"href":"https:\/\/ses-creative.com\/de\/wp-json\/wp\/v2\/media?parent=114732"}],"wp:term":[{"taxonomy":"product_brand","embeddable":true,"href":"https:\/\/ses-creative.com\/de\/wp-json\/wp\/v2\/product_brand?post=114732"},{"taxonomy":"product_cat","embeddable":true,"href":"https:\/\/ses-creative.com\/de\/wp-json\/wp\/v2\/product_cat?post=114732"},{"taxonomy":"product_tag","embeddable":true,"href":"https:\/\/ses-creative.com\/de\/wp-json\/wp\/v2\/product_tag?post=114732"}],"curies":[{"name":"wp","href":"https:\/\/api.w.org\/{rel}","templated":true}]}}