











{"id":114731,"date":"2026-02-05T13:52:49","date_gmt":"2026-02-05T13:52:49","guid":{"rendered":"https:\/\/ses-creative.com\/?post_type=product&#038;p=114731"},"modified":"2026-02-06T09:51:43","modified_gmt":"2026-02-06T09:51:43","slug":"my-first-fingerfarben-kreationen-mega-set","status":"publish","type":"product","link":"https:\/\/ses-creative.com\/de\/produkt\/my-first-fingerfarben-kreationen-mega-set\/","title":{"rendered":"My first &#8211; Fingerfarben-Kreationen Mega-Set"},"content":{"rendered":"<p>Lassen Sie der Kreativit\u00e4t freien Lauf mit dem Mega-Set \u201eMeine ersten Fingerfarben-Kreationen\u201c!<br \/>\nGeben Sie Ihrem Kind einen magischen ersten Einblick in Kunst und Kreativit\u00e4t! Mit dem Mega-Set \u201eFingerfarben-Kreationen\u201d kann Ihr Kind sicher mit Farben, Formen und Texturen experimentieren. Dieses Komplettset ist ideal f\u00fcr Kleinkinder ab 1 Jahr und bietet endlosen Spa\u00df und regt die Fantasie, die motorischen F\u00e4higkeiten und die Selbstdarstellung an. Fingerfarben auf die Vorlagen auftragen, ganz alleine oder mit den Pinseln \u2013 alles ist m\u00f6glich!<br \/>\nWas dieses Set so gro\u00dfartig macht<br \/>\n&#8211;    Komplettes Set f\u00fcr endlosen Spielspa\u00df<br \/>\n&#8211;    Die Fingerfarben sind sicher und glutenfrei und f\u00fcr Kinder ab 1 Jahr geeignet<br \/>\n&#8211;    Mit Sch\u00fcrze<br \/>\n&#8211;    F\u00f6rdert die Feinmotorik und Hand-Augen-Koordination \u2013 Kinder entwickeln spielerisch wichtige F\u00e4higkeiten.<br \/>\n&#8211;    Die Fingerfarben lassen sich gut auswaschen, sowohl aus Kleidung als auch von der Haut<br \/>\nKomplettes Set f\u00fcr stundenlangen Spielspa\u00df<br \/>\nDas Set enth\u00e4lt alles, was f\u00fcr stundenlangen k\u00fcnstlerischen Spa\u00df ben\u00f6tigt wird. Ihr Kind kann in die sechs leuchtenden Fingerfarben eintauchen, mit Strichen, Streifen und Punkten experimentieren und so fr\u00f6hliche, einzigartige Meisterwerke schaffen. Damit alles sauber bleibt, enth\u00e4lt das Set auch eine bequeme Malsch\u00fcrze, sodass sich Ihr Kind auf das Gestalten konzentrieren kann, w\u00e4hrend es sauber und gl\u00fccklich bleibt. Eltern werden es zu sch\u00e4tzen wissen, dass dieses Set die Feinmotorik f\u00f6rdert und einen sicheren und unterhaltsamen Einstieg in die Malerei bietet.<br \/>\nInhalt des Sets<br \/>\n&#8211;    20 Fingerfarben-Farbkarten<br \/>\n&#8211;    6 Farben Fingerfarben (rosa, rot, gr\u00fcn, orange, gelb, blau)<br \/>\n&#8211;    Malsch\u00fcrze<br \/>\n&#8211;    Verschiedene Pinsel<br \/>\n&#8211;    2 Meter wei\u00dfes Zeichenpapier<br \/>\nWarum SES Creative w\u00e4hlen?<br \/>\nBei SES Creative legen wir gro\u00dfen Wert auf Sicherheit. Deshalb werden die Produkte in unserer Fabrik in den Niederlanden nach den strengsten europ\u00e4ischen Sicherheitsnormen hergestellt und getestet. Spielzeug von SES Creative macht Spa\u00df und soll Kindern erm\u00f6glichen, stolz auf ihre Arbeit zu sein, was ihre Kreativit\u00e4t und Entwicklung f\u00f6rdert.<br \/>\nLassen Sie Ihr Kind die Magie der Kunst entdecken!<br \/>\nSchaffen Sie gemeinsam die sch\u00f6nsten Kunstwerke mit dem Mega-Set \u201eMeine ersten Fingerfarben-Kreationen\u201c. Eine spielerische und sichere M\u00f6glichkeit, die Fantasie Ihres Kindes zu befl\u00fcgeln. Bestellen Sie noch heute und lassen Sie der Kreativit\u00e4t freien Lauf!<\/p>\n","protected":false},"excerpt":{"rendered":"<p>Lassen Sie der Kreativit\u00e4t freien Lauf mit dem Mega-Set \u201eMeine ersten Fingerfarben-Kreationen\u201c! Geben Sie Ihrem Kind einen magischen ersten Einblick in Kunst und Kreativit\u00e4t! Mit dem Mega-Set \u201eFingerfarben-Kreationen\u201d kann Ihr Kind sicher mit Farben, Formen und Texturen experimentieren. Dieses Komplettset ist ideal f\u00fcr Kleinkinder ab 1 Jahr und bietet endlosen Spa\u00df und regt die Fantasie, [&hellip;]<\/p>\n","protected":false},"featured_media":103156,"comment_status":"closed","ping_status":"closed","template":"","meta":{"_acf_changed":false},"product_brand":[],"product_cat":[116],"product_tag":[],"class_list":{"0":"post-114731","1":"product","2":"type-product","3":"status-publish","4":"has-post-thumbnail","6":"product_cat-baby-kleinkind","7":"pa_leeftijd-filter-0-2-jahre","8":"pa_meest-populair-bij-jungen-maedchen","10":"first","11":"instock","12":"shipping-taxable","13":"product-type-simple"},"acf":[],"yoast_head":"<!-- This site is optimized with the Yoast SEO plugin v27.2 - https:\/\/yoast.com\/product\/yoast-seo-wordpress\/ -->\n<title>My first - Fingerfarben-Kreationen Mega-Set - SES Creative<\/title>\n<meta name=\"robots\" content=\"index, follow, max-snippet:-1, max-image-preview:large, max-video-preview:-1\" \/>\n<link rel=\"canonical\" href=\"https:\/\/ses-creative.com\/de\/produkt\/my-first-fingerfarben-kreationen-mega-set\/\" \/>\n<meta property=\"og:locale\" content=\"de_DE\" \/>\n<meta property=\"og:type\" content=\"article\" \/>\n<meta property=\"og:title\" content=\"My first - Fingerfarben-Kreationen Mega-Set - SES Creative\" \/>\n<meta property=\"og:description\" content=\"Lassen Sie der Kreativit\u00e4t freien Lauf mit dem Mega-Set \u201eMeine ersten Fingerfarben-Kreationen\u201c! Geben Sie Ihrem Kind einen magischen ersten Einblick in Kunst und Kreativit\u00e4t! Mit dem Mega-Set \u201eFingerfarben-Kreationen\u201d kann Ihr Kind sicher mit Farben, Formen und Texturen experimentieren. Dieses Komplettset ist ideal f\u00fcr Kleinkinder ab 1 Jahr und bietet endlosen Spa\u00df und regt die Fantasie, [&hellip;]\" \/>\n<meta property=\"og:url\" content=\"https:\/\/ses-creative.com\/de\/produkt\/my-first-fingerfarben-kreationen-mega-set\/\" \/>\n<meta property=\"og:site_name\" content=\"SES Creative\" \/>\n<meta property=\"article:modified_time\" content=\"2026-02-06T09:51:43+00:00\" \/>\n<meta name=\"twitter:card\" content=\"summary_large_image\" \/>\n<meta name=\"twitter:label1\" content=\"Gesch\u00e4tzte Lesezeit\" \/>\n\t<meta name=\"twitter:data1\" content=\"2\u00a0Minuten\" \/>\n<script type=\"application\/ld+json\" class=\"yoast-schema-graph\">{\"@context\":\"https:\/\/schema.org\",\"@graph\":[{\"@type\":\"WebPage\",\"@id\":\"https:\/\/ses-creative.com\/de\/produkt\/my-first-fingerfarben-kreationen-mega-set\/\",\"url\":\"https:\/\/ses-creative.com\/de\/produkt\/my-first-fingerfarben-kreationen-mega-set\/\",\"name\":\"My first - Fingerfarben-Kreationen Mega-Set - SES Creative\",\"isPartOf\":{\"@id\":\"https:\/\/ses-creative.com\/#website\"},\"primaryImageOfPage\":{\"@id\":\"https:\/\/ses-creative.com\/de\/produkt\/my-first-fingerfarben-kreationen-mega-set\/#primaryimage\"},\"image\":{\"@id\":\"https:\/\/ses-creative.com\/de\/produkt\/my-first-fingerfarben-kreationen-mega-set\/#primaryimage\"},\"thumbnailUrl\":\"https:\/\/ses-creative.com\/wp-content\/uploads\/2026\/01\/144451.jpg\",\"datePublished\":\"2026-02-05T13:52:49+00:00\",\"dateModified\":\"2026-02-06T09:51:43+00:00\",\"breadcrumb\":{\"@id\":\"https:\/\/ses-creative.com\/de\/produkt\/my-first-fingerfarben-kreationen-mega-set\/#breadcrumb\"},\"inLanguage\":\"de\",\"potentialAction\":[{\"@type\":\"ReadAction\",\"target\":[\"https:\/\/ses-creative.com\/de\/produkt\/my-first-fingerfarben-kreationen-mega-set\/\"]}]},{\"@type\":\"ImageObject\",\"inLanguage\":\"de\",\"@id\":\"https:\/\/ses-creative.com\/de\/produkt\/my-first-fingerfarben-kreationen-mega-set\/#primaryimage\",\"url\":\"https:\/\/ses-creative.com\/wp-content\/uploads\/2026\/01\/144451.jpg\",\"contentUrl\":\"https:\/\/ses-creative.com\/wp-content\/uploads\/2026\/01\/144451.jpg\",\"width\":1000,\"height\":1000},{\"@type\":\"BreadcrumbList\",\"@id\":\"https:\/\/ses-creative.com\/de\/produkt\/my-first-fingerfarben-kreationen-mega-set\/#breadcrumb\",\"itemListElement\":[{\"@type\":\"ListItem\",\"position\":1,\"name\":\"Shop\",\"item\":\"https:\/\/ses-creative.com\/de\/shop\/\"},{\"@type\":\"ListItem\",\"position\":2,\"name\":\"Baby &amp; Kleinkind\",\"item\":\"https:\/\/ses-creative.com\/de\/product-categorie\/baby-kleinkind\/\"},{\"@type\":\"ListItem\",\"position\":3,\"name\":\"My first &#8211; Fingerfarben-Kreationen Mega-Set\"}]},{\"@type\":\"WebSite\",\"@id\":\"https:\/\/ses-creative.com\/#website\",\"url\":\"https:\/\/ses-creative.com\/\",\"name\":\"SES Creative\",\"description\":\"\",\"publisher\":{\"@id\":\"https:\/\/ses-creative.com\/#organization\"},\"potentialAction\":[{\"@type\":\"SearchAction\",\"target\":{\"@type\":\"EntryPoint\",\"urlTemplate\":\"https:\/\/ses-creative.com\/?s={search_term_string}\"},\"query-input\":{\"@type\":\"PropertyValueSpecification\",\"valueRequired\":true,\"valueName\":\"search_term_string\"}}],\"inLanguage\":\"de\"},{\"@type\":\"Organization\",\"@id\":\"https:\/\/ses-creative.com\/#organization\",\"name\":\"SES Creative\",\"url\":\"https:\/\/ses-creative.com\/\",\"logo\":{\"@type\":\"ImageObject\",\"inLanguage\":\"de\",\"@id\":\"https:\/\/ses-creative.com\/#\/schema\/logo\/image\/\",\"url\":\"https:\/\/ses-creative.com\/wp-content\/uploads\/2025\/10\/ses-creative-logo.jpg\",\"contentUrl\":\"https:\/\/ses-creative.com\/wp-content\/uploads\/2025\/10\/ses-creative-logo.jpg\",\"width\":2037,\"height\":2037,\"caption\":\"SES Creative\"},\"image\":{\"@id\":\"https:\/\/ses-creative.com\/#\/schema\/logo\/image\/\"}}]}<\/script>\n<!-- \/ Yoast SEO plugin. -->","yoast_head_json":{"title":"My first - Fingerfarben-Kreationen Mega-Set - SES Creative","robots":{"index":"index","follow":"follow","max-snippet":"max-snippet:-1","max-image-preview":"max-image-preview:large","max-video-preview":"max-video-preview:-1"},"canonical":"https:\/\/ses-creative.com\/de\/produkt\/my-first-fingerfarben-kreationen-mega-set\/","og_locale":"de_DE","og_type":"article","og_title":"My first - Fingerfarben-Kreationen Mega-Set - SES Creative","og_description":"Lassen Sie der Kreativit\u00e4t freien Lauf mit dem Mega-Set \u201eMeine ersten Fingerfarben-Kreationen\u201c! Geben Sie Ihrem Kind einen magischen ersten Einblick in Kunst und Kreativit\u00e4t! Mit dem Mega-Set \u201eFingerfarben-Kreationen\u201d kann Ihr Kind sicher mit Farben, Formen und Texturen experimentieren. Dieses Komplettset ist ideal f\u00fcr Kleinkinder ab 1 Jahr und bietet endlosen Spa\u00df und regt die Fantasie, [&hellip;]","og_url":"https:\/\/ses-creative.com\/de\/produkt\/my-first-fingerfarben-kreationen-mega-set\/","og_site_name":"SES Creative","article_modified_time":"2026-02-06T09:51:43+00:00","twitter_card":"summary_large_image","twitter_misc":{"Gesch\u00e4tzte Lesezeit":"2\u00a0Minuten"},"schema":{"@context":"https:\/\/schema.org","@graph":[{"@type":"WebPage","@id":"https:\/\/ses-creative.com\/de\/produkt\/my-first-fingerfarben-kreationen-mega-set\/","url":"https:\/\/ses-creative.com\/de\/produkt\/my-first-fingerfarben-kreationen-mega-set\/","name":"My first - Fingerfarben-Kreationen Mega-Set - SES Creative","isPartOf":{"@id":"https:\/\/ses-creative.com\/#website"},"primaryImageOfPage":{"@id":"https:\/\/ses-creative.com\/de\/produkt\/my-first-fingerfarben-kreationen-mega-set\/#primaryimage"},"image":{"@id":"https:\/\/ses-creative.com\/de\/produkt\/my-first-fingerfarben-kreationen-mega-set\/#primaryimage"},"thumbnailUrl":"https:\/\/ses-creative.com\/wp-content\/uploads\/2026\/01\/144451.jpg","datePublished":"2026-02-05T13:52:49+00:00","dateModified":"2026-02-06T09:51:43+00:00","breadcrumb":{"@id":"https:\/\/ses-creative.com\/de\/produkt\/my-first-fingerfarben-kreationen-mega-set\/#breadcrumb"},"inLanguage":"de","potentialAction":[{"@type":"ReadAction","target":["https:\/\/ses-creative.com\/de\/produkt\/my-first-fingerfarben-kreationen-mega-set\/"]}]},{"@type":"ImageObject","inLanguage":"de","@id":"https:\/\/ses-creative.com\/de\/produkt\/my-first-fingerfarben-kreationen-mega-set\/#primaryimage","url":"https:\/\/ses-creative.com\/wp-content\/uploads\/2026\/01\/144451.jpg","contentUrl":"https:\/\/ses-creative.com\/wp-content\/uploads\/2026\/01\/144451.jpg","width":1000,"height":1000},{"@type":"BreadcrumbList","@id":"https:\/\/ses-creative.com\/de\/produkt\/my-first-fingerfarben-kreationen-mega-set\/#breadcrumb","itemListElement":[{"@type":"ListItem","position":1,"name":"Shop","item":"https:\/\/ses-creative.com\/de\/shop\/"},{"@type":"ListItem","position":2,"name":"Baby &amp; Kleinkind","item":"https:\/\/ses-creative.com\/de\/product-categorie\/baby-kleinkind\/"},{"@type":"ListItem","position":3,"name":"My first &#8211; Fingerfarben-Kreationen Mega-Set"}]},{"@type":"WebSite","@id":"https:\/\/ses-creative.com\/#website","url":"https:\/\/ses-creative.com\/","name":"SES Creative","description":"","publisher":{"@id":"https:\/\/ses-creative.com\/#organization"},"potentialAction":[{"@type":"SearchAction","target":{"@type":"EntryPoint","urlTemplate":"https:\/\/ses-creative.com\/?s={search_term_string}"},"query-input":{"@type":"PropertyValueSpecification","valueRequired":true,"valueName":"search_term_string"}}],"inLanguage":"de"},{"@type":"Organization","@id":"https:\/\/ses-creative.com\/#organization","name":"SES Creative","url":"https:\/\/ses-creative.com\/","logo":{"@type":"ImageObject","inLanguage":"de","@id":"https:\/\/ses-creative.com\/#\/schema\/logo\/image\/","url":"https:\/\/ses-creative.com\/wp-content\/uploads\/2025\/10\/ses-creative-logo.jpg","contentUrl":"https:\/\/ses-creative.com\/wp-content\/uploads\/2025\/10\/ses-creative-logo.jpg","width":2037,"height":2037,"caption":"SES Creative"},"image":{"@id":"https:\/\/ses-creative.com\/#\/schema\/logo\/image\/"}}]}},"_links":{"self":[{"href":"https:\/\/ses-creative.com\/de\/wp-json\/wp\/v2\/product\/114731","targetHints":{"allow":["GET"]}}],"collection":[{"href":"https:\/\/ses-creative.com\/de\/wp-json\/wp\/v2\/product"}],"about":[{"href":"https:\/\/ses-creative.com\/de\/wp-json\/wp\/v2\/types\/product"}],"replies":[{"embeddable":true,"href":"https:\/\/ses-creative.com\/de\/wp-json\/wp\/v2\/comments?post=114731"}],"wp:featuredmedia":[{"embeddable":true,"href":"https:\/\/ses-creative.com\/de\/wp-json\/wp\/v2\/media\/103156"}],"wp:attachment":[{"href":"https:\/\/ses-creative.com\/de\/wp-json\/wp\/v2\/media?parent=114731"}],"wp:term":[{"taxonomy":"product_brand","embeddable":true,"href":"https:\/\/ses-creative.com\/de\/wp-json\/wp\/v2\/product_brand?post=114731"},{"taxonomy":"product_cat","embeddable":true,"href":"https:\/\/ses-creative.com\/de\/wp-json\/wp\/v2\/product_cat?post=114731"},{"taxonomy":"product_tag","embeddable":true,"href":"https:\/\/ses-creative.com\/de\/wp-json\/wp\/v2\/product_tag?post=114731"}],"curies":[{"name":"wp","href":"https:\/\/api.w.org\/{rel}","templated":true}]}}