











{"id":114730,"date":"2026-02-05T13:52:46","date_gmt":"2026-02-05T13:52:46","guid":{"rendered":"https:\/\/ses-creative.com\/?post_type=product&#038;p=114730"},"modified":"2026-02-06T09:51:42","modified_gmt":"2026-02-06T09:51:42","slug":"my-first-fingerfarben-tiere","status":"publish","type":"product","link":"https:\/\/ses-creative.com\/de\/produkt\/my-first-fingerfarben-tiere\/","title":{"rendered":"My first &#8211; Fingerfarben Tiere"},"content":{"rendered":"<p>F\u00fchren Sie Ihr Kind mit dem Fingermalset Tiere My First von SES Creative in die Freude am Malen ein! Dieses spielerische und p\u00e4dagogische Set wurde speziell f\u00fcr Kleinkinder ab 1 Jahr entwickelt und erm\u00f6glicht es ihnen, Farben, Formen und Texturen durch eine altersgerechte Sinnesaktivit\u00e4t zu entdecken.<\/p>\n<p>Dank der ultraweichen und abwaschbaren Fingerfarben k\u00f6nnen die Kinder ihre Kreativit\u00e4t gefahrlos ausleben. Die hypoallergene und ungiftige Farbe l\u00e4sst sich leicht abwischen und sorgt so f\u00fcr unbeschwerte Spielmomente. Mit seinen 10 Seiten, die mit h\u00fcbschen Tieren illustriert sind, bietet dieses Set eine ideale Grundlage, um die Feinmotorik und die Koordination zu entwickeln, w\u00e4hrend es Spa\u00df macht, Abdr\u00fccke und bunte Muster zu hinterlassen.<\/p>\n<p>Das Set ist sofort einsatzbereit und enth\u00e4lt alles, was man zum sofortigen Malen braucht: Farbt\u00f6pfe mit gelber und blauer Farbe und illustrierte Bl\u00e4tter. Sie brauchen nicht mehr nach zus\u00e4tzlichen Materialien zu suchen, Ihr Kind kann sofort nach dem \u00d6ffnen der Box seiner Fantasie freien Lauf lassen!<\/p>\n<p>Dieses kreative Spiel ist auch ein perfektes Geschenk f\u00fcr einen Geburtstag, Weihnachten oder einen anderen besonderen Anlass. Schenken Sie Ihren Kleinen einen Moment der Entdeckung und des k\u00fcnstlerischen Erwachens mit einem Qualit\u00e4tsprodukt, das in den Niederlanden von SES Creative entwickelt wurde, einer engagierten Marke, die sicheres, abwaschbares und umweltfreundliches Spielzeug herstellt.<\/p>\n","protected":false},"excerpt":{"rendered":"<p>F\u00fchren Sie Ihr Kind mit dem Fingermalset Tiere My First von SES Creative in die Freude am Malen ein! Dieses spielerische und p\u00e4dagogische Set wurde speziell f\u00fcr Kleinkinder ab 1 Jahr entwickelt und erm\u00f6glicht es ihnen, Farben, Formen und Texturen durch eine altersgerechte Sinnesaktivit\u00e4t zu entdecken. Dank der ultraweichen und abwaschbaren Fingerfarben k\u00f6nnen die Kinder [&hellip;]<\/p>\n","protected":false},"featured_media":103136,"comment_status":"closed","ping_status":"closed","template":"","meta":{"_acf_changed":false},"product_brand":[],"product_cat":[116],"product_tag":[],"class_list":{"0":"post-114730","1":"product","2":"type-product","3":"status-publish","4":"has-post-thumbnail","6":"product_cat-baby-kleinkind","7":"pa_leeftijd-filter-0-2-jahre","8":"pa_meest-populair-bij-jungen-maedchen","10":"first","11":"instock","12":"shipping-taxable","13":"product-type-simple"},"acf":[],"yoast_head":"<!-- This site is optimized with the Yoast SEO plugin v27.2 - https:\/\/yoast.com\/product\/yoast-seo-wordpress\/ -->\n<title>My first - Fingerfarben Tiere - SES Creative<\/title>\n<meta name=\"robots\" content=\"index, follow, max-snippet:-1, max-image-preview:large, max-video-preview:-1\" \/>\n<link rel=\"canonical\" href=\"https:\/\/ses-creative.com\/de\/produkt\/my-first-fingerfarben-tiere\/\" \/>\n<meta property=\"og:locale\" content=\"de_DE\" \/>\n<meta property=\"og:type\" content=\"article\" \/>\n<meta property=\"og:title\" content=\"My first - Fingerfarben Tiere - SES Creative\" \/>\n<meta property=\"og:description\" content=\"F\u00fchren Sie Ihr Kind mit dem Fingermalset Tiere My First von SES Creative in die Freude am Malen ein! Dieses spielerische und p\u00e4dagogische Set wurde speziell f\u00fcr Kleinkinder ab 1 Jahr entwickelt und erm\u00f6glicht es ihnen, Farben, Formen und Texturen durch eine altersgerechte Sinnesaktivit\u00e4t zu entdecken. Dank der ultraweichen und abwaschbaren Fingerfarben k\u00f6nnen die Kinder [&hellip;]\" \/>\n<meta property=\"og:url\" content=\"https:\/\/ses-creative.com\/de\/produkt\/my-first-fingerfarben-tiere\/\" \/>\n<meta property=\"og:site_name\" content=\"SES Creative\" \/>\n<meta property=\"article:modified_time\" content=\"2026-02-06T09:51:42+00:00\" \/>\n<meta name=\"twitter:card\" content=\"summary_large_image\" \/>\n<meta name=\"twitter:label1\" content=\"Gesch\u00e4tzte Lesezeit\" \/>\n\t<meta name=\"twitter:data1\" content=\"1\u00a0Minute\" \/>\n<script type=\"application\/ld+json\" class=\"yoast-schema-graph\">{\"@context\":\"https:\/\/schema.org\",\"@graph\":[{\"@type\":\"WebPage\",\"@id\":\"https:\/\/ses-creative.com\/de\/produkt\/my-first-fingerfarben-tiere\/\",\"url\":\"https:\/\/ses-creative.com\/de\/produkt\/my-first-fingerfarben-tiere\/\",\"name\":\"My first - Fingerfarben Tiere - SES Creative\",\"isPartOf\":{\"@id\":\"https:\/\/ses-creative.com\/#website\"},\"primaryImageOfPage\":{\"@id\":\"https:\/\/ses-creative.com\/de\/produkt\/my-first-fingerfarben-tiere\/#primaryimage\"},\"image\":{\"@id\":\"https:\/\/ses-creative.com\/de\/produkt\/my-first-fingerfarben-tiere\/#primaryimage\"},\"thumbnailUrl\":\"https:\/\/ses-creative.com\/wp-content\/uploads\/2026\/01\/144441.jpg\",\"datePublished\":\"2026-02-05T13:52:46+00:00\",\"dateModified\":\"2026-02-06T09:51:42+00:00\",\"breadcrumb\":{\"@id\":\"https:\/\/ses-creative.com\/de\/produkt\/my-first-fingerfarben-tiere\/#breadcrumb\"},\"inLanguage\":\"de\",\"potentialAction\":[{\"@type\":\"ReadAction\",\"target\":[\"https:\/\/ses-creative.com\/de\/produkt\/my-first-fingerfarben-tiere\/\"]}]},{\"@type\":\"ImageObject\",\"inLanguage\":\"de\",\"@id\":\"https:\/\/ses-creative.com\/de\/produkt\/my-first-fingerfarben-tiere\/#primaryimage\",\"url\":\"https:\/\/ses-creative.com\/wp-content\/uploads\/2026\/01\/144441.jpg\",\"contentUrl\":\"https:\/\/ses-creative.com\/wp-content\/uploads\/2026\/01\/144441.jpg\",\"width\":1000,\"height\":1000},{\"@type\":\"BreadcrumbList\",\"@id\":\"https:\/\/ses-creative.com\/de\/produkt\/my-first-fingerfarben-tiere\/#breadcrumb\",\"itemListElement\":[{\"@type\":\"ListItem\",\"position\":1,\"name\":\"Shop\",\"item\":\"https:\/\/ses-creative.com\/de\/shop\/\"},{\"@type\":\"ListItem\",\"position\":2,\"name\":\"Baby &amp; Kleinkind\",\"item\":\"https:\/\/ses-creative.com\/de\/product-categorie\/baby-kleinkind\/\"},{\"@type\":\"ListItem\",\"position\":3,\"name\":\"My first &#8211; Fingerfarben Tiere\"}]},{\"@type\":\"WebSite\",\"@id\":\"https:\/\/ses-creative.com\/#website\",\"url\":\"https:\/\/ses-creative.com\/\",\"name\":\"SES Creative\",\"description\":\"\",\"publisher\":{\"@id\":\"https:\/\/ses-creative.com\/#organization\"},\"potentialAction\":[{\"@type\":\"SearchAction\",\"target\":{\"@type\":\"EntryPoint\",\"urlTemplate\":\"https:\/\/ses-creative.com\/?s={search_term_string}\"},\"query-input\":{\"@type\":\"PropertyValueSpecification\",\"valueRequired\":true,\"valueName\":\"search_term_string\"}}],\"inLanguage\":\"de\"},{\"@type\":\"Organization\",\"@id\":\"https:\/\/ses-creative.com\/#organization\",\"name\":\"SES Creative\",\"url\":\"https:\/\/ses-creative.com\/\",\"logo\":{\"@type\":\"ImageObject\",\"inLanguage\":\"de\",\"@id\":\"https:\/\/ses-creative.com\/#\/schema\/logo\/image\/\",\"url\":\"https:\/\/ses-creative.com\/wp-content\/uploads\/2025\/10\/ses-creative-logo.jpg\",\"contentUrl\":\"https:\/\/ses-creative.com\/wp-content\/uploads\/2025\/10\/ses-creative-logo.jpg\",\"width\":2037,\"height\":2037,\"caption\":\"SES Creative\"},\"image\":{\"@id\":\"https:\/\/ses-creative.com\/#\/schema\/logo\/image\/\"}}]}<\/script>\n<!-- \/ Yoast SEO plugin. -->","yoast_head_json":{"title":"My first - Fingerfarben Tiere - SES Creative","robots":{"index":"index","follow":"follow","max-snippet":"max-snippet:-1","max-image-preview":"max-image-preview:large","max-video-preview":"max-video-preview:-1"},"canonical":"https:\/\/ses-creative.com\/de\/produkt\/my-first-fingerfarben-tiere\/","og_locale":"de_DE","og_type":"article","og_title":"My first - Fingerfarben Tiere - SES Creative","og_description":"F\u00fchren Sie Ihr Kind mit dem Fingermalset Tiere My First von SES Creative in die Freude am Malen ein! Dieses spielerische und p\u00e4dagogische Set wurde speziell f\u00fcr Kleinkinder ab 1 Jahr entwickelt und erm\u00f6glicht es ihnen, Farben, Formen und Texturen durch eine altersgerechte Sinnesaktivit\u00e4t zu entdecken. Dank der ultraweichen und abwaschbaren Fingerfarben k\u00f6nnen die Kinder [&hellip;]","og_url":"https:\/\/ses-creative.com\/de\/produkt\/my-first-fingerfarben-tiere\/","og_site_name":"SES Creative","article_modified_time":"2026-02-06T09:51:42+00:00","twitter_card":"summary_large_image","twitter_misc":{"Gesch\u00e4tzte Lesezeit":"1\u00a0Minute"},"schema":{"@context":"https:\/\/schema.org","@graph":[{"@type":"WebPage","@id":"https:\/\/ses-creative.com\/de\/produkt\/my-first-fingerfarben-tiere\/","url":"https:\/\/ses-creative.com\/de\/produkt\/my-first-fingerfarben-tiere\/","name":"My first - Fingerfarben Tiere - SES Creative","isPartOf":{"@id":"https:\/\/ses-creative.com\/#website"},"primaryImageOfPage":{"@id":"https:\/\/ses-creative.com\/de\/produkt\/my-first-fingerfarben-tiere\/#primaryimage"},"image":{"@id":"https:\/\/ses-creative.com\/de\/produkt\/my-first-fingerfarben-tiere\/#primaryimage"},"thumbnailUrl":"https:\/\/ses-creative.com\/wp-content\/uploads\/2026\/01\/144441.jpg","datePublished":"2026-02-05T13:52:46+00:00","dateModified":"2026-02-06T09:51:42+00:00","breadcrumb":{"@id":"https:\/\/ses-creative.com\/de\/produkt\/my-first-fingerfarben-tiere\/#breadcrumb"},"inLanguage":"de","potentialAction":[{"@type":"ReadAction","target":["https:\/\/ses-creative.com\/de\/produkt\/my-first-fingerfarben-tiere\/"]}]},{"@type":"ImageObject","inLanguage":"de","@id":"https:\/\/ses-creative.com\/de\/produkt\/my-first-fingerfarben-tiere\/#primaryimage","url":"https:\/\/ses-creative.com\/wp-content\/uploads\/2026\/01\/144441.jpg","contentUrl":"https:\/\/ses-creative.com\/wp-content\/uploads\/2026\/01\/144441.jpg","width":1000,"height":1000},{"@type":"BreadcrumbList","@id":"https:\/\/ses-creative.com\/de\/produkt\/my-first-fingerfarben-tiere\/#breadcrumb","itemListElement":[{"@type":"ListItem","position":1,"name":"Shop","item":"https:\/\/ses-creative.com\/de\/shop\/"},{"@type":"ListItem","position":2,"name":"Baby &amp; Kleinkind","item":"https:\/\/ses-creative.com\/de\/product-categorie\/baby-kleinkind\/"},{"@type":"ListItem","position":3,"name":"My first &#8211; Fingerfarben Tiere"}]},{"@type":"WebSite","@id":"https:\/\/ses-creative.com\/#website","url":"https:\/\/ses-creative.com\/","name":"SES Creative","description":"","publisher":{"@id":"https:\/\/ses-creative.com\/#organization"},"potentialAction":[{"@type":"SearchAction","target":{"@type":"EntryPoint","urlTemplate":"https:\/\/ses-creative.com\/?s={search_term_string}"},"query-input":{"@type":"PropertyValueSpecification","valueRequired":true,"valueName":"search_term_string"}}],"inLanguage":"de"},{"@type":"Organization","@id":"https:\/\/ses-creative.com\/#organization","name":"SES Creative","url":"https:\/\/ses-creative.com\/","logo":{"@type":"ImageObject","inLanguage":"de","@id":"https:\/\/ses-creative.com\/#\/schema\/logo\/image\/","url":"https:\/\/ses-creative.com\/wp-content\/uploads\/2025\/10\/ses-creative-logo.jpg","contentUrl":"https:\/\/ses-creative.com\/wp-content\/uploads\/2025\/10\/ses-creative-logo.jpg","width":2037,"height":2037,"caption":"SES Creative"},"image":{"@id":"https:\/\/ses-creative.com\/#\/schema\/logo\/image\/"}}]}},"_links":{"self":[{"href":"https:\/\/ses-creative.com\/de\/wp-json\/wp\/v2\/product\/114730","targetHints":{"allow":["GET"]}}],"collection":[{"href":"https:\/\/ses-creative.com\/de\/wp-json\/wp\/v2\/product"}],"about":[{"href":"https:\/\/ses-creative.com\/de\/wp-json\/wp\/v2\/types\/product"}],"replies":[{"embeddable":true,"href":"https:\/\/ses-creative.com\/de\/wp-json\/wp\/v2\/comments?post=114730"}],"wp:featuredmedia":[{"embeddable":true,"href":"https:\/\/ses-creative.com\/de\/wp-json\/wp\/v2\/media\/103136"}],"wp:attachment":[{"href":"https:\/\/ses-creative.com\/de\/wp-json\/wp\/v2\/media?parent=114730"}],"wp:term":[{"taxonomy":"product_brand","embeddable":true,"href":"https:\/\/ses-creative.com\/de\/wp-json\/wp\/v2\/product_brand?post=114730"},{"taxonomy":"product_cat","embeddable":true,"href":"https:\/\/ses-creative.com\/de\/wp-json\/wp\/v2\/product_cat?post=114730"},{"taxonomy":"product_tag","embeddable":true,"href":"https:\/\/ses-creative.com\/de\/wp-json\/wp\/v2\/product_tag?post=114730"}],"curies":[{"name":"wp","href":"https:\/\/api.w.org\/{rel}","templated":true}]}}