











{"id":114729,"date":"2025-12-18T10:15:50","date_gmt":"2025-12-18T10:15:50","guid":{"rendered":"https:\/\/ses-creative.com\/?post_type=product&#038;p=114729"},"modified":"2026-02-06T09:51:42","modified_gmt":"2026-02-06T09:51:42","slug":"my-first-fingerfarbe-handabdruck-tiere","status":"publish","type":"product","link":"https:\/\/ses-creative.com\/de\/produkt\/my-first-fingerfarbe-handabdruck-tiere\/","title":{"rendered":"My first &#8211; Fingerfarbe Handabdruck Tiere"},"content":{"rendered":"<p>Gestalte deine eigenen Handabdruck-Tiere!<br \/>\nWas haben diese Tiere gemeinsam? Genau, deinen eigenen Handabdruck! Mit dem Set \u201eMy First \u2013 Fingerfarben Handabdruck Tiere\u201d von SES Creative k\u00f6nnen die Kleinsten auf spielerische Weise ihre Kreativit\u00e4t entdecken. Verwende deinen Handabdruck, um alle m\u00f6glichen fr\u00f6hlichen Tiere zum Leben zu erwecken. Die verschiedenen bunten Karten sorgen garantiert f\u00fcr ein sch\u00f6nes Ergebnis, auf das die Kleinen stolz sein k\u00f6nnen!<br \/>\nWas dieses Set so toll macht<br \/>\n&#8211;    Sicher und speziell f\u00fcr Kinder ab 1 Jahr entwickelt<br \/>\n&#8211;    Die Fingerfarben lassen sich gut auswaschen, sowohl aus Kleidung als auch von der Haut<br \/>\n&#8211;    Glutenfrei f\u00fcr unbeschwerten Spielspa\u00df<br \/>\n&#8211;    F\u00f6rdert die Entwicklung von Kreativit\u00e4t und motorischen F\u00e4higkeiten<br \/>\n&#8211;    Perfekt zum Basteln und Spa\u00df haben mit den Eltern. F\u00f6rdert eine positive erste Erfahrung mit Basteln<br \/>\nSpielen, entdecken und lernen<br \/>\nOb Sie nun gemeinsam mit Ihrem Kind basteln oder es selbstst\u00e4ndig entdecken lassen, dieses Set bietet alles, was f\u00fcr ein fr\u00f6hliches und lehrreiches Bastelabenteuer ben\u00f6tigt wird. Mit diesem Set k\u00f6nnen Kinder ihre eigenen Handabdr\u00fccke in die lustigsten Tierfiguren verwandeln. Die Fingerfarben sind sicher, abwaschbar und einfach zu verwenden, sodass Kinder frei experimentieren und Spa\u00df haben k\u00f6nnen. Die vorgedruckten Tierkarten erleichtern den Einstieg und bieten unendliche M\u00f6glichkeiten f\u00fcr Kreativit\u00e4t.<br \/>\nInhalt des Sets<br \/>\n&#8211;    4x Fingerfarben in den Farben Blau, Rot, Gelb und Violett<br \/>\n&#8211;    16x Tierkarten<br \/>\n&#8211;    24 x Tieraufkleber<br \/>\nWarum SES Creative w\u00e4hlen?<br \/>\nBei SES Creative legen wir gro\u00dfen Wert auf Sicherheit. Deshalb werden die Produkte in unserer Fabrik in den Niederlanden nach den strengsten europ\u00e4ischen Sicherheitsstandards hergestellt und getestet. Spielzeug von SES Creative sorgt f\u00fcr Spa\u00df und soll Kindern erm\u00f6glichen, stolz auf ihre Arbeit zu sein, was ihre Kreativit\u00e4t und Entwicklung f\u00f6rdert.<br \/>\nBeginnen Sie noch heute mit dem Basteln!<br \/>\nGestalten Sie Ihren eigenen Zoo mit Fingerfarben von SES Creative! Legen Sie los und entdecken Sie gemeinsam den Spa\u00df an der Kreativit\u00e4t!<\/p>\n","protected":false},"excerpt":{"rendered":"<p>Gestalte deine eigenen Handabdruck-Tiere! Was haben diese Tiere gemeinsam? Genau, deinen eigenen Handabdruck! Mit dem Set \u201eMy First \u2013 Fingerfarben Handabdruck Tiere\u201d von SES Creative k\u00f6nnen die Kleinsten auf spielerische Weise ihre Kreativit\u00e4t entdecken. Verwende deinen Handabdruck, um alle m\u00f6glichen fr\u00f6hlichen Tiere zum Leben zu erwecken. Die verschiedenen bunten Karten sorgen garantiert f\u00fcr ein sch\u00f6nes [&hellip;]<\/p>\n","protected":false},"featured_media":103119,"comment_status":"open","ping_status":"closed","template":"","meta":{"_acf_changed":false},"product_brand":[],"product_cat":[116],"product_tag":[],"class_list":{"0":"post-114729","1":"product","2":"type-product","3":"status-publish","4":"has-post-thumbnail","6":"product_cat-baby-kleinkind","7":"pa_leeftijd-filter-0-2-jahre","8":"pa_meest-populair-bij-jungen-maedchen","10":"first","11":"instock","12":"shipping-taxable","13":"product-type-simple"},"acf":[],"yoast_head":"<!-- This site is optimized with the Yoast SEO plugin v27.2 - https:\/\/yoast.com\/product\/yoast-seo-wordpress\/ -->\n<title>My first - Fingerfarbe Handabdruck Tiere - SES Creative<\/title>\n<meta name=\"robots\" content=\"index, follow, max-snippet:-1, max-image-preview:large, max-video-preview:-1\" \/>\n<link rel=\"canonical\" href=\"https:\/\/ses-creative.com\/de\/produkt\/my-first-fingerfarbe-handabdruck-tiere\/\" \/>\n<meta property=\"og:locale\" content=\"de_DE\" \/>\n<meta property=\"og:type\" content=\"article\" \/>\n<meta property=\"og:title\" content=\"My first - Fingerfarbe Handabdruck Tiere - SES Creative\" \/>\n<meta property=\"og:description\" content=\"Gestalte deine eigenen Handabdruck-Tiere! Was haben diese Tiere gemeinsam? Genau, deinen eigenen Handabdruck! Mit dem Set \u201eMy First \u2013 Fingerfarben Handabdruck Tiere\u201d von SES Creative k\u00f6nnen die Kleinsten auf spielerische Weise ihre Kreativit\u00e4t entdecken. Verwende deinen Handabdruck, um alle m\u00f6glichen fr\u00f6hlichen Tiere zum Leben zu erwecken. Die verschiedenen bunten Karten sorgen garantiert f\u00fcr ein sch\u00f6nes [&hellip;]\" \/>\n<meta property=\"og:url\" content=\"https:\/\/ses-creative.com\/de\/produkt\/my-first-fingerfarbe-handabdruck-tiere\/\" \/>\n<meta property=\"og:site_name\" content=\"SES Creative\" \/>\n<meta property=\"article:modified_time\" content=\"2026-02-06T09:51:42+00:00\" \/>\n<meta property=\"og:image\" content=\"https:\/\/ses-creative.com\/wp-content\/uploads\/2026\/01\/144431.jpg\" \/>\n\t<meta property=\"og:image:width\" content=\"1000\" \/>\n\t<meta property=\"og:image:height\" content=\"1000\" \/>\n\t<meta property=\"og:image:type\" content=\"image\/jpeg\" \/>\n<meta name=\"twitter:card\" content=\"summary_large_image\" \/>\n<meta name=\"twitter:label1\" content=\"Gesch\u00e4tzte Lesezeit\" \/>\n\t<meta name=\"twitter:data1\" content=\"2\u00a0Minuten\" \/>\n<script type=\"application\/ld+json\" class=\"yoast-schema-graph\">{\"@context\":\"https:\/\/schema.org\",\"@graph\":[{\"@type\":\"WebPage\",\"@id\":\"https:\/\/ses-creative.com\/de\/produkt\/my-first-fingerfarbe-handabdruck-tiere\/\",\"url\":\"https:\/\/ses-creative.com\/de\/produkt\/my-first-fingerfarbe-handabdruck-tiere\/\",\"name\":\"My first - Fingerfarbe Handabdruck Tiere - SES Creative\",\"isPartOf\":{\"@id\":\"https:\/\/ses-creative.com\/#website\"},\"primaryImageOfPage\":{\"@id\":\"https:\/\/ses-creative.com\/de\/produkt\/my-first-fingerfarbe-handabdruck-tiere\/#primaryimage\"},\"image\":{\"@id\":\"https:\/\/ses-creative.com\/de\/produkt\/my-first-fingerfarbe-handabdruck-tiere\/#primaryimage\"},\"thumbnailUrl\":\"https:\/\/ses-creative.com\/wp-content\/uploads\/2026\/01\/144431.jpg\",\"datePublished\":\"2025-12-18T10:15:50+00:00\",\"dateModified\":\"2026-02-06T09:51:42+00:00\",\"breadcrumb\":{\"@id\":\"https:\/\/ses-creative.com\/de\/produkt\/my-first-fingerfarbe-handabdruck-tiere\/#breadcrumb\"},\"inLanguage\":\"de\",\"potentialAction\":[{\"@type\":\"ReadAction\",\"target\":[\"https:\/\/ses-creative.com\/de\/produkt\/my-first-fingerfarbe-handabdruck-tiere\/\"]}]},{\"@type\":\"ImageObject\",\"inLanguage\":\"de\",\"@id\":\"https:\/\/ses-creative.com\/de\/produkt\/my-first-fingerfarbe-handabdruck-tiere\/#primaryimage\",\"url\":\"https:\/\/ses-creative.com\/wp-content\/uploads\/2026\/01\/144431.jpg\",\"contentUrl\":\"https:\/\/ses-creative.com\/wp-content\/uploads\/2026\/01\/144431.jpg\",\"width\":1000,\"height\":1000},{\"@type\":\"BreadcrumbList\",\"@id\":\"https:\/\/ses-creative.com\/de\/produkt\/my-first-fingerfarbe-handabdruck-tiere\/#breadcrumb\",\"itemListElement\":[{\"@type\":\"ListItem\",\"position\":1,\"name\":\"Shop\",\"item\":\"https:\/\/ses-creative.com\/de\/shop\/\"},{\"@type\":\"ListItem\",\"position\":2,\"name\":\"Baby &amp; Kleinkind\",\"item\":\"https:\/\/ses-creative.com\/de\/product-categorie\/baby-kleinkind\/\"},{\"@type\":\"ListItem\",\"position\":3,\"name\":\"My first &#8211; Fingerfarbe Handabdruck Tiere\"}]},{\"@type\":\"WebSite\",\"@id\":\"https:\/\/ses-creative.com\/#website\",\"url\":\"https:\/\/ses-creative.com\/\",\"name\":\"SES Creative\",\"description\":\"\",\"publisher\":{\"@id\":\"https:\/\/ses-creative.com\/#organization\"},\"potentialAction\":[{\"@type\":\"SearchAction\",\"target\":{\"@type\":\"EntryPoint\",\"urlTemplate\":\"https:\/\/ses-creative.com\/?s={search_term_string}\"},\"query-input\":{\"@type\":\"PropertyValueSpecification\",\"valueRequired\":true,\"valueName\":\"search_term_string\"}}],\"inLanguage\":\"de\"},{\"@type\":\"Organization\",\"@id\":\"https:\/\/ses-creative.com\/#organization\",\"name\":\"SES Creative\",\"url\":\"https:\/\/ses-creative.com\/\",\"logo\":{\"@type\":\"ImageObject\",\"inLanguage\":\"de\",\"@id\":\"https:\/\/ses-creative.com\/#\/schema\/logo\/image\/\",\"url\":\"https:\/\/ses-creative.com\/wp-content\/uploads\/2025\/10\/ses-creative-logo.jpg\",\"contentUrl\":\"https:\/\/ses-creative.com\/wp-content\/uploads\/2025\/10\/ses-creative-logo.jpg\",\"width\":2037,\"height\":2037,\"caption\":\"SES Creative\"},\"image\":{\"@id\":\"https:\/\/ses-creative.com\/#\/schema\/logo\/image\/\"}}]}<\/script>\n<!-- \/ Yoast SEO plugin. -->","yoast_head_json":{"title":"My first - Fingerfarbe Handabdruck Tiere - SES Creative","robots":{"index":"index","follow":"follow","max-snippet":"max-snippet:-1","max-image-preview":"max-image-preview:large","max-video-preview":"max-video-preview:-1"},"canonical":"https:\/\/ses-creative.com\/de\/produkt\/my-first-fingerfarbe-handabdruck-tiere\/","og_locale":"de_DE","og_type":"article","og_title":"My first - Fingerfarbe Handabdruck Tiere - SES Creative","og_description":"Gestalte deine eigenen Handabdruck-Tiere! Was haben diese Tiere gemeinsam? Genau, deinen eigenen Handabdruck! Mit dem Set \u201eMy First \u2013 Fingerfarben Handabdruck Tiere\u201d von SES Creative k\u00f6nnen die Kleinsten auf spielerische Weise ihre Kreativit\u00e4t entdecken. Verwende deinen Handabdruck, um alle m\u00f6glichen fr\u00f6hlichen Tiere zum Leben zu erwecken. Die verschiedenen bunten Karten sorgen garantiert f\u00fcr ein sch\u00f6nes [&hellip;]","og_url":"https:\/\/ses-creative.com\/de\/produkt\/my-first-fingerfarbe-handabdruck-tiere\/","og_site_name":"SES Creative","article_modified_time":"2026-02-06T09:51:42+00:00","og_image":[{"width":1000,"height":1000,"url":"https:\/\/ses-creative.com\/wp-content\/uploads\/2026\/01\/144431.jpg","type":"image\/jpeg"}],"twitter_card":"summary_large_image","twitter_misc":{"Gesch\u00e4tzte Lesezeit":"2\u00a0Minuten"},"schema":{"@context":"https:\/\/schema.org","@graph":[{"@type":"WebPage","@id":"https:\/\/ses-creative.com\/de\/produkt\/my-first-fingerfarbe-handabdruck-tiere\/","url":"https:\/\/ses-creative.com\/de\/produkt\/my-first-fingerfarbe-handabdruck-tiere\/","name":"My first - Fingerfarbe Handabdruck Tiere - SES Creative","isPartOf":{"@id":"https:\/\/ses-creative.com\/#website"},"primaryImageOfPage":{"@id":"https:\/\/ses-creative.com\/de\/produkt\/my-first-fingerfarbe-handabdruck-tiere\/#primaryimage"},"image":{"@id":"https:\/\/ses-creative.com\/de\/produkt\/my-first-fingerfarbe-handabdruck-tiere\/#primaryimage"},"thumbnailUrl":"https:\/\/ses-creative.com\/wp-content\/uploads\/2026\/01\/144431.jpg","datePublished":"2025-12-18T10:15:50+00:00","dateModified":"2026-02-06T09:51:42+00:00","breadcrumb":{"@id":"https:\/\/ses-creative.com\/de\/produkt\/my-first-fingerfarbe-handabdruck-tiere\/#breadcrumb"},"inLanguage":"de","potentialAction":[{"@type":"ReadAction","target":["https:\/\/ses-creative.com\/de\/produkt\/my-first-fingerfarbe-handabdruck-tiere\/"]}]},{"@type":"ImageObject","inLanguage":"de","@id":"https:\/\/ses-creative.com\/de\/produkt\/my-first-fingerfarbe-handabdruck-tiere\/#primaryimage","url":"https:\/\/ses-creative.com\/wp-content\/uploads\/2026\/01\/144431.jpg","contentUrl":"https:\/\/ses-creative.com\/wp-content\/uploads\/2026\/01\/144431.jpg","width":1000,"height":1000},{"@type":"BreadcrumbList","@id":"https:\/\/ses-creative.com\/de\/produkt\/my-first-fingerfarbe-handabdruck-tiere\/#breadcrumb","itemListElement":[{"@type":"ListItem","position":1,"name":"Shop","item":"https:\/\/ses-creative.com\/de\/shop\/"},{"@type":"ListItem","position":2,"name":"Baby &amp; Kleinkind","item":"https:\/\/ses-creative.com\/de\/product-categorie\/baby-kleinkind\/"},{"@type":"ListItem","position":3,"name":"My first &#8211; Fingerfarbe Handabdruck Tiere"}]},{"@type":"WebSite","@id":"https:\/\/ses-creative.com\/#website","url":"https:\/\/ses-creative.com\/","name":"SES Creative","description":"","publisher":{"@id":"https:\/\/ses-creative.com\/#organization"},"potentialAction":[{"@type":"SearchAction","target":{"@type":"EntryPoint","urlTemplate":"https:\/\/ses-creative.com\/?s={search_term_string}"},"query-input":{"@type":"PropertyValueSpecification","valueRequired":true,"valueName":"search_term_string"}}],"inLanguage":"de"},{"@type":"Organization","@id":"https:\/\/ses-creative.com\/#organization","name":"SES Creative","url":"https:\/\/ses-creative.com\/","logo":{"@type":"ImageObject","inLanguage":"de","@id":"https:\/\/ses-creative.com\/#\/schema\/logo\/image\/","url":"https:\/\/ses-creative.com\/wp-content\/uploads\/2025\/10\/ses-creative-logo.jpg","contentUrl":"https:\/\/ses-creative.com\/wp-content\/uploads\/2025\/10\/ses-creative-logo.jpg","width":2037,"height":2037,"caption":"SES Creative"},"image":{"@id":"https:\/\/ses-creative.com\/#\/schema\/logo\/image\/"}}]}},"_links":{"self":[{"href":"https:\/\/ses-creative.com\/de\/wp-json\/wp\/v2\/product\/114729","targetHints":{"allow":["GET"]}}],"collection":[{"href":"https:\/\/ses-creative.com\/de\/wp-json\/wp\/v2\/product"}],"about":[{"href":"https:\/\/ses-creative.com\/de\/wp-json\/wp\/v2\/types\/product"}],"replies":[{"embeddable":true,"href":"https:\/\/ses-creative.com\/de\/wp-json\/wp\/v2\/comments?post=114729"}],"wp:featuredmedia":[{"embeddable":true,"href":"https:\/\/ses-creative.com\/de\/wp-json\/wp\/v2\/media\/103119"}],"wp:attachment":[{"href":"https:\/\/ses-creative.com\/de\/wp-json\/wp\/v2\/media?parent=114729"}],"wp:term":[{"taxonomy":"product_brand","embeddable":true,"href":"https:\/\/ses-creative.com\/de\/wp-json\/wp\/v2\/product_brand?post=114729"},{"taxonomy":"product_cat","embeddable":true,"href":"https:\/\/ses-creative.com\/de\/wp-json\/wp\/v2\/product_cat?post=114729"},{"taxonomy":"product_tag","embeddable":true,"href":"https:\/\/ses-creative.com\/de\/wp-json\/wp\/v2\/product_tag?post=114729"}],"curies":[{"name":"wp","href":"https:\/\/api.w.org\/{rel}","templated":true}]}}