











{"id":114727,"date":"2026-02-05T13:52:46","date_gmt":"2026-02-05T13:52:46","guid":{"rendered":"https:\/\/ses-creative.com\/?post_type=product&#038;p=114727"},"modified":"2026-02-06T09:51:42","modified_gmt":"2026-02-06T09:51:42","slug":"my-first-fluffy-fingerfarbe-4-colours-x-110ml","status":"publish","type":"product","link":"https:\/\/ses-creative.com\/de\/produkt\/my-first-fluffy-fingerfarbe-4-colours-x-110ml\/","title":{"rendered":"My first &#8211; Fluffy Fingerfarbe 4 colours x 110ml"},"content":{"rendered":"<p>Keine Kleckerei mehr mit Fluffy Fingerfarbe!<br \/>\nDies ist keine gew\u00f6hnliche Fingerfarbe, sondern Fluffy Fingerfarbe! Speziell f\u00fcr Kleinkinder entwickelt, um sicher und mit Spa\u00df zu malen. Die Farbe ist besonders luftig, sodass sie nicht aus dem T\u00f6pfchen l\u00e4uft, wenn es doch einmal umf\u00e4llt. Sie f\u00fchlt sich wunderbar an und ist sicher f\u00fcr Kinder. Damit k\u00f6nnen sie endlos kreativ sein, ohne eine gro\u00dfe Unordnung zu verursachen. Perfekt f\u00fcr kleine K\u00fcnstler ab 1 Jahr!<br \/>\nWas dieses Set so toll macht<br \/>\n&#8211;    Spezielle, besonders luftige Fingerfarben, die nicht verschmieren, wenn der Beh\u00e4lter umkippt<br \/>\n&#8211;    Keine Verschmutzungen und gut auswaschbar, sowohl von Kleidung als auch von der Haut<br \/>\n&#8211;    Sicher und kinderfreundlich. Glutenfrei<br \/>\n&#8211;    Die Farbe hat einen bitteren Geschmack, sodass Kinder sie nicht gerne in den Mund nehmen<br \/>\n&#8211;    Perfekt f\u00fcr Kinder ab 1 Jahr<br \/>\nMalen und entdecken mit Fluffy Fingerfarben<br \/>\nDieses Set ist ideal f\u00fcr Eltern, die ihren Kindern das Malen n\u00e4herbringen m\u00f6chten, ohne sich um Verschmutzungen sorgen zu m\u00fcssen. Die besonders luftige Farbe ist leicht zu handhaben, verschmutzt nicht und f\u00fchlt sich wunderbar weich an. Die Farbe ist leicht abwaschbar und sicher f\u00fcr die Kleinsten, sodass sie eine unbeschwerte und unterhaltsame Aktivit\u00e4t f\u00fcr die ganze Familie ist. Ideal f\u00fcr die Entwicklung der Sinne und die F\u00f6rderung der Kreativit\u00e4t bei kleinen Kindern.<br \/>\nInhalt des Sets<br \/>\n4 Farben flauschige Fingerfarben: Lila, Aquablau, Gr\u00fcn und Orange<br \/>\nWarum SES Creative w\u00e4hlen?<br \/>\nBei SES Creative legen wir gro\u00dfen Wert auf Sicherheit. Deshalb werden die Produkte in der Fabrik in den Niederlanden nach den strengsten europ\u00e4ischen Sicherheitsnormen hergestellt und getestet. Spielzeug von SES Creative sorgt f\u00fcr Spa\u00df und soll Kindern erm\u00f6glichen, stolz auf ihre Arbeit zu sein, was ihre Kreativit\u00e4t und Entwicklung f\u00f6rdert.<br \/>\nBeginnen Sie noch heute mit dem Malen<br \/>\nEntdecken Sie den Spa\u00df an flauschiger Fingerfarbe und lassen Sie Ihr Kind die sch\u00f6nsten Kunstwerke schaffen. Perfekt f\u00fcr stundenlangen kreativen Spielspa\u00df!<\/p>\n","protected":false},"excerpt":{"rendered":"<p>Keine Kleckerei mehr mit Fluffy Fingerfarbe! Dies ist keine gew\u00f6hnliche Fingerfarbe, sondern Fluffy Fingerfarbe! Speziell f\u00fcr Kleinkinder entwickelt, um sicher und mit Spa\u00df zu malen. Die Farbe ist besonders luftig, sodass sie nicht aus dem T\u00f6pfchen l\u00e4uft, wenn es doch einmal umf\u00e4llt. Sie f\u00fchlt sich wunderbar an und ist sicher f\u00fcr Kinder. Damit k\u00f6nnen sie [&hellip;]<\/p>\n","protected":false},"featured_media":103076,"comment_status":"closed","ping_status":"closed","template":"","meta":{"_acf_changed":false},"product_brand":[],"product_cat":[116],"product_tag":[],"class_list":{"0":"post-114727","1":"product","2":"type-product","3":"status-publish","4":"has-post-thumbnail","6":"product_cat-baby-kleinkind","7":"pa_leeftijd-filter-0-2-jahre","8":"pa_meest-populair-bij-jungen-maedchen","10":"first","11":"instock","12":"shipping-taxable","13":"product-type-simple"},"acf":[],"yoast_head":"<!-- This site is optimized with the Yoast SEO plugin v27.2 - https:\/\/yoast.com\/product\/yoast-seo-wordpress\/ -->\n<title>My first - Fluffy Fingerfarbe 4 colours x 110ml - SES Creative<\/title>\n<meta name=\"robots\" content=\"index, follow, max-snippet:-1, max-image-preview:large, max-video-preview:-1\" \/>\n<link rel=\"canonical\" href=\"https:\/\/ses-creative.com\/de\/produkt\/my-first-fluffy-fingerfarbe-4-colours-x-110ml\/\" \/>\n<meta property=\"og:locale\" content=\"de_DE\" \/>\n<meta property=\"og:type\" content=\"article\" \/>\n<meta property=\"og:title\" content=\"My first - Fluffy Fingerfarbe 4 colours x 110ml - SES Creative\" \/>\n<meta property=\"og:description\" content=\"Keine Kleckerei mehr mit Fluffy Fingerfarbe! Dies ist keine gew\u00f6hnliche Fingerfarbe, sondern Fluffy Fingerfarbe! Speziell f\u00fcr Kleinkinder entwickelt, um sicher und mit Spa\u00df zu malen. Die Farbe ist besonders luftig, sodass sie nicht aus dem T\u00f6pfchen l\u00e4uft, wenn es doch einmal umf\u00e4llt. Sie f\u00fchlt sich wunderbar an und ist sicher f\u00fcr Kinder. Damit k\u00f6nnen sie [&hellip;]\" \/>\n<meta property=\"og:url\" content=\"https:\/\/ses-creative.com\/de\/produkt\/my-first-fluffy-fingerfarbe-4-colours-x-110ml\/\" \/>\n<meta property=\"og:site_name\" content=\"SES Creative\" \/>\n<meta property=\"article:modified_time\" content=\"2026-02-06T09:51:42+00:00\" \/>\n<meta name=\"twitter:card\" content=\"summary_large_image\" \/>\n<meta name=\"twitter:label1\" content=\"Gesch\u00e4tzte Lesezeit\" \/>\n\t<meta name=\"twitter:data1\" content=\"2\u00a0Minuten\" \/>\n<script type=\"application\/ld+json\" class=\"yoast-schema-graph\">{\"@context\":\"https:\/\/schema.org\",\"@graph\":[{\"@type\":\"WebPage\",\"@id\":\"https:\/\/ses-creative.com\/de\/produkt\/my-first-fluffy-fingerfarbe-4-colours-x-110ml\/\",\"url\":\"https:\/\/ses-creative.com\/de\/produkt\/my-first-fluffy-fingerfarbe-4-colours-x-110ml\/\",\"name\":\"My first - Fluffy Fingerfarbe 4 colours x 110ml - SES Creative\",\"isPartOf\":{\"@id\":\"https:\/\/ses-creative.com\/#website\"},\"primaryImageOfPage\":{\"@id\":\"https:\/\/ses-creative.com\/de\/produkt\/my-first-fluffy-fingerfarbe-4-colours-x-110ml\/#primaryimage\"},\"image\":{\"@id\":\"https:\/\/ses-creative.com\/de\/produkt\/my-first-fluffy-fingerfarbe-4-colours-x-110ml\/#primaryimage\"},\"thumbnailUrl\":\"https:\/\/ses-creative.com\/wp-content\/uploads\/2026\/01\/144411.jpg\",\"datePublished\":\"2026-02-05T13:52:46+00:00\",\"dateModified\":\"2026-02-06T09:51:42+00:00\",\"breadcrumb\":{\"@id\":\"https:\/\/ses-creative.com\/de\/produkt\/my-first-fluffy-fingerfarbe-4-colours-x-110ml\/#breadcrumb\"},\"inLanguage\":\"de\",\"potentialAction\":[{\"@type\":\"ReadAction\",\"target\":[\"https:\/\/ses-creative.com\/de\/produkt\/my-first-fluffy-fingerfarbe-4-colours-x-110ml\/\"]}]},{\"@type\":\"ImageObject\",\"inLanguage\":\"de\",\"@id\":\"https:\/\/ses-creative.com\/de\/produkt\/my-first-fluffy-fingerfarbe-4-colours-x-110ml\/#primaryimage\",\"url\":\"https:\/\/ses-creative.com\/wp-content\/uploads\/2026\/01\/144411.jpg\",\"contentUrl\":\"https:\/\/ses-creative.com\/wp-content\/uploads\/2026\/01\/144411.jpg\",\"width\":1000,\"height\":1000},{\"@type\":\"BreadcrumbList\",\"@id\":\"https:\/\/ses-creative.com\/de\/produkt\/my-first-fluffy-fingerfarbe-4-colours-x-110ml\/#breadcrumb\",\"itemListElement\":[{\"@type\":\"ListItem\",\"position\":1,\"name\":\"Shop\",\"item\":\"https:\/\/ses-creative.com\/de\/shop\/\"},{\"@type\":\"ListItem\",\"position\":2,\"name\":\"Baby &amp; Kleinkind\",\"item\":\"https:\/\/ses-creative.com\/de\/product-categorie\/baby-kleinkind\/\"},{\"@type\":\"ListItem\",\"position\":3,\"name\":\"My first &#8211; Fluffy Fingerfarbe 4 colours x 110ml\"}]},{\"@type\":\"WebSite\",\"@id\":\"https:\/\/ses-creative.com\/#website\",\"url\":\"https:\/\/ses-creative.com\/\",\"name\":\"SES Creative\",\"description\":\"\",\"publisher\":{\"@id\":\"https:\/\/ses-creative.com\/#organization\"},\"potentialAction\":[{\"@type\":\"SearchAction\",\"target\":{\"@type\":\"EntryPoint\",\"urlTemplate\":\"https:\/\/ses-creative.com\/?s={search_term_string}\"},\"query-input\":{\"@type\":\"PropertyValueSpecification\",\"valueRequired\":true,\"valueName\":\"search_term_string\"}}],\"inLanguage\":\"de\"},{\"@type\":\"Organization\",\"@id\":\"https:\/\/ses-creative.com\/#organization\",\"name\":\"SES Creative\",\"url\":\"https:\/\/ses-creative.com\/\",\"logo\":{\"@type\":\"ImageObject\",\"inLanguage\":\"de\",\"@id\":\"https:\/\/ses-creative.com\/#\/schema\/logo\/image\/\",\"url\":\"https:\/\/ses-creative.com\/wp-content\/uploads\/2025\/10\/ses-creative-logo.jpg\",\"contentUrl\":\"https:\/\/ses-creative.com\/wp-content\/uploads\/2025\/10\/ses-creative-logo.jpg\",\"width\":2037,\"height\":2037,\"caption\":\"SES Creative\"},\"image\":{\"@id\":\"https:\/\/ses-creative.com\/#\/schema\/logo\/image\/\"}}]}<\/script>\n<!-- \/ Yoast SEO plugin. -->","yoast_head_json":{"title":"My first - Fluffy Fingerfarbe 4 colours x 110ml - SES Creative","robots":{"index":"index","follow":"follow","max-snippet":"max-snippet:-1","max-image-preview":"max-image-preview:large","max-video-preview":"max-video-preview:-1"},"canonical":"https:\/\/ses-creative.com\/de\/produkt\/my-first-fluffy-fingerfarbe-4-colours-x-110ml\/","og_locale":"de_DE","og_type":"article","og_title":"My first - Fluffy Fingerfarbe 4 colours x 110ml - SES Creative","og_description":"Keine Kleckerei mehr mit Fluffy Fingerfarbe! Dies ist keine gew\u00f6hnliche Fingerfarbe, sondern Fluffy Fingerfarbe! Speziell f\u00fcr Kleinkinder entwickelt, um sicher und mit Spa\u00df zu malen. Die Farbe ist besonders luftig, sodass sie nicht aus dem T\u00f6pfchen l\u00e4uft, wenn es doch einmal umf\u00e4llt. Sie f\u00fchlt sich wunderbar an und ist sicher f\u00fcr Kinder. Damit k\u00f6nnen sie [&hellip;]","og_url":"https:\/\/ses-creative.com\/de\/produkt\/my-first-fluffy-fingerfarbe-4-colours-x-110ml\/","og_site_name":"SES Creative","article_modified_time":"2026-02-06T09:51:42+00:00","twitter_card":"summary_large_image","twitter_misc":{"Gesch\u00e4tzte Lesezeit":"2\u00a0Minuten"},"schema":{"@context":"https:\/\/schema.org","@graph":[{"@type":"WebPage","@id":"https:\/\/ses-creative.com\/de\/produkt\/my-first-fluffy-fingerfarbe-4-colours-x-110ml\/","url":"https:\/\/ses-creative.com\/de\/produkt\/my-first-fluffy-fingerfarbe-4-colours-x-110ml\/","name":"My first - Fluffy Fingerfarbe 4 colours x 110ml - SES Creative","isPartOf":{"@id":"https:\/\/ses-creative.com\/#website"},"primaryImageOfPage":{"@id":"https:\/\/ses-creative.com\/de\/produkt\/my-first-fluffy-fingerfarbe-4-colours-x-110ml\/#primaryimage"},"image":{"@id":"https:\/\/ses-creative.com\/de\/produkt\/my-first-fluffy-fingerfarbe-4-colours-x-110ml\/#primaryimage"},"thumbnailUrl":"https:\/\/ses-creative.com\/wp-content\/uploads\/2026\/01\/144411.jpg","datePublished":"2026-02-05T13:52:46+00:00","dateModified":"2026-02-06T09:51:42+00:00","breadcrumb":{"@id":"https:\/\/ses-creative.com\/de\/produkt\/my-first-fluffy-fingerfarbe-4-colours-x-110ml\/#breadcrumb"},"inLanguage":"de","potentialAction":[{"@type":"ReadAction","target":["https:\/\/ses-creative.com\/de\/produkt\/my-first-fluffy-fingerfarbe-4-colours-x-110ml\/"]}]},{"@type":"ImageObject","inLanguage":"de","@id":"https:\/\/ses-creative.com\/de\/produkt\/my-first-fluffy-fingerfarbe-4-colours-x-110ml\/#primaryimage","url":"https:\/\/ses-creative.com\/wp-content\/uploads\/2026\/01\/144411.jpg","contentUrl":"https:\/\/ses-creative.com\/wp-content\/uploads\/2026\/01\/144411.jpg","width":1000,"height":1000},{"@type":"BreadcrumbList","@id":"https:\/\/ses-creative.com\/de\/produkt\/my-first-fluffy-fingerfarbe-4-colours-x-110ml\/#breadcrumb","itemListElement":[{"@type":"ListItem","position":1,"name":"Shop","item":"https:\/\/ses-creative.com\/de\/shop\/"},{"@type":"ListItem","position":2,"name":"Baby &amp; Kleinkind","item":"https:\/\/ses-creative.com\/de\/product-categorie\/baby-kleinkind\/"},{"@type":"ListItem","position":3,"name":"My first &#8211; Fluffy Fingerfarbe 4 colours x 110ml"}]},{"@type":"WebSite","@id":"https:\/\/ses-creative.com\/#website","url":"https:\/\/ses-creative.com\/","name":"SES Creative","description":"","publisher":{"@id":"https:\/\/ses-creative.com\/#organization"},"potentialAction":[{"@type":"SearchAction","target":{"@type":"EntryPoint","urlTemplate":"https:\/\/ses-creative.com\/?s={search_term_string}"},"query-input":{"@type":"PropertyValueSpecification","valueRequired":true,"valueName":"search_term_string"}}],"inLanguage":"de"},{"@type":"Organization","@id":"https:\/\/ses-creative.com\/#organization","name":"SES Creative","url":"https:\/\/ses-creative.com\/","logo":{"@type":"ImageObject","inLanguage":"de","@id":"https:\/\/ses-creative.com\/#\/schema\/logo\/image\/","url":"https:\/\/ses-creative.com\/wp-content\/uploads\/2025\/10\/ses-creative-logo.jpg","contentUrl":"https:\/\/ses-creative.com\/wp-content\/uploads\/2025\/10\/ses-creative-logo.jpg","width":2037,"height":2037,"caption":"SES Creative"},"image":{"@id":"https:\/\/ses-creative.com\/#\/schema\/logo\/image\/"}}]}},"_links":{"self":[{"href":"https:\/\/ses-creative.com\/de\/wp-json\/wp\/v2\/product\/114727","targetHints":{"allow":["GET"]}}],"collection":[{"href":"https:\/\/ses-creative.com\/de\/wp-json\/wp\/v2\/product"}],"about":[{"href":"https:\/\/ses-creative.com\/de\/wp-json\/wp\/v2\/types\/product"}],"replies":[{"embeddable":true,"href":"https:\/\/ses-creative.com\/de\/wp-json\/wp\/v2\/comments?post=114727"}],"wp:featuredmedia":[{"embeddable":true,"href":"https:\/\/ses-creative.com\/de\/wp-json\/wp\/v2\/media\/103076"}],"wp:attachment":[{"href":"https:\/\/ses-creative.com\/de\/wp-json\/wp\/v2\/media?parent=114727"}],"wp:term":[{"taxonomy":"product_brand","embeddable":true,"href":"https:\/\/ses-creative.com\/de\/wp-json\/wp\/v2\/product_brand?post=114727"},{"taxonomy":"product_cat","embeddable":true,"href":"https:\/\/ses-creative.com\/de\/wp-json\/wp\/v2\/product_cat?post=114727"},{"taxonomy":"product_tag","embeddable":true,"href":"https:\/\/ses-creative.com\/de\/wp-json\/wp\/v2\/product_tag?post=114727"}],"curies":[{"name":"wp","href":"https:\/\/api.w.org\/{rel}","templated":true}]}}