











{"id":114726,"date":"2026-02-05T13:52:46","date_gmt":"2026-02-05T13:52:46","guid":{"rendered":"https:\/\/ses-creative.com\/?post_type=product&#038;p=114726"},"modified":"2026-02-06T09:51:42","modified_gmt":"2026-02-06T09:51:42","slug":"my-first-sichere-malpinsel-fuer-babys-3-stueck","status":"publish","type":"product","link":"https:\/\/ses-creative.com\/de\/produkt\/my-first-sichere-malpinsel-fuer-babys-3-stueck\/","title":{"rendered":"My first &#8211;  Sichere Malpinsel f\u00fcr Babys (3 St\u00fcck)"},"content":{"rendered":"<p>Perfekt f\u00fcr kleine K\u00fcnstler ab 1 Jahr!<br \/>\nLernen Sie My First \u2013 Sichere Babypinsel von SES Creative kennen! Die perfekte M\u00f6glichkeit, die Kreativit\u00e4t Ihres kleinen K\u00fcnstlers zu f\u00f6rdern, wobei Sicherheit und Benutzerfreundlichkeit an erster Stelle stehen! Dieses Set wurde speziell f\u00fcr Kleinkinder und junge Kinder entwickelt und enth\u00e4lt drei einzigartige ergonomische Pinsel, die f\u00fcr sicheres und komfortables Malen sorgen.<br \/>\nWas dieses Set so besonders macht<br \/>\n&#8211;    Entdecken Sie die sicheren Babypinsel von My First \u2013 perfekt f\u00fcr kleine H\u00e4nde, die die Kunst entdecken!<br \/>\n&#8211;    Enth\u00e4lt drei verschiedene Pinselspitzen: flache, spitze und runde Pinsel f\u00fcr vielseitige Kreativit\u00e4t<br \/>\n&#8211;    Besonders sichere Pinsel ohne Kleinteile f\u00fcr sorgenfreies Malen f\u00fcr Kleinkinder.<br \/>\n&#8211;    Ergonomische Griffe, die bequem in kleine H\u00e4nde passen und eine m\u00fchelose Handhabung erm\u00f6glichen.<br \/>\n&#8211;    Perfekt f\u00fcr die ersten Malversuche \u2013 eine sch\u00f6ne Einf\u00fchrung in Kunst und Kreativit\u00e4t!<br \/>\nBeginnen Sie mit dem Malen<br \/>\nDas My First &#8211; Safe Baby Brushes Set ist perfekt f\u00fcr kleine H\u00e4nde, die bereit sind, gro\u00dfe Ideen zu erkunden. Ob sie zu Hause malen oder im Kindergarten ein Meisterwerk schaffen, mit diesen Pinseln wird jeder Pinselstrich zu einem Abenteuer. Ideal f\u00fcr Kleinkinder, die gerade ihre k\u00fcnstlerische Reise beginnen, bringt dieses Set jedem jungen K\u00fcnstler Spa\u00df, Kreativit\u00e4t und Selbstvertrauen.<br \/>\nInhalt des Sets<br \/>\n&#8211;    3 verschiedene Pinsel<br \/>\nWarum SES Creative w\u00e4hlen?<br \/>\nBei SES Creative legen wir gro\u00dfen Wert auf Sicherheit. Deshalb werden die Produkte in der Fabrik in den Niederlanden nach den strengsten europ\u00e4ischen Sicherheitsstandards hergestellt und getestet. Spielzeug von SES Creative sorgt f\u00fcr Spa\u00df und soll Kindern erm\u00f6glichen, stolz auf ihre Arbeit zu sein, was ihre Kreativit\u00e4t und Entwicklung f\u00f6rdert.<br \/>\nSchenken Sie Ihrem Kind Kreativit\u00e4t mit My First \u2013 Sichere Babypinsel<br \/>\nEs ist eine unterhaltsame, sichere und lehrreiche M\u00f6glichkeit, ihre Kreativit\u00e4t und F\u00e4higkeiten zu f\u00f6rdern. Machen Sie sich bereit, die k\u00fcnstlerische Seite Ihres Kleinkindes aufbl\u00fchen zu sehen \u2013 einen Pinselstrich nach dem anderen.<\/p>\n","protected":false},"excerpt":{"rendered":"<p>Perfekt f\u00fcr kleine K\u00fcnstler ab 1 Jahr! Lernen Sie My First \u2013 Sichere Babypinsel von SES Creative kennen! Die perfekte M\u00f6glichkeit, die Kreativit\u00e4t Ihres kleinen K\u00fcnstlers zu f\u00f6rdern, wobei Sicherheit und Benutzerfreundlichkeit an erster Stelle stehen! Dieses Set wurde speziell f\u00fcr Kleinkinder und junge Kinder entwickelt und enth\u00e4lt drei einzigartige ergonomische Pinsel, die f\u00fcr sicheres [&hellip;]<\/p>\n","protected":false},"featured_media":103056,"comment_status":"closed","ping_status":"closed","template":"","meta":{"_acf_changed":false},"product_brand":[],"product_cat":[116],"product_tag":[],"class_list":{"0":"post-114726","1":"product","2":"type-product","3":"status-publish","4":"has-post-thumbnail","6":"product_cat-baby-kleinkind","7":"pa_leeftijd-filter-0-2-jahre","8":"pa_meest-populair-bij-jungen-maedchen","10":"first","11":"instock","12":"shipping-taxable","13":"product-type-simple"},"acf":[],"yoast_head":"<!-- This site is optimized with the Yoast SEO plugin v27.2 - https:\/\/yoast.com\/product\/yoast-seo-wordpress\/ -->\n<title>My first - Sichere Malpinsel f\u00fcr Babys (3 St\u00fcck) - SES Creative<\/title>\n<meta name=\"robots\" content=\"index, follow, max-snippet:-1, max-image-preview:large, max-video-preview:-1\" \/>\n<link rel=\"canonical\" href=\"https:\/\/ses-creative.com\/de\/produkt\/my-first-sichere-malpinsel-fuer-babys-3-stueck\/\" \/>\n<meta property=\"og:locale\" content=\"de_DE\" \/>\n<meta property=\"og:type\" content=\"article\" \/>\n<meta property=\"og:title\" content=\"My first - Sichere Malpinsel f\u00fcr Babys (3 St\u00fcck) - SES Creative\" \/>\n<meta property=\"og:description\" content=\"Perfekt f\u00fcr kleine K\u00fcnstler ab 1 Jahr! Lernen Sie My First \u2013 Sichere Babypinsel von SES Creative kennen! Die perfekte M\u00f6glichkeit, die Kreativit\u00e4t Ihres kleinen K\u00fcnstlers zu f\u00f6rdern, wobei Sicherheit und Benutzerfreundlichkeit an erster Stelle stehen! Dieses Set wurde speziell f\u00fcr Kleinkinder und junge Kinder entwickelt und enth\u00e4lt drei einzigartige ergonomische Pinsel, die f\u00fcr sicheres [&hellip;]\" \/>\n<meta property=\"og:url\" content=\"https:\/\/ses-creative.com\/de\/produkt\/my-first-sichere-malpinsel-fuer-babys-3-stueck\/\" \/>\n<meta property=\"og:site_name\" content=\"SES Creative\" \/>\n<meta property=\"article:modified_time\" content=\"2026-02-06T09:51:42+00:00\" \/>\n<meta name=\"twitter:card\" content=\"summary_large_image\" \/>\n<meta name=\"twitter:label1\" content=\"Gesch\u00e4tzte Lesezeit\" \/>\n\t<meta name=\"twitter:data1\" content=\"2\u00a0Minuten\" \/>\n<script type=\"application\/ld+json\" class=\"yoast-schema-graph\">{\"@context\":\"https:\/\/schema.org\",\"@graph\":[{\"@type\":\"WebPage\",\"@id\":\"https:\/\/ses-creative.com\/de\/produkt\/my-first-sichere-malpinsel-fuer-babys-3-stueck\/\",\"url\":\"https:\/\/ses-creative.com\/de\/produkt\/my-first-sichere-malpinsel-fuer-babys-3-stueck\/\",\"name\":\"My first - Sichere Malpinsel f\u00fcr Babys (3 St\u00fcck) - SES Creative\",\"isPartOf\":{\"@id\":\"https:\/\/ses-creative.com\/#website\"},\"primaryImageOfPage\":{\"@id\":\"https:\/\/ses-creative.com\/de\/produkt\/my-first-sichere-malpinsel-fuer-babys-3-stueck\/#primaryimage\"},\"image\":{\"@id\":\"https:\/\/ses-creative.com\/de\/produkt\/my-first-sichere-malpinsel-fuer-babys-3-stueck\/#primaryimage\"},\"thumbnailUrl\":\"https:\/\/ses-creative.com\/wp-content\/uploads\/2026\/01\/144401.jpg\",\"datePublished\":\"2026-02-05T13:52:46+00:00\",\"dateModified\":\"2026-02-06T09:51:42+00:00\",\"breadcrumb\":{\"@id\":\"https:\/\/ses-creative.com\/de\/produkt\/my-first-sichere-malpinsel-fuer-babys-3-stueck\/#breadcrumb\"},\"inLanguage\":\"de\",\"potentialAction\":[{\"@type\":\"ReadAction\",\"target\":[\"https:\/\/ses-creative.com\/de\/produkt\/my-first-sichere-malpinsel-fuer-babys-3-stueck\/\"]}]},{\"@type\":\"ImageObject\",\"inLanguage\":\"de\",\"@id\":\"https:\/\/ses-creative.com\/de\/produkt\/my-first-sichere-malpinsel-fuer-babys-3-stueck\/#primaryimage\",\"url\":\"https:\/\/ses-creative.com\/wp-content\/uploads\/2026\/01\/144401.jpg\",\"contentUrl\":\"https:\/\/ses-creative.com\/wp-content\/uploads\/2026\/01\/144401.jpg\",\"width\":1000,\"height\":1000},{\"@type\":\"BreadcrumbList\",\"@id\":\"https:\/\/ses-creative.com\/de\/produkt\/my-first-sichere-malpinsel-fuer-babys-3-stueck\/#breadcrumb\",\"itemListElement\":[{\"@type\":\"ListItem\",\"position\":1,\"name\":\"Shop\",\"item\":\"https:\/\/ses-creative.com\/de\/shop\/\"},{\"@type\":\"ListItem\",\"position\":2,\"name\":\"Baby &amp; Kleinkind\",\"item\":\"https:\/\/ses-creative.com\/de\/product-categorie\/baby-kleinkind\/\"},{\"@type\":\"ListItem\",\"position\":3,\"name\":\"My first &#8211; Sichere Malpinsel f\u00fcr Babys (3 St\u00fcck)\"}]},{\"@type\":\"WebSite\",\"@id\":\"https:\/\/ses-creative.com\/#website\",\"url\":\"https:\/\/ses-creative.com\/\",\"name\":\"SES Creative\",\"description\":\"\",\"publisher\":{\"@id\":\"https:\/\/ses-creative.com\/#organization\"},\"potentialAction\":[{\"@type\":\"SearchAction\",\"target\":{\"@type\":\"EntryPoint\",\"urlTemplate\":\"https:\/\/ses-creative.com\/?s={search_term_string}\"},\"query-input\":{\"@type\":\"PropertyValueSpecification\",\"valueRequired\":true,\"valueName\":\"search_term_string\"}}],\"inLanguage\":\"de\"},{\"@type\":\"Organization\",\"@id\":\"https:\/\/ses-creative.com\/#organization\",\"name\":\"SES Creative\",\"url\":\"https:\/\/ses-creative.com\/\",\"logo\":{\"@type\":\"ImageObject\",\"inLanguage\":\"de\",\"@id\":\"https:\/\/ses-creative.com\/#\/schema\/logo\/image\/\",\"url\":\"https:\/\/ses-creative.com\/wp-content\/uploads\/2025\/10\/ses-creative-logo.jpg\",\"contentUrl\":\"https:\/\/ses-creative.com\/wp-content\/uploads\/2025\/10\/ses-creative-logo.jpg\",\"width\":2037,\"height\":2037,\"caption\":\"SES Creative\"},\"image\":{\"@id\":\"https:\/\/ses-creative.com\/#\/schema\/logo\/image\/\"}}]}<\/script>\n<!-- \/ Yoast SEO plugin. -->","yoast_head_json":{"title":"My first - Sichere Malpinsel f\u00fcr Babys (3 St\u00fcck) - SES Creative","robots":{"index":"index","follow":"follow","max-snippet":"max-snippet:-1","max-image-preview":"max-image-preview:large","max-video-preview":"max-video-preview:-1"},"canonical":"https:\/\/ses-creative.com\/de\/produkt\/my-first-sichere-malpinsel-fuer-babys-3-stueck\/","og_locale":"de_DE","og_type":"article","og_title":"My first - Sichere Malpinsel f\u00fcr Babys (3 St\u00fcck) - SES Creative","og_description":"Perfekt f\u00fcr kleine K\u00fcnstler ab 1 Jahr! Lernen Sie My First \u2013 Sichere Babypinsel von SES Creative kennen! Die perfekte M\u00f6glichkeit, die Kreativit\u00e4t Ihres kleinen K\u00fcnstlers zu f\u00f6rdern, wobei Sicherheit und Benutzerfreundlichkeit an erster Stelle stehen! Dieses Set wurde speziell f\u00fcr Kleinkinder und junge Kinder entwickelt und enth\u00e4lt drei einzigartige ergonomische Pinsel, die f\u00fcr sicheres [&hellip;]","og_url":"https:\/\/ses-creative.com\/de\/produkt\/my-first-sichere-malpinsel-fuer-babys-3-stueck\/","og_site_name":"SES Creative","article_modified_time":"2026-02-06T09:51:42+00:00","twitter_card":"summary_large_image","twitter_misc":{"Gesch\u00e4tzte Lesezeit":"2\u00a0Minuten"},"schema":{"@context":"https:\/\/schema.org","@graph":[{"@type":"WebPage","@id":"https:\/\/ses-creative.com\/de\/produkt\/my-first-sichere-malpinsel-fuer-babys-3-stueck\/","url":"https:\/\/ses-creative.com\/de\/produkt\/my-first-sichere-malpinsel-fuer-babys-3-stueck\/","name":"My first - Sichere Malpinsel f\u00fcr Babys (3 St\u00fcck) - SES Creative","isPartOf":{"@id":"https:\/\/ses-creative.com\/#website"},"primaryImageOfPage":{"@id":"https:\/\/ses-creative.com\/de\/produkt\/my-first-sichere-malpinsel-fuer-babys-3-stueck\/#primaryimage"},"image":{"@id":"https:\/\/ses-creative.com\/de\/produkt\/my-first-sichere-malpinsel-fuer-babys-3-stueck\/#primaryimage"},"thumbnailUrl":"https:\/\/ses-creative.com\/wp-content\/uploads\/2026\/01\/144401.jpg","datePublished":"2026-02-05T13:52:46+00:00","dateModified":"2026-02-06T09:51:42+00:00","breadcrumb":{"@id":"https:\/\/ses-creative.com\/de\/produkt\/my-first-sichere-malpinsel-fuer-babys-3-stueck\/#breadcrumb"},"inLanguage":"de","potentialAction":[{"@type":"ReadAction","target":["https:\/\/ses-creative.com\/de\/produkt\/my-first-sichere-malpinsel-fuer-babys-3-stueck\/"]}]},{"@type":"ImageObject","inLanguage":"de","@id":"https:\/\/ses-creative.com\/de\/produkt\/my-first-sichere-malpinsel-fuer-babys-3-stueck\/#primaryimage","url":"https:\/\/ses-creative.com\/wp-content\/uploads\/2026\/01\/144401.jpg","contentUrl":"https:\/\/ses-creative.com\/wp-content\/uploads\/2026\/01\/144401.jpg","width":1000,"height":1000},{"@type":"BreadcrumbList","@id":"https:\/\/ses-creative.com\/de\/produkt\/my-first-sichere-malpinsel-fuer-babys-3-stueck\/#breadcrumb","itemListElement":[{"@type":"ListItem","position":1,"name":"Shop","item":"https:\/\/ses-creative.com\/de\/shop\/"},{"@type":"ListItem","position":2,"name":"Baby &amp; Kleinkind","item":"https:\/\/ses-creative.com\/de\/product-categorie\/baby-kleinkind\/"},{"@type":"ListItem","position":3,"name":"My first &#8211; Sichere Malpinsel f\u00fcr Babys (3 St\u00fcck)"}]},{"@type":"WebSite","@id":"https:\/\/ses-creative.com\/#website","url":"https:\/\/ses-creative.com\/","name":"SES Creative","description":"","publisher":{"@id":"https:\/\/ses-creative.com\/#organization"},"potentialAction":[{"@type":"SearchAction","target":{"@type":"EntryPoint","urlTemplate":"https:\/\/ses-creative.com\/?s={search_term_string}"},"query-input":{"@type":"PropertyValueSpecification","valueRequired":true,"valueName":"search_term_string"}}],"inLanguage":"de"},{"@type":"Organization","@id":"https:\/\/ses-creative.com\/#organization","name":"SES Creative","url":"https:\/\/ses-creative.com\/","logo":{"@type":"ImageObject","inLanguage":"de","@id":"https:\/\/ses-creative.com\/#\/schema\/logo\/image\/","url":"https:\/\/ses-creative.com\/wp-content\/uploads\/2025\/10\/ses-creative-logo.jpg","contentUrl":"https:\/\/ses-creative.com\/wp-content\/uploads\/2025\/10\/ses-creative-logo.jpg","width":2037,"height":2037,"caption":"SES Creative"},"image":{"@id":"https:\/\/ses-creative.com\/#\/schema\/logo\/image\/"}}]}},"_links":{"self":[{"href":"https:\/\/ses-creative.com\/de\/wp-json\/wp\/v2\/product\/114726","targetHints":{"allow":["GET"]}}],"collection":[{"href":"https:\/\/ses-creative.com\/de\/wp-json\/wp\/v2\/product"}],"about":[{"href":"https:\/\/ses-creative.com\/de\/wp-json\/wp\/v2\/types\/product"}],"replies":[{"embeddable":true,"href":"https:\/\/ses-creative.com\/de\/wp-json\/wp\/v2\/comments?post=114726"}],"wp:featuredmedia":[{"embeddable":true,"href":"https:\/\/ses-creative.com\/de\/wp-json\/wp\/v2\/media\/103056"}],"wp:attachment":[{"href":"https:\/\/ses-creative.com\/de\/wp-json\/wp\/v2\/media?parent=114726"}],"wp:term":[{"taxonomy":"product_brand","embeddable":true,"href":"https:\/\/ses-creative.com\/de\/wp-json\/wp\/v2\/product_brand?post=114726"},{"taxonomy":"product_cat","embeddable":true,"href":"https:\/\/ses-creative.com\/de\/wp-json\/wp\/v2\/product_cat?post=114726"},{"taxonomy":"product_tag","embeddable":true,"href":"https:\/\/ses-creative.com\/de\/wp-json\/wp\/v2\/product_tag?post=114726"}],"curies":[{"name":"wp","href":"https:\/\/api.w.org\/{rel}","templated":true}]}}