











{"id":114725,"date":"2026-02-05T13:52:46","date_gmt":"2026-02-05T13:52:46","guid":{"rendered":"https:\/\/ses-creative.com\/?post_type=product&#038;p=114725"},"modified":"2026-02-06T09:51:42","modified_gmt":"2026-02-06T09:51:42","slug":"my-first-knet-megaset-mit-werkzeugen","status":"publish","type":"product","link":"https:\/\/ses-creative.com\/de\/produkt\/my-first-knet-megaset-mit-werkzeugen\/","title":{"rendered":"My first &#8211; Knet-Megaset mit Werkzeugen"},"content":{"rendered":"<p>Schenken Sie Ihrem Kind ein kreatives und lehrreiches Erlebnis mit dem Set Mein erstes Mega-Knettier von SES Creative! Dieses Komplettset wurde f\u00fcr Kleinkinder ab 1 Jahr entwickelt und f\u00fchrt Kinder in die Welt des Knetens und k\u00fcnstlerischen Gestaltens ein. Mithilfe von Tierformen und leicht zu handhabender Knetmasse kann Ihr Kind Tiere wie L\u00f6wen, Elefanten und viele andere formen und dabei seine Feinmotorik und Koordination schulen.<\/p>\n<p>Dieses Set f\u00f6rdert nicht nur spielerisch das Erlernen geometrischer Formen, sondern auch die sensorische Entwicklung des Kindes. Durch Kneten und Modellieren verfeinern sie ihren Tastsinn, ihre Kreativit\u00e4t und ihre Vorstellungskraft. Ideal, um die taktile Erkundung anzuregen, tr\u00e4gt dieses Spiel zu ihrer Entwicklung bei und bietet gleichzeitig einen Moment des kreativen Vergn\u00fcgens.<\/p>\n<p>Die Knete wurde speziell entwickelt, um hypoallergen, ungiftig und leicht zu reinigen zu sein, sodass Eltern beruhigt sein k\u00f6nnen, w\u00e4hrend die Kinder sich sicher vergn\u00fcgen. Dieses gebrauchsfertige Set ist so konzipiert, dass es einfach zu handhaben ist und keine zus\u00e4tzlichen Materialien erfordert.<\/p>\n<p>Ein perfektes Geschenk f\u00fcr Geburtstage, Weihnachten oder andere besondere Anl\u00e4sse &#8211; dieses p\u00e4dagogische und spielerische Set wird Jung und Alt begeistern. Schenken Sie Ihrem Kind stundenlangen, kreativen und lehrreichen Spielspa\u00df, w\u00e4hrend es schon in jungen Jahren wichtige F\u00e4higkeiten entwickelt. Dieses in den Niederlanden hergestellte Produkt entspricht den h\u00f6chsten Qualit\u00e4ts- und Sicherheitsstandards und garantiert ein sorgenfreies Spielen.<\/p>\n<p>Mit SES Creative entscheiden Sie sich f\u00fcr sicheres, kreatives und umweltvertr\u00e4gliches Spielzeug, das in einer umweltfreundlichen Fabrik hergestellt wird.<\/p>\n","protected":false},"excerpt":{"rendered":"<p>Schenken Sie Ihrem Kind ein kreatives und lehrreiches Erlebnis mit dem Set Mein erstes Mega-Knettier von SES Creative! Dieses Komplettset wurde f\u00fcr Kleinkinder ab 1 Jahr entwickelt und f\u00fchrt Kinder in die Welt des Knetens und k\u00fcnstlerischen Gestaltens ein. Mithilfe von Tierformen und leicht zu handhabender Knetmasse kann Ihr Kind Tiere wie L\u00f6wen, Elefanten und [&hellip;]<\/p>\n","protected":false},"featured_media":103036,"comment_status":"closed","ping_status":"closed","template":"","meta":{"_acf_changed":false},"product_brand":[],"product_cat":[116],"product_tag":[],"class_list":{"0":"post-114725","1":"product","2":"type-product","3":"status-publish","4":"has-post-thumbnail","6":"product_cat-baby-kleinkind","7":"pa_leeftijd-filter-0-2-jahre","8":"pa_meest-populair-bij-jungen-maedchen","10":"first","11":"instock","12":"shipping-taxable","13":"product-type-simple"},"acf":[],"yoast_head":"<!-- This site is optimized with the Yoast SEO plugin v27.2 - https:\/\/yoast.com\/product\/yoast-seo-wordpress\/ -->\n<title>My first - Knet-Megaset mit Werkzeugen - SES Creative<\/title>\n<meta name=\"robots\" content=\"index, follow, max-snippet:-1, max-image-preview:large, max-video-preview:-1\" \/>\n<link rel=\"canonical\" href=\"https:\/\/ses-creative.com\/de\/produkt\/my-first-knet-megaset-mit-werkzeugen\/\" \/>\n<meta property=\"og:locale\" content=\"de_DE\" \/>\n<meta property=\"og:type\" content=\"article\" \/>\n<meta property=\"og:title\" content=\"My first - Knet-Megaset mit Werkzeugen - SES Creative\" \/>\n<meta property=\"og:description\" content=\"Schenken Sie Ihrem Kind ein kreatives und lehrreiches Erlebnis mit dem Set Mein erstes Mega-Knettier von SES Creative! Dieses Komplettset wurde f\u00fcr Kleinkinder ab 1 Jahr entwickelt und f\u00fchrt Kinder in die Welt des Knetens und k\u00fcnstlerischen Gestaltens ein. Mithilfe von Tierformen und leicht zu handhabender Knetmasse kann Ihr Kind Tiere wie L\u00f6wen, Elefanten und [&hellip;]\" \/>\n<meta property=\"og:url\" content=\"https:\/\/ses-creative.com\/de\/produkt\/my-first-knet-megaset-mit-werkzeugen\/\" \/>\n<meta property=\"og:site_name\" content=\"SES Creative\" \/>\n<meta property=\"article:modified_time\" content=\"2026-02-06T09:51:42+00:00\" \/>\n<meta name=\"twitter:card\" content=\"summary_large_image\" \/>\n<meta name=\"twitter:label1\" content=\"Gesch\u00e4tzte Lesezeit\" \/>\n\t<meta name=\"twitter:data1\" content=\"1\u00a0Minute\" \/>\n<script type=\"application\/ld+json\" class=\"yoast-schema-graph\">{\"@context\":\"https:\/\/schema.org\",\"@graph\":[{\"@type\":\"WebPage\",\"@id\":\"https:\/\/ses-creative.com\/de\/produkt\/my-first-knet-megaset-mit-werkzeugen\/\",\"url\":\"https:\/\/ses-creative.com\/de\/produkt\/my-first-knet-megaset-mit-werkzeugen\/\",\"name\":\"My first - Knet-Megaset mit Werkzeugen - SES Creative\",\"isPartOf\":{\"@id\":\"https:\/\/ses-creative.com\/#website\"},\"primaryImageOfPage\":{\"@id\":\"https:\/\/ses-creative.com\/de\/produkt\/my-first-knet-megaset-mit-werkzeugen\/#primaryimage\"},\"image\":{\"@id\":\"https:\/\/ses-creative.com\/de\/produkt\/my-first-knet-megaset-mit-werkzeugen\/#primaryimage\"},\"thumbnailUrl\":\"https:\/\/ses-creative.com\/wp-content\/uploads\/2026\/01\/144381.jpg\",\"datePublished\":\"2026-02-05T13:52:46+00:00\",\"dateModified\":\"2026-02-06T09:51:42+00:00\",\"breadcrumb\":{\"@id\":\"https:\/\/ses-creative.com\/de\/produkt\/my-first-knet-megaset-mit-werkzeugen\/#breadcrumb\"},\"inLanguage\":\"de\",\"potentialAction\":[{\"@type\":\"ReadAction\",\"target\":[\"https:\/\/ses-creative.com\/de\/produkt\/my-first-knet-megaset-mit-werkzeugen\/\"]}]},{\"@type\":\"ImageObject\",\"inLanguage\":\"de\",\"@id\":\"https:\/\/ses-creative.com\/de\/produkt\/my-first-knet-megaset-mit-werkzeugen\/#primaryimage\",\"url\":\"https:\/\/ses-creative.com\/wp-content\/uploads\/2026\/01\/144381.jpg\",\"contentUrl\":\"https:\/\/ses-creative.com\/wp-content\/uploads\/2026\/01\/144381.jpg\",\"width\":1000,\"height\":1000},{\"@type\":\"BreadcrumbList\",\"@id\":\"https:\/\/ses-creative.com\/de\/produkt\/my-first-knet-megaset-mit-werkzeugen\/#breadcrumb\",\"itemListElement\":[{\"@type\":\"ListItem\",\"position\":1,\"name\":\"Shop\",\"item\":\"https:\/\/ses-creative.com\/de\/shop\/\"},{\"@type\":\"ListItem\",\"position\":2,\"name\":\"Baby &amp; Kleinkind\",\"item\":\"https:\/\/ses-creative.com\/de\/product-categorie\/baby-kleinkind\/\"},{\"@type\":\"ListItem\",\"position\":3,\"name\":\"My first &#8211; Knet-Megaset mit Werkzeugen\"}]},{\"@type\":\"WebSite\",\"@id\":\"https:\/\/ses-creative.com\/#website\",\"url\":\"https:\/\/ses-creative.com\/\",\"name\":\"SES Creative\",\"description\":\"\",\"publisher\":{\"@id\":\"https:\/\/ses-creative.com\/#organization\"},\"potentialAction\":[{\"@type\":\"SearchAction\",\"target\":{\"@type\":\"EntryPoint\",\"urlTemplate\":\"https:\/\/ses-creative.com\/?s={search_term_string}\"},\"query-input\":{\"@type\":\"PropertyValueSpecification\",\"valueRequired\":true,\"valueName\":\"search_term_string\"}}],\"inLanguage\":\"de\"},{\"@type\":\"Organization\",\"@id\":\"https:\/\/ses-creative.com\/#organization\",\"name\":\"SES Creative\",\"url\":\"https:\/\/ses-creative.com\/\",\"logo\":{\"@type\":\"ImageObject\",\"inLanguage\":\"de\",\"@id\":\"https:\/\/ses-creative.com\/#\/schema\/logo\/image\/\",\"url\":\"https:\/\/ses-creative.com\/wp-content\/uploads\/2025\/10\/ses-creative-logo.jpg\",\"contentUrl\":\"https:\/\/ses-creative.com\/wp-content\/uploads\/2025\/10\/ses-creative-logo.jpg\",\"width\":2037,\"height\":2037,\"caption\":\"SES Creative\"},\"image\":{\"@id\":\"https:\/\/ses-creative.com\/#\/schema\/logo\/image\/\"}}]}<\/script>\n<!-- \/ Yoast SEO plugin. -->","yoast_head_json":{"title":"My first - Knet-Megaset mit Werkzeugen - SES Creative","robots":{"index":"index","follow":"follow","max-snippet":"max-snippet:-1","max-image-preview":"max-image-preview:large","max-video-preview":"max-video-preview:-1"},"canonical":"https:\/\/ses-creative.com\/de\/produkt\/my-first-knet-megaset-mit-werkzeugen\/","og_locale":"de_DE","og_type":"article","og_title":"My first - Knet-Megaset mit Werkzeugen - SES Creative","og_description":"Schenken Sie Ihrem Kind ein kreatives und lehrreiches Erlebnis mit dem Set Mein erstes Mega-Knettier von SES Creative! Dieses Komplettset wurde f\u00fcr Kleinkinder ab 1 Jahr entwickelt und f\u00fchrt Kinder in die Welt des Knetens und k\u00fcnstlerischen Gestaltens ein. Mithilfe von Tierformen und leicht zu handhabender Knetmasse kann Ihr Kind Tiere wie L\u00f6wen, Elefanten und [&hellip;]","og_url":"https:\/\/ses-creative.com\/de\/produkt\/my-first-knet-megaset-mit-werkzeugen\/","og_site_name":"SES Creative","article_modified_time":"2026-02-06T09:51:42+00:00","twitter_card":"summary_large_image","twitter_misc":{"Gesch\u00e4tzte Lesezeit":"1\u00a0Minute"},"schema":{"@context":"https:\/\/schema.org","@graph":[{"@type":"WebPage","@id":"https:\/\/ses-creative.com\/de\/produkt\/my-first-knet-megaset-mit-werkzeugen\/","url":"https:\/\/ses-creative.com\/de\/produkt\/my-first-knet-megaset-mit-werkzeugen\/","name":"My first - Knet-Megaset mit Werkzeugen - SES Creative","isPartOf":{"@id":"https:\/\/ses-creative.com\/#website"},"primaryImageOfPage":{"@id":"https:\/\/ses-creative.com\/de\/produkt\/my-first-knet-megaset-mit-werkzeugen\/#primaryimage"},"image":{"@id":"https:\/\/ses-creative.com\/de\/produkt\/my-first-knet-megaset-mit-werkzeugen\/#primaryimage"},"thumbnailUrl":"https:\/\/ses-creative.com\/wp-content\/uploads\/2026\/01\/144381.jpg","datePublished":"2026-02-05T13:52:46+00:00","dateModified":"2026-02-06T09:51:42+00:00","breadcrumb":{"@id":"https:\/\/ses-creative.com\/de\/produkt\/my-first-knet-megaset-mit-werkzeugen\/#breadcrumb"},"inLanguage":"de","potentialAction":[{"@type":"ReadAction","target":["https:\/\/ses-creative.com\/de\/produkt\/my-first-knet-megaset-mit-werkzeugen\/"]}]},{"@type":"ImageObject","inLanguage":"de","@id":"https:\/\/ses-creative.com\/de\/produkt\/my-first-knet-megaset-mit-werkzeugen\/#primaryimage","url":"https:\/\/ses-creative.com\/wp-content\/uploads\/2026\/01\/144381.jpg","contentUrl":"https:\/\/ses-creative.com\/wp-content\/uploads\/2026\/01\/144381.jpg","width":1000,"height":1000},{"@type":"BreadcrumbList","@id":"https:\/\/ses-creative.com\/de\/produkt\/my-first-knet-megaset-mit-werkzeugen\/#breadcrumb","itemListElement":[{"@type":"ListItem","position":1,"name":"Shop","item":"https:\/\/ses-creative.com\/de\/shop\/"},{"@type":"ListItem","position":2,"name":"Baby &amp; Kleinkind","item":"https:\/\/ses-creative.com\/de\/product-categorie\/baby-kleinkind\/"},{"@type":"ListItem","position":3,"name":"My first &#8211; Knet-Megaset mit Werkzeugen"}]},{"@type":"WebSite","@id":"https:\/\/ses-creative.com\/#website","url":"https:\/\/ses-creative.com\/","name":"SES Creative","description":"","publisher":{"@id":"https:\/\/ses-creative.com\/#organization"},"potentialAction":[{"@type":"SearchAction","target":{"@type":"EntryPoint","urlTemplate":"https:\/\/ses-creative.com\/?s={search_term_string}"},"query-input":{"@type":"PropertyValueSpecification","valueRequired":true,"valueName":"search_term_string"}}],"inLanguage":"de"},{"@type":"Organization","@id":"https:\/\/ses-creative.com\/#organization","name":"SES Creative","url":"https:\/\/ses-creative.com\/","logo":{"@type":"ImageObject","inLanguage":"de","@id":"https:\/\/ses-creative.com\/#\/schema\/logo\/image\/","url":"https:\/\/ses-creative.com\/wp-content\/uploads\/2025\/10\/ses-creative-logo.jpg","contentUrl":"https:\/\/ses-creative.com\/wp-content\/uploads\/2025\/10\/ses-creative-logo.jpg","width":2037,"height":2037,"caption":"SES Creative"},"image":{"@id":"https:\/\/ses-creative.com\/#\/schema\/logo\/image\/"}}]}},"_links":{"self":[{"href":"https:\/\/ses-creative.com\/de\/wp-json\/wp\/v2\/product\/114725","targetHints":{"allow":["GET"]}}],"collection":[{"href":"https:\/\/ses-creative.com\/de\/wp-json\/wp\/v2\/product"}],"about":[{"href":"https:\/\/ses-creative.com\/de\/wp-json\/wp\/v2\/types\/product"}],"replies":[{"embeddable":true,"href":"https:\/\/ses-creative.com\/de\/wp-json\/wp\/v2\/comments?post=114725"}],"wp:featuredmedia":[{"embeddable":true,"href":"https:\/\/ses-creative.com\/de\/wp-json\/wp\/v2\/media\/103036"}],"wp:attachment":[{"href":"https:\/\/ses-creative.com\/de\/wp-json\/wp\/v2\/media?parent=114725"}],"wp:term":[{"taxonomy":"product_brand","embeddable":true,"href":"https:\/\/ses-creative.com\/de\/wp-json\/wp\/v2\/product_brand?post=114725"},{"taxonomy":"product_cat","embeddable":true,"href":"https:\/\/ses-creative.com\/de\/wp-json\/wp\/v2\/product_cat?post=114725"},{"taxonomy":"product_tag","embeddable":true,"href":"https:\/\/ses-creative.com\/de\/wp-json\/wp\/v2\/product_tag?post=114725"}],"curies":[{"name":"wp","href":"https:\/\/api.w.org\/{rel}","templated":true}]}}