











{"id":114724,"date":"2026-02-05T13:52:45","date_gmt":"2026-02-05T13:52:45","guid":{"rendered":"https:\/\/ses-creative.com\/?post_type=product&#038;p=114724"},"modified":"2026-02-06T09:51:41","modified_gmt":"2026-02-06T09:51:41","slug":"my-first-knete-mit-ausstechfoermchen","status":"publish","type":"product","link":"https:\/\/ses-creative.com\/de\/produkt\/my-first-knete-mit-ausstechfoermchen\/","title":{"rendered":"My first &#8211; Knete mit Ausstechf\u00f6rmchen"},"content":{"rendered":"<p>Mit My First Knete und Ausstechformen macht Knete noch mehr Spa\u00df!<br \/>\nWas gibt es Sch\u00f6neres als mit Knete zu spielen? Dieses Set von SES Creative enth\u00e4lt Knete in fr\u00f6hlichen Farben und verschiedene Ausstechformen, mit denen Sie die sch\u00f6nsten Figuren gestalten k\u00f6nnen. Die Formen sind besonders toll, weil sie auf beiden Seiten eine andere Form haben. Versuchen Sie, die Beispielkarten nachzubilden, um die sch\u00f6nsten Figuren zu kreieren. Die weiche Knete ist glutenfrei und f\u00fcr Kinder ab 1 Jahr geeignet.<br \/>\nWas dieses Set so toll macht<br \/>\n&#8211;    Nachbilden der Beispielkarten mit den lustigen Ausstechformen f\u00fcr Kleinkinder<br \/>\n&#8211;    Die Knete hat einen salzigen Geschmack, sodass Kinder sie nicht gerne in den Mund nehmen<br \/>\n&#8211;    F\u00f6rdert die Kreativit\u00e4t und die Feinmotorik<br \/>\n&#8211;    Trocknet w\u00e4hrend des Spielens nicht aus<br \/>\n&#8211;    Sichere, kinderfreundliche und glutenfreie Knete<br \/>\nWarum dies perfekt f\u00fcr Sie ist<br \/>\nDieses Set ist ideal f\u00fcr Eltern, die ihren Kleinkindern eine kreative und lehrreiche Aktivit\u00e4t bieten m\u00f6chten. Mit diesem Set k\u00f6nnen kleine Kinder ihre eigenen Figuren basteln. Der weiche Ton und die lustigen Ausstechformen bieten unendliche M\u00f6glichkeiten, kreativ zu sein. Eine gro\u00dfartige M\u00f6glichkeit, auf sichere und unterhaltsame Weise zu spielen und die Feinmotorik zu entwickeln.<br \/>\nInhalt des Sets<br \/>\n&#8211;    3 T\u00f6pfe Ton: gr\u00fcn, orange und blau<br \/>\n&#8211;    3 Ausstechformen mit 6 verschiedenen Formen<br \/>\n&#8211;    Verschiedene Beispielkarten<br \/>\nWarum SES Creative w\u00e4hlen?<br \/>\nBei SES Creative legen wir gro\u00dfen Wert auf Sicherheit. Deshalb werden die Produkte in unserer Fabrik in den Niederlanden nach den strengsten europ\u00e4ischen Sicherheitsnormen hergestellt und getestet. Spielzeug von SES Creative macht Spa\u00df und soll Kindern ein Gef\u00fchl des Stolzes auf ihre Arbeit vermitteln, was ihre Kreativit\u00e4t und Entwicklung f\u00f6rdert.<br \/>\nBeginnen Sie noch heute mit dem Basteln sch\u00f6ner Knetfiguren<br \/>\nEntdecken Sie den Spa\u00df am Modellieren und gestalten Sie mit diesem fr\u00f6hlichen Set von My First die sch\u00f6nsten Figuren. Perfekt f\u00fcr stundenlangen kreativen Spielspa\u00df!<\/p>\n","protected":false},"excerpt":{"rendered":"<p>Mit My First Knete und Ausstechformen macht Knete noch mehr Spa\u00df! Was gibt es Sch\u00f6neres als mit Knete zu spielen? Dieses Set von SES Creative enth\u00e4lt Knete in fr\u00f6hlichen Farben und verschiedene Ausstechformen, mit denen Sie die sch\u00f6nsten Figuren gestalten k\u00f6nnen. Die Formen sind besonders toll, weil sie auf beiden Seiten eine andere Form haben. [&hellip;]<\/p>\n","protected":false},"featured_media":103016,"comment_status":"closed","ping_status":"closed","template":"","meta":{"_acf_changed":false},"product_brand":[],"product_cat":[116],"product_tag":[],"class_list":{"0":"post-114724","1":"product","2":"type-product","3":"status-publish","4":"has-post-thumbnail","6":"product_cat-baby-kleinkind","7":"pa_leeftijd-filter-0-2-jahre","8":"pa_meest-populair-bij-jungen-maedchen","10":"first","11":"instock","12":"shipping-taxable","13":"product-type-simple"},"acf":[],"yoast_head":"<!-- This site is optimized with the Yoast SEO plugin v27.2 - https:\/\/yoast.com\/product\/yoast-seo-wordpress\/ -->\n<title>My first - Knete mit Ausstechf\u00f6rmchen - SES Creative<\/title>\n<meta name=\"robots\" content=\"index, follow, max-snippet:-1, max-image-preview:large, max-video-preview:-1\" \/>\n<link rel=\"canonical\" href=\"https:\/\/ses-creative.com\/de\/produkt\/my-first-knete-mit-ausstechfoermchen\/\" \/>\n<meta property=\"og:locale\" content=\"de_DE\" \/>\n<meta property=\"og:type\" content=\"article\" \/>\n<meta property=\"og:title\" content=\"My first - Knete mit Ausstechf\u00f6rmchen - SES Creative\" \/>\n<meta property=\"og:description\" content=\"Mit My First Knete und Ausstechformen macht Knete noch mehr Spa\u00df! Was gibt es Sch\u00f6neres als mit Knete zu spielen? Dieses Set von SES Creative enth\u00e4lt Knete in fr\u00f6hlichen Farben und verschiedene Ausstechformen, mit denen Sie die sch\u00f6nsten Figuren gestalten k\u00f6nnen. Die Formen sind besonders toll, weil sie auf beiden Seiten eine andere Form haben. [&hellip;]\" \/>\n<meta property=\"og:url\" content=\"https:\/\/ses-creative.com\/de\/produkt\/my-first-knete-mit-ausstechfoermchen\/\" \/>\n<meta property=\"og:site_name\" content=\"SES Creative\" \/>\n<meta property=\"article:modified_time\" content=\"2026-02-06T09:51:41+00:00\" \/>\n<meta name=\"twitter:card\" content=\"summary_large_image\" \/>\n<meta name=\"twitter:label1\" content=\"Gesch\u00e4tzte Lesezeit\" \/>\n\t<meta name=\"twitter:data1\" content=\"2\u00a0Minuten\" \/>\n<script type=\"application\/ld+json\" class=\"yoast-schema-graph\">{\"@context\":\"https:\/\/schema.org\",\"@graph\":[{\"@type\":\"WebPage\",\"@id\":\"https:\/\/ses-creative.com\/de\/produkt\/my-first-knete-mit-ausstechfoermchen\/\",\"url\":\"https:\/\/ses-creative.com\/de\/produkt\/my-first-knete-mit-ausstechfoermchen\/\",\"name\":\"My first - Knete mit Ausstechf\u00f6rmchen - SES Creative\",\"isPartOf\":{\"@id\":\"https:\/\/ses-creative.com\/#website\"},\"primaryImageOfPage\":{\"@id\":\"https:\/\/ses-creative.com\/de\/produkt\/my-first-knete-mit-ausstechfoermchen\/#primaryimage\"},\"image\":{\"@id\":\"https:\/\/ses-creative.com\/de\/produkt\/my-first-knete-mit-ausstechfoermchen\/#primaryimage\"},\"thumbnailUrl\":\"https:\/\/ses-creative.com\/wp-content\/uploads\/2026\/01\/144331.jpg\",\"datePublished\":\"2026-02-05T13:52:45+00:00\",\"dateModified\":\"2026-02-06T09:51:41+00:00\",\"breadcrumb\":{\"@id\":\"https:\/\/ses-creative.com\/de\/produkt\/my-first-knete-mit-ausstechfoermchen\/#breadcrumb\"},\"inLanguage\":\"de\",\"potentialAction\":[{\"@type\":\"ReadAction\",\"target\":[\"https:\/\/ses-creative.com\/de\/produkt\/my-first-knete-mit-ausstechfoermchen\/\"]}]},{\"@type\":\"ImageObject\",\"inLanguage\":\"de\",\"@id\":\"https:\/\/ses-creative.com\/de\/produkt\/my-first-knete-mit-ausstechfoermchen\/#primaryimage\",\"url\":\"https:\/\/ses-creative.com\/wp-content\/uploads\/2026\/01\/144331.jpg\",\"contentUrl\":\"https:\/\/ses-creative.com\/wp-content\/uploads\/2026\/01\/144331.jpg\",\"width\":1000,\"height\":1000},{\"@type\":\"BreadcrumbList\",\"@id\":\"https:\/\/ses-creative.com\/de\/produkt\/my-first-knete-mit-ausstechfoermchen\/#breadcrumb\",\"itemListElement\":[{\"@type\":\"ListItem\",\"position\":1,\"name\":\"Shop\",\"item\":\"https:\/\/ses-creative.com\/de\/shop\/\"},{\"@type\":\"ListItem\",\"position\":2,\"name\":\"Baby &amp; Kleinkind\",\"item\":\"https:\/\/ses-creative.com\/de\/product-categorie\/baby-kleinkind\/\"},{\"@type\":\"ListItem\",\"position\":3,\"name\":\"My first &#8211; Knete mit Ausstechf\u00f6rmchen\"}]},{\"@type\":\"WebSite\",\"@id\":\"https:\/\/ses-creative.com\/#website\",\"url\":\"https:\/\/ses-creative.com\/\",\"name\":\"SES Creative\",\"description\":\"\",\"publisher\":{\"@id\":\"https:\/\/ses-creative.com\/#organization\"},\"potentialAction\":[{\"@type\":\"SearchAction\",\"target\":{\"@type\":\"EntryPoint\",\"urlTemplate\":\"https:\/\/ses-creative.com\/?s={search_term_string}\"},\"query-input\":{\"@type\":\"PropertyValueSpecification\",\"valueRequired\":true,\"valueName\":\"search_term_string\"}}],\"inLanguage\":\"de\"},{\"@type\":\"Organization\",\"@id\":\"https:\/\/ses-creative.com\/#organization\",\"name\":\"SES Creative\",\"url\":\"https:\/\/ses-creative.com\/\",\"logo\":{\"@type\":\"ImageObject\",\"inLanguage\":\"de\",\"@id\":\"https:\/\/ses-creative.com\/#\/schema\/logo\/image\/\",\"url\":\"https:\/\/ses-creative.com\/wp-content\/uploads\/2025\/10\/ses-creative-logo.jpg\",\"contentUrl\":\"https:\/\/ses-creative.com\/wp-content\/uploads\/2025\/10\/ses-creative-logo.jpg\",\"width\":2037,\"height\":2037,\"caption\":\"SES Creative\"},\"image\":{\"@id\":\"https:\/\/ses-creative.com\/#\/schema\/logo\/image\/\"}}]}<\/script>\n<!-- \/ Yoast SEO plugin. -->","yoast_head_json":{"title":"My first - Knete mit Ausstechf\u00f6rmchen - SES Creative","robots":{"index":"index","follow":"follow","max-snippet":"max-snippet:-1","max-image-preview":"max-image-preview:large","max-video-preview":"max-video-preview:-1"},"canonical":"https:\/\/ses-creative.com\/de\/produkt\/my-first-knete-mit-ausstechfoermchen\/","og_locale":"de_DE","og_type":"article","og_title":"My first - Knete mit Ausstechf\u00f6rmchen - SES Creative","og_description":"Mit My First Knete und Ausstechformen macht Knete noch mehr Spa\u00df! Was gibt es Sch\u00f6neres als mit Knete zu spielen? Dieses Set von SES Creative enth\u00e4lt Knete in fr\u00f6hlichen Farben und verschiedene Ausstechformen, mit denen Sie die sch\u00f6nsten Figuren gestalten k\u00f6nnen. Die Formen sind besonders toll, weil sie auf beiden Seiten eine andere Form haben. [&hellip;]","og_url":"https:\/\/ses-creative.com\/de\/produkt\/my-first-knete-mit-ausstechfoermchen\/","og_site_name":"SES Creative","article_modified_time":"2026-02-06T09:51:41+00:00","twitter_card":"summary_large_image","twitter_misc":{"Gesch\u00e4tzte Lesezeit":"2\u00a0Minuten"},"schema":{"@context":"https:\/\/schema.org","@graph":[{"@type":"WebPage","@id":"https:\/\/ses-creative.com\/de\/produkt\/my-first-knete-mit-ausstechfoermchen\/","url":"https:\/\/ses-creative.com\/de\/produkt\/my-first-knete-mit-ausstechfoermchen\/","name":"My first - Knete mit Ausstechf\u00f6rmchen - SES Creative","isPartOf":{"@id":"https:\/\/ses-creative.com\/#website"},"primaryImageOfPage":{"@id":"https:\/\/ses-creative.com\/de\/produkt\/my-first-knete-mit-ausstechfoermchen\/#primaryimage"},"image":{"@id":"https:\/\/ses-creative.com\/de\/produkt\/my-first-knete-mit-ausstechfoermchen\/#primaryimage"},"thumbnailUrl":"https:\/\/ses-creative.com\/wp-content\/uploads\/2026\/01\/144331.jpg","datePublished":"2026-02-05T13:52:45+00:00","dateModified":"2026-02-06T09:51:41+00:00","breadcrumb":{"@id":"https:\/\/ses-creative.com\/de\/produkt\/my-first-knete-mit-ausstechfoermchen\/#breadcrumb"},"inLanguage":"de","potentialAction":[{"@type":"ReadAction","target":["https:\/\/ses-creative.com\/de\/produkt\/my-first-knete-mit-ausstechfoermchen\/"]}]},{"@type":"ImageObject","inLanguage":"de","@id":"https:\/\/ses-creative.com\/de\/produkt\/my-first-knete-mit-ausstechfoermchen\/#primaryimage","url":"https:\/\/ses-creative.com\/wp-content\/uploads\/2026\/01\/144331.jpg","contentUrl":"https:\/\/ses-creative.com\/wp-content\/uploads\/2026\/01\/144331.jpg","width":1000,"height":1000},{"@type":"BreadcrumbList","@id":"https:\/\/ses-creative.com\/de\/produkt\/my-first-knete-mit-ausstechfoermchen\/#breadcrumb","itemListElement":[{"@type":"ListItem","position":1,"name":"Shop","item":"https:\/\/ses-creative.com\/de\/shop\/"},{"@type":"ListItem","position":2,"name":"Baby &amp; Kleinkind","item":"https:\/\/ses-creative.com\/de\/product-categorie\/baby-kleinkind\/"},{"@type":"ListItem","position":3,"name":"My first &#8211; Knete mit Ausstechf\u00f6rmchen"}]},{"@type":"WebSite","@id":"https:\/\/ses-creative.com\/#website","url":"https:\/\/ses-creative.com\/","name":"SES Creative","description":"","publisher":{"@id":"https:\/\/ses-creative.com\/#organization"},"potentialAction":[{"@type":"SearchAction","target":{"@type":"EntryPoint","urlTemplate":"https:\/\/ses-creative.com\/?s={search_term_string}"},"query-input":{"@type":"PropertyValueSpecification","valueRequired":true,"valueName":"search_term_string"}}],"inLanguage":"de"},{"@type":"Organization","@id":"https:\/\/ses-creative.com\/#organization","name":"SES Creative","url":"https:\/\/ses-creative.com\/","logo":{"@type":"ImageObject","inLanguage":"de","@id":"https:\/\/ses-creative.com\/#\/schema\/logo\/image\/","url":"https:\/\/ses-creative.com\/wp-content\/uploads\/2025\/10\/ses-creative-logo.jpg","contentUrl":"https:\/\/ses-creative.com\/wp-content\/uploads\/2025\/10\/ses-creative-logo.jpg","width":2037,"height":2037,"caption":"SES Creative"},"image":{"@id":"https:\/\/ses-creative.com\/#\/schema\/logo\/image\/"}}]}},"_links":{"self":[{"href":"https:\/\/ses-creative.com\/de\/wp-json\/wp\/v2\/product\/114724","targetHints":{"allow":["GET"]}}],"collection":[{"href":"https:\/\/ses-creative.com\/de\/wp-json\/wp\/v2\/product"}],"about":[{"href":"https:\/\/ses-creative.com\/de\/wp-json\/wp\/v2\/types\/product"}],"replies":[{"embeddable":true,"href":"https:\/\/ses-creative.com\/de\/wp-json\/wp\/v2\/comments?post=114724"}],"wp:featuredmedia":[{"embeddable":true,"href":"https:\/\/ses-creative.com\/de\/wp-json\/wp\/v2\/media\/103016"}],"wp:attachment":[{"href":"https:\/\/ses-creative.com\/de\/wp-json\/wp\/v2\/media?parent=114724"}],"wp:term":[{"taxonomy":"product_brand","embeddable":true,"href":"https:\/\/ses-creative.com\/de\/wp-json\/wp\/v2\/product_brand?post=114724"},{"taxonomy":"product_cat","embeddable":true,"href":"https:\/\/ses-creative.com\/de\/wp-json\/wp\/v2\/product_cat?post=114724"},{"taxonomy":"product_tag","embeddable":true,"href":"https:\/\/ses-creative.com\/de\/wp-json\/wp\/v2\/product_tag?post=114724"}],"curies":[{"name":"wp","href":"https:\/\/api.w.org\/{rel}","templated":true}]}}