











{"id":114723,"date":"2026-02-05T13:52:45","date_gmt":"2026-02-05T13:52:45","guid":{"rendered":"https:\/\/ses-creative.com\/?post_type=product&#038;p=114723"},"modified":"2026-02-06T09:51:41","modified_gmt":"2026-02-06T09:51:41","slug":"my-first-knete-mit-werkzeug-3x90gr","status":"publish","type":"product","link":"https:\/\/ses-creative.com\/de\/produkt\/my-first-knete-mit-werkzeug-3x90gr\/","title":{"rendered":"My first &#8211; Knete mit Werkzeug 3x90gr"},"content":{"rendered":"<p>Die My First Knete von SES Creative ist besonders geeignet f\u00fcr Kinder ab 12 Monaten. Das Set enth\u00e4lt 3 T\u00f6pfe in den Farben Rot, Gelb und Blau, einen kleinen Hammer sowie ein kindgerechtes Nudelholz \u2013 alles entwickelt f\u00fcr erste kreative Bastelversuche. Die Knete ist glutenfrei, hypoallergen und stark gesalzen, um ein Verschlucken zu verhindern. Ihre weiche Textur macht das Formen leicht, ohne dass die Masse beim Spielen austrocknet. Das Produkt f\u00f6rdert die Feinmotorik, die sensorische Wahrnehmung und die Fantasie der Kinder. Dank praktischer, wiederverschlie\u00dfbarer T\u00f6pfe bleibt die Knetmasse lange verwendbar. Sie l\u00e4sst sich problemlos von Kleidung und Oberfl\u00e4chen entfernen \u2013 perfekt f\u00fcr sicheres und sauberes Spielen. Die SES Creative Knete wird CO\u2082-neutral in den Niederlanden produziert und entspricht den h\u00f6chsten europ\u00e4ischen Sicherheitsstandards. Ein tolles Bastelset f\u00fcr die ersten kreativen Erfahrungen zu Hause oder in der Kita \u2013 verantwortungsbewusst, bunt und spielerisch lehrreich<\/p>\n","protected":false},"excerpt":{"rendered":"<p>Die My First Knete von SES Creative ist besonders geeignet f\u00fcr Kinder ab 12 Monaten. Das Set enth\u00e4lt 3 T\u00f6pfe in den Farben Rot, Gelb und Blau, einen kleinen Hammer sowie ein kindgerechtes Nudelholz \u2013 alles entwickelt f\u00fcr erste kreative Bastelversuche. Die Knete ist glutenfrei, hypoallergen und stark gesalzen, um ein Verschlucken zu verhindern. Ihre [&hellip;]<\/p>\n","protected":false},"featured_media":102996,"comment_status":"closed","ping_status":"closed","template":"","meta":{"_acf_changed":false},"product_brand":[],"product_cat":[116],"product_tag":[],"class_list":{"0":"post-114723","1":"product","2":"type-product","3":"status-publish","4":"has-post-thumbnail","6":"product_cat-baby-kleinkind","7":"pa_leeftijd-filter-0-2-jahre","8":"pa_meest-populair-bij-jungen-maedchen","10":"first","11":"instock","12":"shipping-taxable","13":"product-type-simple"},"acf":[],"yoast_head":"<!-- This site is optimized with the Yoast SEO plugin v27.2 - https:\/\/yoast.com\/product\/yoast-seo-wordpress\/ -->\n<title>My first - Knete mit Werkzeug 3x90gr - SES Creative<\/title>\n<meta name=\"robots\" content=\"index, follow, max-snippet:-1, max-image-preview:large, max-video-preview:-1\" \/>\n<link rel=\"canonical\" href=\"https:\/\/ses-creative.com\/de\/produkt\/my-first-knete-mit-werkzeug-3x90gr\/\" \/>\n<meta property=\"og:locale\" content=\"de_DE\" \/>\n<meta property=\"og:type\" content=\"article\" \/>\n<meta property=\"og:title\" content=\"My first - Knete mit Werkzeug 3x90gr - SES Creative\" \/>\n<meta property=\"og:description\" content=\"Die My First Knete von SES Creative ist besonders geeignet f\u00fcr Kinder ab 12 Monaten. Das Set enth\u00e4lt 3 T\u00f6pfe in den Farben Rot, Gelb und Blau, einen kleinen Hammer sowie ein kindgerechtes Nudelholz \u2013 alles entwickelt f\u00fcr erste kreative Bastelversuche. Die Knete ist glutenfrei, hypoallergen und stark gesalzen, um ein Verschlucken zu verhindern. Ihre [&hellip;]\" \/>\n<meta property=\"og:url\" content=\"https:\/\/ses-creative.com\/de\/produkt\/my-first-knete-mit-werkzeug-3x90gr\/\" \/>\n<meta property=\"og:site_name\" content=\"SES Creative\" \/>\n<meta property=\"article:modified_time\" content=\"2026-02-06T09:51:41+00:00\" \/>\n<meta name=\"twitter:card\" content=\"summary_large_image\" \/>\n<meta name=\"twitter:label1\" content=\"Gesch\u00e4tzte Lesezeit\" \/>\n\t<meta name=\"twitter:data1\" content=\"1\u00a0Minute\" \/>\n<script type=\"application\/ld+json\" class=\"yoast-schema-graph\">{\"@context\":\"https:\/\/schema.org\",\"@graph\":[{\"@type\":\"WebPage\",\"@id\":\"https:\/\/ses-creative.com\/de\/produkt\/my-first-knete-mit-werkzeug-3x90gr\/\",\"url\":\"https:\/\/ses-creative.com\/de\/produkt\/my-first-knete-mit-werkzeug-3x90gr\/\",\"name\":\"My first - Knete mit Werkzeug 3x90gr - SES Creative\",\"isPartOf\":{\"@id\":\"https:\/\/ses-creative.com\/#website\"},\"primaryImageOfPage\":{\"@id\":\"https:\/\/ses-creative.com\/de\/produkt\/my-first-knete-mit-werkzeug-3x90gr\/#primaryimage\"},\"image\":{\"@id\":\"https:\/\/ses-creative.com\/de\/produkt\/my-first-knete-mit-werkzeug-3x90gr\/#primaryimage\"},\"thumbnailUrl\":\"https:\/\/ses-creative.com\/wp-content\/uploads\/2026\/01\/144321.jpg\",\"datePublished\":\"2026-02-05T13:52:45+00:00\",\"dateModified\":\"2026-02-06T09:51:41+00:00\",\"breadcrumb\":{\"@id\":\"https:\/\/ses-creative.com\/de\/produkt\/my-first-knete-mit-werkzeug-3x90gr\/#breadcrumb\"},\"inLanguage\":\"de\",\"potentialAction\":[{\"@type\":\"ReadAction\",\"target\":[\"https:\/\/ses-creative.com\/de\/produkt\/my-first-knete-mit-werkzeug-3x90gr\/\"]}]},{\"@type\":\"ImageObject\",\"inLanguage\":\"de\",\"@id\":\"https:\/\/ses-creative.com\/de\/produkt\/my-first-knete-mit-werkzeug-3x90gr\/#primaryimage\",\"url\":\"https:\/\/ses-creative.com\/wp-content\/uploads\/2026\/01\/144321.jpg\",\"contentUrl\":\"https:\/\/ses-creative.com\/wp-content\/uploads\/2026\/01\/144321.jpg\",\"width\":1000,\"height\":1000},{\"@type\":\"BreadcrumbList\",\"@id\":\"https:\/\/ses-creative.com\/de\/produkt\/my-first-knete-mit-werkzeug-3x90gr\/#breadcrumb\",\"itemListElement\":[{\"@type\":\"ListItem\",\"position\":1,\"name\":\"Shop\",\"item\":\"https:\/\/ses-creative.com\/de\/shop\/\"},{\"@type\":\"ListItem\",\"position\":2,\"name\":\"Baby &amp; Kleinkind\",\"item\":\"https:\/\/ses-creative.com\/de\/product-categorie\/baby-kleinkind\/\"},{\"@type\":\"ListItem\",\"position\":3,\"name\":\"My first &#8211; Knete mit Werkzeug 3x90gr\"}]},{\"@type\":\"WebSite\",\"@id\":\"https:\/\/ses-creative.com\/#website\",\"url\":\"https:\/\/ses-creative.com\/\",\"name\":\"SES Creative\",\"description\":\"\",\"publisher\":{\"@id\":\"https:\/\/ses-creative.com\/#organization\"},\"potentialAction\":[{\"@type\":\"SearchAction\",\"target\":{\"@type\":\"EntryPoint\",\"urlTemplate\":\"https:\/\/ses-creative.com\/?s={search_term_string}\"},\"query-input\":{\"@type\":\"PropertyValueSpecification\",\"valueRequired\":true,\"valueName\":\"search_term_string\"}}],\"inLanguage\":\"de\"},{\"@type\":\"Organization\",\"@id\":\"https:\/\/ses-creative.com\/#organization\",\"name\":\"SES Creative\",\"url\":\"https:\/\/ses-creative.com\/\",\"logo\":{\"@type\":\"ImageObject\",\"inLanguage\":\"de\",\"@id\":\"https:\/\/ses-creative.com\/#\/schema\/logo\/image\/\",\"url\":\"https:\/\/ses-creative.com\/wp-content\/uploads\/2025\/10\/ses-creative-logo.jpg\",\"contentUrl\":\"https:\/\/ses-creative.com\/wp-content\/uploads\/2025\/10\/ses-creative-logo.jpg\",\"width\":2037,\"height\":2037,\"caption\":\"SES Creative\"},\"image\":{\"@id\":\"https:\/\/ses-creative.com\/#\/schema\/logo\/image\/\"}}]}<\/script>\n<!-- \/ Yoast SEO plugin. -->","yoast_head_json":{"title":"My first - Knete mit Werkzeug 3x90gr - SES Creative","robots":{"index":"index","follow":"follow","max-snippet":"max-snippet:-1","max-image-preview":"max-image-preview:large","max-video-preview":"max-video-preview:-1"},"canonical":"https:\/\/ses-creative.com\/de\/produkt\/my-first-knete-mit-werkzeug-3x90gr\/","og_locale":"de_DE","og_type":"article","og_title":"My first - Knete mit Werkzeug 3x90gr - SES Creative","og_description":"Die My First Knete von SES Creative ist besonders geeignet f\u00fcr Kinder ab 12 Monaten. Das Set enth\u00e4lt 3 T\u00f6pfe in den Farben Rot, Gelb und Blau, einen kleinen Hammer sowie ein kindgerechtes Nudelholz \u2013 alles entwickelt f\u00fcr erste kreative Bastelversuche. Die Knete ist glutenfrei, hypoallergen und stark gesalzen, um ein Verschlucken zu verhindern. Ihre [&hellip;]","og_url":"https:\/\/ses-creative.com\/de\/produkt\/my-first-knete-mit-werkzeug-3x90gr\/","og_site_name":"SES Creative","article_modified_time":"2026-02-06T09:51:41+00:00","twitter_card":"summary_large_image","twitter_misc":{"Gesch\u00e4tzte Lesezeit":"1\u00a0Minute"},"schema":{"@context":"https:\/\/schema.org","@graph":[{"@type":"WebPage","@id":"https:\/\/ses-creative.com\/de\/produkt\/my-first-knete-mit-werkzeug-3x90gr\/","url":"https:\/\/ses-creative.com\/de\/produkt\/my-first-knete-mit-werkzeug-3x90gr\/","name":"My first - Knete mit Werkzeug 3x90gr - SES Creative","isPartOf":{"@id":"https:\/\/ses-creative.com\/#website"},"primaryImageOfPage":{"@id":"https:\/\/ses-creative.com\/de\/produkt\/my-first-knete-mit-werkzeug-3x90gr\/#primaryimage"},"image":{"@id":"https:\/\/ses-creative.com\/de\/produkt\/my-first-knete-mit-werkzeug-3x90gr\/#primaryimage"},"thumbnailUrl":"https:\/\/ses-creative.com\/wp-content\/uploads\/2026\/01\/144321.jpg","datePublished":"2026-02-05T13:52:45+00:00","dateModified":"2026-02-06T09:51:41+00:00","breadcrumb":{"@id":"https:\/\/ses-creative.com\/de\/produkt\/my-first-knete-mit-werkzeug-3x90gr\/#breadcrumb"},"inLanguage":"de","potentialAction":[{"@type":"ReadAction","target":["https:\/\/ses-creative.com\/de\/produkt\/my-first-knete-mit-werkzeug-3x90gr\/"]}]},{"@type":"ImageObject","inLanguage":"de","@id":"https:\/\/ses-creative.com\/de\/produkt\/my-first-knete-mit-werkzeug-3x90gr\/#primaryimage","url":"https:\/\/ses-creative.com\/wp-content\/uploads\/2026\/01\/144321.jpg","contentUrl":"https:\/\/ses-creative.com\/wp-content\/uploads\/2026\/01\/144321.jpg","width":1000,"height":1000},{"@type":"BreadcrumbList","@id":"https:\/\/ses-creative.com\/de\/produkt\/my-first-knete-mit-werkzeug-3x90gr\/#breadcrumb","itemListElement":[{"@type":"ListItem","position":1,"name":"Shop","item":"https:\/\/ses-creative.com\/de\/shop\/"},{"@type":"ListItem","position":2,"name":"Baby &amp; Kleinkind","item":"https:\/\/ses-creative.com\/de\/product-categorie\/baby-kleinkind\/"},{"@type":"ListItem","position":3,"name":"My first &#8211; Knete mit Werkzeug 3x90gr"}]},{"@type":"WebSite","@id":"https:\/\/ses-creative.com\/#website","url":"https:\/\/ses-creative.com\/","name":"SES Creative","description":"","publisher":{"@id":"https:\/\/ses-creative.com\/#organization"},"potentialAction":[{"@type":"SearchAction","target":{"@type":"EntryPoint","urlTemplate":"https:\/\/ses-creative.com\/?s={search_term_string}"},"query-input":{"@type":"PropertyValueSpecification","valueRequired":true,"valueName":"search_term_string"}}],"inLanguage":"de"},{"@type":"Organization","@id":"https:\/\/ses-creative.com\/#organization","name":"SES Creative","url":"https:\/\/ses-creative.com\/","logo":{"@type":"ImageObject","inLanguage":"de","@id":"https:\/\/ses-creative.com\/#\/schema\/logo\/image\/","url":"https:\/\/ses-creative.com\/wp-content\/uploads\/2025\/10\/ses-creative-logo.jpg","contentUrl":"https:\/\/ses-creative.com\/wp-content\/uploads\/2025\/10\/ses-creative-logo.jpg","width":2037,"height":2037,"caption":"SES Creative"},"image":{"@id":"https:\/\/ses-creative.com\/#\/schema\/logo\/image\/"}}]}},"_links":{"self":[{"href":"https:\/\/ses-creative.com\/de\/wp-json\/wp\/v2\/product\/114723","targetHints":{"allow":["GET"]}}],"collection":[{"href":"https:\/\/ses-creative.com\/de\/wp-json\/wp\/v2\/product"}],"about":[{"href":"https:\/\/ses-creative.com\/de\/wp-json\/wp\/v2\/types\/product"}],"replies":[{"embeddable":true,"href":"https:\/\/ses-creative.com\/de\/wp-json\/wp\/v2\/comments?post=114723"}],"wp:featuredmedia":[{"embeddable":true,"href":"https:\/\/ses-creative.com\/de\/wp-json\/wp\/v2\/media\/102996"}],"wp:attachment":[{"href":"https:\/\/ses-creative.com\/de\/wp-json\/wp\/v2\/media?parent=114723"}],"wp:term":[{"taxonomy":"product_brand","embeddable":true,"href":"https:\/\/ses-creative.com\/de\/wp-json\/wp\/v2\/product_brand?post=114723"},{"taxonomy":"product_cat","embeddable":true,"href":"https:\/\/ses-creative.com\/de\/wp-json\/wp\/v2\/product_cat?post=114723"},{"taxonomy":"product_tag","embeddable":true,"href":"https:\/\/ses-creative.com\/de\/wp-json\/wp\/v2\/product_tag?post=114723"}],"curies":[{"name":"wp","href":"https:\/\/api.w.org\/{rel}","templated":true}]}}