











{"id":114722,"date":"2026-02-05T13:52:45","date_gmt":"2026-02-05T13:52:45","guid":{"rendered":"https:\/\/ses-creative.com\/?post_type=product&#038;p=114722"},"modified":"2026-02-06T09:51:41","modified_gmt":"2026-02-06T09:51:41","slug":"my-first-knete-4x90gr","status":"publish","type":"product","link":"https:\/\/ses-creative.com\/de\/produkt\/my-first-knete-4x90gr\/","title":{"rendered":"My first &#8211; Knete 4x90gr"},"content":{"rendered":"<p>Spielen mit weicher Knete f\u00fcr die Kleinsten!<br \/>\nEntdecken Sie die Magie des Knetens mit dieser My First-Knete von SES Creative. Diese glutenfreie Knete ist speziell f\u00fcr die Kleinsten ab 1 Jahr geeignet. Mit den T\u00f6pfen mit weicher Knete in fr\u00f6hlichen Farben und einem Topf mit Glitzerknete k\u00f6nnen Kinder ihrer Fantasie freien Lauf lassen. Diese Knete trocknet beim Spielen nicht aus und ist perfekt f\u00fcr kleine H\u00e4nde geeignet. Ideal und sicher f\u00fcr kleine Kinder, die ihre ersten Schritte in der Welt der Kreativit\u00e4t machen!<br \/>\nWas dieses Set so toll macht<br \/>\n&#8211;    Weiche Knete, die beim Spielen nicht austrocknet<br \/>\n&#8211;    Die Knete hat einen salzigen Geschmack, sodass Kinder sie nicht gerne in den Mund nehmen<br \/>\n&#8211;    Besonders viel Spa\u00df mit Glitzerknete<br \/>\n&#8211;    Sicher und kinderfreundlich. Glutenfrei<br \/>\n&#8211;    Perfekt f\u00fcr Kinder ab 1 Jahr<br \/>\nEntwickeln Sie Kreativit\u00e4t mit weichem Ton<br \/>\nMit diesem Set k\u00f6nnen Kinder ihre ersten Kunstwerke aus Ton gestalten. Die weiche und leicht zu bearbeitende Textur ist ideal f\u00fcr kleine Kinder, um ihre motorischen F\u00e4higkeiten zu entwickeln und ihre Kreativit\u00e4t anzuregen. Dieses Set ist ideal f\u00fcr Eltern, die ihren Kindern eine sichere und kreative Besch\u00e4ftigung bieten m\u00f6chten. Es bietet eine gro\u00dfartige M\u00f6glichkeit zum Spielen und Lernen und f\u00f6rdert gleichzeitig die motorische Entwicklung Ihres Kindes.<br \/>\nInhalt des Sets<br \/>\n&#8211;    4 T\u00f6pfe Ton: orange, gr\u00fcn, blau und lila mit Glitzer (4 x 90 g)<br \/>\nWarum SES Creative w\u00e4hlen?<br \/>\nBei SES Creative legen wir gro\u00dfen Wert auf Sicherheit. Deshalb werden die Produkte in der Fabrik in den Niederlanden nach den strengsten europ\u00e4ischen Sicherheitsstandards hergestellt und getestet. Spielzeug von SES Creative sorgt f\u00fcr Spa\u00df und soll Kindern erm\u00f6glichen, stolz auf ihre Arbeit zu sein, was ihre Kreativit\u00e4t und Entwicklung f\u00f6rdert.<br \/>\nBeginnen Sie noch heute mit dem Modellieren!<br \/>\nEntdecken Sie mit diesem My First-Set den Spa\u00df am Kneten und lassen Sie Ihr Kind die sch\u00f6nsten Kreationen gestalten. Perfekt f\u00fcr stundenlangen Spielspa\u00df!<\/p>\n","protected":false},"excerpt":{"rendered":"<p>Spielen mit weicher Knete f\u00fcr die Kleinsten! Entdecken Sie die Magie des Knetens mit dieser My First-Knete von SES Creative. Diese glutenfreie Knete ist speziell f\u00fcr die Kleinsten ab 1 Jahr geeignet. Mit den T\u00f6pfen mit weicher Knete in fr\u00f6hlichen Farben und einem Topf mit Glitzerknete k\u00f6nnen Kinder ihrer Fantasie freien Lauf lassen. Diese Knete [&hellip;]<\/p>\n","protected":false},"featured_media":95400,"comment_status":"closed","ping_status":"closed","template":"","meta":{"_acf_changed":false},"product_brand":[],"product_cat":[116],"product_tag":[],"class_list":{"0":"post-114722","1":"product","2":"type-product","3":"status-publish","4":"has-post-thumbnail","6":"product_cat-baby-kleinkind","7":"pa_leeftijd-filter-0-2-jahre","8":"pa_meest-populair-bij-jungen-maedchen","10":"first","11":"instock","12":"shipping-taxable","13":"product-type-simple"},"acf":[],"yoast_head":"<!-- This site is optimized with the Yoast SEO plugin v27.2 - https:\/\/yoast.com\/product\/yoast-seo-wordpress\/ -->\n<title>My first - Knete 4x90gr - SES Creative<\/title>\n<meta name=\"robots\" content=\"index, follow, max-snippet:-1, max-image-preview:large, max-video-preview:-1\" \/>\n<link rel=\"canonical\" href=\"https:\/\/ses-creative.com\/de\/produkt\/my-first-knete-4x90gr\/\" \/>\n<meta property=\"og:locale\" content=\"de_DE\" \/>\n<meta property=\"og:type\" content=\"article\" \/>\n<meta property=\"og:title\" content=\"My first - Knete 4x90gr - SES Creative\" \/>\n<meta property=\"og:description\" content=\"Spielen mit weicher Knete f\u00fcr die Kleinsten! Entdecken Sie die Magie des Knetens mit dieser My First-Knete von SES Creative. Diese glutenfreie Knete ist speziell f\u00fcr die Kleinsten ab 1 Jahr geeignet. Mit den T\u00f6pfen mit weicher Knete in fr\u00f6hlichen Farben und einem Topf mit Glitzerknete k\u00f6nnen Kinder ihrer Fantasie freien Lauf lassen. Diese Knete [&hellip;]\" \/>\n<meta property=\"og:url\" content=\"https:\/\/ses-creative.com\/de\/produkt\/my-first-knete-4x90gr\/\" \/>\n<meta property=\"og:site_name\" content=\"SES Creative\" \/>\n<meta property=\"article:modified_time\" content=\"2026-02-06T09:51:41+00:00\" \/>\n<meta name=\"twitter:card\" content=\"summary_large_image\" \/>\n<meta name=\"twitter:label1\" content=\"Gesch\u00e4tzte Lesezeit\" \/>\n\t<meta name=\"twitter:data1\" content=\"2\u00a0Minuten\" \/>\n<script type=\"application\/ld+json\" class=\"yoast-schema-graph\">{\"@context\":\"https:\/\/schema.org\",\"@graph\":[{\"@type\":\"WebPage\",\"@id\":\"https:\/\/ses-creative.com\/de\/produkt\/my-first-knete-4x90gr\/\",\"url\":\"https:\/\/ses-creative.com\/de\/produkt\/my-first-knete-4x90gr\/\",\"name\":\"My first - Knete 4x90gr - SES Creative\",\"isPartOf\":{\"@id\":\"https:\/\/ses-creative.com\/#website\"},\"primaryImageOfPage\":{\"@id\":\"https:\/\/ses-creative.com\/de\/produkt\/my-first-knete-4x90gr\/#primaryimage\"},\"image\":{\"@id\":\"https:\/\/ses-creative.com\/de\/produkt\/my-first-knete-4x90gr\/#primaryimage\"},\"thumbnailUrl\":\"https:\/\/ses-creative.com\/wp-content\/uploads\/2026\/01\/144311.jpg\",\"datePublished\":\"2026-02-05T13:52:45+00:00\",\"dateModified\":\"2026-02-06T09:51:41+00:00\",\"breadcrumb\":{\"@id\":\"https:\/\/ses-creative.com\/de\/produkt\/my-first-knete-4x90gr\/#breadcrumb\"},\"inLanguage\":\"de\",\"potentialAction\":[{\"@type\":\"ReadAction\",\"target\":[\"https:\/\/ses-creative.com\/de\/produkt\/my-first-knete-4x90gr\/\"]}]},{\"@type\":\"ImageObject\",\"inLanguage\":\"de\",\"@id\":\"https:\/\/ses-creative.com\/de\/produkt\/my-first-knete-4x90gr\/#primaryimage\",\"url\":\"https:\/\/ses-creative.com\/wp-content\/uploads\/2026\/01\/144311.jpg\",\"contentUrl\":\"https:\/\/ses-creative.com\/wp-content\/uploads\/2026\/01\/144311.jpg\",\"width\":1000,\"height\":1000},{\"@type\":\"BreadcrumbList\",\"@id\":\"https:\/\/ses-creative.com\/de\/produkt\/my-first-knete-4x90gr\/#breadcrumb\",\"itemListElement\":[{\"@type\":\"ListItem\",\"position\":1,\"name\":\"Shop\",\"item\":\"https:\/\/ses-creative.com\/de\/shop\/\"},{\"@type\":\"ListItem\",\"position\":2,\"name\":\"Baby &amp; Kleinkind\",\"item\":\"https:\/\/ses-creative.com\/de\/product-categorie\/baby-kleinkind\/\"},{\"@type\":\"ListItem\",\"position\":3,\"name\":\"My first &#8211; Knete 4x90gr\"}]},{\"@type\":\"WebSite\",\"@id\":\"https:\/\/ses-creative.com\/#website\",\"url\":\"https:\/\/ses-creative.com\/\",\"name\":\"SES Creative\",\"description\":\"\",\"publisher\":{\"@id\":\"https:\/\/ses-creative.com\/#organization\"},\"potentialAction\":[{\"@type\":\"SearchAction\",\"target\":{\"@type\":\"EntryPoint\",\"urlTemplate\":\"https:\/\/ses-creative.com\/?s={search_term_string}\"},\"query-input\":{\"@type\":\"PropertyValueSpecification\",\"valueRequired\":true,\"valueName\":\"search_term_string\"}}],\"inLanguage\":\"de\"},{\"@type\":\"Organization\",\"@id\":\"https:\/\/ses-creative.com\/#organization\",\"name\":\"SES Creative\",\"url\":\"https:\/\/ses-creative.com\/\",\"logo\":{\"@type\":\"ImageObject\",\"inLanguage\":\"de\",\"@id\":\"https:\/\/ses-creative.com\/#\/schema\/logo\/image\/\",\"url\":\"https:\/\/ses-creative.com\/wp-content\/uploads\/2025\/10\/ses-creative-logo.jpg\",\"contentUrl\":\"https:\/\/ses-creative.com\/wp-content\/uploads\/2025\/10\/ses-creative-logo.jpg\",\"width\":2037,\"height\":2037,\"caption\":\"SES Creative\"},\"image\":{\"@id\":\"https:\/\/ses-creative.com\/#\/schema\/logo\/image\/\"}}]}<\/script>\n<!-- \/ Yoast SEO plugin. -->","yoast_head_json":{"title":"My first - Knete 4x90gr - SES Creative","robots":{"index":"index","follow":"follow","max-snippet":"max-snippet:-1","max-image-preview":"max-image-preview:large","max-video-preview":"max-video-preview:-1"},"canonical":"https:\/\/ses-creative.com\/de\/produkt\/my-first-knete-4x90gr\/","og_locale":"de_DE","og_type":"article","og_title":"My first - Knete 4x90gr - SES Creative","og_description":"Spielen mit weicher Knete f\u00fcr die Kleinsten! Entdecken Sie die Magie des Knetens mit dieser My First-Knete von SES Creative. Diese glutenfreie Knete ist speziell f\u00fcr die Kleinsten ab 1 Jahr geeignet. Mit den T\u00f6pfen mit weicher Knete in fr\u00f6hlichen Farben und einem Topf mit Glitzerknete k\u00f6nnen Kinder ihrer Fantasie freien Lauf lassen. Diese Knete [&hellip;]","og_url":"https:\/\/ses-creative.com\/de\/produkt\/my-first-knete-4x90gr\/","og_site_name":"SES Creative","article_modified_time":"2026-02-06T09:51:41+00:00","twitter_card":"summary_large_image","twitter_misc":{"Gesch\u00e4tzte Lesezeit":"2\u00a0Minuten"},"schema":{"@context":"https:\/\/schema.org","@graph":[{"@type":"WebPage","@id":"https:\/\/ses-creative.com\/de\/produkt\/my-first-knete-4x90gr\/","url":"https:\/\/ses-creative.com\/de\/produkt\/my-first-knete-4x90gr\/","name":"My first - Knete 4x90gr - SES Creative","isPartOf":{"@id":"https:\/\/ses-creative.com\/#website"},"primaryImageOfPage":{"@id":"https:\/\/ses-creative.com\/de\/produkt\/my-first-knete-4x90gr\/#primaryimage"},"image":{"@id":"https:\/\/ses-creative.com\/de\/produkt\/my-first-knete-4x90gr\/#primaryimage"},"thumbnailUrl":"https:\/\/ses-creative.com\/wp-content\/uploads\/2026\/01\/144311.jpg","datePublished":"2026-02-05T13:52:45+00:00","dateModified":"2026-02-06T09:51:41+00:00","breadcrumb":{"@id":"https:\/\/ses-creative.com\/de\/produkt\/my-first-knete-4x90gr\/#breadcrumb"},"inLanguage":"de","potentialAction":[{"@type":"ReadAction","target":["https:\/\/ses-creative.com\/de\/produkt\/my-first-knete-4x90gr\/"]}]},{"@type":"ImageObject","inLanguage":"de","@id":"https:\/\/ses-creative.com\/de\/produkt\/my-first-knete-4x90gr\/#primaryimage","url":"https:\/\/ses-creative.com\/wp-content\/uploads\/2026\/01\/144311.jpg","contentUrl":"https:\/\/ses-creative.com\/wp-content\/uploads\/2026\/01\/144311.jpg","width":1000,"height":1000},{"@type":"BreadcrumbList","@id":"https:\/\/ses-creative.com\/de\/produkt\/my-first-knete-4x90gr\/#breadcrumb","itemListElement":[{"@type":"ListItem","position":1,"name":"Shop","item":"https:\/\/ses-creative.com\/de\/shop\/"},{"@type":"ListItem","position":2,"name":"Baby &amp; Kleinkind","item":"https:\/\/ses-creative.com\/de\/product-categorie\/baby-kleinkind\/"},{"@type":"ListItem","position":3,"name":"My first &#8211; Knete 4x90gr"}]},{"@type":"WebSite","@id":"https:\/\/ses-creative.com\/#website","url":"https:\/\/ses-creative.com\/","name":"SES Creative","description":"","publisher":{"@id":"https:\/\/ses-creative.com\/#organization"},"potentialAction":[{"@type":"SearchAction","target":{"@type":"EntryPoint","urlTemplate":"https:\/\/ses-creative.com\/?s={search_term_string}"},"query-input":{"@type":"PropertyValueSpecification","valueRequired":true,"valueName":"search_term_string"}}],"inLanguage":"de"},{"@type":"Organization","@id":"https:\/\/ses-creative.com\/#organization","name":"SES Creative","url":"https:\/\/ses-creative.com\/","logo":{"@type":"ImageObject","inLanguage":"de","@id":"https:\/\/ses-creative.com\/#\/schema\/logo\/image\/","url":"https:\/\/ses-creative.com\/wp-content\/uploads\/2025\/10\/ses-creative-logo.jpg","contentUrl":"https:\/\/ses-creative.com\/wp-content\/uploads\/2025\/10\/ses-creative-logo.jpg","width":2037,"height":2037,"caption":"SES Creative"},"image":{"@id":"https:\/\/ses-creative.com\/#\/schema\/logo\/image\/"}}]}},"_links":{"self":[{"href":"https:\/\/ses-creative.com\/de\/wp-json\/wp\/v2\/product\/114722","targetHints":{"allow":["GET"]}}],"collection":[{"href":"https:\/\/ses-creative.com\/de\/wp-json\/wp\/v2\/product"}],"about":[{"href":"https:\/\/ses-creative.com\/de\/wp-json\/wp\/v2\/types\/product"}],"replies":[{"embeddable":true,"href":"https:\/\/ses-creative.com\/de\/wp-json\/wp\/v2\/comments?post=114722"}],"wp:featuredmedia":[{"embeddable":true,"href":"https:\/\/ses-creative.com\/de\/wp-json\/wp\/v2\/media\/95400"}],"wp:attachment":[{"href":"https:\/\/ses-creative.com\/de\/wp-json\/wp\/v2\/media?parent=114722"}],"wp:term":[{"taxonomy":"product_brand","embeddable":true,"href":"https:\/\/ses-creative.com\/de\/wp-json\/wp\/v2\/product_brand?post=114722"},{"taxonomy":"product_cat","embeddable":true,"href":"https:\/\/ses-creative.com\/de\/wp-json\/wp\/v2\/product_cat?post=114722"},{"taxonomy":"product_tag","embeddable":true,"href":"https:\/\/ses-creative.com\/de\/wp-json\/wp\/v2\/product_tag?post=114722"}],"curies":[{"name":"wp","href":"https:\/\/api.w.org\/{rel}","templated":true}]}}