











{"id":114720,"date":"2026-02-05T13:52:45","date_gmt":"2026-02-05T13:52:45","guid":{"rendered":"https:\/\/ses-creative.com\/?post_type=product&#038;p=114720"},"modified":"2026-02-06T09:51:41","modified_gmt":"2026-02-06T09:51:41","slug":"my-first-haemmerchen-tick","status":"publish","type":"product","link":"https:\/\/ses-creative.com\/de\/produkt\/my-first-haemmerchen-tick\/","title":{"rendered":"My first &#8211; H\u00e4mmerchen Tick"},"content":{"rendered":"<p>H\u00e4mmern Sie los mit Hamertje Tik \u2013 sicheres Montessori-Spielzeug f\u00fcr die Kleinsten!<br \/>\nDer Klassiker von SES Creative ist jetzt auch f\u00fcr die Kleinsten erh\u00e4ltlich. Dieses Set wurde speziell f\u00fcr Kinder ab 1 Jahr entwickelt, um ihre ersten Schritte in der Welt des Bauens zu machen. Da die N\u00e4gel an den Formen befestigt sind, gibt es keine kleinen losen Teile, sodass das Set sicher verwendet werden kann. Dieses Set wurde speziell f\u00fcr kleine H\u00e4nde entwickelt. Das Einschlagen der Formen f\u00f6rdert die Entwicklung der Hand-Augen-Koordination und bietet endlosen Spielspa\u00df.<br \/>\nWas dieses Set so toll macht<br \/>\n&#8211;    Geeignet f\u00fcr Kinder ab 1 Jahr. Keine losen N\u00e4gel und andere kleine Teile oder scharfe Kanten<br \/>\n&#8211;    F\u00f6rdert die Feinmotorik und die Hand-Augen-Koordination durch das H\u00e4mmern der Formen an die richtige Stelle<br \/>\n&#8211;    F\u00f6rdert die Kreativit\u00e4t und erste Baufertigkeiten<br \/>\n&#8211;    Inklusive echtem Holzhammer f\u00fcr ein authentisches Spielerlebnis<br \/>\n&#8211;    Sch\u00f6ne Beispiele zum Nachmachen<br \/>\nWarum sollten Sie sich f\u00fcr dieses Set entscheiden?<br \/>\nLassen Sie Ihr Kleinkind mit den bunten Formen die sch\u00f6nsten Kreationen bauen! Es kann selbst die sch\u00f6nsten Figuren bauen oder den mitgelieferten Beispielen folgen. Befestigen Sie die Formen mit dem Hammer, l\u00f6sen Sie sie wieder und fangen Sie einfach von vorne an. Es ist der perfekte Einstieg in das Konstruktionsspiel und hilft Kindern, ihre Kreativit\u00e4t auf spielerische Weise zu entdecken.<br \/>\nInhalt des Sets<br \/>\n&#8211;    Holzhammer<br \/>\n&#8211;    Kunststoff-Ablage<br \/>\n&#8211;    Verschiedene farbige Formen<br \/>\n&#8211;    Verschiedene Vorlagen<br \/>\nWarum SES Creative w\u00e4hlen?<br \/>\nBei SES Creative legen wir gro\u00dfen Wert auf Sicherheit. Deshalb werden die Produkte in unserem Werk in den Niederlanden nach den strengsten europ\u00e4ischen Sicherheitsnormen hergestellt und getestet. Spielzeug von SES Creative sorgt f\u00fcr Spa\u00df und soll Kindern ein Gef\u00fchl des Stolzes auf ihre Arbeit vermitteln, was ihre Kreativit\u00e4t und Entwicklung f\u00f6rdert.<br \/>\nFangen Sie noch heute an zu klopfen und zu gestalten!<br \/>\nH\u00e4mmern Sie drauf los und entdecken Sie, wie viel Spa\u00df es macht, eigene Kunstwerke zu schaffen! My First Hammer ist der perfekte Einstieg f\u00fcr kleine Baumeister und Kreative.<\/p>\n","protected":false},"excerpt":{"rendered":"<p>H\u00e4mmern Sie los mit Hamertje Tik \u2013 sicheres Montessori-Spielzeug f\u00fcr die Kleinsten! Der Klassiker von SES Creative ist jetzt auch f\u00fcr die Kleinsten erh\u00e4ltlich. Dieses Set wurde speziell f\u00fcr Kinder ab 1 Jahr entwickelt, um ihre ersten Schritte in der Welt des Bauens zu machen. Da die N\u00e4gel an den Formen befestigt sind, gibt es [&hellip;]<\/p>\n","protected":false},"featured_media":102956,"comment_status":"closed","ping_status":"closed","template":"","meta":{"_acf_changed":false},"product_brand":[],"product_cat":[116],"product_tag":[],"class_list":{"0":"post-114720","1":"product","2":"type-product","3":"status-publish","4":"has-post-thumbnail","6":"product_cat-baby-kleinkind","7":"pa_leeftijd-filter-0-2-jahre","8":"pa_meest-populair-bij-jungen-maedchen","10":"first","11":"instock","12":"shipping-taxable","13":"product-type-simple"},"acf":[],"yoast_head":"<!-- This site is optimized with the Yoast SEO plugin v27.2 - https:\/\/yoast.com\/product\/yoast-seo-wordpress\/ -->\n<title>My first - H\u00e4mmerchen Tick - SES Creative<\/title>\n<meta name=\"robots\" content=\"index, follow, max-snippet:-1, max-image-preview:large, max-video-preview:-1\" \/>\n<link rel=\"canonical\" href=\"https:\/\/ses-creative.com\/de\/produkt\/my-first-haemmerchen-tick\/\" \/>\n<meta property=\"og:locale\" content=\"de_DE\" \/>\n<meta property=\"og:type\" content=\"article\" \/>\n<meta property=\"og:title\" content=\"My first - H\u00e4mmerchen Tick - SES Creative\" \/>\n<meta property=\"og:description\" content=\"H\u00e4mmern Sie los mit Hamertje Tik \u2013 sicheres Montessori-Spielzeug f\u00fcr die Kleinsten! Der Klassiker von SES Creative ist jetzt auch f\u00fcr die Kleinsten erh\u00e4ltlich. Dieses Set wurde speziell f\u00fcr Kinder ab 1 Jahr entwickelt, um ihre ersten Schritte in der Welt des Bauens zu machen. Da die N\u00e4gel an den Formen befestigt sind, gibt es [&hellip;]\" \/>\n<meta property=\"og:url\" content=\"https:\/\/ses-creative.com\/de\/produkt\/my-first-haemmerchen-tick\/\" \/>\n<meta property=\"og:site_name\" content=\"SES Creative\" \/>\n<meta property=\"article:modified_time\" content=\"2026-02-06T09:51:41+00:00\" \/>\n<meta name=\"twitter:card\" content=\"summary_large_image\" \/>\n<meta name=\"twitter:label1\" content=\"Gesch\u00e4tzte Lesezeit\" \/>\n\t<meta name=\"twitter:data1\" content=\"2\u00a0Minuten\" \/>\n<script type=\"application\/ld+json\" class=\"yoast-schema-graph\">{\"@context\":\"https:\/\/schema.org\",\"@graph\":[{\"@type\":\"WebPage\",\"@id\":\"https:\/\/ses-creative.com\/de\/produkt\/my-first-haemmerchen-tick\/\",\"url\":\"https:\/\/ses-creative.com\/de\/produkt\/my-first-haemmerchen-tick\/\",\"name\":\"My first - H\u00e4mmerchen Tick - SES Creative\",\"isPartOf\":{\"@id\":\"https:\/\/ses-creative.com\/#website\"},\"primaryImageOfPage\":{\"@id\":\"https:\/\/ses-creative.com\/de\/produkt\/my-first-haemmerchen-tick\/#primaryimage\"},\"image\":{\"@id\":\"https:\/\/ses-creative.com\/de\/produkt\/my-first-haemmerchen-tick\/#primaryimage\"},\"thumbnailUrl\":\"https:\/\/ses-creative.com\/wp-content\/uploads\/2026\/01\/144241.jpg\",\"datePublished\":\"2026-02-05T13:52:45+00:00\",\"dateModified\":\"2026-02-06T09:51:41+00:00\",\"breadcrumb\":{\"@id\":\"https:\/\/ses-creative.com\/de\/produkt\/my-first-haemmerchen-tick\/#breadcrumb\"},\"inLanguage\":\"de\",\"potentialAction\":[{\"@type\":\"ReadAction\",\"target\":[\"https:\/\/ses-creative.com\/de\/produkt\/my-first-haemmerchen-tick\/\"]}]},{\"@type\":\"ImageObject\",\"inLanguage\":\"de\",\"@id\":\"https:\/\/ses-creative.com\/de\/produkt\/my-first-haemmerchen-tick\/#primaryimage\",\"url\":\"https:\/\/ses-creative.com\/wp-content\/uploads\/2026\/01\/144241.jpg\",\"contentUrl\":\"https:\/\/ses-creative.com\/wp-content\/uploads\/2026\/01\/144241.jpg\",\"width\":1000,\"height\":1000},{\"@type\":\"BreadcrumbList\",\"@id\":\"https:\/\/ses-creative.com\/de\/produkt\/my-first-haemmerchen-tick\/#breadcrumb\",\"itemListElement\":[{\"@type\":\"ListItem\",\"position\":1,\"name\":\"Shop\",\"item\":\"https:\/\/ses-creative.com\/de\/shop\/\"},{\"@type\":\"ListItem\",\"position\":2,\"name\":\"Baby &amp; Kleinkind\",\"item\":\"https:\/\/ses-creative.com\/de\/product-categorie\/baby-kleinkind\/\"},{\"@type\":\"ListItem\",\"position\":3,\"name\":\"My first &#8211; H\u00e4mmerchen Tick\"}]},{\"@type\":\"WebSite\",\"@id\":\"https:\/\/ses-creative.com\/#website\",\"url\":\"https:\/\/ses-creative.com\/\",\"name\":\"SES Creative\",\"description\":\"\",\"publisher\":{\"@id\":\"https:\/\/ses-creative.com\/#organization\"},\"potentialAction\":[{\"@type\":\"SearchAction\",\"target\":{\"@type\":\"EntryPoint\",\"urlTemplate\":\"https:\/\/ses-creative.com\/?s={search_term_string}\"},\"query-input\":{\"@type\":\"PropertyValueSpecification\",\"valueRequired\":true,\"valueName\":\"search_term_string\"}}],\"inLanguage\":\"de\"},{\"@type\":\"Organization\",\"@id\":\"https:\/\/ses-creative.com\/#organization\",\"name\":\"SES Creative\",\"url\":\"https:\/\/ses-creative.com\/\",\"logo\":{\"@type\":\"ImageObject\",\"inLanguage\":\"de\",\"@id\":\"https:\/\/ses-creative.com\/#\/schema\/logo\/image\/\",\"url\":\"https:\/\/ses-creative.com\/wp-content\/uploads\/2025\/10\/ses-creative-logo.jpg\",\"contentUrl\":\"https:\/\/ses-creative.com\/wp-content\/uploads\/2025\/10\/ses-creative-logo.jpg\",\"width\":2037,\"height\":2037,\"caption\":\"SES Creative\"},\"image\":{\"@id\":\"https:\/\/ses-creative.com\/#\/schema\/logo\/image\/\"}}]}<\/script>\n<!-- \/ Yoast SEO plugin. -->","yoast_head_json":{"title":"My first - H\u00e4mmerchen Tick - SES Creative","robots":{"index":"index","follow":"follow","max-snippet":"max-snippet:-1","max-image-preview":"max-image-preview:large","max-video-preview":"max-video-preview:-1"},"canonical":"https:\/\/ses-creative.com\/de\/produkt\/my-first-haemmerchen-tick\/","og_locale":"de_DE","og_type":"article","og_title":"My first - H\u00e4mmerchen Tick - SES Creative","og_description":"H\u00e4mmern Sie los mit Hamertje Tik \u2013 sicheres Montessori-Spielzeug f\u00fcr die Kleinsten! Der Klassiker von SES Creative ist jetzt auch f\u00fcr die Kleinsten erh\u00e4ltlich. Dieses Set wurde speziell f\u00fcr Kinder ab 1 Jahr entwickelt, um ihre ersten Schritte in der Welt des Bauens zu machen. Da die N\u00e4gel an den Formen befestigt sind, gibt es [&hellip;]","og_url":"https:\/\/ses-creative.com\/de\/produkt\/my-first-haemmerchen-tick\/","og_site_name":"SES Creative","article_modified_time":"2026-02-06T09:51:41+00:00","twitter_card":"summary_large_image","twitter_misc":{"Gesch\u00e4tzte Lesezeit":"2\u00a0Minuten"},"schema":{"@context":"https:\/\/schema.org","@graph":[{"@type":"WebPage","@id":"https:\/\/ses-creative.com\/de\/produkt\/my-first-haemmerchen-tick\/","url":"https:\/\/ses-creative.com\/de\/produkt\/my-first-haemmerchen-tick\/","name":"My first - H\u00e4mmerchen Tick - SES Creative","isPartOf":{"@id":"https:\/\/ses-creative.com\/#website"},"primaryImageOfPage":{"@id":"https:\/\/ses-creative.com\/de\/produkt\/my-first-haemmerchen-tick\/#primaryimage"},"image":{"@id":"https:\/\/ses-creative.com\/de\/produkt\/my-first-haemmerchen-tick\/#primaryimage"},"thumbnailUrl":"https:\/\/ses-creative.com\/wp-content\/uploads\/2026\/01\/144241.jpg","datePublished":"2026-02-05T13:52:45+00:00","dateModified":"2026-02-06T09:51:41+00:00","breadcrumb":{"@id":"https:\/\/ses-creative.com\/de\/produkt\/my-first-haemmerchen-tick\/#breadcrumb"},"inLanguage":"de","potentialAction":[{"@type":"ReadAction","target":["https:\/\/ses-creative.com\/de\/produkt\/my-first-haemmerchen-tick\/"]}]},{"@type":"ImageObject","inLanguage":"de","@id":"https:\/\/ses-creative.com\/de\/produkt\/my-first-haemmerchen-tick\/#primaryimage","url":"https:\/\/ses-creative.com\/wp-content\/uploads\/2026\/01\/144241.jpg","contentUrl":"https:\/\/ses-creative.com\/wp-content\/uploads\/2026\/01\/144241.jpg","width":1000,"height":1000},{"@type":"BreadcrumbList","@id":"https:\/\/ses-creative.com\/de\/produkt\/my-first-haemmerchen-tick\/#breadcrumb","itemListElement":[{"@type":"ListItem","position":1,"name":"Shop","item":"https:\/\/ses-creative.com\/de\/shop\/"},{"@type":"ListItem","position":2,"name":"Baby &amp; Kleinkind","item":"https:\/\/ses-creative.com\/de\/product-categorie\/baby-kleinkind\/"},{"@type":"ListItem","position":3,"name":"My first &#8211; H\u00e4mmerchen Tick"}]},{"@type":"WebSite","@id":"https:\/\/ses-creative.com\/#website","url":"https:\/\/ses-creative.com\/","name":"SES Creative","description":"","publisher":{"@id":"https:\/\/ses-creative.com\/#organization"},"potentialAction":[{"@type":"SearchAction","target":{"@type":"EntryPoint","urlTemplate":"https:\/\/ses-creative.com\/?s={search_term_string}"},"query-input":{"@type":"PropertyValueSpecification","valueRequired":true,"valueName":"search_term_string"}}],"inLanguage":"de"},{"@type":"Organization","@id":"https:\/\/ses-creative.com\/#organization","name":"SES Creative","url":"https:\/\/ses-creative.com\/","logo":{"@type":"ImageObject","inLanguage":"de","@id":"https:\/\/ses-creative.com\/#\/schema\/logo\/image\/","url":"https:\/\/ses-creative.com\/wp-content\/uploads\/2025\/10\/ses-creative-logo.jpg","contentUrl":"https:\/\/ses-creative.com\/wp-content\/uploads\/2025\/10\/ses-creative-logo.jpg","width":2037,"height":2037,"caption":"SES Creative"},"image":{"@id":"https:\/\/ses-creative.com\/#\/schema\/logo\/image\/"}}]}},"_links":{"self":[{"href":"https:\/\/ses-creative.com\/de\/wp-json\/wp\/v2\/product\/114720","targetHints":{"allow":["GET"]}}],"collection":[{"href":"https:\/\/ses-creative.com\/de\/wp-json\/wp\/v2\/product"}],"about":[{"href":"https:\/\/ses-creative.com\/de\/wp-json\/wp\/v2\/types\/product"}],"replies":[{"embeddable":true,"href":"https:\/\/ses-creative.com\/de\/wp-json\/wp\/v2\/comments?post=114720"}],"wp:featuredmedia":[{"embeddable":true,"href":"https:\/\/ses-creative.com\/de\/wp-json\/wp\/v2\/media\/102956"}],"wp:attachment":[{"href":"https:\/\/ses-creative.com\/de\/wp-json\/wp\/v2\/media?parent=114720"}],"wp:term":[{"taxonomy":"product_brand","embeddable":true,"href":"https:\/\/ses-creative.com\/de\/wp-json\/wp\/v2\/product_brand?post=114720"},{"taxonomy":"product_cat","embeddable":true,"href":"https:\/\/ses-creative.com\/de\/wp-json\/wp\/v2\/product_cat?post=114720"},{"taxonomy":"product_tag","embeddable":true,"href":"https:\/\/ses-creative.com\/de\/wp-json\/wp\/v2\/product_tag?post=114720"}],"curies":[{"name":"wp","href":"https:\/\/api.w.org\/{rel}","templated":true}]}}