











{"id":114719,"date":"2026-02-05T13:52:45","date_gmt":"2026-02-05T13:52:45","guid":{"rendered":"https:\/\/ses-creative.com\/?post_type=product&#038;p=114719"},"modified":"2026-02-06T09:51:41","modified_gmt":"2026-02-06T09:51:41","slug":"my-first-malen-mit-wasser","status":"publish","type":"product","link":"https:\/\/ses-creative.com\/de\/produkt\/my-first-malen-mit-wasser\/","title":{"rendered":"My first &#8211; Malen mit Wasser"},"content":{"rendered":"<p>Magisches Malen mit Wasser!<br \/>\nEntdecken Sie die Magie des Malens ohne Kleckern mit dem Set \u201eMy First \u2013 Malen mit Wasser\u201d von SES Creative. Dieses Set ist perfekt f\u00fcr die kleinsten K\u00fcnstler. Verwenden Sie den Pinsel und sehen Sie, wie die Farben auf den vorgedruckten Karten erscheinen, nur durch die Verwendung von Wasser. Es ist Wassermagie! Ideal f\u00fcr Kleinkinder, die gerne kreativ sind, aber noch zu jung f\u00fcr Farbe oder Stifte sind.<br \/>\nWas dieses Set so toll macht<br \/>\n&#8211;    Keine Kleckerei \u2013 Sie brauchen nur Wasser<br \/>\n&#8211;    Sicher und geeignet f\u00fcr Kinder ab 1 Jahr<br \/>\n&#8211;    F\u00f6rdert die Kreativit\u00e4t und die Feinmotorik<br \/>\n&#8211;    Die Karten sind wiederverwendbar. Nach dem Trocknen k\u00f6nnen Sie sie immer wieder verwenden<br \/>\n&#8211;    Perfekt f\u00fcr die erste Begegnung mit Farben<br \/>\nInhalt des Sets<br \/>\n&#8211;    4 Zauberkarten<br \/>\n&#8211; Sicherer, kinderfreundlicher Pinsel<br \/>\nMalen ohne Sorgen<br \/>\nDieses Set ist ideal f\u00fcr Kinder, die gerne malen und zeichnen, aber noch zu jung f\u00fcr herk\u00f6mmliche Mal- oder Malsets sind. Mit diesem Set k\u00f6nnen Kinder sicher und einfach ihre Kreativit\u00e4t entdecken. Die speziellen Karten bringen die Farben zum Vorschein, sobald sie mit Wasser in Ber\u00fchrung kommen, und es entsteht eine sch\u00f6ne Zeichnung von einem Pferd, einem Delfin oder einem anderen Tier. Das Malen mit Wasser f\u00fchrt immer zu einem sch\u00f6nen Ergebnis, auf das Kinder stolz sein k\u00f6nnen. Und das Beste daran ist, dass die Zeichnung nach dem Trocknen wieder wei\u00df wird und die Kinder erneut mit dem Malen beginnen k\u00f6nnen. So gibt es immer wieder neuen Spielspa\u00df mit Water Magic!<br \/>\nWarum SES Creative w\u00e4hlen?<br \/>\nBei SES Creative legen wir gro\u00dfen Wert auf Sicherheit. Deshalb werden die Produkte in der Fabrik in den Niederlanden nach den strengsten europ\u00e4ischen Sicherheitsnormen hergestellt und getestet. Spielzeug von SES Creative sorgt f\u00fcr Spa\u00df und ist darauf ausgerichtet, dass Kinder stolz auf ihre Arbeit sein k\u00f6nnen, was ihre Kreativit\u00e4t und Entwicklung f\u00f6rdert.<br \/>\nBeginnen Sie noch heute mit magischem Malen!<br \/>\nMit dem Set \u201eMy First \u2013 Malen mit Wasser\u201c k\u00f6nnen Kinder auf sichere und spielerische Weise ihre ersten Kunstwerke schaffen. Nimm den Pinsel, erwecke die Farben zum Leben, und sobald die Zeichnung getrocknet ist, kannst du von vorne beginnen!<\/p>\n","protected":false},"excerpt":{"rendered":"<p>Magisches Malen mit Wasser! Entdecken Sie die Magie des Malens ohne Kleckern mit dem Set \u201eMy First \u2013 Malen mit Wasser\u201d von SES Creative. Dieses Set ist perfekt f\u00fcr die kleinsten K\u00fcnstler. Verwenden Sie den Pinsel und sehen Sie, wie die Farben auf den vorgedruckten Karten erscheinen, nur durch die Verwendung von Wasser. Es ist [&hellip;]<\/p>\n","protected":false},"featured_media":102936,"comment_status":"closed","ping_status":"closed","template":"","meta":{"_acf_changed":false},"product_brand":[],"product_cat":[116],"product_tag":[],"class_list":{"0":"post-114719","1":"product","2":"type-product","3":"status-publish","4":"has-post-thumbnail","6":"product_cat-baby-kleinkind","7":"pa_leeftijd-filter-0-2-jahre","8":"pa_meest-populair-bij-jungen-maedchen","10":"first","11":"instock","12":"shipping-taxable","13":"product-type-simple"},"acf":[],"yoast_head":"<!-- This site is optimized with the Yoast SEO plugin v27.2 - https:\/\/yoast.com\/product\/yoast-seo-wordpress\/ -->\n<title>My first - Malen mit Wasser - SES Creative<\/title>\n<meta name=\"robots\" content=\"index, follow, max-snippet:-1, max-image-preview:large, max-video-preview:-1\" \/>\n<link rel=\"canonical\" href=\"https:\/\/ses-creative.com\/de\/produkt\/my-first-malen-mit-wasser\/\" \/>\n<meta property=\"og:locale\" content=\"de_DE\" \/>\n<meta property=\"og:type\" content=\"article\" \/>\n<meta property=\"og:title\" content=\"My first - Malen mit Wasser - SES Creative\" \/>\n<meta property=\"og:description\" content=\"Magisches Malen mit Wasser! Entdecken Sie die Magie des Malens ohne Kleckern mit dem Set \u201eMy First \u2013 Malen mit Wasser\u201d von SES Creative. Dieses Set ist perfekt f\u00fcr die kleinsten K\u00fcnstler. Verwenden Sie den Pinsel und sehen Sie, wie die Farben auf den vorgedruckten Karten erscheinen, nur durch die Verwendung von Wasser. Es ist [&hellip;]\" \/>\n<meta property=\"og:url\" content=\"https:\/\/ses-creative.com\/de\/produkt\/my-first-malen-mit-wasser\/\" \/>\n<meta property=\"og:site_name\" content=\"SES Creative\" \/>\n<meta property=\"article:modified_time\" content=\"2026-02-06T09:51:41+00:00\" \/>\n<meta name=\"twitter:card\" content=\"summary_large_image\" \/>\n<meta name=\"twitter:label1\" content=\"Gesch\u00e4tzte Lesezeit\" \/>\n\t<meta name=\"twitter:data1\" content=\"2\u00a0Minuten\" \/>\n<script type=\"application\/ld+json\" class=\"yoast-schema-graph\">{\"@context\":\"https:\/\/schema.org\",\"@graph\":[{\"@type\":\"WebPage\",\"@id\":\"https:\/\/ses-creative.com\/de\/produkt\/my-first-malen-mit-wasser\/\",\"url\":\"https:\/\/ses-creative.com\/de\/produkt\/my-first-malen-mit-wasser\/\",\"name\":\"My first - Malen mit Wasser - SES Creative\",\"isPartOf\":{\"@id\":\"https:\/\/ses-creative.com\/#website\"},\"primaryImageOfPage\":{\"@id\":\"https:\/\/ses-creative.com\/de\/produkt\/my-first-malen-mit-wasser\/#primaryimage\"},\"image\":{\"@id\":\"https:\/\/ses-creative.com\/de\/produkt\/my-first-malen-mit-wasser\/#primaryimage\"},\"thumbnailUrl\":\"https:\/\/ses-creative.com\/wp-content\/uploads\/2026\/01\/144211.jpg\",\"datePublished\":\"2026-02-05T13:52:45+00:00\",\"dateModified\":\"2026-02-06T09:51:41+00:00\",\"breadcrumb\":{\"@id\":\"https:\/\/ses-creative.com\/de\/produkt\/my-first-malen-mit-wasser\/#breadcrumb\"},\"inLanguage\":\"de\",\"potentialAction\":[{\"@type\":\"ReadAction\",\"target\":[\"https:\/\/ses-creative.com\/de\/produkt\/my-first-malen-mit-wasser\/\"]}]},{\"@type\":\"ImageObject\",\"inLanguage\":\"de\",\"@id\":\"https:\/\/ses-creative.com\/de\/produkt\/my-first-malen-mit-wasser\/#primaryimage\",\"url\":\"https:\/\/ses-creative.com\/wp-content\/uploads\/2026\/01\/144211.jpg\",\"contentUrl\":\"https:\/\/ses-creative.com\/wp-content\/uploads\/2026\/01\/144211.jpg\",\"width\":1000,\"height\":1000},{\"@type\":\"BreadcrumbList\",\"@id\":\"https:\/\/ses-creative.com\/de\/produkt\/my-first-malen-mit-wasser\/#breadcrumb\",\"itemListElement\":[{\"@type\":\"ListItem\",\"position\":1,\"name\":\"Shop\",\"item\":\"https:\/\/ses-creative.com\/de\/shop\/\"},{\"@type\":\"ListItem\",\"position\":2,\"name\":\"Baby &amp; Kleinkind\",\"item\":\"https:\/\/ses-creative.com\/de\/product-categorie\/baby-kleinkind\/\"},{\"@type\":\"ListItem\",\"position\":3,\"name\":\"My first &#8211; Malen mit Wasser\"}]},{\"@type\":\"WebSite\",\"@id\":\"https:\/\/ses-creative.com\/#website\",\"url\":\"https:\/\/ses-creative.com\/\",\"name\":\"SES Creative\",\"description\":\"\",\"publisher\":{\"@id\":\"https:\/\/ses-creative.com\/#organization\"},\"potentialAction\":[{\"@type\":\"SearchAction\",\"target\":{\"@type\":\"EntryPoint\",\"urlTemplate\":\"https:\/\/ses-creative.com\/?s={search_term_string}\"},\"query-input\":{\"@type\":\"PropertyValueSpecification\",\"valueRequired\":true,\"valueName\":\"search_term_string\"}}],\"inLanguage\":\"de\"},{\"@type\":\"Organization\",\"@id\":\"https:\/\/ses-creative.com\/#organization\",\"name\":\"SES Creative\",\"url\":\"https:\/\/ses-creative.com\/\",\"logo\":{\"@type\":\"ImageObject\",\"inLanguage\":\"de\",\"@id\":\"https:\/\/ses-creative.com\/#\/schema\/logo\/image\/\",\"url\":\"https:\/\/ses-creative.com\/wp-content\/uploads\/2025\/10\/ses-creative-logo.jpg\",\"contentUrl\":\"https:\/\/ses-creative.com\/wp-content\/uploads\/2025\/10\/ses-creative-logo.jpg\",\"width\":2037,\"height\":2037,\"caption\":\"SES Creative\"},\"image\":{\"@id\":\"https:\/\/ses-creative.com\/#\/schema\/logo\/image\/\"}}]}<\/script>\n<!-- \/ Yoast SEO plugin. -->","yoast_head_json":{"title":"My first - Malen mit Wasser - SES Creative","robots":{"index":"index","follow":"follow","max-snippet":"max-snippet:-1","max-image-preview":"max-image-preview:large","max-video-preview":"max-video-preview:-1"},"canonical":"https:\/\/ses-creative.com\/de\/produkt\/my-first-malen-mit-wasser\/","og_locale":"de_DE","og_type":"article","og_title":"My first - Malen mit Wasser - SES Creative","og_description":"Magisches Malen mit Wasser! Entdecken Sie die Magie des Malens ohne Kleckern mit dem Set \u201eMy First \u2013 Malen mit Wasser\u201d von SES Creative. Dieses Set ist perfekt f\u00fcr die kleinsten K\u00fcnstler. Verwenden Sie den Pinsel und sehen Sie, wie die Farben auf den vorgedruckten Karten erscheinen, nur durch die Verwendung von Wasser. Es ist [&hellip;]","og_url":"https:\/\/ses-creative.com\/de\/produkt\/my-first-malen-mit-wasser\/","og_site_name":"SES Creative","article_modified_time":"2026-02-06T09:51:41+00:00","twitter_card":"summary_large_image","twitter_misc":{"Gesch\u00e4tzte Lesezeit":"2\u00a0Minuten"},"schema":{"@context":"https:\/\/schema.org","@graph":[{"@type":"WebPage","@id":"https:\/\/ses-creative.com\/de\/produkt\/my-first-malen-mit-wasser\/","url":"https:\/\/ses-creative.com\/de\/produkt\/my-first-malen-mit-wasser\/","name":"My first - Malen mit Wasser - SES Creative","isPartOf":{"@id":"https:\/\/ses-creative.com\/#website"},"primaryImageOfPage":{"@id":"https:\/\/ses-creative.com\/de\/produkt\/my-first-malen-mit-wasser\/#primaryimage"},"image":{"@id":"https:\/\/ses-creative.com\/de\/produkt\/my-first-malen-mit-wasser\/#primaryimage"},"thumbnailUrl":"https:\/\/ses-creative.com\/wp-content\/uploads\/2026\/01\/144211.jpg","datePublished":"2026-02-05T13:52:45+00:00","dateModified":"2026-02-06T09:51:41+00:00","breadcrumb":{"@id":"https:\/\/ses-creative.com\/de\/produkt\/my-first-malen-mit-wasser\/#breadcrumb"},"inLanguage":"de","potentialAction":[{"@type":"ReadAction","target":["https:\/\/ses-creative.com\/de\/produkt\/my-first-malen-mit-wasser\/"]}]},{"@type":"ImageObject","inLanguage":"de","@id":"https:\/\/ses-creative.com\/de\/produkt\/my-first-malen-mit-wasser\/#primaryimage","url":"https:\/\/ses-creative.com\/wp-content\/uploads\/2026\/01\/144211.jpg","contentUrl":"https:\/\/ses-creative.com\/wp-content\/uploads\/2026\/01\/144211.jpg","width":1000,"height":1000},{"@type":"BreadcrumbList","@id":"https:\/\/ses-creative.com\/de\/produkt\/my-first-malen-mit-wasser\/#breadcrumb","itemListElement":[{"@type":"ListItem","position":1,"name":"Shop","item":"https:\/\/ses-creative.com\/de\/shop\/"},{"@type":"ListItem","position":2,"name":"Baby &amp; Kleinkind","item":"https:\/\/ses-creative.com\/de\/product-categorie\/baby-kleinkind\/"},{"@type":"ListItem","position":3,"name":"My first &#8211; Malen mit Wasser"}]},{"@type":"WebSite","@id":"https:\/\/ses-creative.com\/#website","url":"https:\/\/ses-creative.com\/","name":"SES Creative","description":"","publisher":{"@id":"https:\/\/ses-creative.com\/#organization"},"potentialAction":[{"@type":"SearchAction","target":{"@type":"EntryPoint","urlTemplate":"https:\/\/ses-creative.com\/?s={search_term_string}"},"query-input":{"@type":"PropertyValueSpecification","valueRequired":true,"valueName":"search_term_string"}}],"inLanguage":"de"},{"@type":"Organization","@id":"https:\/\/ses-creative.com\/#organization","name":"SES Creative","url":"https:\/\/ses-creative.com\/","logo":{"@type":"ImageObject","inLanguage":"de","@id":"https:\/\/ses-creative.com\/#\/schema\/logo\/image\/","url":"https:\/\/ses-creative.com\/wp-content\/uploads\/2025\/10\/ses-creative-logo.jpg","contentUrl":"https:\/\/ses-creative.com\/wp-content\/uploads\/2025\/10\/ses-creative-logo.jpg","width":2037,"height":2037,"caption":"SES Creative"},"image":{"@id":"https:\/\/ses-creative.com\/#\/schema\/logo\/image\/"}}]}},"_links":{"self":[{"href":"https:\/\/ses-creative.com\/de\/wp-json\/wp\/v2\/product\/114719","targetHints":{"allow":["GET"]}}],"collection":[{"href":"https:\/\/ses-creative.com\/de\/wp-json\/wp\/v2\/product"}],"about":[{"href":"https:\/\/ses-creative.com\/de\/wp-json\/wp\/v2\/types\/product"}],"replies":[{"embeddable":true,"href":"https:\/\/ses-creative.com\/de\/wp-json\/wp\/v2\/comments?post=114719"}],"wp:featuredmedia":[{"embeddable":true,"href":"https:\/\/ses-creative.com\/de\/wp-json\/wp\/v2\/media\/102936"}],"wp:attachment":[{"href":"https:\/\/ses-creative.com\/de\/wp-json\/wp\/v2\/media?parent=114719"}],"wp:term":[{"taxonomy":"product_brand","embeddable":true,"href":"https:\/\/ses-creative.com\/de\/wp-json\/wp\/v2\/product_brand?post=114719"},{"taxonomy":"product_cat","embeddable":true,"href":"https:\/\/ses-creative.com\/de\/wp-json\/wp\/v2\/product_cat?post=114719"},{"taxonomy":"product_tag","embeddable":true,"href":"https:\/\/ses-creative.com\/de\/wp-json\/wp\/v2\/product_tag?post=114719"}],"curies":[{"name":"wp","href":"https:\/\/api.w.org\/{rel}","templated":true}]}}