











{"id":114718,"date":"2026-02-05T13:52:45","date_gmt":"2026-02-05T13:52:45","guid":{"rendered":"https:\/\/ses-creative.com\/?post_type=product&#038;p=114718"},"modified":"2026-02-06T09:51:41","modified_gmt":"2026-02-06T09:51:41","slug":"my-first-meine-ersten-kreativbilder","status":"publish","type":"product","link":"https:\/\/ses-creative.com\/de\/produkt\/my-first-meine-ersten-kreativbilder\/","title":{"rendered":"My first &#8211; Meine ersten Kreativbilder"},"content":{"rendered":"<p>Schaffe dein allererstes Meisterwerk!<br \/>\nMit \u201eMy First \u2013 Mein erstes Kunstwerk\u201c von SES Creative k\u00f6nnen die Kleinsten ihre kreative Reise beginnen. Schnappen Sie sich die Fingerfarben und gestalten Sie die lustigsten Tierkreationen! Eine Ente oder ein Tiger \u2013 machen Sie Ihre H\u00e4nde schmutzig und malen Sie drauf los. Vervollst\u00e4ndigen Sie anschlie\u00dfend Ihr Kunstwerk mit lustigen Augen und anderen Tierfiguren. Dieses Set wurde speziell f\u00fcr Kinder ab 1 Jahr entwickelt und bietet eine sichere und unterhaltsame M\u00f6glichkeit, ihre ersten Kunstwerke zu schaffen.<br \/>\nWas dieses Set so toll macht<br \/>\n&#8211;    Eine lustige und einfache M\u00f6glichkeit, erste Kunstwerke zu schaffen, mit denen man immer ein sch\u00f6nes Ergebnis erzielen kann, auf das man stolz sein kann<br \/>\n&#8211;    Speziell f\u00fcr Kinder ab 1 Jahr entwickelt, mit bitterem Geschmack, damit Kinder es nicht in den Mund nehmen wollen<br \/>\n&#8211;    Sichere, glutenfreie Fingerfarben. Leicht auswaschbar<br \/>\n&#8211;    F\u00f6rdert die Entwicklung von Kreativit\u00e4t und motorischen F\u00e4higkeiten<br \/>\n&#8211;    Perfekt, um gemeinsam mit den Eltern zu entdecken und zu gestalten<br \/>\nEntdecken Sie den K\u00fcnstler in Ihrem Kind<br \/>\nOb Sie nun gemeinsam mit Ihrem Kind basteln oder es selbstst\u00e4ndig entdecken lassen, dieses Set bietet den perfekten Einstieg in die Welt der Kunst und des Bastelns. Die Farbe ist kindersicher, hat aber auch einen bitteren Geschmack, sodass Kinder sie nicht gerne in den Mund nehmen. Sie k\u00f6nnen frei damit spielen und experimentieren, w\u00e4hrend sie ihre Feinmotorik und Kreativit\u00e4t entwickeln. Kinder werden stolz auf ihre ersten Bastelarbeiten sein und so eine positive Erfahrung in der Welt des Bastelns machen. Die Kunstwerke eignen sich auch sehr gut als Geschenk.<br \/>\nInhalt des Sets<br \/>\n&#8211;    3 Farben Fingerfarbe: rot, gelb und blau<br \/>\n&#8211;    11 fr\u00f6hliche Dekorationskarten<br \/>\n&#8211;    Tieraugen und andere Figuren, um Ihr Tier zu vervollst\u00e4ndigen<br \/>\nWarum SES Creative w\u00e4hlen?<br \/>\nBei SES Creative legen wir gro\u00dfen Wert auf Sicherheit. Deshalb werden die Produkte in unserer Fabrik in den Niederlanden nach den strengsten europ\u00e4ischen Sicherheitsstandards hergestellt und getestet. Spielzeug von SES Creative sorgt f\u00fcr Spa\u00df und soll Kindern erm\u00f6glichen, stolz auf ihre Arbeit zu sein, was ihre Kreativit\u00e4t und Entwicklung f\u00f6rdert.<br \/>\nBeginnen Sie noch heute mit der Gestaltung Ihres ersten Kunstwerks!<br \/>\nLassen Sie Ihr Kind sein erstes Kunstwerk genie\u00dfen und entdecken Sie gemeinsam, wie viel Spa\u00df Kreativit\u00e4t machen kann!<\/p>\n","protected":false},"excerpt":{"rendered":"<p>Schaffe dein allererstes Meisterwerk! Mit \u201eMy First \u2013 Mein erstes Kunstwerk\u201c von SES Creative k\u00f6nnen die Kleinsten ihre kreative Reise beginnen. Schnappen Sie sich die Fingerfarben und gestalten Sie die lustigsten Tierkreationen! Eine Ente oder ein Tiger \u2013 machen Sie Ihre H\u00e4nde schmutzig und malen Sie drauf los. Vervollst\u00e4ndigen Sie anschlie\u00dfend Ihr Kunstwerk mit lustigen [&hellip;]<\/p>\n","protected":false},"featured_media":102916,"comment_status":"closed","ping_status":"closed","template":"","meta":{"_acf_changed":false},"product_brand":[],"product_cat":[116],"product_tag":[],"class_list":{"0":"post-114718","1":"product","2":"type-product","3":"status-publish","4":"has-post-thumbnail","6":"product_cat-baby-kleinkind","7":"pa_leeftijd-filter-0-2-jahre","8":"pa_meest-populair-bij-jungen-maedchen","10":"first","11":"instock","12":"shipping-taxable","13":"product-type-simple"},"acf":[],"yoast_head":"<!-- This site is optimized with the Yoast SEO plugin v27.2 - https:\/\/yoast.com\/product\/yoast-seo-wordpress\/ -->\n<title>My first - Meine ersten Kreativbilder - SES Creative<\/title>\n<meta name=\"robots\" content=\"index, follow, max-snippet:-1, max-image-preview:large, max-video-preview:-1\" \/>\n<link rel=\"canonical\" href=\"https:\/\/ses-creative.com\/de\/produkt\/my-first-meine-ersten-kreativbilder\/\" \/>\n<meta property=\"og:locale\" content=\"de_DE\" \/>\n<meta property=\"og:type\" content=\"article\" \/>\n<meta property=\"og:title\" content=\"My first - Meine ersten Kreativbilder - SES Creative\" \/>\n<meta property=\"og:description\" content=\"Schaffe dein allererstes Meisterwerk! Mit \u201eMy First \u2013 Mein erstes Kunstwerk\u201c von SES Creative k\u00f6nnen die Kleinsten ihre kreative Reise beginnen. Schnappen Sie sich die Fingerfarben und gestalten Sie die lustigsten Tierkreationen! Eine Ente oder ein Tiger \u2013 machen Sie Ihre H\u00e4nde schmutzig und malen Sie drauf los. Vervollst\u00e4ndigen Sie anschlie\u00dfend Ihr Kunstwerk mit lustigen [&hellip;]\" \/>\n<meta property=\"og:url\" content=\"https:\/\/ses-creative.com\/de\/produkt\/my-first-meine-ersten-kreativbilder\/\" \/>\n<meta property=\"og:site_name\" content=\"SES Creative\" \/>\n<meta property=\"article:modified_time\" content=\"2026-02-06T09:51:41+00:00\" \/>\n<meta name=\"twitter:card\" content=\"summary_large_image\" \/>\n<meta name=\"twitter:label1\" content=\"Gesch\u00e4tzte Lesezeit\" \/>\n\t<meta name=\"twitter:data1\" content=\"2\u00a0Minuten\" \/>\n<script type=\"application\/ld+json\" class=\"yoast-schema-graph\">{\"@context\":\"https:\/\/schema.org\",\"@graph\":[{\"@type\":\"WebPage\",\"@id\":\"https:\/\/ses-creative.com\/de\/produkt\/my-first-meine-ersten-kreativbilder\/\",\"url\":\"https:\/\/ses-creative.com\/de\/produkt\/my-first-meine-ersten-kreativbilder\/\",\"name\":\"My first - Meine ersten Kreativbilder - SES Creative\",\"isPartOf\":{\"@id\":\"https:\/\/ses-creative.com\/#website\"},\"primaryImageOfPage\":{\"@id\":\"https:\/\/ses-creative.com\/de\/produkt\/my-first-meine-ersten-kreativbilder\/#primaryimage\"},\"image\":{\"@id\":\"https:\/\/ses-creative.com\/de\/produkt\/my-first-meine-ersten-kreativbilder\/#primaryimage\"},\"thumbnailUrl\":\"https:\/\/ses-creative.com\/wp-content\/uploads\/2026\/01\/144191.jpg\",\"datePublished\":\"2026-02-05T13:52:45+00:00\",\"dateModified\":\"2026-02-06T09:51:41+00:00\",\"breadcrumb\":{\"@id\":\"https:\/\/ses-creative.com\/de\/produkt\/my-first-meine-ersten-kreativbilder\/#breadcrumb\"},\"inLanguage\":\"de\",\"potentialAction\":[{\"@type\":\"ReadAction\",\"target\":[\"https:\/\/ses-creative.com\/de\/produkt\/my-first-meine-ersten-kreativbilder\/\"]}]},{\"@type\":\"ImageObject\",\"inLanguage\":\"de\",\"@id\":\"https:\/\/ses-creative.com\/de\/produkt\/my-first-meine-ersten-kreativbilder\/#primaryimage\",\"url\":\"https:\/\/ses-creative.com\/wp-content\/uploads\/2026\/01\/144191.jpg\",\"contentUrl\":\"https:\/\/ses-creative.com\/wp-content\/uploads\/2026\/01\/144191.jpg\",\"width\":1000,\"height\":1000},{\"@type\":\"BreadcrumbList\",\"@id\":\"https:\/\/ses-creative.com\/de\/produkt\/my-first-meine-ersten-kreativbilder\/#breadcrumb\",\"itemListElement\":[{\"@type\":\"ListItem\",\"position\":1,\"name\":\"Shop\",\"item\":\"https:\/\/ses-creative.com\/de\/shop\/\"},{\"@type\":\"ListItem\",\"position\":2,\"name\":\"Baby &amp; Kleinkind\",\"item\":\"https:\/\/ses-creative.com\/de\/product-categorie\/baby-kleinkind\/\"},{\"@type\":\"ListItem\",\"position\":3,\"name\":\"My first &#8211; Meine ersten Kreativbilder\"}]},{\"@type\":\"WebSite\",\"@id\":\"https:\/\/ses-creative.com\/#website\",\"url\":\"https:\/\/ses-creative.com\/\",\"name\":\"SES Creative\",\"description\":\"\",\"publisher\":{\"@id\":\"https:\/\/ses-creative.com\/#organization\"},\"potentialAction\":[{\"@type\":\"SearchAction\",\"target\":{\"@type\":\"EntryPoint\",\"urlTemplate\":\"https:\/\/ses-creative.com\/?s={search_term_string}\"},\"query-input\":{\"@type\":\"PropertyValueSpecification\",\"valueRequired\":true,\"valueName\":\"search_term_string\"}}],\"inLanguage\":\"de\"},{\"@type\":\"Organization\",\"@id\":\"https:\/\/ses-creative.com\/#organization\",\"name\":\"SES Creative\",\"url\":\"https:\/\/ses-creative.com\/\",\"logo\":{\"@type\":\"ImageObject\",\"inLanguage\":\"de\",\"@id\":\"https:\/\/ses-creative.com\/#\/schema\/logo\/image\/\",\"url\":\"https:\/\/ses-creative.com\/wp-content\/uploads\/2025\/10\/ses-creative-logo.jpg\",\"contentUrl\":\"https:\/\/ses-creative.com\/wp-content\/uploads\/2025\/10\/ses-creative-logo.jpg\",\"width\":2037,\"height\":2037,\"caption\":\"SES Creative\"},\"image\":{\"@id\":\"https:\/\/ses-creative.com\/#\/schema\/logo\/image\/\"}}]}<\/script>\n<!-- \/ Yoast SEO plugin. -->","yoast_head_json":{"title":"My first - Meine ersten Kreativbilder - SES Creative","robots":{"index":"index","follow":"follow","max-snippet":"max-snippet:-1","max-image-preview":"max-image-preview:large","max-video-preview":"max-video-preview:-1"},"canonical":"https:\/\/ses-creative.com\/de\/produkt\/my-first-meine-ersten-kreativbilder\/","og_locale":"de_DE","og_type":"article","og_title":"My first - Meine ersten Kreativbilder - SES Creative","og_description":"Schaffe dein allererstes Meisterwerk! Mit \u201eMy First \u2013 Mein erstes Kunstwerk\u201c von SES Creative k\u00f6nnen die Kleinsten ihre kreative Reise beginnen. Schnappen Sie sich die Fingerfarben und gestalten Sie die lustigsten Tierkreationen! Eine Ente oder ein Tiger \u2013 machen Sie Ihre H\u00e4nde schmutzig und malen Sie drauf los. Vervollst\u00e4ndigen Sie anschlie\u00dfend Ihr Kunstwerk mit lustigen [&hellip;]","og_url":"https:\/\/ses-creative.com\/de\/produkt\/my-first-meine-ersten-kreativbilder\/","og_site_name":"SES Creative","article_modified_time":"2026-02-06T09:51:41+00:00","twitter_card":"summary_large_image","twitter_misc":{"Gesch\u00e4tzte Lesezeit":"2\u00a0Minuten"},"schema":{"@context":"https:\/\/schema.org","@graph":[{"@type":"WebPage","@id":"https:\/\/ses-creative.com\/de\/produkt\/my-first-meine-ersten-kreativbilder\/","url":"https:\/\/ses-creative.com\/de\/produkt\/my-first-meine-ersten-kreativbilder\/","name":"My first - Meine ersten Kreativbilder - SES Creative","isPartOf":{"@id":"https:\/\/ses-creative.com\/#website"},"primaryImageOfPage":{"@id":"https:\/\/ses-creative.com\/de\/produkt\/my-first-meine-ersten-kreativbilder\/#primaryimage"},"image":{"@id":"https:\/\/ses-creative.com\/de\/produkt\/my-first-meine-ersten-kreativbilder\/#primaryimage"},"thumbnailUrl":"https:\/\/ses-creative.com\/wp-content\/uploads\/2026\/01\/144191.jpg","datePublished":"2026-02-05T13:52:45+00:00","dateModified":"2026-02-06T09:51:41+00:00","breadcrumb":{"@id":"https:\/\/ses-creative.com\/de\/produkt\/my-first-meine-ersten-kreativbilder\/#breadcrumb"},"inLanguage":"de","potentialAction":[{"@type":"ReadAction","target":["https:\/\/ses-creative.com\/de\/produkt\/my-first-meine-ersten-kreativbilder\/"]}]},{"@type":"ImageObject","inLanguage":"de","@id":"https:\/\/ses-creative.com\/de\/produkt\/my-first-meine-ersten-kreativbilder\/#primaryimage","url":"https:\/\/ses-creative.com\/wp-content\/uploads\/2026\/01\/144191.jpg","contentUrl":"https:\/\/ses-creative.com\/wp-content\/uploads\/2026\/01\/144191.jpg","width":1000,"height":1000},{"@type":"BreadcrumbList","@id":"https:\/\/ses-creative.com\/de\/produkt\/my-first-meine-ersten-kreativbilder\/#breadcrumb","itemListElement":[{"@type":"ListItem","position":1,"name":"Shop","item":"https:\/\/ses-creative.com\/de\/shop\/"},{"@type":"ListItem","position":2,"name":"Baby &amp; Kleinkind","item":"https:\/\/ses-creative.com\/de\/product-categorie\/baby-kleinkind\/"},{"@type":"ListItem","position":3,"name":"My first &#8211; Meine ersten Kreativbilder"}]},{"@type":"WebSite","@id":"https:\/\/ses-creative.com\/#website","url":"https:\/\/ses-creative.com\/","name":"SES Creative","description":"","publisher":{"@id":"https:\/\/ses-creative.com\/#organization"},"potentialAction":[{"@type":"SearchAction","target":{"@type":"EntryPoint","urlTemplate":"https:\/\/ses-creative.com\/?s={search_term_string}"},"query-input":{"@type":"PropertyValueSpecification","valueRequired":true,"valueName":"search_term_string"}}],"inLanguage":"de"},{"@type":"Organization","@id":"https:\/\/ses-creative.com\/#organization","name":"SES Creative","url":"https:\/\/ses-creative.com\/","logo":{"@type":"ImageObject","inLanguage":"de","@id":"https:\/\/ses-creative.com\/#\/schema\/logo\/image\/","url":"https:\/\/ses-creative.com\/wp-content\/uploads\/2025\/10\/ses-creative-logo.jpg","contentUrl":"https:\/\/ses-creative.com\/wp-content\/uploads\/2025\/10\/ses-creative-logo.jpg","width":2037,"height":2037,"caption":"SES Creative"},"image":{"@id":"https:\/\/ses-creative.com\/#\/schema\/logo\/image\/"}}]}},"_links":{"self":[{"href":"https:\/\/ses-creative.com\/de\/wp-json\/wp\/v2\/product\/114718","targetHints":{"allow":["GET"]}}],"collection":[{"href":"https:\/\/ses-creative.com\/de\/wp-json\/wp\/v2\/product"}],"about":[{"href":"https:\/\/ses-creative.com\/de\/wp-json\/wp\/v2\/types\/product"}],"replies":[{"embeddable":true,"href":"https:\/\/ses-creative.com\/de\/wp-json\/wp\/v2\/comments?post=114718"}],"wp:featuredmedia":[{"embeddable":true,"href":"https:\/\/ses-creative.com\/de\/wp-json\/wp\/v2\/media\/102916"}],"wp:attachment":[{"href":"https:\/\/ses-creative.com\/de\/wp-json\/wp\/v2\/media?parent=114718"}],"wp:term":[{"taxonomy":"product_brand","embeddable":true,"href":"https:\/\/ses-creative.com\/de\/wp-json\/wp\/v2\/product_brand?post=114718"},{"taxonomy":"product_cat","embeddable":true,"href":"https:\/\/ses-creative.com\/de\/wp-json\/wp\/v2\/product_cat?post=114718"},{"taxonomy":"product_tag","embeddable":true,"href":"https:\/\/ses-creative.com\/de\/wp-json\/wp\/v2\/product_tag?post=114718"}],"curies":[{"name":"wp","href":"https:\/\/api.w.org\/{rel}","templated":true}]}}