











{"id":114715,"date":"2026-02-05T13:52:44","date_gmt":"2026-02-05T13:52:44","guid":{"rendered":"https:\/\/ses-creative.com\/?post_type=product&#038;p=114715"},"modified":"2026-02-06T09:51:41","modified_gmt":"2026-02-06T09:51:41","slug":"my-first-knetaufgabenkarten-dinos","status":"publish","type":"product","link":"https:\/\/ses-creative.com\/de\/produkt\/my-first-knetaufgabenkarten-dinos\/","title":{"rendered":"My first &#8211; Knetaufgabenkarten Dinos"},"content":{"rendered":"<p>Erwecken Sie Dinosaurier mit Knete zum Leben!<br \/>\nReisen Sie zur\u00fcck in die Vergangenheit und entdecken Sie eine pr\u00e4historische Welt voller Kreativit\u00e4t mit den My First &#8211; Knete-Karten zum Thema Dinosaurier! Dieses Set ist perfekt f\u00fcr neugierige kleine Entdecker, die Dinosaurier und Knete lieben. Mit weicher, bunter Knete k\u00f6nnen Kinder formen, rollen und kneten, um tolle Dino-Kreationen zu gestalten. Jede wiederverwendbare Karte enth\u00e4lt eine Dinosaurierzeichnung, die Kinder dazu anregt, Farben zuzuordnen, Formen zu erkennen und ihre Lieblingsdinosaurier zum Leben zu erwecken.<br \/>\nWas dieses Set so toll macht<br \/>\n&#8211;    F\u00f6rdert die Kreativit\u00e4t und die Neugierde f\u00fcr Dinosaurier und die Urzeit<br \/>\n&#8211;    Hilft bei der Verbesserung der Motorik und Hand-Augen-Koordination Ihres Kindes, indem es den Mustern auf den Karten folgt<br \/>\n&#8211;    Die farbenfrohen Karten bieten immer ein sch\u00f6nes Ergebnis, auf das man stolz sein kann, wodurch eine positive erste Erfahrung mit dem Spielen mit Knete geschaffen wird<br \/>\n&#8211;    Spa\u00df zum gemeinsamen Entdecken oder zum alleinigen Spielen f\u00fcr Ihr Kind<br \/>\n&#8211;    Die Knete ist kinderfreundlich, sicher und glutenfrei. Durch den zus\u00e4tzlichen Salzgeschmack wird Ihr Kind keine Knete mehr essen wollen<br \/>\nSpa\u00df beim Kneten!<br \/>\nKinder k\u00f6nnen in eine lehrreiche Erfahrung voller Spa\u00df eintauchen und dabei ihre Feinmotorik und Hand-Augen-Koordination verbessern. Mit dem My First &#8211; Knete Dino Set sind der Kreativit\u00e4t keine Grenzen gesetzt! Die Karten sorgen immer f\u00fcr ein sch\u00f6nes Endergebnis, sodass die ersten Kreationen mit Ton zu einer positiven Erfahrung werden. Das Set ist f\u00fcr Kinder ab 1 Jahr geeignet.<br \/>\nInhalt des Sets<br \/>\n&#8211;    Knete in den Farben Blau, Orange und Gr\u00fcn<br \/>\n&#8211;    4 spannende Dino-Karten, die wiederverwendbar sind<br \/>\nWarum SES Creative w\u00e4hlen?<br \/>\nBei SES Creative legen wir gro\u00dfen Wert auf Sicherheit. Deshalb werden die Produkte in der Fabrik in den Niederlanden nach den strengsten europ\u00e4ischen Sicherheitsnormen hergestellt und getestet. Spielzeug von SES Creative sorgt f\u00fcr Spa\u00df und soll Kindern erm\u00f6glichen, stolz auf ihre Arbeit zu sein, was ihre Kreativit\u00e4t und Entwicklung f\u00f6rdert.<br \/>\nEntfesseln Sie die Kreativit\u00e4t und Neugier Ihres Kindes<br \/>\nDie Dino-Karten aus Ton werden jedem jungen Dino-Fan garantiert Freude und Spielspa\u00df bereiten. Lasst das Abenteuer beginnen!<\/p>\n","protected":false},"excerpt":{"rendered":"<p>Erwecken Sie Dinosaurier mit Knete zum Leben! Reisen Sie zur\u00fcck in die Vergangenheit und entdecken Sie eine pr\u00e4historische Welt voller Kreativit\u00e4t mit den My First &#8211; Knete-Karten zum Thema Dinosaurier! Dieses Set ist perfekt f\u00fcr neugierige kleine Entdecker, die Dinosaurier und Knete lieben. Mit weicher, bunter Knete k\u00f6nnen Kinder formen, rollen und kneten, um tolle [&hellip;]<\/p>\n","protected":false},"featured_media":102856,"comment_status":"closed","ping_status":"closed","template":"","meta":{"_acf_changed":false},"product_brand":[],"product_cat":[116],"product_tag":[],"class_list":{"0":"post-114715","1":"product","2":"type-product","3":"status-publish","4":"has-post-thumbnail","6":"product_cat-baby-kleinkind","7":"pa_leeftijd-filter-0-2-jahre","8":"pa_meest-populair-bij-jungen-maedchen","10":"first","11":"instock","12":"shipping-taxable","13":"product-type-simple"},"acf":[],"yoast_head":"<!-- This site is optimized with the Yoast SEO plugin v27.2 - https:\/\/yoast.com\/product\/yoast-seo-wordpress\/ -->\n<title>My first - Knetaufgabenkarten Dinos - SES Creative<\/title>\n<meta name=\"robots\" content=\"index, follow, max-snippet:-1, max-image-preview:large, max-video-preview:-1\" \/>\n<link rel=\"canonical\" href=\"https:\/\/ses-creative.com\/de\/produkt\/my-first-knetaufgabenkarten-dinos\/\" \/>\n<meta property=\"og:locale\" content=\"de_DE\" \/>\n<meta property=\"og:type\" content=\"article\" \/>\n<meta property=\"og:title\" content=\"My first - Knetaufgabenkarten Dinos - SES Creative\" \/>\n<meta property=\"og:description\" content=\"Erwecken Sie Dinosaurier mit Knete zum Leben! Reisen Sie zur\u00fcck in die Vergangenheit und entdecken Sie eine pr\u00e4historische Welt voller Kreativit\u00e4t mit den My First &#8211; Knete-Karten zum Thema Dinosaurier! Dieses Set ist perfekt f\u00fcr neugierige kleine Entdecker, die Dinosaurier und Knete lieben. Mit weicher, bunter Knete k\u00f6nnen Kinder formen, rollen und kneten, um tolle [&hellip;]\" \/>\n<meta property=\"og:url\" content=\"https:\/\/ses-creative.com\/de\/produkt\/my-first-knetaufgabenkarten-dinos\/\" \/>\n<meta property=\"og:site_name\" content=\"SES Creative\" \/>\n<meta property=\"article:modified_time\" content=\"2026-02-06T09:51:41+00:00\" \/>\n<meta name=\"twitter:card\" content=\"summary_large_image\" \/>\n<meta name=\"twitter:label1\" content=\"Gesch\u00e4tzte Lesezeit\" \/>\n\t<meta name=\"twitter:data1\" content=\"2\u00a0Minuten\" \/>\n<script type=\"application\/ld+json\" class=\"yoast-schema-graph\">{\"@context\":\"https:\/\/schema.org\",\"@graph\":[{\"@type\":\"WebPage\",\"@id\":\"https:\/\/ses-creative.com\/de\/produkt\/my-first-knetaufgabenkarten-dinos\/\",\"url\":\"https:\/\/ses-creative.com\/de\/produkt\/my-first-knetaufgabenkarten-dinos\/\",\"name\":\"My first - Knetaufgabenkarten Dinos - SES Creative\",\"isPartOf\":{\"@id\":\"https:\/\/ses-creative.com\/#website\"},\"primaryImageOfPage\":{\"@id\":\"https:\/\/ses-creative.com\/de\/produkt\/my-first-knetaufgabenkarten-dinos\/#primaryimage\"},\"image\":{\"@id\":\"https:\/\/ses-creative.com\/de\/produkt\/my-first-knetaufgabenkarten-dinos\/#primaryimage\"},\"thumbnailUrl\":\"https:\/\/ses-creative.com\/wp-content\/uploads\/2026\/01\/144091.jpg\",\"datePublished\":\"2026-02-05T13:52:44+00:00\",\"dateModified\":\"2026-02-06T09:51:41+00:00\",\"breadcrumb\":{\"@id\":\"https:\/\/ses-creative.com\/de\/produkt\/my-first-knetaufgabenkarten-dinos\/#breadcrumb\"},\"inLanguage\":\"de\",\"potentialAction\":[{\"@type\":\"ReadAction\",\"target\":[\"https:\/\/ses-creative.com\/de\/produkt\/my-first-knetaufgabenkarten-dinos\/\"]}]},{\"@type\":\"ImageObject\",\"inLanguage\":\"de\",\"@id\":\"https:\/\/ses-creative.com\/de\/produkt\/my-first-knetaufgabenkarten-dinos\/#primaryimage\",\"url\":\"https:\/\/ses-creative.com\/wp-content\/uploads\/2026\/01\/144091.jpg\",\"contentUrl\":\"https:\/\/ses-creative.com\/wp-content\/uploads\/2026\/01\/144091.jpg\",\"width\":1000,\"height\":1000},{\"@type\":\"BreadcrumbList\",\"@id\":\"https:\/\/ses-creative.com\/de\/produkt\/my-first-knetaufgabenkarten-dinos\/#breadcrumb\",\"itemListElement\":[{\"@type\":\"ListItem\",\"position\":1,\"name\":\"Shop\",\"item\":\"https:\/\/ses-creative.com\/de\/shop\/\"},{\"@type\":\"ListItem\",\"position\":2,\"name\":\"Baby &amp; Kleinkind\",\"item\":\"https:\/\/ses-creative.com\/de\/product-categorie\/baby-kleinkind\/\"},{\"@type\":\"ListItem\",\"position\":3,\"name\":\"My first &#8211; Knetaufgabenkarten Dinos\"}]},{\"@type\":\"WebSite\",\"@id\":\"https:\/\/ses-creative.com\/#website\",\"url\":\"https:\/\/ses-creative.com\/\",\"name\":\"SES Creative\",\"description\":\"\",\"publisher\":{\"@id\":\"https:\/\/ses-creative.com\/#organization\"},\"potentialAction\":[{\"@type\":\"SearchAction\",\"target\":{\"@type\":\"EntryPoint\",\"urlTemplate\":\"https:\/\/ses-creative.com\/?s={search_term_string}\"},\"query-input\":{\"@type\":\"PropertyValueSpecification\",\"valueRequired\":true,\"valueName\":\"search_term_string\"}}],\"inLanguage\":\"de\"},{\"@type\":\"Organization\",\"@id\":\"https:\/\/ses-creative.com\/#organization\",\"name\":\"SES Creative\",\"url\":\"https:\/\/ses-creative.com\/\",\"logo\":{\"@type\":\"ImageObject\",\"inLanguage\":\"de\",\"@id\":\"https:\/\/ses-creative.com\/#\/schema\/logo\/image\/\",\"url\":\"https:\/\/ses-creative.com\/wp-content\/uploads\/2025\/10\/ses-creative-logo.jpg\",\"contentUrl\":\"https:\/\/ses-creative.com\/wp-content\/uploads\/2025\/10\/ses-creative-logo.jpg\",\"width\":2037,\"height\":2037,\"caption\":\"SES Creative\"},\"image\":{\"@id\":\"https:\/\/ses-creative.com\/#\/schema\/logo\/image\/\"}}]}<\/script>\n<!-- \/ Yoast SEO plugin. -->","yoast_head_json":{"title":"My first - Knetaufgabenkarten Dinos - SES Creative","robots":{"index":"index","follow":"follow","max-snippet":"max-snippet:-1","max-image-preview":"max-image-preview:large","max-video-preview":"max-video-preview:-1"},"canonical":"https:\/\/ses-creative.com\/de\/produkt\/my-first-knetaufgabenkarten-dinos\/","og_locale":"de_DE","og_type":"article","og_title":"My first - Knetaufgabenkarten Dinos - SES Creative","og_description":"Erwecken Sie Dinosaurier mit Knete zum Leben! Reisen Sie zur\u00fcck in die Vergangenheit und entdecken Sie eine pr\u00e4historische Welt voller Kreativit\u00e4t mit den My First &#8211; Knete-Karten zum Thema Dinosaurier! Dieses Set ist perfekt f\u00fcr neugierige kleine Entdecker, die Dinosaurier und Knete lieben. Mit weicher, bunter Knete k\u00f6nnen Kinder formen, rollen und kneten, um tolle [&hellip;]","og_url":"https:\/\/ses-creative.com\/de\/produkt\/my-first-knetaufgabenkarten-dinos\/","og_site_name":"SES Creative","article_modified_time":"2026-02-06T09:51:41+00:00","twitter_card":"summary_large_image","twitter_misc":{"Gesch\u00e4tzte Lesezeit":"2\u00a0Minuten"},"schema":{"@context":"https:\/\/schema.org","@graph":[{"@type":"WebPage","@id":"https:\/\/ses-creative.com\/de\/produkt\/my-first-knetaufgabenkarten-dinos\/","url":"https:\/\/ses-creative.com\/de\/produkt\/my-first-knetaufgabenkarten-dinos\/","name":"My first - Knetaufgabenkarten Dinos - SES Creative","isPartOf":{"@id":"https:\/\/ses-creative.com\/#website"},"primaryImageOfPage":{"@id":"https:\/\/ses-creative.com\/de\/produkt\/my-first-knetaufgabenkarten-dinos\/#primaryimage"},"image":{"@id":"https:\/\/ses-creative.com\/de\/produkt\/my-first-knetaufgabenkarten-dinos\/#primaryimage"},"thumbnailUrl":"https:\/\/ses-creative.com\/wp-content\/uploads\/2026\/01\/144091.jpg","datePublished":"2026-02-05T13:52:44+00:00","dateModified":"2026-02-06T09:51:41+00:00","breadcrumb":{"@id":"https:\/\/ses-creative.com\/de\/produkt\/my-first-knetaufgabenkarten-dinos\/#breadcrumb"},"inLanguage":"de","potentialAction":[{"@type":"ReadAction","target":["https:\/\/ses-creative.com\/de\/produkt\/my-first-knetaufgabenkarten-dinos\/"]}]},{"@type":"ImageObject","inLanguage":"de","@id":"https:\/\/ses-creative.com\/de\/produkt\/my-first-knetaufgabenkarten-dinos\/#primaryimage","url":"https:\/\/ses-creative.com\/wp-content\/uploads\/2026\/01\/144091.jpg","contentUrl":"https:\/\/ses-creative.com\/wp-content\/uploads\/2026\/01\/144091.jpg","width":1000,"height":1000},{"@type":"BreadcrumbList","@id":"https:\/\/ses-creative.com\/de\/produkt\/my-first-knetaufgabenkarten-dinos\/#breadcrumb","itemListElement":[{"@type":"ListItem","position":1,"name":"Shop","item":"https:\/\/ses-creative.com\/de\/shop\/"},{"@type":"ListItem","position":2,"name":"Baby &amp; Kleinkind","item":"https:\/\/ses-creative.com\/de\/product-categorie\/baby-kleinkind\/"},{"@type":"ListItem","position":3,"name":"My first &#8211; Knetaufgabenkarten Dinos"}]},{"@type":"WebSite","@id":"https:\/\/ses-creative.com\/#website","url":"https:\/\/ses-creative.com\/","name":"SES Creative","description":"","publisher":{"@id":"https:\/\/ses-creative.com\/#organization"},"potentialAction":[{"@type":"SearchAction","target":{"@type":"EntryPoint","urlTemplate":"https:\/\/ses-creative.com\/?s={search_term_string}"},"query-input":{"@type":"PropertyValueSpecification","valueRequired":true,"valueName":"search_term_string"}}],"inLanguage":"de"},{"@type":"Organization","@id":"https:\/\/ses-creative.com\/#organization","name":"SES Creative","url":"https:\/\/ses-creative.com\/","logo":{"@type":"ImageObject","inLanguage":"de","@id":"https:\/\/ses-creative.com\/#\/schema\/logo\/image\/","url":"https:\/\/ses-creative.com\/wp-content\/uploads\/2025\/10\/ses-creative-logo.jpg","contentUrl":"https:\/\/ses-creative.com\/wp-content\/uploads\/2025\/10\/ses-creative-logo.jpg","width":2037,"height":2037,"caption":"SES Creative"},"image":{"@id":"https:\/\/ses-creative.com\/#\/schema\/logo\/image\/"}}]}},"_links":{"self":[{"href":"https:\/\/ses-creative.com\/de\/wp-json\/wp\/v2\/product\/114715","targetHints":{"allow":["GET"]}}],"collection":[{"href":"https:\/\/ses-creative.com\/de\/wp-json\/wp\/v2\/product"}],"about":[{"href":"https:\/\/ses-creative.com\/de\/wp-json\/wp\/v2\/types\/product"}],"replies":[{"embeddable":true,"href":"https:\/\/ses-creative.com\/de\/wp-json\/wp\/v2\/comments?post=114715"}],"wp:featuredmedia":[{"embeddable":true,"href":"https:\/\/ses-creative.com\/de\/wp-json\/wp\/v2\/media\/102856"}],"wp:attachment":[{"href":"https:\/\/ses-creative.com\/de\/wp-json\/wp\/v2\/media?parent=114715"}],"wp:term":[{"taxonomy":"product_brand","embeddable":true,"href":"https:\/\/ses-creative.com\/de\/wp-json\/wp\/v2\/product_brand?post=114715"},{"taxonomy":"product_cat","embeddable":true,"href":"https:\/\/ses-creative.com\/de\/wp-json\/wp\/v2\/product_cat?post=114715"},{"taxonomy":"product_tag","embeddable":true,"href":"https:\/\/ses-creative.com\/de\/wp-json\/wp\/v2\/product_tag?post=114715"}],"curies":[{"name":"wp","href":"https:\/\/api.w.org\/{rel}","templated":true}]}}