











{"id":114714,"date":"2026-02-05T13:52:44","date_gmt":"2026-02-05T13:52:44","guid":{"rendered":"https:\/\/ses-creative.com\/?post_type=product&#038;p=114714"},"modified":"2026-02-06T09:51:41","modified_gmt":"2026-02-06T09:51:41","slug":"my-first-knetfrisuren","status":"publish","type":"product","link":"https:\/\/ses-creative.com\/de\/produkt\/my-first-knetfrisuren\/","title":{"rendered":"My first &#8211; Knetfrisuren"},"content":{"rendered":"<p>Entfesseln Sie Ihre Kreativit\u00e4t mit dem My First \u2013 Tonfrisuren-Set!<br \/>\nMit Ton spielen und Friseur sein? Mit diesem Set ist das m\u00f6glich! Perfekt f\u00fcr kleine H\u00e4nde und gro\u00dfe Fantasien. Kreieren Sie verr\u00fcckte und tolle Frisuren mit dem kinderfreundlichen Ton. Beobachten Sie, wie Ihr Kind seine kreative Seite entdeckt und lustige Frisuren auf wiederverwendbaren Tierkarten gestaltet. Geeignet f\u00fcr Kinder ab 1 Jahr.<br \/>\nWas dieses Set so toll macht<br \/>\n&#8211;    Die sicheren Scheren schneiden durch Knete und Papier, sind aber sicher f\u00fcr Haare und Kleidung.<br \/>\n&#8211;    Die Karten sind wiederverwendbar und sorgen so f\u00fcr endlosen Spielspa\u00df<br \/>\n&#8211;    Die fr\u00f6hlichen Tierkarten sorgen immer f\u00fcr ein sch\u00f6nes Ergebnis, auf das Ihr Kind stolz sein kann<br \/>\n&#8211;    Geeignet f\u00fcr Kinder ab 1 Jahr<br \/>\n&#8211;    Der Ton ist kinderfreundlich, sicher und glutenfrei. Durch den extra salzigen Geschmack wird Ihr Kind den Ton nicht mehr essen wollen<br \/>\nBasteln und Lernen zugleich<br \/>\nVon der Verbesserung der Feinmotorik bis zur F\u00f6rderung der Hand-Augen-Koordination und des kreativen Denkens \u2013 das My First &#8211; Knete Hairstyles Set verbindet Spa\u00df mit wertvollen Lernm\u00f6glichkeiten. Schneiden Sie mit der sicheren Schere die verr\u00fccktesten Frisuren und verwenden Sie den coolen Knete-Extruder, um noch lustigere Frisuren zu kreieren. Das Set enth\u00e4lt auch Knete, die das Set vervollst\u00e4ndigt. Durch das Spielen mit Knete lernen Kinder, mit ihren H\u00e4nden zu spielen, was ihre motorischen F\u00e4higkeiten f\u00f6rdert.<br \/>\nInhalt des Sets<br \/>\n&#8211;    Knete-Extruder, um die lustigsten Frisuren zu kreieren<br \/>\n&#8211;    Kinderfreundliche Schere<br \/>\n&#8211;    Rote und blaue Knetmasse<br \/>\n&#8211;    4 wiederverwendbare Tierkarten<br \/>\nWarum SES Creative w\u00e4hlen?<br \/>\nBei SES Creative legen wir gro\u00dfen Wert auf Sicherheit. Deshalb werden die Produkte in unserer Fabrik in den Niederlanden nach den strengsten europ\u00e4ischen Sicherheitsstandards hergestellt und getestet. Spielzeug von SES Creative sorgt f\u00fcr Spa\u00df und soll Kindern ein Gef\u00fchl des Stolzes auf ihre Arbeit vermitteln, was ihre Kreativit\u00e4t und Entwicklung f\u00f6rdert.<br \/>\nBeginnen Sie noch heute mit der Gestaltung der verr\u00fccktesten Knetfrisuren!<br \/>\nMachen Sie sich bereit zum Schneiden, Formen und Stylen \u2013 das Abenteuer \u201eKnete-Frisuren\u201d wartet auf Sie!<\/p>\n","protected":false},"excerpt":{"rendered":"<p>Entfesseln Sie Ihre Kreativit\u00e4t mit dem My First \u2013 Tonfrisuren-Set! Mit Ton spielen und Friseur sein? Mit diesem Set ist das m\u00f6glich! Perfekt f\u00fcr kleine H\u00e4nde und gro\u00dfe Fantasien. Kreieren Sie verr\u00fcckte und tolle Frisuren mit dem kinderfreundlichen Ton. Beobachten Sie, wie Ihr Kind seine kreative Seite entdeckt und lustige Frisuren auf wiederverwendbaren Tierkarten gestaltet. [&hellip;]<\/p>\n","protected":false},"featured_media":102836,"comment_status":"closed","ping_status":"closed","template":"","meta":{"_acf_changed":false},"product_brand":[],"product_cat":[116],"product_tag":[],"class_list":{"0":"post-114714","1":"product","2":"type-product","3":"status-publish","4":"has-post-thumbnail","6":"product_cat-baby-kleinkind","7":"pa_leeftijd-filter-0-2-jahre","8":"pa_meest-populair-bij-jungen-maedchen","10":"first","11":"instock","12":"shipping-taxable","13":"product-type-simple"},"acf":[],"yoast_head":"<!-- This site is optimized with the Yoast SEO plugin v27.2 - https:\/\/yoast.com\/product\/yoast-seo-wordpress\/ -->\n<title>My first - Knetfrisuren - SES Creative<\/title>\n<meta name=\"robots\" content=\"index, follow, max-snippet:-1, max-image-preview:large, max-video-preview:-1\" \/>\n<link rel=\"canonical\" href=\"https:\/\/ses-creative.com\/de\/produkt\/my-first-knetfrisuren\/\" \/>\n<meta property=\"og:locale\" content=\"de_DE\" \/>\n<meta property=\"og:type\" content=\"article\" \/>\n<meta property=\"og:title\" content=\"My first - Knetfrisuren - SES Creative\" \/>\n<meta property=\"og:description\" content=\"Entfesseln Sie Ihre Kreativit\u00e4t mit dem My First \u2013 Tonfrisuren-Set! Mit Ton spielen und Friseur sein? Mit diesem Set ist das m\u00f6glich! Perfekt f\u00fcr kleine H\u00e4nde und gro\u00dfe Fantasien. Kreieren Sie verr\u00fcckte und tolle Frisuren mit dem kinderfreundlichen Ton. Beobachten Sie, wie Ihr Kind seine kreative Seite entdeckt und lustige Frisuren auf wiederverwendbaren Tierkarten gestaltet. [&hellip;]\" \/>\n<meta property=\"og:url\" content=\"https:\/\/ses-creative.com\/de\/produkt\/my-first-knetfrisuren\/\" \/>\n<meta property=\"og:site_name\" content=\"SES Creative\" \/>\n<meta property=\"article:modified_time\" content=\"2026-02-06T09:51:41+00:00\" \/>\n<meta name=\"twitter:card\" content=\"summary_large_image\" \/>\n<meta name=\"twitter:label1\" content=\"Gesch\u00e4tzte Lesezeit\" \/>\n\t<meta name=\"twitter:data1\" content=\"2\u00a0Minuten\" \/>\n<script type=\"application\/ld+json\" class=\"yoast-schema-graph\">{\"@context\":\"https:\/\/schema.org\",\"@graph\":[{\"@type\":\"WebPage\",\"@id\":\"https:\/\/ses-creative.com\/de\/produkt\/my-first-knetfrisuren\/\",\"url\":\"https:\/\/ses-creative.com\/de\/produkt\/my-first-knetfrisuren\/\",\"name\":\"My first - Knetfrisuren - SES Creative\",\"isPartOf\":{\"@id\":\"https:\/\/ses-creative.com\/#website\"},\"primaryImageOfPage\":{\"@id\":\"https:\/\/ses-creative.com\/de\/produkt\/my-first-knetfrisuren\/#primaryimage\"},\"image\":{\"@id\":\"https:\/\/ses-creative.com\/de\/produkt\/my-first-knetfrisuren\/#primaryimage\"},\"thumbnailUrl\":\"https:\/\/ses-creative.com\/wp-content\/uploads\/2026\/01\/144071.jpg\",\"datePublished\":\"2026-02-05T13:52:44+00:00\",\"dateModified\":\"2026-02-06T09:51:41+00:00\",\"breadcrumb\":{\"@id\":\"https:\/\/ses-creative.com\/de\/produkt\/my-first-knetfrisuren\/#breadcrumb\"},\"inLanguage\":\"de\",\"potentialAction\":[{\"@type\":\"ReadAction\",\"target\":[\"https:\/\/ses-creative.com\/de\/produkt\/my-first-knetfrisuren\/\"]}]},{\"@type\":\"ImageObject\",\"inLanguage\":\"de\",\"@id\":\"https:\/\/ses-creative.com\/de\/produkt\/my-first-knetfrisuren\/#primaryimage\",\"url\":\"https:\/\/ses-creative.com\/wp-content\/uploads\/2026\/01\/144071.jpg\",\"contentUrl\":\"https:\/\/ses-creative.com\/wp-content\/uploads\/2026\/01\/144071.jpg\",\"width\":1000,\"height\":1000},{\"@type\":\"BreadcrumbList\",\"@id\":\"https:\/\/ses-creative.com\/de\/produkt\/my-first-knetfrisuren\/#breadcrumb\",\"itemListElement\":[{\"@type\":\"ListItem\",\"position\":1,\"name\":\"Shop\",\"item\":\"https:\/\/ses-creative.com\/de\/shop\/\"},{\"@type\":\"ListItem\",\"position\":2,\"name\":\"Baby &amp; Kleinkind\",\"item\":\"https:\/\/ses-creative.com\/de\/product-categorie\/baby-kleinkind\/\"},{\"@type\":\"ListItem\",\"position\":3,\"name\":\"My first &#8211; Knetfrisuren\"}]},{\"@type\":\"WebSite\",\"@id\":\"https:\/\/ses-creative.com\/#website\",\"url\":\"https:\/\/ses-creative.com\/\",\"name\":\"SES Creative\",\"description\":\"\",\"publisher\":{\"@id\":\"https:\/\/ses-creative.com\/#organization\"},\"potentialAction\":[{\"@type\":\"SearchAction\",\"target\":{\"@type\":\"EntryPoint\",\"urlTemplate\":\"https:\/\/ses-creative.com\/?s={search_term_string}\"},\"query-input\":{\"@type\":\"PropertyValueSpecification\",\"valueRequired\":true,\"valueName\":\"search_term_string\"}}],\"inLanguage\":\"de\"},{\"@type\":\"Organization\",\"@id\":\"https:\/\/ses-creative.com\/#organization\",\"name\":\"SES Creative\",\"url\":\"https:\/\/ses-creative.com\/\",\"logo\":{\"@type\":\"ImageObject\",\"inLanguage\":\"de\",\"@id\":\"https:\/\/ses-creative.com\/#\/schema\/logo\/image\/\",\"url\":\"https:\/\/ses-creative.com\/wp-content\/uploads\/2025\/10\/ses-creative-logo.jpg\",\"contentUrl\":\"https:\/\/ses-creative.com\/wp-content\/uploads\/2025\/10\/ses-creative-logo.jpg\",\"width\":2037,\"height\":2037,\"caption\":\"SES Creative\"},\"image\":{\"@id\":\"https:\/\/ses-creative.com\/#\/schema\/logo\/image\/\"}}]}<\/script>\n<!-- \/ Yoast SEO plugin. -->","yoast_head_json":{"title":"My first - Knetfrisuren - SES Creative","robots":{"index":"index","follow":"follow","max-snippet":"max-snippet:-1","max-image-preview":"max-image-preview:large","max-video-preview":"max-video-preview:-1"},"canonical":"https:\/\/ses-creative.com\/de\/produkt\/my-first-knetfrisuren\/","og_locale":"de_DE","og_type":"article","og_title":"My first - Knetfrisuren - SES Creative","og_description":"Entfesseln Sie Ihre Kreativit\u00e4t mit dem My First \u2013 Tonfrisuren-Set! Mit Ton spielen und Friseur sein? Mit diesem Set ist das m\u00f6glich! Perfekt f\u00fcr kleine H\u00e4nde und gro\u00dfe Fantasien. Kreieren Sie verr\u00fcckte und tolle Frisuren mit dem kinderfreundlichen Ton. Beobachten Sie, wie Ihr Kind seine kreative Seite entdeckt und lustige Frisuren auf wiederverwendbaren Tierkarten gestaltet. [&hellip;]","og_url":"https:\/\/ses-creative.com\/de\/produkt\/my-first-knetfrisuren\/","og_site_name":"SES Creative","article_modified_time":"2026-02-06T09:51:41+00:00","twitter_card":"summary_large_image","twitter_misc":{"Gesch\u00e4tzte Lesezeit":"2\u00a0Minuten"},"schema":{"@context":"https:\/\/schema.org","@graph":[{"@type":"WebPage","@id":"https:\/\/ses-creative.com\/de\/produkt\/my-first-knetfrisuren\/","url":"https:\/\/ses-creative.com\/de\/produkt\/my-first-knetfrisuren\/","name":"My first - Knetfrisuren - SES Creative","isPartOf":{"@id":"https:\/\/ses-creative.com\/#website"},"primaryImageOfPage":{"@id":"https:\/\/ses-creative.com\/de\/produkt\/my-first-knetfrisuren\/#primaryimage"},"image":{"@id":"https:\/\/ses-creative.com\/de\/produkt\/my-first-knetfrisuren\/#primaryimage"},"thumbnailUrl":"https:\/\/ses-creative.com\/wp-content\/uploads\/2026\/01\/144071.jpg","datePublished":"2026-02-05T13:52:44+00:00","dateModified":"2026-02-06T09:51:41+00:00","breadcrumb":{"@id":"https:\/\/ses-creative.com\/de\/produkt\/my-first-knetfrisuren\/#breadcrumb"},"inLanguage":"de","potentialAction":[{"@type":"ReadAction","target":["https:\/\/ses-creative.com\/de\/produkt\/my-first-knetfrisuren\/"]}]},{"@type":"ImageObject","inLanguage":"de","@id":"https:\/\/ses-creative.com\/de\/produkt\/my-first-knetfrisuren\/#primaryimage","url":"https:\/\/ses-creative.com\/wp-content\/uploads\/2026\/01\/144071.jpg","contentUrl":"https:\/\/ses-creative.com\/wp-content\/uploads\/2026\/01\/144071.jpg","width":1000,"height":1000},{"@type":"BreadcrumbList","@id":"https:\/\/ses-creative.com\/de\/produkt\/my-first-knetfrisuren\/#breadcrumb","itemListElement":[{"@type":"ListItem","position":1,"name":"Shop","item":"https:\/\/ses-creative.com\/de\/shop\/"},{"@type":"ListItem","position":2,"name":"Baby &amp; Kleinkind","item":"https:\/\/ses-creative.com\/de\/product-categorie\/baby-kleinkind\/"},{"@type":"ListItem","position":3,"name":"My first &#8211; Knetfrisuren"}]},{"@type":"WebSite","@id":"https:\/\/ses-creative.com\/#website","url":"https:\/\/ses-creative.com\/","name":"SES Creative","description":"","publisher":{"@id":"https:\/\/ses-creative.com\/#organization"},"potentialAction":[{"@type":"SearchAction","target":{"@type":"EntryPoint","urlTemplate":"https:\/\/ses-creative.com\/?s={search_term_string}"},"query-input":{"@type":"PropertyValueSpecification","valueRequired":true,"valueName":"search_term_string"}}],"inLanguage":"de"},{"@type":"Organization","@id":"https:\/\/ses-creative.com\/#organization","name":"SES Creative","url":"https:\/\/ses-creative.com\/","logo":{"@type":"ImageObject","inLanguage":"de","@id":"https:\/\/ses-creative.com\/#\/schema\/logo\/image\/","url":"https:\/\/ses-creative.com\/wp-content\/uploads\/2025\/10\/ses-creative-logo.jpg","contentUrl":"https:\/\/ses-creative.com\/wp-content\/uploads\/2025\/10\/ses-creative-logo.jpg","width":2037,"height":2037,"caption":"SES Creative"},"image":{"@id":"https:\/\/ses-creative.com\/#\/schema\/logo\/image\/"}}]}},"_links":{"self":[{"href":"https:\/\/ses-creative.com\/de\/wp-json\/wp\/v2\/product\/114714","targetHints":{"allow":["GET"]}}],"collection":[{"href":"https:\/\/ses-creative.com\/de\/wp-json\/wp\/v2\/product"}],"about":[{"href":"https:\/\/ses-creative.com\/de\/wp-json\/wp\/v2\/types\/product"}],"replies":[{"embeddable":true,"href":"https:\/\/ses-creative.com\/de\/wp-json\/wp\/v2\/comments?post=114714"}],"wp:featuredmedia":[{"embeddable":true,"href":"https:\/\/ses-creative.com\/de\/wp-json\/wp\/v2\/media\/102836"}],"wp:attachment":[{"href":"https:\/\/ses-creative.com\/de\/wp-json\/wp\/v2\/media?parent=114714"}],"wp:term":[{"taxonomy":"product_brand","embeddable":true,"href":"https:\/\/ses-creative.com\/de\/wp-json\/wp\/v2\/product_brand?post=114714"},{"taxonomy":"product_cat","embeddable":true,"href":"https:\/\/ses-creative.com\/de\/wp-json\/wp\/v2\/product_cat?post=114714"},{"taxonomy":"product_tag","embeddable":true,"href":"https:\/\/ses-creative.com\/de\/wp-json\/wp\/v2\/product_tag?post=114714"}],"curies":[{"name":"wp","href":"https:\/\/api.w.org\/{rel}","templated":true}]}}