











{"id":114713,"date":"2026-02-05T13:52:44","date_gmt":"2026-02-05T13:52:44","guid":{"rendered":"https:\/\/ses-creative.com\/?post_type=product&#038;p=114713"},"modified":"2026-02-06T09:51:41","modified_gmt":"2026-02-06T09:51:41","slug":"meine-ersten-wachsmalstifte-tierkarten","status":"publish","type":"product","link":"https:\/\/ses-creative.com\/de\/produkt\/meine-ersten-wachsmalstifte-tierkarten\/","title":{"rendered":"Meine ersten Wachsmalstifte &#8211; Tierkarten"},"content":{"rendered":"<p>Meine ersten Kreiden \u2013 Tierkarten: Schaffe dein erstes Kunstwerk!<br \/>\nDie ersten Kunstwerke sind mit den Tierkarten von SES Creative immer ein Erfolg. Malen Sie nach Herzenslust mit den fr\u00f6hlichen Farben. Sind Sie fertig mit Basteln? Falten Sie die Karte zusammen und dank der Tierform entsteht immer ein sch\u00f6nes Ergebnis. Jedes Kind kann stolz auf seine ersten Kreationen sein! Perfekt f\u00fcr Kinder ab 1 Jahr, die ihre ersten Schritte in der Welt des kreativen Spielens und Malens machen!<br \/>\nWarum dieses Set so toll ist<br \/>\n&#8211;    Die Kreiden sind besonders robust, sodass die Spitze nicht so leicht abbricht.<br \/>\n&#8211;    Durch das Falten der Karte entsteht immer ein sch\u00f6nes Endergebnis, auf das Ihr Kind stolz sein kann.<br \/>\n&#8211; Positive erste Erfahrungen mit Basteln und kreativen T\u00e4tigkeiten<br \/>\n&#8211;    Geeignet f\u00fcr Kinder ab 1 Jahr<br \/>\n&#8211;    F\u00f6rdert die Entwicklung der Motorik und Kreativit\u00e4t<br \/>\nFr\u00f6hliche Tiere und kreatives Zeichnen<br \/>\nDieses Set ist ideal f\u00fcr kleine Kinder, die ihre ersten kreativen Schritte machen. Die Kreiden sind leicht zu halten und haben fr\u00f6hliche Farben. Es gibt keine kleinen Teile und die Kreiden sind kinderfreundlich und besonders bruchsicher. Es ist die perfekte M\u00f6glichkeit, die Kreativit\u00e4t und Feinmotorik kleiner Kinder zu f\u00f6rdern. Die Karten k\u00f6nnen auch als Kunstwerk aufgeh\u00e4ngt oder verschenkt werden!<br \/>\nInhalt des Sets<br \/>\n&#8211;    8 faltbare Tierkarten<br \/>\n&#8211;    4 verschiedene Kreiden in den Farben Gr\u00fcn, Orange, Blau und Rot<br \/>\nWarum SES Creative w\u00e4hlen?<br \/>\nBei SES Creative legen wir gro\u00dfen Wert auf Sicherheit. Deshalb werden die Produkte in der Fabrik in den Niederlanden nach den strengsten europ\u00e4ischen Sicherheitsstandards hergestellt und getestet. Spielzeug von SES Creative sorgt f\u00fcr Spa\u00df und soll Kindern erm\u00f6glichen, stolz auf ihre Arbeit zu sein, was ihre Kreativit\u00e4t und Entwicklung f\u00f6rdert.<br \/>\nBist du bereit, dein erstes Kunstwerk mit \u201eMeine ersten Kreiden\u201d zu schaffen?<br \/>\nLassen Sie die ersten Kunstwerke entstehen und genie\u00dfen Sie gemeinsam kreativen Spielspa\u00df. Worauf warten Sie noch? Fangen Sie noch heute mit dem Malen an!<\/p>\n","protected":false},"excerpt":{"rendered":"<p>Meine ersten Kreiden \u2013 Tierkarten: Schaffe dein erstes Kunstwerk! Die ersten Kunstwerke sind mit den Tierkarten von SES Creative immer ein Erfolg. Malen Sie nach Herzenslust mit den fr\u00f6hlichen Farben. Sind Sie fertig mit Basteln? Falten Sie die Karte zusammen und dank der Tierform entsteht immer ein sch\u00f6nes Ergebnis. Jedes Kind kann stolz auf seine [&hellip;]<\/p>\n","protected":false},"featured_media":102816,"comment_status":"closed","ping_status":"closed","template":"","meta":{"_acf_changed":false},"product_brand":[],"product_cat":[116],"product_tag":[],"class_list":{"0":"post-114713","1":"product","2":"type-product","3":"status-publish","4":"has-post-thumbnail","6":"product_cat-baby-kleinkind","7":"pa_leeftijd-filter-0-2-jahre","8":"pa_meest-populair-bij-jungen-maedchen","10":"first","11":"instock","12":"shipping-taxable","13":"product-type-simple"},"acf":[],"yoast_head":"<!-- This site is optimized with the Yoast SEO plugin v27.2 - https:\/\/yoast.com\/product\/yoast-seo-wordpress\/ -->\n<title>Meine ersten Wachsmalstifte - Tierkarten - SES Creative<\/title>\n<meta name=\"robots\" content=\"index, follow, max-snippet:-1, max-image-preview:large, max-video-preview:-1\" \/>\n<link rel=\"canonical\" href=\"https:\/\/ses-creative.com\/de\/produkt\/meine-ersten-wachsmalstifte-tierkarten\/\" \/>\n<meta property=\"og:locale\" content=\"de_DE\" \/>\n<meta property=\"og:type\" content=\"article\" \/>\n<meta property=\"og:title\" content=\"Meine ersten Wachsmalstifte - Tierkarten - SES Creative\" \/>\n<meta property=\"og:description\" content=\"Meine ersten Kreiden \u2013 Tierkarten: Schaffe dein erstes Kunstwerk! Die ersten Kunstwerke sind mit den Tierkarten von SES Creative immer ein Erfolg. Malen Sie nach Herzenslust mit den fr\u00f6hlichen Farben. Sind Sie fertig mit Basteln? Falten Sie die Karte zusammen und dank der Tierform entsteht immer ein sch\u00f6nes Ergebnis. Jedes Kind kann stolz auf seine [&hellip;]\" \/>\n<meta property=\"og:url\" content=\"https:\/\/ses-creative.com\/de\/produkt\/meine-ersten-wachsmalstifte-tierkarten\/\" \/>\n<meta property=\"og:site_name\" content=\"SES Creative\" \/>\n<meta property=\"article:modified_time\" content=\"2026-02-06T09:51:41+00:00\" \/>\n<meta name=\"twitter:card\" content=\"summary_large_image\" \/>\n<meta name=\"twitter:label1\" content=\"Gesch\u00e4tzte Lesezeit\" \/>\n\t<meta name=\"twitter:data1\" content=\"2\u00a0Minuten\" \/>\n<script type=\"application\/ld+json\" class=\"yoast-schema-graph\">{\"@context\":\"https:\/\/schema.org\",\"@graph\":[{\"@type\":\"WebPage\",\"@id\":\"https:\/\/ses-creative.com\/de\/produkt\/meine-ersten-wachsmalstifte-tierkarten\/\",\"url\":\"https:\/\/ses-creative.com\/de\/produkt\/meine-ersten-wachsmalstifte-tierkarten\/\",\"name\":\"Meine ersten Wachsmalstifte - Tierkarten - SES Creative\",\"isPartOf\":{\"@id\":\"https:\/\/ses-creative.com\/#website\"},\"primaryImageOfPage\":{\"@id\":\"https:\/\/ses-creative.com\/de\/produkt\/meine-ersten-wachsmalstifte-tierkarten\/#primaryimage\"},\"image\":{\"@id\":\"https:\/\/ses-creative.com\/de\/produkt\/meine-ersten-wachsmalstifte-tierkarten\/#primaryimage\"},\"thumbnailUrl\":\"https:\/\/ses-creative.com\/wp-content\/uploads\/2026\/01\/144041.jpg\",\"datePublished\":\"2026-02-05T13:52:44+00:00\",\"dateModified\":\"2026-02-06T09:51:41+00:00\",\"breadcrumb\":{\"@id\":\"https:\/\/ses-creative.com\/de\/produkt\/meine-ersten-wachsmalstifte-tierkarten\/#breadcrumb\"},\"inLanguage\":\"de\",\"potentialAction\":[{\"@type\":\"ReadAction\",\"target\":[\"https:\/\/ses-creative.com\/de\/produkt\/meine-ersten-wachsmalstifte-tierkarten\/\"]}]},{\"@type\":\"ImageObject\",\"inLanguage\":\"de\",\"@id\":\"https:\/\/ses-creative.com\/de\/produkt\/meine-ersten-wachsmalstifte-tierkarten\/#primaryimage\",\"url\":\"https:\/\/ses-creative.com\/wp-content\/uploads\/2026\/01\/144041.jpg\",\"contentUrl\":\"https:\/\/ses-creative.com\/wp-content\/uploads\/2026\/01\/144041.jpg\",\"width\":1000,\"height\":1000},{\"@type\":\"BreadcrumbList\",\"@id\":\"https:\/\/ses-creative.com\/de\/produkt\/meine-ersten-wachsmalstifte-tierkarten\/#breadcrumb\",\"itemListElement\":[{\"@type\":\"ListItem\",\"position\":1,\"name\":\"Shop\",\"item\":\"https:\/\/ses-creative.com\/de\/shop\/\"},{\"@type\":\"ListItem\",\"position\":2,\"name\":\"Baby &amp; Kleinkind\",\"item\":\"https:\/\/ses-creative.com\/de\/product-categorie\/baby-kleinkind\/\"},{\"@type\":\"ListItem\",\"position\":3,\"name\":\"Meine ersten Wachsmalstifte &#8211; Tierkarten\"}]},{\"@type\":\"WebSite\",\"@id\":\"https:\/\/ses-creative.com\/#website\",\"url\":\"https:\/\/ses-creative.com\/\",\"name\":\"SES Creative\",\"description\":\"\",\"publisher\":{\"@id\":\"https:\/\/ses-creative.com\/#organization\"},\"potentialAction\":[{\"@type\":\"SearchAction\",\"target\":{\"@type\":\"EntryPoint\",\"urlTemplate\":\"https:\/\/ses-creative.com\/?s={search_term_string}\"},\"query-input\":{\"@type\":\"PropertyValueSpecification\",\"valueRequired\":true,\"valueName\":\"search_term_string\"}}],\"inLanguage\":\"de\"},{\"@type\":\"Organization\",\"@id\":\"https:\/\/ses-creative.com\/#organization\",\"name\":\"SES Creative\",\"url\":\"https:\/\/ses-creative.com\/\",\"logo\":{\"@type\":\"ImageObject\",\"inLanguage\":\"de\",\"@id\":\"https:\/\/ses-creative.com\/#\/schema\/logo\/image\/\",\"url\":\"https:\/\/ses-creative.com\/wp-content\/uploads\/2025\/10\/ses-creative-logo.jpg\",\"contentUrl\":\"https:\/\/ses-creative.com\/wp-content\/uploads\/2025\/10\/ses-creative-logo.jpg\",\"width\":2037,\"height\":2037,\"caption\":\"SES Creative\"},\"image\":{\"@id\":\"https:\/\/ses-creative.com\/#\/schema\/logo\/image\/\"}}]}<\/script>\n<!-- \/ Yoast SEO plugin. -->","yoast_head_json":{"title":"Meine ersten Wachsmalstifte - Tierkarten - SES Creative","robots":{"index":"index","follow":"follow","max-snippet":"max-snippet:-1","max-image-preview":"max-image-preview:large","max-video-preview":"max-video-preview:-1"},"canonical":"https:\/\/ses-creative.com\/de\/produkt\/meine-ersten-wachsmalstifte-tierkarten\/","og_locale":"de_DE","og_type":"article","og_title":"Meine ersten Wachsmalstifte - Tierkarten - SES Creative","og_description":"Meine ersten Kreiden \u2013 Tierkarten: Schaffe dein erstes Kunstwerk! Die ersten Kunstwerke sind mit den Tierkarten von SES Creative immer ein Erfolg. Malen Sie nach Herzenslust mit den fr\u00f6hlichen Farben. Sind Sie fertig mit Basteln? Falten Sie die Karte zusammen und dank der Tierform entsteht immer ein sch\u00f6nes Ergebnis. Jedes Kind kann stolz auf seine [&hellip;]","og_url":"https:\/\/ses-creative.com\/de\/produkt\/meine-ersten-wachsmalstifte-tierkarten\/","og_site_name":"SES Creative","article_modified_time":"2026-02-06T09:51:41+00:00","twitter_card":"summary_large_image","twitter_misc":{"Gesch\u00e4tzte Lesezeit":"2\u00a0Minuten"},"schema":{"@context":"https:\/\/schema.org","@graph":[{"@type":"WebPage","@id":"https:\/\/ses-creative.com\/de\/produkt\/meine-ersten-wachsmalstifte-tierkarten\/","url":"https:\/\/ses-creative.com\/de\/produkt\/meine-ersten-wachsmalstifte-tierkarten\/","name":"Meine ersten Wachsmalstifte - Tierkarten - SES Creative","isPartOf":{"@id":"https:\/\/ses-creative.com\/#website"},"primaryImageOfPage":{"@id":"https:\/\/ses-creative.com\/de\/produkt\/meine-ersten-wachsmalstifte-tierkarten\/#primaryimage"},"image":{"@id":"https:\/\/ses-creative.com\/de\/produkt\/meine-ersten-wachsmalstifte-tierkarten\/#primaryimage"},"thumbnailUrl":"https:\/\/ses-creative.com\/wp-content\/uploads\/2026\/01\/144041.jpg","datePublished":"2026-02-05T13:52:44+00:00","dateModified":"2026-02-06T09:51:41+00:00","breadcrumb":{"@id":"https:\/\/ses-creative.com\/de\/produkt\/meine-ersten-wachsmalstifte-tierkarten\/#breadcrumb"},"inLanguage":"de","potentialAction":[{"@type":"ReadAction","target":["https:\/\/ses-creative.com\/de\/produkt\/meine-ersten-wachsmalstifte-tierkarten\/"]}]},{"@type":"ImageObject","inLanguage":"de","@id":"https:\/\/ses-creative.com\/de\/produkt\/meine-ersten-wachsmalstifte-tierkarten\/#primaryimage","url":"https:\/\/ses-creative.com\/wp-content\/uploads\/2026\/01\/144041.jpg","contentUrl":"https:\/\/ses-creative.com\/wp-content\/uploads\/2026\/01\/144041.jpg","width":1000,"height":1000},{"@type":"BreadcrumbList","@id":"https:\/\/ses-creative.com\/de\/produkt\/meine-ersten-wachsmalstifte-tierkarten\/#breadcrumb","itemListElement":[{"@type":"ListItem","position":1,"name":"Shop","item":"https:\/\/ses-creative.com\/de\/shop\/"},{"@type":"ListItem","position":2,"name":"Baby &amp; Kleinkind","item":"https:\/\/ses-creative.com\/de\/product-categorie\/baby-kleinkind\/"},{"@type":"ListItem","position":3,"name":"Meine ersten Wachsmalstifte &#8211; Tierkarten"}]},{"@type":"WebSite","@id":"https:\/\/ses-creative.com\/#website","url":"https:\/\/ses-creative.com\/","name":"SES Creative","description":"","publisher":{"@id":"https:\/\/ses-creative.com\/#organization"},"potentialAction":[{"@type":"SearchAction","target":{"@type":"EntryPoint","urlTemplate":"https:\/\/ses-creative.com\/?s={search_term_string}"},"query-input":{"@type":"PropertyValueSpecification","valueRequired":true,"valueName":"search_term_string"}}],"inLanguage":"de"},{"@type":"Organization","@id":"https:\/\/ses-creative.com\/#organization","name":"SES Creative","url":"https:\/\/ses-creative.com\/","logo":{"@type":"ImageObject","inLanguage":"de","@id":"https:\/\/ses-creative.com\/#\/schema\/logo\/image\/","url":"https:\/\/ses-creative.com\/wp-content\/uploads\/2025\/10\/ses-creative-logo.jpg","contentUrl":"https:\/\/ses-creative.com\/wp-content\/uploads\/2025\/10\/ses-creative-logo.jpg","width":2037,"height":2037,"caption":"SES Creative"},"image":{"@id":"https:\/\/ses-creative.com\/#\/schema\/logo\/image\/"}}]}},"_links":{"self":[{"href":"https:\/\/ses-creative.com\/de\/wp-json\/wp\/v2\/product\/114713","targetHints":{"allow":["GET"]}}],"collection":[{"href":"https:\/\/ses-creative.com\/de\/wp-json\/wp\/v2\/product"}],"about":[{"href":"https:\/\/ses-creative.com\/de\/wp-json\/wp\/v2\/types\/product"}],"replies":[{"embeddable":true,"href":"https:\/\/ses-creative.com\/de\/wp-json\/wp\/v2\/comments?post=114713"}],"wp:featuredmedia":[{"embeddable":true,"href":"https:\/\/ses-creative.com\/de\/wp-json\/wp\/v2\/media\/102816"}],"wp:attachment":[{"href":"https:\/\/ses-creative.com\/de\/wp-json\/wp\/v2\/media?parent=114713"}],"wp:term":[{"taxonomy":"product_brand","embeddable":true,"href":"https:\/\/ses-creative.com\/de\/wp-json\/wp\/v2\/product_brand?post=114713"},{"taxonomy":"product_cat","embeddable":true,"href":"https:\/\/ses-creative.com\/de\/wp-json\/wp\/v2\/product_cat?post=114713"},{"taxonomy":"product_tag","embeddable":true,"href":"https:\/\/ses-creative.com\/de\/wp-json\/wp\/v2\/product_tag?post=114713"}],"curies":[{"name":"wp","href":"https:\/\/api.w.org\/{rel}","templated":true}]}}