











{"id":114712,"date":"2026-02-05T13:52:44","date_gmt":"2026-02-05T13:52:44","guid":{"rendered":"https:\/\/ses-creative.com\/?post_type=product&#038;p=114712"},"modified":"2026-02-06T09:51:41","modified_gmt":"2026-02-06T09:51:41","slug":"my-first-tierschwaenze-kleben","status":"publish","type":"product","link":"https:\/\/ses-creative.com\/de\/produkt\/my-first-tierschwaenze-kleben\/","title":{"rendered":"My first &#8211; Tierschw\u00e4nze kleben"},"content":{"rendered":"<p>Tierschw\u00e4nze aufkleben: Hilf den Tieren, ihre Schw\u00e4nze wiederzufinden!<br \/>\nDie Tiere haben ihre Schw\u00e4nze verloren &#8230; Kannst du ihnen helfen? Mit dem Set \u201eMy First \u2013 Tierschw\u00e4nze aufkleben\u201d von SES Creative k\u00f6nnen die Kleinsten auf spielerische und lehrreiche Weise entdecken, welcher Schwanz zu welchem Tier geh\u00f6rt. W\u00e4hle eine Karte mit einem Tier und suche den passenden Schwanz. Klebe den Schwanz an die richtige Stelle und sieh zu, wie das Tier wieder komplett wird! Dieses fr\u00f6hliche Spiel f\u00f6rdert die motorischen F\u00e4higkeiten und das Tierwissen von kleinen Kindern.<br \/>\nWarum dieses Set so toll ist<br \/>\n&#8211;    F\u00f6rdert die Entwicklung und Feinmotorik<br \/>\n&#8211;    Lernen, Tiere zu erkennen<br \/>\n&#8211;    Ein unterhaltsames und lehrreiches Spiel, das Sie gemeinsam mit Ihrem Kind spielen k\u00f6nnen<br \/>\n&#8211;    Geeignet f\u00fcr Kinder ab 1 Jahr, keine Kleinteile<br \/>\n&#8211;    Der Kleber ist kinderfreundlich und sicher in der Anwendung<br \/>\nLehrreich und spielerisch entdecken<br \/>\nKinder lernen spielerisch verschiedene Tiere und ihre Schw\u00e4nze kennen, indem sie den richtigen Schwanz auf das richtige Tier kleben. Die farbenfrohen Tierkarten sind speziell f\u00fcr kleine H\u00e4nde konzipiert und die Schw\u00e4nze lassen sich mit dem mitgelieferten Fingerkleber leicht ankleben. Dieses Spiel bietet eine gro\u00dfartige Kombination aus Spa\u00df und Lernen und ist ideal f\u00fcr Kinder ab 1 Jahr.<br \/>\nInhalt des Sets<br \/>\n&#8211;    14 Karten mit Tieren<br \/>\n&#8211;    14 einzelne Tierschw\u00e4nze<br \/>\n&#8211;    Fingerkleber<br \/>\nWarum SES Creative w\u00e4hlen?<br \/>\nBei SES Creative legen wir gro\u00dfen Wert auf Sicherheit. Deshalb werden die Produkte in unserer Fabrik in den Niederlanden nach den strengsten europ\u00e4ischen Sicherheitsnormen hergestellt und getestet. Spielzeug von SES Creative sorgt f\u00fcr Spa\u00df und soll Kindern ein Gef\u00fchl der Stolz auf ihre Arbeit vermitteln, was ihre Kreativit\u00e4t und Entwicklung f\u00f6rdert.<br \/>\nBereit, den Tieren zu helfen?<br \/>\nHelfen Sie den Tieren, ihre Schw\u00e4nze wiederzufinden, mit dem Set \u201eMy First \u2013 Tierschw\u00e4nze aufkleben\u201c. Worauf warten Sie noch? Beginnen Sie noch heute mit diesem lustigen Tierabenteuer!<\/p>\n","protected":false},"excerpt":{"rendered":"<p>Tierschw\u00e4nze aufkleben: Hilf den Tieren, ihre Schw\u00e4nze wiederzufinden! Die Tiere haben ihre Schw\u00e4nze verloren &#8230; Kannst du ihnen helfen? Mit dem Set \u201eMy First \u2013 Tierschw\u00e4nze aufkleben\u201d von SES Creative k\u00f6nnen die Kleinsten auf spielerische und lehrreiche Weise entdecken, welcher Schwanz zu welchem Tier geh\u00f6rt. W\u00e4hle eine Karte mit einem Tier und suche den passenden [&hellip;]<\/p>\n","protected":false},"featured_media":102796,"comment_status":"closed","ping_status":"closed","template":"","meta":{"_acf_changed":false},"product_brand":[],"product_cat":[116],"product_tag":[],"class_list":{"0":"post-114712","1":"product","2":"type-product","3":"status-publish","4":"has-post-thumbnail","6":"product_cat-baby-kleinkind","7":"pa_leeftijd-filter-0-2-jahre","8":"pa_meest-populair-bij-jungen-maedchen","10":"first","11":"instock","12":"shipping-taxable","13":"product-type-simple"},"acf":[],"yoast_head":"<!-- This site is optimized with the Yoast SEO plugin v27.2 - https:\/\/yoast.com\/product\/yoast-seo-wordpress\/ -->\n<title>My first - Tierschw\u00e4nze kleben - SES Creative<\/title>\n<meta name=\"robots\" content=\"index, follow, max-snippet:-1, max-image-preview:large, max-video-preview:-1\" \/>\n<link rel=\"canonical\" href=\"https:\/\/ses-creative.com\/de\/produkt\/my-first-tierschwaenze-kleben\/\" \/>\n<meta property=\"og:locale\" content=\"de_DE\" \/>\n<meta property=\"og:type\" content=\"article\" \/>\n<meta property=\"og:title\" content=\"My first - Tierschw\u00e4nze kleben - SES Creative\" \/>\n<meta property=\"og:description\" content=\"Tierschw\u00e4nze aufkleben: Hilf den Tieren, ihre Schw\u00e4nze wiederzufinden! Die Tiere haben ihre Schw\u00e4nze verloren &#8230; Kannst du ihnen helfen? Mit dem Set \u201eMy First \u2013 Tierschw\u00e4nze aufkleben\u201d von SES Creative k\u00f6nnen die Kleinsten auf spielerische und lehrreiche Weise entdecken, welcher Schwanz zu welchem Tier geh\u00f6rt. W\u00e4hle eine Karte mit einem Tier und suche den passenden [&hellip;]\" \/>\n<meta property=\"og:url\" content=\"https:\/\/ses-creative.com\/de\/produkt\/my-first-tierschwaenze-kleben\/\" \/>\n<meta property=\"og:site_name\" content=\"SES Creative\" \/>\n<meta property=\"article:modified_time\" content=\"2026-02-06T09:51:41+00:00\" \/>\n<meta name=\"twitter:card\" content=\"summary_large_image\" \/>\n<meta name=\"twitter:label1\" content=\"Gesch\u00e4tzte Lesezeit\" \/>\n\t<meta name=\"twitter:data1\" content=\"2\u00a0Minuten\" \/>\n<script type=\"application\/ld+json\" class=\"yoast-schema-graph\">{\"@context\":\"https:\/\/schema.org\",\"@graph\":[{\"@type\":\"WebPage\",\"@id\":\"https:\/\/ses-creative.com\/de\/produkt\/my-first-tierschwaenze-kleben\/\",\"url\":\"https:\/\/ses-creative.com\/de\/produkt\/my-first-tierschwaenze-kleben\/\",\"name\":\"My first - Tierschw\u00e4nze kleben - SES Creative\",\"isPartOf\":{\"@id\":\"https:\/\/ses-creative.com\/#website\"},\"primaryImageOfPage\":{\"@id\":\"https:\/\/ses-creative.com\/de\/produkt\/my-first-tierschwaenze-kleben\/#primaryimage\"},\"image\":{\"@id\":\"https:\/\/ses-creative.com\/de\/produkt\/my-first-tierschwaenze-kleben\/#primaryimage\"},\"thumbnailUrl\":\"https:\/\/ses-creative.com\/wp-content\/uploads\/2026\/01\/144031.jpg\",\"datePublished\":\"2026-02-05T13:52:44+00:00\",\"dateModified\":\"2026-02-06T09:51:41+00:00\",\"breadcrumb\":{\"@id\":\"https:\/\/ses-creative.com\/de\/produkt\/my-first-tierschwaenze-kleben\/#breadcrumb\"},\"inLanguage\":\"de\",\"potentialAction\":[{\"@type\":\"ReadAction\",\"target\":[\"https:\/\/ses-creative.com\/de\/produkt\/my-first-tierschwaenze-kleben\/\"]}]},{\"@type\":\"ImageObject\",\"inLanguage\":\"de\",\"@id\":\"https:\/\/ses-creative.com\/de\/produkt\/my-first-tierschwaenze-kleben\/#primaryimage\",\"url\":\"https:\/\/ses-creative.com\/wp-content\/uploads\/2026\/01\/144031.jpg\",\"contentUrl\":\"https:\/\/ses-creative.com\/wp-content\/uploads\/2026\/01\/144031.jpg\",\"width\":1000,\"height\":1000},{\"@type\":\"BreadcrumbList\",\"@id\":\"https:\/\/ses-creative.com\/de\/produkt\/my-first-tierschwaenze-kleben\/#breadcrumb\",\"itemListElement\":[{\"@type\":\"ListItem\",\"position\":1,\"name\":\"Shop\",\"item\":\"https:\/\/ses-creative.com\/de\/shop\/\"},{\"@type\":\"ListItem\",\"position\":2,\"name\":\"Baby &amp; Kleinkind\",\"item\":\"https:\/\/ses-creative.com\/de\/product-categorie\/baby-kleinkind\/\"},{\"@type\":\"ListItem\",\"position\":3,\"name\":\"My first &#8211; Tierschw\u00e4nze kleben\"}]},{\"@type\":\"WebSite\",\"@id\":\"https:\/\/ses-creative.com\/#website\",\"url\":\"https:\/\/ses-creative.com\/\",\"name\":\"SES Creative\",\"description\":\"\",\"publisher\":{\"@id\":\"https:\/\/ses-creative.com\/#organization\"},\"potentialAction\":[{\"@type\":\"SearchAction\",\"target\":{\"@type\":\"EntryPoint\",\"urlTemplate\":\"https:\/\/ses-creative.com\/?s={search_term_string}\"},\"query-input\":{\"@type\":\"PropertyValueSpecification\",\"valueRequired\":true,\"valueName\":\"search_term_string\"}}],\"inLanguage\":\"de\"},{\"@type\":\"Organization\",\"@id\":\"https:\/\/ses-creative.com\/#organization\",\"name\":\"SES Creative\",\"url\":\"https:\/\/ses-creative.com\/\",\"logo\":{\"@type\":\"ImageObject\",\"inLanguage\":\"de\",\"@id\":\"https:\/\/ses-creative.com\/#\/schema\/logo\/image\/\",\"url\":\"https:\/\/ses-creative.com\/wp-content\/uploads\/2025\/10\/ses-creative-logo.jpg\",\"contentUrl\":\"https:\/\/ses-creative.com\/wp-content\/uploads\/2025\/10\/ses-creative-logo.jpg\",\"width\":2037,\"height\":2037,\"caption\":\"SES Creative\"},\"image\":{\"@id\":\"https:\/\/ses-creative.com\/#\/schema\/logo\/image\/\"}}]}<\/script>\n<!-- \/ Yoast SEO plugin. -->","yoast_head_json":{"title":"My first - Tierschw\u00e4nze kleben - SES Creative","robots":{"index":"index","follow":"follow","max-snippet":"max-snippet:-1","max-image-preview":"max-image-preview:large","max-video-preview":"max-video-preview:-1"},"canonical":"https:\/\/ses-creative.com\/de\/produkt\/my-first-tierschwaenze-kleben\/","og_locale":"de_DE","og_type":"article","og_title":"My first - Tierschw\u00e4nze kleben - SES Creative","og_description":"Tierschw\u00e4nze aufkleben: Hilf den Tieren, ihre Schw\u00e4nze wiederzufinden! Die Tiere haben ihre Schw\u00e4nze verloren &#8230; Kannst du ihnen helfen? Mit dem Set \u201eMy First \u2013 Tierschw\u00e4nze aufkleben\u201d von SES Creative k\u00f6nnen die Kleinsten auf spielerische und lehrreiche Weise entdecken, welcher Schwanz zu welchem Tier geh\u00f6rt. W\u00e4hle eine Karte mit einem Tier und suche den passenden [&hellip;]","og_url":"https:\/\/ses-creative.com\/de\/produkt\/my-first-tierschwaenze-kleben\/","og_site_name":"SES Creative","article_modified_time":"2026-02-06T09:51:41+00:00","twitter_card":"summary_large_image","twitter_misc":{"Gesch\u00e4tzte Lesezeit":"2\u00a0Minuten"},"schema":{"@context":"https:\/\/schema.org","@graph":[{"@type":"WebPage","@id":"https:\/\/ses-creative.com\/de\/produkt\/my-first-tierschwaenze-kleben\/","url":"https:\/\/ses-creative.com\/de\/produkt\/my-first-tierschwaenze-kleben\/","name":"My first - Tierschw\u00e4nze kleben - SES Creative","isPartOf":{"@id":"https:\/\/ses-creative.com\/#website"},"primaryImageOfPage":{"@id":"https:\/\/ses-creative.com\/de\/produkt\/my-first-tierschwaenze-kleben\/#primaryimage"},"image":{"@id":"https:\/\/ses-creative.com\/de\/produkt\/my-first-tierschwaenze-kleben\/#primaryimage"},"thumbnailUrl":"https:\/\/ses-creative.com\/wp-content\/uploads\/2026\/01\/144031.jpg","datePublished":"2026-02-05T13:52:44+00:00","dateModified":"2026-02-06T09:51:41+00:00","breadcrumb":{"@id":"https:\/\/ses-creative.com\/de\/produkt\/my-first-tierschwaenze-kleben\/#breadcrumb"},"inLanguage":"de","potentialAction":[{"@type":"ReadAction","target":["https:\/\/ses-creative.com\/de\/produkt\/my-first-tierschwaenze-kleben\/"]}]},{"@type":"ImageObject","inLanguage":"de","@id":"https:\/\/ses-creative.com\/de\/produkt\/my-first-tierschwaenze-kleben\/#primaryimage","url":"https:\/\/ses-creative.com\/wp-content\/uploads\/2026\/01\/144031.jpg","contentUrl":"https:\/\/ses-creative.com\/wp-content\/uploads\/2026\/01\/144031.jpg","width":1000,"height":1000},{"@type":"BreadcrumbList","@id":"https:\/\/ses-creative.com\/de\/produkt\/my-first-tierschwaenze-kleben\/#breadcrumb","itemListElement":[{"@type":"ListItem","position":1,"name":"Shop","item":"https:\/\/ses-creative.com\/de\/shop\/"},{"@type":"ListItem","position":2,"name":"Baby &amp; Kleinkind","item":"https:\/\/ses-creative.com\/de\/product-categorie\/baby-kleinkind\/"},{"@type":"ListItem","position":3,"name":"My first &#8211; Tierschw\u00e4nze kleben"}]},{"@type":"WebSite","@id":"https:\/\/ses-creative.com\/#website","url":"https:\/\/ses-creative.com\/","name":"SES Creative","description":"","publisher":{"@id":"https:\/\/ses-creative.com\/#organization"},"potentialAction":[{"@type":"SearchAction","target":{"@type":"EntryPoint","urlTemplate":"https:\/\/ses-creative.com\/?s={search_term_string}"},"query-input":{"@type":"PropertyValueSpecification","valueRequired":true,"valueName":"search_term_string"}}],"inLanguage":"de"},{"@type":"Organization","@id":"https:\/\/ses-creative.com\/#organization","name":"SES Creative","url":"https:\/\/ses-creative.com\/","logo":{"@type":"ImageObject","inLanguage":"de","@id":"https:\/\/ses-creative.com\/#\/schema\/logo\/image\/","url":"https:\/\/ses-creative.com\/wp-content\/uploads\/2025\/10\/ses-creative-logo.jpg","contentUrl":"https:\/\/ses-creative.com\/wp-content\/uploads\/2025\/10\/ses-creative-logo.jpg","width":2037,"height":2037,"caption":"SES Creative"},"image":{"@id":"https:\/\/ses-creative.com\/#\/schema\/logo\/image\/"}}]}},"_links":{"self":[{"href":"https:\/\/ses-creative.com\/de\/wp-json\/wp\/v2\/product\/114712","targetHints":{"allow":["GET"]}}],"collection":[{"href":"https:\/\/ses-creative.com\/de\/wp-json\/wp\/v2\/product"}],"about":[{"href":"https:\/\/ses-creative.com\/de\/wp-json\/wp\/v2\/types\/product"}],"replies":[{"embeddable":true,"href":"https:\/\/ses-creative.com\/de\/wp-json\/wp\/v2\/comments?post=114712"}],"wp:featuredmedia":[{"embeddable":true,"href":"https:\/\/ses-creative.com\/de\/wp-json\/wp\/v2\/media\/102796"}],"wp:attachment":[{"href":"https:\/\/ses-creative.com\/de\/wp-json\/wp\/v2\/media?parent=114712"}],"wp:term":[{"taxonomy":"product_brand","embeddable":true,"href":"https:\/\/ses-creative.com\/de\/wp-json\/wp\/v2\/product_brand?post=114712"},{"taxonomy":"product_cat","embeddable":true,"href":"https:\/\/ses-creative.com\/de\/wp-json\/wp\/v2\/product_cat?post=114712"},{"taxonomy":"product_tag","embeddable":true,"href":"https:\/\/ses-creative.com\/de\/wp-json\/wp\/v2\/product_tag?post=114712"}],"curies":[{"name":"wp","href":"https:\/\/api.w.org\/{rel}","templated":true}]}}