











{"id":114711,"date":"2026-02-05T13:52:44","date_gmt":"2026-02-05T13:52:44","guid":{"rendered":"https:\/\/ses-creative.com\/?post_type=product&#038;p=114711"},"modified":"2026-02-06T09:51:41","modified_gmt":"2026-02-06T09:51:41","slug":"my-first-wo-lebe-ich-tieraufkleber","status":"publish","type":"product","link":"https:\/\/ses-creative.com\/de\/produkt\/my-first-wo-lebe-ich-tieraufkleber\/","title":{"rendered":"My first &#8211; Wo lebe ich? Tieraufkleber"},"content":{"rendered":"<p>Entdecke, wo Tiere leben, und lerne spielerisch!<br \/>\nWo lebt ein B\u00e4r? Oder eine Kuh? Mit dem Set \u201eMy First \u2013 Wo wohne ich? Tieraufkleber\u201c von SES Creative entdecken kleine Kinder spielerisch, wo verschiedene Tiere leben. Jede Karte zeigt einen anderen Lebensraum der Tiere. Finde die Tiere, die zum richtigen Lebensraum passen, und klebe sie auf die Karte. Dieses Set wurde speziell f\u00fcr Kinder ab 1 Jahr entwickelt und bietet eine unterhaltsame und lehrreiche M\u00f6glichkeit, Tiere und ihren Lebensraum kennenzulernen.<br \/>\nWas dieses Set so toll macht<br \/>\n&#8211;    Eine unterhaltsame Aktivit\u00e4t f\u00fcr kleine Kinder, um Tiere und ihren Lebensraum zu entdecken<br \/>\n&#8211;    F\u00f6rdert die Neugierde, Tiere zu entdecken<br \/>\n&#8211;    F\u00f6rdert die Motorik durch das Aufkleben der Tiere an die richtige Stelle<br \/>\n&#8211;    Perfekt f\u00fcr lehrreiche Spielmomente mit Ihrem Kind<br \/>\n&#8211;    Geeignet f\u00fcr Kinder ab 1 Jahr, keine Kleinteile<br \/>\nLernen und Spielen mit Tieren und ihrem Lebensraum<br \/>\nMit diesem Set k\u00f6nnen Kinder auf spielerische Weise lernen, wo verschiedene Tiere leben. Das Set enth\u00e4lt fr\u00f6hliche, farbenfrohe Illustrationen, die Kindern helfen, die Tiere zu erkennen und ihren richtigen Lebensraum zu finden. Die Tiere k\u00f6nnen mit dem mitgelieferten Kleber an der richtigen Stelle aufgeklebt werden. Das Aufkleben f\u00f6rdert auch die Entwicklung der Motorik. Der Kleber ist kinderfreundlich und sicher in der Anwendung.<br \/>\nInhalt des Sets<br \/>\n&#8211;    6 Karten mit Tieren und ihren Lebensr\u00e4umen<br \/>\n&#8211;    18 Tierfiguren<br \/>\n&#8211;    Fingerleim<br \/>\nWarum SES Creative w\u00e4hlen?<br \/>\nBei SES Creative legen wir gro\u00dfen Wert auf Sicherheit. Deshalb werden die Produkte in unserer Fabrik in den Niederlanden nach den strengsten europ\u00e4ischen Sicherheitsnormen hergestellt und getestet. Spielzeug von SES Creative sorgt f\u00fcr Spa\u00df und soll Kindern ein Gef\u00fchl der Stolz auf ihre Arbeit vermitteln, was ihre Kreativit\u00e4t und Entwicklung f\u00f6rdert.<br \/>\nBegeben Sie sich noch heute auf ein Abenteuer mit den Tieren!<br \/>\nMit dem Set \u201eMy First \u2013 Wo wohne ich? Tieraufkleber\u201c k\u00f6nnen Kinder auf unterhaltsame und lehrreiche Weise entdecken, wo verschiedene Tiere leben. Lasst die Entdeckungsreise beginnen!<\/p>\n","protected":false},"excerpt":{"rendered":"<p>Entdecke, wo Tiere leben, und lerne spielerisch! Wo lebt ein B\u00e4r? Oder eine Kuh? Mit dem Set \u201eMy First \u2013 Wo wohne ich? Tieraufkleber\u201c von SES Creative entdecken kleine Kinder spielerisch, wo verschiedene Tiere leben. Jede Karte zeigt einen anderen Lebensraum der Tiere. Finde die Tiere, die zum richtigen Lebensraum passen, und klebe sie auf [&hellip;]<\/p>\n","protected":false},"featured_media":102776,"comment_status":"closed","ping_status":"closed","template":"","meta":{"_acf_changed":false},"product_brand":[],"product_cat":[116],"product_tag":[],"class_list":{"0":"post-114711","1":"product","2":"type-product","3":"status-publish","4":"has-post-thumbnail","6":"product_cat-baby-kleinkind","7":"pa_leeftijd-filter-0-2-jahre","8":"pa_meest-populair-bij-jungen-maedchen","10":"first","11":"instock","12":"shipping-taxable","13":"product-type-simple"},"acf":[],"yoast_head":"<!-- This site is optimized with the Yoast SEO plugin v27.2 - https:\/\/yoast.com\/product\/yoast-seo-wordpress\/ -->\n<title>My first - Wo lebe ich? Tieraufkleber - SES Creative<\/title>\n<meta name=\"robots\" content=\"index, follow, max-snippet:-1, max-image-preview:large, max-video-preview:-1\" \/>\n<link rel=\"canonical\" href=\"https:\/\/ses-creative.com\/de\/produkt\/my-first-wo-lebe-ich-tieraufkleber\/\" \/>\n<meta property=\"og:locale\" content=\"de_DE\" \/>\n<meta property=\"og:type\" content=\"article\" \/>\n<meta property=\"og:title\" content=\"My first - Wo lebe ich? Tieraufkleber - SES Creative\" \/>\n<meta property=\"og:description\" content=\"Entdecke, wo Tiere leben, und lerne spielerisch! Wo lebt ein B\u00e4r? Oder eine Kuh? Mit dem Set \u201eMy First \u2013 Wo wohne ich? Tieraufkleber\u201c von SES Creative entdecken kleine Kinder spielerisch, wo verschiedene Tiere leben. Jede Karte zeigt einen anderen Lebensraum der Tiere. Finde die Tiere, die zum richtigen Lebensraum passen, und klebe sie auf [&hellip;]\" \/>\n<meta property=\"og:url\" content=\"https:\/\/ses-creative.com\/de\/produkt\/my-first-wo-lebe-ich-tieraufkleber\/\" \/>\n<meta property=\"og:site_name\" content=\"SES Creative\" \/>\n<meta property=\"article:modified_time\" content=\"2026-02-06T09:51:41+00:00\" \/>\n<meta name=\"twitter:card\" content=\"summary_large_image\" \/>\n<meta name=\"twitter:label1\" content=\"Gesch\u00e4tzte Lesezeit\" \/>\n\t<meta name=\"twitter:data1\" content=\"2\u00a0Minuten\" \/>\n<script type=\"application\/ld+json\" class=\"yoast-schema-graph\">{\"@context\":\"https:\/\/schema.org\",\"@graph\":[{\"@type\":\"WebPage\",\"@id\":\"https:\/\/ses-creative.com\/de\/produkt\/my-first-wo-lebe-ich-tieraufkleber\/\",\"url\":\"https:\/\/ses-creative.com\/de\/produkt\/my-first-wo-lebe-ich-tieraufkleber\/\",\"name\":\"My first - Wo lebe ich? Tieraufkleber - SES Creative\",\"isPartOf\":{\"@id\":\"https:\/\/ses-creative.com\/#website\"},\"primaryImageOfPage\":{\"@id\":\"https:\/\/ses-creative.com\/de\/produkt\/my-first-wo-lebe-ich-tieraufkleber\/#primaryimage\"},\"image\":{\"@id\":\"https:\/\/ses-creative.com\/de\/produkt\/my-first-wo-lebe-ich-tieraufkleber\/#primaryimage\"},\"thumbnailUrl\":\"https:\/\/ses-creative.com\/wp-content\/uploads\/2026\/01\/144011.jpg\",\"datePublished\":\"2026-02-05T13:52:44+00:00\",\"dateModified\":\"2026-02-06T09:51:41+00:00\",\"breadcrumb\":{\"@id\":\"https:\/\/ses-creative.com\/de\/produkt\/my-first-wo-lebe-ich-tieraufkleber\/#breadcrumb\"},\"inLanguage\":\"de\",\"potentialAction\":[{\"@type\":\"ReadAction\",\"target\":[\"https:\/\/ses-creative.com\/de\/produkt\/my-first-wo-lebe-ich-tieraufkleber\/\"]}]},{\"@type\":\"ImageObject\",\"inLanguage\":\"de\",\"@id\":\"https:\/\/ses-creative.com\/de\/produkt\/my-first-wo-lebe-ich-tieraufkleber\/#primaryimage\",\"url\":\"https:\/\/ses-creative.com\/wp-content\/uploads\/2026\/01\/144011.jpg\",\"contentUrl\":\"https:\/\/ses-creative.com\/wp-content\/uploads\/2026\/01\/144011.jpg\",\"width\":1000,\"height\":1000},{\"@type\":\"BreadcrumbList\",\"@id\":\"https:\/\/ses-creative.com\/de\/produkt\/my-first-wo-lebe-ich-tieraufkleber\/#breadcrumb\",\"itemListElement\":[{\"@type\":\"ListItem\",\"position\":1,\"name\":\"Shop\",\"item\":\"https:\/\/ses-creative.com\/de\/shop\/\"},{\"@type\":\"ListItem\",\"position\":2,\"name\":\"Baby &amp; Kleinkind\",\"item\":\"https:\/\/ses-creative.com\/de\/product-categorie\/baby-kleinkind\/\"},{\"@type\":\"ListItem\",\"position\":3,\"name\":\"My first &#8211; Wo lebe ich? Tieraufkleber\"}]},{\"@type\":\"WebSite\",\"@id\":\"https:\/\/ses-creative.com\/#website\",\"url\":\"https:\/\/ses-creative.com\/\",\"name\":\"SES Creative\",\"description\":\"\",\"publisher\":{\"@id\":\"https:\/\/ses-creative.com\/#organization\"},\"potentialAction\":[{\"@type\":\"SearchAction\",\"target\":{\"@type\":\"EntryPoint\",\"urlTemplate\":\"https:\/\/ses-creative.com\/?s={search_term_string}\"},\"query-input\":{\"@type\":\"PropertyValueSpecification\",\"valueRequired\":true,\"valueName\":\"search_term_string\"}}],\"inLanguage\":\"de\"},{\"@type\":\"Organization\",\"@id\":\"https:\/\/ses-creative.com\/#organization\",\"name\":\"SES Creative\",\"url\":\"https:\/\/ses-creative.com\/\",\"logo\":{\"@type\":\"ImageObject\",\"inLanguage\":\"de\",\"@id\":\"https:\/\/ses-creative.com\/#\/schema\/logo\/image\/\",\"url\":\"https:\/\/ses-creative.com\/wp-content\/uploads\/2025\/10\/ses-creative-logo.jpg\",\"contentUrl\":\"https:\/\/ses-creative.com\/wp-content\/uploads\/2025\/10\/ses-creative-logo.jpg\",\"width\":2037,\"height\":2037,\"caption\":\"SES Creative\"},\"image\":{\"@id\":\"https:\/\/ses-creative.com\/#\/schema\/logo\/image\/\"}}]}<\/script>\n<!-- \/ Yoast SEO plugin. -->","yoast_head_json":{"title":"My first - Wo lebe ich? Tieraufkleber - SES Creative","robots":{"index":"index","follow":"follow","max-snippet":"max-snippet:-1","max-image-preview":"max-image-preview:large","max-video-preview":"max-video-preview:-1"},"canonical":"https:\/\/ses-creative.com\/de\/produkt\/my-first-wo-lebe-ich-tieraufkleber\/","og_locale":"de_DE","og_type":"article","og_title":"My first - Wo lebe ich? Tieraufkleber - SES Creative","og_description":"Entdecke, wo Tiere leben, und lerne spielerisch! Wo lebt ein B\u00e4r? Oder eine Kuh? Mit dem Set \u201eMy First \u2013 Wo wohne ich? Tieraufkleber\u201c von SES Creative entdecken kleine Kinder spielerisch, wo verschiedene Tiere leben. Jede Karte zeigt einen anderen Lebensraum der Tiere. Finde die Tiere, die zum richtigen Lebensraum passen, und klebe sie auf [&hellip;]","og_url":"https:\/\/ses-creative.com\/de\/produkt\/my-first-wo-lebe-ich-tieraufkleber\/","og_site_name":"SES Creative","article_modified_time":"2026-02-06T09:51:41+00:00","twitter_card":"summary_large_image","twitter_misc":{"Gesch\u00e4tzte Lesezeit":"2\u00a0Minuten"},"schema":{"@context":"https:\/\/schema.org","@graph":[{"@type":"WebPage","@id":"https:\/\/ses-creative.com\/de\/produkt\/my-first-wo-lebe-ich-tieraufkleber\/","url":"https:\/\/ses-creative.com\/de\/produkt\/my-first-wo-lebe-ich-tieraufkleber\/","name":"My first - Wo lebe ich? Tieraufkleber - SES Creative","isPartOf":{"@id":"https:\/\/ses-creative.com\/#website"},"primaryImageOfPage":{"@id":"https:\/\/ses-creative.com\/de\/produkt\/my-first-wo-lebe-ich-tieraufkleber\/#primaryimage"},"image":{"@id":"https:\/\/ses-creative.com\/de\/produkt\/my-first-wo-lebe-ich-tieraufkleber\/#primaryimage"},"thumbnailUrl":"https:\/\/ses-creative.com\/wp-content\/uploads\/2026\/01\/144011.jpg","datePublished":"2026-02-05T13:52:44+00:00","dateModified":"2026-02-06T09:51:41+00:00","breadcrumb":{"@id":"https:\/\/ses-creative.com\/de\/produkt\/my-first-wo-lebe-ich-tieraufkleber\/#breadcrumb"},"inLanguage":"de","potentialAction":[{"@type":"ReadAction","target":["https:\/\/ses-creative.com\/de\/produkt\/my-first-wo-lebe-ich-tieraufkleber\/"]}]},{"@type":"ImageObject","inLanguage":"de","@id":"https:\/\/ses-creative.com\/de\/produkt\/my-first-wo-lebe-ich-tieraufkleber\/#primaryimage","url":"https:\/\/ses-creative.com\/wp-content\/uploads\/2026\/01\/144011.jpg","contentUrl":"https:\/\/ses-creative.com\/wp-content\/uploads\/2026\/01\/144011.jpg","width":1000,"height":1000},{"@type":"BreadcrumbList","@id":"https:\/\/ses-creative.com\/de\/produkt\/my-first-wo-lebe-ich-tieraufkleber\/#breadcrumb","itemListElement":[{"@type":"ListItem","position":1,"name":"Shop","item":"https:\/\/ses-creative.com\/de\/shop\/"},{"@type":"ListItem","position":2,"name":"Baby &amp; Kleinkind","item":"https:\/\/ses-creative.com\/de\/product-categorie\/baby-kleinkind\/"},{"@type":"ListItem","position":3,"name":"My first &#8211; Wo lebe ich? Tieraufkleber"}]},{"@type":"WebSite","@id":"https:\/\/ses-creative.com\/#website","url":"https:\/\/ses-creative.com\/","name":"SES Creative","description":"","publisher":{"@id":"https:\/\/ses-creative.com\/#organization"},"potentialAction":[{"@type":"SearchAction","target":{"@type":"EntryPoint","urlTemplate":"https:\/\/ses-creative.com\/?s={search_term_string}"},"query-input":{"@type":"PropertyValueSpecification","valueRequired":true,"valueName":"search_term_string"}}],"inLanguage":"de"},{"@type":"Organization","@id":"https:\/\/ses-creative.com\/#organization","name":"SES Creative","url":"https:\/\/ses-creative.com\/","logo":{"@type":"ImageObject","inLanguage":"de","@id":"https:\/\/ses-creative.com\/#\/schema\/logo\/image\/","url":"https:\/\/ses-creative.com\/wp-content\/uploads\/2025\/10\/ses-creative-logo.jpg","contentUrl":"https:\/\/ses-creative.com\/wp-content\/uploads\/2025\/10\/ses-creative-logo.jpg","width":2037,"height":2037,"caption":"SES Creative"},"image":{"@id":"https:\/\/ses-creative.com\/#\/schema\/logo\/image\/"}}]}},"_links":{"self":[{"href":"https:\/\/ses-creative.com\/de\/wp-json\/wp\/v2\/product\/114711","targetHints":{"allow":["GET"]}}],"collection":[{"href":"https:\/\/ses-creative.com\/de\/wp-json\/wp\/v2\/product"}],"about":[{"href":"https:\/\/ses-creative.com\/de\/wp-json\/wp\/v2\/types\/product"}],"replies":[{"embeddable":true,"href":"https:\/\/ses-creative.com\/de\/wp-json\/wp\/v2\/comments?post=114711"}],"wp:featuredmedia":[{"embeddable":true,"href":"https:\/\/ses-creative.com\/de\/wp-json\/wp\/v2\/media\/102776"}],"wp:attachment":[{"href":"https:\/\/ses-creative.com\/de\/wp-json\/wp\/v2\/media?parent=114711"}],"wp:term":[{"taxonomy":"product_brand","embeddable":true,"href":"https:\/\/ses-creative.com\/de\/wp-json\/wp\/v2\/product_brand?post=114711"},{"taxonomy":"product_cat","embeddable":true,"href":"https:\/\/ses-creative.com\/de\/wp-json\/wp\/v2\/product_cat?post=114711"},{"taxonomy":"product_tag","embeddable":true,"href":"https:\/\/ses-creative.com\/de\/wp-json\/wp\/v2\/product_tag?post=114711"}],"curies":[{"name":"wp","href":"https:\/\/api.w.org\/{rel}","templated":true}]}}