











{"id":114710,"date":"2026-02-05T13:52:44","date_gmt":"2026-02-05T13:52:44","guid":{"rendered":"https:\/\/ses-creative.com\/?post_type=product&#038;p=114710"},"modified":"2026-02-06T09:51:41","modified_gmt":"2026-02-06T09:51:41","slug":"blow-airbrush-pens-safaritiere-6x","status":"publish","type":"product","link":"https:\/\/ses-creative.com\/de\/produkt\/blow-airbrush-pens-safaritiere-6x\/","title":{"rendered":"Blow Airbrush Pens &#8211; Safaritiere 6x"},"content":{"rendered":"<p>Blow Airbrush Pens \u2013 Safari-Tiere: Erwecke deine wilde Fantasie zum Leben!<\/p>\n<p>Begib dich auf ein Abenteuer mit den Blow Airbrush Pens \u2013 Safari-Tiere von SES Creative! Mit diesem fr\u00f6hlichen Set kannst du sechs Safari-Tieren ein einzigartiges Makeover verpassen. Verwende die speziellen Airbrush-Filzstifte zum Blasen und kreiere farbenfrohe Muster auf Zebras, Tigern, Affen und mehr. Perfekt f\u00fcr Kinder ab 5 Jahren, die Tiere lieben und gerne kreativ sind.<\/p>\n<p>Was dieses Set so toll macht<\/p>\n<p>6 wiederverwendbare Safari-Figuren: Zebra, Giraffe, Panther, Affe, Tiger und Hirsch<br \/>\n6 Blas-Airbrush-Filzstifte in fr\u00f6hlichen Farben<br \/>\nVerwenden Sie den schwarzen Marker zum Zeichnen von Details wie Augen und Mustern<br \/>\nAbwaschbare Figuren \u2013 einfach absp\u00fclen und von vorne beginnen<br \/>\nF\u00f6rdert das Farbgef\u00fchl, die Feinmotorik und fantasievolles Spielen<\/p>\n<p>Blasen und malen Sie Ihre eigenen Safari-Tiere<\/p>\n<p>Ob Sie sich nun f\u00fcr eine Giraffe mit violetten Flecken oder einen Panther mit Regenbogenflecken entscheiden \u2013 alles ist m\u00f6glich! Durch das Blasen \u00fcber die Stifte entsteht ein Airbrush-Effekt, mit dem Kinder ihrer Fantasie freien Lauf lassen k\u00f6nnen. Ist das Ergebnis nicht so, wie Sie es sich vorgestellt haben? Einfach absp\u00fclen und erneut versuchen!<\/p>\n<p>Inhalt des Sets<\/p>\n<p>6 wiederverwendbare Safari-Tiere: Zebra, Giraffe, Panther, Affe, Tiger und Hirsch<br \/>\n6 Blas-Airbrush-Stifte in verschiedenen Farben<br \/>\n1 schwarzer Marker f\u00fcr zus\u00e4tzliche Details<\/p>\n<p>Warum SES Creative w\u00e4hlen?<\/p>\n<p>Bei SES Creative legen wir gro\u00dfen Wert auf Sicherheit. Deshalb werden die Produkte in unserem Werk in den Niederlanden nach den strengsten europ\u00e4ischen Sicherheitsstandards hergestellt und getestet. Spielzeug von SES Creative sorgt f\u00fcr Spa\u00df und soll Kindern ein Gef\u00fchl des Stolzes auf ihre Arbeit vermitteln, was ihre Kreativit\u00e4t und Entwicklung f\u00f6rdert.<\/p>\n<p>Beginnen Sie noch heute Ihr Safari-Abenteuer<\/p>\n<p>Stecken Sie den Marker in die Halterung, pusten Sie und sehen Sie, wie sich Ihr Safari-Tier in ein farbenfrohes Kunstwerk verwandelt. Mit den Blow Airbrush Pens \u2013 Safari-Tiere wird Basteln zu einem wilden Abenteuer, das nie langweilig wird!<\/p>\n","protected":false},"excerpt":{"rendered":"<p>Blow Airbrush Pens \u2013 Safari-Tiere: Erwecke deine wilde Fantasie zum Leben! Begib dich auf ein Abenteuer mit den Blow Airbrush Pens \u2013 Safari-Tiere von SES Creative! Mit diesem fr\u00f6hlichen Set kannst du sechs Safari-Tieren ein einzigartiges Makeover verpassen. Verwende die speziellen Airbrush-Filzstifte zum Blasen und kreiere farbenfrohe Muster auf Zebras, Tigern, Affen und mehr. Perfekt [&hellip;]<\/p>\n","protected":false},"featured_media":102756,"comment_status":"closed","ping_status":"closed","template":"","meta":{"_acf_changed":false},"product_brand":[],"product_cat":[115],"product_tag":[],"class_list":{"0":"post-114710","1":"product","2":"type-product","3":"status-publish","4":"has-post-thumbnail","6":"product_cat-basteln","7":"pa_collecties-blow-airbrush-pens","8":"pa_leeftijd-filter-4-6-jahre","9":"pa_meest-populair-bij-maedchen","11":"first","12":"instock","13":"shipping-taxable","14":"product-type-simple"},"acf":[],"yoast_head":"<!-- This site is optimized with the Yoast SEO plugin v27.2 - https:\/\/yoast.com\/product\/yoast-seo-wordpress\/ -->\n<title>Blow Airbrush Pens - Safaritiere 6x - SES Creative<\/title>\n<meta name=\"robots\" content=\"index, follow, max-snippet:-1, max-image-preview:large, max-video-preview:-1\" \/>\n<link rel=\"canonical\" href=\"https:\/\/ses-creative.com\/de\/produkt\/blow-airbrush-pens-safaritiere-6x\/\" \/>\n<meta property=\"og:locale\" content=\"de_DE\" \/>\n<meta property=\"og:type\" content=\"article\" \/>\n<meta property=\"og:title\" content=\"Blow Airbrush Pens - Safaritiere 6x - SES Creative\" \/>\n<meta property=\"og:description\" content=\"Blow Airbrush Pens \u2013 Safari-Tiere: Erwecke deine wilde Fantasie zum Leben! Begib dich auf ein Abenteuer mit den Blow Airbrush Pens \u2013 Safari-Tiere von SES Creative! Mit diesem fr\u00f6hlichen Set kannst du sechs Safari-Tieren ein einzigartiges Makeover verpassen. Verwende die speziellen Airbrush-Filzstifte zum Blasen und kreiere farbenfrohe Muster auf Zebras, Tigern, Affen und mehr. Perfekt [&hellip;]\" \/>\n<meta property=\"og:url\" content=\"https:\/\/ses-creative.com\/de\/produkt\/blow-airbrush-pens-safaritiere-6x\/\" \/>\n<meta property=\"og:site_name\" content=\"SES Creative\" \/>\n<meta property=\"article:modified_time\" content=\"2026-02-06T09:51:41+00:00\" \/>\n<meta name=\"twitter:card\" content=\"summary_large_image\" \/>\n<meta name=\"twitter:label1\" content=\"Gesch\u00e4tzte Lesezeit\" \/>\n\t<meta name=\"twitter:data1\" content=\"2\u00a0Minuten\" \/>\n<script type=\"application\/ld+json\" class=\"yoast-schema-graph\">{\"@context\":\"https:\/\/schema.org\",\"@graph\":[{\"@type\":\"WebPage\",\"@id\":\"https:\/\/ses-creative.com\/de\/produkt\/blow-airbrush-pens-safaritiere-6x\/\",\"url\":\"https:\/\/ses-creative.com\/de\/produkt\/blow-airbrush-pens-safaritiere-6x\/\",\"name\":\"Blow Airbrush Pens - Safaritiere 6x - SES Creative\",\"isPartOf\":{\"@id\":\"https:\/\/ses-creative.com\/#website\"},\"primaryImageOfPage\":{\"@id\":\"https:\/\/ses-creative.com\/de\/produkt\/blow-airbrush-pens-safaritiere-6x\/#primaryimage\"},\"image\":{\"@id\":\"https:\/\/ses-creative.com\/de\/produkt\/blow-airbrush-pens-safaritiere-6x\/#primaryimage\"},\"thumbnailUrl\":\"https:\/\/ses-creative.com\/wp-content\/uploads\/2026\/01\/143351.jpg\",\"datePublished\":\"2026-02-05T13:52:44+00:00\",\"dateModified\":\"2026-02-06T09:51:41+00:00\",\"breadcrumb\":{\"@id\":\"https:\/\/ses-creative.com\/de\/produkt\/blow-airbrush-pens-safaritiere-6x\/#breadcrumb\"},\"inLanguage\":\"de\",\"potentialAction\":[{\"@type\":\"ReadAction\",\"target\":[\"https:\/\/ses-creative.com\/de\/produkt\/blow-airbrush-pens-safaritiere-6x\/\"]}]},{\"@type\":\"ImageObject\",\"inLanguage\":\"de\",\"@id\":\"https:\/\/ses-creative.com\/de\/produkt\/blow-airbrush-pens-safaritiere-6x\/#primaryimage\",\"url\":\"https:\/\/ses-creative.com\/wp-content\/uploads\/2026\/01\/143351.jpg\",\"contentUrl\":\"https:\/\/ses-creative.com\/wp-content\/uploads\/2026\/01\/143351.jpg\",\"width\":1000,\"height\":1000},{\"@type\":\"BreadcrumbList\",\"@id\":\"https:\/\/ses-creative.com\/de\/produkt\/blow-airbrush-pens-safaritiere-6x\/#breadcrumb\",\"itemListElement\":[{\"@type\":\"ListItem\",\"position\":1,\"name\":\"Shop\",\"item\":\"https:\/\/ses-creative.com\/de\/shop\/\"},{\"@type\":\"ListItem\",\"position\":2,\"name\":\"Basteln\",\"item\":\"https:\/\/ses-creative.com\/de\/product-categorie\/basteln\/\"},{\"@type\":\"ListItem\",\"position\":3,\"name\":\"Blow Airbrush Pens &#8211; Safaritiere 6x\"}]},{\"@type\":\"WebSite\",\"@id\":\"https:\/\/ses-creative.com\/#website\",\"url\":\"https:\/\/ses-creative.com\/\",\"name\":\"SES Creative\",\"description\":\"\",\"publisher\":{\"@id\":\"https:\/\/ses-creative.com\/#organization\"},\"potentialAction\":[{\"@type\":\"SearchAction\",\"target\":{\"@type\":\"EntryPoint\",\"urlTemplate\":\"https:\/\/ses-creative.com\/?s={search_term_string}\"},\"query-input\":{\"@type\":\"PropertyValueSpecification\",\"valueRequired\":true,\"valueName\":\"search_term_string\"}}],\"inLanguage\":\"de\"},{\"@type\":\"Organization\",\"@id\":\"https:\/\/ses-creative.com\/#organization\",\"name\":\"SES Creative\",\"url\":\"https:\/\/ses-creative.com\/\",\"logo\":{\"@type\":\"ImageObject\",\"inLanguage\":\"de\",\"@id\":\"https:\/\/ses-creative.com\/#\/schema\/logo\/image\/\",\"url\":\"https:\/\/ses-creative.com\/wp-content\/uploads\/2025\/10\/ses-creative-logo.jpg\",\"contentUrl\":\"https:\/\/ses-creative.com\/wp-content\/uploads\/2025\/10\/ses-creative-logo.jpg\",\"width\":2037,\"height\":2037,\"caption\":\"SES Creative\"},\"image\":{\"@id\":\"https:\/\/ses-creative.com\/#\/schema\/logo\/image\/\"}}]}<\/script>\n<!-- \/ Yoast SEO plugin. -->","yoast_head_json":{"title":"Blow Airbrush Pens - Safaritiere 6x - SES Creative","robots":{"index":"index","follow":"follow","max-snippet":"max-snippet:-1","max-image-preview":"max-image-preview:large","max-video-preview":"max-video-preview:-1"},"canonical":"https:\/\/ses-creative.com\/de\/produkt\/blow-airbrush-pens-safaritiere-6x\/","og_locale":"de_DE","og_type":"article","og_title":"Blow Airbrush Pens - Safaritiere 6x - SES Creative","og_description":"Blow Airbrush Pens \u2013 Safari-Tiere: Erwecke deine wilde Fantasie zum Leben! Begib dich auf ein Abenteuer mit den Blow Airbrush Pens \u2013 Safari-Tiere von SES Creative! Mit diesem fr\u00f6hlichen Set kannst du sechs Safari-Tieren ein einzigartiges Makeover verpassen. Verwende die speziellen Airbrush-Filzstifte zum Blasen und kreiere farbenfrohe Muster auf Zebras, Tigern, Affen und mehr. Perfekt [&hellip;]","og_url":"https:\/\/ses-creative.com\/de\/produkt\/blow-airbrush-pens-safaritiere-6x\/","og_site_name":"SES Creative","article_modified_time":"2026-02-06T09:51:41+00:00","twitter_card":"summary_large_image","twitter_misc":{"Gesch\u00e4tzte Lesezeit":"2\u00a0Minuten"},"schema":{"@context":"https:\/\/schema.org","@graph":[{"@type":"WebPage","@id":"https:\/\/ses-creative.com\/de\/produkt\/blow-airbrush-pens-safaritiere-6x\/","url":"https:\/\/ses-creative.com\/de\/produkt\/blow-airbrush-pens-safaritiere-6x\/","name":"Blow Airbrush Pens - Safaritiere 6x - SES Creative","isPartOf":{"@id":"https:\/\/ses-creative.com\/#website"},"primaryImageOfPage":{"@id":"https:\/\/ses-creative.com\/de\/produkt\/blow-airbrush-pens-safaritiere-6x\/#primaryimage"},"image":{"@id":"https:\/\/ses-creative.com\/de\/produkt\/blow-airbrush-pens-safaritiere-6x\/#primaryimage"},"thumbnailUrl":"https:\/\/ses-creative.com\/wp-content\/uploads\/2026\/01\/143351.jpg","datePublished":"2026-02-05T13:52:44+00:00","dateModified":"2026-02-06T09:51:41+00:00","breadcrumb":{"@id":"https:\/\/ses-creative.com\/de\/produkt\/blow-airbrush-pens-safaritiere-6x\/#breadcrumb"},"inLanguage":"de","potentialAction":[{"@type":"ReadAction","target":["https:\/\/ses-creative.com\/de\/produkt\/blow-airbrush-pens-safaritiere-6x\/"]}]},{"@type":"ImageObject","inLanguage":"de","@id":"https:\/\/ses-creative.com\/de\/produkt\/blow-airbrush-pens-safaritiere-6x\/#primaryimage","url":"https:\/\/ses-creative.com\/wp-content\/uploads\/2026\/01\/143351.jpg","contentUrl":"https:\/\/ses-creative.com\/wp-content\/uploads\/2026\/01\/143351.jpg","width":1000,"height":1000},{"@type":"BreadcrumbList","@id":"https:\/\/ses-creative.com\/de\/produkt\/blow-airbrush-pens-safaritiere-6x\/#breadcrumb","itemListElement":[{"@type":"ListItem","position":1,"name":"Shop","item":"https:\/\/ses-creative.com\/de\/shop\/"},{"@type":"ListItem","position":2,"name":"Basteln","item":"https:\/\/ses-creative.com\/de\/product-categorie\/basteln\/"},{"@type":"ListItem","position":3,"name":"Blow Airbrush Pens &#8211; Safaritiere 6x"}]},{"@type":"WebSite","@id":"https:\/\/ses-creative.com\/#website","url":"https:\/\/ses-creative.com\/","name":"SES Creative","description":"","publisher":{"@id":"https:\/\/ses-creative.com\/#organization"},"potentialAction":[{"@type":"SearchAction","target":{"@type":"EntryPoint","urlTemplate":"https:\/\/ses-creative.com\/?s={search_term_string}"},"query-input":{"@type":"PropertyValueSpecification","valueRequired":true,"valueName":"search_term_string"}}],"inLanguage":"de"},{"@type":"Organization","@id":"https:\/\/ses-creative.com\/#organization","name":"SES Creative","url":"https:\/\/ses-creative.com\/","logo":{"@type":"ImageObject","inLanguage":"de","@id":"https:\/\/ses-creative.com\/#\/schema\/logo\/image\/","url":"https:\/\/ses-creative.com\/wp-content\/uploads\/2025\/10\/ses-creative-logo.jpg","contentUrl":"https:\/\/ses-creative.com\/wp-content\/uploads\/2025\/10\/ses-creative-logo.jpg","width":2037,"height":2037,"caption":"SES Creative"},"image":{"@id":"https:\/\/ses-creative.com\/#\/schema\/logo\/image\/"}}]}},"_links":{"self":[{"href":"https:\/\/ses-creative.com\/de\/wp-json\/wp\/v2\/product\/114710","targetHints":{"allow":["GET"]}}],"collection":[{"href":"https:\/\/ses-creative.com\/de\/wp-json\/wp\/v2\/product"}],"about":[{"href":"https:\/\/ses-creative.com\/de\/wp-json\/wp\/v2\/types\/product"}],"replies":[{"embeddable":true,"href":"https:\/\/ses-creative.com\/de\/wp-json\/wp\/v2\/comments?post=114710"}],"wp:featuredmedia":[{"embeddable":true,"href":"https:\/\/ses-creative.com\/de\/wp-json\/wp\/v2\/media\/102756"}],"wp:attachment":[{"href":"https:\/\/ses-creative.com\/de\/wp-json\/wp\/v2\/media?parent=114710"}],"wp:term":[{"taxonomy":"product_brand","embeddable":true,"href":"https:\/\/ses-creative.com\/de\/wp-json\/wp\/v2\/product_brand?post=114710"},{"taxonomy":"product_cat","embeddable":true,"href":"https:\/\/ses-creative.com\/de\/wp-json\/wp\/v2\/product_cat?post=114710"},{"taxonomy":"product_tag","embeddable":true,"href":"https:\/\/ses-creative.com\/de\/wp-json\/wp\/v2\/product_tag?post=114710"}],"curies":[{"name":"wp","href":"https:\/\/api.w.org\/{rel}","templated":true}]}}