











{"id":114709,"date":"2026-02-05T13:52:44","date_gmt":"2026-02-05T13:52:44","guid":{"rendered":"https:\/\/ses-creative.com\/?post_type=product&#038;p=114709"},"modified":"2026-02-06T09:51:41","modified_gmt":"2026-02-06T09:51:41","slug":"blow-airbrush-pens-kaetzchen-surprise-3x","status":"publish","type":"product","link":"https:\/\/ses-creative.com\/de\/produkt\/blow-airbrush-pens-kaetzchen-surprise-3x\/","title":{"rendered":"Blow airbrush Pens &#8211; K\u00e4tzchen surprise 3x"},"content":{"rendered":"<p>Blow Airbrush Pens \u2013 Kittens Surprise: Blasen und entdecke s\u00fc\u00dfe K\u00e4tzchen!<\/p>\n<p>Erlebe einen magischen Bastelmoment mit den Blow Airbrush Pens \u2013 Kittens Surprise von SES Creative! Blase sanft durch die speziellen Airbrush-Filzstifte und zaubere drei s\u00fc\u00dfe K\u00e4tzchen hervor. Welche K\u00e4tzchen du bekommst? Das ist noch eine \u00dcberraschung! Eine perfekte Aktivit\u00e4t f\u00fcr Kinder ab 5 Jahren, die gerne kreativ sind und Tiere lieben.<\/p>\n<p>Was dieses Set so toll macht<\/p>\n<p>3 \u00dcberraschungsk\u00e4tzchen mit weichem Fell<br \/>\n4 Blas-Airbrush-Filzstifte in Gelb, Lila, Rosa und Gr\u00fcn<br \/>\nMagischer Effekt ohne Kleckern \u2013 einfach pusten und malen<br \/>\nF\u00f6rdert die Feinmotorik, Fantasie und Entdeckungsfreude<br \/>\nSpannendes \u00dcberraschungselement: Jedes K\u00e4tzchen ist ein Unikat<\/p>\n<p>Entwerfen und entdecken Sie Ihre K\u00e4tzchen<\/p>\n<p>Mit den bunten Airbrush-Stiften erwecken Kinder ihre K\u00e4tzchen in ihrem eigenen Stil zum Leben. Durch Pusten entstehen verspielte Farbmuster und sanfte \u00dcberg\u00e4nge. So wird jede Entdeckung zu einem kreativen Abenteuer voller \u00dcberraschungen und Spa\u00df.<\/p>\n<p>Inhalt des Sets<\/p>\n<p>3 niedliche \u00dcberraschungsk\u00e4tzchen<br \/>\nBlas-Airbrush-Filzstift gelb<br \/>\nBlas-Airbrush-Filzstift violett<br \/>\nBlas-Airbrush-Filzstift rosa<br \/>\nBlas-Airbrush-Filzstift gr\u00fcn<\/p>\n<p>Warum SES Creative w\u00e4hlen?<\/p>\n<p>Bei SES Creative legen wir gro\u00dfen Wert auf Sicherheit. Deshalb werden die Produkte in unserem Werk in den Niederlanden nach den strengsten europ\u00e4ischen Sicherheitsnormen hergestellt und getestet. Spielzeug von SES Creative sorgt f\u00fcr Spa\u00df und soll Kindern ein Gef\u00fchl des Stolzes auf ihre Arbeit vermitteln, was ihre Kreativit\u00e4t und Entwicklung f\u00f6rdert.<\/p>\n<p>Entdecken Sie noch heute Ihre K\u00e4tzchen<\/p>\n<p>Nimm die Airbrush-Stifte, blase leicht und schau, welche K\u00e4tzchen zum Vorschein kommen. Eine spielerische Mischung aus \u00dcberraschung, Kreativit\u00e4t und Spa\u00df \u2013 perfekt f\u00fcr kleine Tierfreunde!<\/p>\n","protected":false},"excerpt":{"rendered":"<p>Blow Airbrush Pens \u2013 Kittens Surprise: Blasen und entdecke s\u00fc\u00dfe K\u00e4tzchen! Erlebe einen magischen Bastelmoment mit den Blow Airbrush Pens \u2013 Kittens Surprise von SES Creative! Blase sanft durch die speziellen Airbrush-Filzstifte und zaubere drei s\u00fc\u00dfe K\u00e4tzchen hervor. Welche K\u00e4tzchen du bekommst? Das ist noch eine \u00dcberraschung! Eine perfekte Aktivit\u00e4t f\u00fcr Kinder ab 5 Jahren, [&hellip;]<\/p>\n","protected":false},"featured_media":102736,"comment_status":"closed","ping_status":"closed","template":"","meta":{"_acf_changed":false},"product_brand":[],"product_cat":[115],"product_tag":[],"class_list":{"0":"post-114709","1":"product","2":"type-product","3":"status-publish","4":"has-post-thumbnail","6":"product_cat-basteln","7":"pa_collecties-blow-airbrush-pens","8":"pa_leeftijd-filter-4-6-jahre","9":"pa_meest-populair-bij-maedchen","11":"first","12":"instock","13":"shipping-taxable","14":"product-type-simple"},"acf":[],"yoast_head":"<!-- This site is optimized with the Yoast SEO plugin v27.2 - https:\/\/yoast.com\/product\/yoast-seo-wordpress\/ -->\n<title>Blow airbrush Pens - K\u00e4tzchen surprise 3x - SES Creative<\/title>\n<meta name=\"robots\" content=\"index, follow, max-snippet:-1, max-image-preview:large, max-video-preview:-1\" \/>\n<link rel=\"canonical\" href=\"https:\/\/ses-creative.com\/de\/produkt\/blow-airbrush-pens-kaetzchen-surprise-3x\/\" \/>\n<meta property=\"og:locale\" content=\"de_DE\" \/>\n<meta property=\"og:type\" content=\"article\" \/>\n<meta property=\"og:title\" content=\"Blow airbrush Pens - K\u00e4tzchen surprise 3x - SES Creative\" \/>\n<meta property=\"og:description\" content=\"Blow Airbrush Pens \u2013 Kittens Surprise: Blasen und entdecke s\u00fc\u00dfe K\u00e4tzchen! Erlebe einen magischen Bastelmoment mit den Blow Airbrush Pens \u2013 Kittens Surprise von SES Creative! Blase sanft durch die speziellen Airbrush-Filzstifte und zaubere drei s\u00fc\u00dfe K\u00e4tzchen hervor. Welche K\u00e4tzchen du bekommst? Das ist noch eine \u00dcberraschung! Eine perfekte Aktivit\u00e4t f\u00fcr Kinder ab 5 Jahren, [&hellip;]\" \/>\n<meta property=\"og:url\" content=\"https:\/\/ses-creative.com\/de\/produkt\/blow-airbrush-pens-kaetzchen-surprise-3x\/\" \/>\n<meta property=\"og:site_name\" content=\"SES Creative\" \/>\n<meta property=\"article:modified_time\" content=\"2026-02-06T09:51:41+00:00\" \/>\n<meta name=\"twitter:card\" content=\"summary_large_image\" \/>\n<meta name=\"twitter:label1\" content=\"Gesch\u00e4tzte Lesezeit\" \/>\n\t<meta name=\"twitter:data1\" content=\"1\u00a0Minute\" \/>\n<script type=\"application\/ld+json\" class=\"yoast-schema-graph\">{\"@context\":\"https:\/\/schema.org\",\"@graph\":[{\"@type\":\"WebPage\",\"@id\":\"https:\/\/ses-creative.com\/de\/produkt\/blow-airbrush-pens-kaetzchen-surprise-3x\/\",\"url\":\"https:\/\/ses-creative.com\/de\/produkt\/blow-airbrush-pens-kaetzchen-surprise-3x\/\",\"name\":\"Blow airbrush Pens - K\u00e4tzchen surprise 3x - SES Creative\",\"isPartOf\":{\"@id\":\"https:\/\/ses-creative.com\/#website\"},\"primaryImageOfPage\":{\"@id\":\"https:\/\/ses-creative.com\/de\/produkt\/blow-airbrush-pens-kaetzchen-surprise-3x\/#primaryimage\"},\"image\":{\"@id\":\"https:\/\/ses-creative.com\/de\/produkt\/blow-airbrush-pens-kaetzchen-surprise-3x\/#primaryimage\"},\"thumbnailUrl\":\"https:\/\/ses-creative.com\/wp-content\/uploads\/2026\/01\/143341.jpg\",\"datePublished\":\"2026-02-05T13:52:44+00:00\",\"dateModified\":\"2026-02-06T09:51:41+00:00\",\"breadcrumb\":{\"@id\":\"https:\/\/ses-creative.com\/de\/produkt\/blow-airbrush-pens-kaetzchen-surprise-3x\/#breadcrumb\"},\"inLanguage\":\"de\",\"potentialAction\":[{\"@type\":\"ReadAction\",\"target\":[\"https:\/\/ses-creative.com\/de\/produkt\/blow-airbrush-pens-kaetzchen-surprise-3x\/\"]}]},{\"@type\":\"ImageObject\",\"inLanguage\":\"de\",\"@id\":\"https:\/\/ses-creative.com\/de\/produkt\/blow-airbrush-pens-kaetzchen-surprise-3x\/#primaryimage\",\"url\":\"https:\/\/ses-creative.com\/wp-content\/uploads\/2026\/01\/143341.jpg\",\"contentUrl\":\"https:\/\/ses-creative.com\/wp-content\/uploads\/2026\/01\/143341.jpg\",\"width\":1000,\"height\":1000},{\"@type\":\"BreadcrumbList\",\"@id\":\"https:\/\/ses-creative.com\/de\/produkt\/blow-airbrush-pens-kaetzchen-surprise-3x\/#breadcrumb\",\"itemListElement\":[{\"@type\":\"ListItem\",\"position\":1,\"name\":\"Shop\",\"item\":\"https:\/\/ses-creative.com\/de\/shop\/\"},{\"@type\":\"ListItem\",\"position\":2,\"name\":\"Basteln\",\"item\":\"https:\/\/ses-creative.com\/de\/product-categorie\/basteln\/\"},{\"@type\":\"ListItem\",\"position\":3,\"name\":\"Blow airbrush Pens &#8211; K\u00e4tzchen surprise 3x\"}]},{\"@type\":\"WebSite\",\"@id\":\"https:\/\/ses-creative.com\/#website\",\"url\":\"https:\/\/ses-creative.com\/\",\"name\":\"SES Creative\",\"description\":\"\",\"publisher\":{\"@id\":\"https:\/\/ses-creative.com\/#organization\"},\"potentialAction\":[{\"@type\":\"SearchAction\",\"target\":{\"@type\":\"EntryPoint\",\"urlTemplate\":\"https:\/\/ses-creative.com\/?s={search_term_string}\"},\"query-input\":{\"@type\":\"PropertyValueSpecification\",\"valueRequired\":true,\"valueName\":\"search_term_string\"}}],\"inLanguage\":\"de\"},{\"@type\":\"Organization\",\"@id\":\"https:\/\/ses-creative.com\/#organization\",\"name\":\"SES Creative\",\"url\":\"https:\/\/ses-creative.com\/\",\"logo\":{\"@type\":\"ImageObject\",\"inLanguage\":\"de\",\"@id\":\"https:\/\/ses-creative.com\/#\/schema\/logo\/image\/\",\"url\":\"https:\/\/ses-creative.com\/wp-content\/uploads\/2025\/10\/ses-creative-logo.jpg\",\"contentUrl\":\"https:\/\/ses-creative.com\/wp-content\/uploads\/2025\/10\/ses-creative-logo.jpg\",\"width\":2037,\"height\":2037,\"caption\":\"SES Creative\"},\"image\":{\"@id\":\"https:\/\/ses-creative.com\/#\/schema\/logo\/image\/\"}}]}<\/script>\n<!-- \/ Yoast SEO plugin. -->","yoast_head_json":{"title":"Blow airbrush Pens - K\u00e4tzchen surprise 3x - SES Creative","robots":{"index":"index","follow":"follow","max-snippet":"max-snippet:-1","max-image-preview":"max-image-preview:large","max-video-preview":"max-video-preview:-1"},"canonical":"https:\/\/ses-creative.com\/de\/produkt\/blow-airbrush-pens-kaetzchen-surprise-3x\/","og_locale":"de_DE","og_type":"article","og_title":"Blow airbrush Pens - K\u00e4tzchen surprise 3x - SES Creative","og_description":"Blow Airbrush Pens \u2013 Kittens Surprise: Blasen und entdecke s\u00fc\u00dfe K\u00e4tzchen! Erlebe einen magischen Bastelmoment mit den Blow Airbrush Pens \u2013 Kittens Surprise von SES Creative! Blase sanft durch die speziellen Airbrush-Filzstifte und zaubere drei s\u00fc\u00dfe K\u00e4tzchen hervor. Welche K\u00e4tzchen du bekommst? Das ist noch eine \u00dcberraschung! Eine perfekte Aktivit\u00e4t f\u00fcr Kinder ab 5 Jahren, [&hellip;]","og_url":"https:\/\/ses-creative.com\/de\/produkt\/blow-airbrush-pens-kaetzchen-surprise-3x\/","og_site_name":"SES Creative","article_modified_time":"2026-02-06T09:51:41+00:00","twitter_card":"summary_large_image","twitter_misc":{"Gesch\u00e4tzte Lesezeit":"1\u00a0Minute"},"schema":{"@context":"https:\/\/schema.org","@graph":[{"@type":"WebPage","@id":"https:\/\/ses-creative.com\/de\/produkt\/blow-airbrush-pens-kaetzchen-surprise-3x\/","url":"https:\/\/ses-creative.com\/de\/produkt\/blow-airbrush-pens-kaetzchen-surprise-3x\/","name":"Blow airbrush Pens - K\u00e4tzchen surprise 3x - SES Creative","isPartOf":{"@id":"https:\/\/ses-creative.com\/#website"},"primaryImageOfPage":{"@id":"https:\/\/ses-creative.com\/de\/produkt\/blow-airbrush-pens-kaetzchen-surprise-3x\/#primaryimage"},"image":{"@id":"https:\/\/ses-creative.com\/de\/produkt\/blow-airbrush-pens-kaetzchen-surprise-3x\/#primaryimage"},"thumbnailUrl":"https:\/\/ses-creative.com\/wp-content\/uploads\/2026\/01\/143341.jpg","datePublished":"2026-02-05T13:52:44+00:00","dateModified":"2026-02-06T09:51:41+00:00","breadcrumb":{"@id":"https:\/\/ses-creative.com\/de\/produkt\/blow-airbrush-pens-kaetzchen-surprise-3x\/#breadcrumb"},"inLanguage":"de","potentialAction":[{"@type":"ReadAction","target":["https:\/\/ses-creative.com\/de\/produkt\/blow-airbrush-pens-kaetzchen-surprise-3x\/"]}]},{"@type":"ImageObject","inLanguage":"de","@id":"https:\/\/ses-creative.com\/de\/produkt\/blow-airbrush-pens-kaetzchen-surprise-3x\/#primaryimage","url":"https:\/\/ses-creative.com\/wp-content\/uploads\/2026\/01\/143341.jpg","contentUrl":"https:\/\/ses-creative.com\/wp-content\/uploads\/2026\/01\/143341.jpg","width":1000,"height":1000},{"@type":"BreadcrumbList","@id":"https:\/\/ses-creative.com\/de\/produkt\/blow-airbrush-pens-kaetzchen-surprise-3x\/#breadcrumb","itemListElement":[{"@type":"ListItem","position":1,"name":"Shop","item":"https:\/\/ses-creative.com\/de\/shop\/"},{"@type":"ListItem","position":2,"name":"Basteln","item":"https:\/\/ses-creative.com\/de\/product-categorie\/basteln\/"},{"@type":"ListItem","position":3,"name":"Blow airbrush Pens &#8211; K\u00e4tzchen surprise 3x"}]},{"@type":"WebSite","@id":"https:\/\/ses-creative.com\/#website","url":"https:\/\/ses-creative.com\/","name":"SES Creative","description":"","publisher":{"@id":"https:\/\/ses-creative.com\/#organization"},"potentialAction":[{"@type":"SearchAction","target":{"@type":"EntryPoint","urlTemplate":"https:\/\/ses-creative.com\/?s={search_term_string}"},"query-input":{"@type":"PropertyValueSpecification","valueRequired":true,"valueName":"search_term_string"}}],"inLanguage":"de"},{"@type":"Organization","@id":"https:\/\/ses-creative.com\/#organization","name":"SES Creative","url":"https:\/\/ses-creative.com\/","logo":{"@type":"ImageObject","inLanguage":"de","@id":"https:\/\/ses-creative.com\/#\/schema\/logo\/image\/","url":"https:\/\/ses-creative.com\/wp-content\/uploads\/2025\/10\/ses-creative-logo.jpg","contentUrl":"https:\/\/ses-creative.com\/wp-content\/uploads\/2025\/10\/ses-creative-logo.jpg","width":2037,"height":2037,"caption":"SES Creative"},"image":{"@id":"https:\/\/ses-creative.com\/#\/schema\/logo\/image\/"}}]}},"_links":{"self":[{"href":"https:\/\/ses-creative.com\/de\/wp-json\/wp\/v2\/product\/114709","targetHints":{"allow":["GET"]}}],"collection":[{"href":"https:\/\/ses-creative.com\/de\/wp-json\/wp\/v2\/product"}],"about":[{"href":"https:\/\/ses-creative.com\/de\/wp-json\/wp\/v2\/types\/product"}],"replies":[{"embeddable":true,"href":"https:\/\/ses-creative.com\/de\/wp-json\/wp\/v2\/comments?post=114709"}],"wp:featuredmedia":[{"embeddable":true,"href":"https:\/\/ses-creative.com\/de\/wp-json\/wp\/v2\/media\/102736"}],"wp:attachment":[{"href":"https:\/\/ses-creative.com\/de\/wp-json\/wp\/v2\/media?parent=114709"}],"wp:term":[{"taxonomy":"product_brand","embeddable":true,"href":"https:\/\/ses-creative.com\/de\/wp-json\/wp\/v2\/product_brand?post=114709"},{"taxonomy":"product_cat","embeddable":true,"href":"https:\/\/ses-creative.com\/de\/wp-json\/wp\/v2\/product_cat?post=114709"},{"taxonomy":"product_tag","embeddable":true,"href":"https:\/\/ses-creative.com\/de\/wp-json\/wp\/v2\/product_tag?post=114709"}],"curies":[{"name":"wp","href":"https:\/\/api.w.org\/{rel}","templated":true}]}}